{"id":173,"date":"2021-11-18T13:28:14","date_gmt":"2021-11-18T10:28:14","guid":{"rendered":"https:\/\/sites.uef.fi\/mototyhy\/?page_id=173"},"modified":"2021-11-18T13:28:14","modified_gmt":"2021-11-18T10:28:14","slug":"kuvailu-nalan-siirtaminen","status":"publish","type":"page","link":"https:\/\/sites.uef.fi\/mototyhy\/kuvailu-nalan-siirtaminen\/","title":{"rendered":"N\u00e4l\u00e4n siirt\u00e4minen (00:41)"},"content":{"rendered":"\n<p><strong>N\u00e4l\u00e4n siirt\u00e4minen (00:41)<\/strong><\/p>\n\n\n\n<p>Parrakas mies pukeutuu ty\u00f6takkiin. M\u00e4ntymets\u00e4, jossa mets\u00e4kone. Mies laittaa kyp\u00e4r\u00e4n p\u00e4\u00e4h\u00e4n. Mets\u00e4- ja j\u00e4rvimaisema.<\/p>\n\n\n\n<p>Teksti: <em>N\u00e4l\u00e4n siirt\u00e4minen<\/em>.<\/p>\n\n\n\n<p>Kuljettaja hieroo n\u00e4lk\u00e4isen\u00e4 vatsaansa mets\u00e4koneen vieress\u00e4. H\u00e4n alkaa kaivaa ev\u00e4it\u00e4\u00e4n esiin.<\/p>\n\n\n\n<p>Teksti: <em>Proteiinit pit\u00e4\u00e4 kyll\u00e4isen\u00e4. Yhdest\u00e4 kahteen oman k\u00e4mmenen mittaa proteiinia aterialla.<\/em><\/p>\n\n\n\n<p><em>Hiilareilla puhtia p\u00e4iv\u00e4\u00e4n. Yhdest\u00e4 kahteen kourallista tai pari leip\u00e4palaa.<\/em><\/p>\n\n\n\n<p><em>Marjoilla maukkautta mahaan. V\u00e4hint\u00e4\u00e4n puoli kiloa p\u00e4iv\u00e4ss\u00e4.<\/em><\/p>\n\n\n\n<p><em>Vett\u00e4 ruoan huuhteluun. Juo vuoron aikana yhdest\u00e4 kahteen litraa vett\u00e4<\/em>.<\/p>\n\n\n\n<p>Kuljettaja r\u00f6yht\u00e4isee sy\u00f6misen p\u00e4\u00e4tteeksi.<\/p>\n\n\n\n<p>Teksti: <em>Katso seuraavalta videolta lis\u00e4\u00e4 ev\u00e4svinkkej\u00e4<\/em>.<\/p>\n\n\n\n<p><em>Mets\u00e4miesten S\u00e4\u00e4ti\u00f6, University of Eastern Finland<\/em>.<\/p>\n","protected":false},"excerpt":{"rendered":"<p>N\u00e4l\u00e4n siirt\u00e4minen (00:41) Parrakas mies pukeutuu ty\u00f6takkiin. M\u00e4ntymets\u00e4, jossa mets\u00e4kone. Mies laittaa kyp\u00e4r\u00e4n p\u00e4\u00e4h\u00e4n. Mets\u00e4- ja j\u00e4rvimaisema. Teksti: N\u00e4l\u00e4n siirt\u00e4minen. Kuljettaja hieroo n\u00e4lk\u00e4isen\u00e4 vatsaansa mets\u00e4koneen vieress\u00e4. H\u00e4n alkaa kaivaa ev\u00e4it\u00e4\u00e4n esiin. Teksti: Proteiinit pit\u00e4\u00e4 kyll\u00e4isen\u00e4. Yhdest\u00e4 kahteen oman k\u00e4mmenen mittaa proteiinia aterialla. Hiilareilla puhtia p\u00e4iv\u00e4\u00e4n. Yhdest\u00e4 kahteen kourallista tai pari leip\u00e4palaa. Marjoilla maukkautta mahaan. V\u00e4hint\u00e4\u00e4n [&hellip;]<\/p>\n","protected":false},"author":657,"featured_media":0,"parent":0,"menu_order":0,"comment_status":"closed","ping_status":"closed","template":"","meta":{"_acf_changed":false,"footnotes":""},"class_list":["post-173","page","type-page","status-publish","hentry"],"acf":[],"yoast_head":"<!-- This site is optimized with the Yoast SEO plugin v27.1.1 - https:\/\/yoast.com\/product\/yoast-seo-wordpress\/ -->\n<title>N\u00e4l\u00e4n siirt\u00e4minen (00:41) - Ty\u00f6hyvinvointia ja tuottavuutta mets\u00e4koneenkuljettajille<\/title>\n<meta name=\"robots\" content=\"index, follow, max-snippet:-1, max-image-preview:large, max-video-preview:-1\" \/>\n<link rel=\"canonical\" href=\"https:\/\/sites.uef.fi\/mototyhy\/kuvailu-nalan-siirtaminen\/\" \/>\n<meta property=\"og:locale\" content=\"fi_FI\" \/>\n<meta property=\"og:type\" content=\"article\" \/>\n<meta property=\"og:title\" content=\"N\u00e4l\u00e4n siirt\u00e4minen (00:41) - Ty\u00f6hyvinvointia ja tuottavuutta mets\u00e4koneenkuljettajille\" \/>\n<meta property=\"og:description\" content=\"N\u00e4l\u00e4n siirt\u00e4minen (00:41) Parrakas mies pukeutuu ty\u00f6takkiin. M\u00e4ntymets\u00e4, jossa mets\u00e4kone. Mies laittaa kyp\u00e4r\u00e4n p\u00e4\u00e4h\u00e4n. Mets\u00e4- ja j\u00e4rvimaisema. Teksti: N\u00e4l\u00e4n siirt\u00e4minen. Kuljettaja hieroo n\u00e4lk\u00e4isen\u00e4 vatsaansa mets\u00e4koneen vieress\u00e4. H\u00e4n alkaa kaivaa ev\u00e4it\u00e4\u00e4n esiin. Teksti: Proteiinit pit\u00e4\u00e4 kyll\u00e4isen\u00e4. Yhdest\u00e4 kahteen oman k\u00e4mmenen mittaa proteiinia aterialla. Hiilareilla puhtia p\u00e4iv\u00e4\u00e4n. Yhdest\u00e4 kahteen kourallista tai pari leip\u00e4palaa. Marjoilla maukkautta mahaan. V\u00e4hint\u00e4\u00e4n [&hellip;]\" \/>\n<meta property=\"og:url\" content=\"https:\/\/sites.uef.fi\/mototyhy\/kuvailu-nalan-siirtaminen\/\" \/>\n<meta property=\"og:site_name\" content=\"Ty\u00f6hyvinvointia ja tuottavuutta mets\u00e4koneenkuljettajille\" \/>\n<meta name=\"twitter:card\" content=\"summary_large_image\" \/>\n<meta name=\"twitter:label1\" content=\"Arvioitu lukuaika\" \/>\n\t<meta name=\"twitter:data1\" content=\"1 minuutti\" \/>\n<script type=\"application\/ld+json\" class=\"yoast-schema-graph\">{\"@context\":\"https:\/\/schema.org\",\"@graph\":[{\"@type\":\"WebPage\",\"@id\":\"https:\/\/sites.uef.fi\/mototyhy\/kuvailu-nalan-siirtaminen\/\",\"url\":\"https:\/\/sites.uef.fi\/mototyhy\/kuvailu-nalan-siirtaminen\/\",\"name\":\"N\u00e4l\u00e4n siirt\u00e4minen (00:41) - Ty\u00f6hyvinvointia ja tuottavuutta mets\u00e4koneenkuljettajille\",\"isPartOf\":{\"@id\":\"https:\/\/sites.uef.fi\/mototyhy\/#website\"},\"datePublished\":\"2021-11-18T10:28:14+00:00\",\"breadcrumb\":{\"@id\":\"https:\/\/sites.uef.fi\/mototyhy\/kuvailu-nalan-siirtaminen\/#breadcrumb\"},\"inLanguage\":\"fi\",\"potentialAction\":[{\"@type\":\"ReadAction\",\"target\":[\"https:\/\/sites.uef.fi\/mototyhy\/kuvailu-nalan-siirtaminen\/\"]}]},{\"@type\":\"BreadcrumbList\",\"@id\":\"https:\/\/sites.uef.fi\/mototyhy\/kuvailu-nalan-siirtaminen\/#breadcrumb\",\"itemListElement\":[{\"@type\":\"ListItem\",\"position\":1,\"name\":\"Home\",\"item\":\"https:\/\/sites.uef.fi\/mototyhy\/\"},{\"@type\":\"ListItem\",\"position\":2,\"name\":\"N\u00e4l\u00e4n siirt\u00e4minen (00:41)\"}]},{\"@type\":\"WebSite\",\"@id\":\"https:\/\/sites.uef.fi\/mototyhy\/#website\",\"url\":\"https:\/\/sites.uef.fi\/mototyhy\/\",\"name\":\"Ty\u00f6hyvinvointia ja tuottavuutta mets\u00e4koneenkuljettajille\",\"description\":\"\",\"publisher\":{\"@id\":\"https:\/\/sites.uef.fi\/mototyhy\/#organization\"},\"potentialAction\":[{\"@type\":\"SearchAction\",\"target\":{\"@type\":\"EntryPoint\",\"urlTemplate\":\"https:\/\/sites.uef.fi\/mototyhy\/?s={search_term_string}\"},\"query-input\":{\"@type\":\"PropertyValueSpecification\",\"valueRequired\":true,\"valueName\":\"search_term_string\"}}],\"inLanguage\":\"fi\"},{\"@type\":\"Organization\",\"@id\":\"https:\/\/sites.uef.fi\/mototyhy\/#organization\",\"name\":\"Ty\u00f6hyvinvointia ja tuottavuutta mets\u00e4koneenkuljettajille\",\"url\":\"https:\/\/sites.uef.fi\/mototyhy\/\",\"logo\":{\"@type\":\"ImageObject\",\"inLanguage\":\"fi\",\"@id\":\"https:\/\/sites.uef.fi\/mototyhy\/#\/schema\/logo\/image\/\",\"url\":\"https:\/\/sites.uef.fi\/mototyhy\/wp-content\/uploads\/sites\/333\/2021\/11\/UEF-musta-logo-engl-pysty-pieni.jpg\",\"contentUrl\":\"https:\/\/sites.uef.fi\/mototyhy\/wp-content\/uploads\/sites\/333\/2021\/11\/UEF-musta-logo-engl-pysty-pieni.jpg\",\"width\":250,\"height\":250,\"caption\":\"Ty\u00f6hyvinvointia ja tuottavuutta mets\u00e4koneenkuljettajille\"},\"image\":{\"@id\":\"https:\/\/sites.uef.fi\/mototyhy\/#\/schema\/logo\/image\/\"}}]}<\/script>\n<!-- \/ Yoast SEO plugin. -->","yoast_head_json":{"title":"N\u00e4l\u00e4n siirt\u00e4minen (00:41) - Ty\u00f6hyvinvointia ja tuottavuutta mets\u00e4koneenkuljettajille","robots":{"index":"index","follow":"follow","max-snippet":"max-snippet:-1","max-image-preview":"max-image-preview:large","max-video-preview":"max-video-preview:-1"},"canonical":"https:\/\/sites.uef.fi\/mototyhy\/kuvailu-nalan-siirtaminen\/","og_locale":"fi_FI","og_type":"article","og_title":"N\u00e4l\u00e4n siirt\u00e4minen (00:41) - Ty\u00f6hyvinvointia ja tuottavuutta mets\u00e4koneenkuljettajille","og_description":"N\u00e4l\u00e4n siirt\u00e4minen (00:41) Parrakas mies pukeutuu ty\u00f6takkiin. M\u00e4ntymets\u00e4, jossa mets\u00e4kone. Mies laittaa kyp\u00e4r\u00e4n p\u00e4\u00e4h\u00e4n. Mets\u00e4- ja j\u00e4rvimaisema. Teksti: N\u00e4l\u00e4n siirt\u00e4minen. Kuljettaja hieroo n\u00e4lk\u00e4isen\u00e4 vatsaansa mets\u00e4koneen vieress\u00e4. H\u00e4n alkaa kaivaa ev\u00e4it\u00e4\u00e4n esiin. Teksti: Proteiinit pit\u00e4\u00e4 kyll\u00e4isen\u00e4. Yhdest\u00e4 kahteen oman k\u00e4mmenen mittaa proteiinia aterialla. Hiilareilla puhtia p\u00e4iv\u00e4\u00e4n. Yhdest\u00e4 kahteen kourallista tai pari leip\u00e4palaa. Marjoilla maukkautta mahaan. V\u00e4hint\u00e4\u00e4n [&hellip;]","og_url":"https:\/\/sites.uef.fi\/mototyhy\/kuvailu-nalan-siirtaminen\/","og_site_name":"Ty\u00f6hyvinvointia ja tuottavuutta mets\u00e4koneenkuljettajille","twitter_card":"summary_large_image","twitter_misc":{"Arvioitu lukuaika":"1 minuutti"},"schema":{"@context":"https:\/\/schema.org","@graph":[{"@type":"WebPage","@id":"https:\/\/sites.uef.fi\/mototyhy\/kuvailu-nalan-siirtaminen\/","url":"https:\/\/sites.uef.fi\/mototyhy\/kuvailu-nalan-siirtaminen\/","name":"N\u00e4l\u00e4n siirt\u00e4minen (00:41) - Ty\u00f6hyvinvointia ja tuottavuutta mets\u00e4koneenkuljettajille","isPartOf":{"@id":"https:\/\/sites.uef.fi\/mototyhy\/#website"},"datePublished":"2021-11-18T10:28:14+00:00","breadcrumb":{"@id":"https:\/\/sites.uef.fi\/mototyhy\/kuvailu-nalan-siirtaminen\/#breadcrumb"},"inLanguage":"fi","potentialAction":[{"@type":"ReadAction","target":["https:\/\/sites.uef.fi\/mototyhy\/kuvailu-nalan-siirtaminen\/"]}]},{"@type":"BreadcrumbList","@id":"https:\/\/sites.uef.fi\/mototyhy\/kuvailu-nalan-siirtaminen\/#breadcrumb","itemListElement":[{"@type":"ListItem","position":1,"name":"Home","item":"https:\/\/sites.uef.fi\/mototyhy\/"},{"@type":"ListItem","position":2,"name":"N\u00e4l\u00e4n siirt\u00e4minen (00:41)"}]},{"@type":"WebSite","@id":"https:\/\/sites.uef.fi\/mototyhy\/#website","url":"https:\/\/sites.uef.fi\/mototyhy\/","name":"Ty\u00f6hyvinvointia ja tuottavuutta mets\u00e4koneenkuljettajille","description":"","publisher":{"@id":"https:\/\/sites.uef.fi\/mototyhy\/#organization"},"potentialAction":[{"@type":"SearchAction","target":{"@type":"EntryPoint","urlTemplate":"https:\/\/sites.uef.fi\/mototyhy\/?s={search_term_string}"},"query-input":{"@type":"PropertyValueSpecification","valueRequired":true,"valueName":"search_term_string"}}],"inLanguage":"fi"},{"@type":"Organization","@id":"https:\/\/sites.uef.fi\/mototyhy\/#organization","name":"Ty\u00f6hyvinvointia ja tuottavuutta mets\u00e4koneenkuljettajille","url":"https:\/\/sites.uef.fi\/mototyhy\/","logo":{"@type":"ImageObject","inLanguage":"fi","@id":"https:\/\/sites.uef.fi\/mototyhy\/#\/schema\/logo\/image\/","url":"https:\/\/sites.uef.fi\/mototyhy\/wp-content\/uploads\/sites\/333\/2021\/11\/UEF-musta-logo-engl-pysty-pieni.jpg","contentUrl":"https:\/\/sites.uef.fi\/mototyhy\/wp-content\/uploads\/sites\/333\/2021\/11\/UEF-musta-logo-engl-pysty-pieni.jpg","width":250,"height":250,"caption":"Ty\u00f6hyvinvointia ja tuottavuutta mets\u00e4koneenkuljettajille"},"image":{"@id":"https:\/\/sites.uef.fi\/mototyhy\/#\/schema\/logo\/image\/"}}]}},"_links":{"self":[{"href":"https:\/\/sites.uef.fi\/mototyhy\/wp-json\/wp\/v2\/pages\/173","targetHints":{"allow":["GET"]}}],"collection":[{"href":"https:\/\/sites.uef.fi\/mototyhy\/wp-json\/wp\/v2\/pages"}],"about":[{"href":"https:\/\/sites.uef.fi\/mototyhy\/wp-json\/wp\/v2\/types\/page"}],"author":[{"embeddable":true,"href":"https:\/\/sites.uef.fi\/mototyhy\/wp-json\/wp\/v2\/users\/657"}],"replies":[{"embeddable":true,"href":"https:\/\/sites.uef.fi\/mototyhy\/wp-json\/wp\/v2\/comments?post=173"}],"version-history":[{"count":1,"href":"https:\/\/sites.uef.fi\/mototyhy\/wp-json\/wp\/v2\/pages\/173\/revisions"}],"predecessor-version":[{"id":176,"href":"https:\/\/sites.uef.fi\/mototyhy\/wp-json\/wp\/v2\/pages\/173\/revisions\/176"}],"wp:attachment":[{"href":"https:\/\/sites.uef.fi\/mototyhy\/wp-json\/wp\/v2\/media?parent=173"}],"curies":[{"name":"wp","href":"https:\/\/api.w.org\/{rel}","templated":true}]}}