{"id":525,"date":"2021-08-20T16:37:27","date_gmt":"2021-08-20T13:37:27","guid":{"rendered":"https:\/\/sites.uef.fi\/musicsoundwellbeing\/?page_id=525"},"modified":"2021-08-20T16:37:28","modified_gmt":"2021-08-20T13:37:28","slug":"soile-paivikki-hamalainen","status":"publish","type":"page","link":"https:\/\/sites.uef.fi\/musicsoundwellbeing\/soile-paivikki-hamalainen\/","title":{"rendered":"Soile P\u00e4ivikki H\u00e4m\u00e4l\u00e4inen"},"content":{"rendered":"\n<p><strong>Soile P\u00e4ivikki H\u00e4m\u00e4l\u00e4inen: <em>The art of yoik in care: Sami caregivers\u2019 experiences in dementia care in Northern Norway<\/em><\/strong><\/p>\n\n\n\n<p>Purpose: Yoik is the traditional vocal art of the Sami, the indigenous people of Fennoscandia. The Sami people, their land and their culture have been subject to colonisation and assimilation for centuries, hence the practice of yoik was lost in many regions. Despite an increasing awareness of the benefits of health musicking, yoik is only sporadically included in musicking practices in dementia care contexts. Therefore, the purpose of this study is to explore Sami caregivers\u2019 yoik experiences in formal and informal care contexts.<\/p>\n\n\n\n<p>Design: Qualitative in-depth semi-structured interviews with 17 Sami relatives of care receivers, and healthcare professionals. Qualitative content analysis from subthemes to main themes was used to identify themes.<\/p>\n\n\n\n<p>Findings: The research revealed two key findings: 1) yoik enlivens, empowers, induces \u201cgood feelings\u201d and enables reminiscence functions in elderly persons with dementia or impaired overall functioning, 2) yoik is not systematically applied in in-care contexts due to the history and consequences of assimilation and colonisation.<\/p>\n\n\n\n<p>Originality\/value: This study explores some of the consequences of colonisation and assimilation on healthcare services and provides insights into an under-researched topic, the function of yoik as a music-based practice for the well-being of older adults. The study reveals that yoik can act as an attunement tool. Yoik may manifest and enhance connectedness to oneself, to the natural environment and to the community. This type of attunement lies at the heart of person-centered care.<\/p>\n","protected":false},"excerpt":{"rendered":"<p>Soile P\u00e4ivikki H\u00e4m\u00e4l\u00e4inen: The art of yoik in care: Sami caregivers\u2019 experiences in dementia care in Northern Norway Purpose: Yoik is the traditional vocal art of the Sami, the indigenous people of Fennoscandia. The Sami people, their land and their culture have been subject to colonisation and assimilation for centuries, hence the practice of yoik [&hellip;]<\/p>\n","protected":false},"author":572,"featured_media":0,"parent":0,"menu_order":0,"comment_status":"closed","ping_status":"closed","template":"","meta":{"_acf_changed":false,"_monsterinsights_skip_tracking":false,"_monsterinsights_sitenote_active":false,"_monsterinsights_sitenote_note":"","_monsterinsights_sitenote_category":0,"footnotes":""},"class_list":["post-525","page","type-page","status-publish","hentry"],"acf":[],"yoast_head":"<!-- This site is optimized with the Yoast SEO plugin v27.3 - https:\/\/yoast.com\/product\/yoast-seo-wordpress\/ -->\n<title>Soile P\u00e4ivikki H\u00e4m\u00e4l\u00e4inen - Music, Sound and Wellbeing<\/title>\n<meta name=\"robots\" content=\"index, follow, max-snippet:-1, max-image-preview:large, max-video-preview:-1\" \/>\n<link rel=\"canonical\" href=\"https:\/\/sites.uef.fi\/musicsoundwellbeing\/soile-paivikki-hamalainen\/\" \/>\n<meta property=\"og:locale\" content=\"en_US\" \/>\n<meta property=\"og:type\" content=\"article\" \/>\n<meta property=\"og:title\" content=\"Soile P\u00e4ivikki H\u00e4m\u00e4l\u00e4inen - Music, Sound and Wellbeing\" \/>\n<meta property=\"og:description\" content=\"Soile P\u00e4ivikki H\u00e4m\u00e4l\u00e4inen: The art of yoik in care: Sami caregivers\u2019 experiences in dementia care in Northern Norway Purpose: Yoik is the traditional vocal art of the Sami, the indigenous people of Fennoscandia. The Sami people, their land and their culture have been subject to colonisation and assimilation for centuries, hence the practice of yoik [&hellip;]\" \/>\n<meta property=\"og:url\" content=\"https:\/\/sites.uef.fi\/musicsoundwellbeing\/soile-paivikki-hamalainen\/\" \/>\n<meta property=\"og:site_name\" content=\"Music, Sound and Wellbeing\" \/>\n<meta property=\"article:modified_time\" content=\"2021-08-20T13:37:28+00:00\" \/>\n<meta name=\"twitter:card\" content=\"summary_large_image\" \/>\n<meta name=\"twitter:label1\" content=\"Est. reading time\" \/>\n\t<meta name=\"twitter:data1\" content=\"1 minute\" \/>\n<script type=\"application\/ld+json\" class=\"yoast-schema-graph\">{\"@context\":\"https:\\\/\\\/schema.org\",\"@graph\":[{\"@type\":\"WebPage\",\"@id\":\"https:\\\/\\\/sites.uef.fi\\\/musicsoundwellbeing\\\/soile-paivikki-hamalainen\\\/\",\"url\":\"https:\\\/\\\/sites.uef.fi\\\/musicsoundwellbeing\\\/soile-paivikki-hamalainen\\\/\",\"name\":\"Soile P\u00e4ivikki H\u00e4m\u00e4l\u00e4inen - Music, Sound and Wellbeing\",\"isPartOf\":{\"@id\":\"https:\\\/\\\/sites.uef.fi\\\/musicsoundwellbeing\\\/#website\"},\"datePublished\":\"2021-08-20T13:37:27+00:00\",\"dateModified\":\"2021-08-20T13:37:28+00:00\",\"breadcrumb\":{\"@id\":\"https:\\\/\\\/sites.uef.fi\\\/musicsoundwellbeing\\\/soile-paivikki-hamalainen\\\/#breadcrumb\"},\"inLanguage\":\"en-US\",\"potentialAction\":[{\"@type\":\"ReadAction\",\"target\":[\"https:\\\/\\\/sites.uef.fi\\\/musicsoundwellbeing\\\/soile-paivikki-hamalainen\\\/\"]}]},{\"@type\":\"BreadcrumbList\",\"@id\":\"https:\\\/\\\/sites.uef.fi\\\/musicsoundwellbeing\\\/soile-paivikki-hamalainen\\\/#breadcrumb\",\"itemListElement\":[{\"@type\":\"ListItem\",\"position\":1,\"name\":\"Home\",\"item\":\"https:\\\/\\\/sites.uef.fi\\\/musicsoundwellbeing\\\/\"},{\"@type\":\"ListItem\",\"position\":2,\"name\":\"Soile P\u00e4ivikki H\u00e4m\u00e4l\u00e4inen\"}]},{\"@type\":\"WebSite\",\"@id\":\"https:\\\/\\\/sites.uef.fi\\\/musicsoundwellbeing\\\/#website\",\"url\":\"https:\\\/\\\/sites.uef.fi\\\/musicsoundwellbeing\\\/\",\"name\":\"Music, Sound and Wellbeing\",\"description\":\"\",\"potentialAction\":[{\"@type\":\"SearchAction\",\"target\":{\"@type\":\"EntryPoint\",\"urlTemplate\":\"https:\\\/\\\/sites.uef.fi\\\/musicsoundwellbeing\\\/?s={search_term_string}\"},\"query-input\":{\"@type\":\"PropertyValueSpecification\",\"valueRequired\":true,\"valueName\":\"search_term_string\"}}],\"inLanguage\":\"en-US\"}]}<\/script>\n<!-- \/ Yoast SEO plugin. -->","yoast_head_json":{"title":"Soile P\u00e4ivikki H\u00e4m\u00e4l\u00e4inen - Music, Sound and Wellbeing","robots":{"index":"index","follow":"follow","max-snippet":"max-snippet:-1","max-image-preview":"max-image-preview:large","max-video-preview":"max-video-preview:-1"},"canonical":"https:\/\/sites.uef.fi\/musicsoundwellbeing\/soile-paivikki-hamalainen\/","og_locale":"en_US","og_type":"article","og_title":"Soile P\u00e4ivikki H\u00e4m\u00e4l\u00e4inen - Music, Sound and Wellbeing","og_description":"Soile P\u00e4ivikki H\u00e4m\u00e4l\u00e4inen: The art of yoik in care: Sami caregivers\u2019 experiences in dementia care in Northern Norway Purpose: Yoik is the traditional vocal art of the Sami, the indigenous people of Fennoscandia. The Sami people, their land and their culture have been subject to colonisation and assimilation for centuries, hence the practice of yoik [&hellip;]","og_url":"https:\/\/sites.uef.fi\/musicsoundwellbeing\/soile-paivikki-hamalainen\/","og_site_name":"Music, Sound and Wellbeing","article_modified_time":"2021-08-20T13:37:28+00:00","twitter_card":"summary_large_image","twitter_misc":{"Est. reading time":"1 minute"},"schema":{"@context":"https:\/\/schema.org","@graph":[{"@type":"WebPage","@id":"https:\/\/sites.uef.fi\/musicsoundwellbeing\/soile-paivikki-hamalainen\/","url":"https:\/\/sites.uef.fi\/musicsoundwellbeing\/soile-paivikki-hamalainen\/","name":"Soile P\u00e4ivikki H\u00e4m\u00e4l\u00e4inen - Music, Sound and Wellbeing","isPartOf":{"@id":"https:\/\/sites.uef.fi\/musicsoundwellbeing\/#website"},"datePublished":"2021-08-20T13:37:27+00:00","dateModified":"2021-08-20T13:37:28+00:00","breadcrumb":{"@id":"https:\/\/sites.uef.fi\/musicsoundwellbeing\/soile-paivikki-hamalainen\/#breadcrumb"},"inLanguage":"en-US","potentialAction":[{"@type":"ReadAction","target":["https:\/\/sites.uef.fi\/musicsoundwellbeing\/soile-paivikki-hamalainen\/"]}]},{"@type":"BreadcrumbList","@id":"https:\/\/sites.uef.fi\/musicsoundwellbeing\/soile-paivikki-hamalainen\/#breadcrumb","itemListElement":[{"@type":"ListItem","position":1,"name":"Home","item":"https:\/\/sites.uef.fi\/musicsoundwellbeing\/"},{"@type":"ListItem","position":2,"name":"Soile P\u00e4ivikki H\u00e4m\u00e4l\u00e4inen"}]},{"@type":"WebSite","@id":"https:\/\/sites.uef.fi\/musicsoundwellbeing\/#website","url":"https:\/\/sites.uef.fi\/musicsoundwellbeing\/","name":"Music, Sound and Wellbeing","description":"","potentialAction":[{"@type":"SearchAction","target":{"@type":"EntryPoint","urlTemplate":"https:\/\/sites.uef.fi\/musicsoundwellbeing\/?s={search_term_string}"},"query-input":{"@type":"PropertyValueSpecification","valueRequired":true,"valueName":"search_term_string"}}],"inLanguage":"en-US"}]}},"_links":{"self":[{"href":"https:\/\/sites.uef.fi\/musicsoundwellbeing\/wp-json\/wp\/v2\/pages\/525","targetHints":{"allow":["GET"]}}],"collection":[{"href":"https:\/\/sites.uef.fi\/musicsoundwellbeing\/wp-json\/wp\/v2\/pages"}],"about":[{"href":"https:\/\/sites.uef.fi\/musicsoundwellbeing\/wp-json\/wp\/v2\/types\/page"}],"author":[{"embeddable":true,"href":"https:\/\/sites.uef.fi\/musicsoundwellbeing\/wp-json\/wp\/v2\/users\/572"}],"replies":[{"embeddable":true,"href":"https:\/\/sites.uef.fi\/musicsoundwellbeing\/wp-json\/wp\/v2\/comments?post=525"}],"version-history":[{"count":1,"href":"https:\/\/sites.uef.fi\/musicsoundwellbeing\/wp-json\/wp\/v2\/pages\/525\/revisions"}],"predecessor-version":[{"id":528,"href":"https:\/\/sites.uef.fi\/musicsoundwellbeing\/wp-json\/wp\/v2\/pages\/525\/revisions\/528"}],"wp:attachment":[{"href":"https:\/\/sites.uef.fi\/musicsoundwellbeing\/wp-json\/wp\/v2\/media?parent=525"}],"curies":[{"name":"wp","href":"https:\/\/api.w.org\/{rel}","templated":true}]}}