{"id":84,"date":"2020-12-22T15:56:26","date_gmt":"2020-12-22T13:56:26","guid":{"rendered":"https:\/\/sites.uef.fi\/musicsoundwellbeing\/?page_id=84"},"modified":"2021-09-09T11:47:30","modified_gmt":"2021-09-09T08:47:30","slug":"program","status":"publish","type":"page","link":"https:\/\/sites.uef.fi\/musicsoundwellbeing\/program\/","title":{"rendered":"Program"},"content":{"rendered":"\n<p class=\"has-small-font-size\"><em>Please note, the program is in Finnish time (UTC\/GMT +3 hours)<\/em><\/p>\n\n\n\n<p><strong>Thu 9th Sep<\/strong><\/p>\n\n\n\n<p>10:00 am Welcome, Keynote session: <a href=\"https:\/\/sites.uef.fi\/musicsoundwellbeing\/budhaditya-chattopadhyay\/\" data-type=\"URL\" data-id=\"https:\/\/sites.uef.fi\/musicsoundwellbeing\/budhaditya-chattopadhyay\/\">Budhaditya Chattopadhyay<\/a>: <em>Hyper- and Co-listening: Thoughts on Sound, Selfhood, Solidarity, and Solace<\/em><\/p>\n\n\n\n<p>11:00 am Workshop: <a href=\"https:\/\/sites.uef.fi\/musicsoundwellbeing\/petri-berndtson-saara-maija-strandman\/\" data-type=\"URL\" data-id=\"https:\/\/sites.uef.fi\/musicsoundwellbeing\/petri-berndtson-saara-maija-strandman\/\">Petri Berndtson &amp; Saara-Maija Strandman, Breathing<\/a><\/p>\n\n\n\n<p>12:00 pm Lunch break (zoom open for free chat)<\/p>\n\n\n\n<p>12:45 pm Presentations: Tradition and listening<br><a href=\"https:\/\/sites.uef.fi\/musicsoundwellbeing\/riitta-rainio-noora-vikman\/\" data-type=\"URL\" data-id=\"https:\/\/sites.uef.fi\/musicsoundwellbeing\/riitta-rainio-noora-vikman\/\">Riitta Rainio &amp; Noora Vikman<\/a>,  <a href=\"https:\/\/sites.uef.fi\/musicsoundwellbeing\/elina-hytonen-ng\/\">Elina Hyt\u00f6nen-Ng<\/a>,<br><a href=\"https:\/\/sites.uef.fi\/musicsoundwellbeing\/soile-paivikki-hamalainen\/\" data-type=\"URL\" data-id=\"https:\/\/sites.uef.fi\/musicsoundwellbeing\/soile-paivikki-hamalainen\/\">Soile P\u00e4ivikki H\u00e4m\u00e4l\u00e4inen<\/a><\/p>\n\n\n\n<p>2:45 pm 15min pause<\/p>\n\n\n\n<p>3:00 pm Keynote session, <a href=\"https:\/\/sites.uef.fi\/musicsoundwellbeing\/fernando-coimbra\/\" data-type=\"URL\" data-id=\"https:\/\/sites.uef.fi\/musicsoundwellbeing\/fernando-coimbra\/\">Fernando Coimbra<\/a>: \u201c<em>Sound resonance in sacred places and mind\/body experiences<\/em>\u201d and a panel discussion about Archeoacoustics. <br>Free discussion till 5:00 pm. <\/p>\n\n\n\n<p><\/p>\n\n\n\n<p><strong>Fri 10th Sep<\/strong><\/p>\n\n\n\n<p>10:00 am Good morning, <a href=\"https:\/\/sites.uef.fi\/musicsoundwellbeing\/cultural-wellbeing\/\" data-type=\"URL\" data-id=\"https:\/\/sites.uef.fi\/musicsoundwellbeing\/cultural-wellbeing\/\">Panel discussion: Cultural wellbeing<\/a><br>Taru T\u00e4hti, Pauliina Lapio, Merja Pennanen<br>Chair Pia Houni<\/p>\n\n\n\n<p>11:00 am Workshop: <a href=\"https:\/\/sites.uef.fi\/musicsoundwellbeing\/peter-appel\/\">Peter Appel, Movingness<\/a>: Let your seashell sing. The body and sound.<\/p>\n\n\n\n<p>12:00 pm Lunch break (zoom open for free chat)<\/p>\n\n\n\n<p>12:45 pm Presentations: Sound and therapy<br><a href=\"https:\/\/sites.uef.fi\/musicsoundwellbeing\/sari-laitinen\/\" data-type=\"URL\" data-id=\"https:\/\/sites.uef.fi\/musicsoundwellbeing\/sari-laitinen\/\">Sari Laitinen<\/a>, <a href=\"https:\/\/sites.uef.fi\/musicsoundwellbeing\/eija-liisa-sokka-meaney\/\">Eija Liisa Sokka-Meaney<\/a>,<br><a href=\"https:\/\/sites.uef.fi\/musicsoundwellbeing\/hilkka-liisa-vuori-johanna-korhonen\/\">Hilkka-Liisa Vuori &amp; Johanna Korhonen<\/a><\/p>\n\n\n\n<p>2:45 pm 15min pause<\/p>\n\n\n\n<p>3:00 pm Concluding words<\/p>\n\n\n\n<p>3:15 pm <a href=\"https:\/\/sites.uef.fi\/musicsoundwellbeing\/immersive-sound\/\" data-type=\"URL\" data-id=\"https:\/\/sites.uef.fi\/musicsoundwellbeing\/immersive-sound\/\">Panel discussion: Immersive sound<\/a><br>Michael B\u00f6ger, Budhaditya Chattopadhyay, Antti Ikonen, Markus Pesonen<br>Chair Noora Vikman<br>Free discussion continues till 5 pm.<\/p>\n","protected":false},"excerpt":{"rendered":"<p>Please note, the program is in Finnish time (UTC\/GMT +3 hours) Thu 9th Sep 10:00 am Welcome, Keynote session: Budhaditya Chattopadhyay: Hyper- and Co-listening: Thoughts on Sound, Selfhood, Solidarity, and Solace 11:00 am Workshop: Petri Berndtson &amp; Saara-Maija Strandman, Breathing 12:00 pm Lunch break (zoom open for free chat) 12:45 pm Presentations: Tradition and listeningRiitta [&hellip;]<\/p>\n","protected":false},"author":423,"featured_media":0,"parent":0,"menu_order":0,"comment_status":"closed","ping_status":"closed","template":"","meta":{"_acf_changed":false,"_monsterinsights_skip_tracking":false,"_monsterinsights_sitenote_active":false,"_monsterinsights_sitenote_note":"","_monsterinsights_sitenote_category":0,"footnotes":""},"class_list":["post-84","page","type-page","status-publish","hentry"],"acf":[],"yoast_head":"<!-- This site is optimized with the Yoast SEO plugin v27.1.1 - https:\/\/yoast.com\/product\/yoast-seo-wordpress\/ -->\n<title>Program - Music, Sound and Wellbeing<\/title>\n<meta name=\"robots\" content=\"index, follow, max-snippet:-1, max-image-preview:large, max-video-preview:-1\" \/>\n<link rel=\"canonical\" href=\"https:\/\/sites.uef.fi\/musicsoundwellbeing\/program\/\" \/>\n<meta property=\"og:locale\" content=\"en_US\" \/>\n<meta property=\"og:type\" content=\"article\" \/>\n<meta property=\"og:title\" content=\"Program - Music, Sound and Wellbeing\" \/>\n<meta property=\"og:description\" content=\"Please note, the program is in Finnish time (UTC\/GMT +3 hours) Thu 9th Sep 10:00 am Welcome, Keynote session: Budhaditya Chattopadhyay: Hyper- and Co-listening: Thoughts on Sound, Selfhood, Solidarity, and Solace 11:00 am Workshop: Petri Berndtson &amp; Saara-Maija Strandman, Breathing 12:00 pm Lunch break (zoom open for free chat) 12:45 pm Presentations: Tradition and listeningRiitta [&hellip;]\" \/>\n<meta property=\"og:url\" content=\"https:\/\/sites.uef.fi\/musicsoundwellbeing\/program\/\" \/>\n<meta property=\"og:site_name\" content=\"Music, Sound and Wellbeing\" \/>\n<meta property=\"article:modified_time\" content=\"2021-09-09T08:47:30+00:00\" \/>\n<meta name=\"twitter:card\" content=\"summary_large_image\" \/>\n<meta name=\"twitter:label1\" content=\"Est. reading time\" \/>\n\t<meta name=\"twitter:data1\" content=\"1 minute\" \/>\n<script type=\"application\/ld+json\" class=\"yoast-schema-graph\">{\"@context\":\"https:\/\/schema.org\",\"@graph\":[{\"@type\":\"WebPage\",\"@id\":\"https:\/\/sites.uef.fi\/musicsoundwellbeing\/program\/\",\"url\":\"https:\/\/sites.uef.fi\/musicsoundwellbeing\/program\/\",\"name\":\"Program - Music, Sound and Wellbeing\",\"isPartOf\":{\"@id\":\"https:\/\/sites.uef.fi\/musicsoundwellbeing\/#website\"},\"datePublished\":\"2020-12-22T13:56:26+00:00\",\"dateModified\":\"2021-09-09T08:47:30+00:00\",\"breadcrumb\":{\"@id\":\"https:\/\/sites.uef.fi\/musicsoundwellbeing\/program\/#breadcrumb\"},\"inLanguage\":\"en-US\",\"potentialAction\":[{\"@type\":\"ReadAction\",\"target\":[\"https:\/\/sites.uef.fi\/musicsoundwellbeing\/program\/\"]}]},{\"@type\":\"BreadcrumbList\",\"@id\":\"https:\/\/sites.uef.fi\/musicsoundwellbeing\/program\/#breadcrumb\",\"itemListElement\":[{\"@type\":\"ListItem\",\"position\":1,\"name\":\"Home\",\"item\":\"https:\/\/sites.uef.fi\/musicsoundwellbeing\/\"},{\"@type\":\"ListItem\",\"position\":2,\"name\":\"Program\"}]},{\"@type\":\"WebSite\",\"@id\":\"https:\/\/sites.uef.fi\/musicsoundwellbeing\/#website\",\"url\":\"https:\/\/sites.uef.fi\/musicsoundwellbeing\/\",\"name\":\"Music, Sound and Wellbeing\",\"description\":\"\",\"potentialAction\":[{\"@type\":\"SearchAction\",\"target\":{\"@type\":\"EntryPoint\",\"urlTemplate\":\"https:\/\/sites.uef.fi\/musicsoundwellbeing\/?s={search_term_string}\"},\"query-input\":{\"@type\":\"PropertyValueSpecification\",\"valueRequired\":true,\"valueName\":\"search_term_string\"}}],\"inLanguage\":\"en-US\"}]}<\/script>\n<!-- \/ Yoast SEO plugin. -->","yoast_head_json":{"title":"Program - Music, Sound and Wellbeing","robots":{"index":"index","follow":"follow","max-snippet":"max-snippet:-1","max-image-preview":"max-image-preview:large","max-video-preview":"max-video-preview:-1"},"canonical":"https:\/\/sites.uef.fi\/musicsoundwellbeing\/program\/","og_locale":"en_US","og_type":"article","og_title":"Program - Music, Sound and Wellbeing","og_description":"Please note, the program is in Finnish time (UTC\/GMT +3 hours) Thu 9th Sep 10:00 am Welcome, Keynote session: Budhaditya Chattopadhyay: Hyper- and Co-listening: Thoughts on Sound, Selfhood, Solidarity, and Solace 11:00 am Workshop: Petri Berndtson &amp; Saara-Maija Strandman, Breathing 12:00 pm Lunch break (zoom open for free chat) 12:45 pm Presentations: Tradition and listeningRiitta [&hellip;]","og_url":"https:\/\/sites.uef.fi\/musicsoundwellbeing\/program\/","og_site_name":"Music, Sound and Wellbeing","article_modified_time":"2021-09-09T08:47:30+00:00","twitter_card":"summary_large_image","twitter_misc":{"Est. reading time":"1 minute"},"schema":{"@context":"https:\/\/schema.org","@graph":[{"@type":"WebPage","@id":"https:\/\/sites.uef.fi\/musicsoundwellbeing\/program\/","url":"https:\/\/sites.uef.fi\/musicsoundwellbeing\/program\/","name":"Program - Music, Sound and Wellbeing","isPartOf":{"@id":"https:\/\/sites.uef.fi\/musicsoundwellbeing\/#website"},"datePublished":"2020-12-22T13:56:26+00:00","dateModified":"2021-09-09T08:47:30+00:00","breadcrumb":{"@id":"https:\/\/sites.uef.fi\/musicsoundwellbeing\/program\/#breadcrumb"},"inLanguage":"en-US","potentialAction":[{"@type":"ReadAction","target":["https:\/\/sites.uef.fi\/musicsoundwellbeing\/program\/"]}]},{"@type":"BreadcrumbList","@id":"https:\/\/sites.uef.fi\/musicsoundwellbeing\/program\/#breadcrumb","itemListElement":[{"@type":"ListItem","position":1,"name":"Home","item":"https:\/\/sites.uef.fi\/musicsoundwellbeing\/"},{"@type":"ListItem","position":2,"name":"Program"}]},{"@type":"WebSite","@id":"https:\/\/sites.uef.fi\/musicsoundwellbeing\/#website","url":"https:\/\/sites.uef.fi\/musicsoundwellbeing\/","name":"Music, Sound and Wellbeing","description":"","potentialAction":[{"@type":"SearchAction","target":{"@type":"EntryPoint","urlTemplate":"https:\/\/sites.uef.fi\/musicsoundwellbeing\/?s={search_term_string}"},"query-input":{"@type":"PropertyValueSpecification","valueRequired":true,"valueName":"search_term_string"}}],"inLanguage":"en-US"}]}},"_links":{"self":[{"href":"https:\/\/sites.uef.fi\/musicsoundwellbeing\/wp-json\/wp\/v2\/pages\/84","targetHints":{"allow":["GET"]}}],"collection":[{"href":"https:\/\/sites.uef.fi\/musicsoundwellbeing\/wp-json\/wp\/v2\/pages"}],"about":[{"href":"https:\/\/sites.uef.fi\/musicsoundwellbeing\/wp-json\/wp\/v2\/types\/page"}],"author":[{"embeddable":true,"href":"https:\/\/sites.uef.fi\/musicsoundwellbeing\/wp-json\/wp\/v2\/users\/423"}],"replies":[{"embeddable":true,"href":"https:\/\/sites.uef.fi\/musicsoundwellbeing\/wp-json\/wp\/v2\/comments?post=84"}],"version-history":[{"count":2,"href":"https:\/\/sites.uef.fi\/musicsoundwellbeing\/wp-json\/wp\/v2\/pages\/84\/revisions"}],"predecessor-version":[{"id":792,"href":"https:\/\/sites.uef.fi\/musicsoundwellbeing\/wp-json\/wp\/v2\/pages\/84\/revisions\/792"}],"wp:attachment":[{"href":"https:\/\/sites.uef.fi\/musicsoundwellbeing\/wp-json\/wp\/v2\/media?parent=84"}],"curies":[{"name":"wp","href":"https:\/\/api.w.org\/{rel}","templated":true}]}}