{"id":3348,"date":"2023-06-12T16:33:09","date_gmt":"2023-06-12T13:33:09","guid":{"rendered":"https:\/\/sites.uef.fi\/neuro-innovation\/?page_id=3348"},"modified":"2025-08-06T11:14:38","modified_gmt":"2025-08-06T08:14:38","slug":"doctoral-studies-group","status":"publish","type":"page","link":"https:\/\/sites.uef.fi\/neuro-innovation\/doctoral-studies-group\/","title":{"rendered":"Doctoral Studies Group"},"content":{"rendered":"\n<p>Our Doctoral Studies Group members are:<\/p>\n\n\n\n<p><em>Supervisors of Neuro-Innovation&#8217;s doctoral researchers<\/em><\/p>\n\n\n\n<ul class=\"wp-block-list\">\n<li>Pauli Miettinen (Jussi Tohka)\u202f&nbsp;\u200b<\/li>\n\n\n\n<li>Elisa Tiilikainen (Anna M\u00e4ki-Pet\u00e4j\u00e4-Leinonen)\u202f&nbsp;\u200b<\/li>\n\n\n\n<li>P\u00e4ivi Eriksson (Simcha&nbsp;Jong)\u202f&nbsp;\u200b<\/li>\n\n\n\n<li>Katja Kanninen (P\u00e4ivi Eriksson)\u202f&nbsp;\u200b<\/li>\n\n\n\n<li>Tarja Malm (Ville Leinonen)\u202f&nbsp;\u200b<\/li>\n\n\n\n<li>Noora Puhakka (Jussi Tohka)\u202f&nbsp;\u200b<\/li>\n\n\n\n<li>Annakaisa Haapasalo (Mikko Hiltunen)\u202f&nbsp;\u200b<\/li>\n\n\n\n<li>Riikka Martikainen (Reetta K\u00e4lvi\u00e4inen)\u202f&nbsp;\u200b<\/li>\n\n\n\n<li>Reetta K\u00e4lvi\u00e4inen (Alejandra Sierra Lopez)\u202f&nbsp;\u200b<\/li>\n\n\n\n<li>Anna M\u00e4ki-Pet\u00e4j\u00e4-Leinonen (Kaijus&nbsp;Ervasti)\u202f&nbsp;\u200b<\/li>\n\n\n\n<li>Ville Kolehmainen (Olli&nbsp;Gr\u00f6hn),&nbsp;chair&nbsp;of DSG\u200b<\/li>\n\n\n\n<li>Heikki Tanila (Olli&nbsp;Gr\u00f6hn)\u202f&nbsp;\u200b<\/li>\n\n\n\n<li>Alejandra Sierra Lopez (Jussi Tohka)\u202f&nbsp;\u200b<\/li>\n\n\n\n<li>Tero Montonen (Alina Solomon)\u202f&nbsp;\u200b<\/li>\n<\/ul>\n\n\n\n<p><em>Doctoral reseachers&#8217; representatives (2025)<\/em><\/p>\n\n\n\n<ul class=\"wp-block-list\">\n<li>Andrius Penkauskas<\/li>\n\n\n\n<li>Elena Ppali<\/li>\n<\/ul>\n\n\n\n<p><em>Other members&nbsp;\u200b<\/em><\/p>\n\n\n\n<ul class=\"wp-block-list\">\n<li>Merja Lyytik\u00e4inen,\u00a0Coordinator\u00a0of UEF\u00a0Doctoral\u00a0School\u00a0<\/li>\n\n\n\n<li>Ilpo Kuronen, Reagena Oy (Intersectoral\u00a0expert)\u00a0\u200b<\/li>\n\n\n\n<li>Piritta Parkkari,&nbsp;Impact&nbsp;Manager&nbsp;(Neuro-Innovation PhD Programme)<\/li>\n<\/ul>\n\n\n\n<p>&nbsp;\u200b<\/p>\n\n\n\n<p>\u200b<\/p>\n","protected":false},"excerpt":{"rendered":"<p>Our Doctoral Studies Group members are: Supervisors of Neuro-Innovation&#8217;s doctoral researchers Doctoral reseachers&#8217; representatives (2025) Other members&nbsp;\u200b &nbsp;\u200b \u200b<\/p>\n","protected":false},"author":860,"featured_media":0,"parent":0,"menu_order":0,"comment_status":"closed","ping_status":"closed","template":"","meta":{"_acf_changed":false,"_monsterinsights_skip_tracking":false,"_monsterinsights_sitenote_active":false,"_monsterinsights_sitenote_note":"","_monsterinsights_sitenote_category":0,"footnotes":""},"class_list":["post-3348","page","type-page","status-publish","hentry"],"acf":[],"yoast_head":"<!-- This site is optimized with the Yoast SEO plugin v27.3 - https:\/\/yoast.com\/product\/yoast-seo-wordpress\/ -->\n<title>Doctoral Studies Group - MSCA Horizon 2020 Neuro-Innovation PhD programme<\/title>\n<meta name=\"robots\" content=\"index, follow, max-snippet:-1, max-image-preview:large, max-video-preview:-1\" \/>\n<link rel=\"canonical\" href=\"https:\/\/sites.uef.fi\/neuro-innovation\/doctoral-studies-group\/\" \/>\n<meta property=\"og:locale\" content=\"en_US\" \/>\n<meta property=\"og:type\" content=\"article\" \/>\n<meta property=\"og:title\" content=\"Doctoral Studies Group - MSCA Horizon 2020 Neuro-Innovation PhD programme\" \/>\n<meta property=\"og:description\" content=\"Our Doctoral Studies Group members are: Supervisors of Neuro-Innovation&#8217;s doctoral researchers Doctoral reseachers&#8217; representatives (2025) Other members&nbsp;\u200b &nbsp;\u200b \u200b\" \/>\n<meta property=\"og:url\" content=\"https:\/\/sites.uef.fi\/neuro-innovation\/doctoral-studies-group\/\" \/>\n<meta property=\"og:site_name\" content=\"MSCA Horizon 2020 Neuro-Innovation PhD programme\" \/>\n<meta property=\"article:modified_time\" content=\"2025-08-06T08:14:38+00:00\" \/>\n<meta name=\"twitter:card\" content=\"summary_large_image\" \/>\n<meta name=\"twitter:label1\" content=\"Est. reading time\" \/>\n\t<meta name=\"twitter:data1\" content=\"1 minute\" \/>\n<script type=\"application\/ld+json\" class=\"yoast-schema-graph\">{\"@context\":\"https:\\\/\\\/schema.org\",\"@graph\":[{\"@type\":\"WebPage\",\"@id\":\"https:\\\/\\\/sites.uef.fi\\\/neuro-innovation\\\/doctoral-studies-group\\\/\",\"url\":\"https:\\\/\\\/sites.uef.fi\\\/neuro-innovation\\\/doctoral-studies-group\\\/\",\"name\":\"Doctoral Studies Group - MSCA Horizon 2020 Neuro-Innovation PhD programme\",\"isPartOf\":{\"@id\":\"https:\\\/\\\/sites.uef.fi\\\/neuro-innovation\\\/#website\"},\"datePublished\":\"2023-06-12T13:33:09+00:00\",\"dateModified\":\"2025-08-06T08:14:38+00:00\",\"breadcrumb\":{\"@id\":\"https:\\\/\\\/sites.uef.fi\\\/neuro-innovation\\\/doctoral-studies-group\\\/#breadcrumb\"},\"inLanguage\":\"en-US\",\"potentialAction\":[{\"@type\":\"ReadAction\",\"target\":[\"https:\\\/\\\/sites.uef.fi\\\/neuro-innovation\\\/doctoral-studies-group\\\/\"]}]},{\"@type\":\"BreadcrumbList\",\"@id\":\"https:\\\/\\\/sites.uef.fi\\\/neuro-innovation\\\/doctoral-studies-group\\\/#breadcrumb\",\"itemListElement\":[{\"@type\":\"ListItem\",\"position\":1,\"name\":\"Home\",\"item\":\"https:\\\/\\\/sites.uef.fi\\\/neuro-innovation\\\/\"},{\"@type\":\"ListItem\",\"position\":2,\"name\":\"Doctoral Studies Group\"}]},{\"@type\":\"WebSite\",\"@id\":\"https:\\\/\\\/sites.uef.fi\\\/neuro-innovation\\\/#website\",\"url\":\"https:\\\/\\\/sites.uef.fi\\\/neuro-innovation\\\/\",\"name\":\"MSCA Horizon 2020 Neuro-Innovation PhD programme\",\"description\":\"\",\"potentialAction\":[{\"@type\":\"SearchAction\",\"target\":{\"@type\":\"EntryPoint\",\"urlTemplate\":\"https:\\\/\\\/sites.uef.fi\\\/neuro-innovation\\\/?s={search_term_string}\"},\"query-input\":{\"@type\":\"PropertyValueSpecification\",\"valueRequired\":true,\"valueName\":\"search_term_string\"}}],\"inLanguage\":\"en-US\"}]}<\/script>\n<!-- \/ Yoast SEO plugin. -->","yoast_head_json":{"title":"Doctoral Studies Group - MSCA Horizon 2020 Neuro-Innovation PhD programme","robots":{"index":"index","follow":"follow","max-snippet":"max-snippet:-1","max-image-preview":"max-image-preview:large","max-video-preview":"max-video-preview:-1"},"canonical":"https:\/\/sites.uef.fi\/neuro-innovation\/doctoral-studies-group\/","og_locale":"en_US","og_type":"article","og_title":"Doctoral Studies Group - MSCA Horizon 2020 Neuro-Innovation PhD programme","og_description":"Our Doctoral Studies Group members are: Supervisors of Neuro-Innovation&#8217;s doctoral researchers Doctoral reseachers&#8217; representatives (2025) Other members&nbsp;\u200b &nbsp;\u200b \u200b","og_url":"https:\/\/sites.uef.fi\/neuro-innovation\/doctoral-studies-group\/","og_site_name":"MSCA Horizon 2020 Neuro-Innovation PhD programme","article_modified_time":"2025-08-06T08:14:38+00:00","twitter_card":"summary_large_image","twitter_misc":{"Est. reading time":"1 minute"},"schema":{"@context":"https:\/\/schema.org","@graph":[{"@type":"WebPage","@id":"https:\/\/sites.uef.fi\/neuro-innovation\/doctoral-studies-group\/","url":"https:\/\/sites.uef.fi\/neuro-innovation\/doctoral-studies-group\/","name":"Doctoral Studies Group - MSCA Horizon 2020 Neuro-Innovation PhD programme","isPartOf":{"@id":"https:\/\/sites.uef.fi\/neuro-innovation\/#website"},"datePublished":"2023-06-12T13:33:09+00:00","dateModified":"2025-08-06T08:14:38+00:00","breadcrumb":{"@id":"https:\/\/sites.uef.fi\/neuro-innovation\/doctoral-studies-group\/#breadcrumb"},"inLanguage":"en-US","potentialAction":[{"@type":"ReadAction","target":["https:\/\/sites.uef.fi\/neuro-innovation\/doctoral-studies-group\/"]}]},{"@type":"BreadcrumbList","@id":"https:\/\/sites.uef.fi\/neuro-innovation\/doctoral-studies-group\/#breadcrumb","itemListElement":[{"@type":"ListItem","position":1,"name":"Home","item":"https:\/\/sites.uef.fi\/neuro-innovation\/"},{"@type":"ListItem","position":2,"name":"Doctoral Studies Group"}]},{"@type":"WebSite","@id":"https:\/\/sites.uef.fi\/neuro-innovation\/#website","url":"https:\/\/sites.uef.fi\/neuro-innovation\/","name":"MSCA Horizon 2020 Neuro-Innovation PhD programme","description":"","potentialAction":[{"@type":"SearchAction","target":{"@type":"EntryPoint","urlTemplate":"https:\/\/sites.uef.fi\/neuro-innovation\/?s={search_term_string}"},"query-input":{"@type":"PropertyValueSpecification","valueRequired":true,"valueName":"search_term_string"}}],"inLanguage":"en-US"}]}},"_links":{"self":[{"href":"https:\/\/sites.uef.fi\/neuro-innovation\/wp-json\/wp\/v2\/pages\/3348","targetHints":{"allow":["GET"]}}],"collection":[{"href":"https:\/\/sites.uef.fi\/neuro-innovation\/wp-json\/wp\/v2\/pages"}],"about":[{"href":"https:\/\/sites.uef.fi\/neuro-innovation\/wp-json\/wp\/v2\/types\/page"}],"author":[{"embeddable":true,"href":"https:\/\/sites.uef.fi\/neuro-innovation\/wp-json\/wp\/v2\/users\/860"}],"replies":[{"embeddable":true,"href":"https:\/\/sites.uef.fi\/neuro-innovation\/wp-json\/wp\/v2\/comments?post=3348"}],"version-history":[{"count":1,"href":"https:\/\/sites.uef.fi\/neuro-innovation\/wp-json\/wp\/v2\/pages\/3348\/revisions"}],"predecessor-version":[{"id":4980,"href":"https:\/\/sites.uef.fi\/neuro-innovation\/wp-json\/wp\/v2\/pages\/3348\/revisions\/4980"}],"wp:attachment":[{"href":"https:\/\/sites.uef.fi\/neuro-innovation\/wp-json\/wp\/v2\/media?parent=3348"}],"curies":[{"name":"wp","href":"https:\/\/api.w.org\/{rel}","templated":true}]}}