{"id":3369,"date":"2023-06-12T16:39:45","date_gmt":"2023-06-12T13:39:45","guid":{"rendered":"https:\/\/sites.uef.fi\/neuro-innovation\/?page_id=3369"},"modified":"2023-08-28T14:56:52","modified_gmt":"2023-08-28T11:56:52","slug":"ethics-committee","status":"publish","type":"page","link":"https:\/\/sites.uef.fi\/neuro-innovation\/ethics-committee\/","title":{"rendered":"Ethics Committee"},"content":{"rendered":"\n<p>Our ethics committee members are:<\/p>\n\n\n\n<ul class=\"wp-block-list\">\n<li><a href=\"https:\/\/uefconnect.uef.fi\/en\/person\/ville.leinonen\/\">Professor Ville Leinonen<\/a><\/li>\n\n\n\n<li><a href=\"https:\/\/uefconnect.uef.fi\/en\/person\/anna.maki-petaja-leinonen\/\">Professor Anna M\u00e4ki-Pet\u00e4j\u00e4-Leinonen<\/a><\/li>\n\n\n\n<li><a href=\"https:\/\/uefconnect.uef.fi\/en\/person\/pauli.miettinen\/\">Professor Pauli Miettinen<\/a><\/li>\n\n\n\n<li><a href=\"https:\/\/uefconnect.uef.fi\/en\/person\/jussi.tohka\/\">Professor Jussi Tohka<\/a><\/li>\n\n\n\n<li><a href=\"https:\/\/uefconnect.uef.fi\/en\/person\/elisa.tiilikainen\/\">Associate Professor Elisa Tiilikainen<\/a><\/li>\n\n\n\n<li><a href=\"https:\/\/uefconnect.uef.fi\/en\/person\/tarja.malm\/\" data-type=\"URL\" data-id=\"https:\/\/uefconnect.uef.fi\/en\/person\/tarja.malm\/\">Professor Tarja Malm<\/a><\/li>\n<\/ul>\n\n\n\n<p><\/p>\n\n\n\n<p>They have expertise in research ethics. Doctoral researchers are welcome to make use of this expertise and ask for advice.<\/p>\n","protected":false},"excerpt":{"rendered":"<p>Our ethics committee members are: They have expertise in research ethics. Doctoral researchers are welcome to make use of this expertise and ask for advice.<\/p>\n","protected":false},"author":860,"featured_media":0,"parent":0,"menu_order":0,"comment_status":"closed","ping_status":"closed","template":"","meta":{"_acf_changed":false,"_monsterinsights_skip_tracking":false,"_monsterinsights_sitenote_active":false,"_monsterinsights_sitenote_note":"","_monsterinsights_sitenote_category":0,"footnotes":""},"class_list":["post-3369","page","type-page","status-publish","hentry"],"acf":[],"yoast_head":"<!-- This site is optimized with the Yoast SEO plugin v27.3 - https:\/\/yoast.com\/product\/yoast-seo-wordpress\/ -->\n<title>Ethics Committee - MSCA Horizon 2020 Neuro-Innovation PhD programme<\/title>\n<meta name=\"robots\" content=\"index, follow, max-snippet:-1, max-image-preview:large, max-video-preview:-1\" \/>\n<link rel=\"canonical\" href=\"https:\/\/sites.uef.fi\/neuro-innovation\/ethics-committee\/\" \/>\n<meta property=\"og:locale\" content=\"en_US\" \/>\n<meta property=\"og:type\" content=\"article\" \/>\n<meta property=\"og:title\" content=\"Ethics Committee - MSCA Horizon 2020 Neuro-Innovation PhD programme\" \/>\n<meta property=\"og:description\" content=\"Our ethics committee members are: They have expertise in research ethics. Doctoral researchers are welcome to make use of this expertise and ask for advice.\" \/>\n<meta property=\"og:url\" content=\"https:\/\/sites.uef.fi\/neuro-innovation\/ethics-committee\/\" \/>\n<meta property=\"og:site_name\" content=\"MSCA Horizon 2020 Neuro-Innovation PhD programme\" \/>\n<meta property=\"article:modified_time\" content=\"2023-08-28T11:56:52+00:00\" \/>\n<meta name=\"twitter:card\" content=\"summary_large_image\" \/>\n<meta name=\"twitter:label1\" content=\"Est. reading time\" \/>\n\t<meta name=\"twitter:data1\" content=\"1 minute\" \/>\n<script type=\"application\/ld+json\" class=\"yoast-schema-graph\">{\"@context\":\"https:\\\/\\\/schema.org\",\"@graph\":[{\"@type\":\"WebPage\",\"@id\":\"https:\\\/\\\/sites.uef.fi\\\/neuro-innovation\\\/ethics-committee\\\/\",\"url\":\"https:\\\/\\\/sites.uef.fi\\\/neuro-innovation\\\/ethics-committee\\\/\",\"name\":\"Ethics Committee - MSCA Horizon 2020 Neuro-Innovation PhD programme\",\"isPartOf\":{\"@id\":\"https:\\\/\\\/sites.uef.fi\\\/neuro-innovation\\\/#website\"},\"datePublished\":\"2023-06-12T13:39:45+00:00\",\"dateModified\":\"2023-08-28T11:56:52+00:00\",\"breadcrumb\":{\"@id\":\"https:\\\/\\\/sites.uef.fi\\\/neuro-innovation\\\/ethics-committee\\\/#breadcrumb\"},\"inLanguage\":\"en-US\",\"potentialAction\":[{\"@type\":\"ReadAction\",\"target\":[\"https:\\\/\\\/sites.uef.fi\\\/neuro-innovation\\\/ethics-committee\\\/\"]}]},{\"@type\":\"BreadcrumbList\",\"@id\":\"https:\\\/\\\/sites.uef.fi\\\/neuro-innovation\\\/ethics-committee\\\/#breadcrumb\",\"itemListElement\":[{\"@type\":\"ListItem\",\"position\":1,\"name\":\"Home\",\"item\":\"https:\\\/\\\/sites.uef.fi\\\/neuro-innovation\\\/\"},{\"@type\":\"ListItem\",\"position\":2,\"name\":\"Ethics Committee\"}]},{\"@type\":\"WebSite\",\"@id\":\"https:\\\/\\\/sites.uef.fi\\\/neuro-innovation\\\/#website\",\"url\":\"https:\\\/\\\/sites.uef.fi\\\/neuro-innovation\\\/\",\"name\":\"MSCA Horizon 2020 Neuro-Innovation PhD programme\",\"description\":\"\",\"potentialAction\":[{\"@type\":\"SearchAction\",\"target\":{\"@type\":\"EntryPoint\",\"urlTemplate\":\"https:\\\/\\\/sites.uef.fi\\\/neuro-innovation\\\/?s={search_term_string}\"},\"query-input\":{\"@type\":\"PropertyValueSpecification\",\"valueRequired\":true,\"valueName\":\"search_term_string\"}}],\"inLanguage\":\"en-US\"}]}<\/script>\n<!-- \/ Yoast SEO plugin. -->","yoast_head_json":{"title":"Ethics Committee - MSCA Horizon 2020 Neuro-Innovation PhD programme","robots":{"index":"index","follow":"follow","max-snippet":"max-snippet:-1","max-image-preview":"max-image-preview:large","max-video-preview":"max-video-preview:-1"},"canonical":"https:\/\/sites.uef.fi\/neuro-innovation\/ethics-committee\/","og_locale":"en_US","og_type":"article","og_title":"Ethics Committee - MSCA Horizon 2020 Neuro-Innovation PhD programme","og_description":"Our ethics committee members are: They have expertise in research ethics. Doctoral researchers are welcome to make use of this expertise and ask for advice.","og_url":"https:\/\/sites.uef.fi\/neuro-innovation\/ethics-committee\/","og_site_name":"MSCA Horizon 2020 Neuro-Innovation PhD programme","article_modified_time":"2023-08-28T11:56:52+00:00","twitter_card":"summary_large_image","twitter_misc":{"Est. reading time":"1 minute"},"schema":{"@context":"https:\/\/schema.org","@graph":[{"@type":"WebPage","@id":"https:\/\/sites.uef.fi\/neuro-innovation\/ethics-committee\/","url":"https:\/\/sites.uef.fi\/neuro-innovation\/ethics-committee\/","name":"Ethics Committee - MSCA Horizon 2020 Neuro-Innovation PhD programme","isPartOf":{"@id":"https:\/\/sites.uef.fi\/neuro-innovation\/#website"},"datePublished":"2023-06-12T13:39:45+00:00","dateModified":"2023-08-28T11:56:52+00:00","breadcrumb":{"@id":"https:\/\/sites.uef.fi\/neuro-innovation\/ethics-committee\/#breadcrumb"},"inLanguage":"en-US","potentialAction":[{"@type":"ReadAction","target":["https:\/\/sites.uef.fi\/neuro-innovation\/ethics-committee\/"]}]},{"@type":"BreadcrumbList","@id":"https:\/\/sites.uef.fi\/neuro-innovation\/ethics-committee\/#breadcrumb","itemListElement":[{"@type":"ListItem","position":1,"name":"Home","item":"https:\/\/sites.uef.fi\/neuro-innovation\/"},{"@type":"ListItem","position":2,"name":"Ethics Committee"}]},{"@type":"WebSite","@id":"https:\/\/sites.uef.fi\/neuro-innovation\/#website","url":"https:\/\/sites.uef.fi\/neuro-innovation\/","name":"MSCA Horizon 2020 Neuro-Innovation PhD programme","description":"","potentialAction":[{"@type":"SearchAction","target":{"@type":"EntryPoint","urlTemplate":"https:\/\/sites.uef.fi\/neuro-innovation\/?s={search_term_string}"},"query-input":{"@type":"PropertyValueSpecification","valueRequired":true,"valueName":"search_term_string"}}],"inLanguage":"en-US"}]}},"_links":{"self":[{"href":"https:\/\/sites.uef.fi\/neuro-innovation\/wp-json\/wp\/v2\/pages\/3369","targetHints":{"allow":["GET"]}}],"collection":[{"href":"https:\/\/sites.uef.fi\/neuro-innovation\/wp-json\/wp\/v2\/pages"}],"about":[{"href":"https:\/\/sites.uef.fi\/neuro-innovation\/wp-json\/wp\/v2\/types\/page"}],"author":[{"embeddable":true,"href":"https:\/\/sites.uef.fi\/neuro-innovation\/wp-json\/wp\/v2\/users\/860"}],"replies":[{"embeddable":true,"href":"https:\/\/sites.uef.fi\/neuro-innovation\/wp-json\/wp\/v2\/comments?post=3369"}],"version-history":[{"count":2,"href":"https:\/\/sites.uef.fi\/neuro-innovation\/wp-json\/wp\/v2\/pages\/3369\/revisions"}],"predecessor-version":[{"id":3566,"href":"https:\/\/sites.uef.fi\/neuro-innovation\/wp-json\/wp\/v2\/pages\/3369\/revisions\/3566"}],"wp:attachment":[{"href":"https:\/\/sites.uef.fi\/neuro-innovation\/wp-json\/wp\/v2\/media?parent=3369"}],"curies":[{"name":"wp","href":"https:\/\/api.w.org\/{rel}","templated":true}]}}