{"id":5142,"date":"2026-03-24T09:54:39","date_gmt":"2026-03-24T07:54:39","guid":{"rendered":"https:\/\/sites.uef.fi\/neuro-innovation\/?page_id=5142"},"modified":"2026-03-30T14:53:27","modified_gmt":"2026-03-30T11:53:27","slug":"results","status":"publish","type":"page","link":"https:\/\/sites.uef.fi\/neuro-innovation\/results\/","title":{"rendered":"Results"},"content":{"rendered":"\n<ul class=\"wp-block-list\">\n<li><\/li>\n<\/ul>\n\n\n\n<h2 class=\"wp-block-heading\">Publications<\/h2>\n\n\n\n<p>(Neuro-Innovation researchers marked in bold)<\/p>\n\n\n\n<p><strong>Azim Zadegan, M.<\/strong>, Aromaa, E., Montonen, T., Sahlstr\u00f6m, R., Eriksson, P., &amp; Leinonen, V. (2025). Smart Rings in Remote Monitoring at Home: Older Patients\u2019 Perceptions and Expectations. <em>Health Expectations<\/em>, <em>28<\/em>(5), e70407. <a href=\"https:\/\/doi.org\/10.1111\/hex.70407\">https:\/\/doi.org\/10.1111\/hex.70407<\/a><\/p>\n\n\n\n<p><strong>Azim Zadegan, M.<\/strong>, Aromaa, E., Sahlstr\u00f6m, R., Montonen, T., Eriksson, P., &amp; Leinonen, V. (2025). Remote Monitoring Acceptance in Elderly Neurological Patients: Examining Sociodemographic Factors in the Pre-Implementation Phase. <em>Home Health Care Management &amp; Practice<\/em>, 10848223251324598. <a href=\"https:\/\/doi.org\/10.1177\/10848223251324598\">https:\/\/doi.org\/10.1177\/10848223251324598<\/a><\/p>\n\n\n\n<p><strong>Berg, A.<\/strong>, Issakainen, M., Ervasti, K., Montonen, T., Solje, E., &amp; M\u00e4ki-Pet\u00e4j\u00e4-Leinonen, A. (2025). Barriers to Accessing Care and Support Services for Older Immigrants and Immigrants with Dementia in Finland: Perspectives of Professional Social and Health Care Providers. <em>Journal of Cross-Cultural Gerontology<\/em>, <em>40<\/em>(1), 49\u201376. <a href=\"https:\/\/doi.org\/10.1007\/s10823-025-09523-2\">https:\/\/doi.org\/10.1007\/s10823-025-09523-2<\/a><\/p>\n\n\n\n<p><strong>Berg, A.<\/strong>, Issakainen, M., Ervasti, K., Montonen, T., Solje, E., &amp; M\u00e4ki-Pet\u00e4j\u00e4-Leinonen, A. (2026). Access to Justice: An Empirical Study on the Lived Experiences of Older Immigrants in Finland. <em>Retf\u00e6rd<\/em>, <em>49<\/em>(1), 4\u201323. <a href=\"https:\/\/doi.org\/10.18261\/ret.49.1.2\">https:\/\/doi.org\/10.18261\/ret.49.1.2<\/a><\/p>\n\n\n\n<p>de Sousa Maciel, I., Piironen, A.-K., Afonin, A. M., Ivanova, M., Alatalo, A., <strong>Jadhav, K. K.<\/strong>, Julvez, J., Foraster, M., van Kamp, I., &amp; Kanninen, K. M. (2023). Plasma proteomics discovery of mental health risk biomarkers in adolescents. <em>Nature Mental Health<\/em>, <em>1<\/em>(8), 596\u2013605. <a href=\"https:\/\/doi.org\/10.1038\/s44220-023-00103-2\">https:\/\/doi.org\/10.1038\/s44220-023-00103-2<\/a><\/p>\n\n\n\n<p>Giudice, L., <strong>Mohamed, A.<\/strong>, &amp; Malm, T. (2024). StellarPath: Hierarchical-vertical multi-omics classifier synergizes stable markers and interpretable similarity networks for patient profiling. <em>PLOS Computational Biology<\/em>, <em>20<\/em>(4), e1012022. <a href=\"https:\/\/doi.org\/10.1371\/journal.pcbi.1012022\">https:\/\/doi.org\/10.1371\/journal.pcbi.1012022<\/a><\/p>\n\n\n\n<p><strong>Jadhav, K. K.<\/strong>, Daouk, J., Kurkinen, K., Kraav, S.-L., Eriksson, P., Tolmunen, T., &amp; Kanninen, K. M. (2025). Blood cytokines in major depressive disorder in drug-na\u00efve adolescents: A systematic review and meta-analysis. <em>Journal of Affective Disorders<\/em>, <em>372<\/em>, 48\u201355. <a href=\"https:\/\/doi.org\/10.1016\/j.jad.2024.11.071\">https:\/\/doi.org\/10.1016\/j.jad.2024.11.071<\/a><\/p>\n\n\n\n<p><strong>Jadhav, K. K.<\/strong>, Kuuru, K., Aromaa, E., Piironen, A.-K., Eriksson, P., Kanninen, K. M., &amp; Tolmunen, T. (2026). Parental Perceptions of Benefits and Risks Concerning Mental Health Biomarker Testing for Adolescents. <em>Community Mental Health Journal<\/em>. <a href=\"https:\/\/doi.org\/10.1007\/s10597-026-01601-0\">https:\/\/doi.org\/10.1007\/s10597-026-01601-0<\/a><\/p>\n\n\n\n<p><strong>Kayonga, C. S.<\/strong>, Ristolainen, H., Lisko, I., M\u00e4ki- Pet\u00e4j\u00e4-Leinonen, A., &amp; Tiilikainen, E. (2025). Association Between Social Support and Quality of Life: Cross-Sectional Study Among Older Adults Receiving Home Care Services in Finland. <em>Home Health Care Management &amp; Practice<\/em>, 10848223251385092. <a href=\"https:\/\/doi.org\/10.1177\/10848223251385092\">https:\/\/doi.org\/10.1177\/10848223251385092<\/a><\/p>\n\n\n\n<p><strong>Kayonga, C. S.<\/strong>, Tiilikainen, E., Lisko, I., Hall, A., Solomon, A., M\u00e4ki-Pet\u00e4j\u00e4-Leinonen, A., Kulmala, J., Ngandu, T., &amp; Kivipelto, M. (2025). Association Between Social Support Dimensions and Mortality Among Older Adults: 21-Year Follow-Up of the Cardiovascular Risk Factors, Aging and Dementia (CAIDE) Study. <em>Sage Open<\/em>, <em>15<\/em>(2), 21582440251346257. <a href=\"https:\/\/doi.org\/10.1177\/21582440251346257\">https:\/\/doi.org\/10.1177\/21582440251346257<\/a><\/p>\n\n\n\n<p><strong>Mohamed, A.<\/strong>, Giudice, L., Bas\u00edlio, J., Barresi, S., Kopparapu, P. K., Friman, V., Tartaglia, M., Malm, T., Tilevik, A., &amp; Grimsholm, O. (2025). Germinal center trajectories and transcriptional signatures define CLL subtypes and their pathway regulators. <em>PLOS ONE<\/em>, <em>20<\/em>(10), e0335069. <a href=\"https:\/\/doi.org\/10.1371\/journal.pone.0335069\">https:\/\/doi.org\/10.1371\/journal.pone.0335069<\/a><\/p>\n\n\n\n<p>Ohtonen, S., J\u00e4ntti, H., Giudice, L., <strong>Mohamed, A.<\/strong>, Shakirzyanova, A., Z\u00e1vodn\u00e1, T., Belevich, I., Yan, H., Sabogal-Gu\u00e1queta, A. M., Saveleva, L., V\u00e4\u00e4n\u00e4nen, M.-A., Rillo-Albert, A., Perciballi, E., Ferrari, D., Tervo, M.-M., G\u00f3mez-Budia, M., Krej\u010d\u00edk, Z., Aakko-Saksa, P., Koistinaho, J., \u2026 Malm, T. (2025). Traffic-related diesel pollution particles impair the lysosomal functions of human iPSC-derived microglia. <em>Environment International<\/em>, <em>199<\/em>, 109467. <a href=\"https:\/\/doi.org\/10.1016\/j.envint.2025.109467\">https:\/\/doi.org\/10.1016\/j.envint.2025.109467<\/a><\/p>\n\n\n\n<p><strong>Singh, S.<\/strong>, &amp; H\u00e4m\u00e4l\u00e4inen, R. H. (2024). The Roles of Cystatin B in the Brain and Pathophysiological Mechanisms of Progressive Myoclonic Epilepsy Type 1. <em>Cells<\/em>, <em>13<\/em>(2), 170. <a href=\"https:\/\/doi.org\/10.3390\/cells13020170\">https:\/\/doi.org\/10.3390\/cells13020170<\/a><\/p>\n\n\n\n<p><strong>Singh, S.<\/strong>, Plotnikova, L., Karvonen, K., Ryytty, S., Hypp\u00f6nen, J., K\u00e4lvi\u00e4inen, R., &amp; H\u00e4m\u00e4l\u00e4inen, R. H. (2023). Generation of a human induced pluripotent stem cell line (UEFi004-A) from a patient with progressive myoclonic epilepsy type 1 (EPM1). <em>Stem Cell Research<\/em>, <em>73<\/em>, 103248. <a href=\"https:\/\/doi.org\/10.1016\/j.scr.2023.103248\">https:\/\/doi.org\/10.1016\/j.scr.2023.103248<\/a><\/p>\n\n\n\n<p><\/p>\n","protected":false},"excerpt":{"rendered":"<p>Publications (Neuro-Innovation researchers marked in bold) Azim Zadegan, M., Aromaa, E., Montonen, T., Sahlstr\u00f6m, R., Eriksson, P., &amp; Leinonen, V. (2025). Smart Rings in Remote Monitoring at Home: Older Patients\u2019 Perceptions and Expectations. Health Expectations, 28(5), e70407. https:\/\/doi.org\/10.1111\/hex.70407 Azim Zadegan, M., Aromaa, E., Sahlstr\u00f6m, R., Montonen, T., Eriksson, P., &amp; Leinonen, V. (2025). Remote Monitoring [&hellip;]<\/p>\n","protected":false},"author":860,"featured_media":0,"parent":0,"menu_order":0,"comment_status":"closed","ping_status":"closed","template":"","meta":{"_acf_changed":false,"_monsterinsights_skip_tracking":false,"_monsterinsights_sitenote_active":false,"_monsterinsights_sitenote_note":"","_monsterinsights_sitenote_category":0,"footnotes":""},"class_list":["post-5142","page","type-page","status-publish","hentry"],"acf":[],"yoast_head":"<!-- This site is optimized with the Yoast SEO plugin v27.1.1 - https:\/\/yoast.com\/product\/yoast-seo-wordpress\/ -->\n<title>Results - MSCA Horizon 2020 Neuro-Innovation PhD programme<\/title>\n<meta name=\"robots\" content=\"index, follow, max-snippet:-1, max-image-preview:large, max-video-preview:-1\" \/>\n<link rel=\"canonical\" href=\"https:\/\/sites.uef.fi\/neuro-innovation\/results\/\" \/>\n<meta property=\"og:locale\" content=\"en_US\" \/>\n<meta property=\"og:type\" content=\"article\" \/>\n<meta property=\"og:title\" content=\"Results - MSCA Horizon 2020 Neuro-Innovation PhD programme\" \/>\n<meta property=\"og:description\" content=\"Publications (Neuro-Innovation researchers marked in bold) Azim Zadegan, M., Aromaa, E., Montonen, T., Sahlstr\u00f6m, R., Eriksson, P., &amp; Leinonen, V. (2025). Smart Rings in Remote Monitoring at Home: Older Patients\u2019 Perceptions and Expectations. Health Expectations, 28(5), e70407. https:\/\/doi.org\/10.1111\/hex.70407 Azim Zadegan, M., Aromaa, E., Sahlstr\u00f6m, R., Montonen, T., Eriksson, P., &amp; Leinonen, V. (2025). Remote Monitoring [&hellip;]\" \/>\n<meta property=\"og:url\" content=\"https:\/\/sites.uef.fi\/neuro-innovation\/results\/\" \/>\n<meta property=\"og:site_name\" content=\"MSCA Horizon 2020 Neuro-Innovation PhD programme\" \/>\n<meta property=\"article:modified_time\" content=\"2026-03-30T11:53:27+00:00\" \/>\n<meta name=\"twitter:card\" content=\"summary_large_image\" \/>\n<meta name=\"twitter:label1\" content=\"Est. reading time\" \/>\n\t<meta name=\"twitter:data1\" content=\"3 minutes\" \/>\n<script type=\"application\/ld+json\" class=\"yoast-schema-graph\">{\"@context\":\"https:\/\/schema.org\",\"@graph\":[{\"@type\":\"WebPage\",\"@id\":\"https:\/\/sites.uef.fi\/neuro-innovation\/results\/\",\"url\":\"https:\/\/sites.uef.fi\/neuro-innovation\/results\/\",\"name\":\"Results - MSCA Horizon 2020 Neuro-Innovation PhD programme\",\"isPartOf\":{\"@id\":\"https:\/\/sites.uef.fi\/neuro-innovation\/#website\"},\"datePublished\":\"2026-03-24T07:54:39+00:00\",\"dateModified\":\"2026-03-30T11:53:27+00:00\",\"breadcrumb\":{\"@id\":\"https:\/\/sites.uef.fi\/neuro-innovation\/results\/#breadcrumb\"},\"inLanguage\":\"en-US\",\"potentialAction\":[{\"@type\":\"ReadAction\",\"target\":[\"https:\/\/sites.uef.fi\/neuro-innovation\/results\/\"]}]},{\"@type\":\"BreadcrumbList\",\"@id\":\"https:\/\/sites.uef.fi\/neuro-innovation\/results\/#breadcrumb\",\"itemListElement\":[{\"@type\":\"ListItem\",\"position\":1,\"name\":\"Home\",\"item\":\"https:\/\/sites.uef.fi\/neuro-innovation\/\"},{\"@type\":\"ListItem\",\"position\":2,\"name\":\"Results\"}]},{\"@type\":\"WebSite\",\"@id\":\"https:\/\/sites.uef.fi\/neuro-innovation\/#website\",\"url\":\"https:\/\/sites.uef.fi\/neuro-innovation\/\",\"name\":\"MSCA Horizon 2020 Neuro-Innovation PhD programme\",\"description\":\"\",\"potentialAction\":[{\"@type\":\"SearchAction\",\"target\":{\"@type\":\"EntryPoint\",\"urlTemplate\":\"https:\/\/sites.uef.fi\/neuro-innovation\/?s={search_term_string}\"},\"query-input\":{\"@type\":\"PropertyValueSpecification\",\"valueRequired\":true,\"valueName\":\"search_term_string\"}}],\"inLanguage\":\"en-US\"}]}<\/script>\n<!-- \/ Yoast SEO plugin. -->","yoast_head_json":{"title":"Results - MSCA Horizon 2020 Neuro-Innovation PhD programme","robots":{"index":"index","follow":"follow","max-snippet":"max-snippet:-1","max-image-preview":"max-image-preview:large","max-video-preview":"max-video-preview:-1"},"canonical":"https:\/\/sites.uef.fi\/neuro-innovation\/results\/","og_locale":"en_US","og_type":"article","og_title":"Results - MSCA Horizon 2020 Neuro-Innovation PhD programme","og_description":"Publications (Neuro-Innovation researchers marked in bold) Azim Zadegan, M., Aromaa, E., Montonen, T., Sahlstr\u00f6m, R., Eriksson, P., &amp; Leinonen, V. (2025). Smart Rings in Remote Monitoring at Home: Older Patients\u2019 Perceptions and Expectations. Health Expectations, 28(5), e70407. https:\/\/doi.org\/10.1111\/hex.70407 Azim Zadegan, M., Aromaa, E., Sahlstr\u00f6m, R., Montonen, T., Eriksson, P., &amp; Leinonen, V. (2025). Remote Monitoring [&hellip;]","og_url":"https:\/\/sites.uef.fi\/neuro-innovation\/results\/","og_site_name":"MSCA Horizon 2020 Neuro-Innovation PhD programme","article_modified_time":"2026-03-30T11:53:27+00:00","twitter_card":"summary_large_image","twitter_misc":{"Est. reading time":"3 minutes"},"schema":{"@context":"https:\/\/schema.org","@graph":[{"@type":"WebPage","@id":"https:\/\/sites.uef.fi\/neuro-innovation\/results\/","url":"https:\/\/sites.uef.fi\/neuro-innovation\/results\/","name":"Results - MSCA Horizon 2020 Neuro-Innovation PhD programme","isPartOf":{"@id":"https:\/\/sites.uef.fi\/neuro-innovation\/#website"},"datePublished":"2026-03-24T07:54:39+00:00","dateModified":"2026-03-30T11:53:27+00:00","breadcrumb":{"@id":"https:\/\/sites.uef.fi\/neuro-innovation\/results\/#breadcrumb"},"inLanguage":"en-US","potentialAction":[{"@type":"ReadAction","target":["https:\/\/sites.uef.fi\/neuro-innovation\/results\/"]}]},{"@type":"BreadcrumbList","@id":"https:\/\/sites.uef.fi\/neuro-innovation\/results\/#breadcrumb","itemListElement":[{"@type":"ListItem","position":1,"name":"Home","item":"https:\/\/sites.uef.fi\/neuro-innovation\/"},{"@type":"ListItem","position":2,"name":"Results"}]},{"@type":"WebSite","@id":"https:\/\/sites.uef.fi\/neuro-innovation\/#website","url":"https:\/\/sites.uef.fi\/neuro-innovation\/","name":"MSCA Horizon 2020 Neuro-Innovation PhD programme","description":"","potentialAction":[{"@type":"SearchAction","target":{"@type":"EntryPoint","urlTemplate":"https:\/\/sites.uef.fi\/neuro-innovation\/?s={search_term_string}"},"query-input":{"@type":"PropertyValueSpecification","valueRequired":true,"valueName":"search_term_string"}}],"inLanguage":"en-US"}]}},"_links":{"self":[{"href":"https:\/\/sites.uef.fi\/neuro-innovation\/wp-json\/wp\/v2\/pages\/5142","targetHints":{"allow":["GET"]}}],"collection":[{"href":"https:\/\/sites.uef.fi\/neuro-innovation\/wp-json\/wp\/v2\/pages"}],"about":[{"href":"https:\/\/sites.uef.fi\/neuro-innovation\/wp-json\/wp\/v2\/types\/page"}],"author":[{"embeddable":true,"href":"https:\/\/sites.uef.fi\/neuro-innovation\/wp-json\/wp\/v2\/users\/860"}],"replies":[{"embeddable":true,"href":"https:\/\/sites.uef.fi\/neuro-innovation\/wp-json\/wp\/v2\/comments?post=5142"}],"version-history":[{"count":1,"href":"https:\/\/sites.uef.fi\/neuro-innovation\/wp-json\/wp\/v2\/pages\/5142\/revisions"}],"predecessor-version":[{"id":5156,"href":"https:\/\/sites.uef.fi\/neuro-innovation\/wp-json\/wp\/v2\/pages\/5142\/revisions\/5156"}],"wp:attachment":[{"href":"https:\/\/sites.uef.fi\/neuro-innovation\/wp-json\/wp\/v2\/media?parent=5142"}],"curies":[{"name":"wp","href":"https:\/\/api.w.org\/{rel}","templated":true}]}}