{"id":97,"date":"2025-08-15T16:10:13","date_gmt":"2025-08-15T14:10:13","guid":{"rendered":"https:\/\/sites.uef.fi\/neuro50\/?page_id=97"},"modified":"2026-04-09T11:00:41","modified_gmt":"2026-04-09T09:00:41","slug":"program","status":"publish","type":"page","link":"https:\/\/sites.uef.fi\/neuro50\/program\/","title":{"rendered":"Program"},"content":{"rendered":"\n<p>Music Centre, Kuopio, Finland | June 15\u201317, 2026<\/p>\n\n\n\n<h2 class=\"wp-block-heading\">Day 1 \u2013 Monday, June 15, 2026<\/h2>\n\n\n\n<p><strong>13:00\u201314.00 Opening Ceremony &amp; Welcome and History Remarks<\/strong><\/p>\n\n\n\n<p>13.00-13.20 University &amp; Hospital Leadership<\/p>\n\n\n\n<p>13.20\u201314.00 50 Years of Translational Neuroscience in Kuopio, Prof. Reetta K\u00e4lvi\u00e4inen, Kuopio, Finland<\/p>\n\n\n\n<p><strong>14.00\u201315.30 Microglia-neuron interaction in brain diseases<\/strong> &nbsp;<\/p>\n\n\n\n<p>Chair Prof. Tarja Malm<\/p>\n\n\n\n<p>14.00-14.30 A microglia\u2019s cell fate in Alzheimer\u2019s disease, Prof. Michael Heneka, Luxembourg<\/p>\n\n\n\n<p>14.30-15.00 Microglia-neurovascular interactions: roles beyond inflammation in health and CNS disorders, Prof. Adam Denes, Budapest, Hungary<\/p>\n\n\n\n<p>15.00-15.30 Neuro-glia-immune mechanisms of synapse loss, Prof. Soyon Hong, London, UK<\/p>\n\n\n\n<p><strong>15.30\u201316.00 <\/strong><em>Coffee &amp; Poster Session I<\/em><\/p>\n\n\n\n<p><strong>16.00\u201317.30 Multimodal Imaging the Brain Diseases and AI-enhanced imaging biomarkers <\/strong><\/p>\n\n\n\n<p>Chair Prof. Alejandra Sierra Lopez<\/p>\n\n\n\n<p>16.00-16.30 Current and future role of PET imaging in Alzheimer\u2019s disease research and diagnostics, Prof. Michael Sch\u00f6ll, Gothenburg, Sweden<\/p>\n\n\n\n<p>16.30-17.00 From Visual Reading to AI-driven Analytics in Neurodegenerative Diseases, Adjunct Prof. Valtteri Julkunen, Kuopio, Finland and Adjunct Prof. Jyrki L\u00f6tj\u00f6nen, Tampere, Finland<\/p>\n\n\n\n<p>17.00-17.30 Multiscale imaging&nbsp;of the brain, Prof. Alejandra Sierra Lopez, Kuopio, Finland<\/p>\n\n\n\n<p><\/p>\n\n\n\n<h2 class=\"wp-block-heading\">Day 2 \u2013 Tuesday, June 16, 2026<\/h2>\n\n\n\n<p><strong>08.30\u201310.30 From Genes to Therapy in Neurodegenerative diseases<\/strong><\/p>\n\n\n\n<p>Chair Prof. Mikko Hiltunen <\/p>\n\n\n\n<p>08.30-09.00 Etiology of normal pressure hydrocephalus, Prof. Neill R Graff-Radford, Jacksonville, USA<\/p>\n\n\n\n<p>09.00-09.30 Outcome of normal pressure hydrocephalus, Prof. Ville Leinonen, Kuopio, Finland<\/p>\n\n\n\n<p>09.30-10.00 Early cortical changes in Alzheimer\u2019s disease involve a temporary phase characterized by distinct cellular states,&nbsp;Prof. Evan Z Macosko, Boston, USA<\/p>\n\n\n\n<p>10.00-10.30 Characterization of Alzheimer\u2019s disease-associated genetic variants and mechanisms in normal pressure hydrocephalus patient samples, Prof.&nbsp;Mikko Hiltunen, Kuopio, Finland<\/p>\n\n\n\n<p><strong>10.30\u201311.00 <\/strong><em>Coffee Break &amp; Poster Session II<\/em><\/p>\n\n\n\n<p><strong>11.00\u201313.00 Biomarkers and Disease Modification: A New Era of Precision Therapy<\/strong><\/p>\n\n\n\n<p>Chair Prof. Eino Solje<\/p>\n\n\n\n<p>11.00-11.05 Opening remarks<\/p>\n\n\n\n<p>11.05-11.25 From Past to Precision: Lessons from the History of Neurology, Prof. Katharina B\u00fcrger, Munchen, Germany<\/p>\n\n\n\n<p>11.25-11.45 Fluid Biomarkers in Neurodegenerative Diseases: From Discovery to Clinical Application,&nbsp;Prof. Eino Solje, Kuopio, Finland<\/p>\n\n\n\n<p>11.45-12.05&nbsp;Alzheimer\u2019s Disease Modification: The Current Landscape and Future Horizons,&nbsp;Prof. Kristian Steen Frederiksen, Copenhagen, Denmark<\/p>\n\n\n\n<p>12.05-12.25 Targeting the mTOR Pathway: Disease Modification in Epilepsy, Tuberous Sclerosis and Beyond, Prof. Laura Mantoan-Ritter, London, UK<\/p>\n\n\n\n<p>12.25-12.45 Precision Medicine in Frontotemporal Dementia: From Genes to Targeted Therapies, Prof. Yolande Pijnenburg, Amsterdam, Netherlands<\/p>\n\n\n\n<p>12.45-13.00 general discussion with all speakers<\/p>\n\n\n\n<p><strong>13.00\u201314.00 <\/strong><em>Lunch<\/em><\/p>\n\n\n\n<p><strong>14.00\u201315.30 Towards more precise care of epilepsies<\/strong><\/p>\n\n\n\n<p>Chair Prof. Heikki Tanila<\/p>\n\n\n\n<p>14.00-14.30 Gene Therapy in Epilepsy From Bench to Bedside, Prof. Matthew Walker, London, UK<\/p>\n\n\n\n<p>14.30-15.00 Modern Epilepsy Surgery, Kuopio Epilepsy Surgery Team, Kuopio, Finland<\/p>\n\n\n\n<p>15.00-15.30 Multimodal approach to characterize surgically removed epileptogenic zone: from&nbsp;operating room to wet lab, Prof. Alejandra Sierra Lopez and Prof. Tarja Malm, Kuopio, Finland<\/p>\n\n\n\n<p><strong>15.30\u201316.00 <\/strong><em>Coffee Break<\/em><\/p>\n\n\n\n<p><strong>16.00\u201317.30<\/strong><em> Panel Discussion: How Do We Get From Bench to Public Policy?<\/em><\/p>\n\n\n\n<p><strong>19.00\u2013 <\/strong>Dinner at Hotel Scandic Kuopio (<a href=\"https:\/\/www.google.com\/maps\/place\/Scandic+hotel\/@62.887716,27.6921596,16.5z\/data=!4m9!3m8!1s0x4684b0f54420c9e5:0x76485976aefeab95!5m2!4m1!1i2!8m2!3d62.8875945!4d27.6949725!16s%2Fg%2F1x5f8_gv?entry=ttu&amp;g_ep=EgoyMDI2MDEyNS4wIKXMDSoASAFQAw%3D%3D\">Satamakatu 1, 70100 Kuopio<\/a>)<\/p>\n\n\n\n<h2 class=\"wp-block-heading\">Day 3 \u2013 Wednesday, June 17, 2026<\/h2>\n\n\n\n<p><strong>08.30\u201310.00 The Changing Landscape of Stroke in Young Adults and Children<\/strong><\/p>\n\n\n\n<p>Chair Prof. Pekka J\u00e4k\u00e4l\u00e4<\/p>\n\n\n\n<p>08.30-09.00 Emerging Insights into Risk Factors and Etiology of Ischemic Stroke in Young Adults, Prof. Jukka Putaala, Helsinki, Finland<\/p>\n\n\n\n<p>09.00-09.30 Advances in the Diagnosis and Management of Cerebrovascular Disease in Children, Dr. Silva L\u00f5o, Helsinki, Finland<\/p>\n\n\n\n<p>09.30-10.00 Neuropathology and genetics of small vessel disease, Ass Prof. Liisa Myllykangas, Helsinki, Finland<\/p>\n\n\n\n<p><strong>10.00\u201310.30 <\/strong><em>Coffee Break &amp; Poster Session III<\/em><\/p>\n\n\n\n<p><strong>10.30\u201312<\/strong>.<strong>30 Translating Brain Science Into Action: Mechanisms, Interventions, and Global Impact<\/strong><\/p>\n\n\n\n<p>Chair Prof. Alina Solomon<\/p>\n\n\n\n<p>10.30-11.00 Dementia prevention from observation to action: innovative multimodal interventions in Finland and worldwide, Prof. Miia Kivipelto, Stockholm, Sweden<\/p>\n\n\n\n<p>11.00-11.30 Mechanisms of multimodal lifestyle interventions, Prof. Anna Matton, Stockholm, Sweden<\/p>\n\n\n\n<p>11.30\u201312.00 Multinutrient intervention in&nbsp;Alzheimer&#8217;s disease:&nbsp;From synapse modulation to clinical trials, Prof. Tobias Hartmann, Saarbr\u00fccken, Germany<\/p>\n\n\n\n<p>12.00-12.30 How does the air we breathe affect our brain health? Prof. Katja Kanninen, Kuopio, Finland<\/p>\n\n\n\n<p><strong>12.30\u201313.30 <\/strong><em>Lunch<\/em><\/p>\n\n\n\n<p><strong>13.30\u201315.00 Vision of the future (hot topics)<\/strong><\/p>\n\n\n\n<p><em>Detailed program tbc<\/em><\/p>\n\n\n\n<p><strong>15.00\u201315.30 <\/strong><em>Closing Ceremony &amp; Farewell Address with afternoon snack<\/em><\/p>\n","protected":false},"excerpt":{"rendered":"<p>Music Centre, Kuopio, Finland | June 15\u201317, 2026 Day 1 \u2013 Monday, June 15, 2026 13:00\u201314.00 Opening Ceremony &amp; Welcome and History Remarks 13.00-13.20 University &amp; Hospital Leadership 13.20\u201314.00 50 Years of Translational Neuroscience in Kuopio, Prof. Reetta K\u00e4lvi\u00e4inen, Kuopio, Finland 14.00\u201315.30 Microglia-neuron interaction in brain diseases &nbsp; Chair Prof. Tarja Malm 14.00-14.30 A microglia\u2019s [&hellip;]<\/p>\n","protected":false},"author":985,"featured_media":0,"parent":0,"menu_order":0,"comment_status":"closed","ping_status":"closed","template":"","meta":{"_acf_changed":false,"footnotes":""},"class_list":["post-97","page","type-page","status-publish","hentry"],"acf":[],"yoast_head":"<!-- This site is optimized with the Yoast SEO plugin v27.1.1 - https:\/\/yoast.com\/product\/yoast-seo-wordpress\/ -->\n<title>Program - Kuopio Neuroscience 50 Years<\/title>\n<meta name=\"robots\" content=\"index, follow, max-snippet:-1, max-image-preview:large, max-video-preview:-1\" \/>\n<link rel=\"canonical\" href=\"https:\/\/sites.uef.fi\/neuro50\/program\/\" \/>\n<meta property=\"og:locale\" content=\"en_US\" \/>\n<meta property=\"og:type\" content=\"article\" \/>\n<meta property=\"og:title\" content=\"Program - Kuopio Neuroscience 50 Years\" \/>\n<meta property=\"og:description\" content=\"Music Centre, Kuopio, Finland | June 15\u201317, 2026 Day 1 \u2013 Monday, June 15, 2026 13:00\u201314.00 Opening Ceremony &amp; Welcome and History Remarks 13.00-13.20 University &amp; Hospital Leadership 13.20\u201314.00 50 Years of Translational Neuroscience in Kuopio, Prof. Reetta K\u00e4lvi\u00e4inen, Kuopio, Finland 14.00\u201315.30 Microglia-neuron interaction in brain diseases &nbsp; Chair Prof. Tarja Malm 14.00-14.30 A microglia\u2019s [&hellip;]\" \/>\n<meta property=\"og:url\" content=\"https:\/\/sites.uef.fi\/neuro50\/program\/\" \/>\n<meta property=\"og:site_name\" content=\"Kuopio Neuroscience 50 Years\" \/>\n<meta property=\"article:modified_time\" content=\"2026-04-09T09:00:41+00:00\" \/>\n<meta name=\"twitter:card\" content=\"summary_large_image\" \/>\n<meta name=\"twitter:label1\" content=\"Est. reading time\" \/>\n\t<meta name=\"twitter:data1\" content=\"3 minutes\" \/>\n<script type=\"application\/ld+json\" class=\"yoast-schema-graph\">{\"@context\":\"https:\/\/schema.org\",\"@graph\":[{\"@type\":\"WebPage\",\"@id\":\"https:\/\/sites.uef.fi\/neuro50\/program\/\",\"url\":\"https:\/\/sites.uef.fi\/neuro50\/program\/\",\"name\":\"Program - Kuopio Neuroscience 50 Years\",\"isPartOf\":{\"@id\":\"https:\/\/sites.uef.fi\/neuro50\/#website\"},\"datePublished\":\"2025-08-15T14:10:13+00:00\",\"dateModified\":\"2026-04-09T09:00:41+00:00\",\"breadcrumb\":{\"@id\":\"https:\/\/sites.uef.fi\/neuro50\/program\/#breadcrumb\"},\"inLanguage\":\"en-US\",\"potentialAction\":[{\"@type\":\"ReadAction\",\"target\":[\"https:\/\/sites.uef.fi\/neuro50\/program\/\"]}]},{\"@type\":\"BreadcrumbList\",\"@id\":\"https:\/\/sites.uef.fi\/neuro50\/program\/#breadcrumb\",\"itemListElement\":[{\"@type\":\"ListItem\",\"position\":1,\"name\":\"Home\",\"item\":\"https:\/\/sites.uef.fi\/neuro50\/\"},{\"@type\":\"ListItem\",\"position\":2,\"name\":\"Program\"}]},{\"@type\":\"WebSite\",\"@id\":\"https:\/\/sites.uef.fi\/neuro50\/#website\",\"url\":\"https:\/\/sites.uef.fi\/neuro50\/\",\"name\":\"Kuopio Neuroscience 50 Years\",\"description\":\"\",\"potentialAction\":[{\"@type\":\"SearchAction\",\"target\":{\"@type\":\"EntryPoint\",\"urlTemplate\":\"https:\/\/sites.uef.fi\/neuro50\/?s={search_term_string}\"},\"query-input\":{\"@type\":\"PropertyValueSpecification\",\"valueRequired\":true,\"valueName\":\"search_term_string\"}}],\"inLanguage\":\"en-US\"}]}<\/script>\n<!-- \/ Yoast SEO plugin. -->","yoast_head_json":{"title":"Program - Kuopio Neuroscience 50 Years","robots":{"index":"index","follow":"follow","max-snippet":"max-snippet:-1","max-image-preview":"max-image-preview:large","max-video-preview":"max-video-preview:-1"},"canonical":"https:\/\/sites.uef.fi\/neuro50\/program\/","og_locale":"en_US","og_type":"article","og_title":"Program - Kuopio Neuroscience 50 Years","og_description":"Music Centre, Kuopio, Finland | June 15\u201317, 2026 Day 1 \u2013 Monday, June 15, 2026 13:00\u201314.00 Opening Ceremony &amp; Welcome and History Remarks 13.00-13.20 University &amp; Hospital Leadership 13.20\u201314.00 50 Years of Translational Neuroscience in Kuopio, Prof. Reetta K\u00e4lvi\u00e4inen, Kuopio, Finland 14.00\u201315.30 Microglia-neuron interaction in brain diseases &nbsp; Chair Prof. Tarja Malm 14.00-14.30 A microglia\u2019s [&hellip;]","og_url":"https:\/\/sites.uef.fi\/neuro50\/program\/","og_site_name":"Kuopio Neuroscience 50 Years","article_modified_time":"2026-04-09T09:00:41+00:00","twitter_card":"summary_large_image","twitter_misc":{"Est. reading time":"3 minutes"},"schema":{"@context":"https:\/\/schema.org","@graph":[{"@type":"WebPage","@id":"https:\/\/sites.uef.fi\/neuro50\/program\/","url":"https:\/\/sites.uef.fi\/neuro50\/program\/","name":"Program - Kuopio Neuroscience 50 Years","isPartOf":{"@id":"https:\/\/sites.uef.fi\/neuro50\/#website"},"datePublished":"2025-08-15T14:10:13+00:00","dateModified":"2026-04-09T09:00:41+00:00","breadcrumb":{"@id":"https:\/\/sites.uef.fi\/neuro50\/program\/#breadcrumb"},"inLanguage":"en-US","potentialAction":[{"@type":"ReadAction","target":["https:\/\/sites.uef.fi\/neuro50\/program\/"]}]},{"@type":"BreadcrumbList","@id":"https:\/\/sites.uef.fi\/neuro50\/program\/#breadcrumb","itemListElement":[{"@type":"ListItem","position":1,"name":"Home","item":"https:\/\/sites.uef.fi\/neuro50\/"},{"@type":"ListItem","position":2,"name":"Program"}]},{"@type":"WebSite","@id":"https:\/\/sites.uef.fi\/neuro50\/#website","url":"https:\/\/sites.uef.fi\/neuro50\/","name":"Kuopio Neuroscience 50 Years","description":"","potentialAction":[{"@type":"SearchAction","target":{"@type":"EntryPoint","urlTemplate":"https:\/\/sites.uef.fi\/neuro50\/?s={search_term_string}"},"query-input":{"@type":"PropertyValueSpecification","valueRequired":true,"valueName":"search_term_string"}}],"inLanguage":"en-US"}]}},"_links":{"self":[{"href":"https:\/\/sites.uef.fi\/neuro50\/wp-json\/wp\/v2\/pages\/97","targetHints":{"allow":["GET"]}}],"collection":[{"href":"https:\/\/sites.uef.fi\/neuro50\/wp-json\/wp\/v2\/pages"}],"about":[{"href":"https:\/\/sites.uef.fi\/neuro50\/wp-json\/wp\/v2\/types\/page"}],"author":[{"embeddable":true,"href":"https:\/\/sites.uef.fi\/neuro50\/wp-json\/wp\/v2\/users\/985"}],"replies":[{"embeddable":true,"href":"https:\/\/sites.uef.fi\/neuro50\/wp-json\/wp\/v2\/comments?post=97"}],"version-history":[{"count":1,"href":"https:\/\/sites.uef.fi\/neuro50\/wp-json\/wp\/v2\/pages\/97\/revisions"}],"predecessor-version":[{"id":285,"href":"https:\/\/sites.uef.fi\/neuro50\/wp-json\/wp\/v2\/pages\/97\/revisions\/285"}],"wp:attachment":[{"href":"https:\/\/sites.uef.fi\/neuro50\/wp-json\/wp\/v2\/media?parent=97"}],"curies":[{"name":"wp","href":"https:\/\/api.w.org\/{rel}","templated":true}]}}