{"id":246,"date":"2024-12-30T14:23:35","date_gmt":"2024-12-30T12:23:35","guid":{"rendered":"https:\/\/sites.uef.fi\/neurologisten-sairauksien-hoitorekisterit-ja-laadukas-hoidonseuranta\/?page_id=246"},"modified":"2025-03-24T13:35:29","modified_gmt":"2025-03-24T11:35:29","slug":"ohjelma","status":"publish","type":"page","link":"https:\/\/sites.uef.fi\/neurologisten-sairauksien-hoitorekisterit-ja-laadukas-hoidonseuranta\/ohjelma\/","title":{"rendered":"Ohjelma\/Program"},"content":{"rendered":"\n<p><a href=\"https:\/\/sites.uef.fi\/neurologisten-sairauksien-hoitorekisterit-ja-laadukas-hoidonseuranta\/wp-admin\/revision.php?revision=417\">N\u00e4yt\u00e4 automaattisesti tallennettu versio<\/a><\/p>\n\n\n\n<h3 class=\"wp-block-heading has-text-align-left\">Neurologisten sairauksien hoitorekisterit ja laadukas hoidonseuranta tutkimuksen ja jaetun p\u00e4\u00e4t\u00f6ksenteon tukena -koulutustapahtuma Tampereella <\/h3>\n\n\n\n<p>Main language will be Finnish<\/p>\n\n\n\n<h2 class=\"wp-block-heading has-text-align-left\">21.-22.3.2025<\/h2>\n\n\n\n<h4 class=\"wp-block-heading\"><strong>Pe 21.3 SEMINAARI<\/strong><\/h4>\n\n\n\n<p><\/p>\n\n\n\n<p>11-11:50 Lounas Finn-Medi 5, ravintola Ellipsi (Biokatu 12)\u200b<\/p>\n\n\n\n<p>Seminaari Finn-Medi 5 auditorium\u200b<\/p>\n\n\n\n<p>Moderator: Piritta Parkkari<\/p>\n\n\n\n<ul class=\"wp-block-list\">\n<li>12:00-12:10 Eero Rissanen Welcome\/ Kansallinen Neurokeskus\u200b<\/li>\n\n\n\n<li>12:10-12:35 Steinar Thoresen: Can national health-register be used in setting up control-arm for clinical studies (outcome) and for repurposing-studies (Alzheimer)? A Norwegian experience&nbsp;\u200b<\/li>\n\n\n\n<li>12:35-12:55 Nadia Tamminen: RWE landscaping in Finland\u200b<\/li>\n\n\n\n<li>12:55-13:05 STM:\u00a0Suomen Terveys- ja hyvinvointialan kasvuohjelma ja\u00a0hoidonseurannan merkitys\u200b (yhdistetty Eero Rissasen puheeseen)<\/li>\n\n\n\n<li>13:05-13:20 Eino Solje: Eurooppalainen Alzheimer -rekisteri ja kotimainen hoidonseurantarekisterin kehitys\u200b<\/li>\n\n\n\n<li>13:20-13:35 Verkostoitumista<\/li>\n\n\n\n<li>13:35-13:50 Markku Aittokallio: StellarQ hoidonseurantaj\u00e4rjestelm\u00e4 ja neurologiset rekisterit\u200b<\/li>\n\n\n\n<li>13:50-14:05 Denisa Hirkic: BCB Medical hoidonseurantaj\u00e4rjestelm\u00e4 ja neurologiset rekisterit\u200b<\/li>\n\n\n\n<li><em>14:05-14:20 Hedelmi\u00e4 ja kahvia, verkostoitumista<\/em>\u200b<\/li>\n\n\n\n<li>14:20-14:35 Merja&nbsp;Soilu-H\u00e4nninen ja Marja Niiranen<strong>:&nbsp;<\/strong>MS ja MG-rekisterit Suomessa ja&nbsp;Euroopassa: kehityskulku, nykytilanne ja tulevaisuus\u200b<\/li>\n\n\n\n<li>14:35-14:50 Valtteri Kaasinen: Liikeh\u00e4iri\u00f6sairauksien hoitorekisterit \u200b<\/li>\n\n\n\n<li>14:50-15:05 Reetta K\u00e4lvi\u00e4inen (nauhoitettu puhe): Epilepsian hoitopolut, rekisteritieto, PPI ja potilaan osallisuus, Kirsi Ruuska kommentoi<\/li>\n\n\n\n<li>15:05-15:20 Mikko Hiltunen: Potilasdatan ja laboratoriotutkimuksen&nbsp;translaatio l\u00e4\u00e4kkeeksi Alzheimerin taudissa ja PPI n\u00e4k\u00f6kulma perustutkimuksessa\u200b<\/li>\n\n\n\n<li>15:20-15:50 Potilaan puheenvuoro ja&nbsp;Potilasj\u00e4rjest\u00f6t: Pauliina Alppi \/ Neuroliitto, Riaz Zabihian \/ Uudenmaan Parkinson-yhdistys\u200b<\/li>\n\n\n\n<li><em>15:50-16:00 tauko<\/em>\u200b<\/li>\n\n\n\n<li>16:00-16:15 Juha Puustinen: Moniammatillisen ty\u00f6ryhm\u00e4n ja tehostetun tiedonkulun toimintamalli (l\u00e4\u00e4kehoito ja PD) \u200b<\/li>\n\n\n\n<li>16:15-16:30 Ilkka Rauma: k\u00e4yt\u00e4nn\u00f6n kokemuksia rekisteritutkimuksesta (MS-tauti)\u200b<\/li>\n\n\n\n<li>16:30-16:45&nbsp; Sami Curtze: AVH-laaturekisterin k\u00e4ytt\u00f6 Meilahden sairaalassa: Potilasty\u00f6, laatuty\u00f6 ja tutkimus\u200b<\/li>\n\n\n\n<li>16:45-17:00 Hanna Kuusisto: Jaettu p\u00e4\u00e4t\u00f6ksenteko ja hoidon vaikuttavuus\u200b<\/li>\n<\/ul>\n\n\n\n<ul class=\"wp-block-list\">\n<li>17:00-19:00 Loppusanat ja verkostoitumisp\u00e4iv\u00e4llinen (ravintola Ellipsi, Biokatu 12)<\/li>\n<\/ul>\n\n\n\n<p><\/p>\n\n\n\n<h5 class=\"wp-block-heading\"><\/h5>\n\n\n\n<h4 class=\"wp-block-heading\"><strong>La 22.3 TY\u00d6PAJAT<\/strong><\/h4>\n\n\n\n<p>Moderator: Piritta Parkkari<\/p>\n\n\n\n<p>Paikka: Sokos Hotelli Torni<\/p>\n\n\n\n<h1 class=\"wp-block-heading\">Ohjelma\/Program<\/h1>\n\n\n\n<h3 class=\"wp-block-heading\" id=\"block-83bbfa82-b5a6-4f0a-ba1c-d81f06479a48\">Neurologisten sairauksien hoitorekisterit ja laadukas hoidonseuranta tutkimuksen ja jaetun p\u00e4\u00e4t\u00f6ksenteon tukena -koulutustapahtuma Tampereella<\/h3>\n\n\n\n<h2 class=\"wp-block-heading\" id=\"block-c76ab47e-98e4-4169-b38e-2924e000169a\">21.-22.3.2025<\/h2>\n\n\n\n<h4 class=\"wp-block-heading\" id=\"block-05f4dc72-b1ce-40af-8a07-aa9d667bbe59\"><strong>Pe 21.3 SEMINAARI<\/strong><\/h4>\n\n\n\n<p id=\"block-6d10d161-f23f-4b29-aad3-2468bfba8f81\"><\/p>\n\n\n\n<p id=\"block-c665b21e-4421-4f42-b7d2-adb353dcc54c\">11-11:50 Lounas Finn-Medi 5, ravintola Ellipsi (Biokatu 12)\u200b<\/p>\n\n\n\n<p id=\"block-92f08194-6844-405e-a473-e221a79290e1\">Seminaari Finn-Medi 5 auditorium\u200b<\/p>\n\n\n\n<p id=\"block-8572fc72-4895-47cd-8c01-d594d563727f\">Moderator: Piritta Parkkari<\/p>\n\n\n\n<ul id=\"block-92e1cd73-b097-41cc-852a-87693ad373f4\" class=\"wp-block-list\">\n<li>12:00-12:05 Eero Rissanen Welcome\/ Kansallinen Neurokeskus\u200b<\/li>\n\n\n\n<li>12:05-12:30 Steinar Thoresen: Can national health-register be used in setting up control-arm for clinical studies (outcome) and for repurposing-studies (Alzheimer)? A Norwegian experience&nbsp;\u200b<\/li>\n\n\n\n<li>12:30-12:50 Nadia Tamminen: RWE landscaping in Finland\u200b<\/li>\n\n\n\n<li>12:50-13:05 STM (speaker TBC):&nbsp;Suomen Terveys- ja hyvinvointialan kasvuohjelma ja&nbsp;hoidonseurannan merkitys\u200b<\/li>\n\n\n\n<li>13:05-13:20 Eino Solje: Eurooppalainen Alzheimer -rekisteri ja kotimainen hoidonseurantarekisterin kehitys\u200b<\/li>\n\n\n\n<li>13:20-13:35 Anne Koivisto: AD:n k\u00e4yp\u00e4 hoito \u2013suositus ja uudet l\u00e4\u00e4kkeet-mit\u00e4 parametreja tarvitaan tulevaisuudessa hoidonseurannan&nbsp;ja diagnoosin tueksi?\u200b<\/li>\n\n\n\n<li>13:35-13:50 Markku Aittokallio: StellarQ hoidonseurantaj\u00e4rjestelm\u00e4 ja neurologiset rekisterit\u200b<\/li>\n\n\n\n<li>13:50-14:05 Denisa Hirkic: BCB Medical hoidonseurantaj\u00e4rjestelm\u00e4 ja neurologiset rekisterit\u200b<\/li>\n\n\n\n<li><em>14:05-14:20 Hedelmi\u00e4 ja kahvia, verkostoitumista<\/em>\u200b<\/li>\n\n\n\n<li>14:20-14:35 Merja&nbsp;Soilu-H\u00e4nninen ja Marja Niiranen<strong>:&nbsp;<\/strong>MS ja MG-rekisterit Suomessa ja&nbsp;Euroopassa: kehityskulku, nykytilanne ja tulevaisuus\u200b<\/li>\n\n\n\n<li>14:35-14:50 Valtteri Kaasinen: Liikeh\u00e4iri\u00f6sairauksien hoitorekisterit \u200b<\/li>\n\n\n\n<li>14:50-15:05 Reetta K\u00e4lvi\u00e4inen (nauhoitettu puhe): Epilepsian hoitopolut, rekisteritieto, PPI ja potilaan osallisuus<\/li>\n\n\n\n<li>15:05-15:20 Mikko Hiltunen: Potilasdatan ja laboratoriotutkimuksen&nbsp;translaatio l\u00e4\u00e4kkeeksi Alzheimerin taudissa ja PPI n\u00e4k\u00f6kulma perustutkimuksessa\u200b<\/li>\n\n\n\n<li>15:20-15:50 Potilaan puheenvuoro ja&nbsp;Potilasj\u00e4rjest\u00f6t: Pauliina Alppi \/ Neuroliitto, Riaz Zabihian \/ Uudenmaan Parkinson-yhdistys\u200b<\/li>\n\n\n\n<li><em>15:50-16:00 tauko<\/em>\u200b<\/li>\n\n\n\n<li>16:00-16:15 Juha Puustinen: Moniammatillisen ty\u00f6ryhm\u00e4n ja tehostetun tiedonkulun toimintamalli (l\u00e4\u00e4kehoito ja PD) \u200b<\/li>\n\n\n\n<li>16:15-16:30 Ilkka Rauma: k\u00e4yt\u00e4nn\u00f6n kokemuksia rekisteritutkimuksesta (MS-tauti)\u200b<\/li>\n\n\n\n<li>16:30-16:45&nbsp; Sami Curtze: AVH-laaturekisterin k\u00e4ytt\u00f6 Meilahden sairaalassa: Potilasty\u00f6, laatuty\u00f6 ja tutkimus\u200b<\/li>\n\n\n\n<li>16:45-17:00 Hanna Kuusisto: Jaettu p\u00e4\u00e4t\u00f6ksenteko ja hoidon vaikuttavuus\u200b<\/li>\n\n\n\n<li>17:00-19:00 Loppusanat ja verkostoitumisp\u00e4iv\u00e4llinen (ravintola Ellipsi, Biokatu 12)<\/li>\n<\/ul>\n\n\n\n<p id=\"block-83dbaebb-020b-4526-a4ab-8189df40c391\"><\/p>\n\n\n\n<h5 class=\"wp-block-heading\" id=\"block-a5fb5ec6-aa00-4883-b04c-f2286721c365\"><\/h5>\n\n\n\n<h4 class=\"wp-block-heading\" id=\"block-f66571d5-5126-4c40-949b-2bf8ee5cfea1\"><strong>La 22.3 TY\u00d6PAJAT<\/strong><\/h4>\n\n\n\n<p id=\"block-104b44ab-0e00-41a7-a668-6f40845764f0\">Moderator: Piritta Parkkari<\/p>\n\n\n\n<p id=\"block-ef4e8d09-e857-458d-ac74-d6f2d50696e3\">Paikka: Sokos Hotelli Torni<\/p>\n\n\n\n<p id=\"block-bd855a4e-bb3b-4b6e-9a9b-5656da8ad0c1\">-ensisijaisesti suunnattu l\u00e4\u00e4k\u00e4reille ja hoitajille\/hoitohenkil\u00f6kunnalle, mutta my\u00f6s muut aiheesta kiinnostuneet ovat tervetulleita osallistumaan<\/p>\n\n\n\n<h5 class=\"wp-block-heading\" id=\"block-46ced5d8-2d7a-40ec-963d-71e4899abe55\"><\/h5>\n\n\n\n<p id=\"block-d13f04d2-8fc5-46dd-b56e-2cc3d742a6b6\"><strong>09:00-09:10<\/strong> Avaus<\/p>\n\n\n\n<p id=\"block-a1ad129f-31a3-400d-ba9a-5cdcda13b9d1\"><\/p>\n\n\n\n<p>-ensisijaisesti suunnattu l\u00e4\u00e4k\u00e4reille ja hoitajille\/hoitohenkil\u00f6kunnalle, mutta my\u00f6s muut aiheesta kiinnostuneet ovat tervetulleita osallistumaan<\/p>\n\n\n\n<h5 class=\"wp-block-heading\"><\/h5>\n\n\n\n<p><strong>09:00-09:10<\/strong> Avaus<\/p>\n\n\n\n<p><\/p>\n\n\n\n<h5 class=\"wp-block-heading\">Workshopit<\/h5>\n\n\n\n<p>9:10-10:30<\/p>\n\n\n\n<p>Hoitajan\u00e4k\u00f6kulmat ja potilasohjaus, \u201dhoitaja-workshop\u201d (Kirsi Tavasti, Kirsi Ruuska)<\/p>\n\n\n\n<p>Hoidonseurantarekisterien k\u00e4ytt\u00f6, jaettu p\u00e4\u00e4t\u00f6ksenteko ja potilaan tuottaman &nbsp; tiedon hy\u00f6dynt\u00e4minen, \u201dl\u00e4\u00e4k\u00e4ri-workshop\u201d (P\u00e4ivi H\u00e4m\u00e4l\u00e4inen, Ilkka Rauma)<\/p>\n\n\n\n<p><\/p>\n\n\n\n<h5 class=\"wp-block-heading\">Yhteenvedot ja yhteist\u00e4 keskustelua<\/h5>\n\n\n\n<p><strong>10.30-10.45<\/strong> Tauko<br><strong>10.45-11.30<\/strong> Yhteenveto, Q&amp;A ja yhteist\u00e4 keskustelua<br><strong>12.00-13.00 Lounas<\/strong><\/p>\n\n\n\n<p>Tilaisuus p\u00e4\u00e4ttyy<\/p>\n\n\n\n<h2 class=\"wp-block-heading\">In English: Seminar Program <\/h2>\n\n\n\n<p><strong>Neurological disease treatment registries and high-quality care monitoring: Improving research and supporting shared decision-making<\/strong>&nbsp;<\/p>\n\n\n\n<p><strong>Friday 21.03.2025<\/strong><\/p>\n\n\n\n<p>Location: <strong> Finn-Medi 5 (FM5, Biokatu 12, Tampere, Tays)<\/strong>: <strong><a href=\"https:\/\/www.pirha.fi\/toimipisteet\/sairaalat-ja-hoitoyksikot\/tays-keskussairaala\/tayskartta\">Tayskartta &#8211; pirha.fi<\/a><\/strong><\/p>\n\n\n\n<ul class=\"wp-block-list\">\n<li>12:00-12:05 <em>Eero Rissanen<\/em> Welcome\/ National Neurological Center\u200b<\/li>\n\n\n\n<li>12:05-12:30 <em>Steinar Thoresen<\/em>: Can national health-register be used in setting up control-arm for clinical studies (outcome) and for repurposing-studies (Alzheimer)? A Norwegian experience \u200b<\/li>\n\n\n\n<li>12:30-12:50 <em>Nadia Tamminen<\/em>: RWE landscaping in Finland<\/li>\n\n\n\n<li>12:50-13:05 <em>Ministry of Social Affairs and Health Finland<\/em>: The growth program of the Finnish health and welfare sector and the importance of care monitoring<\/li>\n\n\n\n<li>13:05-13:20 <em>Eino Solje<\/em>: European Alzheimer&#8217;s registry and the development of the Finnish care monitoring registry<\/li>\n\n\n\n<li>13:20-13:35 <em>Anne Koivist<\/em>o: Current treatment for AD \u2013 recommendations and new drugs \u2013 what parameters are needed in the future to support treatment monitoring and diagnosis?<\/li>\n\n\n\n<li>13:35-13:50 <em>Markku Aittokallio<\/em>: StellarQ care monitoring system and neurological registries<\/li>\n\n\n\n<li>13:50-14:05 <em>Denisa Hirkic<\/em>: BCB Medical care monitoring system and neurological registries<\/li>\n\n\n\n<li><em>14:05-14:20 Fruit and coffee,&nbsp;<\/em>networking<\/li>\n\n\n\n<li>14:20-14:35 <em>Merja Soilu-H\u00e4nninen<\/em> and <em>Marja Niiranen<\/em>:&nbsp;MS and MG registries in Finland and Europe: development, current situation and future<\/li>\n\n\n\n<li>14:35-14:50 <em>Valtteri Kaasinen<\/em>: Treatment registers for movement disorders \u200b<\/li>\n\n\n\n<li>14:50-15:05 <em>Reetta K\u00e4lvi\u00e4inen<\/em> (recorded speech): Epilepsy treatment pathways, registry data, PPI and patient participation<\/li>\n\n\n\n<li>15:05-15:20 <em>Mikko Hiltunen<\/em>: Translation of patient data and laboratory research into medicine in Alzheimer&#8217;s disease and the PPI perspective in basic research\u200b<\/li>\n\n\n\n<li>15:20-15:50 Patient&#8217;s speech and Patient organizations: <em>Pauliina Alppi<\/em> \/ Finnish Neurological Association, <em>Riaz Zabihian<\/em> \/ Uusimaa Parkinson&#8217;s Association<\/li>\n\n\n\n<li><em>15:50-16:00&nbsp;<\/em>break<\/li>\n\n\n\n<li>16:00-16:15 <em>Juha Puustinen<\/em>: A model for a multidisciplinary working group and enhanced information flow (pharmacological treatment and PD) \u200b<\/li>\n\n\n\n<li>16:15-16:30 <em>Ilkka Rauma<\/em>: practical experiences from registry research (MS)\u200b<\/li>\n\n\n\n<li>16:30-16:45 <em>Sami Curtze<\/em>: Use of the AVH quality register at Meilahti Hospital: Patient work, quality work and research\u200b<\/li>\n\n\n\n<li>16:45-17:00 <em>Hanna Kuusisto<\/em>: Shared decision-making and effectiveness of care<\/li>\n\n\n\n<li>17:00-19:00 Closing remarks and networking dinner (restaurant Ellipsi, Biokatu 12)<\/li>\n<\/ul>\n\n\n\n<p>Workshops on Saturday 22 of March will be in Finnish<\/p>\n\n\n\n<p><\/p>\n","protected":false},"excerpt":{"rendered":"<p>N\u00e4yt\u00e4 automaattisesti tallennettu versio Neurologisten sairauksien hoitorekisterit ja laadukas hoidonseuranta tutkimuksen ja jaetun p\u00e4\u00e4t\u00f6ksenteon tukena -koulutustapahtuma Tampereella Main language will be Finnish 21.-22.3.2025 Pe 21.3 SEMINAARI 11-11:50 Lounas Finn-Medi 5, ravintola Ellipsi (Biokatu 12)\u200b Seminaari Finn-Medi 5 auditorium\u200b Moderator: Piritta Parkkari La 22.3 TY\u00d6PAJAT Moderator: Piritta Parkkari Paikka: Sokos Hotelli Torni Ohjelma\/Program Neurologisten sairauksien hoitorekisterit [&hellip;]<\/p>\n","protected":false},"author":1195,"featured_media":0,"parent":0,"menu_order":0,"comment_status":"closed","ping_status":"closed","template":"","meta":{"_acf_changed":false,"footnotes":""},"class_list":["post-246","page","type-page","status-publish","hentry"],"acf":[],"yoast_head":"<!-- This site is optimized with the Yoast SEO plugin v27.1.1 - https:\/\/yoast.com\/product\/yoast-seo-wordpress\/ -->\n<title>Ohjelma\/Program - Neurologisten sairauksien hoitorekisterit ja laadukas hoidonseuranta<\/title>\n<meta name=\"robots\" content=\"index, follow, max-snippet:-1, max-image-preview:large, max-video-preview:-1\" \/>\n<link rel=\"canonical\" href=\"https:\/\/sites.uef.fi\/neurologisten-sairauksien-hoitorekisterit-ja-laadukas-hoidonseuranta\/ohjelma\/\" \/>\n<meta property=\"og:locale\" content=\"fi_FI\" \/>\n<meta property=\"og:type\" content=\"article\" \/>\n<meta property=\"og:title\" content=\"Ohjelma\/Program - Neurologisten sairauksien hoitorekisterit ja laadukas hoidonseuranta\" \/>\n<meta property=\"og:description\" content=\"N\u00e4yt\u00e4 automaattisesti tallennettu versio Neurologisten sairauksien hoitorekisterit ja laadukas hoidonseuranta tutkimuksen ja jaetun p\u00e4\u00e4t\u00f6ksenteon tukena -koulutustapahtuma Tampereella Main language will be Finnish 21.-22.3.2025 Pe 21.3 SEMINAARI 11-11:50 Lounas Finn-Medi 5, ravintola Ellipsi (Biokatu 12)\u200b Seminaari Finn-Medi 5 auditorium\u200b Moderator: Piritta Parkkari La 22.3 TY\u00d6PAJAT Moderator: Piritta Parkkari Paikka: Sokos Hotelli Torni Ohjelma\/Program Neurologisten sairauksien hoitorekisterit [&hellip;]\" \/>\n<meta property=\"og:url\" content=\"https:\/\/sites.uef.fi\/neurologisten-sairauksien-hoitorekisterit-ja-laadukas-hoidonseuranta\/ohjelma\/\" \/>\n<meta property=\"og:site_name\" content=\"Neurologisten sairauksien hoitorekisterit ja laadukas hoidonseuranta\" \/>\n<meta property=\"article:modified_time\" content=\"2025-03-24T11:35:29+00:00\" \/>\n<meta name=\"twitter:card\" content=\"summary_large_image\" \/>\n<meta name=\"twitter:label1\" content=\"Arvioitu lukuaika\" \/>\n\t<meta name=\"twitter:data1\" content=\"6 minuuttia\" \/>\n<script type=\"application\/ld+json\" class=\"yoast-schema-graph\">{\"@context\":\"https:\/\/schema.org\",\"@graph\":[{\"@type\":\"WebPage\",\"@id\":\"https:\/\/sites.uef.fi\/neurologisten-sairauksien-hoitorekisterit-ja-laadukas-hoidonseuranta\/ohjelma\/\",\"url\":\"https:\/\/sites.uef.fi\/neurologisten-sairauksien-hoitorekisterit-ja-laadukas-hoidonseuranta\/ohjelma\/\",\"name\":\"Ohjelma\/Program - Neurologisten sairauksien hoitorekisterit ja laadukas hoidonseuranta\",\"isPartOf\":{\"@id\":\"https:\/\/sites.uef.fi\/neurologisten-sairauksien-hoitorekisterit-ja-laadukas-hoidonseuranta\/#website\"},\"datePublished\":\"2024-12-30T12:23:35+00:00\",\"dateModified\":\"2025-03-24T11:35:29+00:00\",\"breadcrumb\":{\"@id\":\"https:\/\/sites.uef.fi\/neurologisten-sairauksien-hoitorekisterit-ja-laadukas-hoidonseuranta\/ohjelma\/#breadcrumb\"},\"inLanguage\":\"fi\",\"potentialAction\":[{\"@type\":\"ReadAction\",\"target\":[\"https:\/\/sites.uef.fi\/neurologisten-sairauksien-hoitorekisterit-ja-laadukas-hoidonseuranta\/ohjelma\/\"]}]},{\"@type\":\"BreadcrumbList\",\"@id\":\"https:\/\/sites.uef.fi\/neurologisten-sairauksien-hoitorekisterit-ja-laadukas-hoidonseuranta\/ohjelma\/#breadcrumb\",\"itemListElement\":[{\"@type\":\"ListItem\",\"position\":1,\"name\":\"Home\",\"item\":\"https:\/\/sites.uef.fi\/neurologisten-sairauksien-hoitorekisterit-ja-laadukas-hoidonseuranta\/\"},{\"@type\":\"ListItem\",\"position\":2,\"name\":\"Ohjelma\/Program\"}]},{\"@type\":\"WebSite\",\"@id\":\"https:\/\/sites.uef.fi\/neurologisten-sairauksien-hoitorekisterit-ja-laadukas-hoidonseuranta\/#website\",\"url\":\"https:\/\/sites.uef.fi\/neurologisten-sairauksien-hoitorekisterit-ja-laadukas-hoidonseuranta\/\",\"name\":\"Neurologisten sairauksien hoitorekisterit ja laadukas hoidonseuranta\",\"description\":\"\",\"potentialAction\":[{\"@type\":\"SearchAction\",\"target\":{\"@type\":\"EntryPoint\",\"urlTemplate\":\"https:\/\/sites.uef.fi\/neurologisten-sairauksien-hoitorekisterit-ja-laadukas-hoidonseuranta\/?s={search_term_string}\"},\"query-input\":{\"@type\":\"PropertyValueSpecification\",\"valueRequired\":true,\"valueName\":\"search_term_string\"}}],\"inLanguage\":\"fi\"}]}<\/script>\n<!-- \/ Yoast SEO plugin. -->","yoast_head_json":{"title":"Ohjelma\/Program - Neurologisten sairauksien hoitorekisterit ja laadukas hoidonseuranta","robots":{"index":"index","follow":"follow","max-snippet":"max-snippet:-1","max-image-preview":"max-image-preview:large","max-video-preview":"max-video-preview:-1"},"canonical":"https:\/\/sites.uef.fi\/neurologisten-sairauksien-hoitorekisterit-ja-laadukas-hoidonseuranta\/ohjelma\/","og_locale":"fi_FI","og_type":"article","og_title":"Ohjelma\/Program - Neurologisten sairauksien hoitorekisterit ja laadukas hoidonseuranta","og_description":"N\u00e4yt\u00e4 automaattisesti tallennettu versio Neurologisten sairauksien hoitorekisterit ja laadukas hoidonseuranta tutkimuksen ja jaetun p\u00e4\u00e4t\u00f6ksenteon tukena -koulutustapahtuma Tampereella Main language will be Finnish 21.-22.3.2025 Pe 21.3 SEMINAARI 11-11:50 Lounas Finn-Medi 5, ravintola Ellipsi (Biokatu 12)\u200b Seminaari Finn-Medi 5 auditorium\u200b Moderator: Piritta Parkkari La 22.3 TY\u00d6PAJAT Moderator: Piritta Parkkari Paikka: Sokos Hotelli Torni Ohjelma\/Program Neurologisten sairauksien hoitorekisterit [&hellip;]","og_url":"https:\/\/sites.uef.fi\/neurologisten-sairauksien-hoitorekisterit-ja-laadukas-hoidonseuranta\/ohjelma\/","og_site_name":"Neurologisten sairauksien hoitorekisterit ja laadukas hoidonseuranta","article_modified_time":"2025-03-24T11:35:29+00:00","twitter_card":"summary_large_image","twitter_misc":{"Arvioitu lukuaika":"6 minuuttia"},"schema":{"@context":"https:\/\/schema.org","@graph":[{"@type":"WebPage","@id":"https:\/\/sites.uef.fi\/neurologisten-sairauksien-hoitorekisterit-ja-laadukas-hoidonseuranta\/ohjelma\/","url":"https:\/\/sites.uef.fi\/neurologisten-sairauksien-hoitorekisterit-ja-laadukas-hoidonseuranta\/ohjelma\/","name":"Ohjelma\/Program - Neurologisten sairauksien hoitorekisterit ja laadukas hoidonseuranta","isPartOf":{"@id":"https:\/\/sites.uef.fi\/neurologisten-sairauksien-hoitorekisterit-ja-laadukas-hoidonseuranta\/#website"},"datePublished":"2024-12-30T12:23:35+00:00","dateModified":"2025-03-24T11:35:29+00:00","breadcrumb":{"@id":"https:\/\/sites.uef.fi\/neurologisten-sairauksien-hoitorekisterit-ja-laadukas-hoidonseuranta\/ohjelma\/#breadcrumb"},"inLanguage":"fi","potentialAction":[{"@type":"ReadAction","target":["https:\/\/sites.uef.fi\/neurologisten-sairauksien-hoitorekisterit-ja-laadukas-hoidonseuranta\/ohjelma\/"]}]},{"@type":"BreadcrumbList","@id":"https:\/\/sites.uef.fi\/neurologisten-sairauksien-hoitorekisterit-ja-laadukas-hoidonseuranta\/ohjelma\/#breadcrumb","itemListElement":[{"@type":"ListItem","position":1,"name":"Home","item":"https:\/\/sites.uef.fi\/neurologisten-sairauksien-hoitorekisterit-ja-laadukas-hoidonseuranta\/"},{"@type":"ListItem","position":2,"name":"Ohjelma\/Program"}]},{"@type":"WebSite","@id":"https:\/\/sites.uef.fi\/neurologisten-sairauksien-hoitorekisterit-ja-laadukas-hoidonseuranta\/#website","url":"https:\/\/sites.uef.fi\/neurologisten-sairauksien-hoitorekisterit-ja-laadukas-hoidonseuranta\/","name":"Neurologisten sairauksien hoitorekisterit ja laadukas hoidonseuranta","description":"","potentialAction":[{"@type":"SearchAction","target":{"@type":"EntryPoint","urlTemplate":"https:\/\/sites.uef.fi\/neurologisten-sairauksien-hoitorekisterit-ja-laadukas-hoidonseuranta\/?s={search_term_string}"},"query-input":{"@type":"PropertyValueSpecification","valueRequired":true,"valueName":"search_term_string"}}],"inLanguage":"fi"}]}},"_links":{"self":[{"href":"https:\/\/sites.uef.fi\/neurologisten-sairauksien-hoitorekisterit-ja-laadukas-hoidonseuranta\/wp-json\/wp\/v2\/pages\/246","targetHints":{"allow":["GET"]}}],"collection":[{"href":"https:\/\/sites.uef.fi\/neurologisten-sairauksien-hoitorekisterit-ja-laadukas-hoidonseuranta\/wp-json\/wp\/v2\/pages"}],"about":[{"href":"https:\/\/sites.uef.fi\/neurologisten-sairauksien-hoitorekisterit-ja-laadukas-hoidonseuranta\/wp-json\/wp\/v2\/types\/page"}],"author":[{"embeddable":true,"href":"https:\/\/sites.uef.fi\/neurologisten-sairauksien-hoitorekisterit-ja-laadukas-hoidonseuranta\/wp-json\/wp\/v2\/users\/1195"}],"replies":[{"embeddable":true,"href":"https:\/\/sites.uef.fi\/neurologisten-sairauksien-hoitorekisterit-ja-laadukas-hoidonseuranta\/wp-json\/wp\/v2\/comments?post=246"}],"version-history":[{"count":1,"href":"https:\/\/sites.uef.fi\/neurologisten-sairauksien-hoitorekisterit-ja-laadukas-hoidonseuranta\/wp-json\/wp\/v2\/pages\/246\/revisions"}],"predecessor-version":[{"id":425,"href":"https:\/\/sites.uef.fi\/neurologisten-sairauksien-hoitorekisterit-ja-laadukas-hoidonseuranta\/wp-json\/wp\/v2\/pages\/246\/revisions\/425"}],"wp:attachment":[{"href":"https:\/\/sites.uef.fi\/neurologisten-sairauksien-hoitorekisterit-ja-laadukas-hoidonseuranta\/wp-json\/wp\/v2\/media?parent=246"}],"curies":[{"name":"wp","href":"https:\/\/api.w.org\/{rel}","templated":true}]}}