{"id":250,"date":"2024-12-30T14:20:40","date_gmt":"2024-12-30T12:20:40","guid":{"rendered":"https:\/\/sites.uef.fi\/neurologisten-sairauksien-hoitorekisterit-ja-laadukas-hoidonseuranta\/?page_id=250"},"modified":"2025-01-24T18:53:10","modified_gmt":"2025-01-24T16:53:10","slug":"ilmoittautuminen","status":"publish","type":"page","link":"https:\/\/sites.uef.fi\/neurologisten-sairauksien-hoitorekisterit-ja-laadukas-hoidonseuranta\/ilmoittautuminen\/","title":{"rendered":"Sijainti ja ilmoittautuminen"},"content":{"rendered":"\n<p><\/p>\n\n\n\n<p><strong>Pe 21.3 Tapahtuman sijainti: Finn-Medi 5, Biokatu 12<\/strong><\/p>\n\n\n\n<p><a href=\"https:\/\/eur03.safelinks.protection.outlook.com\/?url=https%3A%2F%2Fwww.pirha.fi%2Ftoimipisteet%2Fsairaalat-ja-hoitoyksikot%2Ftays-keskussairaala%2Ftayskartta&amp;data=05%7C02%7Ckaisa.unkila%40uef.fi%7Cc489259794e24f40925e08dd360a3e09%7C87879f2e73044bf2baf263e7f83f3c34%7C0%7C0%7C638726139816267654%7CUnknown%7CTWFpbGZsb3d8eyJFbXB0eU1hcGkiOnRydWUsIlYiOiIwLjAuMDAwMCIsIlAiOiJXaW4zMiIsIkFOIjoiTWFpbCIsIldUIjoyfQ%3D%3D%7C0%7C%7C%7C&amp;sdata=ssPCjMXz9NN3xWeZyeHhc2UwoZAbuVLkYpwnMZNQnvM%3D&amp;reserved=0\">https:\/\/www.pirha.fi\/toimipisteet\/sairaalat-ja-hoitoyksikot\/tays-keskussairaala\/tayskartta<\/a><\/p>\n\n\n\n<p>Lounas: Finn-Medi 5, ravintola Ellipsi, Biokatu 12<\/p>\n\n\n\n<p>Seminaari: Finn-Medi 5 auditorium\u200b<\/p>\n\n\n\n<p>Verkostoitumisp\u00e4iv\u00e4llinen: Finn-Medi 5, ravintola Ellipsi, Biokatu 12<\/p>\n\n\n\n<p><strong>La 22.3.2025 ty\u00f6pajat<\/strong> <\/p>\n\n\n\n<p>Solo Sokos Hotel Tornissa Tampereella, <a href=\"https:\/\/www.sokoshotels.fi\/hotellit\/tampere\/solo-sokos-hotel-torni-tampere\/kulkuyhteydet\">Ratapihankatu 43, 33100 Tampere<\/a><\/p>\n\n\n\n<p>Omakustanteista y\u00f6pymist\u00e4 varten on varattu majoituskiinti\u00f6:<\/p>\n\n\n\n<p> <a href=\"https:\/\/www.sokoshotels.fi\/hotellit\/tampere\/solo-sokos-hotel-torni-tampere\">Solo Sokos Hotel Tornista Tampereelta<\/a><\/p>\n\n\n\n<p><strong>Voit ilmoittautua joko molempiin p\u00e4iviin tai vain jompaan kumpaan:<\/strong><\/p>\n\n\n\n<p><a href=\"https:\/\/link.webropolsurveys.com\/S\/B86C5F0EBC42B608\">https:\/\/link.webropolsurveys.com\/S\/B86C5F0EBC42B608<\/a><\/p>\n\n\n\n<p><\/p>\n\n\n\n<p><\/p>\n\n\n\n<p><\/p>\n","protected":false},"excerpt":{"rendered":"<p>Pe 21.3 Tapahtuman sijainti: Finn-Medi 5, Biokatu 12 https:\/\/www.pirha.fi\/toimipisteet\/sairaalat-ja-hoitoyksikot\/tays-keskussairaala\/tayskartta Lounas: Finn-Medi 5, ravintola Ellipsi, Biokatu 12 Seminaari: Finn-Medi 5 auditorium\u200b Verkostoitumisp\u00e4iv\u00e4llinen: Finn-Medi 5, ravintola Ellipsi, Biokatu 12 La 22.3.2025 ty\u00f6pajat Solo Sokos Hotel Tornissa Tampereella, Ratapihankatu 43, 33100 Tampere Omakustanteista y\u00f6pymist\u00e4 varten on varattu majoituskiinti\u00f6: Solo Sokos Hotel Tornista Tampereelta Voit ilmoittautua joko molempiin p\u00e4iviin [&hellip;]<\/p>\n","protected":false},"author":1195,"featured_media":0,"parent":0,"menu_order":0,"comment_status":"closed","ping_status":"closed","template":"","meta":{"_acf_changed":false,"footnotes":""},"class_list":["post-250","page","type-page","status-publish","hentry"],"acf":[],"yoast_head":"<!-- This site is optimized with the Yoast SEO plugin v27.1.1 - https:\/\/yoast.com\/product\/yoast-seo-wordpress\/ -->\n<title>Sijainti ja ilmoittautuminen - Neurologisten sairauksien hoitorekisterit ja laadukas hoidonseuranta<\/title>\n<meta name=\"robots\" content=\"index, follow, max-snippet:-1, max-image-preview:large, max-video-preview:-1\" \/>\n<link rel=\"canonical\" href=\"https:\/\/sites.uef.fi\/neurologisten-sairauksien-hoitorekisterit-ja-laadukas-hoidonseuranta\/ilmoittautuminen\/\" \/>\n<meta property=\"og:locale\" content=\"fi_FI\" \/>\n<meta property=\"og:type\" content=\"article\" \/>\n<meta property=\"og:title\" content=\"Sijainti ja ilmoittautuminen - Neurologisten sairauksien hoitorekisterit ja laadukas hoidonseuranta\" \/>\n<meta property=\"og:description\" content=\"Pe 21.3 Tapahtuman sijainti: Finn-Medi 5, Biokatu 12 https:\/\/www.pirha.fi\/toimipisteet\/sairaalat-ja-hoitoyksikot\/tays-keskussairaala\/tayskartta Lounas: Finn-Medi 5, ravintola Ellipsi, Biokatu 12 Seminaari: Finn-Medi 5 auditorium\u200b Verkostoitumisp\u00e4iv\u00e4llinen: Finn-Medi 5, ravintola Ellipsi, Biokatu 12 La 22.3.2025 ty\u00f6pajat Solo Sokos Hotel Tornissa Tampereella, Ratapihankatu 43, 33100 Tampere Omakustanteista y\u00f6pymist\u00e4 varten on varattu majoituskiinti\u00f6: Solo Sokos Hotel Tornista Tampereelta Voit ilmoittautua joko molempiin p\u00e4iviin [&hellip;]\" \/>\n<meta property=\"og:url\" content=\"https:\/\/sites.uef.fi\/neurologisten-sairauksien-hoitorekisterit-ja-laadukas-hoidonseuranta\/ilmoittautuminen\/\" \/>\n<meta property=\"og:site_name\" content=\"Neurologisten sairauksien hoitorekisterit ja laadukas hoidonseuranta\" \/>\n<meta property=\"article:modified_time\" content=\"2025-01-24T16:53:10+00:00\" \/>\n<meta name=\"twitter:card\" content=\"summary_large_image\" \/>\n<meta name=\"twitter:label1\" content=\"Arvioitu lukuaika\" \/>\n\t<meta name=\"twitter:data1\" content=\"1 minuutti\" \/>\n<script type=\"application\/ld+json\" class=\"yoast-schema-graph\">{\"@context\":\"https:\/\/schema.org\",\"@graph\":[{\"@type\":\"WebPage\",\"@id\":\"https:\/\/sites.uef.fi\/neurologisten-sairauksien-hoitorekisterit-ja-laadukas-hoidonseuranta\/ilmoittautuminen\/\",\"url\":\"https:\/\/sites.uef.fi\/neurologisten-sairauksien-hoitorekisterit-ja-laadukas-hoidonseuranta\/ilmoittautuminen\/\",\"name\":\"Sijainti ja ilmoittautuminen - Neurologisten sairauksien hoitorekisterit ja laadukas hoidonseuranta\",\"isPartOf\":{\"@id\":\"https:\/\/sites.uef.fi\/neurologisten-sairauksien-hoitorekisterit-ja-laadukas-hoidonseuranta\/#website\"},\"datePublished\":\"2024-12-30T12:20:40+00:00\",\"dateModified\":\"2025-01-24T16:53:10+00:00\",\"breadcrumb\":{\"@id\":\"https:\/\/sites.uef.fi\/neurologisten-sairauksien-hoitorekisterit-ja-laadukas-hoidonseuranta\/ilmoittautuminen\/#breadcrumb\"},\"inLanguage\":\"fi\",\"potentialAction\":[{\"@type\":\"ReadAction\",\"target\":[\"https:\/\/sites.uef.fi\/neurologisten-sairauksien-hoitorekisterit-ja-laadukas-hoidonseuranta\/ilmoittautuminen\/\"]}]},{\"@type\":\"BreadcrumbList\",\"@id\":\"https:\/\/sites.uef.fi\/neurologisten-sairauksien-hoitorekisterit-ja-laadukas-hoidonseuranta\/ilmoittautuminen\/#breadcrumb\",\"itemListElement\":[{\"@type\":\"ListItem\",\"position\":1,\"name\":\"Home\",\"item\":\"https:\/\/sites.uef.fi\/neurologisten-sairauksien-hoitorekisterit-ja-laadukas-hoidonseuranta\/\"},{\"@type\":\"ListItem\",\"position\":2,\"name\":\"Sijainti ja ilmoittautuminen\"}]},{\"@type\":\"WebSite\",\"@id\":\"https:\/\/sites.uef.fi\/neurologisten-sairauksien-hoitorekisterit-ja-laadukas-hoidonseuranta\/#website\",\"url\":\"https:\/\/sites.uef.fi\/neurologisten-sairauksien-hoitorekisterit-ja-laadukas-hoidonseuranta\/\",\"name\":\"Neurologisten sairauksien hoitorekisterit ja laadukas hoidonseuranta\",\"description\":\"\",\"potentialAction\":[{\"@type\":\"SearchAction\",\"target\":{\"@type\":\"EntryPoint\",\"urlTemplate\":\"https:\/\/sites.uef.fi\/neurologisten-sairauksien-hoitorekisterit-ja-laadukas-hoidonseuranta\/?s={search_term_string}\"},\"query-input\":{\"@type\":\"PropertyValueSpecification\",\"valueRequired\":true,\"valueName\":\"search_term_string\"}}],\"inLanguage\":\"fi\"}]}<\/script>\n<!-- \/ Yoast SEO plugin. -->","yoast_head_json":{"title":"Sijainti ja ilmoittautuminen - Neurologisten sairauksien hoitorekisterit ja laadukas hoidonseuranta","robots":{"index":"index","follow":"follow","max-snippet":"max-snippet:-1","max-image-preview":"max-image-preview:large","max-video-preview":"max-video-preview:-1"},"canonical":"https:\/\/sites.uef.fi\/neurologisten-sairauksien-hoitorekisterit-ja-laadukas-hoidonseuranta\/ilmoittautuminen\/","og_locale":"fi_FI","og_type":"article","og_title":"Sijainti ja ilmoittautuminen - Neurologisten sairauksien hoitorekisterit ja laadukas hoidonseuranta","og_description":"Pe 21.3 Tapahtuman sijainti: Finn-Medi 5, Biokatu 12 https:\/\/www.pirha.fi\/toimipisteet\/sairaalat-ja-hoitoyksikot\/tays-keskussairaala\/tayskartta Lounas: Finn-Medi 5, ravintola Ellipsi, Biokatu 12 Seminaari: Finn-Medi 5 auditorium\u200b Verkostoitumisp\u00e4iv\u00e4llinen: Finn-Medi 5, ravintola Ellipsi, Biokatu 12 La 22.3.2025 ty\u00f6pajat Solo Sokos Hotel Tornissa Tampereella, Ratapihankatu 43, 33100 Tampere Omakustanteista y\u00f6pymist\u00e4 varten on varattu majoituskiinti\u00f6: Solo Sokos Hotel Tornista Tampereelta Voit ilmoittautua joko molempiin p\u00e4iviin [&hellip;]","og_url":"https:\/\/sites.uef.fi\/neurologisten-sairauksien-hoitorekisterit-ja-laadukas-hoidonseuranta\/ilmoittautuminen\/","og_site_name":"Neurologisten sairauksien hoitorekisterit ja laadukas hoidonseuranta","article_modified_time":"2025-01-24T16:53:10+00:00","twitter_card":"summary_large_image","twitter_misc":{"Arvioitu lukuaika":"1 minuutti"},"schema":{"@context":"https:\/\/schema.org","@graph":[{"@type":"WebPage","@id":"https:\/\/sites.uef.fi\/neurologisten-sairauksien-hoitorekisterit-ja-laadukas-hoidonseuranta\/ilmoittautuminen\/","url":"https:\/\/sites.uef.fi\/neurologisten-sairauksien-hoitorekisterit-ja-laadukas-hoidonseuranta\/ilmoittautuminen\/","name":"Sijainti ja ilmoittautuminen - Neurologisten sairauksien hoitorekisterit ja laadukas hoidonseuranta","isPartOf":{"@id":"https:\/\/sites.uef.fi\/neurologisten-sairauksien-hoitorekisterit-ja-laadukas-hoidonseuranta\/#website"},"datePublished":"2024-12-30T12:20:40+00:00","dateModified":"2025-01-24T16:53:10+00:00","breadcrumb":{"@id":"https:\/\/sites.uef.fi\/neurologisten-sairauksien-hoitorekisterit-ja-laadukas-hoidonseuranta\/ilmoittautuminen\/#breadcrumb"},"inLanguage":"fi","potentialAction":[{"@type":"ReadAction","target":["https:\/\/sites.uef.fi\/neurologisten-sairauksien-hoitorekisterit-ja-laadukas-hoidonseuranta\/ilmoittautuminen\/"]}]},{"@type":"BreadcrumbList","@id":"https:\/\/sites.uef.fi\/neurologisten-sairauksien-hoitorekisterit-ja-laadukas-hoidonseuranta\/ilmoittautuminen\/#breadcrumb","itemListElement":[{"@type":"ListItem","position":1,"name":"Home","item":"https:\/\/sites.uef.fi\/neurologisten-sairauksien-hoitorekisterit-ja-laadukas-hoidonseuranta\/"},{"@type":"ListItem","position":2,"name":"Sijainti ja ilmoittautuminen"}]},{"@type":"WebSite","@id":"https:\/\/sites.uef.fi\/neurologisten-sairauksien-hoitorekisterit-ja-laadukas-hoidonseuranta\/#website","url":"https:\/\/sites.uef.fi\/neurologisten-sairauksien-hoitorekisterit-ja-laadukas-hoidonseuranta\/","name":"Neurologisten sairauksien hoitorekisterit ja laadukas hoidonseuranta","description":"","potentialAction":[{"@type":"SearchAction","target":{"@type":"EntryPoint","urlTemplate":"https:\/\/sites.uef.fi\/neurologisten-sairauksien-hoitorekisterit-ja-laadukas-hoidonseuranta\/?s={search_term_string}"},"query-input":{"@type":"PropertyValueSpecification","valueRequired":true,"valueName":"search_term_string"}}],"inLanguage":"fi"}]}},"_links":{"self":[{"href":"https:\/\/sites.uef.fi\/neurologisten-sairauksien-hoitorekisterit-ja-laadukas-hoidonseuranta\/wp-json\/wp\/v2\/pages\/250","targetHints":{"allow":["GET"]}}],"collection":[{"href":"https:\/\/sites.uef.fi\/neurologisten-sairauksien-hoitorekisterit-ja-laadukas-hoidonseuranta\/wp-json\/wp\/v2\/pages"}],"about":[{"href":"https:\/\/sites.uef.fi\/neurologisten-sairauksien-hoitorekisterit-ja-laadukas-hoidonseuranta\/wp-json\/wp\/v2\/types\/page"}],"author":[{"embeddable":true,"href":"https:\/\/sites.uef.fi\/neurologisten-sairauksien-hoitorekisterit-ja-laadukas-hoidonseuranta\/wp-json\/wp\/v2\/users\/1195"}],"replies":[{"embeddable":true,"href":"https:\/\/sites.uef.fi\/neurologisten-sairauksien-hoitorekisterit-ja-laadukas-hoidonseuranta\/wp-json\/wp\/v2\/comments?post=250"}],"version-history":[{"count":1,"href":"https:\/\/sites.uef.fi\/neurologisten-sairauksien-hoitorekisterit-ja-laadukas-hoidonseuranta\/wp-json\/wp\/v2\/pages\/250\/revisions"}],"predecessor-version":[{"id":344,"href":"https:\/\/sites.uef.fi\/neurologisten-sairauksien-hoitorekisterit-ja-laadukas-hoidonseuranta\/wp-json\/wp\/v2\/pages\/250\/revisions\/344"}],"wp:attachment":[{"href":"https:\/\/sites.uef.fi\/neurologisten-sairauksien-hoitorekisterit-ja-laadukas-hoidonseuranta\/wp-json\/wp\/v2\/media?parent=250"}],"curies":[{"name":"wp","href":"https:\/\/api.w.org\/{rel}","templated":true}]}}