{"id":252,"date":"2024-12-30T14:21:01","date_gmt":"2024-12-30T12:21:01","guid":{"rendered":"https:\/\/sites.uef.fi\/neurologisten-sairauksien-hoitorekisterit-ja-laadukas-hoidonseuranta\/?page_id=252"},"modified":"2025-02-24T16:17:06","modified_gmt":"2025-02-24T14:17:06","slug":"majoitus-tampereella","status":"publish","type":"page","link":"https:\/\/sites.uef.fi\/neurologisten-sairauksien-hoitorekisterit-ja-laadukas-hoidonseuranta\/majoitus-tampereella\/","title":{"rendered":"Majoitus Tampereella\/Accomodation"},"content":{"rendered":"\n<p>Osallistujille on varattu kiinti\u00f6 Sokos Hotel Torni Tampere perjantaiksi 21.3.2025. Osallistujat varaavat hotellinsa itse. K\u00e4yt\u00e4 varauskoodia: <strong>B32025KNK<\/strong><\/p>\n\n\n\n<p><strong>30 huonetta<\/strong><\/p>\n\n\n\n<p>Solo yhden hengen huone&nbsp; &nbsp; &nbsp; &nbsp; &nbsp; &nbsp; &nbsp; 160 \u20ac\/ huone \/ y\u00f6<\/p>\n\n\n\n<p>Solo kahden hengen huone&nbsp; &nbsp; &nbsp; &nbsp; &nbsp; &nbsp; &nbsp;180 \u20ac\/ huone \/ y\u00f6<\/p>\n\n\n\n<p>Huonehintaan sis\u00e4ltyy runsas hotelliaamiainen, langaton internetyhteys (Wi-Fi) ja 14% ALV. Pid\u00e4t\u00e4mme oikeuden ALV muutokseen. Hotellihuoneet ovat k\u00e4ytett\u00e4viss\u00e4nne tulop\u00e4iv\u00e4n\u00e4 klo 15:00 alkaen l\u00e4ht\u00f6p\u00e4iv\u00e4\u00e4n klo 12:00 saakka.<\/p>\n\n\n\n<p><strong>Varaukset:<\/strong><\/p>\n\n\n\n<p>Sokos Hotels Myyntipalvelu Puhelin: +358 300 870 000 \/ yksitt\u00e4iset huonevaraukset S\u00e4hk\u00f6posti:&nbsp;<a href=\"mailto:sokos.hotels@sok.fi\">sokos.hotels@sok.fi<\/a>&nbsp;Mainitkaa yst\u00e4v\u00e4llisesti kiinti\u00f6tunnus \u201d<strong>B32025KNK<\/strong>\u201d varausta tehdess\u00e4.<\/p>\n\n\n\n<p><a href=\"https:\/\/eur03.safelinks.protection.outlook.com\/?url=https%3A%2F%2Fwww.sokoshotels.fi%2Ffi%2Fhotellit&amp;data=05%7C02%7Ckaisa.unkila%40uef.fi%7C7cd8107045934270adf508dd3ecd3b07%7C87879f2e73044bf2baf263e7f83f3c34%7C0%7C0%7C638735773391550831%7CUnknown%7CTWFpbGZsb3d8eyJFbXB0eU1hcGkiOnRydWUsIlYiOiIwLjAuMDAwMCIsIlAiOiJXaW4zMiIsIkFOIjoiTWFpbCIsIldUIjoyfQ%3D%3D%7C0%7C%7C%7C&amp;sdata=wpx49f5AOqqyPyxa%2ByZ5EYk1pu6mRURQ3IEYOxnPbJw%3D&amp;reserved=0\">www.sokoshotels.fi<\/a>\u2013 varauskoodi netiss\u00e4&nbsp;<strong>B32025KNK<\/strong><\/p>\n\n\n\n<p>Huonevaraukset tulee tehd\u00e4 14.3.2025 klo 18 menness\u00e4.<\/p>\n\n\n\n<p>Huomioithan, ett\u00e4 erikoishintaisia huoneita on saatavilla rajoitettu m\u00e4\u00e4r\u00e4.<\/p>\n\n\n\n<p><strong>Maksutapa:<\/strong>&nbsp;Jokainen majoittuja vastaa itse omista majoituskuluistaan. Maksutapana hyv\u00e4ksymme k\u00e4teisen, pankkikortin tai luottokortin.<\/p>\n\n\n\n<p><strong>Varauksen voimassaolo:<\/strong>&nbsp;Kiinti\u00f6st\u00e4 tehdyt huonevaraukset tulee vahvistaa luottokortilla varauksen yhteydess\u00e4 tai maksaa etuk\u00e4teen. Huomioittehan yst\u00e4v\u00e4llisesti, ett\u00e4 tietosuojasyist\u00e4 luottokorttitietoja ei saa l\u00e4hett\u00e4\u00e4 s\u00e4hk\u00f6postilla. Kiinti\u00f6st\u00e4 tehdyn yksitt\u00e4isen varauksen viimeinen kuluton peruutusp\u00e4iv\u00e4 on 7 vuorokautta ennen tulop\u00e4iv\u00e4\u00e4, ellei toisin ole sovittu.<\/p>\n\n\n\n<p><strong>Kiinti\u00f6n voimassaolo:<\/strong><\/p>\n\n\n\n<p>Huoneet ovat varattavissa erikseen sovitulla kiinti\u00f6tunnuksella vahvistuksessa mainitulle ajankohdalle. Kiinti\u00f6n varaamattomista huoneista 50 % vapautetaan myyntiin 11.3.2025<\/p>\n\n\n\n<p>Loput kiinti\u00f6n varaamattomista huoneista vapautuvat automaattisesti myyntiin 14.3.2025 klo 18.00.<\/p>\n\n\n\n<p><a href=\"https:\/\/www.sokoshotels.fi\/hotellit\/tampere\/solo-sokos-hotel-torni-tampere\">Solo Sokos Hotel Torni Tampere | Hotellit Tampere &#8211; sokoshotels.fi<\/a><\/p>\n\n\n\n<p><\/p>\n","protected":false},"excerpt":{"rendered":"<p>Osallistujille on varattu kiinti\u00f6 Sokos Hotel Torni Tampere perjantaiksi 21.3.2025. Osallistujat varaavat hotellinsa itse. K\u00e4yt\u00e4 varauskoodia: B32025KNK 30 huonetta Solo yhden hengen huone&nbsp; &nbsp; &nbsp; &nbsp; &nbsp; &nbsp; &nbsp; 160 \u20ac\/ huone \/ y\u00f6 Solo kahden hengen huone&nbsp; &nbsp; &nbsp; &nbsp; &nbsp; &nbsp; &nbsp;180 \u20ac\/ huone \/ y\u00f6 Huonehintaan sis\u00e4ltyy runsas hotelliaamiainen, langaton internetyhteys (Wi-Fi) [&hellip;]<\/p>\n","protected":false},"author":1195,"featured_media":0,"parent":0,"menu_order":0,"comment_status":"closed","ping_status":"closed","template":"","meta":{"_acf_changed":false,"footnotes":""},"class_list":["post-252","page","type-page","status-publish","hentry"],"acf":[],"yoast_head":"<!-- This site is optimized with the Yoast SEO plugin v27.1.1 - https:\/\/yoast.com\/product\/yoast-seo-wordpress\/ -->\n<title>Majoitus Tampereella\/Accomodation - Neurologisten sairauksien hoitorekisterit ja laadukas hoidonseuranta<\/title>\n<meta name=\"robots\" content=\"index, follow, max-snippet:-1, max-image-preview:large, max-video-preview:-1\" \/>\n<link rel=\"canonical\" href=\"https:\/\/sites.uef.fi\/neurologisten-sairauksien-hoitorekisterit-ja-laadukas-hoidonseuranta\/majoitus-tampereella\/\" \/>\n<meta property=\"og:locale\" content=\"fi_FI\" \/>\n<meta property=\"og:type\" content=\"article\" \/>\n<meta property=\"og:title\" content=\"Majoitus Tampereella\/Accomodation - Neurologisten sairauksien hoitorekisterit ja laadukas hoidonseuranta\" \/>\n<meta property=\"og:description\" content=\"Osallistujille on varattu kiinti\u00f6 Sokos Hotel Torni Tampere perjantaiksi 21.3.2025. Osallistujat varaavat hotellinsa itse. K\u00e4yt\u00e4 varauskoodia: B32025KNK 30 huonetta Solo yhden hengen huone&nbsp; &nbsp; &nbsp; &nbsp; &nbsp; &nbsp; &nbsp; 160 \u20ac\/ huone \/ y\u00f6 Solo kahden hengen huone&nbsp; &nbsp; &nbsp; &nbsp; &nbsp; &nbsp; &nbsp;180 \u20ac\/ huone \/ y\u00f6 Huonehintaan sis\u00e4ltyy runsas hotelliaamiainen, langaton internetyhteys (Wi-Fi) [&hellip;]\" \/>\n<meta property=\"og:url\" content=\"https:\/\/sites.uef.fi\/neurologisten-sairauksien-hoitorekisterit-ja-laadukas-hoidonseuranta\/majoitus-tampereella\/\" \/>\n<meta property=\"og:site_name\" content=\"Neurologisten sairauksien hoitorekisterit ja laadukas hoidonseuranta\" \/>\n<meta property=\"article:modified_time\" content=\"2025-02-24T14:17:06+00:00\" \/>\n<meta name=\"twitter:card\" content=\"summary_large_image\" \/>\n<meta name=\"twitter:label1\" content=\"Arvioitu lukuaika\" \/>\n\t<meta name=\"twitter:data1\" content=\"2 minuuttia\" \/>\n<script type=\"application\/ld+json\" class=\"yoast-schema-graph\">{\"@context\":\"https:\/\/schema.org\",\"@graph\":[{\"@type\":\"WebPage\",\"@id\":\"https:\/\/sites.uef.fi\/neurologisten-sairauksien-hoitorekisterit-ja-laadukas-hoidonseuranta\/majoitus-tampereella\/\",\"url\":\"https:\/\/sites.uef.fi\/neurologisten-sairauksien-hoitorekisterit-ja-laadukas-hoidonseuranta\/majoitus-tampereella\/\",\"name\":\"Majoitus Tampereella\/Accomodation - Neurologisten sairauksien hoitorekisterit ja laadukas hoidonseuranta\",\"isPartOf\":{\"@id\":\"https:\/\/sites.uef.fi\/neurologisten-sairauksien-hoitorekisterit-ja-laadukas-hoidonseuranta\/#website\"},\"datePublished\":\"2024-12-30T12:21:01+00:00\",\"dateModified\":\"2025-02-24T14:17:06+00:00\",\"breadcrumb\":{\"@id\":\"https:\/\/sites.uef.fi\/neurologisten-sairauksien-hoitorekisterit-ja-laadukas-hoidonseuranta\/majoitus-tampereella\/#breadcrumb\"},\"inLanguage\":\"fi\",\"potentialAction\":[{\"@type\":\"ReadAction\",\"target\":[\"https:\/\/sites.uef.fi\/neurologisten-sairauksien-hoitorekisterit-ja-laadukas-hoidonseuranta\/majoitus-tampereella\/\"]}]},{\"@type\":\"BreadcrumbList\",\"@id\":\"https:\/\/sites.uef.fi\/neurologisten-sairauksien-hoitorekisterit-ja-laadukas-hoidonseuranta\/majoitus-tampereella\/#breadcrumb\",\"itemListElement\":[{\"@type\":\"ListItem\",\"position\":1,\"name\":\"Home\",\"item\":\"https:\/\/sites.uef.fi\/neurologisten-sairauksien-hoitorekisterit-ja-laadukas-hoidonseuranta\/\"},{\"@type\":\"ListItem\",\"position\":2,\"name\":\"Majoitus Tampereella\/Accomodation\"}]},{\"@type\":\"WebSite\",\"@id\":\"https:\/\/sites.uef.fi\/neurologisten-sairauksien-hoitorekisterit-ja-laadukas-hoidonseuranta\/#website\",\"url\":\"https:\/\/sites.uef.fi\/neurologisten-sairauksien-hoitorekisterit-ja-laadukas-hoidonseuranta\/\",\"name\":\"Neurologisten sairauksien hoitorekisterit ja laadukas hoidonseuranta\",\"description\":\"\",\"potentialAction\":[{\"@type\":\"SearchAction\",\"target\":{\"@type\":\"EntryPoint\",\"urlTemplate\":\"https:\/\/sites.uef.fi\/neurologisten-sairauksien-hoitorekisterit-ja-laadukas-hoidonseuranta\/?s={search_term_string}\"},\"query-input\":{\"@type\":\"PropertyValueSpecification\",\"valueRequired\":true,\"valueName\":\"search_term_string\"}}],\"inLanguage\":\"fi\"}]}<\/script>\n<!-- \/ Yoast SEO plugin. -->","yoast_head_json":{"title":"Majoitus Tampereella\/Accomodation - Neurologisten sairauksien hoitorekisterit ja laadukas hoidonseuranta","robots":{"index":"index","follow":"follow","max-snippet":"max-snippet:-1","max-image-preview":"max-image-preview:large","max-video-preview":"max-video-preview:-1"},"canonical":"https:\/\/sites.uef.fi\/neurologisten-sairauksien-hoitorekisterit-ja-laadukas-hoidonseuranta\/majoitus-tampereella\/","og_locale":"fi_FI","og_type":"article","og_title":"Majoitus Tampereella\/Accomodation - Neurologisten sairauksien hoitorekisterit ja laadukas hoidonseuranta","og_description":"Osallistujille on varattu kiinti\u00f6 Sokos Hotel Torni Tampere perjantaiksi 21.3.2025. Osallistujat varaavat hotellinsa itse. K\u00e4yt\u00e4 varauskoodia: B32025KNK 30 huonetta Solo yhden hengen huone&nbsp; &nbsp; &nbsp; &nbsp; &nbsp; &nbsp; &nbsp; 160 \u20ac\/ huone \/ y\u00f6 Solo kahden hengen huone&nbsp; &nbsp; &nbsp; &nbsp; &nbsp; &nbsp; &nbsp;180 \u20ac\/ huone \/ y\u00f6 Huonehintaan sis\u00e4ltyy runsas hotelliaamiainen, langaton internetyhteys (Wi-Fi) [&hellip;]","og_url":"https:\/\/sites.uef.fi\/neurologisten-sairauksien-hoitorekisterit-ja-laadukas-hoidonseuranta\/majoitus-tampereella\/","og_site_name":"Neurologisten sairauksien hoitorekisterit ja laadukas hoidonseuranta","article_modified_time":"2025-02-24T14:17:06+00:00","twitter_card":"summary_large_image","twitter_misc":{"Arvioitu lukuaika":"2 minuuttia"},"schema":{"@context":"https:\/\/schema.org","@graph":[{"@type":"WebPage","@id":"https:\/\/sites.uef.fi\/neurologisten-sairauksien-hoitorekisterit-ja-laadukas-hoidonseuranta\/majoitus-tampereella\/","url":"https:\/\/sites.uef.fi\/neurologisten-sairauksien-hoitorekisterit-ja-laadukas-hoidonseuranta\/majoitus-tampereella\/","name":"Majoitus Tampereella\/Accomodation - Neurologisten sairauksien hoitorekisterit ja laadukas hoidonseuranta","isPartOf":{"@id":"https:\/\/sites.uef.fi\/neurologisten-sairauksien-hoitorekisterit-ja-laadukas-hoidonseuranta\/#website"},"datePublished":"2024-12-30T12:21:01+00:00","dateModified":"2025-02-24T14:17:06+00:00","breadcrumb":{"@id":"https:\/\/sites.uef.fi\/neurologisten-sairauksien-hoitorekisterit-ja-laadukas-hoidonseuranta\/majoitus-tampereella\/#breadcrumb"},"inLanguage":"fi","potentialAction":[{"@type":"ReadAction","target":["https:\/\/sites.uef.fi\/neurologisten-sairauksien-hoitorekisterit-ja-laadukas-hoidonseuranta\/majoitus-tampereella\/"]}]},{"@type":"BreadcrumbList","@id":"https:\/\/sites.uef.fi\/neurologisten-sairauksien-hoitorekisterit-ja-laadukas-hoidonseuranta\/majoitus-tampereella\/#breadcrumb","itemListElement":[{"@type":"ListItem","position":1,"name":"Home","item":"https:\/\/sites.uef.fi\/neurologisten-sairauksien-hoitorekisterit-ja-laadukas-hoidonseuranta\/"},{"@type":"ListItem","position":2,"name":"Majoitus Tampereella\/Accomodation"}]},{"@type":"WebSite","@id":"https:\/\/sites.uef.fi\/neurologisten-sairauksien-hoitorekisterit-ja-laadukas-hoidonseuranta\/#website","url":"https:\/\/sites.uef.fi\/neurologisten-sairauksien-hoitorekisterit-ja-laadukas-hoidonseuranta\/","name":"Neurologisten sairauksien hoitorekisterit ja laadukas hoidonseuranta","description":"","potentialAction":[{"@type":"SearchAction","target":{"@type":"EntryPoint","urlTemplate":"https:\/\/sites.uef.fi\/neurologisten-sairauksien-hoitorekisterit-ja-laadukas-hoidonseuranta\/?s={search_term_string}"},"query-input":{"@type":"PropertyValueSpecification","valueRequired":true,"valueName":"search_term_string"}}],"inLanguage":"fi"}]}},"_links":{"self":[{"href":"https:\/\/sites.uef.fi\/neurologisten-sairauksien-hoitorekisterit-ja-laadukas-hoidonseuranta\/wp-json\/wp\/v2\/pages\/252","targetHints":{"allow":["GET"]}}],"collection":[{"href":"https:\/\/sites.uef.fi\/neurologisten-sairauksien-hoitorekisterit-ja-laadukas-hoidonseuranta\/wp-json\/wp\/v2\/pages"}],"about":[{"href":"https:\/\/sites.uef.fi\/neurologisten-sairauksien-hoitorekisterit-ja-laadukas-hoidonseuranta\/wp-json\/wp\/v2\/types\/page"}],"author":[{"embeddable":true,"href":"https:\/\/sites.uef.fi\/neurologisten-sairauksien-hoitorekisterit-ja-laadukas-hoidonseuranta\/wp-json\/wp\/v2\/users\/1195"}],"replies":[{"embeddable":true,"href":"https:\/\/sites.uef.fi\/neurologisten-sairauksien-hoitorekisterit-ja-laadukas-hoidonseuranta\/wp-json\/wp\/v2\/comments?post=252"}],"version-history":[{"count":2,"href":"https:\/\/sites.uef.fi\/neurologisten-sairauksien-hoitorekisterit-ja-laadukas-hoidonseuranta\/wp-json\/wp\/v2\/pages\/252\/revisions"}],"predecessor-version":[{"id":390,"href":"https:\/\/sites.uef.fi\/neurologisten-sairauksien-hoitorekisterit-ja-laadukas-hoidonseuranta\/wp-json\/wp\/v2\/pages\/252\/revisions\/390"}],"wp:attachment":[{"href":"https:\/\/sites.uef.fi\/neurologisten-sairauksien-hoitorekisterit-ja-laadukas-hoidonseuranta\/wp-json\/wp\/v2\/media?parent=252"}],"curies":[{"name":"wp","href":"https:\/\/api.w.org\/{rel}","templated":true}]}}