{"id":254,"date":"2024-12-30T14:23:58","date_gmt":"2024-12-30T12:23:58","guid":{"rendered":"https:\/\/sites.uef.fi\/neurologisten-sairauksien-hoitorekisterit-ja-laadukas-hoidonseuranta\/?page_id=254"},"modified":"2025-01-24T18:53:59","modified_gmt":"2025-01-24T16:53:59","slug":"yhteystiedot","status":"publish","type":"page","link":"https:\/\/sites.uef.fi\/neurologisten-sairauksien-hoitorekisterit-ja-laadukas-hoidonseuranta\/yhteystiedot\/","title":{"rendered":"Yhteystiedot"},"content":{"rendered":"\n<p>Palvelup\u00e4\u00e4llikk\u00f6 Kaisa Unkila<br>Kansallinen Neurokeskus<br>kaisa.unkila@uef.fi<br>+358 50 512 9116<\/p>\n\n\n\n<p>Johtaja Eero Rissanen<br>Kansallinen Neurokeskus<br>eero.rissanen@uef.fi<br>+358 50 433 5008<\/p>\n\n\n\n<p>Aluep\u00e4\u00e4llikk\u00f6 Eloise Mikkonen<br>Tampere Brain&amp;Mind<br>eloise.mikkonen@pirha.fi<br><\/p>\n\n\n\n<p><\/p>\n","protected":false},"excerpt":{"rendered":"<p>Palvelup\u00e4\u00e4llikk\u00f6 Kaisa UnkilaKansallinen Neurokeskuskaisa.unkila@uef.fi+358 50 512 9116 Johtaja Eero RissanenKansallinen Neurokeskuseero.rissanen@uef.fi+358 50 433 5008 Aluep\u00e4\u00e4llikk\u00f6 Eloise MikkonenTampere Brain&amp;Mindeloise.mikkonen@pirha.fi<\/p>\n","protected":false},"author":1195,"featured_media":0,"parent":0,"menu_order":0,"comment_status":"closed","ping_status":"closed","template":"","meta":{"_acf_changed":false,"footnotes":""},"class_list":["post-254","page","type-page","status-publish","hentry"],"acf":[],"yoast_head":"<!-- This site is optimized with the Yoast SEO plugin v27.1.1 - https:\/\/yoast.com\/product\/yoast-seo-wordpress\/ -->\n<title>Yhteystiedot - Neurologisten sairauksien hoitorekisterit ja laadukas hoidonseuranta<\/title>\n<meta name=\"robots\" content=\"index, follow, max-snippet:-1, max-image-preview:large, max-video-preview:-1\" \/>\n<link rel=\"canonical\" href=\"https:\/\/sites.uef.fi\/neurologisten-sairauksien-hoitorekisterit-ja-laadukas-hoidonseuranta\/yhteystiedot\/\" \/>\n<meta property=\"og:locale\" content=\"fi_FI\" \/>\n<meta property=\"og:type\" content=\"article\" \/>\n<meta property=\"og:title\" content=\"Yhteystiedot - Neurologisten sairauksien hoitorekisterit ja laadukas hoidonseuranta\" \/>\n<meta property=\"og:description\" content=\"Palvelup\u00e4\u00e4llikk\u00f6 Kaisa UnkilaKansallinen Neurokeskuskaisa.unkila@uef.fi+358 50 512 9116 Johtaja Eero RissanenKansallinen Neurokeskuseero.rissanen@uef.fi+358 50 433 5008 Aluep\u00e4\u00e4llikk\u00f6 Eloise MikkonenTampere Brain&amp;Mindeloise.mikkonen@pirha.fi\" \/>\n<meta property=\"og:url\" content=\"https:\/\/sites.uef.fi\/neurologisten-sairauksien-hoitorekisterit-ja-laadukas-hoidonseuranta\/yhteystiedot\/\" \/>\n<meta property=\"og:site_name\" content=\"Neurologisten sairauksien hoitorekisterit ja laadukas hoidonseuranta\" \/>\n<meta property=\"article:modified_time\" content=\"2025-01-24T16:53:59+00:00\" \/>\n<meta name=\"twitter:card\" content=\"summary_large_image\" \/>\n<meta name=\"twitter:label1\" content=\"Arvioitu lukuaika\" \/>\n\t<meta name=\"twitter:data1\" content=\"1 minuutti\" \/>\n<script type=\"application\/ld+json\" class=\"yoast-schema-graph\">{\"@context\":\"https:\/\/schema.org\",\"@graph\":[{\"@type\":\"WebPage\",\"@id\":\"https:\/\/sites.uef.fi\/neurologisten-sairauksien-hoitorekisterit-ja-laadukas-hoidonseuranta\/yhteystiedot\/\",\"url\":\"https:\/\/sites.uef.fi\/neurologisten-sairauksien-hoitorekisterit-ja-laadukas-hoidonseuranta\/yhteystiedot\/\",\"name\":\"Yhteystiedot - Neurologisten sairauksien hoitorekisterit ja laadukas hoidonseuranta\",\"isPartOf\":{\"@id\":\"https:\/\/sites.uef.fi\/neurologisten-sairauksien-hoitorekisterit-ja-laadukas-hoidonseuranta\/#website\"},\"datePublished\":\"2024-12-30T12:23:58+00:00\",\"dateModified\":\"2025-01-24T16:53:59+00:00\",\"breadcrumb\":{\"@id\":\"https:\/\/sites.uef.fi\/neurologisten-sairauksien-hoitorekisterit-ja-laadukas-hoidonseuranta\/yhteystiedot\/#breadcrumb\"},\"inLanguage\":\"fi\",\"potentialAction\":[{\"@type\":\"ReadAction\",\"target\":[\"https:\/\/sites.uef.fi\/neurologisten-sairauksien-hoitorekisterit-ja-laadukas-hoidonseuranta\/yhteystiedot\/\"]}]},{\"@type\":\"BreadcrumbList\",\"@id\":\"https:\/\/sites.uef.fi\/neurologisten-sairauksien-hoitorekisterit-ja-laadukas-hoidonseuranta\/yhteystiedot\/#breadcrumb\",\"itemListElement\":[{\"@type\":\"ListItem\",\"position\":1,\"name\":\"Home\",\"item\":\"https:\/\/sites.uef.fi\/neurologisten-sairauksien-hoitorekisterit-ja-laadukas-hoidonseuranta\/\"},{\"@type\":\"ListItem\",\"position\":2,\"name\":\"Yhteystiedot\"}]},{\"@type\":\"WebSite\",\"@id\":\"https:\/\/sites.uef.fi\/neurologisten-sairauksien-hoitorekisterit-ja-laadukas-hoidonseuranta\/#website\",\"url\":\"https:\/\/sites.uef.fi\/neurologisten-sairauksien-hoitorekisterit-ja-laadukas-hoidonseuranta\/\",\"name\":\"Neurologisten sairauksien hoitorekisterit ja laadukas hoidonseuranta\",\"description\":\"\",\"potentialAction\":[{\"@type\":\"SearchAction\",\"target\":{\"@type\":\"EntryPoint\",\"urlTemplate\":\"https:\/\/sites.uef.fi\/neurologisten-sairauksien-hoitorekisterit-ja-laadukas-hoidonseuranta\/?s={search_term_string}\"},\"query-input\":{\"@type\":\"PropertyValueSpecification\",\"valueRequired\":true,\"valueName\":\"search_term_string\"}}],\"inLanguage\":\"fi\"}]}<\/script>\n<!-- \/ Yoast SEO plugin. -->","yoast_head_json":{"title":"Yhteystiedot - Neurologisten sairauksien hoitorekisterit ja laadukas hoidonseuranta","robots":{"index":"index","follow":"follow","max-snippet":"max-snippet:-1","max-image-preview":"max-image-preview:large","max-video-preview":"max-video-preview:-1"},"canonical":"https:\/\/sites.uef.fi\/neurologisten-sairauksien-hoitorekisterit-ja-laadukas-hoidonseuranta\/yhteystiedot\/","og_locale":"fi_FI","og_type":"article","og_title":"Yhteystiedot - Neurologisten sairauksien hoitorekisterit ja laadukas hoidonseuranta","og_description":"Palvelup\u00e4\u00e4llikk\u00f6 Kaisa UnkilaKansallinen Neurokeskuskaisa.unkila@uef.fi+358 50 512 9116 Johtaja Eero RissanenKansallinen Neurokeskuseero.rissanen@uef.fi+358 50 433 5008 Aluep\u00e4\u00e4llikk\u00f6 Eloise MikkonenTampere Brain&amp;Mindeloise.mikkonen@pirha.fi","og_url":"https:\/\/sites.uef.fi\/neurologisten-sairauksien-hoitorekisterit-ja-laadukas-hoidonseuranta\/yhteystiedot\/","og_site_name":"Neurologisten sairauksien hoitorekisterit ja laadukas hoidonseuranta","article_modified_time":"2025-01-24T16:53:59+00:00","twitter_card":"summary_large_image","twitter_misc":{"Arvioitu lukuaika":"1 minuutti"},"schema":{"@context":"https:\/\/schema.org","@graph":[{"@type":"WebPage","@id":"https:\/\/sites.uef.fi\/neurologisten-sairauksien-hoitorekisterit-ja-laadukas-hoidonseuranta\/yhteystiedot\/","url":"https:\/\/sites.uef.fi\/neurologisten-sairauksien-hoitorekisterit-ja-laadukas-hoidonseuranta\/yhteystiedot\/","name":"Yhteystiedot - Neurologisten sairauksien hoitorekisterit ja laadukas hoidonseuranta","isPartOf":{"@id":"https:\/\/sites.uef.fi\/neurologisten-sairauksien-hoitorekisterit-ja-laadukas-hoidonseuranta\/#website"},"datePublished":"2024-12-30T12:23:58+00:00","dateModified":"2025-01-24T16:53:59+00:00","breadcrumb":{"@id":"https:\/\/sites.uef.fi\/neurologisten-sairauksien-hoitorekisterit-ja-laadukas-hoidonseuranta\/yhteystiedot\/#breadcrumb"},"inLanguage":"fi","potentialAction":[{"@type":"ReadAction","target":["https:\/\/sites.uef.fi\/neurologisten-sairauksien-hoitorekisterit-ja-laadukas-hoidonseuranta\/yhteystiedot\/"]}]},{"@type":"BreadcrumbList","@id":"https:\/\/sites.uef.fi\/neurologisten-sairauksien-hoitorekisterit-ja-laadukas-hoidonseuranta\/yhteystiedot\/#breadcrumb","itemListElement":[{"@type":"ListItem","position":1,"name":"Home","item":"https:\/\/sites.uef.fi\/neurologisten-sairauksien-hoitorekisterit-ja-laadukas-hoidonseuranta\/"},{"@type":"ListItem","position":2,"name":"Yhteystiedot"}]},{"@type":"WebSite","@id":"https:\/\/sites.uef.fi\/neurologisten-sairauksien-hoitorekisterit-ja-laadukas-hoidonseuranta\/#website","url":"https:\/\/sites.uef.fi\/neurologisten-sairauksien-hoitorekisterit-ja-laadukas-hoidonseuranta\/","name":"Neurologisten sairauksien hoitorekisterit ja laadukas hoidonseuranta","description":"","potentialAction":[{"@type":"SearchAction","target":{"@type":"EntryPoint","urlTemplate":"https:\/\/sites.uef.fi\/neurologisten-sairauksien-hoitorekisterit-ja-laadukas-hoidonseuranta\/?s={search_term_string}"},"query-input":{"@type":"PropertyValueSpecification","valueRequired":true,"valueName":"search_term_string"}}],"inLanguage":"fi"}]}},"_links":{"self":[{"href":"https:\/\/sites.uef.fi\/neurologisten-sairauksien-hoitorekisterit-ja-laadukas-hoidonseuranta\/wp-json\/wp\/v2\/pages\/254","targetHints":{"allow":["GET"]}}],"collection":[{"href":"https:\/\/sites.uef.fi\/neurologisten-sairauksien-hoitorekisterit-ja-laadukas-hoidonseuranta\/wp-json\/wp\/v2\/pages"}],"about":[{"href":"https:\/\/sites.uef.fi\/neurologisten-sairauksien-hoitorekisterit-ja-laadukas-hoidonseuranta\/wp-json\/wp\/v2\/types\/page"}],"author":[{"embeddable":true,"href":"https:\/\/sites.uef.fi\/neurologisten-sairauksien-hoitorekisterit-ja-laadukas-hoidonseuranta\/wp-json\/wp\/v2\/users\/1195"}],"replies":[{"embeddable":true,"href":"https:\/\/sites.uef.fi\/neurologisten-sairauksien-hoitorekisterit-ja-laadukas-hoidonseuranta\/wp-json\/wp\/v2\/comments?post=254"}],"version-history":[{"count":2,"href":"https:\/\/sites.uef.fi\/neurologisten-sairauksien-hoitorekisterit-ja-laadukas-hoidonseuranta\/wp-json\/wp\/v2\/pages\/254\/revisions"}],"predecessor-version":[{"id":345,"href":"https:\/\/sites.uef.fi\/neurologisten-sairauksien-hoitorekisterit-ja-laadukas-hoidonseuranta\/wp-json\/wp\/v2\/pages\/254\/revisions\/345"}],"wp:attachment":[{"href":"https:\/\/sites.uef.fi\/neurologisten-sairauksien-hoitorekisterit-ja-laadukas-hoidonseuranta\/wp-json\/wp\/v2\/media?parent=254"}],"curies":[{"name":"wp","href":"https:\/\/api.w.org\/{rel}","templated":true}]}}