{"id":278,"date":"2024-12-30T15:49:25","date_gmt":"2024-12-30T13:49:25","guid":{"rendered":"https:\/\/sites.uef.fi\/neurologisten-sairauksien-hoitorekisterit-ja-laadukas-hoidonseuranta\/?page_id=278"},"modified":"2025-02-17T14:46:43","modified_gmt":"2025-02-17T12:46:43","slug":"lisatietoja-tapahtumasta","status":"publish","type":"page","link":"https:\/\/sites.uef.fi\/neurologisten-sairauksien-hoitorekisterit-ja-laadukas-hoidonseuranta\/lisatietoja-tapahtumasta\/","title":{"rendered":"Kohderyhm\u00e4t ja tavoitteet"},"content":{"rendered":"\n<h3 class=\"wp-block-heading\">Tapahtuman kohderyhm\u00e4t<\/h3>\n\n\n\n<p>Neurologit, psykiatrit, psykologit, tutkimushoitajat, sairaanhoitajat, tutkimuskoodinaattorit hyvinvointialueilta, tutkijat<\/p>\n\n\n\n<p>Multippeliskleroosi, epilepsia, liikeh\u00e4iri\u00f6sairaudet (esim. PD), Alzheimerin tauti, myasthenia gravis<\/p>\n\n\n\n<p>Tapahtumalle haetaan hyv\u00e4ksytt\u00e4v\u00e4ksi opintopisteit\u00e4 erikoisl\u00e4\u00e4k\u00e4rien koulutusohjelmaa varten.<\/p>\n\n\n\n<h3 class=\"wp-block-heading\">Tapahtuman tavoitteet<\/h3>\n\n\n\n<p><strong>Hoidonseurannan k\u00e4yt\u00e4nn\u00f6n taidot<\/strong><\/p>\n\n\n\n<ul class=\"wp-block-list\">\n<li>Lis\u00e4t\u00e4 k\u00e4yt\u00e4nn\u00f6n valmiuksia rekisterin k\u00e4ytt\u00f6\u00f6n ja hy\u00f6dynt\u00e4miseen osana kliinist\u00e4 ty\u00f6t\u00e4 (hoitop\u00e4\u00e4t\u00f6sten tekemisen tueksi) ja tutkimusta<\/li>\n<\/ul>\n\n\n\n<p><strong>Hoidonseuranta ja laadukkaan tutkitun tiedon palautuminen ja tiedolla johtaminen<\/strong><\/p>\n\n\n\n<ul class=\"wp-block-list\">\n<li>Lis\u00e4t\u00e4 ymm\u00e4rryst\u00e4 yhdenmukaisen rekisteritiedon merkityksest\u00e4 tutkimusk\u00e4ytt\u00f6\u00f6n, terveydenhuollon p\u00e4\u00e4t\u00f6ksentekoon sek\u00e4 yhdenvertaisiin hoitok\u00e4yt\u00e4nt\u00f6ihin<\/li>\n\n\n\n<li>Mitk\u00e4 tekij\u00e4t t\u00e4rkeit\u00e4 laadukkaan potilastietoihin ja hoitoon perutuvien rekisteritutkimuksen tekemiselle?<\/li>\n\n\n\n<li>Hoitomuotojen vaikuttavuuden arviointi, n\u00e4ytt\u00f6\u00f6n perustuvien menetelmien k\u00e4ytt\u00f6\u00f6noton edist\u00e4minen, potilaan saaman terveyshy\u00f6dyn, terveydenhuollon kustannusvaikutusten arviointi ja hoitok\u00e4yt\u00e4nt\u00f6jen muokkaaminen<\/li>\n<\/ul>\n\n\n\n<p><strong>Hoidonseuranta ja jaettu p\u00e4\u00e4t\u00f6ksenteko<\/strong><\/p>\n\n\n\n<ul class=\"wp-block-list\">\n<li>Lis\u00e4t\u00e4 ymm\u00e4rryst\u00e4 jaetun p\u00e4\u00e4t\u00f6ksenteon ja kommunikaation merkityksest\u00e4 ja antaa ty\u00f6kaluja k\u00e4yt\u00e4nn\u00f6n ty\u00f6h\u00f6n<\/li>\n\n\n\n<li>Potilaiden omaraportointidatan ja moniammatillisuuden hy\u00f6dynt\u00e4minen hoitok\u00e4yt\u00f6nn\u00f6iss\u00e4 sek\u00e4 tutkimuksessa<\/li>\n<\/ul>\n","protected":false},"excerpt":{"rendered":"<p>Tapahtuman kohderyhm\u00e4t Neurologit, psykiatrit, psykologit, tutkimushoitajat, sairaanhoitajat, tutkimuskoodinaattorit hyvinvointialueilta, tutkijat Multippeliskleroosi, epilepsia, liikeh\u00e4iri\u00f6sairaudet (esim. PD), Alzheimerin tauti, myasthenia gravis Tapahtumalle haetaan hyv\u00e4ksytt\u00e4v\u00e4ksi opintopisteit\u00e4 erikoisl\u00e4\u00e4k\u00e4rien koulutusohjelmaa varten. Tapahtuman tavoitteet Hoidonseurannan k\u00e4yt\u00e4nn\u00f6n taidot Hoidonseuranta ja laadukkaan tutkitun tiedon palautuminen ja tiedolla johtaminen Hoidonseuranta ja jaettu p\u00e4\u00e4t\u00f6ksenteko<\/p>\n","protected":false},"author":1195,"featured_media":0,"parent":0,"menu_order":0,"comment_status":"closed","ping_status":"closed","template":"","meta":{"_acf_changed":false,"footnotes":""},"class_list":["post-278","page","type-page","status-publish","hentry"],"acf":[],"yoast_head":"<!-- This site is optimized with the Yoast SEO plugin v27.1.1 - https:\/\/yoast.com\/product\/yoast-seo-wordpress\/ -->\n<title>Kohderyhm\u00e4t ja tavoitteet - Neurologisten sairauksien hoitorekisterit ja laadukas hoidonseuranta<\/title>\n<meta name=\"robots\" content=\"index, follow, max-snippet:-1, max-image-preview:large, max-video-preview:-1\" \/>\n<link rel=\"canonical\" href=\"https:\/\/sites.uef.fi\/neurologisten-sairauksien-hoitorekisterit-ja-laadukas-hoidonseuranta\/lisatietoja-tapahtumasta\/\" \/>\n<meta property=\"og:locale\" content=\"fi_FI\" \/>\n<meta property=\"og:type\" content=\"article\" \/>\n<meta property=\"og:title\" content=\"Kohderyhm\u00e4t ja tavoitteet - Neurologisten sairauksien hoitorekisterit ja laadukas hoidonseuranta\" \/>\n<meta property=\"og:description\" content=\"Tapahtuman kohderyhm\u00e4t Neurologit, psykiatrit, psykologit, tutkimushoitajat, sairaanhoitajat, tutkimuskoodinaattorit hyvinvointialueilta, tutkijat Multippeliskleroosi, epilepsia, liikeh\u00e4iri\u00f6sairaudet (esim. PD), Alzheimerin tauti, myasthenia gravis Tapahtumalle haetaan hyv\u00e4ksytt\u00e4v\u00e4ksi opintopisteit\u00e4 erikoisl\u00e4\u00e4k\u00e4rien koulutusohjelmaa varten. Tapahtuman tavoitteet Hoidonseurannan k\u00e4yt\u00e4nn\u00f6n taidot Hoidonseuranta ja laadukkaan tutkitun tiedon palautuminen ja tiedolla johtaminen Hoidonseuranta ja jaettu p\u00e4\u00e4t\u00f6ksenteko\" \/>\n<meta property=\"og:url\" content=\"https:\/\/sites.uef.fi\/neurologisten-sairauksien-hoitorekisterit-ja-laadukas-hoidonseuranta\/lisatietoja-tapahtumasta\/\" \/>\n<meta property=\"og:site_name\" content=\"Neurologisten sairauksien hoitorekisterit ja laadukas hoidonseuranta\" \/>\n<meta property=\"article:modified_time\" content=\"2025-02-17T12:46:43+00:00\" \/>\n<meta name=\"twitter:card\" content=\"summary_large_image\" \/>\n<meta name=\"twitter:label1\" content=\"Arvioitu lukuaika\" \/>\n\t<meta name=\"twitter:data1\" content=\"1 minuutti\" \/>\n<script type=\"application\/ld+json\" class=\"yoast-schema-graph\">{\"@context\":\"https:\/\/schema.org\",\"@graph\":[{\"@type\":\"WebPage\",\"@id\":\"https:\/\/sites.uef.fi\/neurologisten-sairauksien-hoitorekisterit-ja-laadukas-hoidonseuranta\/lisatietoja-tapahtumasta\/\",\"url\":\"https:\/\/sites.uef.fi\/neurologisten-sairauksien-hoitorekisterit-ja-laadukas-hoidonseuranta\/lisatietoja-tapahtumasta\/\",\"name\":\"Kohderyhm\u00e4t ja tavoitteet - Neurologisten sairauksien hoitorekisterit ja laadukas hoidonseuranta\",\"isPartOf\":{\"@id\":\"https:\/\/sites.uef.fi\/neurologisten-sairauksien-hoitorekisterit-ja-laadukas-hoidonseuranta\/#website\"},\"datePublished\":\"2024-12-30T13:49:25+00:00\",\"dateModified\":\"2025-02-17T12:46:43+00:00\",\"breadcrumb\":{\"@id\":\"https:\/\/sites.uef.fi\/neurologisten-sairauksien-hoitorekisterit-ja-laadukas-hoidonseuranta\/lisatietoja-tapahtumasta\/#breadcrumb\"},\"inLanguage\":\"fi\",\"potentialAction\":[{\"@type\":\"ReadAction\",\"target\":[\"https:\/\/sites.uef.fi\/neurologisten-sairauksien-hoitorekisterit-ja-laadukas-hoidonseuranta\/lisatietoja-tapahtumasta\/\"]}]},{\"@type\":\"BreadcrumbList\",\"@id\":\"https:\/\/sites.uef.fi\/neurologisten-sairauksien-hoitorekisterit-ja-laadukas-hoidonseuranta\/lisatietoja-tapahtumasta\/#breadcrumb\",\"itemListElement\":[{\"@type\":\"ListItem\",\"position\":1,\"name\":\"Home\",\"item\":\"https:\/\/sites.uef.fi\/neurologisten-sairauksien-hoitorekisterit-ja-laadukas-hoidonseuranta\/\"},{\"@type\":\"ListItem\",\"position\":2,\"name\":\"Kohderyhm\u00e4t ja tavoitteet\"}]},{\"@type\":\"WebSite\",\"@id\":\"https:\/\/sites.uef.fi\/neurologisten-sairauksien-hoitorekisterit-ja-laadukas-hoidonseuranta\/#website\",\"url\":\"https:\/\/sites.uef.fi\/neurologisten-sairauksien-hoitorekisterit-ja-laadukas-hoidonseuranta\/\",\"name\":\"Neurologisten sairauksien hoitorekisterit ja laadukas hoidonseuranta\",\"description\":\"\",\"potentialAction\":[{\"@type\":\"SearchAction\",\"target\":{\"@type\":\"EntryPoint\",\"urlTemplate\":\"https:\/\/sites.uef.fi\/neurologisten-sairauksien-hoitorekisterit-ja-laadukas-hoidonseuranta\/?s={search_term_string}\"},\"query-input\":{\"@type\":\"PropertyValueSpecification\",\"valueRequired\":true,\"valueName\":\"search_term_string\"}}],\"inLanguage\":\"fi\"}]}<\/script>\n<!-- \/ Yoast SEO plugin. -->","yoast_head_json":{"title":"Kohderyhm\u00e4t ja tavoitteet - Neurologisten sairauksien hoitorekisterit ja laadukas hoidonseuranta","robots":{"index":"index","follow":"follow","max-snippet":"max-snippet:-1","max-image-preview":"max-image-preview:large","max-video-preview":"max-video-preview:-1"},"canonical":"https:\/\/sites.uef.fi\/neurologisten-sairauksien-hoitorekisterit-ja-laadukas-hoidonseuranta\/lisatietoja-tapahtumasta\/","og_locale":"fi_FI","og_type":"article","og_title":"Kohderyhm\u00e4t ja tavoitteet - Neurologisten sairauksien hoitorekisterit ja laadukas hoidonseuranta","og_description":"Tapahtuman kohderyhm\u00e4t Neurologit, psykiatrit, psykologit, tutkimushoitajat, sairaanhoitajat, tutkimuskoodinaattorit hyvinvointialueilta, tutkijat Multippeliskleroosi, epilepsia, liikeh\u00e4iri\u00f6sairaudet (esim. PD), Alzheimerin tauti, myasthenia gravis Tapahtumalle haetaan hyv\u00e4ksytt\u00e4v\u00e4ksi opintopisteit\u00e4 erikoisl\u00e4\u00e4k\u00e4rien koulutusohjelmaa varten. Tapahtuman tavoitteet Hoidonseurannan k\u00e4yt\u00e4nn\u00f6n taidot Hoidonseuranta ja laadukkaan tutkitun tiedon palautuminen ja tiedolla johtaminen Hoidonseuranta ja jaettu p\u00e4\u00e4t\u00f6ksenteko","og_url":"https:\/\/sites.uef.fi\/neurologisten-sairauksien-hoitorekisterit-ja-laadukas-hoidonseuranta\/lisatietoja-tapahtumasta\/","og_site_name":"Neurologisten sairauksien hoitorekisterit ja laadukas hoidonseuranta","article_modified_time":"2025-02-17T12:46:43+00:00","twitter_card":"summary_large_image","twitter_misc":{"Arvioitu lukuaika":"1 minuutti"},"schema":{"@context":"https:\/\/schema.org","@graph":[{"@type":"WebPage","@id":"https:\/\/sites.uef.fi\/neurologisten-sairauksien-hoitorekisterit-ja-laadukas-hoidonseuranta\/lisatietoja-tapahtumasta\/","url":"https:\/\/sites.uef.fi\/neurologisten-sairauksien-hoitorekisterit-ja-laadukas-hoidonseuranta\/lisatietoja-tapahtumasta\/","name":"Kohderyhm\u00e4t ja tavoitteet - Neurologisten sairauksien hoitorekisterit ja laadukas hoidonseuranta","isPartOf":{"@id":"https:\/\/sites.uef.fi\/neurologisten-sairauksien-hoitorekisterit-ja-laadukas-hoidonseuranta\/#website"},"datePublished":"2024-12-30T13:49:25+00:00","dateModified":"2025-02-17T12:46:43+00:00","breadcrumb":{"@id":"https:\/\/sites.uef.fi\/neurologisten-sairauksien-hoitorekisterit-ja-laadukas-hoidonseuranta\/lisatietoja-tapahtumasta\/#breadcrumb"},"inLanguage":"fi","potentialAction":[{"@type":"ReadAction","target":["https:\/\/sites.uef.fi\/neurologisten-sairauksien-hoitorekisterit-ja-laadukas-hoidonseuranta\/lisatietoja-tapahtumasta\/"]}]},{"@type":"BreadcrumbList","@id":"https:\/\/sites.uef.fi\/neurologisten-sairauksien-hoitorekisterit-ja-laadukas-hoidonseuranta\/lisatietoja-tapahtumasta\/#breadcrumb","itemListElement":[{"@type":"ListItem","position":1,"name":"Home","item":"https:\/\/sites.uef.fi\/neurologisten-sairauksien-hoitorekisterit-ja-laadukas-hoidonseuranta\/"},{"@type":"ListItem","position":2,"name":"Kohderyhm\u00e4t ja tavoitteet"}]},{"@type":"WebSite","@id":"https:\/\/sites.uef.fi\/neurologisten-sairauksien-hoitorekisterit-ja-laadukas-hoidonseuranta\/#website","url":"https:\/\/sites.uef.fi\/neurologisten-sairauksien-hoitorekisterit-ja-laadukas-hoidonseuranta\/","name":"Neurologisten sairauksien hoitorekisterit ja laadukas hoidonseuranta","description":"","potentialAction":[{"@type":"SearchAction","target":{"@type":"EntryPoint","urlTemplate":"https:\/\/sites.uef.fi\/neurologisten-sairauksien-hoitorekisterit-ja-laadukas-hoidonseuranta\/?s={search_term_string}"},"query-input":{"@type":"PropertyValueSpecification","valueRequired":true,"valueName":"search_term_string"}}],"inLanguage":"fi"}]}},"_links":{"self":[{"href":"https:\/\/sites.uef.fi\/neurologisten-sairauksien-hoitorekisterit-ja-laadukas-hoidonseuranta\/wp-json\/wp\/v2\/pages\/278","targetHints":{"allow":["GET"]}}],"collection":[{"href":"https:\/\/sites.uef.fi\/neurologisten-sairauksien-hoitorekisterit-ja-laadukas-hoidonseuranta\/wp-json\/wp\/v2\/pages"}],"about":[{"href":"https:\/\/sites.uef.fi\/neurologisten-sairauksien-hoitorekisterit-ja-laadukas-hoidonseuranta\/wp-json\/wp\/v2\/types\/page"}],"author":[{"embeddable":true,"href":"https:\/\/sites.uef.fi\/neurologisten-sairauksien-hoitorekisterit-ja-laadukas-hoidonseuranta\/wp-json\/wp\/v2\/users\/1195"}],"replies":[{"embeddable":true,"href":"https:\/\/sites.uef.fi\/neurologisten-sairauksien-hoitorekisterit-ja-laadukas-hoidonseuranta\/wp-json\/wp\/v2\/comments?post=278"}],"version-history":[{"count":2,"href":"https:\/\/sites.uef.fi\/neurologisten-sairauksien-hoitorekisterit-ja-laadukas-hoidonseuranta\/wp-json\/wp\/v2\/pages\/278\/revisions"}],"predecessor-version":[{"id":364,"href":"https:\/\/sites.uef.fi\/neurologisten-sairauksien-hoitorekisterit-ja-laadukas-hoidonseuranta\/wp-json\/wp\/v2\/pages\/278\/revisions\/364"}],"wp:attachment":[{"href":"https:\/\/sites.uef.fi\/neurologisten-sairauksien-hoitorekisterit-ja-laadukas-hoidonseuranta\/wp-json\/wp\/v2\/media?parent=278"}],"curies":[{"name":"wp","href":"https:\/\/api.w.org\/{rel}","templated":true}]}}