{"id":325,"date":"2024-11-01T09:35:34","date_gmt":"2024-11-01T07:35:34","guid":{"rendered":"https:\/\/sites.uef.fi\/novel\/?page_id=325"},"modified":"2026-04-01T12:34:26","modified_gmt":"2026-04-01T10:34:26","slug":"partner-organisations","status":"publish","type":"page","link":"https:\/\/sites.uef.fi\/novel\/partner-organisations\/","title":{"rendered":"Partner Organisations"},"content":{"rendered":"\n<p>To enable our postdoctoral researchers&#8217; intersectoral exposure, our programme has a wide network of national and international partners, including a hospital, companies, patient advocacy organization, an innovation ecosystem, universities and research institutions.<\/p>\n\n\n\n<p>The postdoctoral researchers are encouraged to do their compulsory secodnment in the programme&#8217;s partner organisations. New partners can be added too, if needed. <\/p>\n\n\n\n<p>The partner organisations will contribute to individualised career coaching sessions during the programme&#8217;s meetings. The partners will also, for example, provide guest lectures and stories of personal experiences with start-up entrepreneurship, the exploitation of research results, open science, ethics, patenting, and regulation in the health sector. Our researchers will regularly meet these partners in events organized by the project. Engagement with our partners enables learning about the innovation potential of science, including science-based business.<\/p>\n\n\n\n<p>Our postdoctoral researchers are expected to actively engage citizens, general public, media and policy makers. Interdisciplinarity and intersectoral exchange are implemented via hands-on interaction between the participants, supervisors, mentors and partners and other stakeholders of the project.<\/p>\n\n\n\n<h2 class=\"wp-block-heading\">Companies<\/h2>\n\n\n\n<ul class=\"wp-block-list\">\n<li><a href=\"https:\/\/audicin.com\/\" id=\"https:\/\/audicin.com\/\">Audicin Oy<\/a> (Finland)<\/li>\n\n\n\n<li><a href=\"https:\/\/auvomethod.com\/\" id=\"https:\/\/auvomethod.com\/\">Auvo Academy<\/a> (Finland) &#8211; formerly, Brain Relief Academy Oy<\/li>\n\n\n\n<li><a href=\"https:\/\/www.basic-genomics.com\/\" id=\"https:\/\/www.basic-genomics.com\/\">Basic Genomics AB<\/a> (Sweden)<\/li>\n\n\n\n<li><a href=\"https:\/\/www.bioarctic.com\/en\/\" id=\"https:\/\/www.bioarctic.com\/en\/\">BioArctic AB<\/a> (Sweden)<\/li>\n\n\n\n<li><a href=\"https:\/\/biotalentum.eu\/\"><a href=\"https:\/\/www.google.com\/search?client=firefox-b-d&amp;hs=Tycp&amp;sca_esv=d08deebd7d870f55&amp;sxsrf=ANbL-n4jey9beQzgztajdf9tjuRLe__vRg:1775038086847&amp;q=BioTalentum+Tud%C3%A1sfejleszt%C5%91+Kft.&amp;si=AL3DRZHnaVpOpV17tK9mg6av50PE-kRfFRFUaAr9T0Uxmp5elTNtajC8_OvSjbcjsfNn8WfHzztuDthilIzYt9a1-79p9znoNzzegRRryxCpyH95w_D5Aym0kMOxdLcFA2nSm_BOEDgH8v6YCYqgUwmRYSnJuQ5yXA%3D%3D&amp;sa=X&amp;ved=2ahUKEwjKioSVtMyTAxXCKxAIHeJLJHkQ_coHegQINhAB\">BioTalentum Tud\u00e1sfejleszt\u0151 Kft<\/a><\/a>. (Hungary)<\/li>\n\n\n\n<li><a href=\"https:\/\/www.criver.com\/products-services\/discovery-services\/discovery-facilities\/kuopio-finland?region=3696\" id=\"https:\/\/www.criver.com\/products-services\/discovery-services\/discovery-facilities\/kuopio-finland?region=3696\">Charles River DRS Finland Oy<\/a> (Finland)<\/li>\n\n\n\n<li><a href=\"https:\/\/www.combinostics.com\/\" id=\"https:\/\/www.combinostics.com\/\">Combinostics Oy<\/a> (Finland)<\/li>\n\n\n\n<li><a href=\"https:\/\/www.conurse.net\/\" id=\"https:\/\/www.conurse.net\/\">CoNurse O\u00dc<\/a> (Estonia)<\/li>\n\n\n\n<li><a href=\"https:\/\/www.esyalabs.com\/\" id=\"https:\/\/www.esyalabs.com\/\">Esya Ltd.<\/a> (United Kingdom)<\/li>\n\n\n\n<li><a href=\"https:\/\/akita.bio\/\" id=\"https:\/\/akita.bio\/\">Finnadvance Oy<\/a> (Finland)<\/li>\n\n\n\n<li><a href=\"https:\/\/www.icometrix.com\/\" id=\"https:\/\/www.icometrix.com\/\">Icometrix NV<\/a> (Belgium)<\/li>\n\n\n\n<li><a href=\"https:\/\/www.marginum.com\/\" id=\"https:\/\/www.marginum.com\/\">Marginum Oy<\/a> (Finland)<\/li>\n\n\n\n<li><a href=\"https:\/\/www.novartis.com\/fi-fi\/\" id=\"https:\/\/www.novartis.com\/fi-fi\/\">Novartis Finland Oy<\/a> (Finland)<\/li>\n\n\n\n<li><a href=\"https:\/\/www.orionpharma.com\/\" id=\"https:\/\/www.orionpharma.com\/\">Orion Oyj<\/a> (Finland)<\/li>\n\n\n\n<li><a href=\"https:\/\/stellarq.fi\/en\">StellarQ<\/a> (Finland)<\/li>\n\n\n\n<li><a href=\"https:\/\/bithabit.me\/wellpro\/\" id=\"https:\/\/bithabit.me\/wellpro\/\">Wellpro Impact Solutions Ltd<\/a> (Finland)<\/li>\n<\/ul>\n\n\n\n<h2 class=\"wp-block-heading\">Ecosystems<\/h2>\n\n\n\n<ul class=\"wp-block-list\">\n<li><a href=\"https:\/\/kuopiohealth.fi\/en\/front-page\/\" id=\"https:\/\/kuopiohealth.fi\/en\/front-page\/\">KuopioHealth Co-op<\/a> (Finland)<\/li>\n<\/ul>\n\n\n\n<h2 class=\"wp-block-heading\">Hospitals<\/h2>\n\n\n\n<ul class=\"wp-block-list\">\n<li><a href=\"https:\/\/pshyvinvointialue.fi\/web\/en\/kuopio-university-hospital\" id=\"https:\/\/pshyvinvointialue.fi\/web\/en\/kuopio-university-hospital\">Kuopio University Hospital (Pohjois-Savon hyvinvointialue \/ Wellbeing Services County of North Savo)<\/a> (Finland)<\/li>\n<\/ul>\n\n\n\n<h2 class=\"wp-block-heading\">Patient Advocacy Groups<\/h2>\n\n\n\n<ul class=\"wp-block-list\">\n<li><a href=\"https:\/\/muistiliitto.fi\/en\/homepage\/\" id=\"https:\/\/muistiliitto.fi\/en\/homepage\/\">Alzheimer Society of Finland (Muistiliitto<\/a>) (Finland)<\/li>\n\n\n\n<li><a href=\"https:\/\/www.aivosaatio.fi\/en\/etusivu\/\" id=\"https:\/\/www.aivosaatio.fi\/en\/etusivu\/\">Finnish Brain Foundation (Suomen Aivos\u00e4\u00e4ti\u00f6 Sr<\/a>) (Finland)<\/li>\n\n\n\n<li><a href=\"https:\/\/www.epilepsia.fi\/en\/finnish-epilepsy-association\/\" id=\"https:\/\/www.epilepsia.fi\/en\/finnish-epilepsy-association\/\">Finnish Epilepsy Foundation (Epilepsialiitto ry, Epilepsif\u00f6rbundet rf<\/a>) (Finland)<\/li>\n\n\n\n<li><a href=\"https:\/\/www.liikehairio.fi\/en\">Finnish Movement Disorder Foundation (Liikeh\u00e4iri\u00f6sairauksien liitto ry)<\/a> (Finland)<\/li>\n<\/ul>\n\n\n\n<h2 class=\"wp-block-heading\">Research Organisations<\/h2>\n\n\n\n<ul class=\"wp-block-list\">\n<li><a href=\"https:\/\/www.veripalvelu.fi\/en\/\" id=\"https:\/\/www.veripalvelu.fi\/en\/\">Finnish Red Cross Blood Service<\/a> (Finland)<\/li>\n\n\n\n<li><a href=\"https:\/\/www.folkhalsan.fi\/en\" id=\"https:\/\/www.folkhalsan.fi\/en\">Samfundet Folkh\u00e4lsan i svenska Finland rf<\/a> (Finland)<\/li>\n\n\n\n<li><a href=\"http:\/\/www.recercasantpau.cat\/en\/\" id=\"www.recercasantpau.cat\/en\/\">Institut de Recerca Sant Pauu (L&#8217;Institut de Recerca de l&#8217;Hospital de la Santa Creu i Sant Pau)<\/a> (Spain)<\/li>\n<\/ul>\n\n\n\n<h2 class=\"wp-block-heading\">International Universities<\/h2>\n\n\n\n<ul class=\"wp-block-list\">\n<li><a href=\"https:\/\/ki.se\/en\" id=\"https:\/\/ki.se\/en\">Karolinska Institutet<\/a> (Sweden)<\/li>\n\n\n\n<li><a href=\"https:\/\/www.mcgill.ca\/\" id=\"https:\/\/www.mcgill.ca\/\">McGill University (Royal Institution For The Advancement Of Learning Mcgill University)<\/a> (Canada)<\/li>\n\n\n\n<li><a href=\"https:\/\/www.uio.no\/english\/\" id=\"https:\/\/www.uio.no\/english\/\">Oslo University (<a href=\"https:\/\/www.uio.no\/\">Universitetet i Oslo<\/a><\/a>) (Norway)<\/li>\n\n\n\n<li><a href=\"https:\/\/www.tum.de\/en\/\" id=\"https:\/\/www.tum.de\/en\/\">Technical University of Munich (Technische Universit\u00e4t M\u00fcnchen, TUM)<\/a> (Germany)<\/li>\n\n\n\n<li><a href=\"https:\/\/www.ucl.ac.uk\/\" id=\"https:\/\/www.ucl.ac.uk\/\">University College London, UCL<\/a> (United Kingdom)<\/li>\n\n\n\n<li><a href=\"https:\/\/www.uantwerpen.be\/en\/\" id=\"https:\/\/www.uantwerpen.be\/en\/\">University of Antwerp (Universiteit Antwerpen<\/a>) (Belgium)<\/li>\n\n\n\n<li><a href=\"https:\/\/www.birmingham.ac.uk\/\" id=\"https:\/\/www.birmingham.ac.uk\/\">University of Birmingham<\/a> (United Kingdom)<\/li>\n\n\n\n<li><a href=\"https:\/\/twin-cities.umn.edu\/\" id=\"https:\/\/twin-cities.umn.edu\/\">University of Minnesota (<a href=\"https:\/\/www.google.com\/search?client=firefox-b-d&amp;hs=gycp&amp;sca_esv=d08deebd7d870f55&amp;sxsrf=ANbL-n4MnVi25SC_CcLAitNM48aPF1P7jg:1775038906538&amp;q=Regents+of+the+University+of+Mn&amp;si=AL3DRZHnaVpOpV17tK9mg6av50PE-kRfFRFUaAr9T0Uxmp5eleV-7sUCwjotlYIHgRy7zrdIPRNFm6IJPrU0A5BLP5-Y26dE_BevNXwCRRpEJS3DrtZTbqUpKPA0geHCjxTct8F5h4vIwURQSJGtZKHu_CO1em_hIA%3D%3D&amp;sa=X&amp;ved=2ahUKEwixg_Kbt8yTAxVLLRAIHZRZCq0Q_coHegQIRhAB\">Regents of the University of Minnesota)<\/a><\/a> (USA)<\/li>\n\n\n\n<li><a href=\"https:\/\/uni-tuebingen.de\/en\/\" id=\"https:\/\/uni-tuebingen.de\/en\/\">University of Tuebingen (<a href=\"https:\/\/de.wikipedia.org\/wiki\/Eberhard_Karls_Universit%C3%A4t_T%C3%BCbingen\">Eberhard Karls Universit\u00e4t T\u00fcbingen<\/a><\/a>) (Germany)<\/li>\n<\/ul>\n\n\n\n<h2 class=\"wp-block-heading\">Finnish Universities<\/h2>\n\n\n\n<ul class=\"wp-block-list\">\n<li><a href=\"https:\/\/www.tuni.fi\/en\" id=\"https:\/\/www.tuni.fi\/en\">Tampere University (<a href=\"https:\/\/www.google.com\/search?client=firefox-b-d&amp;hs=cycp&amp;sca_esv=d08deebd7d870f55&amp;biw=2510&amp;bih=1281&amp;sxsrf=ANbL-n6gFHp_W6O0NCM0LV-XnN7uN0g8GQ:1775038635292&amp;q=Tampereen+Korkeakoulus%C3%A4%C3%A4ti%C3%B6+Sr&amp;si=AL3DRZGNtcdgKOqVhotcr-UG2kkYpwR2WO4qu3O00NmpwBmLnUHssw5X6aI85D2CXKxeTZJsCV5ptDWv6jI6AndRm-WFoxnasHlyL0rhtKqR8_K2BRmA9HOBEQHOzvf-V_0S1Ltthi7XVb2bniFXw3F1ATSZEuWa9g%3D%3D&amp;sa=X&amp;ved=2ahUKEwjptsaatsyTAxXyORAIHaABMwsQ_coHegQINxAB\">Tampereen Korkeakoulus\u00e4\u00e4ti\u00f6 Sr<\/a><\/a>) (Finland)<\/li>\n\n\n\n<li><a href=\"https:\/\/www.utu.fi\/en\" id=\"https:\/\/www.utu.fi\/en\">University of Turku (Turun yliopisto)<\/a> Finland)<\/li>\n<\/ul>\n\n\n\n<p><\/p>\n","protected":false},"excerpt":{"rendered":"<p>To enable our postdoctoral researchers&#8217; intersectoral exposure, our programme has a wide network of national and international partners, including a hospital, companies, patient advocacy organization, an innovation ecosystem, universities and research institutions. The postdoctoral researchers are encouraged to do their compulsory secodnment in the programme&#8217;s partner organisations. New partners can be added too, if needed. [&hellip;]<\/p>\n","protected":false},"author":860,"featured_media":0,"parent":0,"menu_order":0,"comment_status":"closed","ping_status":"closed","template":"","meta":{"_acf_changed":false,"footnotes":""},"class_list":["post-325","page","type-page","status-publish","hentry"],"acf":[],"yoast_head":"<!-- This site is optimized with the Yoast SEO plugin v27.3 - https:\/\/yoast.com\/product\/yoast-seo-wordpress\/ -->\n<title>Partner Organisations - NOVEL MSCA Postdoctoral Programme<\/title>\n<meta name=\"robots\" content=\"index, follow, max-snippet:-1, max-image-preview:large, max-video-preview:-1\" \/>\n<link rel=\"canonical\" href=\"https:\/\/sites.uef.fi\/novel\/partner-organisations\/\" \/>\n<meta property=\"og:locale\" content=\"en_US\" \/>\n<meta property=\"og:type\" content=\"article\" \/>\n<meta property=\"og:title\" content=\"Partner Organisations - NOVEL MSCA Postdoctoral Programme\" \/>\n<meta property=\"og:description\" content=\"To enable our postdoctoral researchers&#8217; intersectoral exposure, our programme has a wide network of national and international partners, including a hospital, companies, patient advocacy organization, an innovation ecosystem, universities and research institutions. The postdoctoral researchers are encouraged to do their compulsory secodnment in the programme&#8217;s partner organisations. New partners can be added too, if needed. [&hellip;]\" \/>\n<meta property=\"og:url\" content=\"https:\/\/sites.uef.fi\/novel\/partner-organisations\/\" \/>\n<meta property=\"og:site_name\" content=\"NOVEL MSCA Postdoctoral Programme\" \/>\n<meta property=\"article:modified_time\" content=\"2026-04-01T10:34:26+00:00\" \/>\n<meta name=\"twitter:card\" content=\"summary_large_image\" \/>\n<meta name=\"twitter:label1\" content=\"Est. reading time\" \/>\n\t<meta name=\"twitter:data1\" content=\"2 minutes\" \/>\n<script type=\"application\/ld+json\" class=\"yoast-schema-graph\">{\"@context\":\"https:\\\/\\\/schema.org\",\"@graph\":[{\"@type\":\"WebPage\",\"@id\":\"https:\\\/\\\/sites.uef.fi\\\/novel\\\/partner-organisations\\\/\",\"url\":\"https:\\\/\\\/sites.uef.fi\\\/novel\\\/partner-organisations\\\/\",\"name\":\"Partner Organisations - NOVEL MSCA Postdoctoral Programme\",\"isPartOf\":{\"@id\":\"https:\\\/\\\/sites.uef.fi\\\/novel\\\/#website\"},\"datePublished\":\"2024-11-01T07:35:34+00:00\",\"dateModified\":\"2026-04-01T10:34:26+00:00\",\"breadcrumb\":{\"@id\":\"https:\\\/\\\/sites.uef.fi\\\/novel\\\/partner-organisations\\\/#breadcrumb\"},\"inLanguage\":\"en-US\",\"potentialAction\":[{\"@type\":\"ReadAction\",\"target\":[\"https:\\\/\\\/sites.uef.fi\\\/novel\\\/partner-organisations\\\/\"]}]},{\"@type\":\"BreadcrumbList\",\"@id\":\"https:\\\/\\\/sites.uef.fi\\\/novel\\\/partner-organisations\\\/#breadcrumb\",\"itemListElement\":[{\"@type\":\"ListItem\",\"position\":1,\"name\":\"Home\",\"item\":\"https:\\\/\\\/sites.uef.fi\\\/novel\\\/\"},{\"@type\":\"ListItem\",\"position\":2,\"name\":\"Partner Organisations\"}]},{\"@type\":\"WebSite\",\"@id\":\"https:\\\/\\\/sites.uef.fi\\\/novel\\\/#website\",\"url\":\"https:\\\/\\\/sites.uef.fi\\\/novel\\\/\",\"name\":\"NOVEL MSCA Postdoctoral Programme\",\"description\":\"A Pioneering Multidisciplinary Postdoctoral Programme Focused on Brain Health\",\"potentialAction\":[{\"@type\":\"SearchAction\",\"target\":{\"@type\":\"EntryPoint\",\"urlTemplate\":\"https:\\\/\\\/sites.uef.fi\\\/novel\\\/?s={search_term_string}\"},\"query-input\":{\"@type\":\"PropertyValueSpecification\",\"valueRequired\":true,\"valueName\":\"search_term_string\"}}],\"inLanguage\":\"en-US\"}]}<\/script>\n<!-- \/ Yoast SEO plugin. -->","yoast_head_json":{"title":"Partner Organisations - NOVEL MSCA Postdoctoral Programme","robots":{"index":"index","follow":"follow","max-snippet":"max-snippet:-1","max-image-preview":"max-image-preview:large","max-video-preview":"max-video-preview:-1"},"canonical":"https:\/\/sites.uef.fi\/novel\/partner-organisations\/","og_locale":"en_US","og_type":"article","og_title":"Partner Organisations - NOVEL MSCA Postdoctoral Programme","og_description":"To enable our postdoctoral researchers&#8217; intersectoral exposure, our programme has a wide network of national and international partners, including a hospital, companies, patient advocacy organization, an innovation ecosystem, universities and research institutions. The postdoctoral researchers are encouraged to do their compulsory secodnment in the programme&#8217;s partner organisations. New partners can be added too, if needed. [&hellip;]","og_url":"https:\/\/sites.uef.fi\/novel\/partner-organisations\/","og_site_name":"NOVEL MSCA Postdoctoral Programme","article_modified_time":"2026-04-01T10:34:26+00:00","twitter_card":"summary_large_image","twitter_misc":{"Est. reading time":"2 minutes"},"schema":{"@context":"https:\/\/schema.org","@graph":[{"@type":"WebPage","@id":"https:\/\/sites.uef.fi\/novel\/partner-organisations\/","url":"https:\/\/sites.uef.fi\/novel\/partner-organisations\/","name":"Partner Organisations - NOVEL MSCA Postdoctoral Programme","isPartOf":{"@id":"https:\/\/sites.uef.fi\/novel\/#website"},"datePublished":"2024-11-01T07:35:34+00:00","dateModified":"2026-04-01T10:34:26+00:00","breadcrumb":{"@id":"https:\/\/sites.uef.fi\/novel\/partner-organisations\/#breadcrumb"},"inLanguage":"en-US","potentialAction":[{"@type":"ReadAction","target":["https:\/\/sites.uef.fi\/novel\/partner-organisations\/"]}]},{"@type":"BreadcrumbList","@id":"https:\/\/sites.uef.fi\/novel\/partner-organisations\/#breadcrumb","itemListElement":[{"@type":"ListItem","position":1,"name":"Home","item":"https:\/\/sites.uef.fi\/novel\/"},{"@type":"ListItem","position":2,"name":"Partner Organisations"}]},{"@type":"WebSite","@id":"https:\/\/sites.uef.fi\/novel\/#website","url":"https:\/\/sites.uef.fi\/novel\/","name":"NOVEL MSCA Postdoctoral Programme","description":"A Pioneering Multidisciplinary Postdoctoral Programme Focused on Brain Health","potentialAction":[{"@type":"SearchAction","target":{"@type":"EntryPoint","urlTemplate":"https:\/\/sites.uef.fi\/novel\/?s={search_term_string}"},"query-input":{"@type":"PropertyValueSpecification","valueRequired":true,"valueName":"search_term_string"}}],"inLanguage":"en-US"}]}},"_links":{"self":[{"href":"https:\/\/sites.uef.fi\/novel\/wp-json\/wp\/v2\/pages\/325","targetHints":{"allow":["GET"]}}],"collection":[{"href":"https:\/\/sites.uef.fi\/novel\/wp-json\/wp\/v2\/pages"}],"about":[{"href":"https:\/\/sites.uef.fi\/novel\/wp-json\/wp\/v2\/types\/page"}],"author":[{"embeddable":true,"href":"https:\/\/sites.uef.fi\/novel\/wp-json\/wp\/v2\/users\/860"}],"replies":[{"embeddable":true,"href":"https:\/\/sites.uef.fi\/novel\/wp-json\/wp\/v2\/comments?post=325"}],"version-history":[{"count":1,"href":"https:\/\/sites.uef.fi\/novel\/wp-json\/wp\/v2\/pages\/325\/revisions"}],"predecessor-version":[{"id":2382,"href":"https:\/\/sites.uef.fi\/novel\/wp-json\/wp\/v2\/pages\/325\/revisions\/2382"}],"wp:attachment":[{"href":"https:\/\/sites.uef.fi\/novel\/wp-json\/wp\/v2\/media?parent=325"}],"curies":[{"name":"wp","href":"https:\/\/api.w.org\/{rel}","templated":true}]}}