{"id":24,"date":"2020-03-11T09:27:36","date_gmt":"2020-03-11T07:27:36","guid":{"rendered":"https:\/\/sites.uef.fi\/oahot\/?page_id=24"},"modified":"2020-12-21T18:13:51","modified_gmt":"2020-12-21T16:13:51","slug":"etusivu","status":"publish","type":"page","link":"https:\/\/sites.uef.fi\/oahot\/etusivu\/?lang=fi","title":{"rendered":"Etusivu"},"content":{"rendered":"<p><img loading=\"lazy\" decoding=\"async\" class=\"alignnone size-medium wp-image-180\" src=\"https:\/\/sites.uef.fi\/oahot\/wp-content\/uploads\/sites\/12\/2020\/04\/logot_yhdess\u00e4-300x82.jpg\" alt=\"\" width=\"300\" height=\"82\" srcset=\"https:\/\/sites.uef.fi\/oahot\/wp-content\/uploads\/sites\/12\/2020\/04\/logot_yhdess\u00e4-300x82.jpg 300w, https:\/\/sites.uef.fi\/oahot\/wp-content\/uploads\/sites\/12\/2020\/04\/logot_yhdess\u00e4.jpg 454w\" sizes=\"auto, (max-width: 300px) 100vw, 300px\" \/><\/p>\n<p><i><span data-contrast=\"auto\">Oppimisanalytiikan hy\u00f6dynt\u00e4minen itseohjatun oppimisen tukemisessa koulutuspolun eri vaiheissa<\/span><\/i><span data-contrast=\"auto\"> (OAHOT) <\/span><span data-contrast=\"auto\">-hanke on 2,5-vuotinen Business Finlandin EAKR-hanke<\/span><span data-contrast=\"auto\"> ajalle <\/span><span data-contrast=\"auto\">1.2.2020-31.5.2022<\/span><span data-contrast=\"auto\">. H<\/span><span data-contrast=\"auto\">anke kokoaa tutkijoita, jotka ovat kiinnostuneita oppimisanalytiikan hy\u00f6dynt\u00e4misest\u00e4 itseohjatun oppimisen tukemisessa.\u00a0<\/span><\/p>\n<p>&nbsp;<\/p>\n<p><a href=\"https:\/\/twitter.com\/UEF_OAHOT\"><img loading=\"lazy\" decoding=\"async\" class=\"alignleft  wp-image-573\" src=\"https:\/\/sites.uef.fi\/oahot\/wp-content\/uploads\/sites\/12\/2020\/12\/follow-button.png\" alt=\"\" width=\"121\" height=\"36\" srcset=\"https:\/\/sites.uef.fi\/oahot\/wp-content\/uploads\/sites\/12\/2020\/12\/follow-button.png 512w, https:\/\/sites.uef.fi\/oahot\/wp-content\/uploads\/sites\/12\/2020\/12\/follow-button-300x89.png 300w\" sizes=\"auto, (max-width: 121px) 100vw, 121px\" \/><\/a><\/p>\n","protected":false},"excerpt":{"rendered":"<p>Oppimisanalytiikan hy\u00f6dynt\u00e4minen itseohjatun oppimisen tukemisessa koulutuspolun eri vaiheissa (OAHOT) -hanke on 2,5-vuotinen Business Finlandin EAKR-hanke ajalle 1.2.2020-31.5.2022. Hanke kokoaa tutkijoita, jotka ovat kiinnostuneita oppimisanalytiikan hy\u00f6dynt\u00e4misest\u00e4 itseohjatun oppimisen tukemisessa.\u00a0 &nbsp;<\/p>\n","protected":false},"author":2,"featured_media":0,"parent":0,"menu_order":0,"comment_status":"closed","ping_status":"closed","template":"","meta":{"_acf_changed":false,"_monsterinsights_skip_tracking":false,"_monsterinsights_sitenote_active":false,"_monsterinsights_sitenote_note":"","_monsterinsights_sitenote_category":0,"footnotes":""},"class_list":["post-24","page","type-page","status-publish","hentry"],"acf":[],"yoast_head":"<!-- This site is optimized with the Yoast SEO plugin v27.3 - https:\/\/yoast.com\/product\/yoast-seo-wordpress\/ -->\n<title>Etusivu - OAHOT<\/title>\n<meta name=\"robots\" content=\"index, follow, max-snippet:-1, max-image-preview:large, max-video-preview:-1\" \/>\n<link rel=\"canonical\" href=\"https:\/\/sites.uef.fi\/oahot\/?lang=fi\" \/>\n<meta property=\"og:locale\" content=\"en_US\" \/>\n<meta property=\"og:type\" content=\"article\" \/>\n<meta property=\"og:title\" content=\"Etusivu - OAHOT\" \/>\n<meta property=\"og:description\" content=\"Oppimisanalytiikan hy\u00f6dynt\u00e4minen itseohjatun oppimisen tukemisessa koulutuspolun eri vaiheissa (OAHOT) -hanke on 2,5-vuotinen Business Finlandin EAKR-hanke ajalle 1.2.2020-31.5.2022. Hanke kokoaa tutkijoita, jotka ovat kiinnostuneita oppimisanalytiikan hy\u00f6dynt\u00e4misest\u00e4 itseohjatun oppimisen tukemisessa.\u00a0 &nbsp;\" \/>\n<meta property=\"og:url\" content=\"https:\/\/sites.uef.fi\/oahot\/?lang=fi\" \/>\n<meta property=\"og:site_name\" content=\"OAHOT\" \/>\n<meta property=\"article:modified_time\" content=\"2020-12-21T16:13:51+00:00\" \/>\n<meta property=\"og:image\" content=\"https:\/\/sites.uef.fi\/oahot\/wp-content\/uploads\/sites\/12\/2020\/12\/follow-button.png\" \/>\n<meta name=\"twitter:card\" content=\"summary_large_image\" \/>\n<script type=\"application\/ld+json\" class=\"yoast-schema-graph\">{\"@context\":\"https:\\\/\\\/schema.org\",\"@graph\":[{\"@type\":\"WebPage\",\"@id\":\"https:\\\/\\\/sites.uef.fi\\\/oahot\\\/?lang=fi\",\"url\":\"https:\\\/\\\/sites.uef.fi\\\/oahot\\\/?lang=fi\",\"name\":\"Etusivu - OAHOT\",\"isPartOf\":{\"@id\":\"https:\\\/\\\/sites.uef.fi\\\/oahot\\\/#website\"},\"primaryImageOfPage\":{\"@id\":\"https:\\\/\\\/sites.uef.fi\\\/oahot\\\/?lang=fi#primaryimage\"},\"image\":{\"@id\":\"https:\\\/\\\/sites.uef.fi\\\/oahot\\\/?lang=fi#primaryimage\"},\"thumbnailUrl\":\"https:\\\/\\\/sites.uef.fi\\\/oahot\\\/wp-content\\\/uploads\\\/sites\\\/12\\\/2020\\\/12\\\/follow-button.png\",\"datePublished\":\"2020-03-11T07:27:36+00:00\",\"dateModified\":\"2020-12-21T16:13:51+00:00\",\"breadcrumb\":{\"@id\":\"https:\\\/\\\/sites.uef.fi\\\/oahot\\\/?lang=fi#breadcrumb\"},\"inLanguage\":\"en-US\",\"potentialAction\":[{\"@type\":\"ReadAction\",\"target\":[\"https:\\\/\\\/sites.uef.fi\\\/oahot\\\/?lang=fi\"]}]},{\"@type\":\"ImageObject\",\"inLanguage\":\"en-US\",\"@id\":\"https:\\\/\\\/sites.uef.fi\\\/oahot\\\/?lang=fi#primaryimage\",\"url\":\"https:\\\/\\\/sites.uef.fi\\\/oahot\\\/wp-content\\\/uploads\\\/sites\\\/12\\\/2020\\\/12\\\/follow-button.png\",\"contentUrl\":\"https:\\\/\\\/sites.uef.fi\\\/oahot\\\/wp-content\\\/uploads\\\/sites\\\/12\\\/2020\\\/12\\\/follow-button.png\",\"width\":512,\"height\":152},{\"@type\":\"BreadcrumbList\",\"@id\":\"https:\\\/\\\/sites.uef.fi\\\/oahot\\\/?lang=fi#breadcrumb\",\"itemListElement\":[{\"@type\":\"ListItem\",\"position\":1,\"name\":\"Home\",\"item\":\"https:\\\/\\\/sites.uef.fi\\\/oahot\\\/\"},{\"@type\":\"ListItem\",\"position\":2,\"name\":\"Etusivu\"}]},{\"@type\":\"WebSite\",\"@id\":\"https:\\\/\\\/sites.uef.fi\\\/oahot\\\/#website\",\"url\":\"https:\\\/\\\/sites.uef.fi\\\/oahot\\\/\",\"name\":\"OAHOT\",\"description\":\"\",\"potentialAction\":[{\"@type\":\"SearchAction\",\"target\":{\"@type\":\"EntryPoint\",\"urlTemplate\":\"https:\\\/\\\/sites.uef.fi\\\/oahot\\\/?s={search_term_string}\"},\"query-input\":{\"@type\":\"PropertyValueSpecification\",\"valueRequired\":true,\"valueName\":\"search_term_string\"}}],\"inLanguage\":\"en-US\"}]}<\/script>\n<!-- \/ Yoast SEO plugin. -->","yoast_head_json":{"title":"Etusivu - OAHOT","robots":{"index":"index","follow":"follow","max-snippet":"max-snippet:-1","max-image-preview":"max-image-preview:large","max-video-preview":"max-video-preview:-1"},"canonical":"https:\/\/sites.uef.fi\/oahot\/?lang=fi","og_locale":"en_US","og_type":"article","og_title":"Etusivu - OAHOT","og_description":"Oppimisanalytiikan hy\u00f6dynt\u00e4minen itseohjatun oppimisen tukemisessa koulutuspolun eri vaiheissa (OAHOT) -hanke on 2,5-vuotinen Business Finlandin EAKR-hanke ajalle 1.2.2020-31.5.2022. Hanke kokoaa tutkijoita, jotka ovat kiinnostuneita oppimisanalytiikan hy\u00f6dynt\u00e4misest\u00e4 itseohjatun oppimisen tukemisessa.\u00a0 &nbsp;","og_url":"https:\/\/sites.uef.fi\/oahot\/?lang=fi","og_site_name":"OAHOT","article_modified_time":"2020-12-21T16:13:51+00:00","og_image":[{"url":"https:\/\/sites.uef.fi\/oahot\/wp-content\/uploads\/sites\/12\/2020\/12\/follow-button.png","type":"","width":"","height":""}],"twitter_card":"summary_large_image","schema":{"@context":"https:\/\/schema.org","@graph":[{"@type":"WebPage","@id":"https:\/\/sites.uef.fi\/oahot\/?lang=fi","url":"https:\/\/sites.uef.fi\/oahot\/?lang=fi","name":"Etusivu - OAHOT","isPartOf":{"@id":"https:\/\/sites.uef.fi\/oahot\/#website"},"primaryImageOfPage":{"@id":"https:\/\/sites.uef.fi\/oahot\/?lang=fi#primaryimage"},"image":{"@id":"https:\/\/sites.uef.fi\/oahot\/?lang=fi#primaryimage"},"thumbnailUrl":"https:\/\/sites.uef.fi\/oahot\/wp-content\/uploads\/sites\/12\/2020\/12\/follow-button.png","datePublished":"2020-03-11T07:27:36+00:00","dateModified":"2020-12-21T16:13:51+00:00","breadcrumb":{"@id":"https:\/\/sites.uef.fi\/oahot\/?lang=fi#breadcrumb"},"inLanguage":"en-US","potentialAction":[{"@type":"ReadAction","target":["https:\/\/sites.uef.fi\/oahot\/?lang=fi"]}]},{"@type":"ImageObject","inLanguage":"en-US","@id":"https:\/\/sites.uef.fi\/oahot\/?lang=fi#primaryimage","url":"https:\/\/sites.uef.fi\/oahot\/wp-content\/uploads\/sites\/12\/2020\/12\/follow-button.png","contentUrl":"https:\/\/sites.uef.fi\/oahot\/wp-content\/uploads\/sites\/12\/2020\/12\/follow-button.png","width":512,"height":152},{"@type":"BreadcrumbList","@id":"https:\/\/sites.uef.fi\/oahot\/?lang=fi#breadcrumb","itemListElement":[{"@type":"ListItem","position":1,"name":"Home","item":"https:\/\/sites.uef.fi\/oahot\/"},{"@type":"ListItem","position":2,"name":"Etusivu"}]},{"@type":"WebSite","@id":"https:\/\/sites.uef.fi\/oahot\/#website","url":"https:\/\/sites.uef.fi\/oahot\/","name":"OAHOT","description":"","potentialAction":[{"@type":"SearchAction","target":{"@type":"EntryPoint","urlTemplate":"https:\/\/sites.uef.fi\/oahot\/?s={search_term_string}"},"query-input":{"@type":"PropertyValueSpecification","valueRequired":true,"valueName":"search_term_string"}}],"inLanguage":"en-US"}]}},"_links":{"self":[{"href":"https:\/\/sites.uef.fi\/oahot\/wp-json\/wp\/v2\/pages\/24","targetHints":{"allow":["GET"]}}],"collection":[{"href":"https:\/\/sites.uef.fi\/oahot\/wp-json\/wp\/v2\/pages"}],"about":[{"href":"https:\/\/sites.uef.fi\/oahot\/wp-json\/wp\/v2\/types\/page"}],"author":[{"embeddable":true,"href":"https:\/\/sites.uef.fi\/oahot\/wp-json\/wp\/v2\/users\/2"}],"replies":[{"embeddable":true,"href":"https:\/\/sites.uef.fi\/oahot\/wp-json\/wp\/v2\/comments?post=24"}],"version-history":[{"count":2,"href":"https:\/\/sites.uef.fi\/oahot\/wp-json\/wp\/v2\/pages\/24\/revisions"}],"predecessor-version":[{"id":582,"href":"https:\/\/sites.uef.fi\/oahot\/wp-json\/wp\/v2\/pages\/24\/revisions\/582"}],"wp:attachment":[{"href":"https:\/\/sites.uef.fi\/oahot\/wp-json\/wp\/v2\/media?parent=24"}],"curies":[{"name":"wp","href":"https:\/\/api.w.org\/{rel}","templated":true}]}}