{"id":243,"date":"2020-04-27T12:42:51","date_gmt":"2020-04-27T09:42:51","guid":{"rendered":"https:\/\/sites.uef.fi\/oahot\/?page_id=243"},"modified":"2020-12-07T11:24:08","modified_gmt":"2020-12-07T09:24:08","slug":"yhteistyokumppanit","status":"publish","type":"page","link":"https:\/\/sites.uef.fi\/oahot\/etusivu\/yhteistyokumppanit\/?lang=fi","title":{"rendered":"Yhteisty\u00f6kumppanit"},"content":{"rendered":"<h1><img loading=\"lazy\" decoding=\"async\" class=\"alignnone size-medium wp-image-180\" src=\"https:\/\/sites.uef.fi\/oahot\/wp-content\/uploads\/sites\/12\/2020\/04\/logot_yhdess\u00e4-300x82.jpg\" alt=\"\" width=\"300\" height=\"82\" srcset=\"https:\/\/sites.uef.fi\/oahot\/wp-content\/uploads\/sites\/12\/2020\/04\/logot_yhdess\u00e4-300x82.jpg 300w, https:\/\/sites.uef.fi\/oahot\/wp-content\/uploads\/sites\/12\/2020\/04\/logot_yhdess\u00e4.jpg 454w\" sizes=\"auto, (max-width: 300px) 100vw, 300px\" \/><\/h1>\n<h1>Yhteisty\u00f6kumppanit<\/h1>\n<h2>Yritysyhteisty\u00f6kumppanit:<\/h2>\n<p><strong>Solenovo Oy<\/strong> on vuonna 1996 perustettu joensuulainen ohjelmistoyritys, joka tarjoaa erityisesti koulutussektorin tarpeisiin kehitettyj\u00e4 j\u00e4rjestelmi\u00e4. Solenovo tarjoaa johtavaa teknologiaa soveltavia ratkaisuja asiakkaiden arjen sujuvoittamiseksi. Asiakasyhteisty\u00f6ss\u00e4 kehitetyt j\u00e4rjestelm\u00e4t auttavat oppilaitoksia suoraviivaistamaan<br \/>\nprosesseja, v\u00e4hent\u00e4m\u00e4\u00e4n paperity\u00f6t\u00e4 ja s\u00e4\u00e4st\u00e4m\u00e4\u00e4n aikaa siihen,<br \/>\nmik\u00e4 on t\u00e4rkeint\u00e4.<\/p>\n<p><strong>ThingLink Oy<\/strong> on Suomesta l\u00e4ht\u00f6isin ja kansainv\u00e4lisesti palkittu oppimisteknologian innovaatio, jonka avulla k\u00e4ytt\u00e4j\u00e4t voivat helposti lis\u00e4t\u00e4 kuviin ja videoihin lis\u00e4tietoa ja linkkej\u00e4. Miljoonat ty\u00f6paikoilla ja kouluissa k\u00e4ytt\u00e4v\u00e4t ThingLinki\u00e4 visuaalisten oppimiskokemusten, esitysten ja -materiaalien tekemiseen.<\/p>\n<p><strong>Valamis Group Oy<\/strong> on kansainv\u00e4lisesti kasvava digitaaliseen oppimiseen ja ty\u00f6voiman kehitt\u00e4miseen erikoistunut yritys. Valamiksen oppimisteknologia auttaa asiakkaita kehitt\u00e4m\u00e4\u00e4n ty\u00f6voiman osaamista tulevaisuuden ty\u00f6el\u00e4m\u00e4n tarpeisiin. Se tarjoaa yrityksille kustannustehokkaan, ajasta ja paikasta riippumattoman tavan huolehtia ty\u00f6ntekij\u00f6iden osaamisesta. Valamiksen p\u00e4\u00e4konttori sijaitsee Joensuussa, ja Suomen lis\u00e4ksi sill\u00e4 on toimipisteit\u00e4 Yhdysvalloissa, Englannissa, Saksassa, Alankomaissa, Ven\u00e4j\u00e4ll\u00e4 ja Intiassa.<\/p>\n<p><img loading=\"lazy\" decoding=\"async\" class=\"wp-image-445 aligncenter\" src=\"https:\/\/sites.uef.fi\/oahot\/wp-content\/uploads\/sites\/12\/2020\/12\/OAHOT_partners_logo-1-300x98.png\" alt=\"\" width=\"361\" height=\"118\" srcset=\"https:\/\/sites.uef.fi\/oahot\/wp-content\/uploads\/sites\/12\/2020\/12\/OAHOT_partners_logo-1-300x98.png 300w, https:\/\/sites.uef.fi\/oahot\/wp-content\/uploads\/sites\/12\/2020\/12\/OAHOT_partners_logo-1-768x250.png 768w, https:\/\/sites.uef.fi\/oahot\/wp-content\/uploads\/sites\/12\/2020\/12\/OAHOT_partners_logo-1.png 926w\" sizes=\"auto, (max-width: 361px) 100vw, 361px\" \/><\/p>\n<h2>Keskeiset kansainv\u00e4liset yhteisty\u00f6kumppanit:<\/h2>\n<p>Professori Dirk Ifenthaler (Mannheimin yliopisto, Saksa)<\/p>\n<p>Professori Matthew C. Lambert (University of Nebraska, USA)<\/p>\n<p>Professori Mien Segers (Maastrichtin yliopisto, Alankomat)<\/p>\n<p>Professori Jo Tondeur (<span class=\"st\">Vrije Universiteit Brussel, Belgia<\/span>)<\/p>\n<h2>Yhteisty\u00f6organisaatiot:<\/h2>\n<p>It\u00e4-Suomen yliopisto<\/p>\n<p>It\u00e4-Suomen yliopiston harjoittelukoulu<\/p>\n<p>EduPark Joensuu, Joensuun kaupunki ja Business Joensuu<\/p>\n","protected":false},"excerpt":{"rendered":"<p>Yhteisty\u00f6kumppanit Yritysyhteisty\u00f6kumppanit: Solenovo Oy on vuonna 1996 perustettu joensuulainen ohjelmistoyritys, joka tarjoaa erityisesti koulutussektorin tarpeisiin kehitettyj\u00e4 j\u00e4rjestelmi\u00e4. Solenovo tarjoaa johtavaa teknologiaa soveltavia ratkaisuja asiakkaiden arjen sujuvoittamiseksi. Asiakasyhteisty\u00f6ss\u00e4 kehitetyt j\u00e4rjestelm\u00e4t auttavat oppilaitoksia suoraviivaistamaan prosesseja, v\u00e4hent\u00e4m\u00e4\u00e4n paperity\u00f6t\u00e4 ja s\u00e4\u00e4st\u00e4m\u00e4\u00e4n aikaa siihen, mik\u00e4 on t\u00e4rkeint\u00e4. ThingLink Oy on Suomesta l\u00e4ht\u00f6isin ja kansainv\u00e4lisesti palkittu oppimisteknologian innovaatio, jonka avulla k\u00e4ytt\u00e4j\u00e4t [&hellip;]<\/p>\n","protected":false},"author":10,"featured_media":0,"parent":24,"menu_order":5,"comment_status":"closed","ping_status":"closed","template":"","meta":{"_acf_changed":false,"_monsterinsights_skip_tracking":false,"_monsterinsights_sitenote_active":false,"_monsterinsights_sitenote_note":"","_monsterinsights_sitenote_category":0,"footnotes":""},"class_list":["post-243","page","type-page","status-publish","hentry"],"acf":[],"yoast_head":"<!-- This site is optimized with the Yoast SEO plugin v27.1.1 - https:\/\/yoast.com\/product\/yoast-seo-wordpress\/ -->\n<title>Yhteisty\u00f6kumppanit - OAHOT<\/title>\n<meta name=\"robots\" content=\"index, follow, max-snippet:-1, max-image-preview:large, max-video-preview:-1\" \/>\n<link rel=\"canonical\" href=\"https:\/\/sites.uef.fi\/oahot\/etusivu\/yhteistyokumppanit\/?lang=fi\" \/>\n<meta property=\"og:locale\" content=\"en_US\" \/>\n<meta property=\"og:type\" content=\"article\" \/>\n<meta property=\"og:title\" content=\"Yhteisty\u00f6kumppanit - OAHOT\" \/>\n<meta property=\"og:description\" content=\"Yhteisty\u00f6kumppanit Yritysyhteisty\u00f6kumppanit: Solenovo Oy on vuonna 1996 perustettu joensuulainen ohjelmistoyritys, joka tarjoaa erityisesti koulutussektorin tarpeisiin kehitettyj\u00e4 j\u00e4rjestelmi\u00e4. Solenovo tarjoaa johtavaa teknologiaa soveltavia ratkaisuja asiakkaiden arjen sujuvoittamiseksi. Asiakasyhteisty\u00f6ss\u00e4 kehitetyt j\u00e4rjestelm\u00e4t auttavat oppilaitoksia suoraviivaistamaan prosesseja, v\u00e4hent\u00e4m\u00e4\u00e4n paperity\u00f6t\u00e4 ja s\u00e4\u00e4st\u00e4m\u00e4\u00e4n aikaa siihen, mik\u00e4 on t\u00e4rkeint\u00e4. ThingLink Oy on Suomesta l\u00e4ht\u00f6isin ja kansainv\u00e4lisesti palkittu oppimisteknologian innovaatio, jonka avulla k\u00e4ytt\u00e4j\u00e4t [&hellip;]\" \/>\n<meta property=\"og:url\" content=\"https:\/\/sites.uef.fi\/oahot\/etusivu\/yhteistyokumppanit\/?lang=fi\" \/>\n<meta property=\"og:site_name\" content=\"OAHOT\" \/>\n<meta property=\"article:modified_time\" content=\"2020-12-07T09:24:08+00:00\" \/>\n<meta property=\"og:image\" content=\"https:\/\/sites.uef.fi\/oahot\/wp-content\/uploads\/sites\/12\/2020\/12\/OAHOT_partners_logo-1-300x98.png\" \/>\n<meta name=\"twitter:card\" content=\"summary_large_image\" \/>\n<meta name=\"twitter:label1\" content=\"Est. reading time\" \/>\n\t<meta name=\"twitter:data1\" content=\"1 minute\" \/>\n<script type=\"application\/ld+json\" class=\"yoast-schema-graph\">{\"@context\":\"https:\/\/schema.org\",\"@graph\":[{\"@type\":\"WebPage\",\"@id\":\"https:\/\/sites.uef.fi\/oahot\/etusivu\/yhteistyokumppanit\/?lang=fi\",\"url\":\"https:\/\/sites.uef.fi\/oahot\/etusivu\/yhteistyokumppanit\/?lang=fi\",\"name\":\"Yhteisty\u00f6kumppanit - OAHOT\",\"isPartOf\":{\"@id\":\"https:\/\/sites.uef.fi\/oahot\/#website\"},\"primaryImageOfPage\":{\"@id\":\"https:\/\/sites.uef.fi\/oahot\/etusivu\/yhteistyokumppanit\/?lang=fi#primaryimage\"},\"image\":{\"@id\":\"https:\/\/sites.uef.fi\/oahot\/etusivu\/yhteistyokumppanit\/?lang=fi#primaryimage\"},\"thumbnailUrl\":\"https:\/\/sites.uef.fi\/oahot\/wp-content\/uploads\/sites\/12\/2020\/12\/OAHOT_partners_logo-1-300x98.png\",\"datePublished\":\"2020-04-27T09:42:51+00:00\",\"dateModified\":\"2020-12-07T09:24:08+00:00\",\"breadcrumb\":{\"@id\":\"https:\/\/sites.uef.fi\/oahot\/etusivu\/yhteistyokumppanit\/?lang=fi#breadcrumb\"},\"inLanguage\":\"en-US\",\"potentialAction\":[{\"@type\":\"ReadAction\",\"target\":[\"https:\/\/sites.uef.fi\/oahot\/etusivu\/yhteistyokumppanit\/?lang=fi\"]}]},{\"@type\":\"ImageObject\",\"inLanguage\":\"en-US\",\"@id\":\"https:\/\/sites.uef.fi\/oahot\/etusivu\/yhteistyokumppanit\/?lang=fi#primaryimage\",\"url\":\"https:\/\/sites.uef.fi\/oahot\/wp-content\/uploads\/sites\/12\/2020\/12\/OAHOT_partners_logo-1.png\",\"contentUrl\":\"https:\/\/sites.uef.fi\/oahot\/wp-content\/uploads\/sites\/12\/2020\/12\/OAHOT_partners_logo-1.png\",\"width\":926,\"height\":302},{\"@type\":\"BreadcrumbList\",\"@id\":\"https:\/\/sites.uef.fi\/oahot\/etusivu\/yhteistyokumppanit\/?lang=fi#breadcrumb\",\"itemListElement\":[{\"@type\":\"ListItem\",\"position\":1,\"name\":\"Home\",\"item\":\"https:\/\/sites.uef.fi\/oahot\/\"},{\"@type\":\"ListItem\",\"position\":2,\"name\":\"Etusivu\",\"item\":\"https:\/\/sites.uef.fi\/oahot\/?lang=fi\"},{\"@type\":\"ListItem\",\"position\":3,\"name\":\"Yhteisty\u00f6kumppanit\"}]},{\"@type\":\"WebSite\",\"@id\":\"https:\/\/sites.uef.fi\/oahot\/#website\",\"url\":\"https:\/\/sites.uef.fi\/oahot\/\",\"name\":\"OAHOT\",\"description\":\"\",\"potentialAction\":[{\"@type\":\"SearchAction\",\"target\":{\"@type\":\"EntryPoint\",\"urlTemplate\":\"https:\/\/sites.uef.fi\/oahot\/?s={search_term_string}\"},\"query-input\":{\"@type\":\"PropertyValueSpecification\",\"valueRequired\":true,\"valueName\":\"search_term_string\"}}],\"inLanguage\":\"en-US\"}]}<\/script>\n<!-- \/ Yoast SEO plugin. -->","yoast_head_json":{"title":"Yhteisty\u00f6kumppanit - OAHOT","robots":{"index":"index","follow":"follow","max-snippet":"max-snippet:-1","max-image-preview":"max-image-preview:large","max-video-preview":"max-video-preview:-1"},"canonical":"https:\/\/sites.uef.fi\/oahot\/etusivu\/yhteistyokumppanit\/?lang=fi","og_locale":"en_US","og_type":"article","og_title":"Yhteisty\u00f6kumppanit - OAHOT","og_description":"Yhteisty\u00f6kumppanit Yritysyhteisty\u00f6kumppanit: Solenovo Oy on vuonna 1996 perustettu joensuulainen ohjelmistoyritys, joka tarjoaa erityisesti koulutussektorin tarpeisiin kehitettyj\u00e4 j\u00e4rjestelmi\u00e4. Solenovo tarjoaa johtavaa teknologiaa soveltavia ratkaisuja asiakkaiden arjen sujuvoittamiseksi. Asiakasyhteisty\u00f6ss\u00e4 kehitetyt j\u00e4rjestelm\u00e4t auttavat oppilaitoksia suoraviivaistamaan prosesseja, v\u00e4hent\u00e4m\u00e4\u00e4n paperity\u00f6t\u00e4 ja s\u00e4\u00e4st\u00e4m\u00e4\u00e4n aikaa siihen, mik\u00e4 on t\u00e4rkeint\u00e4. ThingLink Oy on Suomesta l\u00e4ht\u00f6isin ja kansainv\u00e4lisesti palkittu oppimisteknologian innovaatio, jonka avulla k\u00e4ytt\u00e4j\u00e4t [&hellip;]","og_url":"https:\/\/sites.uef.fi\/oahot\/etusivu\/yhteistyokumppanit\/?lang=fi","og_site_name":"OAHOT","article_modified_time":"2020-12-07T09:24:08+00:00","og_image":[{"url":"https:\/\/sites.uef.fi\/oahot\/wp-content\/uploads\/sites\/12\/2020\/12\/OAHOT_partners_logo-1-300x98.png","type":"","width":"","height":""}],"twitter_card":"summary_large_image","twitter_misc":{"Est. reading time":"1 minute"},"schema":{"@context":"https:\/\/schema.org","@graph":[{"@type":"WebPage","@id":"https:\/\/sites.uef.fi\/oahot\/etusivu\/yhteistyokumppanit\/?lang=fi","url":"https:\/\/sites.uef.fi\/oahot\/etusivu\/yhteistyokumppanit\/?lang=fi","name":"Yhteisty\u00f6kumppanit - OAHOT","isPartOf":{"@id":"https:\/\/sites.uef.fi\/oahot\/#website"},"primaryImageOfPage":{"@id":"https:\/\/sites.uef.fi\/oahot\/etusivu\/yhteistyokumppanit\/?lang=fi#primaryimage"},"image":{"@id":"https:\/\/sites.uef.fi\/oahot\/etusivu\/yhteistyokumppanit\/?lang=fi#primaryimage"},"thumbnailUrl":"https:\/\/sites.uef.fi\/oahot\/wp-content\/uploads\/sites\/12\/2020\/12\/OAHOT_partners_logo-1-300x98.png","datePublished":"2020-04-27T09:42:51+00:00","dateModified":"2020-12-07T09:24:08+00:00","breadcrumb":{"@id":"https:\/\/sites.uef.fi\/oahot\/etusivu\/yhteistyokumppanit\/?lang=fi#breadcrumb"},"inLanguage":"en-US","potentialAction":[{"@type":"ReadAction","target":["https:\/\/sites.uef.fi\/oahot\/etusivu\/yhteistyokumppanit\/?lang=fi"]}]},{"@type":"ImageObject","inLanguage":"en-US","@id":"https:\/\/sites.uef.fi\/oahot\/etusivu\/yhteistyokumppanit\/?lang=fi#primaryimage","url":"https:\/\/sites.uef.fi\/oahot\/wp-content\/uploads\/sites\/12\/2020\/12\/OAHOT_partners_logo-1.png","contentUrl":"https:\/\/sites.uef.fi\/oahot\/wp-content\/uploads\/sites\/12\/2020\/12\/OAHOT_partners_logo-1.png","width":926,"height":302},{"@type":"BreadcrumbList","@id":"https:\/\/sites.uef.fi\/oahot\/etusivu\/yhteistyokumppanit\/?lang=fi#breadcrumb","itemListElement":[{"@type":"ListItem","position":1,"name":"Home","item":"https:\/\/sites.uef.fi\/oahot\/"},{"@type":"ListItem","position":2,"name":"Etusivu","item":"https:\/\/sites.uef.fi\/oahot\/?lang=fi"},{"@type":"ListItem","position":3,"name":"Yhteisty\u00f6kumppanit"}]},{"@type":"WebSite","@id":"https:\/\/sites.uef.fi\/oahot\/#website","url":"https:\/\/sites.uef.fi\/oahot\/","name":"OAHOT","description":"","potentialAction":[{"@type":"SearchAction","target":{"@type":"EntryPoint","urlTemplate":"https:\/\/sites.uef.fi\/oahot\/?s={search_term_string}"},"query-input":{"@type":"PropertyValueSpecification","valueRequired":true,"valueName":"search_term_string"}}],"inLanguage":"en-US"}]}},"_links":{"self":[{"href":"https:\/\/sites.uef.fi\/oahot\/wp-json\/wp\/v2\/pages\/243","targetHints":{"allow":["GET"]}}],"collection":[{"href":"https:\/\/sites.uef.fi\/oahot\/wp-json\/wp\/v2\/pages"}],"about":[{"href":"https:\/\/sites.uef.fi\/oahot\/wp-json\/wp\/v2\/types\/page"}],"author":[{"embeddable":true,"href":"https:\/\/sites.uef.fi\/oahot\/wp-json\/wp\/v2\/users\/10"}],"replies":[{"embeddable":true,"href":"https:\/\/sites.uef.fi\/oahot\/wp-json\/wp\/v2\/comments?post=243"}],"version-history":[{"count":3,"href":"https:\/\/sites.uef.fi\/oahot\/wp-json\/wp\/v2\/pages\/243\/revisions"}],"predecessor-version":[{"id":457,"href":"https:\/\/sites.uef.fi\/oahot\/wp-json\/wp\/v2\/pages\/243\/revisions\/457"}],"up":[{"embeddable":true,"href":"https:\/\/sites.uef.fi\/oahot\/wp-json\/wp\/v2\/pages\/24"}],"wp:attachment":[{"href":"https:\/\/sites.uef.fi\/oahot\/wp-json\/wp\/v2\/media?parent=243"}],"curies":[{"name":"wp","href":"https:\/\/api.w.org\/{rel}","templated":true}]}}