{"id":69,"date":"2020-04-27T10:49:40","date_gmt":"2020-04-27T07:49:40","guid":{"rendered":"https:\/\/sites.uef.fi\/oahot\/?page_id=69"},"modified":"2022-10-10T11:18:07","modified_gmt":"2022-10-10T08:18:07","slug":"events","status":"publish","type":"page","link":"https:\/\/sites.uef.fi\/oahot\/front-page\/events\/","title":{"rendered":"Events"},"content":{"rendered":"<h1><img loading=\"lazy\" decoding=\"async\" class=\"alignnone size-medium wp-image-289\" src=\"https:\/\/sites.uef.fi\/oahot\/wp-content\/uploads\/sites\/12\/2020\/04\/Picture1_EngEULogot-300x96.jpg\" alt=\"\" width=\"300\" height=\"96\" srcset=\"https:\/\/sites.uef.fi\/oahot\/wp-content\/uploads\/sites\/12\/2020\/04\/Picture1_EngEULogot-300x96.jpg 300w, https:\/\/sites.uef.fi\/oahot\/wp-content\/uploads\/sites\/12\/2020\/04\/Picture1_EngEULogot-768x247.jpg 768w, https:\/\/sites.uef.fi\/oahot\/wp-content\/uploads\/sites\/12\/2020\/04\/Picture1_EngEULogot.jpg 853w\" sizes=\"auto, (max-width: 300px) 100vw, 300px\" \/><\/h1>\n<h1>Past events<\/h1>\n<ul>\n<li>\n<h2>FLAIEC conference September 29th \u2013 30th, 2022<\/h2>\n<\/li>\n<\/ul>\n<p>First <strong>Finnish Learning Analytics and Artificial Intelligence in Education\u00a0&#8211; Emphasizing educational research perspectives\u00a0conference<\/strong> was arranged in Joensuu, University of Eastern Finland in September 2022.<\/p>\n<p>The keynote speakers at the conference were internationally acclaimed Professor Dragan Ga\u0161evi\u0107, Professor Sanna J\u00e4rvel\u00e4, Professor Dirk Ifenthaler and Professor Laura Hirsto with OAHOT project.<br \/>\n<strong><br \/>\nMore information:<\/strong> <a href=\"https:\/\/sites.uef.fi\/flaiec\">https:\/\/sites.uef.fi\/flaiec<\/a>.<\/p>\n<ul>\n<li>\n<h2>Seminar May 4th 2022<\/h2>\n<\/li>\n<\/ul>\n<p>OAHOT seminar May 4<sup>th<\/sup> 2022, 16:00-18.15 (Finnish time). In the seminar workshops, one will get to know the applications of learning analytics (LA) and the use of them as part of teaching. The panel discussion of the seminar will present the recent research on LA and reflect the research findings on how LA can be utilized as a concrete tool for teachers. The purpose of the event is to provide teachers with perspectives on concrete ways to utilize LA in teaching. The seminar will be held in Finnish.<\/p>\n<ul>\n<li>\n<h2>Seminar November 17th 2021, 14-17 o&#8217;clock (Finnish time). Keynote speaker is Assistant Professor Sonsoles L\u1f79pez-Pernas, Universidad Politecnica de Madrid.<\/h2>\n<\/li>\n<\/ul>\n<p>Keynote speaker is Assistant Professor Sonsoles L\u1f79pez-Pernas, Universidad Politecnica de Madrid. Furthermore, there will be two shorter commentary speeches and opportunity to discuss together with other listeners and researchers about learning analytics and how it can be utilized in teaching. The speakers are Professor Hanni Muukkonen and Project researcher Riina Kleimola.<\/p>\n<h3 style=\"padding-left: 40px\">Keynote abstract: Scaling learning analytics over a full study program in higher education<\/h3>\n<p style=\"padding-left: 40px\">Research has demonstrated that all domains of engagement are significant catalysts of academic achievement; such a relationship has been repeatedly confirmed in all levels of education. Engagement has obvious qualities that can be observed, tracked, and easily understood by teachers. More importantly, engagement is malleable, and therefore, disengaged students are amenable to intervention. A pervasive pattern of engagement research is that it has focused on individual courses while longitudinal engagement remains an uncharted territory, especially on the program level. This presentation offers a summary of several empirical studies that have investigated students\u2019 engagement over a full program, its association with drop-out and academic achievement, and the evolution of students\u2019 choice of learning strategies. Such research uses state-of-the-art learning analytics, student-centered methods, survival analysis, as well as single and multi-channel sequence mining. The results show <strong>how<\/strong> to identify early program disengagement, <strong>who<\/strong> may drop out, and more importantly, <strong>when<\/strong> drop out may occur.<\/p>\n<ul>\n<li>\n<h2><strong>Webinar May 11th 2021, 14-16 o&#8217;clock (Finnish time). Keynote speaker is Professor Filip Dochy (KU Leuven).<\/strong><\/h2>\n<\/li>\n<\/ul>\n<p>Third OAHOT -Webinar. Keynote speaker is professor <strong>Filip Dochy<\/strong>. He is the Professor of Learning &amp; Development in Organisations, European Academy of Science &#8211; Academia Europaea and TOP 1% scientist at USERN (the Universal Scientific Education and Research Network). He is also the author of :&#8221; Creating impact through future learning: The High Impact Learning that Lasts Model.&#8221; London: Routledge Publishers.(2018).<\/p>\n<h3 style=\"padding-left: 40px\">Keynote abstract: Prof. Filip Dochy: <em>When do learning analytics tell us something about real learning? And how do we capture High Impact Learning?<\/em><\/h3>\n<p style=\"padding-left: 40px\">In this webinar we will first talk about new views on learning. And consequently discuss whether and by means of \u00a0what learning analytics we can get insight into learners\u2019 learning processes. Further we will shortly explain the High Impact Learning model and how we measure how well high impact learning is represented in current curricula. These may be higher education curricula for example or corporate learning curricula for employees \u00a0that are in need of lifelong learning trough LES (Learning experience systems) such as the Crossknowledge Learning Suite.<\/p>\n<h3 style=\"padding-left: 40px\">Discussants:<\/h3>\n<p style=\"padding-left: 40px\"><strong>Sonsoles L\u00f3pez-Pernas<\/strong>, reseacher, Universidad Polit\u00e9cnica de Madrid (UPM)<\/p>\n<p style=\"padding-left: 40px\">Sonsoles L\u00f3pez-Pernas (<a href=\"https:\/\/eur03.safelinks.protection.outlook.com\/?url=https%3A%2F%2Fwww.researchgate.net%2Fprofile%2FSonsoles-Lopez-Pernas&amp;data=04%7C01%7C%7Cf3fbf91f6bee43678d3808d8fffa7d23%7C87879f2e73044bf2baf263e7f83f3c34%7C0%7C0%7C637540798592640457%7CUnknown%7CTWFpbGZsb3d8eyJWIjoiMC4wLjAwMDAiLCJQIjoiV2luMzIiLCJBTiI6Ik1haWwiLCJXVCI6Mn0%3D%7C1000&amp;sdata=PxdwBB%2Fo05uk0qinchxEswTHPG3stdRnxFhMHPnFhWs%3D&amp;reserved=0\">https:\/\/www.researchgate.net\/profile\/Sonsoles-Lopez-Pernas<\/a>) is a researcher at Universidad Polit\u00e9cnica de Madrid (UPM). Since the beginning of her doctoral studies, her main line of research has been the study of educational escape rooms. Lately, she has been conducting research in the growing field of learning analytics, using methods such as sequence and process mining to gain insights into students&#8217; approaches to learning programming.<\/p>\n<p style=\"padding-left: 40px\"><strong>Anja Emonds<\/strong>, PhD student, University of Maastricht, Research Experts at Crossknowledge, a Wiley Brand.<\/p>\n<p style=\"padding-left: 40px\">Anja Emonds\u00a0is a learning\u00a0consultant\u00a0in corporate learning, while working on her\u00a0PhD in corporate learning climate and online learning behavior. She investigates the building blocks of a\u00a0climate for learning, so that organizations can augment the effect of their learning platforms. She advises on learning strategy with a particular interest in learner engagement, employee motivation &amp; blended learning.<\/p>\n<ul>\n<li>\n<h2><strong>Webinar December 8th 2020, 14-16 o\u2019clock\u00a0 (Finnish time)<\/strong><\/h2>\n<\/li>\n<\/ul>\n<p>OAHOT -Webinar December 8th 2020, 14-16 o\u2019clock. Keynote speaker is a researcher of learning analytics, Dr. Mohammed Saqr, University of Eastern Finland. Furthermore, there will be three shorter commentary speeches and opportunity to discuss together with other listeners and researchers about learning analytics and how it can be utilized in teaching.<\/p>\n<h3 style=\"padding-left: 40px\">Keynote abstract: <em>Learning analytics: from predicting failures to understanding success<\/em><\/h3>\n<p style=\"padding-left: 40px\">Learning analytics has emerged to explore the opportunities of sense-making of learners&#8217; data as well as create actionable insights; such insights hold the promise for the provision of effective solutions to imperative issues in education such as attrition and personalized support. Driven by the data and the opportunities it may offer, most initial applications of learning analytics have focused on &#8220;failure&#8221; predictive models. The premise was that, an early prediction of underachievement offers an opportunity for the implementation of proactive effective remedial strategies. However, predicting failure has proven far from satisfactory and many novel ways have emerged to understand how students learn, struggle, or succeed. By understanding learning, the process of students&#8217; self-regulation, cognitive approaches, and social interactions, we can offer more meaningful feedback tailored to students&#8217; needs as well as advance our understanding of learning. The presentation will focus on how learning analytics can broaden our understanding of learners&#8217; behavior, learning processes and interactions in different contexts and scenarios, drawing on the recent methodological accomplishments and innovations. The presentation will highlight the current debate of the recent challenges and future opportunities.<\/p>\n<ul>\n<li>\n<h2><strong>Kick Off webinar May 18th 2020, 14-16 o\u2019clock\u00a0 (Finnish time)<\/strong><\/h2>\n<\/li>\n<\/ul>\n<p><span data-contrast=\"auto\">OAHOT -Webinar will be arranged with collaboration<\/span><span data-contrast=\"auto\"> of<\/span><span data-contrast=\"auto\"> Breeze <\/span><span data-contrast=\"auto\">under the wings of Global Educational<\/span> <span data-contrast=\"auto\">P<\/span><span data-contrast=\"auto\">ark <\/span><span data-contrast=\"auto\">&#8211;<\/span><span data-contrast=\"auto\">project, City of Joensuu and Business Joensuu.<\/span> <span data-contrast=\"auto\">Kick off<\/span> <span data-contrast=\"auto\">event aims to introduce <\/span><span data-contrast=\"auto\">new OAHOT project a<\/span><span data-contrast=\"auto\">s well as<\/span> <span data-contrast=\"auto\">bring together different <\/span><span data-contrast=\"auto\">cooperation partners<\/span><span data-contrast=\"auto\"> and actors that may <\/span><span data-contrast=\"auto\">capitalize about learning analytic<\/span><span data-contrast=\"auto\">s. Keynote speaker is <\/span><span data-contrast=\"auto\">a researcher of learning analytics, professor Dirk <\/span><span data-contrast=\"auto\">Ifenthaler<\/span><span data-contrast=\"auto\">, University of Mannheim, Germany.<\/span><span data-ccp-props=\"{&quot;201341983&quot;:0,&quot;335559739&quot;:160,&quot;335559740&quot;:259}\">\u00a0<\/span><\/p>\n","protected":false},"excerpt":{"rendered":"<p>Past events FLAIEC conference September 29th \u2013 30th, 2022 First Finnish Learning Analytics and Artificial Intelligence in Education\u00a0&#8211; Emphasizing educational research perspectives\u00a0conference was arranged in Joensuu, University of Eastern Finland in September 2022. The keynote speakers at the conference were internationally acclaimed Professor Dragan Ga\u0161evi\u0107, Professor Sanna J\u00e4rvel\u00e4, Professor Dirk Ifenthaler and Professor Laura Hirsto [&hellip;]<\/p>\n","protected":false},"author":10,"featured_media":0,"parent":18,"menu_order":2,"comment_status":"closed","ping_status":"closed","template":"","meta":{"_acf_changed":false,"_monsterinsights_skip_tracking":false,"_monsterinsights_sitenote_active":false,"_monsterinsights_sitenote_note":"","_monsterinsights_sitenote_category":0,"footnotes":""},"class_list":["post-69","page","type-page","status-publish","hentry"],"acf":[],"yoast_head":"<!-- This site is optimized with the Yoast SEO plugin v27.1.1 - https:\/\/yoast.com\/product\/yoast-seo-wordpress\/ -->\n<title>Events - OAHOT<\/title>\n<meta name=\"robots\" content=\"index, follow, max-snippet:-1, max-image-preview:large, max-video-preview:-1\" \/>\n<link rel=\"canonical\" href=\"https:\/\/sites.uef.fi\/oahot\/front-page\/events\/\" \/>\n<meta property=\"og:locale\" content=\"en_US\" \/>\n<meta property=\"og:type\" content=\"article\" \/>\n<meta property=\"og:title\" content=\"Events - OAHOT\" \/>\n<meta property=\"og:description\" content=\"Past events FLAIEC conference September 29th \u2013 30th, 2022 First Finnish Learning Analytics and Artificial Intelligence in Education\u00a0&#8211; Emphasizing educational research perspectives\u00a0conference was arranged in Joensuu, University of Eastern Finland in September 2022. The keynote speakers at the conference were internationally acclaimed Professor Dragan Ga\u0161evi\u0107, Professor Sanna J\u00e4rvel\u00e4, Professor Dirk Ifenthaler and Professor Laura Hirsto [&hellip;]\" \/>\n<meta property=\"og:url\" content=\"https:\/\/sites.uef.fi\/oahot\/front-page\/events\/\" \/>\n<meta property=\"og:site_name\" content=\"OAHOT\" \/>\n<meta property=\"article:modified_time\" content=\"2022-10-10T08:18:07+00:00\" \/>\n<meta property=\"og:image\" content=\"https:\/\/sites.uef.fi\/oahot\/wp-content\/uploads\/sites\/12\/2020\/04\/Picture1_EngEULogot-300x96.jpg\" \/>\n<meta name=\"twitter:card\" content=\"summary_large_image\" \/>\n<meta name=\"twitter:label1\" content=\"Est. reading time\" \/>\n\t<meta name=\"twitter:data1\" content=\"5 minutes\" \/>\n<script type=\"application\/ld+json\" class=\"yoast-schema-graph\">{\"@context\":\"https:\/\/schema.org\",\"@graph\":[{\"@type\":\"WebPage\",\"@id\":\"https:\/\/sites.uef.fi\/oahot\/front-page\/events\/\",\"url\":\"https:\/\/sites.uef.fi\/oahot\/front-page\/events\/\",\"name\":\"Events - OAHOT\",\"isPartOf\":{\"@id\":\"https:\/\/sites.uef.fi\/oahot\/#website\"},\"primaryImageOfPage\":{\"@id\":\"https:\/\/sites.uef.fi\/oahot\/front-page\/events\/#primaryimage\"},\"image\":{\"@id\":\"https:\/\/sites.uef.fi\/oahot\/front-page\/events\/#primaryimage\"},\"thumbnailUrl\":\"https:\/\/sites.uef.fi\/oahot\/wp-content\/uploads\/sites\/12\/2020\/04\/Picture1_EngEULogot-300x96.jpg\",\"datePublished\":\"2020-04-27T07:49:40+00:00\",\"dateModified\":\"2022-10-10T08:18:07+00:00\",\"breadcrumb\":{\"@id\":\"https:\/\/sites.uef.fi\/oahot\/front-page\/events\/#breadcrumb\"},\"inLanguage\":\"en-US\",\"potentialAction\":[{\"@type\":\"ReadAction\",\"target\":[\"https:\/\/sites.uef.fi\/oahot\/front-page\/events\/\"]}]},{\"@type\":\"ImageObject\",\"inLanguage\":\"en-US\",\"@id\":\"https:\/\/sites.uef.fi\/oahot\/front-page\/events\/#primaryimage\",\"url\":\"https:\/\/sites.uef.fi\/oahot\/wp-content\/uploads\/sites\/12\/2020\/04\/Picture1_EngEULogot.jpg\",\"contentUrl\":\"https:\/\/sites.uef.fi\/oahot\/wp-content\/uploads\/sites\/12\/2020\/04\/Picture1_EngEULogot.jpg\",\"width\":853,\"height\":274},{\"@type\":\"BreadcrumbList\",\"@id\":\"https:\/\/sites.uef.fi\/oahot\/front-page\/events\/#breadcrumb\",\"itemListElement\":[{\"@type\":\"ListItem\",\"position\":1,\"name\":\"Home\",\"item\":\"https:\/\/sites.uef.fi\/oahot\/\"},{\"@type\":\"ListItem\",\"position\":2,\"name\":\"Front page\",\"item\":\"https:\/\/sites.uef.fi\/oahot\/\"},{\"@type\":\"ListItem\",\"position\":3,\"name\":\"Events\"}]},{\"@type\":\"WebSite\",\"@id\":\"https:\/\/sites.uef.fi\/oahot\/#website\",\"url\":\"https:\/\/sites.uef.fi\/oahot\/\",\"name\":\"OAHOT\",\"description\":\"\",\"potentialAction\":[{\"@type\":\"SearchAction\",\"target\":{\"@type\":\"EntryPoint\",\"urlTemplate\":\"https:\/\/sites.uef.fi\/oahot\/?s={search_term_string}\"},\"query-input\":{\"@type\":\"PropertyValueSpecification\",\"valueRequired\":true,\"valueName\":\"search_term_string\"}}],\"inLanguage\":\"en-US\"}]}<\/script>\n<!-- \/ Yoast SEO plugin. -->","yoast_head_json":{"title":"Events - OAHOT","robots":{"index":"index","follow":"follow","max-snippet":"max-snippet:-1","max-image-preview":"max-image-preview:large","max-video-preview":"max-video-preview:-1"},"canonical":"https:\/\/sites.uef.fi\/oahot\/front-page\/events\/","og_locale":"en_US","og_type":"article","og_title":"Events - OAHOT","og_description":"Past events FLAIEC conference September 29th \u2013 30th, 2022 First Finnish Learning Analytics and Artificial Intelligence in Education\u00a0&#8211; Emphasizing educational research perspectives\u00a0conference was arranged in Joensuu, University of Eastern Finland in September 2022. The keynote speakers at the conference were internationally acclaimed Professor Dragan Ga\u0161evi\u0107, Professor Sanna J\u00e4rvel\u00e4, Professor Dirk Ifenthaler and Professor Laura Hirsto [&hellip;]","og_url":"https:\/\/sites.uef.fi\/oahot\/front-page\/events\/","og_site_name":"OAHOT","article_modified_time":"2022-10-10T08:18:07+00:00","og_image":[{"url":"https:\/\/sites.uef.fi\/oahot\/wp-content\/uploads\/sites\/12\/2020\/04\/Picture1_EngEULogot-300x96.jpg","type":"","width":"","height":""}],"twitter_card":"summary_large_image","twitter_misc":{"Est. reading time":"5 minutes"},"schema":{"@context":"https:\/\/schema.org","@graph":[{"@type":"WebPage","@id":"https:\/\/sites.uef.fi\/oahot\/front-page\/events\/","url":"https:\/\/sites.uef.fi\/oahot\/front-page\/events\/","name":"Events - OAHOT","isPartOf":{"@id":"https:\/\/sites.uef.fi\/oahot\/#website"},"primaryImageOfPage":{"@id":"https:\/\/sites.uef.fi\/oahot\/front-page\/events\/#primaryimage"},"image":{"@id":"https:\/\/sites.uef.fi\/oahot\/front-page\/events\/#primaryimage"},"thumbnailUrl":"https:\/\/sites.uef.fi\/oahot\/wp-content\/uploads\/sites\/12\/2020\/04\/Picture1_EngEULogot-300x96.jpg","datePublished":"2020-04-27T07:49:40+00:00","dateModified":"2022-10-10T08:18:07+00:00","breadcrumb":{"@id":"https:\/\/sites.uef.fi\/oahot\/front-page\/events\/#breadcrumb"},"inLanguage":"en-US","potentialAction":[{"@type":"ReadAction","target":["https:\/\/sites.uef.fi\/oahot\/front-page\/events\/"]}]},{"@type":"ImageObject","inLanguage":"en-US","@id":"https:\/\/sites.uef.fi\/oahot\/front-page\/events\/#primaryimage","url":"https:\/\/sites.uef.fi\/oahot\/wp-content\/uploads\/sites\/12\/2020\/04\/Picture1_EngEULogot.jpg","contentUrl":"https:\/\/sites.uef.fi\/oahot\/wp-content\/uploads\/sites\/12\/2020\/04\/Picture1_EngEULogot.jpg","width":853,"height":274},{"@type":"BreadcrumbList","@id":"https:\/\/sites.uef.fi\/oahot\/front-page\/events\/#breadcrumb","itemListElement":[{"@type":"ListItem","position":1,"name":"Home","item":"https:\/\/sites.uef.fi\/oahot\/"},{"@type":"ListItem","position":2,"name":"Front page","item":"https:\/\/sites.uef.fi\/oahot\/"},{"@type":"ListItem","position":3,"name":"Events"}]},{"@type":"WebSite","@id":"https:\/\/sites.uef.fi\/oahot\/#website","url":"https:\/\/sites.uef.fi\/oahot\/","name":"OAHOT","description":"","potentialAction":[{"@type":"SearchAction","target":{"@type":"EntryPoint","urlTemplate":"https:\/\/sites.uef.fi\/oahot\/?s={search_term_string}"},"query-input":{"@type":"PropertyValueSpecification","valueRequired":true,"valueName":"search_term_string"}}],"inLanguage":"en-US"}]}},"_links":{"self":[{"href":"https:\/\/sites.uef.fi\/oahot\/wp-json\/wp\/v2\/pages\/69","targetHints":{"allow":["GET"]}}],"collection":[{"href":"https:\/\/sites.uef.fi\/oahot\/wp-json\/wp\/v2\/pages"}],"about":[{"href":"https:\/\/sites.uef.fi\/oahot\/wp-json\/wp\/v2\/types\/page"}],"author":[{"embeddable":true,"href":"https:\/\/sites.uef.fi\/oahot\/wp-json\/wp\/v2\/users\/10"}],"replies":[{"embeddable":true,"href":"https:\/\/sites.uef.fi\/oahot\/wp-json\/wp\/v2\/comments?post=69"}],"version-history":[{"count":3,"href":"https:\/\/sites.uef.fi\/oahot\/wp-json\/wp\/v2\/pages\/69\/revisions"}],"predecessor-version":[{"id":901,"href":"https:\/\/sites.uef.fi\/oahot\/wp-json\/wp\/v2\/pages\/69\/revisions\/901"}],"up":[{"embeddable":true,"href":"https:\/\/sites.uef.fi\/oahot\/wp-json\/wp\/v2\/pages\/18"}],"wp:attachment":[{"href":"https:\/\/sites.uef.fi\/oahot\/wp-json\/wp\/v2\/media?parent=69"}],"curies":[{"name":"wp","href":"https:\/\/api.w.org\/{rel}","templated":true}]}}