{"id":362,"date":"2022-05-05T12:08:15","date_gmt":"2022-05-05T12:08:15","guid":{"rendered":"https:\/\/sites.uef.fi\/ohjausosaamista\/?page_id=362"},"modified":"2023-11-21T12:25:45","modified_gmt":"2023-11-21T12:25:45","slug":"moniammatillisesti-yhdessa-ohjaten-seminaari-26-4-2022","status":"publish","type":"page","link":"https:\/\/sites.uef.fi\/ohjausosaamista\/materiaalit\/moniammatillisesti-yhdessa-ohjaten-seminaari-26-4-2022\/","title":{"rendered":"&#8221;Moniammatillisesti yhdess\u00e4 ohjaten&#8221; -seminaari 27.4.2022"},"content":{"rendered":"\n<div data-wp-interactive=\"core\/file\" class=\"wp-block-file\"><object data-wp-bind--hidden=\"!state.hasPdfPreview\" hidden class=\"wp-block-file__embed\" data=\"https:\/\/sites.uef.fi\/ohjausosaamista\/wp-content\/uploads\/sites\/298\/2022\/05\/KUn-yhteiso-ohjaa.pdf\" type=\"application\/pdf\" style=\"width:100%;height:600px\" aria-label=\"Tiedoston KUn yhteis\u00f6 ohjaa upotus.\"><\/object><a id=\"wp-block-file--media-28dc2139-b334-4507-97a1-a5201e32276d\" href=\"https:\/\/sites.uef.fi\/ohjausosaamista\/wp-content\/uploads\/sites\/298\/2022\/05\/KUn-yhteiso-ohjaa.pdf\">KUn yhteis\u00f6 ohjaa<\/a><a href=\"https:\/\/sites.uef.fi\/ohjausosaamista\/wp-content\/uploads\/sites\/298\/2022\/05\/KUn-yhteiso-ohjaa.pdf\" class=\"wp-block-file__button wp-element-button\" download aria-describedby=\"wp-block-file--media-28dc2139-b334-4507-97a1-a5201e32276d\">Lataa<\/a><\/div>\n\n\n\n<ul class=\"wp-block-list\">\n<li><\/li>\n<\/ul>\n\n\n\n<hr class=\"wp-block-separator has-css-opacity\" \/>\n\n\n\n<div data-wp-interactive=\"core\/file\" class=\"wp-block-file\"><object data-wp-bind--hidden=\"!state.hasPdfPreview\" hidden class=\"wp-block-file__embed\" data=\"https:\/\/sites.uef.fi\/ohjausosaamista\/wp-content\/uploads\/sites\/298\/2022\/05\/Monialainen-osaaminen-ja-sen-kehittaminen_esitys-Joensuu.pdf\" type=\"application\/pdf\" style=\"width:100%;height:600px\" aria-label=\"Tiedoston Monialainen osaaminen ja sen kehitt\u00e4minen_esitys Joensuu upotus.\"><\/object><a id=\"wp-block-file--media-7fd55362-8acd-45dc-ad2a-4378ba2a8e7b\" href=\"https:\/\/sites.uef.fi\/ohjausosaamista\/wp-content\/uploads\/sites\/298\/2022\/05\/Monialainen-osaaminen-ja-sen-kehittaminen_esitys-Joensuu.pdf\">Monialainen osaaminen ja sen kehitt\u00e4minen_esitys Joensuu<\/a><a href=\"https:\/\/sites.uef.fi\/ohjausosaamista\/wp-content\/uploads\/sites\/298\/2022\/05\/Monialainen-osaaminen-ja-sen-kehittaminen_esitys-Joensuu.pdf\" class=\"wp-block-file__button wp-element-button\" download aria-describedby=\"wp-block-file--media-7fd55362-8acd-45dc-ad2a-4378ba2a8e7b\">Lataa<\/a><\/div>\n\n\n\n<hr class=\"wp-block-separator has-css-opacity\" \/>\n\n\n\n<div data-wp-interactive=\"core\/file\" class=\"wp-block-file\"><object data-wp-bind--hidden=\"!state.hasPdfPreview\" hidden class=\"wp-block-file__embed\" data=\"https:\/\/sites.uef.fi\/ohjausosaamista\/wp-content\/uploads\/sites\/298\/2022\/05\/Monialaisen-ohjauksen-toteuttaminen-kaytannossa_TaruLilja.pdf\" type=\"application\/pdf\" style=\"width:100%;height:600px\" aria-label=\"Tiedoston Monialaisen ohjauksen toteuttaminen k\u00e4yt\u00e4nn\u00f6ss\u00e4_TaruLilja upotus.\"><\/object><a id=\"wp-block-file--media-37a2f41e-922b-4760-a9e2-2ac750825d27\" href=\"https:\/\/sites.uef.fi\/ohjausosaamista\/wp-content\/uploads\/sites\/298\/2022\/05\/Monialaisen-ohjauksen-toteuttaminen-kaytannossa_TaruLilja.pdf\">Monialaisen ohjauksen toteuttaminen k\u00e4yt\u00e4nn\u00f6ss\u00e4_TaruLilja<\/a><a href=\"https:\/\/sites.uef.fi\/ohjausosaamista\/wp-content\/uploads\/sites\/298\/2022\/05\/Monialaisen-ohjauksen-toteuttaminen-kaytannossa_TaruLilja.pdf\" class=\"wp-block-file__button wp-element-button\" download aria-describedby=\"wp-block-file--media-37a2f41e-922b-4760-a9e2-2ac750825d27\">Lataa<\/a><\/div>\n\n\n    <div class=\"funders grid\">\n                        <div class=\"funders__item grid__item\">\n                            <div class=\"funders__image\">\n                    <img decoding=\"async\" src=\"https:\/\/sites.uef.fi\/ohjausosaamista\/wp-content\/uploads\/sites\/298\/2021\/06\/EU_EAKR_ESR_FI_vertical_20mm_rgb.png\" alt=\"Euroopan unioni, Euroopan aluekehitysrahasto, Euroopan sosiaalirahasto logo.\" \/>\n                <\/div>\n                                                <\/div>\n                        \n                        <div class=\"funders__item grid__item\">\n                            <div class=\"funders__image\">\n                    <img decoding=\"async\" src=\"https:\/\/sites.uef.fi\/ohjausosaamista\/wp-content\/uploads\/sites\/298\/2021\/06\/VipuvoimaaEU_2014_2020_rgb_MV.png\" alt=\"Vipuvoimaa EU:lta 2014-2020 logo.\" \/>\n                <\/div>\n                                                <\/div>\n                        \n                        <div class=\"funders__item grid__item\">\n                            <div class=\"funders__image\">\n                    <img decoding=\"async\" src=\"https:\/\/sites.uef.fi\/ohjausosaamista\/wp-content\/uploads\/sites\/298\/2021\/06\/UEF-musta-logo-engl-vaaka-scaled.jpg\" alt=\"It\u00e4-Suomen yliopiston logo.\" \/>\n                <\/div>\n                                                <\/div>\n                        \n            <\/div>\n","protected":false},"excerpt":{"rendered":"","protected":false},"author":236,"featured_media":0,"parent":73,"menu_order":2,"comment_status":"closed","ping_status":"closed","template":"","meta":{"_acf_changed":false,"footnotes":""},"class_list":["post-362","page","type-page","status-publish","hentry"],"acf":[],"yoast_head":"<!-- This site is optimized with the Yoast SEO plugin v27.1.1 - https:\/\/yoast.com\/product\/yoast-seo-wordpress\/ -->\n<title>&quot;Moniammatillisesti yhdess\u00e4 ohjaten&quot; -seminaari 27.4.2022 - Ohjausosaamista yhteisty\u00f6ss\u00e4 (ESR)<\/title>\n<meta name=\"robots\" content=\"index, follow, max-snippet:-1, max-image-preview:large, max-video-preview:-1\" \/>\n<link rel=\"canonical\" href=\"https:\/\/sites.uef.fi\/ohjausosaamista\/materiaalit\/moniammatillisesti-yhdessa-ohjaten-seminaari-26-4-2022\/\" \/>\n<meta property=\"og:locale\" content=\"fi_FI\" \/>\n<meta property=\"og:type\" content=\"article\" \/>\n<meta property=\"og:title\" content=\"&quot;Moniammatillisesti yhdess\u00e4 ohjaten&quot; -seminaari 27.4.2022 - Ohjausosaamista yhteisty\u00f6ss\u00e4 (ESR)\" \/>\n<meta property=\"og:url\" content=\"https:\/\/sites.uef.fi\/ohjausosaamista\/materiaalit\/moniammatillisesti-yhdessa-ohjaten-seminaari-26-4-2022\/\" \/>\n<meta property=\"og:site_name\" content=\"Ohjausosaamista yhteisty\u00f6ss\u00e4 (ESR)\" \/>\n<meta property=\"article:modified_time\" content=\"2023-11-21T12:25:45+00:00\" \/>\n<meta name=\"twitter:card\" content=\"summary_large_image\" \/>\n<meta name=\"twitter:label1\" content=\"Arvioitu lukuaika\" \/>\n\t<meta name=\"twitter:data1\" content=\"1 minuutti\" \/>\n<script type=\"application\/ld+json\" class=\"yoast-schema-graph\">{\"@context\":\"https:\/\/schema.org\",\"@graph\":[{\"@type\":\"WebPage\",\"@id\":\"https:\/\/sites.uef.fi\/ohjausosaamista\/materiaalit\/moniammatillisesti-yhdessa-ohjaten-seminaari-26-4-2022\/\",\"url\":\"https:\/\/sites.uef.fi\/ohjausosaamista\/materiaalit\/moniammatillisesti-yhdessa-ohjaten-seminaari-26-4-2022\/\",\"name\":\"\\\"Moniammatillisesti yhdess\u00e4 ohjaten\\\" -seminaari 27.4.2022 - Ohjausosaamista yhteisty\u00f6ss\u00e4 (ESR)\",\"isPartOf\":{\"@id\":\"https:\/\/sites.uef.fi\/ohjausosaamista\/#website\"},\"datePublished\":\"2022-05-05T12:08:15+00:00\",\"dateModified\":\"2023-11-21T12:25:45+00:00\",\"breadcrumb\":{\"@id\":\"https:\/\/sites.uef.fi\/ohjausosaamista\/materiaalit\/moniammatillisesti-yhdessa-ohjaten-seminaari-26-4-2022\/#breadcrumb\"},\"inLanguage\":\"fi\",\"potentialAction\":[{\"@type\":\"ReadAction\",\"target\":[\"https:\/\/sites.uef.fi\/ohjausosaamista\/materiaalit\/moniammatillisesti-yhdessa-ohjaten-seminaari-26-4-2022\/\"]}]},{\"@type\":\"BreadcrumbList\",\"@id\":\"https:\/\/sites.uef.fi\/ohjausosaamista\/materiaalit\/moniammatillisesti-yhdessa-ohjaten-seminaari-26-4-2022\/#breadcrumb\",\"itemListElement\":[{\"@type\":\"ListItem\",\"position\":1,\"name\":\"Home\",\"item\":\"https:\/\/sites.uef.fi\/ohjausosaamista\/\"},{\"@type\":\"ListItem\",\"position\":2,\"name\":\"Materiaalit\",\"item\":\"https:\/\/sites.uef.fi\/ohjausosaamista\/materiaalit\/\"},{\"@type\":\"ListItem\",\"position\":3,\"name\":\"&#8220;Moniammatillisesti yhdess\u00e4 ohjaten&#8221; -seminaari 27.4.2022\"}]},{\"@type\":\"WebSite\",\"@id\":\"https:\/\/sites.uef.fi\/ohjausosaamista\/#website\",\"url\":\"https:\/\/sites.uef.fi\/ohjausosaamista\/\",\"name\":\"Ohjausosaamista yhteisty\u00f6ss\u00e4 (ESR)\",\"description\":\"\",\"potentialAction\":[{\"@type\":\"SearchAction\",\"target\":{\"@type\":\"EntryPoint\",\"urlTemplate\":\"https:\/\/sites.uef.fi\/ohjausosaamista\/?s={search_term_string}\"},\"query-input\":{\"@type\":\"PropertyValueSpecification\",\"valueRequired\":true,\"valueName\":\"search_term_string\"}}],\"inLanguage\":\"fi\"}]}<\/script>\n<!-- \/ Yoast SEO plugin. -->","yoast_head_json":{"title":"\"Moniammatillisesti yhdess\u00e4 ohjaten\" -seminaari 27.4.2022 - Ohjausosaamista yhteisty\u00f6ss\u00e4 (ESR)","robots":{"index":"index","follow":"follow","max-snippet":"max-snippet:-1","max-image-preview":"max-image-preview:large","max-video-preview":"max-video-preview:-1"},"canonical":"https:\/\/sites.uef.fi\/ohjausosaamista\/materiaalit\/moniammatillisesti-yhdessa-ohjaten-seminaari-26-4-2022\/","og_locale":"fi_FI","og_type":"article","og_title":"\"Moniammatillisesti yhdess\u00e4 ohjaten\" -seminaari 27.4.2022 - Ohjausosaamista yhteisty\u00f6ss\u00e4 (ESR)","og_url":"https:\/\/sites.uef.fi\/ohjausosaamista\/materiaalit\/moniammatillisesti-yhdessa-ohjaten-seminaari-26-4-2022\/","og_site_name":"Ohjausosaamista yhteisty\u00f6ss\u00e4 (ESR)","article_modified_time":"2023-11-21T12:25:45+00:00","twitter_card":"summary_large_image","twitter_misc":{"Arvioitu lukuaika":"1 minuutti"},"schema":{"@context":"https:\/\/schema.org","@graph":[{"@type":"WebPage","@id":"https:\/\/sites.uef.fi\/ohjausosaamista\/materiaalit\/moniammatillisesti-yhdessa-ohjaten-seminaari-26-4-2022\/","url":"https:\/\/sites.uef.fi\/ohjausosaamista\/materiaalit\/moniammatillisesti-yhdessa-ohjaten-seminaari-26-4-2022\/","name":"\"Moniammatillisesti yhdess\u00e4 ohjaten\" -seminaari 27.4.2022 - Ohjausosaamista yhteisty\u00f6ss\u00e4 (ESR)","isPartOf":{"@id":"https:\/\/sites.uef.fi\/ohjausosaamista\/#website"},"datePublished":"2022-05-05T12:08:15+00:00","dateModified":"2023-11-21T12:25:45+00:00","breadcrumb":{"@id":"https:\/\/sites.uef.fi\/ohjausosaamista\/materiaalit\/moniammatillisesti-yhdessa-ohjaten-seminaari-26-4-2022\/#breadcrumb"},"inLanguage":"fi","potentialAction":[{"@type":"ReadAction","target":["https:\/\/sites.uef.fi\/ohjausosaamista\/materiaalit\/moniammatillisesti-yhdessa-ohjaten-seminaari-26-4-2022\/"]}]},{"@type":"BreadcrumbList","@id":"https:\/\/sites.uef.fi\/ohjausosaamista\/materiaalit\/moniammatillisesti-yhdessa-ohjaten-seminaari-26-4-2022\/#breadcrumb","itemListElement":[{"@type":"ListItem","position":1,"name":"Home","item":"https:\/\/sites.uef.fi\/ohjausosaamista\/"},{"@type":"ListItem","position":2,"name":"Materiaalit","item":"https:\/\/sites.uef.fi\/ohjausosaamista\/materiaalit\/"},{"@type":"ListItem","position":3,"name":"&#8220;Moniammatillisesti yhdess\u00e4 ohjaten&#8221; -seminaari 27.4.2022"}]},{"@type":"WebSite","@id":"https:\/\/sites.uef.fi\/ohjausosaamista\/#website","url":"https:\/\/sites.uef.fi\/ohjausosaamista\/","name":"Ohjausosaamista yhteisty\u00f6ss\u00e4 (ESR)","description":"","potentialAction":[{"@type":"SearchAction","target":{"@type":"EntryPoint","urlTemplate":"https:\/\/sites.uef.fi\/ohjausosaamista\/?s={search_term_string}"},"query-input":{"@type":"PropertyValueSpecification","valueRequired":true,"valueName":"search_term_string"}}],"inLanguage":"fi"}]}},"_links":{"self":[{"href":"https:\/\/sites.uef.fi\/ohjausosaamista\/wp-json\/wp\/v2\/pages\/362","targetHints":{"allow":["GET"]}}],"collection":[{"href":"https:\/\/sites.uef.fi\/ohjausosaamista\/wp-json\/wp\/v2\/pages"}],"about":[{"href":"https:\/\/sites.uef.fi\/ohjausosaamista\/wp-json\/wp\/v2\/types\/page"}],"author":[{"embeddable":true,"href":"https:\/\/sites.uef.fi\/ohjausosaamista\/wp-json\/wp\/v2\/users\/236"}],"replies":[{"embeddable":true,"href":"https:\/\/sites.uef.fi\/ohjausosaamista\/wp-json\/wp\/v2\/comments?post=362"}],"version-history":[{"count":2,"href":"https:\/\/sites.uef.fi\/ohjausosaamista\/wp-json\/wp\/v2\/pages\/362\/revisions"}],"predecessor-version":[{"id":1260,"href":"https:\/\/sites.uef.fi\/ohjausosaamista\/wp-json\/wp\/v2\/pages\/362\/revisions\/1260"}],"up":[{"embeddable":true,"href":"https:\/\/sites.uef.fi\/ohjausosaamista\/wp-json\/wp\/v2\/pages\/73"}],"wp:attachment":[{"href":"https:\/\/sites.uef.fi\/ohjausosaamista\/wp-json\/wp\/v2\/media?parent=362"}],"curies":[{"name":"wp","href":"https:\/\/api.w.org\/{rel}","templated":true}]}}