{"id":449,"date":"2022-05-24T06:45:22","date_gmt":"2022-05-24T06:45:22","guid":{"rendered":"https:\/\/sites.uef.fi\/ohjausosaamista\/?page_id=449"},"modified":"2023-11-21T12:29:42","modified_gmt":"2023-11-21T12:29:42","slug":"podcast","status":"publish","type":"page","link":"https:\/\/sites.uef.fi\/ohjausosaamista\/podcast\/","title":{"rendered":"Podcast"},"content":{"rendered":"\n<p>Ohjausosaamista yhteisty\u00f6ss\u00e4 -hankkeessa tuotettiin podcast-sarja, jossa keskustelimme vieraiden kanssa ajankohtaisista ohjauksen kysymyksist\u00e4. <\/p>\n\n\n\n<p>Ohjausosaamista yhteisty\u00f6ss\u00e4 -hankkeen 1. podcast jakson aiheena on &#8221;Uraohjauksen paikka ihmisen el\u00e4m\u00e4nkokonaisuudessa ja arjessa&#8221;. Mukana keskustelussa ovat Joensuun kaupungin ty\u00f6llisyyspalveluiden Luotsi-hankkeen duuniagentit Veera Belway ja Krista Krubally sek\u00e4 Ohjaamon uraohjaaja Hanna Hallikainen. <\/p>\n\n\n\n<p><a href=\"https:\/\/uef.cloud.panopto.eu\/Panopto\/Pages\/Viewer.aspx?id=939b1662-8a04-4b02-943d-b018007b2d6c\">https:\/\/uef.cloud.panopto.eu\/Panopto\/Pages\/Viewer.aspx?id=939b1662-8a04-4b02-943d-b018007b2d6c<\/a><\/p>\n\n\n\n<p>Hankkeen 2.podcast jakso on ilmestynyt aiheesta &#8221;Millaista on ohjata ja tehd\u00e4 ohjausty\u00f6t\u00e4 maakunnan alueella?&#8221;. Mukana keskustelemassa ovat  ty\u00f6h\u00f6nvalmentaja Mirja Kotivaara Yhteisty\u00f6ss\u00e4 tuloksiin eli YTY\u00c4-hankkeesta, Joensuun seudun kuntakokeilun ty\u00f6h\u00f6nvalmentaja Maria Lappalainen ja ty\u00f6kykykoordinaattori Nelli Ikonen maakunnallisessa Topakka-hankkeesta. Podcast-jakson p\u00e4\u00e4set kuuntelemaan t\u00e4st\u00e4: <\/p>\n\n\n\n<p><a href=\"https:\/\/uef.cloud.panopto.eu\/Panopto\/Pages\/Viewer.aspx?id=9cb4a586-52d0-4188-a809-b018007b2d79\">https:\/\/uef.cloud.panopto.eu\/Panopto\/Pages\/Viewer.aspx?id=9cb4a586-52d0-4188-a809-b018007b2d79<\/a><\/p>\n\n\n\n<p>Hankkeen 3.podcast jaksossa vieraana keskustelemassa yliopistonlehtori Toni Kosonen aiheesta ohjausasianajajuus osana ohjausosaamista Podcast -jakson p\u00e4\u00e4set kuuntelemaan t\u00e4st\u00e4:<\/p>\n\n\n\n<p><a href=\"https:\/\/uef.cloud.panopto.eu\/Panopto\/Pages\/Viewer.aspx?id=7d4e0278-df8f-4666-a718-b018007b2d6b\">https:\/\/uef.cloud.panopto.eu\/Panopto\/Pages\/Viewer.aspx?id=7d4e0278-df8f-4666-a718-b018007b2d6b<\/a><\/p>\n\n\n\n<p>Hankkeen podcast sarjan 4.jakson vieraana on It\u00e4-Suomen yliopiston Suomen akatemian tutkijatohtori Antti Rajala, jonka kanssa keskustelimme aiheesta my\u00f6t\u00e4tunto ohjausty\u00f6ss\u00e4. Podcast -jakson p\u00e4\u00e4set kuuntelemaan t\u00e4st\u00e4:<\/p>\n\n\n\n<p><a href=\"https:\/\/uef.cloud.panopto.eu\/Panopto\/Pages\/Viewer.aspx?id=687ba621-2b14-495c-afb4-b01500a5297a\">https:\/\/uef.cloud.panopto.eu\/Panopto\/Pages\/Viewer.aspx?id=687ba621-2b14-495c-afb4-b01500a5297a<\/a><\/p>\n\n\n\n<p>Hankkeen podcast sarjan viidenness\u00e4 ja viimeisess\u00e4 Podcastissa -jaksossa hankkeen vastuukouluttajat keskustelevat hankkeen j\u00e4rjest\u00e4m\u00e4st\u00e4 koulutusprosessista ja siit\u00e4, mitk\u00e4 asiat ty\u00f6pajaprosessissa puhututtivat. <\/p>\n\n\n\n<p><a href=\"https:\/\/uef.cloud.panopto.eu\/Panopto\/Pages\/Viewer.aspx?id=5e0808b0-fed7-4d90-b7bf-b02100985eb2\">https:\/\/uef.cloud.panopto.eu\/Panopto\/Pages\/Viewer.aspx?id=5e0808b0-fed7-4d90-b7bf-b02100985eb2<\/a><\/p>\n\n\n    <div class=\"funders grid\">\n                        <div class=\"funders__item grid__item\">\n                            <div class=\"funders__image\">\n                    <img decoding=\"async\" src=\"https:\/\/sites.uef.fi\/ohjausosaamista\/wp-content\/uploads\/sites\/298\/2021\/06\/EU_EAKR_ESR_FI_vertical_20mm_rgb.png\" alt=\"Euroopan unioni, Euroopan aluekehitysrahasto, Euroopan sosiaalirahasto logo.\" \/>\n                <\/div>\n                                                <\/div>\n                        \n                        <div class=\"funders__item grid__item\">\n                            <div class=\"funders__image\">\n                    <img decoding=\"async\" src=\"https:\/\/sites.uef.fi\/ohjausosaamista\/wp-content\/uploads\/sites\/298\/2021\/06\/VipuvoimaaEU_2014_2020_rgb_MV.png\" alt=\"Vipuvoimaa EU:lta 2014-2020 logo.\" \/>\n                <\/div>\n                                                <\/div>\n                        \n                        <div class=\"funders__item grid__item\">\n                            <div class=\"funders__image\">\n                    <img decoding=\"async\" src=\"https:\/\/sites.uef.fi\/ohjausosaamista\/wp-content\/uploads\/sites\/298\/2021\/06\/UEF-musta-logo-engl-vaaka-scaled.jpg\" alt=\"It\u00e4-Suomen yliopiston logo.\" \/>\n                <\/div>\n                                                <\/div>\n                        \n            <\/div>\n","protected":false},"excerpt":{"rendered":"<p>Ohjausosaamista yhteisty\u00f6ss\u00e4 -hankkeessa tuotettiin podcast-sarja, jossa keskustelimme vieraiden kanssa ajankohtaisista ohjauksen kysymyksist\u00e4. Ohjausosaamista yhteisty\u00f6ss\u00e4 -hankkeen 1. podcast jakson aiheena on &#8221;Uraohjauksen paikka ihmisen el\u00e4m\u00e4nkokonaisuudessa ja arjessa&#8221;. Mukana keskustelussa ovat Joensuun kaupungin ty\u00f6llisyyspalveluiden Luotsi-hankkeen duuniagentit Veera Belway ja Krista Krubally sek\u00e4 Ohjaamon uraohjaaja Hanna Hallikainen. https:\/\/uef.cloud.panopto.eu\/Panopto\/Pages\/Viewer.aspx?id=939b1662-8a04-4b02-943d-b018007b2d6c Hankkeen 2.podcast jakso on ilmestynyt aiheesta &#8221;Millaista on ohjata ja [&hellip;]<\/p>\n","protected":false},"author":236,"featured_media":0,"parent":0,"menu_order":0,"comment_status":"closed","ping_status":"closed","template":"","meta":{"_acf_changed":false,"footnotes":""},"class_list":["post-449","page","type-page","status-publish","hentry"],"acf":[],"yoast_head":"<!-- This site is optimized with the Yoast SEO plugin v27.1.1 - https:\/\/yoast.com\/product\/yoast-seo-wordpress\/ -->\n<title>Podcast - Ohjausosaamista yhteisty\u00f6ss\u00e4 (ESR)<\/title>\n<meta name=\"robots\" content=\"index, follow, max-snippet:-1, max-image-preview:large, max-video-preview:-1\" \/>\n<link rel=\"canonical\" href=\"https:\/\/sites.uef.fi\/ohjausosaamista\/podcast\/\" \/>\n<meta property=\"og:locale\" content=\"fi_FI\" \/>\n<meta property=\"og:type\" content=\"article\" \/>\n<meta property=\"og:title\" content=\"Podcast - Ohjausosaamista yhteisty\u00f6ss\u00e4 (ESR)\" \/>\n<meta property=\"og:description\" content=\"Ohjausosaamista yhteisty\u00f6ss\u00e4 -hankkeessa tuotettiin podcast-sarja, jossa keskustelimme vieraiden kanssa ajankohtaisista ohjauksen kysymyksist\u00e4. Ohjausosaamista yhteisty\u00f6ss\u00e4 -hankkeen 1. podcast jakson aiheena on &#8221;Uraohjauksen paikka ihmisen el\u00e4m\u00e4nkokonaisuudessa ja arjessa&#8221;. Mukana keskustelussa ovat Joensuun kaupungin ty\u00f6llisyyspalveluiden Luotsi-hankkeen duuniagentit Veera Belway ja Krista Krubally sek\u00e4 Ohjaamon uraohjaaja Hanna Hallikainen. https:\/\/uef.cloud.panopto.eu\/Panopto\/Pages\/Viewer.aspx?id=939b1662-8a04-4b02-943d-b018007b2d6c Hankkeen 2.podcast jakso on ilmestynyt aiheesta &#8221;Millaista on ohjata ja [&hellip;]\" \/>\n<meta property=\"og:url\" content=\"https:\/\/sites.uef.fi\/ohjausosaamista\/podcast\/\" \/>\n<meta property=\"og:site_name\" content=\"Ohjausosaamista yhteisty\u00f6ss\u00e4 (ESR)\" \/>\n<meta property=\"article:modified_time\" content=\"2023-11-21T12:29:42+00:00\" \/>\n<meta name=\"twitter:card\" content=\"summary_large_image\" \/>\n<meta name=\"twitter:label1\" content=\"Arvioitu lukuaika\" \/>\n\t<meta name=\"twitter:data1\" content=\"1 minuutti\" \/>\n<script type=\"application\/ld+json\" class=\"yoast-schema-graph\">{\"@context\":\"https:\/\/schema.org\",\"@graph\":[{\"@type\":\"WebPage\",\"@id\":\"https:\/\/sites.uef.fi\/ohjausosaamista\/podcast\/\",\"url\":\"https:\/\/sites.uef.fi\/ohjausosaamista\/podcast\/\",\"name\":\"Podcast - Ohjausosaamista yhteisty\u00f6ss\u00e4 (ESR)\",\"isPartOf\":{\"@id\":\"https:\/\/sites.uef.fi\/ohjausosaamista\/#website\"},\"datePublished\":\"2022-05-24T06:45:22+00:00\",\"dateModified\":\"2023-11-21T12:29:42+00:00\",\"breadcrumb\":{\"@id\":\"https:\/\/sites.uef.fi\/ohjausosaamista\/podcast\/#breadcrumb\"},\"inLanguage\":\"fi\",\"potentialAction\":[{\"@type\":\"ReadAction\",\"target\":[\"https:\/\/sites.uef.fi\/ohjausosaamista\/podcast\/\"]}]},{\"@type\":\"BreadcrumbList\",\"@id\":\"https:\/\/sites.uef.fi\/ohjausosaamista\/podcast\/#breadcrumb\",\"itemListElement\":[{\"@type\":\"ListItem\",\"position\":1,\"name\":\"Home\",\"item\":\"https:\/\/sites.uef.fi\/ohjausosaamista\/\"},{\"@type\":\"ListItem\",\"position\":2,\"name\":\"Podcast\"}]},{\"@type\":\"WebSite\",\"@id\":\"https:\/\/sites.uef.fi\/ohjausosaamista\/#website\",\"url\":\"https:\/\/sites.uef.fi\/ohjausosaamista\/\",\"name\":\"Ohjausosaamista yhteisty\u00f6ss\u00e4 (ESR)\",\"description\":\"\",\"potentialAction\":[{\"@type\":\"SearchAction\",\"target\":{\"@type\":\"EntryPoint\",\"urlTemplate\":\"https:\/\/sites.uef.fi\/ohjausosaamista\/?s={search_term_string}\"},\"query-input\":{\"@type\":\"PropertyValueSpecification\",\"valueRequired\":true,\"valueName\":\"search_term_string\"}}],\"inLanguage\":\"fi\"}]}<\/script>\n<!-- \/ Yoast SEO plugin. -->","yoast_head_json":{"title":"Podcast - Ohjausosaamista yhteisty\u00f6ss\u00e4 (ESR)","robots":{"index":"index","follow":"follow","max-snippet":"max-snippet:-1","max-image-preview":"max-image-preview:large","max-video-preview":"max-video-preview:-1"},"canonical":"https:\/\/sites.uef.fi\/ohjausosaamista\/podcast\/","og_locale":"fi_FI","og_type":"article","og_title":"Podcast - Ohjausosaamista yhteisty\u00f6ss\u00e4 (ESR)","og_description":"Ohjausosaamista yhteisty\u00f6ss\u00e4 -hankkeessa tuotettiin podcast-sarja, jossa keskustelimme vieraiden kanssa ajankohtaisista ohjauksen kysymyksist\u00e4. Ohjausosaamista yhteisty\u00f6ss\u00e4 -hankkeen 1. podcast jakson aiheena on &#8221;Uraohjauksen paikka ihmisen el\u00e4m\u00e4nkokonaisuudessa ja arjessa&#8221;. Mukana keskustelussa ovat Joensuun kaupungin ty\u00f6llisyyspalveluiden Luotsi-hankkeen duuniagentit Veera Belway ja Krista Krubally sek\u00e4 Ohjaamon uraohjaaja Hanna Hallikainen. https:\/\/uef.cloud.panopto.eu\/Panopto\/Pages\/Viewer.aspx?id=939b1662-8a04-4b02-943d-b018007b2d6c Hankkeen 2.podcast jakso on ilmestynyt aiheesta &#8221;Millaista on ohjata ja [&hellip;]","og_url":"https:\/\/sites.uef.fi\/ohjausosaamista\/podcast\/","og_site_name":"Ohjausosaamista yhteisty\u00f6ss\u00e4 (ESR)","article_modified_time":"2023-11-21T12:29:42+00:00","twitter_card":"summary_large_image","twitter_misc":{"Arvioitu lukuaika":"1 minuutti"},"schema":{"@context":"https:\/\/schema.org","@graph":[{"@type":"WebPage","@id":"https:\/\/sites.uef.fi\/ohjausosaamista\/podcast\/","url":"https:\/\/sites.uef.fi\/ohjausosaamista\/podcast\/","name":"Podcast - Ohjausosaamista yhteisty\u00f6ss\u00e4 (ESR)","isPartOf":{"@id":"https:\/\/sites.uef.fi\/ohjausosaamista\/#website"},"datePublished":"2022-05-24T06:45:22+00:00","dateModified":"2023-11-21T12:29:42+00:00","breadcrumb":{"@id":"https:\/\/sites.uef.fi\/ohjausosaamista\/podcast\/#breadcrumb"},"inLanguage":"fi","potentialAction":[{"@type":"ReadAction","target":["https:\/\/sites.uef.fi\/ohjausosaamista\/podcast\/"]}]},{"@type":"BreadcrumbList","@id":"https:\/\/sites.uef.fi\/ohjausosaamista\/podcast\/#breadcrumb","itemListElement":[{"@type":"ListItem","position":1,"name":"Home","item":"https:\/\/sites.uef.fi\/ohjausosaamista\/"},{"@type":"ListItem","position":2,"name":"Podcast"}]},{"@type":"WebSite","@id":"https:\/\/sites.uef.fi\/ohjausosaamista\/#website","url":"https:\/\/sites.uef.fi\/ohjausosaamista\/","name":"Ohjausosaamista yhteisty\u00f6ss\u00e4 (ESR)","description":"","potentialAction":[{"@type":"SearchAction","target":{"@type":"EntryPoint","urlTemplate":"https:\/\/sites.uef.fi\/ohjausosaamista\/?s={search_term_string}"},"query-input":{"@type":"PropertyValueSpecification","valueRequired":true,"valueName":"search_term_string"}}],"inLanguage":"fi"}]}},"_links":{"self":[{"href":"https:\/\/sites.uef.fi\/ohjausosaamista\/wp-json\/wp\/v2\/pages\/449","targetHints":{"allow":["GET"]}}],"collection":[{"href":"https:\/\/sites.uef.fi\/ohjausosaamista\/wp-json\/wp\/v2\/pages"}],"about":[{"href":"https:\/\/sites.uef.fi\/ohjausosaamista\/wp-json\/wp\/v2\/types\/page"}],"author":[{"embeddable":true,"href":"https:\/\/sites.uef.fi\/ohjausosaamista\/wp-json\/wp\/v2\/users\/236"}],"replies":[{"embeddable":true,"href":"https:\/\/sites.uef.fi\/ohjausosaamista\/wp-json\/wp\/v2\/comments?post=449"}],"version-history":[{"count":2,"href":"https:\/\/sites.uef.fi\/ohjausosaamista\/wp-json\/wp\/v2\/pages\/449\/revisions"}],"predecessor-version":[{"id":1272,"href":"https:\/\/sites.uef.fi\/ohjausosaamista\/wp-json\/wp\/v2\/pages\/449\/revisions\/1272"}],"wp:attachment":[{"href":"https:\/\/sites.uef.fi\/ohjausosaamista\/wp-json\/wp\/v2\/media?parent=449"}],"curies":[{"name":"wp","href":"https:\/\/api.w.org\/{rel}","templated":true}]}}