{"id":46,"date":"2021-06-10T08:54:39","date_gmt":"2021-06-10T08:54:39","guid":{"rendered":"https:\/\/sites.uef.fi\/ohjausosaamista\/?page_id=46"},"modified":"2023-11-21T12:20:44","modified_gmt":"2023-11-21T12:20:44","slug":"hankkeen-kuvaus","status":"publish","type":"page","link":"https:\/\/sites.uef.fi\/ohjausosaamista\/hankkeen-kuvaus\/","title":{"rendered":"Hankkeen kuvaus"},"content":{"rendered":"\n<p>Hankkeen tavoitteena oli kehitt\u00e4\u00e4 ty\u00f6llisyyspalveluissa toimivien ohjausammattilaisten uraohjaustaitoja sek\u00e4<br>osaamista ja t\u00e4ten tukea ty\u00f6llisyyspalveluiden uudelleen organisoitumisen my\u00f6t\u00e4 tulevien velvoitteiden toteutumista.<br>Hankkeessa tarjottavan koulutuksen tavoitteena oli vahvistaa maakunnan ohjausosaamista sek\u00e4 ty\u00f6llisyyspalveluiden<br>yhdenvertaisuuden ja tasa-arvon toteutumista.<br>Tavoitteena oli:<\/p>\n\n\n\n<ul class=\"wp-block-list\">\n<li>kehitt\u00e4\u00e4 ty\u00f6llisyyspalveluissa toimivien ammattilaisten uraohjausosaamista yksil\u00f6- ja yhteis\u00f6tasolla<\/li>\n<\/ul>\n\n\n\n<ul class=\"wp-block-list\">\n<li>auttaa ohjausty\u00f6t\u00e4 tekevi\u00e4 ammattilaisia sek\u00e4 ohjausta tarjoavia yhteis\u00f6j\u00e4 kehitt\u00e4m\u00e4\u00e4n ty\u00f6t\u00e4\u00e4n ty\u00f6yhteis\u00f6ihin<br>jalkautuvien ty\u00f6pajakoulutusten avulla<\/li>\n<\/ul>\n\n\n\n<ul class=\"wp-block-list\">\n<li>j\u00e4rjest\u00e4\u00e4 laajalle kohderyhm\u00e4lle suunnattuja vuorovaikutuksellisia koulutuksellisia tapahtumia<\/li>\n<\/ul>\n\n\n\n<ul class=\"wp-block-list\">\n<li>antaa ohjauksellisia v\u00e4lineit\u00e4 yksil\u00f6- ja pienryhm\u00e4ohjaukseen<\/li>\n<\/ul>\n\n\n\n<ul class=\"wp-block-list\">\n<li>tiivist\u00e4\u00e4 alueiden ty\u00f6llisyyspalveluiden moniammatillista yhteisty\u00f6t\u00e4<\/li>\n<\/ul>\n\n\n\n<ul class=\"wp-block-list\">\n<li>kehitt\u00e4\u00e4 ohjausosaamisen arviointity\u00f6kalu ja arvioida sen avulla ohjausosaamisen kehittymist\u00e4 hankkeessa<\/li>\n<\/ul>\n\n\n\n<ul class=\"wp-block-list\">\n<li>edist\u00e4\u00e4 v\u00e4litt\u00f6m\u00e4sti tai v\u00e4lillisesti koulutus- ja\/tai ty\u00f6markkinasiirtymiss\u00e4 oleville asiakkaille tarjottujen ty\u00f6llist\u00e4mispalveluiden ohjauksellista laatua ja tasa-arvoisuutta maakunnassa<\/li>\n<\/ul>\n\n\n\n<ul class=\"wp-block-list\">\n<li>edist\u00e4\u00e4 yhdenvertaisuutta ja tasa-arvoa ty\u00f6llist\u00e4mispalveluissa<\/li>\n<\/ul>\n\n\n\n<p class=\"has-text-align-left\">Hankkeella vastattiin maakunnan ohjausosaamistarpeen kehitt\u00e4miseen, ty\u00f6llistymisen ja ty\u00f6markkinoille pysymisen<br>edist\u00e4miseen sek\u00e4 syrj\u00e4ytymisen ehk\u00e4isemiseen. Kehitt\u00e4mishankkeen taustalla oli aikuisten uraohjauksen kasvava<br>tarve kuntien ty\u00f6llisyyspalveluissa. Taustalla oli my\u00f6s tarve l\u00f6yt\u00e4\u00e4 uusia menetelmi\u00e4 ty\u00f6tt\u00f6mien aikuisten<br>ohjausty\u00f6h\u00f6n sek\u00e4 kehitt\u00e4\u00e4 jo olemassa olevia prosesseja. Hankkeessa kehitettiin ohjauksellisia toimintatapoja ja<br>v\u00e4lineit\u00e4, joilla varmistettiin maakunnassa tapahtuvan ohjausty\u00f6n laadukkuus, sek\u00e4 ehk\u00e4istiin v\u00e4lillisesti t\u00e4t\u00e4 kautta<br>syrj\u00e4ytymist\u00e4 ja tuettiin aktiivista kansalaisuutta ja yhteiskuntaan kiinnittymist\u00e4.<br><\/p>\n\n\n\n<p class=\"has-text-align-left\">Hankkeessa toteutettiin laajalle kohderyhm\u00e4lle suunniteltu koulutussarja, jonka tarkoituksena oli vahvistaa ja<br>syvent\u00e4\u00e4 aikuisohjauksessa toimivien asiantuntijoiden uraohjausosaamista. T\u00e4m\u00e4n lis\u00e4ksi hankkeessa j\u00e4rjestettiin<br>maakunnallisesti toteutettava, ty\u00f6llisyyspalveluiden ty\u00f6yhteis\u00f6\u00f6n jalkautuva prosessimainen ty\u00f6pajakoulutus.<br>Hankkeessa tunnistettiin aikuisten ohjausprosessien erityiskysymyksi\u00e4. N\u00e4it\u00e4 kysymyksi\u00e4 tarkasteltiin ohjauksellisen<br>koulutuksen avulla. N\u00e4in ohjausty\u00f6t\u00e4 tekevien uraohjausosaaminen vahvistui ja maakunnan ohjauspalveluiden<br>asiakkaat saivat tasavertaista ohjausta. Ohjauspalvelut osaavat n\u00e4in entist\u00e4 paremmin huomioida asiakkaiden<br>yksil\u00f6lliset tarpeet sek\u00e4 yksil\u00f6- ett\u00e4 pienryhm\u00e4ohjauksen n\u00e4k\u00f6kulmasta sek\u00e4 tarjota ja antaa oikea-aikaisia palveluita<br>suhteessa asiakkaan moninaisiin tarpeisiin. T\u00e4m\u00e4n jalkautuvan, ohjausosaamista vahvistavan koulutuksen<br>tuloksellisuutta ja osallistujien ohjausosaamisen muutosta dokumentoitiin ja kehitettiin arvioinnin avulla. Arviointi<br>toimi sek\u00e4 instrumenttina aikuisten ohjauspalveluiden uraohjausosaamisen kehitt\u00e4misess\u00e4 ett\u00e4 tuotti tietoa<br>ty\u00f6llisyyspalveluiden toimintatavoista, ohjausk\u00e4yt\u00e4nteist\u00e4 ja uraohjausprosesseista.<\/p>\n\n\n    <div class=\"funders grid\">\n                        <div class=\"funders__item grid__item\">\n                            <div class=\"funders__image\">\n                    <img decoding=\"async\" src=\"https:\/\/sites.uef.fi\/ohjausosaamista\/wp-content\/uploads\/sites\/298\/2021\/06\/EU_EAKR_ESR_FI_vertical_20mm_rgb.png\" alt=\"Euroopan unioni, Euroopan aluekehitysrahasto, Euroopan sosiaalirahasto logo.\" \/>\n                <\/div>\n                                                <\/div>\n                        \n                        <div class=\"funders__item grid__item\">\n                            <div class=\"funders__image\">\n                    <img decoding=\"async\" src=\"https:\/\/sites.uef.fi\/ohjausosaamista\/wp-content\/uploads\/sites\/298\/2021\/06\/VipuvoimaaEU_2014_2020_rgb_MV.png\" alt=\"Vipuvoimaa EU:lta 2014-2020 logo.\" \/>\n                <\/div>\n                                                <\/div>\n                        \n                        <div class=\"funders__item grid__item\">\n                            <div class=\"funders__image\">\n                    <img decoding=\"async\" src=\"https:\/\/sites.uef.fi\/ohjausosaamista\/wp-content\/uploads\/sites\/298\/2021\/06\/UEF-musta-logo-engl-vaaka-scaled.jpg\" alt=\"It\u00e4-Suomen yliopiston logo.\" \/>\n                <\/div>\n                                                <\/div>\n                        \n            <\/div>\n","protected":false},"excerpt":{"rendered":"<p>Hankkeen tavoitteena oli kehitt\u00e4\u00e4 ty\u00f6llisyyspalveluissa toimivien ohjausammattilaisten uraohjaustaitoja sek\u00e4osaamista ja t\u00e4ten tukea ty\u00f6llisyyspalveluiden uudelleen organisoitumisen my\u00f6t\u00e4 tulevien velvoitteiden toteutumista.Hankkeessa tarjottavan koulutuksen tavoitteena oli vahvistaa maakunnan ohjausosaamista sek\u00e4 ty\u00f6llisyyspalveluidenyhdenvertaisuuden ja tasa-arvon toteutumista.Tavoitteena oli: Hankkeella vastattiin maakunnan ohjausosaamistarpeen kehitt\u00e4miseen, ty\u00f6llistymisen ja ty\u00f6markkinoille pysymisenedist\u00e4miseen sek\u00e4 syrj\u00e4ytymisen ehk\u00e4isemiseen. Kehitt\u00e4mishankkeen taustalla oli aikuisten uraohjauksen kasvavatarve kuntien ty\u00f6llisyyspalveluissa. Taustalla oli my\u00f6s [&hellip;]<\/p>\n","protected":false},"author":236,"featured_media":0,"parent":0,"menu_order":0,"comment_status":"closed","ping_status":"closed","template":"","meta":{"_acf_changed":false,"footnotes":""},"class_list":["post-46","page","type-page","status-publish","hentry"],"acf":[],"yoast_head":"<!-- This site is optimized with the Yoast SEO plugin v27.1.1 - https:\/\/yoast.com\/product\/yoast-seo-wordpress\/ -->\n<title>Hankkeen kuvaus - Ohjausosaamista yhteisty\u00f6ss\u00e4 (ESR)<\/title>\n<meta name=\"robots\" content=\"index, follow, max-snippet:-1, max-image-preview:large, max-video-preview:-1\" \/>\n<link rel=\"canonical\" href=\"https:\/\/sites.uef.fi\/ohjausosaamista\/hankkeen-kuvaus\/\" \/>\n<meta property=\"og:locale\" content=\"fi_FI\" \/>\n<meta property=\"og:type\" content=\"article\" \/>\n<meta property=\"og:title\" content=\"Hankkeen kuvaus - Ohjausosaamista yhteisty\u00f6ss\u00e4 (ESR)\" \/>\n<meta property=\"og:description\" content=\"Hankkeen tavoitteena oli kehitt\u00e4\u00e4 ty\u00f6llisyyspalveluissa toimivien ohjausammattilaisten uraohjaustaitoja sek\u00e4osaamista ja t\u00e4ten tukea ty\u00f6llisyyspalveluiden uudelleen organisoitumisen my\u00f6t\u00e4 tulevien velvoitteiden toteutumista.Hankkeessa tarjottavan koulutuksen tavoitteena oli vahvistaa maakunnan ohjausosaamista sek\u00e4 ty\u00f6llisyyspalveluidenyhdenvertaisuuden ja tasa-arvon toteutumista.Tavoitteena oli: Hankkeella vastattiin maakunnan ohjausosaamistarpeen kehitt\u00e4miseen, ty\u00f6llistymisen ja ty\u00f6markkinoille pysymisenedist\u00e4miseen sek\u00e4 syrj\u00e4ytymisen ehk\u00e4isemiseen. Kehitt\u00e4mishankkeen taustalla oli aikuisten uraohjauksen kasvavatarve kuntien ty\u00f6llisyyspalveluissa. Taustalla oli my\u00f6s [&hellip;]\" \/>\n<meta property=\"og:url\" content=\"https:\/\/sites.uef.fi\/ohjausosaamista\/hankkeen-kuvaus\/\" \/>\n<meta property=\"og:site_name\" content=\"Ohjausosaamista yhteisty\u00f6ss\u00e4 (ESR)\" \/>\n<meta property=\"article:modified_time\" content=\"2023-11-21T12:20:44+00:00\" \/>\n<meta name=\"twitter:card\" content=\"summary_large_image\" \/>\n<meta name=\"twitter:label1\" content=\"Arvioitu lukuaika\" \/>\n\t<meta name=\"twitter:data1\" content=\"2 minuuttia\" \/>\n<script type=\"application\/ld+json\" class=\"yoast-schema-graph\">{\"@context\":\"https:\/\/schema.org\",\"@graph\":[{\"@type\":\"WebPage\",\"@id\":\"https:\/\/sites.uef.fi\/ohjausosaamista\/hankkeen-kuvaus\/\",\"url\":\"https:\/\/sites.uef.fi\/ohjausosaamista\/hankkeen-kuvaus\/\",\"name\":\"Hankkeen kuvaus - Ohjausosaamista yhteisty\u00f6ss\u00e4 (ESR)\",\"isPartOf\":{\"@id\":\"https:\/\/sites.uef.fi\/ohjausosaamista\/#website\"},\"datePublished\":\"2021-06-10T08:54:39+00:00\",\"dateModified\":\"2023-11-21T12:20:44+00:00\",\"breadcrumb\":{\"@id\":\"https:\/\/sites.uef.fi\/ohjausosaamista\/hankkeen-kuvaus\/#breadcrumb\"},\"inLanguage\":\"fi\",\"potentialAction\":[{\"@type\":\"ReadAction\",\"target\":[\"https:\/\/sites.uef.fi\/ohjausosaamista\/hankkeen-kuvaus\/\"]}]},{\"@type\":\"BreadcrumbList\",\"@id\":\"https:\/\/sites.uef.fi\/ohjausosaamista\/hankkeen-kuvaus\/#breadcrumb\",\"itemListElement\":[{\"@type\":\"ListItem\",\"position\":1,\"name\":\"Home\",\"item\":\"https:\/\/sites.uef.fi\/ohjausosaamista\/\"},{\"@type\":\"ListItem\",\"position\":2,\"name\":\"Hankkeen kuvaus\"}]},{\"@type\":\"WebSite\",\"@id\":\"https:\/\/sites.uef.fi\/ohjausosaamista\/#website\",\"url\":\"https:\/\/sites.uef.fi\/ohjausosaamista\/\",\"name\":\"Ohjausosaamista yhteisty\u00f6ss\u00e4 (ESR)\",\"description\":\"\",\"potentialAction\":[{\"@type\":\"SearchAction\",\"target\":{\"@type\":\"EntryPoint\",\"urlTemplate\":\"https:\/\/sites.uef.fi\/ohjausosaamista\/?s={search_term_string}\"},\"query-input\":{\"@type\":\"PropertyValueSpecification\",\"valueRequired\":true,\"valueName\":\"search_term_string\"}}],\"inLanguage\":\"fi\"}]}<\/script>\n<!-- \/ Yoast SEO plugin. -->","yoast_head_json":{"title":"Hankkeen kuvaus - Ohjausosaamista yhteisty\u00f6ss\u00e4 (ESR)","robots":{"index":"index","follow":"follow","max-snippet":"max-snippet:-1","max-image-preview":"max-image-preview:large","max-video-preview":"max-video-preview:-1"},"canonical":"https:\/\/sites.uef.fi\/ohjausosaamista\/hankkeen-kuvaus\/","og_locale":"fi_FI","og_type":"article","og_title":"Hankkeen kuvaus - Ohjausosaamista yhteisty\u00f6ss\u00e4 (ESR)","og_description":"Hankkeen tavoitteena oli kehitt\u00e4\u00e4 ty\u00f6llisyyspalveluissa toimivien ohjausammattilaisten uraohjaustaitoja sek\u00e4osaamista ja t\u00e4ten tukea ty\u00f6llisyyspalveluiden uudelleen organisoitumisen my\u00f6t\u00e4 tulevien velvoitteiden toteutumista.Hankkeessa tarjottavan koulutuksen tavoitteena oli vahvistaa maakunnan ohjausosaamista sek\u00e4 ty\u00f6llisyyspalveluidenyhdenvertaisuuden ja tasa-arvon toteutumista.Tavoitteena oli: Hankkeella vastattiin maakunnan ohjausosaamistarpeen kehitt\u00e4miseen, ty\u00f6llistymisen ja ty\u00f6markkinoille pysymisenedist\u00e4miseen sek\u00e4 syrj\u00e4ytymisen ehk\u00e4isemiseen. Kehitt\u00e4mishankkeen taustalla oli aikuisten uraohjauksen kasvavatarve kuntien ty\u00f6llisyyspalveluissa. Taustalla oli my\u00f6s [&hellip;]","og_url":"https:\/\/sites.uef.fi\/ohjausosaamista\/hankkeen-kuvaus\/","og_site_name":"Ohjausosaamista yhteisty\u00f6ss\u00e4 (ESR)","article_modified_time":"2023-11-21T12:20:44+00:00","twitter_card":"summary_large_image","twitter_misc":{"Arvioitu lukuaika":"2 minuuttia"},"schema":{"@context":"https:\/\/schema.org","@graph":[{"@type":"WebPage","@id":"https:\/\/sites.uef.fi\/ohjausosaamista\/hankkeen-kuvaus\/","url":"https:\/\/sites.uef.fi\/ohjausosaamista\/hankkeen-kuvaus\/","name":"Hankkeen kuvaus - Ohjausosaamista yhteisty\u00f6ss\u00e4 (ESR)","isPartOf":{"@id":"https:\/\/sites.uef.fi\/ohjausosaamista\/#website"},"datePublished":"2021-06-10T08:54:39+00:00","dateModified":"2023-11-21T12:20:44+00:00","breadcrumb":{"@id":"https:\/\/sites.uef.fi\/ohjausosaamista\/hankkeen-kuvaus\/#breadcrumb"},"inLanguage":"fi","potentialAction":[{"@type":"ReadAction","target":["https:\/\/sites.uef.fi\/ohjausosaamista\/hankkeen-kuvaus\/"]}]},{"@type":"BreadcrumbList","@id":"https:\/\/sites.uef.fi\/ohjausosaamista\/hankkeen-kuvaus\/#breadcrumb","itemListElement":[{"@type":"ListItem","position":1,"name":"Home","item":"https:\/\/sites.uef.fi\/ohjausosaamista\/"},{"@type":"ListItem","position":2,"name":"Hankkeen kuvaus"}]},{"@type":"WebSite","@id":"https:\/\/sites.uef.fi\/ohjausosaamista\/#website","url":"https:\/\/sites.uef.fi\/ohjausosaamista\/","name":"Ohjausosaamista yhteisty\u00f6ss\u00e4 (ESR)","description":"","potentialAction":[{"@type":"SearchAction","target":{"@type":"EntryPoint","urlTemplate":"https:\/\/sites.uef.fi\/ohjausosaamista\/?s={search_term_string}"},"query-input":{"@type":"PropertyValueSpecification","valueRequired":true,"valueName":"search_term_string"}}],"inLanguage":"fi"}]}},"_links":{"self":[{"href":"https:\/\/sites.uef.fi\/ohjausosaamista\/wp-json\/wp\/v2\/pages\/46","targetHints":{"allow":["GET"]}}],"collection":[{"href":"https:\/\/sites.uef.fi\/ohjausosaamista\/wp-json\/wp\/v2\/pages"}],"about":[{"href":"https:\/\/sites.uef.fi\/ohjausosaamista\/wp-json\/wp\/v2\/types\/page"}],"author":[{"embeddable":true,"href":"https:\/\/sites.uef.fi\/ohjausosaamista\/wp-json\/wp\/v2\/users\/236"}],"replies":[{"embeddable":true,"href":"https:\/\/sites.uef.fi\/ohjausosaamista\/wp-json\/wp\/v2\/comments?post=46"}],"version-history":[{"count":2,"href":"https:\/\/sites.uef.fi\/ohjausosaamista\/wp-json\/wp\/v2\/pages\/46\/revisions"}],"predecessor-version":[{"id":1236,"href":"https:\/\/sites.uef.fi\/ohjausosaamista\/wp-json\/wp\/v2\/pages\/46\/revisions\/1236"}],"wp:attachment":[{"href":"https:\/\/sites.uef.fi\/ohjausosaamista\/wp-json\/wp\/v2\/media?parent=46"}],"curies":[{"name":"wp","href":"https:\/\/api.w.org\/{rel}","templated":true}]}}