{"id":626,"date":"2022-11-11T08:44:33","date_gmt":"2022-11-11T08:44:33","guid":{"rendered":"https:\/\/sites.uef.fi\/ohjausosaamista\/?page_id=626"},"modified":"2023-11-21T12:27:11","modified_gmt":"2023-11-21T12:27:11","slug":"ohjaus-tyootteena-ja-vuorovaikutustapana-kuinka-rakentaa-sosiaalisesti-kestavaa-ja-voimaannuttavaa-ohjausta-seminaari","status":"publish","type":"page","link":"https:\/\/sites.uef.fi\/ohjausosaamista\/ohjaus-tyootteena-ja-vuorovaikutustapana-kuinka-rakentaa-sosiaalisesti-kestavaa-ja-voimaannuttavaa-ohjausta-seminaari\/","title":{"rendered":"\u201dOhjaus ty\u00f6otteena ja vuorovaikutustapana \u2013 Kuinka rakentaa sosiaalisesti kest\u00e4v\u00e4\u00e4 ja voimaannuttavaa ohjausta?\u201d &#8211; seminaari 1.11.2022"},"content":{"rendered":"\n<div data-wp-interactive=\"core\/file\" class=\"wp-block-file\"><object data-wp-bind--hidden=\"!state.hasPdfPreview\" hidden class=\"wp-block-file__embed\" data=\"https:\/\/sites.uef.fi\/ohjausosaamista\/wp-content\/uploads\/sites\/298\/2022\/11\/Sanni-Tiitinen-diat.pdf\" type=\"application\/pdf\" style=\"width:100%;height:600px\" aria-label=\"Tiedoston Tiedoston Sanni Tiitinen diat upotus. upotus.\"><\/object><a id=\"wp-block-file--media-79311162-a6b4-49a6-b333-8d3aeade81fa\" href=\"https:\/\/sites.uef.fi\/ohjausosaamista\/wp-content\/uploads\/sites\/298\/2022\/11\/Sanni-Tiitinen-diat.pdf\">Sanni Tiitinen diat<\/a><a href=\"https:\/\/sites.uef.fi\/ohjausosaamista\/wp-content\/uploads\/sites\/298\/2022\/11\/Sanni-Tiitinen-diat.pdf\" class=\"wp-block-file__button\" download aria-describedby=\"wp-block-file--media-79311162-a6b4-49a6-b333-8d3aeade81fa\">Lataa<\/a><\/div>\n\n\n\n<div data-wp-interactive=\"core\/file\" class=\"wp-block-file\"><object data-wp-bind--hidden=\"!state.hasPdfPreview\" hidden class=\"wp-block-file__embed\" data=\"https:\/\/sites.uef.fi\/ohjausosaamista\/wp-content\/uploads\/sites\/298\/2022\/11\/Mai-Peltoniemi-2.pdf\" type=\"application\/pdf\" style=\"width:100%;height:600px\" aria-label=\"Tiedoston Tiedoston Mai Peltoniemi (2) upotus. upotus.\"><\/object><a id=\"wp-block-file--media-0bf0d4d6-62fb-462b-bda8-f8900763734a\" href=\"https:\/\/sites.uef.fi\/ohjausosaamista\/wp-content\/uploads\/sites\/298\/2022\/11\/Mai-Peltoniemi-2.pdf\">Mai Peltoniemi (2)<\/a><a href=\"https:\/\/sites.uef.fi\/ohjausosaamista\/wp-content\/uploads\/sites\/298\/2022\/11\/Mai-Peltoniemi-2.pdf\" class=\"wp-block-file__button\" download aria-describedby=\"wp-block-file--media-0bf0d4d6-62fb-462b-bda8-f8900763734a\">Lataa<\/a><\/div>\n\n\n\n<div data-wp-interactive=\"core\/file\" class=\"wp-block-file\"><object data-wp-bind--hidden=\"!state.hasPdfPreview\" hidden class=\"wp-block-file__embed\" data=\"https:\/\/sites.uef.fi\/ohjausosaamista\/wp-content\/uploads\/sites\/298\/2022\/11\/Sanna-Vehvilaisen-diat.pdf\" type=\"application\/pdf\" style=\"width:100%;height:600px\" aria-label=\"Tiedoston Tiedoston Sanna Vehvil\u00e4isen diat upotus. upotus.\"><\/object><a id=\"wp-block-file--media-f5607329-2a1c-490f-a2d2-6c699eef9601\" href=\"https:\/\/sites.uef.fi\/ohjausosaamista\/wp-content\/uploads\/sites\/298\/2022\/11\/Sanna-Vehvilaisen-diat.pdf\">Sanna Vehvil\u00e4isen diat<\/a><a href=\"https:\/\/sites.uef.fi\/ohjausosaamista\/wp-content\/uploads\/sites\/298\/2022\/11\/Sanna-Vehvilaisen-diat.pdf\" class=\"wp-block-file__button\" download aria-describedby=\"wp-block-file--media-f5607329-2a1c-490f-a2d2-6c699eef9601\">Lataa<\/a><\/div>\n\n\n    <div class=\"funders grid\">\n                        <div class=\"funders__item grid__item\">\n                            <div class=\"funders__image\">\n                    <img decoding=\"async\" src=\"https:\/\/sites.uef.fi\/ohjausosaamista\/wp-content\/uploads\/sites\/298\/2021\/06\/EU_EAKR_ESR_FI_vertical_20mm_rgb.png\" alt=\"Euroopan unioni, Euroopan aluekehitysrahasto, Euroopan sosiaalirahasto logo.\" \/>\n                <\/div>\n                                                <\/div>\n                        \n                        <div class=\"funders__item grid__item\">\n                            <div class=\"funders__image\">\n                    <img decoding=\"async\" src=\"https:\/\/sites.uef.fi\/ohjausosaamista\/wp-content\/uploads\/sites\/298\/2021\/06\/VipuvoimaaEU_2014_2020_rgb_MV.png\" alt=\"Vipuvoimaa EU:lta 2014-2020 logo.\" \/>\n                <\/div>\n                                                <\/div>\n                        \n                        <div class=\"funders__item grid__item\">\n                            <div class=\"funders__image\">\n                    <img decoding=\"async\" src=\"https:\/\/sites.uef.fi\/ohjausosaamista\/wp-content\/uploads\/sites\/298\/2021\/06\/UEF-musta-logo-engl-vaaka-scaled.jpg\" alt=\"It\u00e4-Suomen yliopiston logo.\" \/>\n                <\/div>\n                                                <\/div>\n                        \n            <\/div>\n","protected":false},"excerpt":{"rendered":"","protected":false},"author":236,"featured_media":0,"parent":0,"menu_order":0,"comment_status":"closed","ping_status":"closed","template":"","meta":{"_acf_changed":false,"footnotes":""},"class_list":["post-626","page","type-page","status-publish","hentry"],"acf":[],"yoast_head":"<!-- This site is optimized with the Yoast SEO plugin v27.1.1 - https:\/\/yoast.com\/product\/yoast-seo-wordpress\/ -->\n<title>\u201dOhjaus ty\u00f6otteena ja vuorovaikutustapana \u2013 Kuinka rakentaa sosiaalisesti kest\u00e4v\u00e4\u00e4 ja voimaannuttavaa ohjausta?\u201d - seminaari 1.11.2022 - Ohjausosaamista yhteisty\u00f6ss\u00e4 (ESR)<\/title>\n<meta name=\"robots\" content=\"index, follow, max-snippet:-1, max-image-preview:large, max-video-preview:-1\" \/>\n<link rel=\"canonical\" href=\"https:\/\/sites.uef.fi\/ohjausosaamista\/ohjaus-tyootteena-ja-vuorovaikutustapana-kuinka-rakentaa-sosiaalisesti-kestavaa-ja-voimaannuttavaa-ohjausta-seminaari\/\" \/>\n<meta property=\"og:locale\" content=\"fi_FI\" \/>\n<meta property=\"og:type\" content=\"article\" \/>\n<meta property=\"og:title\" content=\"\u201dOhjaus ty\u00f6otteena ja vuorovaikutustapana \u2013 Kuinka rakentaa sosiaalisesti kest\u00e4v\u00e4\u00e4 ja voimaannuttavaa ohjausta?\u201d - seminaari 1.11.2022 - Ohjausosaamista yhteisty\u00f6ss\u00e4 (ESR)\" \/>\n<meta property=\"og:url\" content=\"https:\/\/sites.uef.fi\/ohjausosaamista\/ohjaus-tyootteena-ja-vuorovaikutustapana-kuinka-rakentaa-sosiaalisesti-kestavaa-ja-voimaannuttavaa-ohjausta-seminaari\/\" \/>\n<meta property=\"og:site_name\" content=\"Ohjausosaamista yhteisty\u00f6ss\u00e4 (ESR)\" \/>\n<meta property=\"article:modified_time\" content=\"2023-11-21T12:27:11+00:00\" \/>\n<meta name=\"twitter:card\" content=\"summary_large_image\" \/>\n<meta name=\"twitter:label1\" content=\"Arvioitu lukuaika\" \/>\n\t<meta name=\"twitter:data1\" content=\"1 minuutti\" \/>\n<script type=\"application\/ld+json\" class=\"yoast-schema-graph\">{\"@context\":\"https:\/\/schema.org\",\"@graph\":[{\"@type\":\"WebPage\",\"@id\":\"https:\/\/sites.uef.fi\/ohjausosaamista\/ohjaus-tyootteena-ja-vuorovaikutustapana-kuinka-rakentaa-sosiaalisesti-kestavaa-ja-voimaannuttavaa-ohjausta-seminaari\/\",\"url\":\"https:\/\/sites.uef.fi\/ohjausosaamista\/ohjaus-tyootteena-ja-vuorovaikutustapana-kuinka-rakentaa-sosiaalisesti-kestavaa-ja-voimaannuttavaa-ohjausta-seminaari\/\",\"name\":\"\u201dOhjaus ty\u00f6otteena ja vuorovaikutustapana \u2013 Kuinka rakentaa sosiaalisesti kest\u00e4v\u00e4\u00e4 ja voimaannuttavaa ohjausta?\u201d - seminaari 1.11.2022 - Ohjausosaamista yhteisty\u00f6ss\u00e4 (ESR)\",\"isPartOf\":{\"@id\":\"https:\/\/sites.uef.fi\/ohjausosaamista\/#website\"},\"datePublished\":\"2022-11-11T08:44:33+00:00\",\"dateModified\":\"2023-11-21T12:27:11+00:00\",\"breadcrumb\":{\"@id\":\"https:\/\/sites.uef.fi\/ohjausosaamista\/ohjaus-tyootteena-ja-vuorovaikutustapana-kuinka-rakentaa-sosiaalisesti-kestavaa-ja-voimaannuttavaa-ohjausta-seminaari\/#breadcrumb\"},\"inLanguage\":\"fi\",\"potentialAction\":[{\"@type\":\"ReadAction\",\"target\":[\"https:\/\/sites.uef.fi\/ohjausosaamista\/ohjaus-tyootteena-ja-vuorovaikutustapana-kuinka-rakentaa-sosiaalisesti-kestavaa-ja-voimaannuttavaa-ohjausta-seminaari\/\"]}]},{\"@type\":\"BreadcrumbList\",\"@id\":\"https:\/\/sites.uef.fi\/ohjausosaamista\/ohjaus-tyootteena-ja-vuorovaikutustapana-kuinka-rakentaa-sosiaalisesti-kestavaa-ja-voimaannuttavaa-ohjausta-seminaari\/#breadcrumb\",\"itemListElement\":[{\"@type\":\"ListItem\",\"position\":1,\"name\":\"Home\",\"item\":\"https:\/\/sites.uef.fi\/ohjausosaamista\/\"},{\"@type\":\"ListItem\",\"position\":2,\"name\":\"\u201dOhjaus ty\u00f6otteena ja vuorovaikutustapana \u2013 Kuinka rakentaa sosiaalisesti kest\u00e4v\u00e4\u00e4 ja voimaannuttavaa ohjausta?\u201d &#8211; seminaari 1.11.2022\"}]},{\"@type\":\"WebSite\",\"@id\":\"https:\/\/sites.uef.fi\/ohjausosaamista\/#website\",\"url\":\"https:\/\/sites.uef.fi\/ohjausosaamista\/\",\"name\":\"Ohjausosaamista yhteisty\u00f6ss\u00e4 (ESR)\",\"description\":\"\",\"potentialAction\":[{\"@type\":\"SearchAction\",\"target\":{\"@type\":\"EntryPoint\",\"urlTemplate\":\"https:\/\/sites.uef.fi\/ohjausosaamista\/?s={search_term_string}\"},\"query-input\":{\"@type\":\"PropertyValueSpecification\",\"valueRequired\":true,\"valueName\":\"search_term_string\"}}],\"inLanguage\":\"fi\"}]}<\/script>\n<!-- \/ Yoast SEO plugin. -->","yoast_head_json":{"title":"\u201dOhjaus ty\u00f6otteena ja vuorovaikutustapana \u2013 Kuinka rakentaa sosiaalisesti kest\u00e4v\u00e4\u00e4 ja voimaannuttavaa ohjausta?\u201d - seminaari 1.11.2022 - Ohjausosaamista yhteisty\u00f6ss\u00e4 (ESR)","robots":{"index":"index","follow":"follow","max-snippet":"max-snippet:-1","max-image-preview":"max-image-preview:large","max-video-preview":"max-video-preview:-1"},"canonical":"https:\/\/sites.uef.fi\/ohjausosaamista\/ohjaus-tyootteena-ja-vuorovaikutustapana-kuinka-rakentaa-sosiaalisesti-kestavaa-ja-voimaannuttavaa-ohjausta-seminaari\/","og_locale":"fi_FI","og_type":"article","og_title":"\u201dOhjaus ty\u00f6otteena ja vuorovaikutustapana \u2013 Kuinka rakentaa sosiaalisesti kest\u00e4v\u00e4\u00e4 ja voimaannuttavaa ohjausta?\u201d - seminaari 1.11.2022 - Ohjausosaamista yhteisty\u00f6ss\u00e4 (ESR)","og_url":"https:\/\/sites.uef.fi\/ohjausosaamista\/ohjaus-tyootteena-ja-vuorovaikutustapana-kuinka-rakentaa-sosiaalisesti-kestavaa-ja-voimaannuttavaa-ohjausta-seminaari\/","og_site_name":"Ohjausosaamista yhteisty\u00f6ss\u00e4 (ESR)","article_modified_time":"2023-11-21T12:27:11+00:00","twitter_card":"summary_large_image","twitter_misc":{"Arvioitu lukuaika":"1 minuutti"},"schema":{"@context":"https:\/\/schema.org","@graph":[{"@type":"WebPage","@id":"https:\/\/sites.uef.fi\/ohjausosaamista\/ohjaus-tyootteena-ja-vuorovaikutustapana-kuinka-rakentaa-sosiaalisesti-kestavaa-ja-voimaannuttavaa-ohjausta-seminaari\/","url":"https:\/\/sites.uef.fi\/ohjausosaamista\/ohjaus-tyootteena-ja-vuorovaikutustapana-kuinka-rakentaa-sosiaalisesti-kestavaa-ja-voimaannuttavaa-ohjausta-seminaari\/","name":"\u201dOhjaus ty\u00f6otteena ja vuorovaikutustapana \u2013 Kuinka rakentaa sosiaalisesti kest\u00e4v\u00e4\u00e4 ja voimaannuttavaa ohjausta?\u201d - seminaari 1.11.2022 - Ohjausosaamista yhteisty\u00f6ss\u00e4 (ESR)","isPartOf":{"@id":"https:\/\/sites.uef.fi\/ohjausosaamista\/#website"},"datePublished":"2022-11-11T08:44:33+00:00","dateModified":"2023-11-21T12:27:11+00:00","breadcrumb":{"@id":"https:\/\/sites.uef.fi\/ohjausosaamista\/ohjaus-tyootteena-ja-vuorovaikutustapana-kuinka-rakentaa-sosiaalisesti-kestavaa-ja-voimaannuttavaa-ohjausta-seminaari\/#breadcrumb"},"inLanguage":"fi","potentialAction":[{"@type":"ReadAction","target":["https:\/\/sites.uef.fi\/ohjausosaamista\/ohjaus-tyootteena-ja-vuorovaikutustapana-kuinka-rakentaa-sosiaalisesti-kestavaa-ja-voimaannuttavaa-ohjausta-seminaari\/"]}]},{"@type":"BreadcrumbList","@id":"https:\/\/sites.uef.fi\/ohjausosaamista\/ohjaus-tyootteena-ja-vuorovaikutustapana-kuinka-rakentaa-sosiaalisesti-kestavaa-ja-voimaannuttavaa-ohjausta-seminaari\/#breadcrumb","itemListElement":[{"@type":"ListItem","position":1,"name":"Home","item":"https:\/\/sites.uef.fi\/ohjausosaamista\/"},{"@type":"ListItem","position":2,"name":"\u201dOhjaus ty\u00f6otteena ja vuorovaikutustapana \u2013 Kuinka rakentaa sosiaalisesti kest\u00e4v\u00e4\u00e4 ja voimaannuttavaa ohjausta?\u201d &#8211; seminaari 1.11.2022"}]},{"@type":"WebSite","@id":"https:\/\/sites.uef.fi\/ohjausosaamista\/#website","url":"https:\/\/sites.uef.fi\/ohjausosaamista\/","name":"Ohjausosaamista yhteisty\u00f6ss\u00e4 (ESR)","description":"","potentialAction":[{"@type":"SearchAction","target":{"@type":"EntryPoint","urlTemplate":"https:\/\/sites.uef.fi\/ohjausosaamista\/?s={search_term_string}"},"query-input":{"@type":"PropertyValueSpecification","valueRequired":true,"valueName":"search_term_string"}}],"inLanguage":"fi"}]}},"_links":{"self":[{"href":"https:\/\/sites.uef.fi\/ohjausosaamista\/wp-json\/wp\/v2\/pages\/626","targetHints":{"allow":["GET"]}}],"collection":[{"href":"https:\/\/sites.uef.fi\/ohjausosaamista\/wp-json\/wp\/v2\/pages"}],"about":[{"href":"https:\/\/sites.uef.fi\/ohjausosaamista\/wp-json\/wp\/v2\/types\/page"}],"author":[{"embeddable":true,"href":"https:\/\/sites.uef.fi\/ohjausosaamista\/wp-json\/wp\/v2\/users\/236"}],"replies":[{"embeddable":true,"href":"https:\/\/sites.uef.fi\/ohjausosaamista\/wp-json\/wp\/v2\/comments?post=626"}],"version-history":[{"count":2,"href":"https:\/\/sites.uef.fi\/ohjausosaamista\/wp-json\/wp\/v2\/pages\/626\/revisions"}],"predecessor-version":[{"id":1266,"href":"https:\/\/sites.uef.fi\/ohjausosaamista\/wp-json\/wp\/v2\/pages\/626\/revisions\/1266"}],"wp:attachment":[{"href":"https:\/\/sites.uef.fi\/ohjausosaamista\/wp-json\/wp\/v2\/media?parent=626"}],"curies":[{"name":"wp","href":"https:\/\/api.w.org\/{rel}","templated":true}]}}