{"id":64,"date":"2021-06-10T08:56:01","date_gmt":"2021-06-10T08:56:01","guid":{"rendered":"https:\/\/sites.uef.fi\/ohjausosaamista\/?page_id=64"},"modified":"2023-11-21T12:46:47","modified_gmt":"2023-11-21T12:46:47","slug":"seminaarit","status":"publish","type":"page","link":"https:\/\/sites.uef.fi\/ohjausosaamista\/seminaarit\/","title":{"rendered":"Seminaarien materiaalit"},"content":{"rendered":"\n<p>Ohjausosaamista yhteisty\u00f6ss\u00e4 -hanke on j\u00e4rjet\u00e4nyt toimintaaikanaan useita avoimia seminaareja. Seminaarien materiaalit l\u00f6yd\u00e4t n\u00e4ilt\u00e4 sivuilta.<\/p>\n\n\n\n<div class=\"links-block\">\n\n    \n    <ul class=\"link-list\">\n        \n            \n            <li class=\"link-list-item\">\n                <a href=\"https:\/\/sites.uef.fi\/ohjausosaamista\/yhteisella-ohjausosaamisella-onnistumisiin-seminaari-26-8-2021\/\" class=\"link-reset link hover-scale-down\">\n                    <svg\n        width=\"43\" height=\"25\"\n        viewBox=\"0 0 43 25\"\n        xmlns=\"http:\/\/www.w3.org\/2000\/svg\">\n    <path\n        d=\"M30.027 0 43 12.5 30.027 25 27 22.083 34.351 15H0v-5h34.351L27 2.917z\"\n        fill=\"currentColor\"\n        fill-rule=\"evenodd\"\/>\n<\/svg>                    <div>\u201dYhteisell\u00e4 ohjausosaamisella onnistumisiin!\u201d -seminaari 26.8.2021<\/div>\n                <\/a>\n                <div class=\"link-info\">\n                                    <\/div>\n            <\/li>\n\n        \n            <li class=\"link-list-item\">\n                <a href=\"https:\/\/sites.uef.fi\/ohjausosaamista\/moninaiset-elamankulut-ja-ohjausvuorovaikutus-seminaari-1-11-2021\/\" class=\"link-reset link hover-scale-down\">\n                    <svg\n        width=\"43\" height=\"25\"\n        viewBox=\"0 0 43 25\"\n        xmlns=\"http:\/\/www.w3.org\/2000\/svg\">\n    <path\n        d=\"M30.027 0 43 12.5 30.027 25 27 22.083 34.351 15H0v-5h34.351L27 2.917z\"\n        fill=\"currentColor\"\n        fill-rule=\"evenodd\"\/>\n<\/svg>                    <div>\u201dMoninaiset el\u00e4m\u00e4nkulut ja ohjausvuorovaikutus\u201d -seminaari 1.11.2021<\/div>\n                <\/a>\n                <div class=\"link-info\">\n                                    <\/div>\n            <\/li>\n\n        \n            <li class=\"link-list-item\">\n                <a href=\"https:\/\/sites.uef.fi\/ohjausosaamista\/materiaalit\/moniammatillisesti-yhdessa-ohjaten-seminaari-26-4-2022\/\" class=\"link-reset link hover-scale-down\">\n                    <svg\n        width=\"43\" height=\"25\"\n        viewBox=\"0 0 43 25\"\n        xmlns=\"http:\/\/www.w3.org\/2000\/svg\">\n    <path\n        d=\"M30.027 0 43 12.5 30.027 25 27 22.083 34.351 15H0v-5h34.351L27 2.917z\"\n        fill=\"currentColor\"\n        fill-rule=\"evenodd\"\/>\n<\/svg>                    <div>\u201dMoniammatillisesti yhdess\u00e4 ohjaten\u201d -seminaari 27.4.2022<\/div>\n                <\/a>\n                <div class=\"link-info\">\n                                    <\/div>\n            <\/li>\n\n        \n            <li class=\"link-list-item\">\n                <a href=\"https:\/\/sites.uef.fi\/ohjausosaamista\/tyollisyyden-ja-hyvinvoinnin-risteyksissa-ohjausosaamista-ja-tyollisyytta-tukemassa-seminaari-31-8-2022\/\" class=\"link-reset link hover-scale-down\">\n                    <svg\n        width=\"43\" height=\"25\"\n        viewBox=\"0 0 43 25\"\n        xmlns=\"http:\/\/www.w3.org\/2000\/svg\">\n    <path\n        d=\"M30.027 0 43 12.5 30.027 25 27 22.083 34.351 15H0v-5h34.351L27 2.917z\"\n        fill=\"currentColor\"\n        fill-rule=\"evenodd\"\/>\n<\/svg>                    <div>\u201dTy\u00f6llisyyden ja hyvinvoinnin risteyksiss\u00e4- ohjausosaamista ja ty\u00f6llisyytt\u00e4 tukemassa\u201d -seminaari 31.8.2022<\/div>\n                <\/a>\n                <div class=\"link-info\">\n                                    <\/div>\n            <\/li>\n\n        \n            <li class=\"link-list-item\">\n                <a href=\"https:\/\/sites.uef.fi\/ohjausosaamista\/ohjaus-tyootteena-ja-vuorovaikutustapana-kuinka-rakentaa-sosiaalisesti-kestavaa-ja-voimaannuttavaa-ohjausta-seminaari\/\" class=\"link-reset link hover-scale-down\">\n                    <svg\n        width=\"43\" height=\"25\"\n        viewBox=\"0 0 43 25\"\n        xmlns=\"http:\/\/www.w3.org\/2000\/svg\">\n    <path\n        d=\"M30.027 0 43 12.5 30.027 25 27 22.083 34.351 15H0v-5h34.351L27 2.917z\"\n        fill=\"currentColor\"\n        fill-rule=\"evenodd\"\/>\n<\/svg>                    <div>\u201dOhjaus ty\u00f6otteena ja vuorovaikutustapana \u2013 Kuinka rakentaa sosiaalisesti kest\u00e4v\u00e4\u00e4 ja voimaannuttavaa ohjausta?\u201d \u2013 seminaari 1.11.2022<\/div>\n                <\/a>\n                <div class=\"link-info\">\n                                    <\/div>\n            <\/li>\n\n        \n            <li class=\"link-list-item\">\n                <a href=\"https:\/\/sites.uef.fi\/ohjausosaamista\/ohjausosaamista-rakentamassa-kohti-toivorikasta-ohjaustyota-21-4-2023\/\" class=\"link-reset link hover-scale-down\">\n                    <svg\n        width=\"43\" height=\"25\"\n        viewBox=\"0 0 43 25\"\n        xmlns=\"http:\/\/www.w3.org\/2000\/svg\">\n    <path\n        d=\"M30.027 0 43 12.5 30.027 25 27 22.083 34.351 15H0v-5h34.351L27 2.917z\"\n        fill=\"currentColor\"\n        fill-rule=\"evenodd\"\/>\n<\/svg>                    <div>Ohjausosaamista rakentamassa \u2013 kohti toivorikasta ohjausty\u00f6t\u00e4 21.4.2023<\/div>\n                <\/a>\n                <div class=\"link-info\">\n                                    <\/div>\n            <\/li>\n\n                <\/ul>\n<\/div>\n\n    <div class=\"funders grid\">\n                        <div class=\"funders__item grid__item\">\n                            <div class=\"funders__image\">\n                    <img decoding=\"async\" src=\"https:\/\/sites.uef.fi\/ohjausosaamista\/wp-content\/uploads\/sites\/298\/2021\/06\/EU_EAKR_ESR_FI_vertical_20mm_rgb.png\" alt=\"Euroopan unioni, Euroopan aluekehitysrahasto, Euroopan sosiaalirahasto logo.\" \/>\n                <\/div>\n                                                <\/div>\n                        \n                        <div class=\"funders__item grid__item\">\n                            <div class=\"funders__image\">\n                    <img decoding=\"async\" src=\"https:\/\/sites.uef.fi\/ohjausosaamista\/wp-content\/uploads\/sites\/298\/2021\/06\/VipuvoimaaEU_2014_2020_rgb_MV.png\" alt=\"Vipuvoimaa EU:lta 2014-2020 logo.\" \/>\n                <\/div>\n                                                <\/div>\n                        \n                        <div class=\"funders__item grid__item\">\n                            <div class=\"funders__image\">\n                    <img decoding=\"async\" src=\"https:\/\/sites.uef.fi\/ohjausosaamista\/wp-content\/uploads\/sites\/298\/2021\/06\/UEF-musta-logo-engl-vaaka-scaled.jpg\" alt=\"It\u00e4-Suomen yliopiston logo.\" \/>\n                <\/div>\n                                                <\/div>\n                        \n            <\/div>\n","protected":false},"excerpt":{"rendered":"<p>Ohjausosaamista yhteisty\u00f6ss\u00e4 -hanke on j\u00e4rjet\u00e4nyt toimintaaikanaan useita avoimia seminaareja. Seminaarien materiaalit l\u00f6yd\u00e4t n\u00e4ilt\u00e4 sivuilta.<\/p>\n","protected":false},"author":236,"featured_media":0,"parent":0,"menu_order":0,"comment_status":"closed","ping_status":"closed","template":"","meta":{"_acf_changed":false,"footnotes":""},"class_list":["post-64","page","type-page","status-publish","hentry"],"acf":[],"yoast_head":"<!-- This site is optimized with the Yoast SEO plugin v27.1.1 - https:\/\/yoast.com\/product\/yoast-seo-wordpress\/ -->\n<title>Seminaarien materiaalit - Ohjausosaamista yhteisty\u00f6ss\u00e4 (ESR)<\/title>\n<meta name=\"robots\" content=\"index, follow, max-snippet:-1, max-image-preview:large, max-video-preview:-1\" \/>\n<link rel=\"canonical\" href=\"https:\/\/sites.uef.fi\/ohjausosaamista\/seminaarit\/\" \/>\n<meta property=\"og:locale\" content=\"fi_FI\" \/>\n<meta property=\"og:type\" content=\"article\" \/>\n<meta property=\"og:title\" content=\"Seminaarien materiaalit - Ohjausosaamista yhteisty\u00f6ss\u00e4 (ESR)\" \/>\n<meta property=\"og:description\" content=\"Ohjausosaamista yhteisty\u00f6ss\u00e4 -hanke on j\u00e4rjet\u00e4nyt toimintaaikanaan useita avoimia seminaareja. Seminaarien materiaalit l\u00f6yd\u00e4t n\u00e4ilt\u00e4 sivuilta.\" \/>\n<meta property=\"og:url\" content=\"https:\/\/sites.uef.fi\/ohjausosaamista\/seminaarit\/\" \/>\n<meta property=\"og:site_name\" content=\"Ohjausosaamista yhteisty\u00f6ss\u00e4 (ESR)\" \/>\n<meta property=\"article:modified_time\" content=\"2023-11-21T12:46:47+00:00\" \/>\n<meta name=\"twitter:card\" content=\"summary_large_image\" \/>\n<meta name=\"twitter:label1\" content=\"Arvioitu lukuaika\" \/>\n\t<meta name=\"twitter:data1\" content=\"1 minuutti\" \/>\n<script type=\"application\/ld+json\" class=\"yoast-schema-graph\">{\"@context\":\"https:\/\/schema.org\",\"@graph\":[{\"@type\":\"WebPage\",\"@id\":\"https:\/\/sites.uef.fi\/ohjausosaamista\/seminaarit\/\",\"url\":\"https:\/\/sites.uef.fi\/ohjausosaamista\/seminaarit\/\",\"name\":\"Seminaarien materiaalit - Ohjausosaamista yhteisty\u00f6ss\u00e4 (ESR)\",\"isPartOf\":{\"@id\":\"https:\/\/sites.uef.fi\/ohjausosaamista\/#website\"},\"datePublished\":\"2021-06-10T08:56:01+00:00\",\"dateModified\":\"2023-11-21T12:46:47+00:00\",\"breadcrumb\":{\"@id\":\"https:\/\/sites.uef.fi\/ohjausosaamista\/seminaarit\/#breadcrumb\"},\"inLanguage\":\"fi\",\"potentialAction\":[{\"@type\":\"ReadAction\",\"target\":[\"https:\/\/sites.uef.fi\/ohjausosaamista\/seminaarit\/\"]}]},{\"@type\":\"BreadcrumbList\",\"@id\":\"https:\/\/sites.uef.fi\/ohjausosaamista\/seminaarit\/#breadcrumb\",\"itemListElement\":[{\"@type\":\"ListItem\",\"position\":1,\"name\":\"Home\",\"item\":\"https:\/\/sites.uef.fi\/ohjausosaamista\/\"},{\"@type\":\"ListItem\",\"position\":2,\"name\":\"Seminaarien materiaalit\"}]},{\"@type\":\"WebSite\",\"@id\":\"https:\/\/sites.uef.fi\/ohjausosaamista\/#website\",\"url\":\"https:\/\/sites.uef.fi\/ohjausosaamista\/\",\"name\":\"Ohjausosaamista yhteisty\u00f6ss\u00e4 (ESR)\",\"description\":\"\",\"potentialAction\":[{\"@type\":\"SearchAction\",\"target\":{\"@type\":\"EntryPoint\",\"urlTemplate\":\"https:\/\/sites.uef.fi\/ohjausosaamista\/?s={search_term_string}\"},\"query-input\":{\"@type\":\"PropertyValueSpecification\",\"valueRequired\":true,\"valueName\":\"search_term_string\"}}],\"inLanguage\":\"fi\"}]}<\/script>\n<!-- \/ Yoast SEO plugin. -->","yoast_head_json":{"title":"Seminaarien materiaalit - Ohjausosaamista yhteisty\u00f6ss\u00e4 (ESR)","robots":{"index":"index","follow":"follow","max-snippet":"max-snippet:-1","max-image-preview":"max-image-preview:large","max-video-preview":"max-video-preview:-1"},"canonical":"https:\/\/sites.uef.fi\/ohjausosaamista\/seminaarit\/","og_locale":"fi_FI","og_type":"article","og_title":"Seminaarien materiaalit - Ohjausosaamista yhteisty\u00f6ss\u00e4 (ESR)","og_description":"Ohjausosaamista yhteisty\u00f6ss\u00e4 -hanke on j\u00e4rjet\u00e4nyt toimintaaikanaan useita avoimia seminaareja. Seminaarien materiaalit l\u00f6yd\u00e4t n\u00e4ilt\u00e4 sivuilta.","og_url":"https:\/\/sites.uef.fi\/ohjausosaamista\/seminaarit\/","og_site_name":"Ohjausosaamista yhteisty\u00f6ss\u00e4 (ESR)","article_modified_time":"2023-11-21T12:46:47+00:00","twitter_card":"summary_large_image","twitter_misc":{"Arvioitu lukuaika":"1 minuutti"},"schema":{"@context":"https:\/\/schema.org","@graph":[{"@type":"WebPage","@id":"https:\/\/sites.uef.fi\/ohjausosaamista\/seminaarit\/","url":"https:\/\/sites.uef.fi\/ohjausosaamista\/seminaarit\/","name":"Seminaarien materiaalit - Ohjausosaamista yhteisty\u00f6ss\u00e4 (ESR)","isPartOf":{"@id":"https:\/\/sites.uef.fi\/ohjausosaamista\/#website"},"datePublished":"2021-06-10T08:56:01+00:00","dateModified":"2023-11-21T12:46:47+00:00","breadcrumb":{"@id":"https:\/\/sites.uef.fi\/ohjausosaamista\/seminaarit\/#breadcrumb"},"inLanguage":"fi","potentialAction":[{"@type":"ReadAction","target":["https:\/\/sites.uef.fi\/ohjausosaamista\/seminaarit\/"]}]},{"@type":"BreadcrumbList","@id":"https:\/\/sites.uef.fi\/ohjausosaamista\/seminaarit\/#breadcrumb","itemListElement":[{"@type":"ListItem","position":1,"name":"Home","item":"https:\/\/sites.uef.fi\/ohjausosaamista\/"},{"@type":"ListItem","position":2,"name":"Seminaarien materiaalit"}]},{"@type":"WebSite","@id":"https:\/\/sites.uef.fi\/ohjausosaamista\/#website","url":"https:\/\/sites.uef.fi\/ohjausosaamista\/","name":"Ohjausosaamista yhteisty\u00f6ss\u00e4 (ESR)","description":"","potentialAction":[{"@type":"SearchAction","target":{"@type":"EntryPoint","urlTemplate":"https:\/\/sites.uef.fi\/ohjausosaamista\/?s={search_term_string}"},"query-input":{"@type":"PropertyValueSpecification","valueRequired":true,"valueName":"search_term_string"}}],"inLanguage":"fi"}]}},"_links":{"self":[{"href":"https:\/\/sites.uef.fi\/ohjausosaamista\/wp-json\/wp\/v2\/pages\/64","targetHints":{"allow":["GET"]}}],"collection":[{"href":"https:\/\/sites.uef.fi\/ohjausosaamista\/wp-json\/wp\/v2\/pages"}],"about":[{"href":"https:\/\/sites.uef.fi\/ohjausosaamista\/wp-json\/wp\/v2\/types\/page"}],"author":[{"embeddable":true,"href":"https:\/\/sites.uef.fi\/ohjausosaamista\/wp-json\/wp\/v2\/users\/236"}],"replies":[{"embeddable":true,"href":"https:\/\/sites.uef.fi\/ohjausosaamista\/wp-json\/wp\/v2\/comments?post=64"}],"version-history":[{"count":2,"href":"https:\/\/sites.uef.fi\/ohjausosaamista\/wp-json\/wp\/v2\/pages\/64\/revisions"}],"predecessor-version":[{"id":1302,"href":"https:\/\/sites.uef.fi\/ohjausosaamista\/wp-json\/wp\/v2\/pages\/64\/revisions\/1302"}],"wp:attachment":[{"href":"https:\/\/sites.uef.fi\/ohjausosaamista\/wp-json\/wp\/v2\/media?parent=64"}],"curies":[{"name":"wp","href":"https:\/\/api.w.org\/{rel}","templated":true}]}}