{"id":82,"date":"2021-06-10T08:56:39","date_gmt":"2021-06-10T08:56:39","guid":{"rendered":"https:\/\/sites.uef.fi\/ohjausosaamista\/?page_id=82"},"modified":"2023-11-21T12:30:17","modified_gmt":"2023-11-21T12:30:17","slug":"ajankohtaista","status":"publish","type":"page","link":"https:\/\/sites.uef.fi\/ohjausosaamista\/ajankohtaista\/","title":{"rendered":"Artikkelit"},"content":{"rendered":"\n<p><\/p>\n\n\n\n<p>2.8.2023 &#8221;Ty\u00f6llisyyspalveluiden muutokset ohjausty\u00f6n haastajina \u2013 n\u00e4k\u00f6kulmia Ohjausosaamista yhteisty\u00f6ss\u00e4 -hankkeen ohjauskoulutuksesta&#8221; <a href=\"https:\/\/verkkolehdet.jamk.fi\/elo\/2023\/08\/02\/tyollisyyspalveluiden-muutokset-ohjaustyon-haastajina-nakokulmia-ohjausosaamista-yhteistyossa-hankkeen-ohjauskoulutuksesta\/\" target=\"_blank\" rel=\"noreferrer noopener\">https:\/\/verkkolehdet.jamk.fi\/elo\/2023\/08\/02\/tyollisyyspalveluiden-muutokset-ohjaustyon-haastajina-nakokulmia-ohjausosaamista-yhteistyossa-hankkeen-ohjauskoulutuksesta\/<\/a><\/p>\n\n\n\n<p>5.4.2023 &#8221;Ohjauksen ammattilaiset kehitt\u00e4m\u00e4ss\u00e4 maakunnan ohjauspalveluita ja ohjausosaamista <a href=\"https:\/\/www.uef.fi\/fi\/artikkeli\/ohjauksen-ammattilaiset-kehittamassa-maakunnan-ohjauspalveluita-ja-ohjausosaamista\" target=\"_blank\" rel=\"noreferrer noopener\">https:\/\/www.uef.fi\/fi\/artikkeli\/ohjauksen-ammattilaiset-kehittamassa-maakunnan-ohjauspalveluita-ja-ohjausosaamista<\/a><\/p>\n\n\n\n<p><\/p>\n\n\n    <div class=\"funders grid\">\n                        <div class=\"funders__item grid__item\">\n                            <div class=\"funders__image\">\n                    <img decoding=\"async\" src=\"https:\/\/sites.uef.fi\/ohjausosaamista\/wp-content\/uploads\/sites\/298\/2021\/06\/EU_EAKR_ESR_FI_vertical_20mm_rgb.png\" alt=\"Euroopan unioni, Euroopan aluekehitysrahasto, Euroopan sosiaalirahasto logo.\" \/>\n                <\/div>\n                                                <\/div>\n                        \n                        <div class=\"funders__item grid__item\">\n                            <div class=\"funders__image\">\n                    <img decoding=\"async\" src=\"https:\/\/sites.uef.fi\/ohjausosaamista\/wp-content\/uploads\/sites\/298\/2021\/06\/VipuvoimaaEU_2014_2020_rgb_MV.png\" alt=\"Vipuvoimaa EU:lta 2014-2020 logo.\" \/>\n                <\/div>\n                                                <\/div>\n                        \n                        <div class=\"funders__item grid__item\">\n                            <div class=\"funders__image\">\n                    <img decoding=\"async\" src=\"https:\/\/sites.uef.fi\/ohjausosaamista\/wp-content\/uploads\/sites\/298\/2021\/06\/UEF-musta-logo-engl-vaaka-scaled.jpg\" alt=\"It\u00e4-Suomen yliopiston logo.\" \/>\n                <\/div>\n                                                <\/div>\n                        \n            <\/div>\n","protected":false},"excerpt":{"rendered":"<p>2.8.2023 &#8221;Ty\u00f6llisyyspalveluiden muutokset ohjausty\u00f6n haastajina \u2013 n\u00e4k\u00f6kulmia Ohjausosaamista yhteisty\u00f6ss\u00e4 -hankkeen ohjauskoulutuksesta&#8221; https:\/\/verkkolehdet.jamk.fi\/elo\/2023\/08\/02\/tyollisyyspalveluiden-muutokset-ohjaustyon-haastajina-nakokulmia-ohjausosaamista-yhteistyossa-hankkeen-ohjauskoulutuksesta\/ 5.4.2023 &#8221;Ohjauksen ammattilaiset kehitt\u00e4m\u00e4ss\u00e4 maakunnan ohjauspalveluita ja ohjausosaamista https:\/\/www.uef.fi\/fi\/artikkeli\/ohjauksen-ammattilaiset-kehittamassa-maakunnan-ohjauspalveluita-ja-ohjausosaamista<\/p>\n","protected":false},"author":236,"featured_media":0,"parent":0,"menu_order":0,"comment_status":"closed","ping_status":"closed","template":"","meta":{"_acf_changed":false,"footnotes":""},"class_list":["post-82","page","type-page","status-publish","hentry"],"acf":[],"yoast_head":"<!-- This site is optimized with the Yoast SEO plugin v27.1.1 - https:\/\/yoast.com\/product\/yoast-seo-wordpress\/ -->\n<title>Artikkelit - Ohjausosaamista yhteisty\u00f6ss\u00e4 (ESR)<\/title>\n<meta name=\"robots\" content=\"index, follow, max-snippet:-1, max-image-preview:large, max-video-preview:-1\" \/>\n<link rel=\"canonical\" href=\"https:\/\/sites.uef.fi\/ohjausosaamista\/ajankohtaista\/\" \/>\n<meta property=\"og:locale\" content=\"fi_FI\" \/>\n<meta property=\"og:type\" content=\"article\" \/>\n<meta property=\"og:title\" content=\"Artikkelit - Ohjausosaamista yhteisty\u00f6ss\u00e4 (ESR)\" \/>\n<meta property=\"og:description\" content=\"2.8.2023 &#8221;Ty\u00f6llisyyspalveluiden muutokset ohjausty\u00f6n haastajina \u2013 n\u00e4k\u00f6kulmia Ohjausosaamista yhteisty\u00f6ss\u00e4 -hankkeen ohjauskoulutuksesta&#8221; https:\/\/verkkolehdet.jamk.fi\/elo\/2023\/08\/02\/tyollisyyspalveluiden-muutokset-ohjaustyon-haastajina-nakokulmia-ohjausosaamista-yhteistyossa-hankkeen-ohjauskoulutuksesta\/ 5.4.2023 &#8221;Ohjauksen ammattilaiset kehitt\u00e4m\u00e4ss\u00e4 maakunnan ohjauspalveluita ja ohjausosaamista https:\/\/www.uef.fi\/fi\/artikkeli\/ohjauksen-ammattilaiset-kehittamassa-maakunnan-ohjauspalveluita-ja-ohjausosaamista\" \/>\n<meta property=\"og:url\" content=\"https:\/\/sites.uef.fi\/ohjausosaamista\/ajankohtaista\/\" \/>\n<meta property=\"og:site_name\" content=\"Ohjausosaamista yhteisty\u00f6ss\u00e4 (ESR)\" \/>\n<meta property=\"article:modified_time\" content=\"2023-11-21T12:30:17+00:00\" \/>\n<meta name=\"twitter:card\" content=\"summary_large_image\" \/>\n<meta name=\"twitter:label1\" content=\"Arvioitu lukuaika\" \/>\n\t<meta name=\"twitter:data1\" content=\"1 minuutti\" \/>\n<script type=\"application\/ld+json\" class=\"yoast-schema-graph\">{\"@context\":\"https:\/\/schema.org\",\"@graph\":[{\"@type\":\"WebPage\",\"@id\":\"https:\/\/sites.uef.fi\/ohjausosaamista\/ajankohtaista\/\",\"url\":\"https:\/\/sites.uef.fi\/ohjausosaamista\/ajankohtaista\/\",\"name\":\"Artikkelit - Ohjausosaamista yhteisty\u00f6ss\u00e4 (ESR)\",\"isPartOf\":{\"@id\":\"https:\/\/sites.uef.fi\/ohjausosaamista\/#website\"},\"datePublished\":\"2021-06-10T08:56:39+00:00\",\"dateModified\":\"2023-11-21T12:30:17+00:00\",\"breadcrumb\":{\"@id\":\"https:\/\/sites.uef.fi\/ohjausosaamista\/ajankohtaista\/#breadcrumb\"},\"inLanguage\":\"fi\",\"potentialAction\":[{\"@type\":\"ReadAction\",\"target\":[\"https:\/\/sites.uef.fi\/ohjausosaamista\/ajankohtaista\/\"]}]},{\"@type\":\"BreadcrumbList\",\"@id\":\"https:\/\/sites.uef.fi\/ohjausosaamista\/ajankohtaista\/#breadcrumb\",\"itemListElement\":[{\"@type\":\"ListItem\",\"position\":1,\"name\":\"Home\",\"item\":\"https:\/\/sites.uef.fi\/ohjausosaamista\/\"},{\"@type\":\"ListItem\",\"position\":2,\"name\":\"Artikkelit\"}]},{\"@type\":\"WebSite\",\"@id\":\"https:\/\/sites.uef.fi\/ohjausosaamista\/#website\",\"url\":\"https:\/\/sites.uef.fi\/ohjausosaamista\/\",\"name\":\"Ohjausosaamista yhteisty\u00f6ss\u00e4 (ESR)\",\"description\":\"\",\"potentialAction\":[{\"@type\":\"SearchAction\",\"target\":{\"@type\":\"EntryPoint\",\"urlTemplate\":\"https:\/\/sites.uef.fi\/ohjausosaamista\/?s={search_term_string}\"},\"query-input\":{\"@type\":\"PropertyValueSpecification\",\"valueRequired\":true,\"valueName\":\"search_term_string\"}}],\"inLanguage\":\"fi\"}]}<\/script>\n<!-- \/ Yoast SEO plugin. -->","yoast_head_json":{"title":"Artikkelit - Ohjausosaamista yhteisty\u00f6ss\u00e4 (ESR)","robots":{"index":"index","follow":"follow","max-snippet":"max-snippet:-1","max-image-preview":"max-image-preview:large","max-video-preview":"max-video-preview:-1"},"canonical":"https:\/\/sites.uef.fi\/ohjausosaamista\/ajankohtaista\/","og_locale":"fi_FI","og_type":"article","og_title":"Artikkelit - Ohjausosaamista yhteisty\u00f6ss\u00e4 (ESR)","og_description":"2.8.2023 &#8221;Ty\u00f6llisyyspalveluiden muutokset ohjausty\u00f6n haastajina \u2013 n\u00e4k\u00f6kulmia Ohjausosaamista yhteisty\u00f6ss\u00e4 -hankkeen ohjauskoulutuksesta&#8221; https:\/\/verkkolehdet.jamk.fi\/elo\/2023\/08\/02\/tyollisyyspalveluiden-muutokset-ohjaustyon-haastajina-nakokulmia-ohjausosaamista-yhteistyossa-hankkeen-ohjauskoulutuksesta\/ 5.4.2023 &#8221;Ohjauksen ammattilaiset kehitt\u00e4m\u00e4ss\u00e4 maakunnan ohjauspalveluita ja ohjausosaamista https:\/\/www.uef.fi\/fi\/artikkeli\/ohjauksen-ammattilaiset-kehittamassa-maakunnan-ohjauspalveluita-ja-ohjausosaamista","og_url":"https:\/\/sites.uef.fi\/ohjausosaamista\/ajankohtaista\/","og_site_name":"Ohjausosaamista yhteisty\u00f6ss\u00e4 (ESR)","article_modified_time":"2023-11-21T12:30:17+00:00","twitter_card":"summary_large_image","twitter_misc":{"Arvioitu lukuaika":"1 minuutti"},"schema":{"@context":"https:\/\/schema.org","@graph":[{"@type":"WebPage","@id":"https:\/\/sites.uef.fi\/ohjausosaamista\/ajankohtaista\/","url":"https:\/\/sites.uef.fi\/ohjausosaamista\/ajankohtaista\/","name":"Artikkelit - Ohjausosaamista yhteisty\u00f6ss\u00e4 (ESR)","isPartOf":{"@id":"https:\/\/sites.uef.fi\/ohjausosaamista\/#website"},"datePublished":"2021-06-10T08:56:39+00:00","dateModified":"2023-11-21T12:30:17+00:00","breadcrumb":{"@id":"https:\/\/sites.uef.fi\/ohjausosaamista\/ajankohtaista\/#breadcrumb"},"inLanguage":"fi","potentialAction":[{"@type":"ReadAction","target":["https:\/\/sites.uef.fi\/ohjausosaamista\/ajankohtaista\/"]}]},{"@type":"BreadcrumbList","@id":"https:\/\/sites.uef.fi\/ohjausosaamista\/ajankohtaista\/#breadcrumb","itemListElement":[{"@type":"ListItem","position":1,"name":"Home","item":"https:\/\/sites.uef.fi\/ohjausosaamista\/"},{"@type":"ListItem","position":2,"name":"Artikkelit"}]},{"@type":"WebSite","@id":"https:\/\/sites.uef.fi\/ohjausosaamista\/#website","url":"https:\/\/sites.uef.fi\/ohjausosaamista\/","name":"Ohjausosaamista yhteisty\u00f6ss\u00e4 (ESR)","description":"","potentialAction":[{"@type":"SearchAction","target":{"@type":"EntryPoint","urlTemplate":"https:\/\/sites.uef.fi\/ohjausosaamista\/?s={search_term_string}"},"query-input":{"@type":"PropertyValueSpecification","valueRequired":true,"valueName":"search_term_string"}}],"inLanguage":"fi"}]}},"_links":{"self":[{"href":"https:\/\/sites.uef.fi\/ohjausosaamista\/wp-json\/wp\/v2\/pages\/82","targetHints":{"allow":["GET"]}}],"collection":[{"href":"https:\/\/sites.uef.fi\/ohjausosaamista\/wp-json\/wp\/v2\/pages"}],"about":[{"href":"https:\/\/sites.uef.fi\/ohjausosaamista\/wp-json\/wp\/v2\/types\/page"}],"author":[{"embeddable":true,"href":"https:\/\/sites.uef.fi\/ohjausosaamista\/wp-json\/wp\/v2\/users\/236"}],"replies":[{"embeddable":true,"href":"https:\/\/sites.uef.fi\/ohjausosaamista\/wp-json\/wp\/v2\/comments?post=82"}],"version-history":[{"count":2,"href":"https:\/\/sites.uef.fi\/ohjausosaamista\/wp-json\/wp\/v2\/pages\/82\/revisions"}],"predecessor-version":[{"id":1275,"href":"https:\/\/sites.uef.fi\/ohjausosaamista\/wp-json\/wp\/v2\/pages\/82\/revisions\/1275"}],"wp:attachment":[{"href":"https:\/\/sites.uef.fi\/ohjausosaamista\/wp-json\/wp\/v2\/media?parent=82"}],"curies":[{"name":"wp","href":"https:\/\/api.w.org\/{rel}","templated":true}]}}