{"id":968,"date":"2023-10-02T11:26:24","date_gmt":"2023-10-02T11:26:24","guid":{"rendered":"https:\/\/sites.uef.fi\/ohjausosaamista\/?page_id=968"},"modified":"2023-11-21T12:25:19","modified_gmt":"2023-11-21T12:25:19","slug":"moninaiset-elamankulut-ja-ohjausvuorovaikutus-seminaari-1-11-2021","status":"publish","type":"page","link":"https:\/\/sites.uef.fi\/ohjausosaamista\/moninaiset-elamankulut-ja-ohjausvuorovaikutus-seminaari-1-11-2021\/","title":{"rendered":"&#8221;Moninaiset el\u00e4m\u00e4nkulut ja ohjausvuorovaikutus&#8221; -seminaari 1.11.2021"},"content":{"rendered":"\n<div data-wp-interactive=\"core\/file\" class=\"wp-block-file\"><object data-wp-bind--hidden=\"!state.hasPdfPreview\" hidden class=\"wp-block-file__embed\" data=\"https:\/\/sites.uef.fi\/ohjausosaamista\/wp-content\/uploads\/sites\/298\/2023\/10\/Jarvensivu-Tyoelamantarinat-211101-1.pdf\" type=\"application\/pdf\" style=\"width:100%;height:600px\" aria-label=\"Tiedoston Jarvensivu-Tyoelamantarinat-211101-1 upotus.\"><\/object><a id=\"wp-block-file--media-a2be8be1-eadd-4071-a25f-6a2806eb02d7\" href=\"https:\/\/sites.uef.fi\/ohjausosaamista\/wp-content\/uploads\/sites\/298\/2023\/10\/Jarvensivu-Tyoelamantarinat-211101-1.pdf\">Jarvensivu-Tyoelamantarinat-211101-1<\/a><a href=\"https:\/\/sites.uef.fi\/ohjausosaamista\/wp-content\/uploads\/sites\/298\/2023\/10\/Jarvensivu-Tyoelamantarinat-211101-1.pdf\" class=\"wp-block-file__button wp-element-button\" download aria-describedby=\"wp-block-file--media-a2be8be1-eadd-4071-a25f-6a2806eb02d7\">Lataa<\/a><\/div>\n\n\n\n<div data-wp-interactive=\"core\/file\" class=\"wp-block-file\"><object data-wp-bind--hidden=\"!state.hasPdfPreview\" hidden class=\"wp-block-file__embed\" data=\"https:\/\/sites.uef.fi\/ohjausosaamista\/wp-content\/uploads\/sites\/298\/2023\/10\/Weiste-ohjausvuorovaikutus.pdf\" type=\"application\/pdf\" style=\"width:100%;height:600px\" aria-label=\"Tiedoston Weiste, ohjausvuorovaikutus upotus.\"><\/object><a id=\"wp-block-file--media-6dfd31fd-9618-4566-87f0-d2126739830b\" href=\"https:\/\/sites.uef.fi\/ohjausosaamista\/wp-content\/uploads\/sites\/298\/2023\/10\/Weiste-ohjausvuorovaikutus.pdf\">Weiste, ohjausvuorovaikutus<\/a><a href=\"https:\/\/sites.uef.fi\/ohjausosaamista\/wp-content\/uploads\/sites\/298\/2023\/10\/Weiste-ohjausvuorovaikutus.pdf\" class=\"wp-block-file__button wp-element-button\" download aria-describedby=\"wp-block-file--media-6dfd31fd-9618-4566-87f0-d2126739830b\">Lataa<\/a><\/div>\n\n\n\n<div data-wp-interactive=\"core\/file\" class=\"wp-block-file\"><object data-wp-bind--hidden=\"!state.hasPdfPreview\" hidden class=\"wp-block-file__embed\" data=\"https:\/\/sites.uef.fi\/ohjausosaamista\/wp-content\/uploads\/sites\/298\/2023\/10\/Souto-1.11.-kannateleva-ohjaus-ja-eriarvoisuus-.pdf\" type=\"application\/pdf\" style=\"width:100%;height:600px\" aria-label=\"Tiedoston Souto 1.11. kannateleva ohjaus ja eriarvoisuus upotus.\"><\/object><a id=\"wp-block-file--media-05e933a3-c4b7-4351-b1dc-b6b82dc39a53\" href=\"https:\/\/sites.uef.fi\/ohjausosaamista\/wp-content\/uploads\/sites\/298\/2023\/10\/Souto-1.11.-kannateleva-ohjaus-ja-eriarvoisuus-.pdf\">Souto 1.11. kannateleva ohjaus ja eriarvoisuus<\/a><a href=\"https:\/\/sites.uef.fi\/ohjausosaamista\/wp-content\/uploads\/sites\/298\/2023\/10\/Souto-1.11.-kannateleva-ohjaus-ja-eriarvoisuus-.pdf\" class=\"wp-block-file__button wp-element-button\" download aria-describedby=\"wp-block-file--media-05e933a3-c4b7-4351-b1dc-b6b82dc39a53\">Lataa<\/a><\/div>\n\n\n\n<div data-wp-interactive=\"core\/file\" class=\"wp-block-file\"><object data-wp-bind--hidden=\"!state.hasPdfPreview\" hidden class=\"wp-block-file__embed\" data=\"https:\/\/sites.uef.fi\/ohjausosaamista\/wp-content\/uploads\/sites\/298\/2023\/10\/Sukupuoli-ja-ohjaus-erityisesti-miesnakokulma-.pdf\" type=\"application\/pdf\" style=\"width:100%;height:600px\" aria-label=\"Tiedoston Sukupuoli ja ohjaus, erityisesti miesn\u00e4k\u00f6kulma upotus.\"><\/object><a id=\"wp-block-file--media-032dbd74-4803-4b37-b735-cd6537f6bca0\" href=\"https:\/\/sites.uef.fi\/ohjausosaamista\/wp-content\/uploads\/sites\/298\/2023\/10\/Sukupuoli-ja-ohjaus-erityisesti-miesnakokulma-.pdf\">Sukupuoli ja ohjaus, erityisesti miesn\u00e4k\u00f6kulma<\/a><a href=\"https:\/\/sites.uef.fi\/ohjausosaamista\/wp-content\/uploads\/sites\/298\/2023\/10\/Sukupuoli-ja-ohjaus-erityisesti-miesnakokulma-.pdf\" class=\"wp-block-file__button wp-element-button\" download aria-describedby=\"wp-block-file--media-032dbd74-4803-4b37-b735-cd6537f6bca0\">Lataa<\/a><\/div>\n\n\n    <div class=\"funders grid\">\n                        <div class=\"funders__item grid__item\">\n                            <div class=\"funders__image\">\n                    <img decoding=\"async\" src=\"https:\/\/sites.uef.fi\/ohjausosaamista\/wp-content\/uploads\/sites\/298\/2021\/06\/EU_EAKR_ESR_FI_vertical_20mm_rgb.png\" alt=\"Euroopan unioni, Euroopan aluekehitysrahasto, Euroopan sosiaalirahasto logo.\" \/>\n                <\/div>\n                                                <\/div>\n                        \n                        <div class=\"funders__item grid__item\">\n                            <div class=\"funders__image\">\n                    <img decoding=\"async\" src=\"https:\/\/sites.uef.fi\/ohjausosaamista\/wp-content\/uploads\/sites\/298\/2021\/06\/VipuvoimaaEU_2014_2020_rgb_MV.png\" alt=\"Vipuvoimaa EU:lta 2014-2020 logo.\" \/>\n                <\/div>\n                                                <\/div>\n                        \n                        <div class=\"funders__item grid__item\">\n                            <div class=\"funders__image\">\n                    <img decoding=\"async\" src=\"https:\/\/sites.uef.fi\/ohjausosaamista\/wp-content\/uploads\/sites\/298\/2021\/06\/UEF-musta-logo-engl-vaaka-scaled.jpg\" alt=\"It\u00e4-Suomen yliopiston logo.\" \/>\n                <\/div>\n                                                <\/div>\n                        \n            <\/div>\n","protected":false},"excerpt":{"rendered":"","protected":false},"author":236,"featured_media":0,"parent":0,"menu_order":0,"comment_status":"closed","ping_status":"closed","template":"","meta":{"_acf_changed":false,"footnotes":""},"class_list":["post-968","page","type-page","status-publish","hentry"],"acf":[],"yoast_head":"<!-- This site is optimized with the Yoast SEO plugin v27.1.1 - https:\/\/yoast.com\/product\/yoast-seo-wordpress\/ -->\n<title>&quot;Moninaiset el\u00e4m\u00e4nkulut ja ohjausvuorovaikutus&quot; -seminaari 1.11.2021 - Ohjausosaamista yhteisty\u00f6ss\u00e4 (ESR)<\/title>\n<meta name=\"robots\" content=\"index, follow, max-snippet:-1, max-image-preview:large, max-video-preview:-1\" \/>\n<link rel=\"canonical\" href=\"https:\/\/sites.uef.fi\/ohjausosaamista\/moninaiset-elamankulut-ja-ohjausvuorovaikutus-seminaari-1-11-2021\/\" \/>\n<meta property=\"og:locale\" content=\"fi_FI\" \/>\n<meta property=\"og:type\" content=\"article\" \/>\n<meta property=\"og:title\" content=\"&quot;Moninaiset el\u00e4m\u00e4nkulut ja ohjausvuorovaikutus&quot; -seminaari 1.11.2021 - Ohjausosaamista yhteisty\u00f6ss\u00e4 (ESR)\" \/>\n<meta property=\"og:url\" content=\"https:\/\/sites.uef.fi\/ohjausosaamista\/moninaiset-elamankulut-ja-ohjausvuorovaikutus-seminaari-1-11-2021\/\" \/>\n<meta property=\"og:site_name\" content=\"Ohjausosaamista yhteisty\u00f6ss\u00e4 (ESR)\" \/>\n<meta property=\"article:modified_time\" content=\"2023-11-21T12:25:19+00:00\" \/>\n<meta name=\"twitter:card\" content=\"summary_large_image\" \/>\n<meta name=\"twitter:label1\" content=\"Arvioitu lukuaika\" \/>\n\t<meta name=\"twitter:data1\" content=\"1 minuutti\" \/>\n<script type=\"application\/ld+json\" class=\"yoast-schema-graph\">{\"@context\":\"https:\/\/schema.org\",\"@graph\":[{\"@type\":\"WebPage\",\"@id\":\"https:\/\/sites.uef.fi\/ohjausosaamista\/moninaiset-elamankulut-ja-ohjausvuorovaikutus-seminaari-1-11-2021\/\",\"url\":\"https:\/\/sites.uef.fi\/ohjausosaamista\/moninaiset-elamankulut-ja-ohjausvuorovaikutus-seminaari-1-11-2021\/\",\"name\":\"\\\"Moninaiset el\u00e4m\u00e4nkulut ja ohjausvuorovaikutus\\\" -seminaari 1.11.2021 - Ohjausosaamista yhteisty\u00f6ss\u00e4 (ESR)\",\"isPartOf\":{\"@id\":\"https:\/\/sites.uef.fi\/ohjausosaamista\/#website\"},\"datePublished\":\"2023-10-02T11:26:24+00:00\",\"dateModified\":\"2023-11-21T12:25:19+00:00\",\"breadcrumb\":{\"@id\":\"https:\/\/sites.uef.fi\/ohjausosaamista\/moninaiset-elamankulut-ja-ohjausvuorovaikutus-seminaari-1-11-2021\/#breadcrumb\"},\"inLanguage\":\"fi\",\"potentialAction\":[{\"@type\":\"ReadAction\",\"target\":[\"https:\/\/sites.uef.fi\/ohjausosaamista\/moninaiset-elamankulut-ja-ohjausvuorovaikutus-seminaari-1-11-2021\/\"]}]},{\"@type\":\"BreadcrumbList\",\"@id\":\"https:\/\/sites.uef.fi\/ohjausosaamista\/moninaiset-elamankulut-ja-ohjausvuorovaikutus-seminaari-1-11-2021\/#breadcrumb\",\"itemListElement\":[{\"@type\":\"ListItem\",\"position\":1,\"name\":\"Home\",\"item\":\"https:\/\/sites.uef.fi\/ohjausosaamista\/\"},{\"@type\":\"ListItem\",\"position\":2,\"name\":\"&#8220;Moninaiset el\u00e4m\u00e4nkulut ja ohjausvuorovaikutus&#8221; -seminaari 1.11.2021\"}]},{\"@type\":\"WebSite\",\"@id\":\"https:\/\/sites.uef.fi\/ohjausosaamista\/#website\",\"url\":\"https:\/\/sites.uef.fi\/ohjausosaamista\/\",\"name\":\"Ohjausosaamista yhteisty\u00f6ss\u00e4 (ESR)\",\"description\":\"\",\"potentialAction\":[{\"@type\":\"SearchAction\",\"target\":{\"@type\":\"EntryPoint\",\"urlTemplate\":\"https:\/\/sites.uef.fi\/ohjausosaamista\/?s={search_term_string}\"},\"query-input\":{\"@type\":\"PropertyValueSpecification\",\"valueRequired\":true,\"valueName\":\"search_term_string\"}}],\"inLanguage\":\"fi\"}]}<\/script>\n<!-- \/ Yoast SEO plugin. -->","yoast_head_json":{"title":"\"Moninaiset el\u00e4m\u00e4nkulut ja ohjausvuorovaikutus\" -seminaari 1.11.2021 - Ohjausosaamista yhteisty\u00f6ss\u00e4 (ESR)","robots":{"index":"index","follow":"follow","max-snippet":"max-snippet:-1","max-image-preview":"max-image-preview:large","max-video-preview":"max-video-preview:-1"},"canonical":"https:\/\/sites.uef.fi\/ohjausosaamista\/moninaiset-elamankulut-ja-ohjausvuorovaikutus-seminaari-1-11-2021\/","og_locale":"fi_FI","og_type":"article","og_title":"\"Moninaiset el\u00e4m\u00e4nkulut ja ohjausvuorovaikutus\" -seminaari 1.11.2021 - Ohjausosaamista yhteisty\u00f6ss\u00e4 (ESR)","og_url":"https:\/\/sites.uef.fi\/ohjausosaamista\/moninaiset-elamankulut-ja-ohjausvuorovaikutus-seminaari-1-11-2021\/","og_site_name":"Ohjausosaamista yhteisty\u00f6ss\u00e4 (ESR)","article_modified_time":"2023-11-21T12:25:19+00:00","twitter_card":"summary_large_image","twitter_misc":{"Arvioitu lukuaika":"1 minuutti"},"schema":{"@context":"https:\/\/schema.org","@graph":[{"@type":"WebPage","@id":"https:\/\/sites.uef.fi\/ohjausosaamista\/moninaiset-elamankulut-ja-ohjausvuorovaikutus-seminaari-1-11-2021\/","url":"https:\/\/sites.uef.fi\/ohjausosaamista\/moninaiset-elamankulut-ja-ohjausvuorovaikutus-seminaari-1-11-2021\/","name":"\"Moninaiset el\u00e4m\u00e4nkulut ja ohjausvuorovaikutus\" -seminaari 1.11.2021 - Ohjausosaamista yhteisty\u00f6ss\u00e4 (ESR)","isPartOf":{"@id":"https:\/\/sites.uef.fi\/ohjausosaamista\/#website"},"datePublished":"2023-10-02T11:26:24+00:00","dateModified":"2023-11-21T12:25:19+00:00","breadcrumb":{"@id":"https:\/\/sites.uef.fi\/ohjausosaamista\/moninaiset-elamankulut-ja-ohjausvuorovaikutus-seminaari-1-11-2021\/#breadcrumb"},"inLanguage":"fi","potentialAction":[{"@type":"ReadAction","target":["https:\/\/sites.uef.fi\/ohjausosaamista\/moninaiset-elamankulut-ja-ohjausvuorovaikutus-seminaari-1-11-2021\/"]}]},{"@type":"BreadcrumbList","@id":"https:\/\/sites.uef.fi\/ohjausosaamista\/moninaiset-elamankulut-ja-ohjausvuorovaikutus-seminaari-1-11-2021\/#breadcrumb","itemListElement":[{"@type":"ListItem","position":1,"name":"Home","item":"https:\/\/sites.uef.fi\/ohjausosaamista\/"},{"@type":"ListItem","position":2,"name":"&#8220;Moninaiset el\u00e4m\u00e4nkulut ja ohjausvuorovaikutus&#8221; -seminaari 1.11.2021"}]},{"@type":"WebSite","@id":"https:\/\/sites.uef.fi\/ohjausosaamista\/#website","url":"https:\/\/sites.uef.fi\/ohjausosaamista\/","name":"Ohjausosaamista yhteisty\u00f6ss\u00e4 (ESR)","description":"","potentialAction":[{"@type":"SearchAction","target":{"@type":"EntryPoint","urlTemplate":"https:\/\/sites.uef.fi\/ohjausosaamista\/?s={search_term_string}"},"query-input":{"@type":"PropertyValueSpecification","valueRequired":true,"valueName":"search_term_string"}}],"inLanguage":"fi"}]}},"_links":{"self":[{"href":"https:\/\/sites.uef.fi\/ohjausosaamista\/wp-json\/wp\/v2\/pages\/968","targetHints":{"allow":["GET"]}}],"collection":[{"href":"https:\/\/sites.uef.fi\/ohjausosaamista\/wp-json\/wp\/v2\/pages"}],"about":[{"href":"https:\/\/sites.uef.fi\/ohjausosaamista\/wp-json\/wp\/v2\/types\/page"}],"author":[{"embeddable":true,"href":"https:\/\/sites.uef.fi\/ohjausosaamista\/wp-json\/wp\/v2\/users\/236"}],"replies":[{"embeddable":true,"href":"https:\/\/sites.uef.fi\/ohjausosaamista\/wp-json\/wp\/v2\/comments?post=968"}],"version-history":[{"count":2,"href":"https:\/\/sites.uef.fi\/ohjausosaamista\/wp-json\/wp\/v2\/pages\/968\/revisions"}],"predecessor-version":[{"id":1257,"href":"https:\/\/sites.uef.fi\/ohjausosaamista\/wp-json\/wp\/v2\/pages\/968\/revisions\/1257"}],"wp:attachment":[{"href":"https:\/\/sites.uef.fi\/ohjausosaamista\/wp-json\/wp\/v2\/media?parent=968"}],"curies":[{"name":"wp","href":"https:\/\/api.w.org\/{rel}","templated":true}]}}