{"id":145,"date":"2026-03-24T15:39:27","date_gmt":"2026-03-24T13:39:27","guid":{"rendered":"https:\/\/sites.uef.fi\/opettajankoulutuspaivat2026\/?page_id=145"},"modified":"2026-04-07T17:01:52","modified_gmt":"2026-04-07T14:01:52","slug":"puhujat","status":"publish","type":"page","link":"https:\/\/sites.uef.fi\/opettajankoulutuspaivat2026\/puhujat\/","title":{"rendered":"Puhujat"},"content":{"rendered":"\n<div class=\"person-card\">\n    \n                    <div class=\"person-card-item\">\n                    <div class=\"person-card-column-left\">\n                                                    <img decoding=\"async\" class=\"person-card-image\" src=\"https:\/\/sites.uef.fi\/opettajankoulutuspaivat2026\/wp-content\/uploads\/sites\/582\/2026\/03\/Sonja-Kosunen-3-2_.jpeg\" alt=\"Sonja Kosunen\" \/>\n                                            <\/div>\n\n                    <div class=\"person-card-column-right\">\n                                                <p class=\"person-card-name\">Sonja Kosunen<\/p>\n                        \n                                                <p class=\"person-card-position\">FT, dosentti, professori<\/p>\n                        \n                        \n                                                <p class=\"person-card-text\">Sonja Kosunen on yleisen kasvatustieteen professori It\u00e4-Suomen yliopistossa, jossa h\u00e4n johtaa Kasvatussosiologian tutkimusyksikk\u00f6\u00e4 (SURE). Kosusen tutkimuskentt\u00e4\u00e4 ovat koulutuksen eriytymisen ja eriarvoistumisen prosessit. Parhaillaan tutkimusyksik\u00f6n hankkeissa tutkitaan opettajuuden eriytymisen alueellisia kysymyksi\u00e4 varhaiskasvatuksesta aina lukiokoulutukseen, opettajasegregaation teema-alueen k\u00e4sitteellisi\u00e4 suhteita kansainv\u00e4lisesti vertaillen, varhaiskasvatuksen opettajapulan\u00a0ja henkil\u00f6st\u00f6n vaihtuvuuden\u00a0ilmenemist\u00e4 p\u00e4iv\u00e4kodeissa ja niiden arjen k\u00e4yt\u00e4nteiss\u00e4, korkeakoulujen opiskelijavalintoja\u00a0ja koulutuksen yksityistymist\u00e4\u00a0sek\u00e4 perusopetuksen tarveperusteisen rahoituksen kysymyksi\u00e4.\u00a0Kosunen on aktiivinen keskustelija koulutuksellisen\u00a0eriarvoisuuden kysymyksiss\u00e4 niin akateemisessa yhteis\u00f6ss\u00e4 kuin julkisessa.<\/p>\n                        \n                                            <\/div>\n                <\/div>\n                                        <div class=\"person-card-item\">\n                    <div class=\"person-card-column-left\">\n                                                    <img decoding=\"async\" class=\"person-card-image\" src=\"https:\/\/sites.uef.fi\/opettajankoulutuspaivat2026\/wp-content\/uploads\/sites\/582\/2026\/03\/Heta_Tuominen_Connect.jpeg\" alt=\"Heta Tuominen\" \/>\n                                            <\/div>\n\n                    <div class=\"person-card-column-right\">\n                                                <p class=\"person-card-name\">Heta Tuominen<\/p>\n                        \n                                                <p class=\"person-card-position\">KT, dosentti, professori<\/p>\n                        \n                        \n                                                <p class=\"person-card-text\">Heta Tuominen toimii professorina ja akatemiatutkijana It\u00e4-Suomen yliopistossa Soveltavan kasvatustieteen ja opettajankoulutuksen osastolla. H\u00e4n tutkii motivaation, oppimisen ja hyvinvoinnin yhteyksi\u00e4 ja kehityst\u00e4 erilaisten oppijoiden keskuudessa, erilaisissa oppimisymp\u00e4rist\u00f6iss\u00e4 ja koulutuspolun eri vaiheissa sek\u00e4 ty\u00f6el\u00e4m\u00e4ss\u00e4. Tuomisen tutkimusintresseihin kuuluu my\u00f6s opettajien ty\u00f6nimu ja ty\u00f6uupumus. Heta Tuominen pyrkii luomaan yliopistorajat ylitt\u00e4v\u00e4\u00e4 yhteisty\u00f6t\u00e4 luotsaamalla Motivaatio, oppiminen ja hyvinvointi -tutkimuskollektiivia ja Suomen kasvatustieteellisen seuran Kasvatuspsykologian ja oppimistutkimuksen SIG-ryhm\u00e4\u00e4. H\u00e4n toimii my\u00f6s p\u00e4\u00e4toimittajana Kasvatus-lehdess\u00e4 ja Koulutuksesta-verkkolehdess\u00e4. <\/p>\n                        \n                                            <\/div>\n                <\/div>\n                                        <div class=\"person-card-item\">\n                    <div class=\"person-card-column-left\">\n                                                    <img decoding=\"async\" class=\"person-card-image\" src=\"https:\/\/sites.uef.fi\/opettajankoulutuspaivat2026\/wp-content\/uploads\/sites\/582\/2026\/03\/Vihreat_Eurovaalit_Krista_Mikkonen_-1-scaled.jpg\" alt=\"Krista Mikkonen\" \/>\n                                            <\/div>\n\n                    <div class=\"person-card-column-right\">\n                                                <p class=\"person-card-name\">Krista Mikkonen<\/p>\n                        \n                                                <p class=\"person-card-position\">FM, kansanedustaja<\/p>\n                        \n                        \n                                                <p class=\"person-card-text\">Krista Mikkonen on kolmannen kauden kansanedustaja (vihr.) Savo-Karjalan vaalipiirist\u00e4 ja pitk\u00e4aikainen kaupunginvaltuutettu kotikaupungissaan Joensuussa. P\u00e4\u00e4tt\u00e4j\u00e4n\u00e4 h\u00e4n haluaa edist\u00e4\u00e4 ekologisesti ja sosiaalisesti kest\u00e4v\u00e4\u00e4 yhteiskuntaa, joka luo hyvinvointia planeetan rajoissa. Eduskunnassa Mikkonen on tulevaisuusvaliokunnan ja valtiovarainvaliokunnan j\u00e4sen. H\u00e4n on my\u00f6s kest\u00e4v\u00e4n kehityksen toimikunnan j\u00e4sen sek\u00e4 Pohjoismaiden neuvoston Suomen valtuuskunnan j\u00e4sen ja Kest\u00e4v\u00e4 Pohjola -valiokunnan puheenjohtaja. Rinteen\/Marinin hallituskaudella (2019\u20132023) Mikkonen toimi ymp\u00e4rist\u00f6- ja ilmastoministerin\u00e4 ja my\u00f6hemmin sis\u00e4ministerin\u00e4. Koulutukseltaan Mikkonen on biologi ja valmistunut Joensuun yliopistosta.<\/p>\n                        \n                                            <\/div>\n                <\/div>\n                                        <div class=\"person-card-item\">\n                    <div class=\"person-card-column-left\">\n                                                    <img decoding=\"async\" class=\"person-card-image\" src=\"https:\/\/sites.uef.fi\/opettajankoulutuspaivat2026\/wp-content\/uploads\/sites\/582\/2026\/03\/Connect-Jyrki-Huusko-3.jpg\" alt=\"Jyrki Huusko\" \/>\n                                            <\/div>\n\n                    <div class=\"person-card-column-right\">\n                                                <p class=\"person-card-name\">Jyrki Huusko<\/p>\n                        \n                                                <p class=\"person-card-position\">KT, dosentti, johtava rehtori<\/p>\n                        \n                        \n                                                <p class=\"person-card-text\">Jyrki Huusko on It\u00e4-Suomen yliopiston harjoittelukoulun johtava rehtori. Harjoittelukoulun kahdessa normaalikoulussa opiskelee n. 1000 peruskoululaista ja 400 lukiolaista. Opettajia normaalikouluissa on n. 150 ja muuta henkil\u00f6st\u00f6\u00e4 50. Ohjattujen harjoitteluiden eri opintojaksoja suorittaa vuosittain 800\u20131000 opettajaopiskelijaa. \r\n\r\n Huusko on v\u00e4itellyt kasvatustieteen tohtoriksi vuonna 1999 opettajayhteis\u00f6n vuorovaikutuskulttuuria j\u00e4sent\u00e4v\u00e4ll\u00e4 v\u00e4it\u00f6stutkimuksellaan. Huusko on ollut vuodesta 2001 alkaen koulun kehitt\u00e4mistutkimuksen dosentti Joensuun yliopistossa, sittemmin It\u00e4-Suomen yliopistossa. H\u00e4n on toisena johtajana vaativaan monialaiseen tukeen ja sen kehitt\u00e4miseen keskittyv\u00e4ss\u00e4 tutkimusryhm\u00e4ss\u00e4 sek\u00e4 kahdessa opettajien hyvinvointiin keskittyv\u00e4ss\u00e4 tutkimusprojektissa, ohjaten ryhm\u00e4ss\u00e4\u00e4n tai projekteissaan kahdeksaa v\u00e4it\u00f6skirjatutkijaa. \r\n\r\nHuusko on toiminut yli 20 vuotta kaupungin kouluilla rehtorina, joista kahdeksan vuotta my\u00f6s Pohjois-Karjalassa annettavasta sairaalaopetuksesta vastaavana rehtorina. <\/p>\n                        \n                                            <\/div>\n                <\/div>\n                            <\/div>\n","protected":false},"excerpt":{"rendered":"","protected":false},"author":1158,"featured_media":0,"parent":0,"menu_order":0,"comment_status":"closed","ping_status":"closed","template":"","meta":{"_acf_changed":false,"footnotes":""},"class_list":["post-145","page","type-page","status-publish","hentry"],"acf":[],"yoast_head":"<!-- This site is optimized with the Yoast SEO plugin v27.1.1 - https:\/\/yoast.com\/product\/yoast-seo-wordpress\/ -->\n<title>Puhujat - Opettajankoulutusp\u00e4iv\u00e4t 2026<\/title>\n<meta name=\"robots\" content=\"index, follow, max-snippet:-1, max-image-preview:large, max-video-preview:-1\" \/>\n<link rel=\"canonical\" href=\"https:\/\/sites.uef.fi\/opettajankoulutuspaivat2026\/puhujat\/\" \/>\n<meta property=\"og:locale\" content=\"fi_FI\" \/>\n<meta property=\"og:type\" content=\"article\" \/>\n<meta property=\"og:title\" content=\"Puhujat - Opettajankoulutusp\u00e4iv\u00e4t 2026\" \/>\n<meta property=\"og:url\" content=\"https:\/\/sites.uef.fi\/opettajankoulutuspaivat2026\/puhujat\/\" \/>\n<meta property=\"og:site_name\" content=\"Opettajankoulutusp\u00e4iv\u00e4t 2026\" \/>\n<meta property=\"article:modified_time\" content=\"2026-04-07T14:01:52+00:00\" \/>\n<meta name=\"twitter:card\" content=\"summary_large_image\" \/>\n<script type=\"application\/ld+json\" class=\"yoast-schema-graph\">{\"@context\":\"https:\/\/schema.org\",\"@graph\":[{\"@type\":\"WebPage\",\"@id\":\"https:\/\/sites.uef.fi\/opettajankoulutuspaivat2026\/puhujat\/\",\"url\":\"https:\/\/sites.uef.fi\/opettajankoulutuspaivat2026\/puhujat\/\",\"name\":\"Puhujat - Opettajankoulutusp\u00e4iv\u00e4t 2026\",\"isPartOf\":{\"@id\":\"https:\/\/sites.uef.fi\/opettajankoulutuspaivat2026\/#website\"},\"datePublished\":\"2026-03-24T13:39:27+00:00\",\"dateModified\":\"2026-04-07T14:01:52+00:00\",\"breadcrumb\":{\"@id\":\"https:\/\/sites.uef.fi\/opettajankoulutuspaivat2026\/puhujat\/#breadcrumb\"},\"inLanguage\":\"fi\",\"potentialAction\":[{\"@type\":\"ReadAction\",\"target\":[\"https:\/\/sites.uef.fi\/opettajankoulutuspaivat2026\/puhujat\/\"]}]},{\"@type\":\"BreadcrumbList\",\"@id\":\"https:\/\/sites.uef.fi\/opettajankoulutuspaivat2026\/puhujat\/#breadcrumb\",\"itemListElement\":[{\"@type\":\"ListItem\",\"position\":1,\"name\":\"Etusivu\",\"item\":\"https:\/\/sites.uef.fi\/opettajankoulutuspaivat2026\/\"},{\"@type\":\"ListItem\",\"position\":2,\"name\":\"Puhujat\"}]},{\"@type\":\"WebSite\",\"@id\":\"https:\/\/sites.uef.fi\/opettajankoulutuspaivat2026\/#website\",\"url\":\"https:\/\/sites.uef.fi\/opettajankoulutuspaivat2026\/\",\"name\":\"Opettajankoulutusp\u00e4iv\u00e4t 2026\",\"description\":\"\",\"potentialAction\":[{\"@type\":\"SearchAction\",\"target\":{\"@type\":\"EntryPoint\",\"urlTemplate\":\"https:\/\/sites.uef.fi\/opettajankoulutuspaivat2026\/?s={search_term_string}\"},\"query-input\":{\"@type\":\"PropertyValueSpecification\",\"valueRequired\":true,\"valueName\":\"search_term_string\"}}],\"inLanguage\":\"fi\"}]}<\/script>\n<!-- \/ Yoast SEO plugin. -->","yoast_head_json":{"title":"Puhujat - Opettajankoulutusp\u00e4iv\u00e4t 2026","robots":{"index":"index","follow":"follow","max-snippet":"max-snippet:-1","max-image-preview":"max-image-preview:large","max-video-preview":"max-video-preview:-1"},"canonical":"https:\/\/sites.uef.fi\/opettajankoulutuspaivat2026\/puhujat\/","og_locale":"fi_FI","og_type":"article","og_title":"Puhujat - Opettajankoulutusp\u00e4iv\u00e4t 2026","og_url":"https:\/\/sites.uef.fi\/opettajankoulutuspaivat2026\/puhujat\/","og_site_name":"Opettajankoulutusp\u00e4iv\u00e4t 2026","article_modified_time":"2026-04-07T14:01:52+00:00","twitter_card":"summary_large_image","schema":{"@context":"https:\/\/schema.org","@graph":[{"@type":"WebPage","@id":"https:\/\/sites.uef.fi\/opettajankoulutuspaivat2026\/puhujat\/","url":"https:\/\/sites.uef.fi\/opettajankoulutuspaivat2026\/puhujat\/","name":"Puhujat - Opettajankoulutusp\u00e4iv\u00e4t 2026","isPartOf":{"@id":"https:\/\/sites.uef.fi\/opettajankoulutuspaivat2026\/#website"},"datePublished":"2026-03-24T13:39:27+00:00","dateModified":"2026-04-07T14:01:52+00:00","breadcrumb":{"@id":"https:\/\/sites.uef.fi\/opettajankoulutuspaivat2026\/puhujat\/#breadcrumb"},"inLanguage":"fi","potentialAction":[{"@type":"ReadAction","target":["https:\/\/sites.uef.fi\/opettajankoulutuspaivat2026\/puhujat\/"]}]},{"@type":"BreadcrumbList","@id":"https:\/\/sites.uef.fi\/opettajankoulutuspaivat2026\/puhujat\/#breadcrumb","itemListElement":[{"@type":"ListItem","position":1,"name":"Etusivu","item":"https:\/\/sites.uef.fi\/opettajankoulutuspaivat2026\/"},{"@type":"ListItem","position":2,"name":"Puhujat"}]},{"@type":"WebSite","@id":"https:\/\/sites.uef.fi\/opettajankoulutuspaivat2026\/#website","url":"https:\/\/sites.uef.fi\/opettajankoulutuspaivat2026\/","name":"Opettajankoulutusp\u00e4iv\u00e4t 2026","description":"","potentialAction":[{"@type":"SearchAction","target":{"@type":"EntryPoint","urlTemplate":"https:\/\/sites.uef.fi\/opettajankoulutuspaivat2026\/?s={search_term_string}"},"query-input":{"@type":"PropertyValueSpecification","valueRequired":true,"valueName":"search_term_string"}}],"inLanguage":"fi"}]}},"_links":{"self":[{"href":"https:\/\/sites.uef.fi\/opettajankoulutuspaivat2026\/wp-json\/wp\/v2\/pages\/145","targetHints":{"allow":["GET"]}}],"collection":[{"href":"https:\/\/sites.uef.fi\/opettajankoulutuspaivat2026\/wp-json\/wp\/v2\/pages"}],"about":[{"href":"https:\/\/sites.uef.fi\/opettajankoulutuspaivat2026\/wp-json\/wp\/v2\/types\/page"}],"author":[{"embeddable":true,"href":"https:\/\/sites.uef.fi\/opettajankoulutuspaivat2026\/wp-json\/wp\/v2\/users\/1158"}],"replies":[{"embeddable":true,"href":"https:\/\/sites.uef.fi\/opettajankoulutuspaivat2026\/wp-json\/wp\/v2\/comments?post=145"}],"version-history":[{"count":2,"href":"https:\/\/sites.uef.fi\/opettajankoulutuspaivat2026\/wp-json\/wp\/v2\/pages\/145\/revisions"}],"predecessor-version":[{"id":170,"href":"https:\/\/sites.uef.fi\/opettajankoulutuspaivat2026\/wp-json\/wp\/v2\/pages\/145\/revisions\/170"}],"wp:attachment":[{"href":"https:\/\/sites.uef.fi\/opettajankoulutuspaivat2026\/wp-json\/wp\/v2\/media?parent=145"}],"curies":[{"name":"wp","href":"https:\/\/api.w.org\/{rel}","templated":true}]}}