{"id":80,"date":"2026-03-23T15:08:59","date_gmt":"2026-03-23T13:08:59","guid":{"rendered":"https:\/\/sites.uef.fi\/opettajankoulutuspaivat2026\/?page_id=80"},"modified":"2026-04-07T17:32:09","modified_gmt":"2026-04-07T14:32:09","slug":"etusivu","status":"publish","type":"page","link":"https:\/\/sites.uef.fi\/opettajankoulutuspaivat2026\/","title":{"rendered":"Etusivu"},"content":{"rendered":"\n<h1 data-wp-context---core-fit-text=\"core\/fit-text::{&quot;fontSize&quot;:&quot;&quot;}\" data-wp-init---core-fit-text=\"core\/fit-text::callbacks.init\" data-wp-interactive data-wp-style--font-size=\"core\/fit-text::context.fontSize\" class=\"wp-block-heading has-fit-text\">Opettajankoulutusp\u00e4iv\u00e4t Joensuussa 3.-4.12.2026<\/h1>\n\n\n\n<h4 class=\"wp-block-heading\">Koulutuksellinen yhdenvertaisuus ja hyvinvointi &#8211; Miten&nbsp;opettajankoulutus voi&nbsp;edist\u00e4\u00e4&nbsp;yhteiskunnallista, pedagogista,&nbsp;ja&nbsp;yksil\u00f6llist\u00e4&nbsp;hyvinvointia?<\/h4>\n\n\n\n\n\n\n\n<p>Viidennet kansalliset Opettajankoulutusp\u00e4iv\u00e4t pidet\u00e4\u00e4n Joensuussa It\u00e4-Suomen yliopiston j\u00e4rjest\u00e4m\u00e4n\u00e4. Kutsumme kaikki opettajankoulutuksen parissa ty\u00f6skentelev\u00e4t ja koulutuksen kehitt\u00e4misest\u00e4 kiinnostuneet mukaan!<\/p>\n\n\n\n<p>Tapahtuma on kaksip\u00e4iv\u00e4inen ja toteutetaan osittain hybridin\u00e4, jotta osallistuminen olisi mahdollista mahdollisimman monelle. Ensimm\u00e4inen p\u00e4iv\u00e4 toimii esiseminaari- ja ty\u00f6pajap\u00e4iv\u00e4n\u00e4. Toinen p\u00e4iv\u00e4 on konferenssip\u00e4iv\u00e4, joka koostuu aamup\u00e4iv\u00e4n keynote-esityksest\u00e4 ja kommenttipuheenvuoroista sek\u00e4 iltap\u00e4iv\u00e4n rinnakkaissessioista.<\/p>\n\n\n\n<p>Vuoden teema&nbsp;<em>Koulutuksellinen yhdenvertaisuus ja hyvinvointi<\/em>&nbsp;kutsuu pohtimaan, miten opettajankoulutus voi tukea hyvinvointia yksil\u00f6n arjessa ja oppimisessa, pedagogisissa ratkaisuissa sek\u00e4 laajemmin yhteiskunnallisessa osallisuudessa.<\/p>\n\n\n\n<p>Tule mukaan esittelem\u00e4\u00e4n valmista tai keskener\u00e4ist\u00e4 tutkimusta, hyviksi todettuja&nbsp;k\u00e4yt\u00e4nteit\u00e4 tai k\u00e4yt\u00e4nn\u00f6n kokeiluja.<\/p>\n\n\n\n<p><strong>L\u00e4mpim\u00e4sti tervetuloa Joensuuhun rakentamaan yhdess\u00e4 yhdenvertaista ja hyvinvoivaa tulevaisuutta!<\/strong><\/p>\n\n\n    <div class=\"funders grid\">\n                        <div class=\"funders__item grid__item\">\n                            <div class=\"funders__image\">\n                    <img decoding=\"async\" src=\"https:\/\/sites.uef.fi\/opettajankoulutuspaivat2026\/wp-content\/uploads\/sites\/582\/2026\/03\/1.png\" alt=\"It\u00e4-Suomen yliopisto\" \/>\n                <\/div>\n                                                <\/div>\n                        \n                        <div class=\"funders__item grid__item\">\n                            <div class=\"funders__image\">\n                    <img decoding=\"async\" src=\"https:\/\/sites.uef.fi\/opettajankoulutuspaivat2026\/wp-content\/uploads\/sites\/582\/2026\/03\/2.png\" alt=\"eTED\" \/>\n                <\/div>\n                                                <\/div>\n                        \n                        <div class=\"funders__item grid__item\">\n                            <div class=\"funders__image\">\n                    <img decoding=\"async\" src=\"https:\/\/sites.uef.fi\/opettajankoulutuspaivat2026\/wp-content\/uploads\/sites\/582\/2026\/03\/3.png\" alt=\"Helsingin yliopisto\" \/>\n                <\/div>\n                                                <\/div>\n                        \n                        <div class=\"funders__item grid__item\">\n                            <div class=\"funders__image\">\n                    <img decoding=\"async\" src=\"https:\/\/sites.uef.fi\/opettajankoulutuspaivat2026\/wp-content\/uploads\/sites\/582\/2026\/03\/4.png\" alt=\"Jyv\u00e4skyl\u00e4n yliopisto\" \/>\n                <\/div>\n                                                <\/div>\n                        \n                        <div class=\"funders__item grid__item\">\n                            <div class=\"funders__image\">\n                    <img decoding=\"async\" src=\"https:\/\/sites.uef.fi\/opettajankoulutuspaivat2026\/wp-content\/uploads\/sites\/582\/2026\/03\/5.png\" alt=\"Lapin yliopisto\" \/>\n                <\/div>\n                                                <\/div>\n                        \n                        <div class=\"funders__item grid__item\">\n                            <div class=\"funders__image\">\n                    <img decoding=\"async\" src=\"https:\/\/sites.uef.fi\/opettajankoulutuspaivat2026\/wp-content\/uploads\/sites\/582\/2026\/03\/6.png\" alt=\"Oulun yliopisto\" \/>\n                <\/div>\n                                                <\/div>\n                        \n                        <div class=\"funders__item grid__item\">\n                            <div class=\"funders__image\">\n                    <img decoding=\"async\" src=\"https:\/\/sites.uef.fi\/opettajankoulutuspaivat2026\/wp-content\/uploads\/sites\/582\/2026\/04\/logo_TAU_fi-eng_violetti_RGB.png\" alt=\"Tampereen yliopisto\" \/>\n                <\/div>\n                                                <\/div>\n                        \n                        <div class=\"funders__item grid__item\">\n                            <div class=\"funders__image\">\n                    <img decoding=\"async\" src=\"https:\/\/sites.uef.fi\/opettajankoulutuspaivat2026\/wp-content\/uploads\/sites\/582\/2026\/03\/7.png\" alt=\"Turun yliopisto\" \/>\n                <\/div>\n                                                <\/div>\n                        \n            <\/div>\n\n\n\n<p><em>Yl\u00e4reunan kuva: Raija T\u00f6rr\u00f6nen \/ It\u00e4-Suomen yliopisto<\/em><\/p>\n\n\n\n<p><\/p>\n","protected":false},"excerpt":{"rendered":"<p>Opettajankoulutusp\u00e4iv\u00e4t Joensuussa 3.-4.12.2026 Koulutuksellinen yhdenvertaisuus ja hyvinvointi &#8211; Miten&nbsp;opettajankoulutus voi&nbsp;edist\u00e4\u00e4&nbsp;yhteiskunnallista, pedagogista,&nbsp;ja&nbsp;yksil\u00f6llist\u00e4&nbsp;hyvinvointia? Viidennet kansalliset Opettajankoulutusp\u00e4iv\u00e4t pidet\u00e4\u00e4n Joensuussa It\u00e4-Suomen yliopiston j\u00e4rjest\u00e4m\u00e4n\u00e4. Kutsumme kaikki opettajankoulutuksen parissa ty\u00f6skentelev\u00e4t ja koulutuksen kehitt\u00e4misest\u00e4 kiinnostuneet mukaan! Tapahtuma on kaksip\u00e4iv\u00e4inen ja toteutetaan osittain hybridin\u00e4, jotta osallistuminen olisi mahdollista mahdollisimman monelle. Ensimm\u00e4inen p\u00e4iv\u00e4 toimii esiseminaari- ja ty\u00f6pajap\u00e4iv\u00e4n\u00e4. Toinen p\u00e4iv\u00e4 on konferenssip\u00e4iv\u00e4, joka koostuu aamup\u00e4iv\u00e4n [&hellip;]<\/p>\n","protected":false},"author":966,"featured_media":0,"parent":0,"menu_order":0,"comment_status":"closed","ping_status":"closed","template":"","meta":{"_acf_changed":false,"footnotes":""},"class_list":["post-80","page","type-page","status-publish","hentry"],"acf":[],"yoast_head":"<!-- This site is optimized with the Yoast SEO plugin v27.1.1 - https:\/\/yoast.com\/product\/yoast-seo-wordpress\/ -->\n<title>Etusivu - Opettajankoulutusp\u00e4iv\u00e4t 2026<\/title>\n<meta name=\"robots\" content=\"index, follow, max-snippet:-1, max-image-preview:large, max-video-preview:-1\" \/>\n<link rel=\"canonical\" href=\"https:\/\/sites.uef.fi\/opettajankoulutuspaivat2026\/\" \/>\n<meta property=\"og:locale\" content=\"fi_FI\" \/>\n<meta property=\"og:type\" content=\"article\" \/>\n<meta property=\"og:title\" content=\"Etusivu - Opettajankoulutusp\u00e4iv\u00e4t 2026\" \/>\n<meta property=\"og:description\" content=\"Opettajankoulutusp\u00e4iv\u00e4t Joensuussa 3.-4.12.2026 Koulutuksellinen yhdenvertaisuus ja hyvinvointi &#8211; Miten&nbsp;opettajankoulutus voi&nbsp;edist\u00e4\u00e4&nbsp;yhteiskunnallista, pedagogista,&nbsp;ja&nbsp;yksil\u00f6llist\u00e4&nbsp;hyvinvointia? Viidennet kansalliset Opettajankoulutusp\u00e4iv\u00e4t pidet\u00e4\u00e4n Joensuussa It\u00e4-Suomen yliopiston j\u00e4rjest\u00e4m\u00e4n\u00e4. Kutsumme kaikki opettajankoulutuksen parissa ty\u00f6skentelev\u00e4t ja koulutuksen kehitt\u00e4misest\u00e4 kiinnostuneet mukaan! Tapahtuma on kaksip\u00e4iv\u00e4inen ja toteutetaan osittain hybridin\u00e4, jotta osallistuminen olisi mahdollista mahdollisimman monelle. Ensimm\u00e4inen p\u00e4iv\u00e4 toimii esiseminaari- ja ty\u00f6pajap\u00e4iv\u00e4n\u00e4. Toinen p\u00e4iv\u00e4 on konferenssip\u00e4iv\u00e4, joka koostuu aamup\u00e4iv\u00e4n [&hellip;]\" \/>\n<meta property=\"og:url\" content=\"https:\/\/sites.uef.fi\/opettajankoulutuspaivat2026\/\" \/>\n<meta property=\"og:site_name\" content=\"Opettajankoulutusp\u00e4iv\u00e4t 2026\" \/>\n<meta property=\"article:modified_time\" content=\"2026-04-07T14:32:09+00:00\" \/>\n<meta name=\"twitter:card\" content=\"summary_large_image\" \/>\n<meta name=\"twitter:label1\" content=\"Arvioitu lukuaika\" \/>\n\t<meta name=\"twitter:data1\" content=\"1 minuutti\" \/>\n<script type=\"application\/ld+json\" class=\"yoast-schema-graph\">{\"@context\":\"https:\/\/schema.org\",\"@graph\":[{\"@type\":\"WebPage\",\"@id\":\"https:\/\/sites.uef.fi\/opettajankoulutuspaivat2026\/\",\"url\":\"https:\/\/sites.uef.fi\/opettajankoulutuspaivat2026\/\",\"name\":\"Etusivu - Opettajankoulutusp\u00e4iv\u00e4t 2026\",\"isPartOf\":{\"@id\":\"https:\/\/sites.uef.fi\/opettajankoulutuspaivat2026\/#website\"},\"datePublished\":\"2026-03-23T13:08:59+00:00\",\"dateModified\":\"2026-04-07T14:32:09+00:00\",\"breadcrumb\":{\"@id\":\"https:\/\/sites.uef.fi\/opettajankoulutuspaivat2026\/#breadcrumb\"},\"inLanguage\":\"fi\",\"potentialAction\":[{\"@type\":\"ReadAction\",\"target\":[\"https:\/\/sites.uef.fi\/opettajankoulutuspaivat2026\/\"]}]},{\"@type\":\"BreadcrumbList\",\"@id\":\"https:\/\/sites.uef.fi\/opettajankoulutuspaivat2026\/#breadcrumb\",\"itemListElement\":[{\"@type\":\"ListItem\",\"position\":1,\"name\":\"Etusivu\",\"item\":\"https:\/\/sites.uef.fi\/opettajankoulutuspaivat2026\/\"},{\"@type\":\"ListItem\",\"position\":2,\"name\":\"Etusivu\"}]},{\"@type\":\"WebSite\",\"@id\":\"https:\/\/sites.uef.fi\/opettajankoulutuspaivat2026\/#website\",\"url\":\"https:\/\/sites.uef.fi\/opettajankoulutuspaivat2026\/\",\"name\":\"Opettajankoulutusp\u00e4iv\u00e4t 2026\",\"description\":\"\",\"potentialAction\":[{\"@type\":\"SearchAction\",\"target\":{\"@type\":\"EntryPoint\",\"urlTemplate\":\"https:\/\/sites.uef.fi\/opettajankoulutuspaivat2026\/?s={search_term_string}\"},\"query-input\":{\"@type\":\"PropertyValueSpecification\",\"valueRequired\":true,\"valueName\":\"search_term_string\"}}],\"inLanguage\":\"fi\"}]}<\/script>\n<!-- \/ Yoast SEO plugin. -->","yoast_head_json":{"title":"Etusivu - Opettajankoulutusp\u00e4iv\u00e4t 2026","robots":{"index":"index","follow":"follow","max-snippet":"max-snippet:-1","max-image-preview":"max-image-preview:large","max-video-preview":"max-video-preview:-1"},"canonical":"https:\/\/sites.uef.fi\/opettajankoulutuspaivat2026\/","og_locale":"fi_FI","og_type":"article","og_title":"Etusivu - Opettajankoulutusp\u00e4iv\u00e4t 2026","og_description":"Opettajankoulutusp\u00e4iv\u00e4t Joensuussa 3.-4.12.2026 Koulutuksellinen yhdenvertaisuus ja hyvinvointi &#8211; Miten&nbsp;opettajankoulutus voi&nbsp;edist\u00e4\u00e4&nbsp;yhteiskunnallista, pedagogista,&nbsp;ja&nbsp;yksil\u00f6llist\u00e4&nbsp;hyvinvointia? Viidennet kansalliset Opettajankoulutusp\u00e4iv\u00e4t pidet\u00e4\u00e4n Joensuussa It\u00e4-Suomen yliopiston j\u00e4rjest\u00e4m\u00e4n\u00e4. Kutsumme kaikki opettajankoulutuksen parissa ty\u00f6skentelev\u00e4t ja koulutuksen kehitt\u00e4misest\u00e4 kiinnostuneet mukaan! Tapahtuma on kaksip\u00e4iv\u00e4inen ja toteutetaan osittain hybridin\u00e4, jotta osallistuminen olisi mahdollista mahdollisimman monelle. Ensimm\u00e4inen p\u00e4iv\u00e4 toimii esiseminaari- ja ty\u00f6pajap\u00e4iv\u00e4n\u00e4. Toinen p\u00e4iv\u00e4 on konferenssip\u00e4iv\u00e4, joka koostuu aamup\u00e4iv\u00e4n [&hellip;]","og_url":"https:\/\/sites.uef.fi\/opettajankoulutuspaivat2026\/","og_site_name":"Opettajankoulutusp\u00e4iv\u00e4t 2026","article_modified_time":"2026-04-07T14:32:09+00:00","twitter_card":"summary_large_image","twitter_misc":{"Arvioitu lukuaika":"1 minuutti"},"schema":{"@context":"https:\/\/schema.org","@graph":[{"@type":"WebPage","@id":"https:\/\/sites.uef.fi\/opettajankoulutuspaivat2026\/","url":"https:\/\/sites.uef.fi\/opettajankoulutuspaivat2026\/","name":"Etusivu - Opettajankoulutusp\u00e4iv\u00e4t 2026","isPartOf":{"@id":"https:\/\/sites.uef.fi\/opettajankoulutuspaivat2026\/#website"},"datePublished":"2026-03-23T13:08:59+00:00","dateModified":"2026-04-07T14:32:09+00:00","breadcrumb":{"@id":"https:\/\/sites.uef.fi\/opettajankoulutuspaivat2026\/#breadcrumb"},"inLanguage":"fi","potentialAction":[{"@type":"ReadAction","target":["https:\/\/sites.uef.fi\/opettajankoulutuspaivat2026\/"]}]},{"@type":"BreadcrumbList","@id":"https:\/\/sites.uef.fi\/opettajankoulutuspaivat2026\/#breadcrumb","itemListElement":[{"@type":"ListItem","position":1,"name":"Etusivu","item":"https:\/\/sites.uef.fi\/opettajankoulutuspaivat2026\/"},{"@type":"ListItem","position":2,"name":"Etusivu"}]},{"@type":"WebSite","@id":"https:\/\/sites.uef.fi\/opettajankoulutuspaivat2026\/#website","url":"https:\/\/sites.uef.fi\/opettajankoulutuspaivat2026\/","name":"Opettajankoulutusp\u00e4iv\u00e4t 2026","description":"","potentialAction":[{"@type":"SearchAction","target":{"@type":"EntryPoint","urlTemplate":"https:\/\/sites.uef.fi\/opettajankoulutuspaivat2026\/?s={search_term_string}"},"query-input":{"@type":"PropertyValueSpecification","valueRequired":true,"valueName":"search_term_string"}}],"inLanguage":"fi"}]}},"_links":{"self":[{"href":"https:\/\/sites.uef.fi\/opettajankoulutuspaivat2026\/wp-json\/wp\/v2\/pages\/80","targetHints":{"allow":["GET"]}}],"collection":[{"href":"https:\/\/sites.uef.fi\/opettajankoulutuspaivat2026\/wp-json\/wp\/v2\/pages"}],"about":[{"href":"https:\/\/sites.uef.fi\/opettajankoulutuspaivat2026\/wp-json\/wp\/v2\/types\/page"}],"author":[{"embeddable":true,"href":"https:\/\/sites.uef.fi\/opettajankoulutuspaivat2026\/wp-json\/wp\/v2\/users\/966"}],"replies":[{"embeddable":true,"href":"https:\/\/sites.uef.fi\/opettajankoulutuspaivat2026\/wp-json\/wp\/v2\/comments?post=80"}],"version-history":[{"count":1,"href":"https:\/\/sites.uef.fi\/opettajankoulutuspaivat2026\/wp-json\/wp\/v2\/pages\/80\/revisions"}],"predecessor-version":[{"id":179,"href":"https:\/\/sites.uef.fi\/opettajankoulutuspaivat2026\/wp-json\/wp\/v2\/pages\/80\/revisions\/179"}],"wp:attachment":[{"href":"https:\/\/sites.uef.fi\/opettajankoulutuspaivat2026\/wp-json\/wp\/v2\/media?parent=80"}],"curies":[{"name":"wp","href":"https:\/\/api.w.org\/{rel}","templated":true}]}}