{"id":418,"date":"2024-02-29T09:59:09","date_gmt":"2024-02-29T07:59:09","guid":{"rendered":"https:\/\/sites.uef.fi\/oppiva2024\/?page_id=418"},"modified":"2024-06-06T08:45:54","modified_gmt":"2024-06-06T06:45:54","slug":"programme","status":"publish","type":"page","link":"https:\/\/sites.uef.fi\/oppiva2024\/programme\/","title":{"rendered":"Programme"},"content":{"rendered":"\n<p>Full conference programme with abstracts is now available.<\/p>\n\n\n\n<div class=\"links-block\">\n\n    \n    <ul class=\"link-list\">\n        \n            \n            <li class=\"link-list-item\">\n                <a href=\"https:\/\/sites.uef.fi\/oppiva2024\/wp-content\/uploads\/sites\/467\/2024\/06\/OPPIVA-2024-\u2013-Conference-Programme-New-1.pdf\" class=\"link-reset link hover-scale-down\">\n                    <svg\n        width=\"43\" height=\"25\"\n        viewBox=\"0 0 43 25\"\n        xmlns=\"http:\/\/www.w3.org\/2000\/svg\">\n    <path\n        d=\"M30.027 0 43 12.5 30.027 25 27 22.083 34.351 15H0v-5h34.351L27 2.917z\"\n        fill=\"currentColor\"\n        fill-rule=\"evenodd\"\/>\n<\/svg>                    <div>Conference programme<\/div>\n                <\/a>\n                <div class=\"link-info\">\n                                    <\/div>\n            <\/li>\n\n                <\/ul>\n<\/div>\n\n\n<h5 class=\"wp-block-heading\">4.6.2024<\/h5>\n\n\n\n<p>13.00\u201313.15 <strong>Conference Opening<\/strong><br>13.15\u201314.15 <strong>Keynote 1<\/strong> \u2013 University teacher Lauri R\u00e4ty<br>14.30\u201316.15 <strong>Paper Sessions 1<\/strong><br>16.15\u201316.45 <strong>Coffee Break<\/strong><br>16.45\u201318.30 <strong>Paper Sessions 2<\/strong><\/p>\n\n\n\n<h5 class=\"wp-block-heading\">5.6.2024<\/h5>\n\n\n\n<p>09.30\u201311.15 <strong>Paper Sessions 3<\/strong><br>11.15\u201311.45 <strong>Poster Session<\/strong><br>12.00\u201312.45 <strong>Lunch<\/strong><br>13.00\u201314.00 <strong>Keynote 2<\/strong> \u2013 Professor Judith Harackiewicz<br>14.00\u201314.30 <strong>Closing of the Conference<\/strong><\/p>\n\n\n\n<h4 class=\"wp-block-heading\">Keynote speakers<\/h4>\n\n\n\n<p><strong>Dr. Lauri R\u00e4ty<\/strong>, our early career keynote speaker, sponsored by the <a href=\"http:\/\/www.fined.fi\/en\/fined-2\/\">FinEd<\/a>, will give a talk on <em>&#8220;Research-based pedagogical practices for teaching students with intellectual disabilities&#8221;<\/em>. Dr R\u00e4ty&#8217;s recently published dissertation on the topic can be found <a href=\"https:\/\/converis.jyu.fi\/converis\/portal\/detail\/Publication\/183703201?lang=en_GB\">here<\/a>. <\/p>\n\n\n\n<p>Our main keynote speaker is <strong>Professor Judith Harackiewicz<\/strong>, whose topic will be <em>&#8220;Student motivation: promises and challenges of intervention research&#8221;.<\/em> Professor Harackiewicz will be conferred as an Honorary Doctorate at the University of Eastern Finland in June.<\/p>\n\n\n\n<div class=\"person-card\">\n    \n                    <a href=\"https:\/\/www.jyu.fi\/en\/people\/lauri-raty\" class=\"person-card-link hover-scale-down\">\n                            <div class=\"person-card-item\">\n                    <div class=\"person-card-column-left\">\n                                                    <img decoding=\"async\" class=\"person-card-image\" src=\"https:\/\/sites.uef.fi\/oppiva2024\/wp-content\/uploads\/sites\/467\/2024\/03\/Lauri_Raty_560134645ef2f86464af3534c693f791_1710402721.jpg\" alt=\"Dr. Lauri R\u00e4ty, University of Jyv\u00e4skyl\u00e4\" \/>\n                                            <\/div>\n\n                    <div class=\"person-card-column-right\">\n                                                <p class=\"person-card-name\">Lauri R\u00e4ty<\/p>\n                        \n                                                <p class=\"person-card-position\">University Teacher<\/p>\n                        \n                                                <p class=\"person-card-organisation\">University of Jyv\u00e4skyl\u00e4<\/p>\n                        \n                                                <p class=\"person-card-text\">Dr. R\u00e4ty\u2019s research interests include themes related to intellectual disabilities, pedagogical practices, and the steering system of Finnish basic education. Before his current position, he worked as special education teacher and as in-service lecturer and in expert groups. <\/p>\n                        \n                                                    <div>\n\t\t\t\t\t\t\t<svg xmlns=\"http:\/\/www.w3.org\/2000\/svg\" height=\"25px\" viewBox=\"0 -960 960 960\" width=\"24px\" ><path fill=\"currentColor\" d=\"M200-120q-33 0-56.5-23.5T120-200v-560q0-33 23.5-56.5T200-840h280v80H200v560h560v-280h80v280q0 33-23.5 56.5T760-120H200Zm188-212-56-56 372-372H560v-80h280v280h-80v-144L388-332Z\"\/><\/svg>\t\t\t\t\t\t\t<\/div>\n                                            <\/div>\n                <\/div>\n                            <\/a>\n                                        <a href=\"https:\/\/psych.wisc.edu\/staff\/harackiewicz-judy\/\" class=\"person-card-link hover-scale-down\">\n                            <div class=\"person-card-item\">\n                    <div class=\"person-card-column-left\">\n                                                    <img decoding=\"async\" class=\"person-card-image\" src=\"https:\/\/sites.uef.fi\/oppiva2024\/wp-content\/uploads\/sites\/467\/2024\/03\/thumbnail_Harackiewizc1-copy-e1710759216352.jpg\" alt=\"Professor Judith Harackiewicz, University of Wisonsin-Madison\" \/>\n                                            <\/div>\n\n                    <div class=\"person-card-column-right\">\n                                                <p class=\"person-card-name\">Judith Harackiewicz<\/p>\n                        \n                                                <p class=\"person-card-position\">Paul Pintrich Professor of Psychology<\/p>\n                        \n                                                <p class=\"person-card-organisation\">University of Wisconsin-Madison<\/p>\n                        \n                                                <p class=\"person-card-text\">Professor Harackiewicz has been studying motivation and interest for many years, conducting experimental and longitudinal studies of goals, competition, and value transmission in the laboratory and in academic contexts. Her most recent research involves testing interventions to promote motivation, and exploring the mechanisms through which they work.<\/p>\n                        \n                                                    <div>\n\t\t\t\t\t\t\t<svg xmlns=\"http:\/\/www.w3.org\/2000\/svg\" height=\"25px\" viewBox=\"0 -960 960 960\" width=\"24px\" ><path fill=\"currentColor\" d=\"M200-120q-33 0-56.5-23.5T120-200v-560q0-33 23.5-56.5T200-840h280v80H200v560h560v-280h80v280q0 33-23.5 56.5T760-120H200Zm188-212-56-56 372-372H560v-80h280v280h-80v-144L388-332Z\"\/><\/svg>\t\t\t\t\t\t\t<\/div>\n                                            <\/div>\n                <\/div>\n                            <\/a>\n                            <\/div>\n","protected":false},"excerpt":{"rendered":"<p>Full conference programme with abstracts is now available. 4.6.2024 13.00\u201313.15 Conference Opening13.15\u201314.15 Keynote 1 \u2013 University teacher Lauri R\u00e4ty14.30\u201316.15 Paper Sessions 116.15\u201316.45 Coffee Break16.45\u201318.30 Paper Sessions 2 5.6.2024 09.30\u201311.15 Paper Sessions 311.15\u201311.45 Poster Session12.00\u201312.45 Lunch13.00\u201314.00 Keynote 2 \u2013 Professor Judith Harackiewicz14.00\u201314.30 Closing of the Conference Keynote speakers Dr. Lauri R\u00e4ty, our early career keynote speaker, [&hellip;]<\/p>\n","protected":false},"author":1100,"featured_media":0,"parent":0,"menu_order":0,"comment_status":"closed","ping_status":"closed","template":"","meta":{"_acf_changed":false,"footnotes":""},"class_list":["post-418","page","type-page","status-publish","hentry"],"acf":[],"yoast_head":"<!-- This site is optimized with the Yoast SEO plugin v27.1.1 - https:\/\/yoast.com\/product\/yoast-seo-wordpress\/ -->\n<title>Programme - OPPIVA 2024<\/title>\n<meta name=\"robots\" content=\"index, follow, max-snippet:-1, max-image-preview:large, max-video-preview:-1\" \/>\n<link rel=\"canonical\" href=\"https:\/\/sites.uef.fi\/oppiva2024\/programme\/\" \/>\n<meta property=\"og:locale\" content=\"en_US\" \/>\n<meta property=\"og:type\" content=\"article\" \/>\n<meta property=\"og:title\" content=\"Programme - OPPIVA 2024\" \/>\n<meta property=\"og:description\" content=\"Full conference programme with abstracts is now available. 4.6.2024 13.00\u201313.15 Conference Opening13.15\u201314.15 Keynote 1 \u2013 University teacher Lauri R\u00e4ty14.30\u201316.15 Paper Sessions 116.15\u201316.45 Coffee Break16.45\u201318.30 Paper Sessions 2 5.6.2024 09.30\u201311.15 Paper Sessions 311.15\u201311.45 Poster Session12.00\u201312.45 Lunch13.00\u201314.00 Keynote 2 \u2013 Professor Judith Harackiewicz14.00\u201314.30 Closing of the Conference Keynote speakers Dr. Lauri R\u00e4ty, our early career keynote speaker, [&hellip;]\" \/>\n<meta property=\"og:url\" content=\"https:\/\/sites.uef.fi\/oppiva2024\/programme\/\" \/>\n<meta property=\"og:site_name\" content=\"OPPIVA 2024\" \/>\n<meta property=\"article:modified_time\" content=\"2024-06-06T06:45:54+00:00\" \/>\n<meta name=\"twitter:card\" content=\"summary_large_image\" \/>\n<meta name=\"twitter:label1\" content=\"Est. reading time\" \/>\n\t<meta name=\"twitter:data1\" content=\"1 minute\" \/>\n<script type=\"application\/ld+json\" class=\"yoast-schema-graph\">{\"@context\":\"https:\/\/schema.org\",\"@graph\":[{\"@type\":\"WebPage\",\"@id\":\"https:\/\/sites.uef.fi\/oppiva2024\/programme\/\",\"url\":\"https:\/\/sites.uef.fi\/oppiva2024\/programme\/\",\"name\":\"Programme - OPPIVA 2024\",\"isPartOf\":{\"@id\":\"https:\/\/sites.uef.fi\/oppiva2024\/#website\"},\"datePublished\":\"2024-02-29T07:59:09+00:00\",\"dateModified\":\"2024-06-06T06:45:54+00:00\",\"breadcrumb\":{\"@id\":\"https:\/\/sites.uef.fi\/oppiva2024\/programme\/#breadcrumb\"},\"inLanguage\":\"en-US\",\"potentialAction\":[{\"@type\":\"ReadAction\",\"target\":[\"https:\/\/sites.uef.fi\/oppiva2024\/programme\/\"]}]},{\"@type\":\"BreadcrumbList\",\"@id\":\"https:\/\/sites.uef.fi\/oppiva2024\/programme\/#breadcrumb\",\"itemListElement\":[{\"@type\":\"ListItem\",\"position\":1,\"name\":\"Home\",\"item\":\"https:\/\/sites.uef.fi\/oppiva2024\/\"},{\"@type\":\"ListItem\",\"position\":2,\"name\":\"Programme\"}]},{\"@type\":\"WebSite\",\"@id\":\"https:\/\/sites.uef.fi\/oppiva2024\/#website\",\"url\":\"https:\/\/sites.uef.fi\/oppiva2024\/\",\"name\":\"OPPIVA 2024\",\"description\":\"\",\"potentialAction\":[{\"@type\":\"SearchAction\",\"target\":{\"@type\":\"EntryPoint\",\"urlTemplate\":\"https:\/\/sites.uef.fi\/oppiva2024\/?s={search_term_string}\"},\"query-input\":{\"@type\":\"PropertyValueSpecification\",\"valueRequired\":true,\"valueName\":\"search_term_string\"}}],\"inLanguage\":\"en-US\"}]}<\/script>\n<!-- \/ Yoast SEO plugin. -->","yoast_head_json":{"title":"Programme - OPPIVA 2024","robots":{"index":"index","follow":"follow","max-snippet":"max-snippet:-1","max-image-preview":"max-image-preview:large","max-video-preview":"max-video-preview:-1"},"canonical":"https:\/\/sites.uef.fi\/oppiva2024\/programme\/","og_locale":"en_US","og_type":"article","og_title":"Programme - OPPIVA 2024","og_description":"Full conference programme with abstracts is now available. 4.6.2024 13.00\u201313.15 Conference Opening13.15\u201314.15 Keynote 1 \u2013 University teacher Lauri R\u00e4ty14.30\u201316.15 Paper Sessions 116.15\u201316.45 Coffee Break16.45\u201318.30 Paper Sessions 2 5.6.2024 09.30\u201311.15 Paper Sessions 311.15\u201311.45 Poster Session12.00\u201312.45 Lunch13.00\u201314.00 Keynote 2 \u2013 Professor Judith Harackiewicz14.00\u201314.30 Closing of the Conference Keynote speakers Dr. Lauri R\u00e4ty, our early career keynote speaker, [&hellip;]","og_url":"https:\/\/sites.uef.fi\/oppiva2024\/programme\/","og_site_name":"OPPIVA 2024","article_modified_time":"2024-06-06T06:45:54+00:00","twitter_card":"summary_large_image","twitter_misc":{"Est. reading time":"1 minute"},"schema":{"@context":"https:\/\/schema.org","@graph":[{"@type":"WebPage","@id":"https:\/\/sites.uef.fi\/oppiva2024\/programme\/","url":"https:\/\/sites.uef.fi\/oppiva2024\/programme\/","name":"Programme - OPPIVA 2024","isPartOf":{"@id":"https:\/\/sites.uef.fi\/oppiva2024\/#website"},"datePublished":"2024-02-29T07:59:09+00:00","dateModified":"2024-06-06T06:45:54+00:00","breadcrumb":{"@id":"https:\/\/sites.uef.fi\/oppiva2024\/programme\/#breadcrumb"},"inLanguage":"en-US","potentialAction":[{"@type":"ReadAction","target":["https:\/\/sites.uef.fi\/oppiva2024\/programme\/"]}]},{"@type":"BreadcrumbList","@id":"https:\/\/sites.uef.fi\/oppiva2024\/programme\/#breadcrumb","itemListElement":[{"@type":"ListItem","position":1,"name":"Home","item":"https:\/\/sites.uef.fi\/oppiva2024\/"},{"@type":"ListItem","position":2,"name":"Programme"}]},{"@type":"WebSite","@id":"https:\/\/sites.uef.fi\/oppiva2024\/#website","url":"https:\/\/sites.uef.fi\/oppiva2024\/","name":"OPPIVA 2024","description":"","potentialAction":[{"@type":"SearchAction","target":{"@type":"EntryPoint","urlTemplate":"https:\/\/sites.uef.fi\/oppiva2024\/?s={search_term_string}"},"query-input":{"@type":"PropertyValueSpecification","valueRequired":true,"valueName":"search_term_string"}}],"inLanguage":"en-US"}]}},"_links":{"self":[{"href":"https:\/\/sites.uef.fi\/oppiva2024\/wp-json\/wp\/v2\/pages\/418","targetHints":{"allow":["GET"]}}],"collection":[{"href":"https:\/\/sites.uef.fi\/oppiva2024\/wp-json\/wp\/v2\/pages"}],"about":[{"href":"https:\/\/sites.uef.fi\/oppiva2024\/wp-json\/wp\/v2\/types\/page"}],"author":[{"embeddable":true,"href":"https:\/\/sites.uef.fi\/oppiva2024\/wp-json\/wp\/v2\/users\/1100"}],"replies":[{"embeddable":true,"href":"https:\/\/sites.uef.fi\/oppiva2024\/wp-json\/wp\/v2\/comments?post=418"}],"version-history":[{"count":2,"href":"https:\/\/sites.uef.fi\/oppiva2024\/wp-json\/wp\/v2\/pages\/418\/revisions"}],"predecessor-version":[{"id":1307,"href":"https:\/\/sites.uef.fi\/oppiva2024\/wp-json\/wp\/v2\/pages\/418\/revisions\/1307"}],"wp:attachment":[{"href":"https:\/\/sites.uef.fi\/oppiva2024\/wp-json\/wp\/v2\/media?parent=418"}],"curies":[{"name":"wp","href":"https:\/\/api.w.org\/{rel}","templated":true}]}}