{"id":321,"date":"2026-04-09T14:25:21","date_gmt":"2026-04-09T11:25:21","guid":{"rendered":"https:\/\/sites.uef.fi\/peatresc\/?page_id=321"},"modified":"2026-04-09T16:15:46","modified_gmt":"2026-04-09T13:15:46","slug":"news","status":"publish","type":"page","link":"https:\/\/sites.uef.fi\/peatresc\/news\/","title":{"rendered":"News"},"content":{"rendered":"\n<figure class=\"wp-block-image size-large\"><img loading=\"lazy\" decoding=\"async\" width=\"1024\" height=\"289\" src=\"https:\/\/sites.uef.fi\/peatresc\/wp-content\/uploads\/sites\/581\/2026\/03\/big-1024x289.png\" alt=\"\" class=\"wp-image-90\" srcset=\"https:\/\/sites.uef.fi\/peatresc\/wp-content\/uploads\/sites\/581\/2026\/03\/big-1024x289.png 1024w, https:\/\/sites.uef.fi\/peatresc\/wp-content\/uploads\/sites\/581\/2026\/03\/big-300x85.png 300w, https:\/\/sites.uef.fi\/peatresc\/wp-content\/uploads\/sites\/581\/2026\/03\/big-768x217.png 768w, https:\/\/sites.uef.fi\/peatresc\/wp-content\/uploads\/sites\/581\/2026\/03\/big.png 1499w\" sizes=\"auto, (max-width: 1024px) 100vw, 1024px\" \/><\/figure>\n\n\n\n<h2 class=\"wp-block-heading\">News and updates from the consortium<\/h2>\n\n\n\t<div id=\"accordion-block_54193ac4c6a22b92a0fe19061501f44f\" class=\"accordions\">\n\t\t\t\t\t<div class=\"accordion accordion-js\">\n\t\t\t\t<button class=\"accordion__button\" aria-controls=\"content-9837\" aria-expanded=\"false\" id=\"accordion-control-9837\">\n\t\t\t\t\t<h3 class=\"accordion__heading\" >\n\t\t\t\t\t\tApply for a PhD position!\t\t\t\t\t<\/h3>\n\t\t\t\t<\/button>\n\t\t\t\t<div class=\"accordion__content\" role=\"region\" aria-labelledby=\"accordion-control-9837\" aria-hidden=\"true\" id=\"content-9837\">\n\t\t\t\t\t<p>We are looking for three (3) doctoral researchers to join <a href=\"https:\/\/uefconnect.uef.fi\/en\/peattrees-peatland-and-soil-ecology-research-group\/\">Peat&amp;Trees research group<\/a> at <a href=\"https:\/\/www.uef.fi\/en\/unit\/school-of-forest-sciences\">School of Forest Sciences<\/a>, University of Eastern Finland!<\/p>\n<p>Considering a PhD? Are you interested in peatlands, and how the changing climate is affecting their biogeochemistry, species-interactions or the whole landscape with trees taking over peatlands? Check out the three (3) PhD positions and apply no later than 22nd of April 2026:<\/p>\n<p>\ud83d\udd17 <a class=\"fui-Link ___1q1shib f2hkw1w f3rmtva f1ewtqcl fyind8e f1k6fduh f1w7gpdv fk6fouc fjoy568 figsok6 f1s184ao f1mk8lai fnbmjn9 f1o700av f13mvf36 f1cmlufx f9n3di6 f1ids18y f1tx3yz7 f1deo86v f1eh06m1 f1iescvh fhgqx19 f1olyrje f1p93eir f1nev41a f1h8hb77 f1lqvz6u f10aw75t fsle3fq f17ae5zn\" title=\"https:\/\/uef.varbi.com\/en\/what:job\/jobid:910482\/\" href=\"https:\/\/uef.varbi.com\/en\/what:job\/jobID:910482\/\" target=\"_blank\" rel=\"noreferrer noopener\" aria-label=\"Linkki https:\/\/uef.varbi.com\/en\/what:job\/jobID:910482\/\">https:\/\/uef.varbi.com\/en\/what:job\/jobID:910482\/<\/a><\/p>\n<p><img loading=\"lazy\" decoding=\"async\" class=\" wp-image-322 aligncenter\" src=\"https:\/\/sites.uef.fi\/peatresc\/wp-content\/uploads\/sites\/581\/2026\/04\/PeatTrees_Logo_cropped-267x300.jpg\" alt=\"\" width=\"224\" height=\"252\" srcset=\"https:\/\/sites.uef.fi\/peatresc\/wp-content\/uploads\/sites\/581\/2026\/04\/PeatTrees_Logo_cropped-267x300.jpg 267w, https:\/\/sites.uef.fi\/peatresc\/wp-content\/uploads\/sites\/581\/2026\/04\/PeatTrees_Logo_cropped.jpg 468w\" sizes=\"auto, (max-width: 224px) 100vw, 224px\" \/><\/p>\n<p><img loading=\"lazy\" decoding=\"async\" class=\"size-medium wp-image-94 aligncenter\" src=\"https:\/\/sites.uef.fi\/peatresc\/wp-content\/uploads\/sites\/581\/2026\/03\/UEF_logo_EN-300x131.jpg\" alt=\"\" width=\"300\" height=\"131\" srcset=\"https:\/\/sites.uef.fi\/peatresc\/wp-content\/uploads\/sites\/581\/2026\/03\/UEF_logo_EN-300x131.jpg 300w, https:\/\/sites.uef.fi\/peatresc\/wp-content\/uploads\/sites\/581\/2026\/03\/UEF_logo_EN-1024x446.jpg 1024w, https:\/\/sites.uef.fi\/peatresc\/wp-content\/uploads\/sites\/581\/2026\/03\/UEF_logo_EN-768x335.jpg 768w, https:\/\/sites.uef.fi\/peatresc\/wp-content\/uploads\/sites\/581\/2026\/03\/UEF_logo_EN-1536x670.jpg 1536w, https:\/\/sites.uef.fi\/peatresc\/wp-content\/uploads\/sites\/581\/2026\/03\/UEF_logo_EN.jpg 1920w\" sizes=\"auto, (max-width: 300px) 100vw, 300px\" \/><\/p>\n\t\t\t\t<\/div>\n\t\t\t<\/div>\n\t\t\t\t\t<div class=\"accordion accordion-js\">\n\t\t\t\t<button class=\"accordion__button\" aria-controls=\"content-400\" aria-expanded=\"false\" id=\"accordion-control-400\">\n\t\t\t\t\t<h3 class=\"accordion__heading\" >\n\t\t\t\t\t\tApply for a postdoctoral position!\t\t\t\t\t<\/h3>\n\t\t\t\t<\/button>\n\t\t\t\t<div class=\"accordion__content\" role=\"region\" aria-labelledby=\"accordion-control-400\" aria-hidden=\"true\" id=\"content-400\">\n\t\t\t\t\t<p>We are looking for two postdoctoral researchers to join <a href=\"https:\/\/uefconnect.uef.fi\/en\/peattrees-peatland-and-soil-ecology-research-group\/\">Peat&amp;Trees research group<\/a> at <a href=\"https:\/\/www.uef.fi\/en\/unit\/school-of-forest-sciences\">School of Forest Sciences<\/a>, University of Eastern Finland!<\/p>\n<p>Have you already finished your PhD? We&#8217;re looking for post-doctoral researchers to join our team to assess what long-term records of peatland greenhouse gas exchange are revealing, and to characterize the ongoing shifts in peatland vegetation as a response to climate change and restoration. Read more about the postdoctoral positions and apply by 29th of April 2026:<\/p>\n<p>\ud83d\udd17 <a id=\"menur5vl\" class=\"fui-Link ___1q1shib f2hkw1w f3rmtva f1ewtqcl fyind8e f1k6fduh f1w7gpdv fk6fouc fjoy568 figsok6 f1s184ao f1mk8lai fnbmjn9 f1o700av f13mvf36 f1cmlufx f9n3di6 f1ids18y f1tx3yz7 f1deo86v f1eh06m1 f1iescvh fhgqx19 f1olyrje f1p93eir f1nev41a f1h8hb77 f1lqvz6u f10aw75t fsle3fq f17ae5zn\" title=\"https:\/\/uef.varbi.com\/en\/what:job\/jobid:910493\/\" href=\"https:\/\/uef.varbi.com\/en\/what:job\/jobID:910493\/\" target=\"_blank\" rel=\"noreferrer noopener\" aria-label=\"Linkki https:\/\/uef.varbi.com\/en\/what:job\/jobID:910493\/\">https:\/\/uef.varbi.com\/en\/what:job\/jobID:910493\/<\/a><\/p>\n<p><img loading=\"lazy\" decoding=\"async\" class=\" wp-image-322 aligncenter\" src=\"https:\/\/sites.uef.fi\/peatresc\/wp-content\/uploads\/sites\/581\/2026\/04\/PeatTrees_Logo_cropped-267x300.jpg\" alt=\"\" width=\"224\" height=\"252\" srcset=\"https:\/\/sites.uef.fi\/peatresc\/wp-content\/uploads\/sites\/581\/2026\/04\/PeatTrees_Logo_cropped-267x300.jpg 267w, https:\/\/sites.uef.fi\/peatresc\/wp-content\/uploads\/sites\/581\/2026\/04\/PeatTrees_Logo_cropped.jpg 468w\" sizes=\"auto, (max-width: 224px) 100vw, 224px\" \/><\/p>\n<p><img loading=\"lazy\" decoding=\"async\" class=\"size-medium wp-image-94 aligncenter\" src=\"https:\/\/sites.uef.fi\/peatresc\/wp-content\/uploads\/sites\/581\/2026\/03\/UEF_logo_EN-300x131.jpg\" alt=\"\" width=\"300\" height=\"131\" srcset=\"https:\/\/sites.uef.fi\/peatresc\/wp-content\/uploads\/sites\/581\/2026\/03\/UEF_logo_EN-300x131.jpg 300w, https:\/\/sites.uef.fi\/peatresc\/wp-content\/uploads\/sites\/581\/2026\/03\/UEF_logo_EN-1024x446.jpg 1024w, https:\/\/sites.uef.fi\/peatresc\/wp-content\/uploads\/sites\/581\/2026\/03\/UEF_logo_EN-768x335.jpg 768w, https:\/\/sites.uef.fi\/peatresc\/wp-content\/uploads\/sites\/581\/2026\/03\/UEF_logo_EN-1536x670.jpg 1536w, https:\/\/sites.uef.fi\/peatresc\/wp-content\/uploads\/sites\/581\/2026\/03\/UEF_logo_EN.jpg 1920w\" sizes=\"auto, (max-width: 300px) 100vw, 300px\" \/><\/p>\n\t\t\t\t<\/div>\n\t\t\t<\/div>\n\t\t\t\t\t<div class=\"accordion accordion-js\">\n\t\t\t\t<button class=\"accordion__button\" aria-controls=\"content-5292\" aria-expanded=\"false\" id=\"accordion-control-5292\">\n\t\t\t\t\t<h3 class=\"accordion__heading\" >\n\t\t\t\t\t\tPeatResC kick-off gained media attention\t\t\t\t\t<\/h3>\n\t\t\t\t<\/button>\n\t\t\t\t<div class=\"accordion__content\" role=\"region\" aria-labelledby=\"accordion-control-5292\" aria-hidden=\"true\" id=\"content-5292\">\n\t\t\t\t\t<p>The kick-off event for Centre of Excellence in Peatlands, Climate Change and Ecological Restoration took place in Joensuu in January 2026. The event gathered a bunch of peatland scientists, and YLE news as well.<\/p>\n<p>Read the YLE news article (in Finnish):<\/p>\n<p><a href=\"https:\/\/yle.fi\/a\/74-20204573\">Suomen Akatemian j\u00e4tti\u00adrahoituksen saanut tutkijayhteis\u00f6 haluaa k\u00e4\u00e4nt\u00e4\u00e4 katseet suolle \u2013 huippuyksikk\u00f6 aloitti jo ty\u00f6t | Kotimaa | Yle<\/a><\/p>\n<p><img loading=\"lazy\" decoding=\"async\" class=\"wp-image-343 aligncenter\" src=\"https:\/\/sites.uef.fi\/peatresc\/wp-content\/uploads\/sites\/581\/2026\/04\/yle-1-300x300.png\" alt=\"\" width=\"218\" height=\"218\" srcset=\"https:\/\/sites.uef.fi\/peatresc\/wp-content\/uploads\/sites\/581\/2026\/04\/yle-1-300x300.png 300w, https:\/\/sites.uef.fi\/peatresc\/wp-content\/uploads\/sites\/581\/2026\/04\/yle-1-150x150.png 150w, https:\/\/sites.uef.fi\/peatresc\/wp-content\/uploads\/sites\/581\/2026\/04\/yle-1.png 600w\" sizes=\"auto, (max-width: 218px) 100vw, 218px\" \/><\/p>\n<p>&nbsp;<\/p>\n\t\t\t\t<\/div>\n\t\t\t<\/div>\n\t\t\t\t\t<div class=\"accordion accordion-js\">\n\t\t\t\t<button class=\"accordion__button\" aria-controls=\"content-5002\" aria-expanded=\"false\" id=\"accordion-control-5002\">\n\t\t\t\t\t<h3 class=\"accordion__heading\" >\n\t\t\t\t\t\tResearch Council of Finland selected new Centres of Excellence 2026-2033\t\t\t\t\t<\/h3>\n\t\t\t\t<\/button>\n\t\t\t\t<div class=\"accordion__content\" role=\"region\" aria-labelledby=\"accordion-control-5002\" aria-hidden=\"true\" id=\"content-5002\">\n\t\t\t\t\t<p>The Research Council of Finland has selected 11 new CoEs for the 2026-2033 programme period.<\/p>\n<p>Two of them were selected from University of Eastern Finland. In addition to our <a href=\"https:\/\/uefconnect.uef.fi\/en\/peatresc\/\">Centre of Excellence in Peatlands, Climate Change and Ecological Restoration<\/a>, James Blandes&#8217; <a href=\"https:\/\/uefconnect.uef.fi\/en\/ace-forest\/\">Centre of Excellence in Antropocenic Chemical Ecology of Forests (ACE-Forest)<\/a> was selected for the programme.<\/p>\n<p>Read the release:<\/p>\n<p>\ud83d\udd17 <a href=\"https:\/\/www.aka.fi\/en\/about-the-rcf\/whats-new\/press-releases\/2025\/research-council-of-finland-selects-11-new-centres-of-excellence-in-research\/\">Research Council of Finland selects 11 new Centres of Excellence in Research<\/a><\/p>\n<p><img loading=\"lazy\" decoding=\"async\" class=\"size-medium wp-image-93 aligncenter\" src=\"https:\/\/sites.uef.fi\/peatresc\/wp-content\/uploads\/sites\/581\/2026\/03\/fin.x4696b1a8-300x201.png\" alt=\"\" width=\"300\" height=\"201\" srcset=\"https:\/\/sites.uef.fi\/peatresc\/wp-content\/uploads\/sites\/581\/2026\/03\/fin.x4696b1a8-300x201.png 300w, https:\/\/sites.uef.fi\/peatresc\/wp-content\/uploads\/sites\/581\/2026\/03\/fin.x4696b1a8.png 700w\" sizes=\"auto, (max-width: 300px) 100vw, 300px\" \/><\/p>\n\t\t\t\t<\/div>\n\t\t\t<\/div>\n\t\t\t<\/div>\n\t\n\n\n<figure class=\"wp-block-image size-full\"><img loading=\"lazy\" decoding=\"async\" width=\"979\" height=\"866\" src=\"https:\/\/sites.uef.fi\/peatresc\/wp-content\/uploads\/sites\/581\/2026\/03\/peat2.png\" alt=\"\" class=\"wp-image-154\" srcset=\"https:\/\/sites.uef.fi\/peatresc\/wp-content\/uploads\/sites\/581\/2026\/03\/peat2.png 979w, https:\/\/sites.uef.fi\/peatresc\/wp-content\/uploads\/sites\/581\/2026\/03\/peat2-300x265.png 300w, https:\/\/sites.uef.fi\/peatresc\/wp-content\/uploads\/sites\/581\/2026\/03\/peat2-768x679.png 768w\" sizes=\"auto, (max-width: 979px) 100vw, 979px\" \/><\/figure>\n","protected":false},"excerpt":{"rendered":"<p>News and updates from the consortium<\/p>\n","protected":false},"author":1378,"featured_media":0,"parent":0,"menu_order":0,"comment_status":"closed","ping_status":"closed","template":"","meta":{"_acf_changed":false,"footnotes":""},"class_list":["post-321","page","type-page","status-publish","hentry"],"acf":[],"yoast_head":"<!-- This site is optimized with the Yoast SEO plugin v27.3 - https:\/\/yoast.com\/product\/yoast-seo-wordpress\/ -->\n<title>News - PeatResC - Centre of Excellence in Peatlands, Climate Change and Ecological Restoration<\/title>\n<meta name=\"description\" content=\"News and updates from PeatResC\" \/>\n<meta name=\"robots\" content=\"index, follow, max-snippet:-1, max-image-preview:large, max-video-preview:-1\" \/>\n<link rel=\"canonical\" href=\"https:\/\/sites.uef.fi\/peatresc\/news\/\" \/>\n<meta property=\"og:locale\" content=\"en_US\" \/>\n<meta property=\"og:type\" content=\"article\" \/>\n<meta property=\"og:title\" content=\"News - PeatResC - Centre of Excellence in Peatlands, Climate Change and Ecological Restoration\" \/>\n<meta property=\"og:description\" content=\"News and updates from PeatResC\" \/>\n<meta property=\"og:url\" content=\"https:\/\/sites.uef.fi\/peatresc\/news\/\" \/>\n<meta property=\"og:site_name\" content=\"PeatResC - Centre of Excellence in Peatlands, Climate Change and Ecological Restoration\" \/>\n<meta property=\"article:modified_time\" content=\"2026-04-09T13:15:46+00:00\" \/>\n<meta property=\"og:image\" content=\"https:\/\/sites.uef.fi\/peatresc\/wp-content\/uploads\/sites\/581\/2026\/03\/big.png\" \/>\n\t<meta property=\"og:image:width\" content=\"1499\" \/>\n\t<meta property=\"og:image:height\" content=\"423\" \/>\n\t<meta property=\"og:image:type\" content=\"image\/png\" \/>\n<meta name=\"twitter:card\" content=\"summary_large_image\" \/>\n<meta name=\"twitter:label1\" content=\"Est. reading time\" \/>\n\t<meta name=\"twitter:data1\" content=\"1 minute\" \/>\n<script type=\"application\/ld+json\" class=\"yoast-schema-graph\">{\"@context\":\"https:\\\/\\\/schema.org\",\"@graph\":[{\"@type\":\"WebPage\",\"@id\":\"https:\\\/\\\/sites.uef.fi\\\/peatresc\\\/news\\\/\",\"url\":\"https:\\\/\\\/sites.uef.fi\\\/peatresc\\\/news\\\/\",\"name\":\"News - PeatResC - Centre of Excellence in Peatlands, Climate Change and Ecological Restoration\",\"isPartOf\":{\"@id\":\"https:\\\/\\\/sites.uef.fi\\\/peatresc\\\/#website\"},\"primaryImageOfPage\":{\"@id\":\"https:\\\/\\\/sites.uef.fi\\\/peatresc\\\/news\\\/#primaryimage\"},\"image\":{\"@id\":\"https:\\\/\\\/sites.uef.fi\\\/peatresc\\\/news\\\/#primaryimage\"},\"thumbnailUrl\":\"https:\\\/\\\/sites.uef.fi\\\/peatresc\\\/wp-content\\\/uploads\\\/sites\\\/581\\\/2026\\\/03\\\/big-1024x289.png\",\"datePublished\":\"2026-04-09T11:25:21+00:00\",\"dateModified\":\"2026-04-09T13:15:46+00:00\",\"description\":\"News and updates from PeatResC\",\"breadcrumb\":{\"@id\":\"https:\\\/\\\/sites.uef.fi\\\/peatresc\\\/news\\\/#breadcrumb\"},\"inLanguage\":\"en-US\",\"potentialAction\":[{\"@type\":\"ReadAction\",\"target\":[\"https:\\\/\\\/sites.uef.fi\\\/peatresc\\\/news\\\/\"]}]},{\"@type\":\"ImageObject\",\"inLanguage\":\"en-US\",\"@id\":\"https:\\\/\\\/sites.uef.fi\\\/peatresc\\\/news\\\/#primaryimage\",\"url\":\"https:\\\/\\\/sites.uef.fi\\\/peatresc\\\/wp-content\\\/uploads\\\/sites\\\/581\\\/2026\\\/03\\\/big.png\",\"contentUrl\":\"https:\\\/\\\/sites.uef.fi\\\/peatresc\\\/wp-content\\\/uploads\\\/sites\\\/581\\\/2026\\\/03\\\/big.png\",\"width\":1499,\"height\":423},{\"@type\":\"BreadcrumbList\",\"@id\":\"https:\\\/\\\/sites.uef.fi\\\/peatresc\\\/news\\\/#breadcrumb\",\"itemListElement\":[{\"@type\":\"ListItem\",\"position\":1,\"name\":\"Etusivu\",\"item\":\"https:\\\/\\\/sites.uef.fi\\\/peatresc\\\/\"},{\"@type\":\"ListItem\",\"position\":2,\"name\":\"News\"}]},{\"@type\":\"WebSite\",\"@id\":\"https:\\\/\\\/sites.uef.fi\\\/peatresc\\\/#website\",\"url\":\"https:\\\/\\\/sites.uef.fi\\\/peatresc\\\/\",\"name\":\"PeatResC - Centre of Excellence in Peatlands, Climate Change and Ecological Restoration\",\"description\":\"\",\"potentialAction\":[{\"@type\":\"SearchAction\",\"target\":{\"@type\":\"EntryPoint\",\"urlTemplate\":\"https:\\\/\\\/sites.uef.fi\\\/peatresc\\\/?s={search_term_string}\"},\"query-input\":{\"@type\":\"PropertyValueSpecification\",\"valueRequired\":true,\"valueName\":\"search_term_string\"}}],\"inLanguage\":\"en-US\"}]}<\/script>\n<!-- \/ Yoast SEO plugin. -->","yoast_head_json":{"title":"News - PeatResC - Centre of Excellence in Peatlands, Climate Change and Ecological Restoration","description":"News and updates from PeatResC","robots":{"index":"index","follow":"follow","max-snippet":"max-snippet:-1","max-image-preview":"max-image-preview:large","max-video-preview":"max-video-preview:-1"},"canonical":"https:\/\/sites.uef.fi\/peatresc\/news\/","og_locale":"en_US","og_type":"article","og_title":"News - PeatResC - Centre of Excellence in Peatlands, Climate Change and Ecological Restoration","og_description":"News and updates from PeatResC","og_url":"https:\/\/sites.uef.fi\/peatresc\/news\/","og_site_name":"PeatResC - Centre of Excellence in Peatlands, Climate Change and Ecological Restoration","article_modified_time":"2026-04-09T13:15:46+00:00","og_image":[{"width":1499,"height":423,"url":"https:\/\/sites.uef.fi\/peatresc\/wp-content\/uploads\/sites\/581\/2026\/03\/big.png","type":"image\/png"}],"twitter_card":"summary_large_image","twitter_misc":{"Est. reading time":"1 minute"},"schema":{"@context":"https:\/\/schema.org","@graph":[{"@type":"WebPage","@id":"https:\/\/sites.uef.fi\/peatresc\/news\/","url":"https:\/\/sites.uef.fi\/peatresc\/news\/","name":"News - PeatResC - Centre of Excellence in Peatlands, Climate Change and Ecological Restoration","isPartOf":{"@id":"https:\/\/sites.uef.fi\/peatresc\/#website"},"primaryImageOfPage":{"@id":"https:\/\/sites.uef.fi\/peatresc\/news\/#primaryimage"},"image":{"@id":"https:\/\/sites.uef.fi\/peatresc\/news\/#primaryimage"},"thumbnailUrl":"https:\/\/sites.uef.fi\/peatresc\/wp-content\/uploads\/sites\/581\/2026\/03\/big-1024x289.png","datePublished":"2026-04-09T11:25:21+00:00","dateModified":"2026-04-09T13:15:46+00:00","description":"News and updates from PeatResC","breadcrumb":{"@id":"https:\/\/sites.uef.fi\/peatresc\/news\/#breadcrumb"},"inLanguage":"en-US","potentialAction":[{"@type":"ReadAction","target":["https:\/\/sites.uef.fi\/peatresc\/news\/"]}]},{"@type":"ImageObject","inLanguage":"en-US","@id":"https:\/\/sites.uef.fi\/peatresc\/news\/#primaryimage","url":"https:\/\/sites.uef.fi\/peatresc\/wp-content\/uploads\/sites\/581\/2026\/03\/big.png","contentUrl":"https:\/\/sites.uef.fi\/peatresc\/wp-content\/uploads\/sites\/581\/2026\/03\/big.png","width":1499,"height":423},{"@type":"BreadcrumbList","@id":"https:\/\/sites.uef.fi\/peatresc\/news\/#breadcrumb","itemListElement":[{"@type":"ListItem","position":1,"name":"Etusivu","item":"https:\/\/sites.uef.fi\/peatresc\/"},{"@type":"ListItem","position":2,"name":"News"}]},{"@type":"WebSite","@id":"https:\/\/sites.uef.fi\/peatresc\/#website","url":"https:\/\/sites.uef.fi\/peatresc\/","name":"PeatResC - Centre of Excellence in Peatlands, Climate Change and Ecological Restoration","description":"","potentialAction":[{"@type":"SearchAction","target":{"@type":"EntryPoint","urlTemplate":"https:\/\/sites.uef.fi\/peatresc\/?s={search_term_string}"},"query-input":{"@type":"PropertyValueSpecification","valueRequired":true,"valueName":"search_term_string"}}],"inLanguage":"en-US"}]}},"_links":{"self":[{"href":"https:\/\/sites.uef.fi\/peatresc\/wp-json\/wp\/v2\/pages\/321","targetHints":{"allow":["GET"]}}],"collection":[{"href":"https:\/\/sites.uef.fi\/peatresc\/wp-json\/wp\/v2\/pages"}],"about":[{"href":"https:\/\/sites.uef.fi\/peatresc\/wp-json\/wp\/v2\/types\/page"}],"author":[{"embeddable":true,"href":"https:\/\/sites.uef.fi\/peatresc\/wp-json\/wp\/v2\/users\/1378"}],"replies":[{"embeddable":true,"href":"https:\/\/sites.uef.fi\/peatresc\/wp-json\/wp\/v2\/comments?post=321"}],"version-history":[{"count":2,"href":"https:\/\/sites.uef.fi\/peatresc\/wp-json\/wp\/v2\/pages\/321\/revisions"}],"predecessor-version":[{"id":345,"href":"https:\/\/sites.uef.fi\/peatresc\/wp-json\/wp\/v2\/pages\/321\/revisions\/345"}],"wp:attachment":[{"href":"https:\/\/sites.uef.fi\/peatresc\/wp-json\/wp\/v2\/media?parent=321"}],"curies":[{"name":"wp","href":"https:\/\/api.w.org\/{rel}","templated":true}]}}