{"id":331,"date":"2026-04-09T14:25:21","date_gmt":"2026-04-09T11:25:21","guid":{"rendered":"https:\/\/sites.uef.fi\/peatresc\/?page_id=331"},"modified":"2026-04-09T16:00:50","modified_gmt":"2026-04-09T13:00:50","slug":"ajankohtaista","status":"publish","type":"page","link":"https:\/\/sites.uef.fi\/peatresc\/ajankohtaista\/?lang=fi","title":{"rendered":"Ajankohtaista"},"content":{"rendered":"\n<figure class=\"wp-block-image size-large\"><img loading=\"lazy\" decoding=\"async\" width=\"1024\" height=\"289\" src=\"https:\/\/sites.uef.fi\/peatresc\/wp-content\/uploads\/sites\/581\/2026\/03\/big-1024x289.png\" alt=\"\" class=\"wp-image-330\" srcset=\"https:\/\/sites.uef.fi\/peatresc\/wp-content\/uploads\/sites\/581\/2026\/03\/big-1024x289.png 1024w, https:\/\/sites.uef.fi\/peatresc\/wp-content\/uploads\/sites\/581\/2026\/03\/big-300x85.png 300w, https:\/\/sites.uef.fi\/peatresc\/wp-content\/uploads\/sites\/581\/2026\/03\/big-768x217.png 768w, https:\/\/sites.uef.fi\/peatresc\/wp-content\/uploads\/sites\/581\/2026\/03\/big.png 1499w\" sizes=\"auto, (max-width: 1024px) 100vw, 1024px\" \/><\/figure>\n\n\n\n<h2 class=\"wp-block-heading\">Uutiset ja ajankohtaiset aiheet<\/h2>\n\n\n\n<figure class=\"wp-block-image size-full\"><img loading=\"lazy\" decoding=\"async\" width=\"1\" height=\"1\" src=\"https:\/\/sites.uef.fi\/peatresc\/wp-content\/uploads\/sites\/581\/2026\/04\/image.gif\" alt=\"\" class=\"wp-image-333\" \/><\/figure>\n\n\n\t<div id=\"accordion-block_2a90c38cca8e445a7714e92509e89f15\" class=\"accordions\">\n\t\t\t\t\t<div class=\"accordion accordion-js\">\n\t\t\t\t<button class=\"accordion__button\" aria-controls=\"content-7659\" aria-expanded=\"false\" id=\"accordion-control-7659\">\n\t\t\t\t\t<h3 class=\"accordion__heading\" >\n\t\t\t\t\t\tHae v\u00e4it\u00f6skirjatutkijan paikkaa!\t\t\t\t\t<\/h3>\n\t\t\t\t<\/button>\n\t\t\t\t<div class=\"accordion__content\" role=\"region\" aria-labelledby=\"accordion-control-7659\" aria-hidden=\"true\" id=\"content-7659\">\n\t\t\t\t\t<p style=\"text-align: left\">Etsimme kolmea (3) v\u00e4it\u00f6skirjatutkijaa osaksi <a href=\"https:\/\/uefconnect.uef.fi\/peattrees-suo-ja-maaekologian-tutkimusryhma\/\">Peat&amp;Trees &#8211; Suo ja maaekologian tutkimusryhm\u00e4\u00e4<\/a>, joka toimii It\u00e4-Suomen yliopiston <a href=\"https:\/\/www.uef.fi\/fi\/yksikko\/metsatieteiden-osasto\">Mets\u00e4tieteiden osastolla.<\/a><\/p>\n<p>Harkitsetko tohtoriopintoja? Oletko kiinnostunut suotutkimuksesta? Ent\u00e4 siit\u00e4, miten muuttuva ilmasto vaikuttaa niiden biogeokemiaan, lajien v\u00e4lisiin suhteisiin tai koko maisemaan, kun puut valtaavat tilaa soilta? Tutustu kolmeen erilaiseen v\u00e4it\u00f6skirjatutkijan teht\u00e4v\u00e4\u00e4n ja hae paikkaa viimeist\u00e4\u00e4n 22. huhtikuuta 2026:<\/p>\n<p style=\"text-align: left\"><span style=\"font-size: 1rem\">\ud83d\udd17 <\/span><a style=\"font-size: 1rem\" href=\"https:\/\/uef.varbi.com\/fi\/what:job\/jobID:910482\/\">V\u00e4it\u00f6skirjatutkija (3 teht\u00e4v\u00e4\u00e4), suoekologia<\/a><\/p>\n<div>\n<p><img loading=\"lazy\" decoding=\"async\" class=\"wp-image-332 aligncenter\" src=\"https:\/\/sites.uef.fi\/peatresc\/wp-content\/uploads\/sites\/581\/2026\/04\/PeatTrees_Logo_cropped-267x300.jpg\" alt=\"\" width=\"194\" height=\"218\" srcset=\"https:\/\/sites.uef.fi\/peatresc\/wp-content\/uploads\/sites\/581\/2026\/04\/PeatTrees_Logo_cropped-267x300.jpg 267w, https:\/\/sites.uef.fi\/peatresc\/wp-content\/uploads\/sites\/581\/2026\/04\/PeatTrees_Logo_cropped.jpg 468w\" sizes=\"auto, (max-width: 194px) 100vw, 194px\" \/><\/p>\n<p><img loading=\"lazy\" decoding=\"async\" class=\"size-medium wp-image-199 aligncenter\" src=\"https:\/\/sites.uef.fi\/peatresc\/wp-content\/uploads\/sites\/581\/2026\/03\/UEF_logo_EN-300x131.jpg\" alt=\"\" width=\"300\" height=\"131\" srcset=\"https:\/\/sites.uef.fi\/peatresc\/wp-content\/uploads\/sites\/581\/2026\/03\/UEF_logo_EN-300x131.jpg 300w, https:\/\/sites.uef.fi\/peatresc\/wp-content\/uploads\/sites\/581\/2026\/03\/UEF_logo_EN-1024x446.jpg 1024w, https:\/\/sites.uef.fi\/peatresc\/wp-content\/uploads\/sites\/581\/2026\/03\/UEF_logo_EN-768x335.jpg 768w, https:\/\/sites.uef.fi\/peatresc\/wp-content\/uploads\/sites\/581\/2026\/03\/UEF_logo_EN-1536x670.jpg 1536w, https:\/\/sites.uef.fi\/peatresc\/wp-content\/uploads\/sites\/581\/2026\/03\/UEF_logo_EN.jpg 1920w\" sizes=\"auto, (max-width: 300px) 100vw, 300px\" \/><\/p>\n<\/div>\n\t\t\t\t<\/div>\n\t\t\t<\/div>\n\t\t\t\t\t<div class=\"accordion accordion-js\">\n\t\t\t\t<button class=\"accordion__button\" aria-controls=\"content-6075\" aria-expanded=\"false\" id=\"accordion-control-6075\">\n\t\t\t\t\t<h3 class=\"accordion__heading\" >\n\t\t\t\t\t\tHae tutkijatohtorin paikkaa!\t\t\t\t\t<\/h3>\n\t\t\t\t<\/button>\n\t\t\t\t<div class=\"accordion__content\" role=\"region\" aria-labelledby=\"accordion-control-6075\" aria-hidden=\"true\" id=\"content-6075\">\n\t\t\t\t\t<p>Etsimme kahta tutkijatohtoria osaksi <a href=\"https:\/\/uefconnect.uef.fi\/peattrees-suo-ja-maaekologian-tutkimusryhma\/\">Peat&amp;Trees &#8211; Suo ja maaekologian tutkimusryhm\u00e4\u00e4<\/a>, joka toimii It\u00e4-Suomen yliopiston <a href=\"https:\/\/www.uef.fi\/fi\/yksikko\/metsatieteiden-osasto\">Mets\u00e4tieteiden osastolla.<\/a><\/p>\n<div>Oletko jo v\u00e4itellyt? Etsimme tutkijatohtoreita tiimiimme selvitt\u00e4m\u00e4\u00e4n, mit\u00e4 pitk\u00e4aikaiset mittaussarjat soiden kasvihuonekaasujen vaihdosta paljastavat, sek\u00e4 tutkimaan ilmastonmuutoksen ja ennallistamisen seurauksena tapahtuvia muutoksia soiden kasvillisuudessa. Lue lis\u00e4\u00e4 tutkijatohtorin teht\u00e4vist\u00e4 ja hae paikkaa 29. huhtikuuta 2026 menness\u00e4:<\/div>\n<div><\/div>\n<div><span style=\"font-size: 1rem\">\ud83d\udd17<\/span>\u00a0<a href=\"https:\/\/uef.varbi.com\/fi\/what:job\/jobID:910493\/\">Tutkijatohtori (2 teht\u00e4v\u00e4\u00e4), suoekologia<\/a><\/div>\n<div><\/div>\n<div><\/div>\n<div>\n<p><img loading=\"lazy\" decoding=\"async\" class=\"wp-image-332 aligncenter\" src=\"https:\/\/sites.uef.fi\/peatresc\/wp-content\/uploads\/sites\/581\/2026\/04\/PeatTrees_Logo_cropped-267x300.jpg\" alt=\"\" width=\"194\" height=\"218\" srcset=\"https:\/\/sites.uef.fi\/peatresc\/wp-content\/uploads\/sites\/581\/2026\/04\/PeatTrees_Logo_cropped-267x300.jpg 267w, https:\/\/sites.uef.fi\/peatresc\/wp-content\/uploads\/sites\/581\/2026\/04\/PeatTrees_Logo_cropped.jpg 468w\" sizes=\"auto, (max-width: 194px) 100vw, 194px\" \/><\/p>\n<p><img loading=\"lazy\" decoding=\"async\" class=\"size-medium wp-image-199 aligncenter\" src=\"https:\/\/sites.uef.fi\/peatresc\/wp-content\/uploads\/sites\/581\/2026\/03\/UEF_logo_EN-300x131.jpg\" alt=\"\" width=\"300\" height=\"131\" srcset=\"https:\/\/sites.uef.fi\/peatresc\/wp-content\/uploads\/sites\/581\/2026\/03\/UEF_logo_EN-300x131.jpg 300w, https:\/\/sites.uef.fi\/peatresc\/wp-content\/uploads\/sites\/581\/2026\/03\/UEF_logo_EN-1024x446.jpg 1024w, https:\/\/sites.uef.fi\/peatresc\/wp-content\/uploads\/sites\/581\/2026\/03\/UEF_logo_EN-768x335.jpg 768w, https:\/\/sites.uef.fi\/peatresc\/wp-content\/uploads\/sites\/581\/2026\/03\/UEF_logo_EN-1536x670.jpg 1536w, https:\/\/sites.uef.fi\/peatresc\/wp-content\/uploads\/sites\/581\/2026\/03\/UEF_logo_EN.jpg 1920w\" sizes=\"auto, (max-width: 300px) 100vw, 300px\" \/><\/p>\n<\/div>\n\t\t\t\t<\/div>\n\t\t\t<\/div>\n\t\t\t\t\t<div class=\"accordion accordion-js\">\n\t\t\t\t<button class=\"accordion__button\" aria-controls=\"content-7461\" aria-expanded=\"false\" id=\"accordion-control-7461\">\n\t\t\t\t\t<h3 class=\"accordion__heading\" >\n\t\t\t\t\t\tPeatResCin kick-off tilaisuus YLE-uutisissa\t\t\t\t\t<\/h3>\n\t\t\t\t<\/button>\n\t\t\t\t<div class=\"accordion__content\" role=\"region\" aria-labelledby=\"accordion-control-7461\" aria-hidden=\"true\" id=\"content-7461\">\n\t\t\t\t\t<p>Tammikuussa j\u00e4rjestetty Suot, ilmastonmuutos ja ennallistaminen -huippuyksik\u00f6n avajaistilaisuus ker\u00e4si suotutkijoita paikan p\u00e4\u00e4lle Joensuuhun.<\/p>\n<p>YLE teki aiheesta jutun:<\/p>\n<p><a href=\"https:\/\/yle.fi\/a\/74-20204573\">\ud83d\udd17\u00a0Suomen Akatemian j\u00e4tti\u00adrahoituksen saanut tutkijayhteis\u00f6 haluaa k\u00e4\u00e4nt\u00e4\u00e4 katseet suolle \u2013 huippuyksikk\u00f6 aloitti jo ty\u00f6t | Kotimaa | Yle<\/a><\/p>\n<p><img loading=\"lazy\" decoding=\"async\" class=\"wp-image-340 aligncenter\" src=\"https:\/\/sites.uef.fi\/peatresc\/wp-content\/uploads\/sites\/581\/2026\/04\/yle-300x300.png\" alt=\"\" width=\"233\" height=\"233\" srcset=\"https:\/\/sites.uef.fi\/peatresc\/wp-content\/uploads\/sites\/581\/2026\/04\/yle-300x300.png 300w, https:\/\/sites.uef.fi\/peatresc\/wp-content\/uploads\/sites\/581\/2026\/04\/yle-150x150.png 150w, https:\/\/sites.uef.fi\/peatresc\/wp-content\/uploads\/sites\/581\/2026\/04\/yle.png 600w\" sizes=\"auto, (max-width: 233px) 100vw, 233px\" \/><\/p>\n<p>&nbsp;<\/p>\n\t\t\t\t<\/div>\n\t\t\t<\/div>\n\t\t\t\t\t<div class=\"accordion accordion-js\">\n\t\t\t\t<button class=\"accordion__button\" aria-controls=\"content-5920\" aria-expanded=\"false\" id=\"accordion-control-5920\">\n\t\t\t\t\t<h3 class=\"accordion__heading\" >\n\t\t\t\t\t\tSuomen Akatemia valitsi 11 uutta huippuyksikk\u00f6\u00e4 kaudelle 2026-2033\t\t\t\t\t<\/h3>\n\t\t\t\t<\/button>\n\t\t\t\t<div class=\"accordion__content\" role=\"region\" aria-labelledby=\"accordion-control-5920\" aria-hidden=\"true\" id=\"content-5920\">\n\t\t\t\t\t<p>Suomen Akatemia valitsi uudet tutkimuksen huippuyksik\u00f6t kaudelle 2026-2033.<\/p>\n<p>Kaksi uutta huippuyksikk\u00f6\u00e4 valittiin It\u00e4-Suomen yliopistosta. Huippuyksikk\u00f6mme <a href=\"https:\/\/uefconnect.uef.fi\/peatresc\/\">Suot, ilmastonmuutos ja ennallistaminen -huippuyksik\u00f6n<\/a> lis\u00e4ksi <a href=\"https:\/\/uefconnect.uef.fi\/ace-forest\/\">Antroposeenin ajan metsien kemiallisen ekologian tutkimuksen huippuyksikk\u00f6 (ACE-Forest)<\/a> valittiin ohjelmaan.<\/p>\n<p>Lue tiedote:<\/p>\n<p>\ud83d\udd17<a href=\"https:\/\/www.aka.fi\/tietoa-suomen-akatemiasta\/ajankohtaista\/tiedotteet-ja-uutiset\/2025\/suomen-akatemia-valitsi-11-uutta-tutkimuksen-huippuyksikkoa\/\">Suomen Akatemia valitsi 11 uutta tutkimuksen huippuyksikk\u00f6\u00e4<\/a><\/p>\n<p><img loading=\"lazy\" decoding=\"async\" class=\"size-medium wp-image-198 aligncenter\" src=\"https:\/\/sites.uef.fi\/peatresc\/wp-content\/uploads\/sites\/581\/2026\/03\/fin.x4696b1a8-300x201.png\" alt=\"\" width=\"300\" height=\"201\" srcset=\"https:\/\/sites.uef.fi\/peatresc\/wp-content\/uploads\/sites\/581\/2026\/03\/fin.x4696b1a8-300x201.png 300w, https:\/\/sites.uef.fi\/peatresc\/wp-content\/uploads\/sites\/581\/2026\/03\/fin.x4696b1a8.png 700w\" sizes=\"auto, (max-width: 300px) 100vw, 300px\" \/><\/p>\n\t\t\t\t<\/div>\n\t\t\t<\/div>\n\t\t\t<\/div>\n\t\n\n\n<figure class=\"wp-block-image size-full\"><img loading=\"lazy\" decoding=\"async\" width=\"979\" height=\"866\" src=\"https:\/\/sites.uef.fi\/peatresc\/wp-content\/uploads\/sites\/581\/2026\/03\/peat2-1.png\" alt=\"\" class=\"wp-image-197\" srcset=\"https:\/\/sites.uef.fi\/peatresc\/wp-content\/uploads\/sites\/581\/2026\/03\/peat2-1.png 979w, https:\/\/sites.uef.fi\/peatresc\/wp-content\/uploads\/sites\/581\/2026\/03\/peat2-1-300x265.png 300w, https:\/\/sites.uef.fi\/peatresc\/wp-content\/uploads\/sites\/581\/2026\/03\/peat2-1-768x679.png 768w\" sizes=\"auto, (max-width: 979px) 100vw, 979px\" \/><\/figure>\n","protected":false},"excerpt":{"rendered":"<p>Uutiset ja ajankohtaiset aiheet<\/p>\n","protected":false},"author":1378,"featured_media":0,"parent":0,"menu_order":0,"comment_status":"closed","ping_status":"closed","template":"","meta":{"_acf_changed":false,"footnotes":""},"class_list":["post-331","page","type-page","status-publish","hentry"],"acf":[],"yoast_head":"<!-- This site is optimized with the Yoast SEO plugin v27.3 - https:\/\/yoast.com\/product\/yoast-seo-wordpress\/ -->\n<title>Ajankohtaista - PeatResC - Centre of Excellence in Peatlands, Climate Change and Ecological Restoration<\/title>\n<meta name=\"description\" content=\"Uutiset ja ajankohtaiset asiat - PeatResC\" \/>\n<meta name=\"robots\" content=\"index, follow, max-snippet:-1, max-image-preview:large, max-video-preview:-1\" \/>\n<link rel=\"canonical\" href=\"https:\/\/sites.uef.fi\/peatresc\/ajankohtaista\/\" \/>\n<meta property=\"og:locale\" content=\"en_US\" \/>\n<meta property=\"og:type\" content=\"article\" \/>\n<meta property=\"og:title\" content=\"Ajankohtaista - PeatResC - Centre of Excellence in Peatlands, Climate Change and Ecological Restoration\" \/>\n<meta property=\"og:description\" content=\"Uutiset ja ajankohtaiset asiat - PeatResC\" \/>\n<meta property=\"og:url\" content=\"https:\/\/sites.uef.fi\/peatresc\/ajankohtaista\/?lang=fi\" \/>\n<meta property=\"og:site_name\" content=\"PeatResC - Centre of Excellence in Peatlands, Climate Change and Ecological Restoration\" \/>\n<meta property=\"article:modified_time\" content=\"2026-04-09T13:00:50+00:00\" \/>\n<meta property=\"og:image\" content=\"https:\/\/sites.uef.fi\/peatresc\/wp-content\/uploads\/sites\/581\/2026\/03\/big.png\" \/>\n\t<meta property=\"og:image:width\" content=\"1499\" \/>\n\t<meta property=\"og:image:height\" content=\"423\" \/>\n\t<meta property=\"og:image:type\" content=\"image\/png\" \/>\n<meta name=\"twitter:card\" content=\"summary_large_image\" \/>\n<meta name=\"twitter:label1\" content=\"Est. reading time\" \/>\n\t<meta name=\"twitter:data1\" content=\"1 minute\" \/>\n<script type=\"application\/ld+json\" class=\"yoast-schema-graph\">{\"@context\":\"https:\\\/\\\/schema.org\",\"@graph\":[{\"@type\":\"WebPage\",\"@id\":\"https:\\\/\\\/sites.uef.fi\\\/peatresc\\\/ajankohtaista\\\/?lang=fi\",\"url\":\"https:\\\/\\\/sites.uef.fi\\\/peatresc\\\/ajankohtaista\\\/?lang=fi\",\"name\":\"Ajankohtaista - PeatResC - Centre of Excellence in Peatlands, Climate Change and Ecological Restoration\",\"isPartOf\":{\"@id\":\"https:\\\/\\\/sites.uef.fi\\\/peatresc\\\/#website\"},\"primaryImageOfPage\":{\"@id\":\"https:\\\/\\\/sites.uef.fi\\\/peatresc\\\/ajankohtaista\\\/?lang=fi#primaryimage\"},\"image\":{\"@id\":\"https:\\\/\\\/sites.uef.fi\\\/peatresc\\\/ajankohtaista\\\/?lang=fi#primaryimage\"},\"thumbnailUrl\":\"https:\\\/\\\/sites.uef.fi\\\/peatresc\\\/wp-content\\\/uploads\\\/sites\\\/581\\\/2026\\\/03\\\/big-1024x289.png\",\"datePublished\":\"2026-04-09T11:25:21+00:00\",\"dateModified\":\"2026-04-09T13:00:50+00:00\",\"description\":\"Uutiset ja ajankohtaiset asiat - PeatResC\",\"breadcrumb\":{\"@id\":\"https:\\\/\\\/sites.uef.fi\\\/peatresc\\\/ajankohtaista\\\/?lang=fi#breadcrumb\"},\"inLanguage\":\"en-US\",\"potentialAction\":[{\"@type\":\"ReadAction\",\"target\":[\"https:\\\/\\\/sites.uef.fi\\\/peatresc\\\/ajankohtaista\\\/?lang=fi\"]}]},{\"@type\":\"ImageObject\",\"inLanguage\":\"en-US\",\"@id\":\"https:\\\/\\\/sites.uef.fi\\\/peatresc\\\/ajankohtaista\\\/?lang=fi#primaryimage\",\"url\":\"https:\\\/\\\/sites.uef.fi\\\/peatresc\\\/wp-content\\\/uploads\\\/sites\\\/581\\\/2026\\\/03\\\/big.png\",\"contentUrl\":\"https:\\\/\\\/sites.uef.fi\\\/peatresc\\\/wp-content\\\/uploads\\\/sites\\\/581\\\/2026\\\/03\\\/big.png\",\"width\":1499,\"height\":423},{\"@type\":\"BreadcrumbList\",\"@id\":\"https:\\\/\\\/sites.uef.fi\\\/peatresc\\\/ajankohtaista\\\/?lang=fi#breadcrumb\",\"itemListElement\":[{\"@type\":\"ListItem\",\"position\":1,\"name\":\"Etusivu\",\"item\":\"https:\\\/\\\/sites.uef.fi\\\/peatresc\\\/\"},{\"@type\":\"ListItem\",\"position\":2,\"name\":\"Ajankohtaista\"}]},{\"@type\":\"WebSite\",\"@id\":\"https:\\\/\\\/sites.uef.fi\\\/peatresc\\\/#website\",\"url\":\"https:\\\/\\\/sites.uef.fi\\\/peatresc\\\/\",\"name\":\"PeatResC - Centre of Excellence in Peatlands, Climate Change and Ecological Restoration\",\"description\":\"\",\"potentialAction\":[{\"@type\":\"SearchAction\",\"target\":{\"@type\":\"EntryPoint\",\"urlTemplate\":\"https:\\\/\\\/sites.uef.fi\\\/peatresc\\\/?s={search_term_string}\"},\"query-input\":{\"@type\":\"PropertyValueSpecification\",\"valueRequired\":true,\"valueName\":\"search_term_string\"}}],\"inLanguage\":\"en-US\"}]}<\/script>\n<!-- \/ Yoast SEO plugin. -->","yoast_head_json":{"title":"Ajankohtaista - PeatResC - Centre of Excellence in Peatlands, Climate Change and Ecological Restoration","description":"Uutiset ja ajankohtaiset asiat - PeatResC","robots":{"index":"index","follow":"follow","max-snippet":"max-snippet:-1","max-image-preview":"max-image-preview:large","max-video-preview":"max-video-preview:-1"},"canonical":"https:\/\/sites.uef.fi\/peatresc\/ajankohtaista\/","og_locale":"en_US","og_type":"article","og_title":"Ajankohtaista - PeatResC - Centre of Excellence in Peatlands, Climate Change and Ecological Restoration","og_description":"Uutiset ja ajankohtaiset asiat - PeatResC","og_url":"https:\/\/sites.uef.fi\/peatresc\/ajankohtaista\/?lang=fi","og_site_name":"PeatResC - Centre of Excellence in Peatlands, Climate Change and Ecological Restoration","article_modified_time":"2026-04-09T13:00:50+00:00","og_image":[{"width":1499,"height":423,"url":"https:\/\/sites.uef.fi\/peatresc\/wp-content\/uploads\/sites\/581\/2026\/03\/big.png","type":"image\/png"}],"twitter_card":"summary_large_image","twitter_misc":{"Est. reading time":"1 minute"},"schema":{"@context":"https:\/\/schema.org","@graph":[{"@type":"WebPage","@id":"https:\/\/sites.uef.fi\/peatresc\/ajankohtaista\/?lang=fi","url":"https:\/\/sites.uef.fi\/peatresc\/ajankohtaista\/?lang=fi","name":"Ajankohtaista - PeatResC - Centre of Excellence in Peatlands, Climate Change and Ecological Restoration","isPartOf":{"@id":"https:\/\/sites.uef.fi\/peatresc\/#website"},"primaryImageOfPage":{"@id":"https:\/\/sites.uef.fi\/peatresc\/ajankohtaista\/?lang=fi#primaryimage"},"image":{"@id":"https:\/\/sites.uef.fi\/peatresc\/ajankohtaista\/?lang=fi#primaryimage"},"thumbnailUrl":"https:\/\/sites.uef.fi\/peatresc\/wp-content\/uploads\/sites\/581\/2026\/03\/big-1024x289.png","datePublished":"2026-04-09T11:25:21+00:00","dateModified":"2026-04-09T13:00:50+00:00","description":"Uutiset ja ajankohtaiset asiat - PeatResC","breadcrumb":{"@id":"https:\/\/sites.uef.fi\/peatresc\/ajankohtaista\/?lang=fi#breadcrumb"},"inLanguage":"en-US","potentialAction":[{"@type":"ReadAction","target":["https:\/\/sites.uef.fi\/peatresc\/ajankohtaista\/?lang=fi"]}]},{"@type":"ImageObject","inLanguage":"en-US","@id":"https:\/\/sites.uef.fi\/peatresc\/ajankohtaista\/?lang=fi#primaryimage","url":"https:\/\/sites.uef.fi\/peatresc\/wp-content\/uploads\/sites\/581\/2026\/03\/big.png","contentUrl":"https:\/\/sites.uef.fi\/peatresc\/wp-content\/uploads\/sites\/581\/2026\/03\/big.png","width":1499,"height":423},{"@type":"BreadcrumbList","@id":"https:\/\/sites.uef.fi\/peatresc\/ajankohtaista\/?lang=fi#breadcrumb","itemListElement":[{"@type":"ListItem","position":1,"name":"Etusivu","item":"https:\/\/sites.uef.fi\/peatresc\/"},{"@type":"ListItem","position":2,"name":"Ajankohtaista"}]},{"@type":"WebSite","@id":"https:\/\/sites.uef.fi\/peatresc\/#website","url":"https:\/\/sites.uef.fi\/peatresc\/","name":"PeatResC - Centre of Excellence in Peatlands, Climate Change and Ecological Restoration","description":"","potentialAction":[{"@type":"SearchAction","target":{"@type":"EntryPoint","urlTemplate":"https:\/\/sites.uef.fi\/peatresc\/?s={search_term_string}"},"query-input":{"@type":"PropertyValueSpecification","valueRequired":true,"valueName":"search_term_string"}}],"inLanguage":"en-US"}]}},"_links":{"self":[{"href":"https:\/\/sites.uef.fi\/peatresc\/wp-json\/wp\/v2\/pages\/331","targetHints":{"allow":["GET"]}}],"collection":[{"href":"https:\/\/sites.uef.fi\/peatresc\/wp-json\/wp\/v2\/pages"}],"about":[{"href":"https:\/\/sites.uef.fi\/peatresc\/wp-json\/wp\/v2\/types\/page"}],"author":[{"embeddable":true,"href":"https:\/\/sites.uef.fi\/peatresc\/wp-json\/wp\/v2\/users\/1378"}],"replies":[{"embeddable":true,"href":"https:\/\/sites.uef.fi\/peatresc\/wp-json\/wp\/v2\/comments?post=331"}],"version-history":[{"count":1,"href":"https:\/\/sites.uef.fi\/peatresc\/wp-json\/wp\/v2\/pages\/331\/revisions"}],"predecessor-version":[{"id":341,"href":"https:\/\/sites.uef.fi\/peatresc\/wp-json\/wp\/v2\/pages\/331\/revisions\/341"}],"wp:attachment":[{"href":"https:\/\/sites.uef.fi\/peatresc\/wp-json\/wp\/v2\/media?parent=331"}],"curies":[{"name":"wp","href":"https:\/\/api.w.org\/{rel}","templated":true}]}}