{"id":10342,"date":"2025-04-02T10:58:29","date_gmt":"2025-04-02T07:58:29","guid":{"rendered":"https:\/\/sites.uef.fi\/photonics\/?page_id=10342"},"modified":"2025-05-26T08:29:31","modified_gmt":"2025-05-26T05:29:31","slug":"fotoniikka-55-vuotta-joensuussa","status":"publish","type":"page","link":"https:\/\/sites.uef.fi\/photonics\/fotoniikka-55-vuotta-joensuussa\/","title":{"rendered":"Fotoniikka 55 vuotta Joensuussa"},"content":{"rendered":"\n<figure class=\"wp-block-image size-large\"><img loading=\"lazy\" decoding=\"async\" width=\"1024\" height=\"536\" src=\"https:\/\/sites.uef.fi\/photonics\/wp-content\/uploads\/sites\/150\/2025\/04\/Nimeton-malli-1-1024x536.png\" alt=\"\" class=\"wp-image-10358\" srcset=\"https:\/\/sites.uef.fi\/photonics\/wp-content\/uploads\/sites\/150\/2025\/04\/Nimeton-malli-1-1024x536.png 1024w, https:\/\/sites.uef.fi\/photonics\/wp-content\/uploads\/sites\/150\/2025\/04\/Nimeton-malli-1-300x157.png 300w, https:\/\/sites.uef.fi\/photonics\/wp-content\/uploads\/sites\/150\/2025\/04\/Nimeton-malli-1-768x402.png 768w, https:\/\/sites.uef.fi\/photonics\/wp-content\/uploads\/sites\/150\/2025\/04\/Nimeton-malli-1.png 1200w\" sizes=\"auto, (max-width: 1024px) 100vw, 1024px\" \/><\/figure>\n\n\n\n<h2 class=\"wp-block-heading\"><strong>Juhlaseminaari<\/strong>&nbsp;<\/h2>\n\n\n\n<p>Optiikan ja fotoniikan tutkimus Joensuussa alkoi 55 vuotta sitten, juuri perustetussa Joensuun yliopistosta. Vuosien kuluessa fotoniikasta on kehittynyt merkitt\u00e4v\u00e4 alueellinen ja kansainv\u00e4linen osaamiskeskittym\u00e4 Joensuuhun. Haluamme juhlistaa t\u00e4t\u00e4 juhlaseminaarilla ja avoimien ovien tapahtumalla. Koronan takia v\u00e4list\u00e4 j\u00e4\u00e4neet 50-vuotisjuhlat juhlitaan nyt!<\/p>\n\n\n\n<p>Juhlaseminaarimme kokoaa yhteen kaikki fotoniikasta kiinnostuneet, niin asiantuntijat, tutkijat, opiskelijat, p\u00e4\u00e4tt\u00e4j\u00e4t kuin uteliaat kaupunkilaisetkin, pohtimaan fotoniikan tulevaisuuden merkityst\u00e4. Seminaarissa kuulemme puheenvuoroja Joensuun fotoniikan historiasta, nykytilasta ja tulevaisuuden n\u00e4kymist\u00e4.<\/p>\n\n\n\n<p>Tapahtuma tarjoaa tilaisuuden verkostoitumiseen ja keskusteluun alan kehityksest\u00e4.&nbsp;Ja my\u00f6s mahdollisuuden tutustua ylip\u00e4\u00e4t\u00e4\u00e4n fotoniikan maailmaan.<\/p>\n\n\n\n<p>Juhlaseminaarimme yhteydess\u00e4 j\u00e4rjest\u00e4mme my\u00f6s avointen ovien tapahtuman, johon on mahdollista osallistua seminaarin yhteydess\u00e4.<\/p>\n\n\n\n<p>Juhlaseminaari j\u00e4rjestet\u00e4\u00e4n <strong>tiistaina 27.5.2025 It\u00e4-Suomen yliopistolla salissa M100 <\/strong>(Metria, Yliopistokatu 7) kello 12 alkaen. <em>Tapahtuma on kaikille kiinnostuneille avoin.<\/em> <em>Seminaari on p\u00e4\u00e4osin suomenkielinen<\/em>. Seminaarissa kuvataan my\u00f6s tapahtumaan liittyv\u00e4 after movie.<\/p>\n\n\n\n<p><strong>Juhlaseminaarin ohjelma (muutosvarauksin):<\/strong>&nbsp;<\/p>\n\n\n\n<ul class=\"wp-block-list\">\n<li><strong>12:00 Avaussanat<\/strong><br><\/li>\n\n\n\n<li><strong>12:05 Joensuun kaupungin tervehdys<\/strong>&nbsp;<br>Jere Penttil\u00e4, kaupunginjohtaja, Joensuu<br><\/li>\n\n\n\n<li><strong>12:15 Holografiasta se fotoniikkatutkimus Joensuussa alkoi<\/strong><br>Kai Peiponen, emeritusprofessori&nbsp;<br><\/li>\n\n\n\n<li><strong>12:30 Fotoniikka t\u00e4ss\u00e4 ja nyt<\/strong><br>Jyrki Saarinen, fotoniikan tutkimuskeskuksen johtaja, UEF<br><\/li>\n\n\n\n<li><strong>12:45 Fotoniikan valoisa tulevaisuus<\/strong><br>Tapio M\u00e4\u00e4tt\u00e4, rehtori, UEF<br><\/li>\n\n\n\n<li><strong>13:00 Tie yliopiston fotoniikasta kansainv\u00e4liseksi liiketoiminnaksi <\/strong><br>Veli-Pekka Lepp\u00e4nen, toimitusjohtaja, Nanocomp<br><\/li>\n\n\n\n<li><em><strong>13.15<\/strong> <strong>Kahvitauko<\/strong><\/em><br><\/li>\n\n\n\n<li><strong>13:45 Anthem<\/strong><br><\/li>\n\n\n\n<li><strong>13:50 Fotoniikka &#8211; avain nopeampaan, puhtaampaan ja \u00e4lykk\u00e4\u00e4mp\u00e4\u00e4n maailmaan <\/strong><br>Paula Eerola, p\u00e4\u00e4johtaja, Suomen Akatemia<br><\/li>\n\n\n\n<li><strong>14:05 Fotoniikkaa fotoneilla <\/strong><br>Andreas Norrman, apulaisprofessori, UEF<br><\/li>\n\n\n\n<li><strong>14:20 Valoisa tulevaisuus syntyy yhdess\u00e4<\/strong><br>Kalevi P\u00f6l\u00f6nen, yksik\u00f6n p\u00e4\u00e4llikk\u00f6, ELY-keskus<br><\/li>\n\n\n\n<li><strong>14:35 Tie utopiaan kulkee fotoniikan kautta<\/strong><br>Risto Linturi, tulevaisuuden tutkija&nbsp;<br><\/li>\n<\/ul>\n\n\n\n<p>Tapahtuma on osa Kansainv\u00e4lisen valon p\u00e4iv\u00e4n virallista kuukausiohjelmaa.<\/p>\n\n\n\n<figure class=\"wp-block-image size-full is-resized\"><img loading=\"lazy\" decoding=\"async\" width=\"1024\" height=\"512\" src=\"https:\/\/sites.uef.fi\/photonics\/wp-content\/uploads\/sites\/150\/2025\/05\/IDL_logo.png\" alt=\"\" class=\"wp-image-10387\" style=\"width:414px;height:auto\" srcset=\"https:\/\/sites.uef.fi\/photonics\/wp-content\/uploads\/sites\/150\/2025\/05\/IDL_logo.png 1024w, https:\/\/sites.uef.fi\/photonics\/wp-content\/uploads\/sites\/150\/2025\/05\/IDL_logo-300x150.png 300w, https:\/\/sites.uef.fi\/photonics\/wp-content\/uploads\/sites\/150\/2025\/05\/IDL_logo-768x384.png 768w\" sizes=\"auto, (max-width: 1024px) 100vw, 1024px\" \/><\/figure>\n\n\n\n<h2 class=\"wp-block-heading\"><strong>Avoimet ovet<\/strong>&nbsp;<\/h2>\n\n\n\n<p>Juhlaseminaarin yhteydess\u00e4 on k\u00e4vij\u00f6ill\u00e4 my\u00f6s tilaisuus tutustua erilaiseen fotoniikkaan konkreettisesti.<\/p>\n\n\n\n<p>Avoimet ovet pidet\u00e4\u00e4n Metria rakennuksen ala-aulassa (Yliopistokatu 7) kello 10-18. Mahdollisuus tutustua esimerkiksi VR\/AR-teknologiaan, virtuaaliseen laboratoriokierrokseen, laser-kaiverrukseen ja spektrikuvaukseen. Lis\u00e4ksi j\u00e4rjest\u00e4mme ohjattuja tutustumiskierroksia fotoniikan tutkimuslaboratorioihin.<br><\/p>\n\n\n\n<p><a href=\"https:\/\/kamu.uef.fi\/tietopankki\/uudelle-opiskelijalle\/miten-loydan-kampukselle-ja-liikkuminen-kampuksella\/\">Katso saapumisohjeet kampukselle t\u00e4\u00e4lt\u00e4<\/a>.&nbsp;<\/p>\n\n\n\n<p><em>Lis\u00e4tiedot:<br>Pasi Vahimaa, <em>Professori <\/em><br><a href=\"mailto:pasi.vahimaa@uef.fi\">pasi.vahimaa@uef.fi<\/a>&nbsp;| 050 400 1594<\/em><\/p>\n\n\n\n<p><em>Katja Asikainen, hankeasiantuntija<br>katja.asikainen@uef.fi | 050 526 4936<\/em><\/p>\n\n\n\n<h2 class=\"wp-block-heading\"><strong>Photonics 55 Years in Joensuu<\/strong><\/h2>\n\n\n\n<p><strong>Anniversary Seminar<\/strong><\/p>\n\n\n\n<p>The anniversary seminar brings together experts, researchers, decission makers and students in photonics to celebrate achievements and discuss future opportunities. The seminar will feature talks on the history, current state, and future prospects of photonics in Joensuu. The event also offers opportunities for networking and discussions on industry developments. An open house event will be held in conjunction with the seminar.<\/p>\n\n\n\n<p>The seminar will take place on <strong>Tuesday, May 27, 2025<\/strong>, <strong>at the University of Eastern Finland, room M100 (Metria, Yliopistokatu 7), starting at 12:00 PM.<\/strong> <em>The seminar is mainly in Finnish and there will be also videoshooting.<\/em><\/p>\n\n\n\n<p>Registration for the seminar is open until Thursday, May 22. <a href=\"https:\/\/forms.office.com\/e\/YCcftZqnVg\">Registration here<\/a>.<\/p>\n\n\n\n<p>The event is part of International Day of Light activities.<\/p>\n\n\n\n<figure class=\"wp-block-image size-full is-resized\"><img loading=\"lazy\" decoding=\"async\" width=\"1024\" height=\"512\" src=\"https:\/\/sites.uef.fi\/photonics\/wp-content\/uploads\/sites\/150\/2025\/05\/IDL_logo-2.png\" alt=\"\" class=\"wp-image-10391\" style=\"width:422px;height:auto\" srcset=\"https:\/\/sites.uef.fi\/photonics\/wp-content\/uploads\/sites\/150\/2025\/05\/IDL_logo-2.png 1024w, https:\/\/sites.uef.fi\/photonics\/wp-content\/uploads\/sites\/150\/2025\/05\/IDL_logo-2-300x150.png 300w, https:\/\/sites.uef.fi\/photonics\/wp-content\/uploads\/sites\/150\/2025\/05\/IDL_logo-2-768x384.png 768w\" sizes=\"auto, (max-width: 1024px) 100vw, 1024px\" \/><\/figure>\n\n\n\n<h2 class=\"wp-block-heading\"><strong>Open House<\/strong><\/h2>\n\n\n\n<p>The University of Eastern Finland will host an open house and anniversary seminar in honor of the 55th anniversary of photonics on the Joensuu campus on Tuesday, May 27, 2025.<\/p>\n\n\n\n<p>The open house will be held in the lobby of the Metria building (Yliopistokatu 7) from 10:00 AM to 6:00 PM. Visitors will have the opportunity to explore VR\/AR technology, virtual lab tours, laser engraving, and spectral imaging.<\/p>\n","protected":false},"excerpt":{"rendered":"<p>Juhlaseminaari&nbsp; Optiikan ja fotoniikan tutkimus Joensuussa alkoi 55 vuotta sitten, juuri perustetussa Joensuun yliopistosta. Vuosien kuluessa fotoniikasta on kehittynyt merkitt\u00e4v\u00e4 alueellinen ja kansainv\u00e4linen osaamiskeskittym\u00e4 Joensuuhun. Haluamme juhlistaa t\u00e4t\u00e4 juhlaseminaarilla ja avoimien ovien tapahtumalla. Koronan takia v\u00e4list\u00e4 j\u00e4\u00e4neet 50-vuotisjuhlat juhlitaan nyt! Juhlaseminaarimme kokoaa yhteen kaikki fotoniikasta kiinnostuneet, niin asiantuntijat, tutkijat, opiskelijat, p\u00e4\u00e4tt\u00e4j\u00e4t kuin uteliaat kaupunkilaisetkin, pohtimaan [&hellip;]<\/p>\n","protected":false},"author":1153,"featured_media":0,"parent":0,"menu_order":0,"comment_status":"closed","ping_status":"closed","template":"","meta":{"_acf_changed":false,"_monsterinsights_skip_tracking":false,"_monsterinsights_sitenote_active":false,"_monsterinsights_sitenote_note":"","_monsterinsights_sitenote_category":0,"footnotes":""},"class_list":["post-10342","page","type-page","status-publish","hentry"],"acf":[],"yoast_head":"<!-- This site is optimized with the Yoast SEO plugin v27.1.1 - https:\/\/yoast.com\/product\/yoast-seo-wordpress\/ -->\n<title>Fotoniikka 55 vuotta Joensuussa - Center for Photonics Sciences<\/title>\n<meta name=\"robots\" content=\"index, follow, max-snippet:-1, max-image-preview:large, max-video-preview:-1\" \/>\n<link rel=\"canonical\" href=\"https:\/\/sites.uef.fi\/photonics\/fotoniikka-55-vuotta-joensuussa\/\" \/>\n<meta property=\"og:locale\" content=\"en_US\" \/>\n<meta property=\"og:type\" content=\"article\" \/>\n<meta property=\"og:title\" content=\"Fotoniikka 55 vuotta Joensuussa - Center for Photonics Sciences\" \/>\n<meta property=\"og:description\" content=\"Juhlaseminaari&nbsp; Optiikan ja fotoniikan tutkimus Joensuussa alkoi 55 vuotta sitten, juuri perustetussa Joensuun yliopistosta. Vuosien kuluessa fotoniikasta on kehittynyt merkitt\u00e4v\u00e4 alueellinen ja kansainv\u00e4linen osaamiskeskittym\u00e4 Joensuuhun. Haluamme juhlistaa t\u00e4t\u00e4 juhlaseminaarilla ja avoimien ovien tapahtumalla. Koronan takia v\u00e4list\u00e4 j\u00e4\u00e4neet 50-vuotisjuhlat juhlitaan nyt! Juhlaseminaarimme kokoaa yhteen kaikki fotoniikasta kiinnostuneet, niin asiantuntijat, tutkijat, opiskelijat, p\u00e4\u00e4tt\u00e4j\u00e4t kuin uteliaat kaupunkilaisetkin, pohtimaan [&hellip;]\" \/>\n<meta property=\"og:url\" content=\"https:\/\/sites.uef.fi\/photonics\/fotoniikka-55-vuotta-joensuussa\/\" \/>\n<meta property=\"og:site_name\" content=\"Center for Photonics Sciences\" \/>\n<meta property=\"article:modified_time\" content=\"2025-05-26T05:29:31+00:00\" \/>\n<meta property=\"og:image\" content=\"https:\/\/sites.uef.fi\/photonics\/wp-content\/uploads\/sites\/150\/2025\/04\/Nimeton-malli-1-1024x536.png\" \/>\n<meta name=\"twitter:card\" content=\"summary_large_image\" \/>\n<meta name=\"twitter:label1\" content=\"Est. reading time\" \/>\n\t<meta name=\"twitter:data1\" content=\"3 minutes\" \/>\n<script type=\"application\/ld+json\" class=\"yoast-schema-graph\">{\"@context\":\"https:\/\/schema.org\",\"@graph\":[{\"@type\":\"WebPage\",\"@id\":\"https:\/\/sites.uef.fi\/photonics\/fotoniikka-55-vuotta-joensuussa\/\",\"url\":\"https:\/\/sites.uef.fi\/photonics\/fotoniikka-55-vuotta-joensuussa\/\",\"name\":\"Fotoniikka 55 vuotta Joensuussa - Center for Photonics Sciences\",\"isPartOf\":{\"@id\":\"https:\/\/sites.uef.fi\/photonics\/#website\"},\"primaryImageOfPage\":{\"@id\":\"https:\/\/sites.uef.fi\/photonics\/fotoniikka-55-vuotta-joensuussa\/#primaryimage\"},\"image\":{\"@id\":\"https:\/\/sites.uef.fi\/photonics\/fotoniikka-55-vuotta-joensuussa\/#primaryimage\"},\"thumbnailUrl\":\"https:\/\/sites.uef.fi\/photonics\/wp-content\/uploads\/sites\/150\/2025\/04\/Nimeton-malli-1-1024x536.png\",\"datePublished\":\"2025-04-02T07:58:29+00:00\",\"dateModified\":\"2025-05-26T05:29:31+00:00\",\"breadcrumb\":{\"@id\":\"https:\/\/sites.uef.fi\/photonics\/fotoniikka-55-vuotta-joensuussa\/#breadcrumb\"},\"inLanguage\":\"en-US\",\"potentialAction\":[{\"@type\":\"ReadAction\",\"target\":[\"https:\/\/sites.uef.fi\/photonics\/fotoniikka-55-vuotta-joensuussa\/\"]}]},{\"@type\":\"ImageObject\",\"inLanguage\":\"en-US\",\"@id\":\"https:\/\/sites.uef.fi\/photonics\/fotoniikka-55-vuotta-joensuussa\/#primaryimage\",\"url\":\"https:\/\/sites.uef.fi\/photonics\/wp-content\/uploads\/sites\/150\/2025\/04\/Nimeton-malli-1.png\",\"contentUrl\":\"https:\/\/sites.uef.fi\/photonics\/wp-content\/uploads\/sites\/150\/2025\/04\/Nimeton-malli-1.png\",\"width\":1200,\"height\":628},{\"@type\":\"BreadcrumbList\",\"@id\":\"https:\/\/sites.uef.fi\/photonics\/fotoniikka-55-vuotta-joensuussa\/#breadcrumb\",\"itemListElement\":[{\"@type\":\"ListItem\",\"position\":1,\"name\":\"Home\",\"item\":\"https:\/\/sites.uef.fi\/photonics\/\"},{\"@type\":\"ListItem\",\"position\":2,\"name\":\"Fotoniikka 55 vuotta Joensuussa\"}]},{\"@type\":\"WebSite\",\"@id\":\"https:\/\/sites.uef.fi\/photonics\/#website\",\"url\":\"https:\/\/sites.uef.fi\/photonics\/\",\"name\":\"Center for Photonics Sciences\",\"description\":\"\",\"potentialAction\":[{\"@type\":\"SearchAction\",\"target\":{\"@type\":\"EntryPoint\",\"urlTemplate\":\"https:\/\/sites.uef.fi\/photonics\/?s={search_term_string}\"},\"query-input\":{\"@type\":\"PropertyValueSpecification\",\"valueRequired\":true,\"valueName\":\"search_term_string\"}}],\"inLanguage\":\"en-US\"}]}<\/script>\n<!-- \/ Yoast SEO plugin. -->","yoast_head_json":{"title":"Fotoniikka 55 vuotta Joensuussa - Center for Photonics Sciences","robots":{"index":"index","follow":"follow","max-snippet":"max-snippet:-1","max-image-preview":"max-image-preview:large","max-video-preview":"max-video-preview:-1"},"canonical":"https:\/\/sites.uef.fi\/photonics\/fotoniikka-55-vuotta-joensuussa\/","og_locale":"en_US","og_type":"article","og_title":"Fotoniikka 55 vuotta Joensuussa - Center for Photonics Sciences","og_description":"Juhlaseminaari&nbsp; Optiikan ja fotoniikan tutkimus Joensuussa alkoi 55 vuotta sitten, juuri perustetussa Joensuun yliopistosta. Vuosien kuluessa fotoniikasta on kehittynyt merkitt\u00e4v\u00e4 alueellinen ja kansainv\u00e4linen osaamiskeskittym\u00e4 Joensuuhun. Haluamme juhlistaa t\u00e4t\u00e4 juhlaseminaarilla ja avoimien ovien tapahtumalla. Koronan takia v\u00e4list\u00e4 j\u00e4\u00e4neet 50-vuotisjuhlat juhlitaan nyt! Juhlaseminaarimme kokoaa yhteen kaikki fotoniikasta kiinnostuneet, niin asiantuntijat, tutkijat, opiskelijat, p\u00e4\u00e4tt\u00e4j\u00e4t kuin uteliaat kaupunkilaisetkin, pohtimaan [&hellip;]","og_url":"https:\/\/sites.uef.fi\/photonics\/fotoniikka-55-vuotta-joensuussa\/","og_site_name":"Center for Photonics Sciences","article_modified_time":"2025-05-26T05:29:31+00:00","og_image":[{"url":"https:\/\/sites.uef.fi\/photonics\/wp-content\/uploads\/sites\/150\/2025\/04\/Nimeton-malli-1-1024x536.png","type":"","width":"","height":""}],"twitter_card":"summary_large_image","twitter_misc":{"Est. reading time":"3 minutes"},"schema":{"@context":"https:\/\/schema.org","@graph":[{"@type":"WebPage","@id":"https:\/\/sites.uef.fi\/photonics\/fotoniikka-55-vuotta-joensuussa\/","url":"https:\/\/sites.uef.fi\/photonics\/fotoniikka-55-vuotta-joensuussa\/","name":"Fotoniikka 55 vuotta Joensuussa - Center for Photonics Sciences","isPartOf":{"@id":"https:\/\/sites.uef.fi\/photonics\/#website"},"primaryImageOfPage":{"@id":"https:\/\/sites.uef.fi\/photonics\/fotoniikka-55-vuotta-joensuussa\/#primaryimage"},"image":{"@id":"https:\/\/sites.uef.fi\/photonics\/fotoniikka-55-vuotta-joensuussa\/#primaryimage"},"thumbnailUrl":"https:\/\/sites.uef.fi\/photonics\/wp-content\/uploads\/sites\/150\/2025\/04\/Nimeton-malli-1-1024x536.png","datePublished":"2025-04-02T07:58:29+00:00","dateModified":"2025-05-26T05:29:31+00:00","breadcrumb":{"@id":"https:\/\/sites.uef.fi\/photonics\/fotoniikka-55-vuotta-joensuussa\/#breadcrumb"},"inLanguage":"en-US","potentialAction":[{"@type":"ReadAction","target":["https:\/\/sites.uef.fi\/photonics\/fotoniikka-55-vuotta-joensuussa\/"]}]},{"@type":"ImageObject","inLanguage":"en-US","@id":"https:\/\/sites.uef.fi\/photonics\/fotoniikka-55-vuotta-joensuussa\/#primaryimage","url":"https:\/\/sites.uef.fi\/photonics\/wp-content\/uploads\/sites\/150\/2025\/04\/Nimeton-malli-1.png","contentUrl":"https:\/\/sites.uef.fi\/photonics\/wp-content\/uploads\/sites\/150\/2025\/04\/Nimeton-malli-1.png","width":1200,"height":628},{"@type":"BreadcrumbList","@id":"https:\/\/sites.uef.fi\/photonics\/fotoniikka-55-vuotta-joensuussa\/#breadcrumb","itemListElement":[{"@type":"ListItem","position":1,"name":"Home","item":"https:\/\/sites.uef.fi\/photonics\/"},{"@type":"ListItem","position":2,"name":"Fotoniikka 55 vuotta Joensuussa"}]},{"@type":"WebSite","@id":"https:\/\/sites.uef.fi\/photonics\/#website","url":"https:\/\/sites.uef.fi\/photonics\/","name":"Center for Photonics Sciences","description":"","potentialAction":[{"@type":"SearchAction","target":{"@type":"EntryPoint","urlTemplate":"https:\/\/sites.uef.fi\/photonics\/?s={search_term_string}"},"query-input":{"@type":"PropertyValueSpecification","valueRequired":true,"valueName":"search_term_string"}}],"inLanguage":"en-US"}]}},"_links":{"self":[{"href":"https:\/\/sites.uef.fi\/photonics\/wp-json\/wp\/v2\/pages\/10342","targetHints":{"allow":["GET"]}}],"collection":[{"href":"https:\/\/sites.uef.fi\/photonics\/wp-json\/wp\/v2\/pages"}],"about":[{"href":"https:\/\/sites.uef.fi\/photonics\/wp-json\/wp\/v2\/types\/page"}],"author":[{"embeddable":true,"href":"https:\/\/sites.uef.fi\/photonics\/wp-json\/wp\/v2\/users\/1153"}],"replies":[{"embeddable":true,"href":"https:\/\/sites.uef.fi\/photonics\/wp-json\/wp\/v2\/comments?post=10342"}],"version-history":[{"count":1,"href":"https:\/\/sites.uef.fi\/photonics\/wp-json\/wp\/v2\/pages\/10342\/revisions"}],"predecessor-version":[{"id":10413,"href":"https:\/\/sites.uef.fi\/photonics\/wp-json\/wp\/v2\/pages\/10342\/revisions\/10413"}],"wp:attachment":[{"href":"https:\/\/sites.uef.fi\/photonics\/wp-json\/wp\/v2\/media?parent=10342"}],"curies":[{"name":"wp","href":"https:\/\/api.w.org\/{rel}","templated":true}]}}