{"id":1794,"date":"2021-05-04T15:21:24","date_gmt":"2021-05-04T12:21:24","guid":{"rendered":"https:\/\/sites.uef.fi\/photonics\/?page_id=1794"},"modified":"2024-01-25T13:51:41","modified_gmt":"2024-01-25T11:51:41","slug":"equipment","status":"publish","type":"page","link":"https:\/\/sites.uef.fi\/photonics\/equipment\/","title":{"rendered":"Equipment"},"content":{"rendered":"\n<p>Below is the Center for Photonics Sciences\u2019 list of the devices, for which companies can rent usage-time. In our pricing, we follow the University of Eastern Finland\u2019s official price lists, which are checked annually.<\/p>\n\n\n\n<p>The usage of the devices requires training, and possibly also special equipment. For example, working in the cleanroom requires special clothing.<\/p>\n\n\n\n<p>For more information on the devices, on how to rent usage-time for them, and on the specific renting conditions, you will find the contact person in each group of devices.<\/p>\n\n\n\n<figure class=\"wp-block-image size-full is-resized\"><img loading=\"lazy\" decoding=\"async\" width=\"2560\" height=\"1703\" src=\"https:\/\/sites.uef.fi\/photonics\/wp-content\/uploads\/sites\/150\/2021\/05\/DSC_4940-scaled.jpg\" alt=\"\" class=\"wp-image-2531\" style=\"width:537px;height:auto\" srcset=\"https:\/\/sites.uef.fi\/photonics\/wp-content\/uploads\/sites\/150\/2021\/05\/DSC_4940-scaled.jpg 2560w, https:\/\/sites.uef.fi\/photonics\/wp-content\/uploads\/sites\/150\/2021\/05\/DSC_4940-300x200.jpg 300w, https:\/\/sites.uef.fi\/photonics\/wp-content\/uploads\/sites\/150\/2021\/05\/DSC_4940-1024x681.jpg 1024w, https:\/\/sites.uef.fi\/photonics\/wp-content\/uploads\/sites\/150\/2021\/05\/DSC_4940-768x511.jpg 768w, https:\/\/sites.uef.fi\/photonics\/wp-content\/uploads\/sites\/150\/2021\/05\/DSC_4940-1536x1022.jpg 1536w, https:\/\/sites.uef.fi\/photonics\/wp-content\/uploads\/sites\/150\/2021\/05\/DSC_4940-2048x1363.jpg 2048w\" sizes=\"auto, (max-width: 2560px) 100vw, 2560px\" \/><\/figure>\n\n\n\t<div id=\"accordion-block_a1ebec88dec457e674290ac26ac0c910\" class=\"accordions\">\n\t\t\t\t\t<div class=\"accordion accordion-js\">\n\t\t\t\t<button class=\"accordion__button\" aria-controls=\"content-3273\" aria-expanded=\"false\" id=\"accordion-control-3273\">\n\t\t\t\t\t<h3 class=\"accordion__heading\" >\n\t\t\t\t\t\t 3D-printing\t\t\t\t\t<\/h3>\n\t\t\t\t<\/button>\n\t\t\t\t<div class=\"accordion__content\" role=\"region\" aria-labelledby=\"accordion-control-3273\" aria-hidden=\"true\" id=\"content-3273\">\n\t\t\t\t\t<ul>\n<li>Custom-made 3D printer based on Luxexcel\u2019s Printoptical\u00a9 technology (proprietary inkjet printing technology)<\/li>\n<li>Mayku vacuum former<\/li>\n<li>Redsail X700 laser cutter<\/li>\n<li>Ultimaker 3D printer based on Fused Deposition Modeling (FDM) \/ Material extrusion<\/li>\n<li>Several LCD based SLA 3D printers (Anycubic photon, Phrozen Shuffle, Phrozen Sonic Mini 4K)<\/li>\n<\/ul>\n<p>Contact person:<br \/>\nPetri Karvinen, Research Manager<br \/>\ne-mail: petri.karvinen@uef.fi<br \/>\ntel: +358 50 324 7678<br \/>\n<a href=\"https:\/\/uefconnect.uef.fi\/henkilo\/petri.karvinen\/\">Petri Karvinen &#8211; UEFConnect<\/a><\/p>\n\t\t\t\t<\/div>\n\t\t\t<\/div>\n\t\t\t<\/div>\n\t\n\n\t<div id=\"accordion-block_0d5a3bb0b3df3b2d6c1eae83773ae373\" class=\"accordions\">\n\t\t\t\t\t<div class=\"accordion accordion-js\">\n\t\t\t\t<button class=\"accordion__button\" aria-controls=\"content-9381\" aria-expanded=\"false\" id=\"accordion-control-9381\">\n\t\t\t\t\t<h3 class=\"accordion__heading\" >\n\t\t\t\t\t\tCharacterization\t\t\t\t\t<\/h3>\n\t\t\t\t<\/button>\n\t\t\t\t<div class=\"accordion__content\" role=\"region\" aria-labelledby=\"accordion-control-9381\" aria-hidden=\"true\" id=\"content-9381\">\n\t\t\t\t\t<ul>\n<li>Bruker Vertex 70 infrared spectrometer (transmittance, ATR; 4000-650 cm-1 \/ 2,5-15,38 \u00b5m)<\/li>\n<li>Fluorescence microscope Zeiss Axioscope A1<\/li>\n<li>Fully motorized zoom macroscope Leica Z6 APO<\/li>\n<li>Hitachi S-4800 scanning electron beam microscope<\/li>\n<li>Thermo Electron Noran System Six 200 EDS detector<\/li>\n<li>Metricon 2010\/M prism coupler<\/li>\n<li>Newton 970 EMCCD + Kymera 193i spectrograph<\/li>\n<li>Nikon MA200 inverted microscope<\/li>\n<li>Panasonic UA3P 3100 high accuracy 3D surface profilometer<\/li>\n<li>PTMTEC R2R100UV roll-to-roll printer<\/li>\n<li>Renishaw inVia confocal Raman microscope (lasers 514 nm, 785 nm) and probe (785 nm)<\/li>\n<li>T200-Auto4 contact angle measurement<\/li>\n<li>VASE spectral ellipsometer capable for 260 \u2013 2060 nm wavelength range<\/li>\n<li>Zeiss LEO 1550 scanning electron beam microscope<\/li>\n<li>Alicona Mex-3D for SEM image metrology software<\/li>\n<\/ul>\n<p>Contact person:<br \/>\nPertti P\u00e4\u00e4kk\u00f6nen, Senior Laboratory Manager<br \/>\ne-mail: pertti.paakkonen@uef.fi<br \/>\ntel: +358 50 505 6376<br \/>\n<a href=\"https:\/\/uefconnect.uef.fi\/henkilo\/pertti.paakkonen\/\">Pertti P\u00e4\u00e4kk\u00f6nen &#8211; UEFConnect<\/a><\/p>\n\t\t\t\t<\/div>\n\t\t\t<\/div>\n\t\t\t<\/div>\n\t\n\n\t<div id=\"accordion-block_cdc83db74cc19d226fcbfbe0a6cf9688\" class=\"accordions\">\n\t\t\t\t\t<div class=\"accordion accordion-js\">\n\t\t\t\t<button class=\"accordion__button\" aria-controls=\"content-4006\" aria-expanded=\"false\" id=\"accordion-control-4006\">\n\t\t\t\t\t<h3 class=\"accordion__heading\" >\n\t\t\t\t\t\tDigital Cameras\t\t\t\t\t<\/h3>\n\t\t\t\t<\/button>\n\t\t\t\t<div class=\"accordion__content\" role=\"region\" aria-labelledby=\"accordion-control-4006\" aria-hidden=\"true\" id=\"content-4006\">\n\t\t\t\t\t<ul>\n<li>CMOS camera (Andor Zyla)<\/li>\n<li>FLIR SC2200 (thermal camera; 1000 \u2013 2500 nm)<\/li>\n<li>FLIR SC7600 (thermal camera; 1500 \u2013 5000 nm)<\/li>\n<li>Modified CCD camera for Deep UV imaging (Andor iKon-M, 200 \u2013 1000 nm)<\/li>\n<li>Modified Nikon D7000 DSLR cameras: Visible + Near infrared, (400-1000 nm and ultraviolet only (300 \u2013 400 nm)<\/li>\n<li>Photometrics PRIME BSI (cooled monochrome camera; 2048 x 2048 pixels)<\/li>\n<li>QImaging Retiga 4000DC (cooled monochrome camera; 2048 x 2048 pixels)<\/li>\n<li>Sensitive EMCCD camera with liquid cooling (Andor Ixon Ultra 888)<\/li>\n<li>Thermal camera FLIR E8 (320 x 240 pixels)<\/li>\n<li>Xenics Xeva (cooled monochrome camera, near-infrared range; 320 x 256 pixels, 900 \u2013 1700 nm)<\/li>\n<\/ul>\n<p>Contact person:<br \/>\nPertti P\u00e4\u00e4kk\u00f6nen, Senior Laboratory Manager<br \/>\ne-mail: pertti.paakkonen@uef.fi<br \/>\ntel: +358 50 505 6376<br \/>\n<a href=\"https:\/\/uefconnect.uef.fi\/henkilo\/pertti.paakkonen\/\">Pertti P\u00e4\u00e4kk\u00f6nen &#8211; UEFConnect<\/a><\/p>\n\t\t\t\t<\/div>\n\t\t\t<\/div>\n\t\t\t<\/div>\n\t\n\n\t<div id=\"accordion-block_c32431044b2740c984d79946f7257d37\" class=\"accordions\">\n\t\t\t\t\t<div class=\"accordion accordion-js\">\n\t\t\t\t<button class=\"accordion__button\" aria-controls=\"content-8898\" aria-expanded=\"false\" id=\"accordion-control-8898\">\n\t\t\t\t\t<h3 class=\"accordion__heading\" >\n\t\t\t\t\t\tLasers\t\t\t\t\t<\/h3>\n\t\t\t\t<\/button>\n\t\t\t\t<div class=\"accordion__content\" role=\"region\" aria-labelledby=\"accordion-control-8898\" aria-hidden=\"true\" id=\"content-8898\">\n\t\t\t\t\t<ul>\n<li>Cobolt Blues 25 mW solid state laser at 437 nm<\/li>\n<li>Cobolt Samba 25 mW solid state laser at 532 nm<\/li>\n<li>Cobolt Twist 25 mW solid state laser at 457 nm<\/li>\n<li>Cobolt Zouk 10 mW solid state laser at 355 nm<\/li>\n<li>Continuum Surelite II nanosecond laser at 1064 nm<\/li>\n<li>Innolight Mephisto 300 mW solid state laser at 1064 nm<\/li>\n<li>LaserVision OPO\/OPA 12 mJ tunable at 1.5 \u2013 3.5 \u00b5m<\/li>\n<li>Lotis Tii 15 mJ nanosecond laser at 532 nm<\/li>\n<li>Millenia Pro 5s JS 5W solid state laser at 532 nm<\/li>\n<li>Quantronix Integra C 3.5mJ femtosecond laser at 800 nm<\/li>\n<\/ul>\n<p>Contact person:<br \/>\nPertti P\u00e4\u00e4kk\u00f6nen, Senior Laboratory Manager<br \/>\ne-mail: pertti.paakkonen@uef.fi<br \/>\ntel: +358 50 505 6376<br \/>\n<a href=\"https:\/\/uefconnect.uef.fi\/henkilo\/pertti.paakkonen\/\">Pertti P\u00e4\u00e4kk\u00f6nen &#8211; UEFConnect<\/a><\/p>\n\t\t\t\t<\/div>\n\t\t\t<\/div>\n\t\t\t<\/div>\n\t\n\n\t<div id=\"accordion-block_4a09fed52451b1cbe063f88376088eef\" class=\"accordions\">\n\t\t\t\t\t<div class=\"accordion accordion-js\">\n\t\t\t\t<button class=\"accordion__button\" aria-controls=\"content-3076\" aria-expanded=\"false\" id=\"accordion-control-3076\">\n\t\t\t\t\t<h3 class=\"accordion__heading\" >\n\t\t\t\t\t\t Micro- and nanofabrication\t\t\t\t\t<\/h3>\n\t\t\t\t<\/button>\n\t\t\t\t<div class=\"accordion__content\" role=\"region\" aria-labelledby=\"accordion-control-3076\" aria-hidden=\"true\" id=\"content-3076\">\n\t\t\t\t\t<ul>\n<li>Beneq TFS-200 Atomic Layer Deposition system<\/li>\n<li>Disco DAD3240 wafer dicing saw<\/li>\n<li>Electron beam patterning tool EBPG5000+ES<\/li>\n<li>Inseto PE50XL plasma asher<\/li>\n<li>Jenoptik EFNI-01 Nickel electroplater<\/li>\n<li>Kurt J. Lesker custom nanocarbon reactor<\/li>\n<li>Kurt J. Lesker LAB 18 Physical Vapour Deposition<\/li>\n<li>Moorfield MiniLab 026 vacuum evaporator and DC sputter coater<\/li>\n<li>Obducat EITRE-3 Nanoimprint lithography system<\/li>\n<li>OptiCoat ST 22 spin coater<\/li>\n<li>OptiSpin SST 20 spin developer<\/li>\n<li>Oxford Instruments Plasmalab Cobra 100 RIE\/ICP etching system<\/li>\n<li>Oxford Instruments Plasmalab 80 RIE\/ICP etching system<\/li>\n<li>PTMTEC R2R100UV roll-to-roll printer<\/li>\n<li>Quorum Q300T sputter coater<\/li>\n<li>Raith EBPG5000+ES electron beam writer<\/li>\n<li>Genisys GmbH BEAMER software for electron beam data generation<\/li>\n<\/ul>\n<p>Contact person:<br \/>\nPertti P\u00e4\u00e4kk\u00f6nen, Senior Laboratory Manager<br \/>\ne-mail: pertti.paakkonen@uef.fi<br \/>\ntel: +358 50 505 6376<br \/>\n<a href=\"https:\/\/uefconnect.uef.fi\/henkilo\/pertti.paakkonen\/\">Pertti P\u00e4\u00e4kk\u00f6nen &#8211; UEFConnect<\/a><\/p>\n\t\t\t\t<\/div>\n\t\t\t<\/div>\n\t\t\t<\/div>\n\t\n\n\t<div id=\"accordion-block_6587ed1835637a2c84aa54f51e73728b\" class=\"accordions\">\n\t\t\t\t\t<div class=\"accordion accordion-js\">\n\t\t\t\t<button class=\"accordion__button\" aria-controls=\"content-1074\" aria-expanded=\"false\" id=\"accordion-control-1074\">\n\t\t\t\t\t<h3 class=\"accordion__heading\" >\n\t\t\t\t\t\tSpectral measurements\t\t\t\t\t<\/h3>\n\t\t\t\t<\/button>\n\t\t\t\t<div class=\"accordion__content\" role=\"region\" aria-labelledby=\"accordion-control-1074\" aria-hidden=\"true\" id=\"content-1074\">\n\t\t\t\t\t<p><strong>Monochromator<\/strong><\/p>\n<ul>\n<li>Oriel CornerStone CS130-USB-1-MC (200 \u2013 1200 nm)<\/li>\n<\/ul>\n<p><strong>Spectral cameras<\/strong><\/p>\n<ul>\n<li>Cri Nuance EX (portable; absolute or relative reflection\/transmission\/emission; 1392 x 1040 pixels, 450 \u2013 950 nm, 10 nm steps)<\/li>\n<li>Cri Nuance VIS (portable; absolute or relative reflection\/transmission\/emission; 1392 x 1040 pixels, 420 \u2013 720 nm, 10 nm steps)<\/li>\n<li>FluxData FD-1665-MS7 (video camera; absolute or relative reflection\/transmission\/emission; 1392 x 1040 pixels, 7 spectral bands, 400 \u2013 950 nm, 30 frames\/s)<\/li>\n<li>Specim ImSpector N25E (reflectance; 1000 \u2013 2500 nm)<\/li>\n<li>Specim ImSpector V10E (reflectance; 400 \u2013 1000 nm)<\/li>\n<li>Specim IQ (portable; absolute or relative reflection\/transmission\/emission; 512 x 512 pixels, 400 \u2013 1000 nm)<\/li>\n<\/ul>\n<p><strong>Spectrometers<\/strong><\/p>\n<ul>\n<li>FLAME-S-VIS-NIR-ESFLAME-S-VIS-NIR-ES (fiber spectrometer; spectral measurements; 350 \u2013 1000 nm)<\/li>\n<li>Hamamatsu PMA-11 (fiber spectrometer; spectral measurements; 200 \u2013 950 nm)<\/li>\n<li>Hamamatsu PMA-12 (fiber spectrometer; spectral measurements; 200 \u2013 950 nm)<\/li>\n<li>Specim V10 + optical fibers (multi-point spectral measurements, 40 optical fibers; 400 \u2013 1000 nm)<\/li>\n<\/ul>\n<p><strong>Spectrophotometers<\/strong><\/p>\n<ul>\n<li>Konica-Minolta CL-500A (spectral measurements; 380 \u2013 780 nm)<\/li>\n<li>Perkin Elmer Lambda-18 (spectral reflectance, transmittance, and absorbance measurements; 250 \u2013 900 nm)<\/li>\n<li>Perkin Elmer Lambda-9 (spectral reflectance, transmittance, and absorbance measurements; 250 \u2013 2000 nm)<\/li>\n<li>Perkin Elmer Lambda 1050 (reflectance, transmittance, and absorbance measurements; 175 \u2013 2500 nm)<\/li>\n<li>Perkin Elmer Lambda FL-8500 (spectral fluorescence measurements; 200 \u2013 900 nm)<\/li>\n<li>Perkin Elmer Lambda 900 UV\/Vis\/NIR spectrometer (solid state reflectance and transmittance 780 \u2013 2500 nm, liquid state absorbance and transmittance, 780 \u2013 3300 nm)<\/li>\n<\/ul>\n<p><strong>Spectroradiometers<\/strong><\/p>\n<ul>\n<li>Konica-Minolta CS-2000 (spectral measurements; radiometric quantities; 380 \u2013 780 nm)<\/li>\n<li>Konica-Minolta CL-2000A Spectroradiometer (radiometric quantities; 380 \u2013 780 nm)<\/li>\n<\/ul>\n<p><strong>Other devices<\/strong><\/p>\n<ul>\n<li>Adjustable narrow-band (15 nm FWHM in 1 nm steps) Xenon light source with angle-tunable thin-film interference filters and liquid light guides (338 \u2013 700 nm + IR)<\/li>\n<li>Chlorophyll-fluorescence imaging and measurement devices: PSI Closed FluorCam 800MF, Handy FluorCam FC1000H, Micro FluorCam, and FluorPens<\/li>\n<li>Cri VariSpec LCTF-filters (VIS and NIR)<\/li>\n<li>FLIR A700 LWIR camera 7.5 \u00b5m &#8211; 14 \u00b5m<\/li>\n<li>Gigahertz Optik Spectral irradiance standards 250 nm &#8211; 2500 nm<\/li>\n<li>GretagMacbeth SpectraLight III light booth (light sources: D65, A, Horizon, etc.)<\/li>\n<li>Measurement device for chlorophyll, flavonoid and anthocyanin content: Dualex Scientific+<\/li>\n<li>Specialty objectives, such as UV macro Nikon Raytrix 105 (200 \u2013 1000 nm) and Specim OLES Macro lens for spectral imaging n the SWIR region<\/li>\n<li>Thorlabs SLS301 stabilized quartz-tungsten-halogen light source (1.6 W, 360\u20132700 nm \/ 360\u20133800 nm (backport))<\/li>\n<li>Wide selection of powerful UV and VIS LEDs<\/li>\n<\/ul>\n<p>Contact person:<br \/>\nDmitry Semenov, Research Manager<br \/>\ne-mail: dmitry.semenov@uef.fi<br \/>\ntel: +358 50 3043941<br \/>\n<a href=\"https:\/\/uefconnect.uef.fi\/en\/person\/dmitri.semenov\/\">Dmitry Semenov &#8211; UEFConnect<\/a><\/p>\n\t\t\t\t<\/div>\n\t\t\t<\/div>\n\t\t\t<\/div>\n\t","protected":false},"excerpt":{"rendered":"<p>Below is the Center for Photonics Sciences\u2019 list of the devices, for which companies can rent usage-time. In our pricing, we follow the University of Eastern Finland\u2019s official price lists, which are checked annually. The usage of the devices requires training, and possibly also special equipment. For example, working in the cleanroom requires special clothing. [&hellip;]<\/p>\n","protected":false},"author":243,"featured_media":0,"parent":0,"menu_order":0,"comment_status":"closed","ping_status":"closed","template":"","meta":{"_acf_changed":false,"_monsterinsights_skip_tracking":false,"_monsterinsights_sitenote_active":false,"_monsterinsights_sitenote_note":"","_monsterinsights_sitenote_category":0,"footnotes":""},"class_list":["post-1794","page","type-page","status-publish","hentry"],"acf":[],"yoast_head":"<!-- This site is optimized with the Yoast SEO plugin v27.3 - https:\/\/yoast.com\/product\/yoast-seo-wordpress\/ -->\n<title>Equipment - Center for Photonics Sciences<\/title>\n<meta name=\"robots\" content=\"index, follow, max-snippet:-1, max-image-preview:large, max-video-preview:-1\" \/>\n<link rel=\"canonical\" href=\"https:\/\/sites.uef.fi\/photonics\/equipment\/\" \/>\n<meta property=\"og:locale\" content=\"en_US\" \/>\n<meta property=\"og:type\" content=\"article\" \/>\n<meta property=\"og:title\" content=\"Equipment - Center for Photonics Sciences\" \/>\n<meta property=\"og:description\" content=\"Below is the Center for Photonics Sciences\u2019 list of the devices, for which companies can rent usage-time. In our pricing, we follow the University of Eastern Finland\u2019s official price lists, which are checked annually. The usage of the devices requires training, and possibly also special equipment. For example, working in the cleanroom requires special clothing. [&hellip;]\" \/>\n<meta property=\"og:url\" content=\"https:\/\/sites.uef.fi\/photonics\/equipment\/\" \/>\n<meta property=\"og:site_name\" content=\"Center for Photonics Sciences\" \/>\n<meta property=\"article:modified_time\" content=\"2024-01-25T11:51:41+00:00\" \/>\n<meta property=\"og:image\" content=\"https:\/\/sites.uef.fi\/photonics\/wp-content\/uploads\/sites\/150\/2021\/05\/DSC_4940-scaled.jpg\" \/>\n<meta name=\"twitter:card\" content=\"summary_large_image\" \/>\n<meta name=\"twitter:label1\" content=\"Est. reading time\" \/>\n\t<meta name=\"twitter:data1\" content=\"1 minute\" \/>\n<script type=\"application\/ld+json\" class=\"yoast-schema-graph\">{\"@context\":\"https:\\\/\\\/schema.org\",\"@graph\":[{\"@type\":\"WebPage\",\"@id\":\"https:\\\/\\\/sites.uef.fi\\\/photonics\\\/equipment\\\/\",\"url\":\"https:\\\/\\\/sites.uef.fi\\\/photonics\\\/equipment\\\/\",\"name\":\"Equipment - Center for Photonics Sciences\",\"isPartOf\":{\"@id\":\"https:\\\/\\\/sites.uef.fi\\\/photonics\\\/#website\"},\"primaryImageOfPage\":{\"@id\":\"https:\\\/\\\/sites.uef.fi\\\/photonics\\\/equipment\\\/#primaryimage\"},\"image\":{\"@id\":\"https:\\\/\\\/sites.uef.fi\\\/photonics\\\/equipment\\\/#primaryimage\"},\"thumbnailUrl\":\"https:\\\/\\\/sites.uef.fi\\\/photonics\\\/wp-content\\\/uploads\\\/sites\\\/150\\\/2021\\\/05\\\/DSC_4940-scaled.jpg\",\"datePublished\":\"2021-05-04T12:21:24+00:00\",\"dateModified\":\"2024-01-25T11:51:41+00:00\",\"breadcrumb\":{\"@id\":\"https:\\\/\\\/sites.uef.fi\\\/photonics\\\/equipment\\\/#breadcrumb\"},\"inLanguage\":\"en-US\",\"potentialAction\":[{\"@type\":\"ReadAction\",\"target\":[\"https:\\\/\\\/sites.uef.fi\\\/photonics\\\/equipment\\\/\"]}]},{\"@type\":\"ImageObject\",\"inLanguage\":\"en-US\",\"@id\":\"https:\\\/\\\/sites.uef.fi\\\/photonics\\\/equipment\\\/#primaryimage\",\"url\":\"https:\\\/\\\/sites.uef.fi\\\/photonics\\\/wp-content\\\/uploads\\\/sites\\\/150\\\/2021\\\/05\\\/DSC_4940-scaled.jpg\",\"contentUrl\":\"https:\\\/\\\/sites.uef.fi\\\/photonics\\\/wp-content\\\/uploads\\\/sites\\\/150\\\/2021\\\/05\\\/DSC_4940-scaled.jpg\",\"width\":2560,\"height\":1703},{\"@type\":\"BreadcrumbList\",\"@id\":\"https:\\\/\\\/sites.uef.fi\\\/photonics\\\/equipment\\\/#breadcrumb\",\"itemListElement\":[{\"@type\":\"ListItem\",\"position\":1,\"name\":\"Home\",\"item\":\"https:\\\/\\\/sites.uef.fi\\\/photonics\\\/\"},{\"@type\":\"ListItem\",\"position\":2,\"name\":\"Equipment\"}]},{\"@type\":\"WebSite\",\"@id\":\"https:\\\/\\\/sites.uef.fi\\\/photonics\\\/#website\",\"url\":\"https:\\\/\\\/sites.uef.fi\\\/photonics\\\/\",\"name\":\"Center for Photonics Sciences\",\"description\":\"\",\"potentialAction\":[{\"@type\":\"SearchAction\",\"target\":{\"@type\":\"EntryPoint\",\"urlTemplate\":\"https:\\\/\\\/sites.uef.fi\\\/photonics\\\/?s={search_term_string}\"},\"query-input\":{\"@type\":\"PropertyValueSpecification\",\"valueRequired\":true,\"valueName\":\"search_term_string\"}}],\"inLanguage\":\"en-US\"}]}<\/script>\n<!-- \/ Yoast SEO plugin. -->","yoast_head_json":{"title":"Equipment - Center for Photonics Sciences","robots":{"index":"index","follow":"follow","max-snippet":"max-snippet:-1","max-image-preview":"max-image-preview:large","max-video-preview":"max-video-preview:-1"},"canonical":"https:\/\/sites.uef.fi\/photonics\/equipment\/","og_locale":"en_US","og_type":"article","og_title":"Equipment - Center for Photonics Sciences","og_description":"Below is the Center for Photonics Sciences\u2019 list of the devices, for which companies can rent usage-time. In our pricing, we follow the University of Eastern Finland\u2019s official price lists, which are checked annually. The usage of the devices requires training, and possibly also special equipment. For example, working in the cleanroom requires special clothing. [&hellip;]","og_url":"https:\/\/sites.uef.fi\/photonics\/equipment\/","og_site_name":"Center for Photonics Sciences","article_modified_time":"2024-01-25T11:51:41+00:00","og_image":[{"url":"https:\/\/sites.uef.fi\/photonics\/wp-content\/uploads\/sites\/150\/2021\/05\/DSC_4940-scaled.jpg","type":"","width":"","height":""}],"twitter_card":"summary_large_image","twitter_misc":{"Est. reading time":"1 minute"},"schema":{"@context":"https:\/\/schema.org","@graph":[{"@type":"WebPage","@id":"https:\/\/sites.uef.fi\/photonics\/equipment\/","url":"https:\/\/sites.uef.fi\/photonics\/equipment\/","name":"Equipment - Center for Photonics Sciences","isPartOf":{"@id":"https:\/\/sites.uef.fi\/photonics\/#website"},"primaryImageOfPage":{"@id":"https:\/\/sites.uef.fi\/photonics\/equipment\/#primaryimage"},"image":{"@id":"https:\/\/sites.uef.fi\/photonics\/equipment\/#primaryimage"},"thumbnailUrl":"https:\/\/sites.uef.fi\/photonics\/wp-content\/uploads\/sites\/150\/2021\/05\/DSC_4940-scaled.jpg","datePublished":"2021-05-04T12:21:24+00:00","dateModified":"2024-01-25T11:51:41+00:00","breadcrumb":{"@id":"https:\/\/sites.uef.fi\/photonics\/equipment\/#breadcrumb"},"inLanguage":"en-US","potentialAction":[{"@type":"ReadAction","target":["https:\/\/sites.uef.fi\/photonics\/equipment\/"]}]},{"@type":"ImageObject","inLanguage":"en-US","@id":"https:\/\/sites.uef.fi\/photonics\/equipment\/#primaryimage","url":"https:\/\/sites.uef.fi\/photonics\/wp-content\/uploads\/sites\/150\/2021\/05\/DSC_4940-scaled.jpg","contentUrl":"https:\/\/sites.uef.fi\/photonics\/wp-content\/uploads\/sites\/150\/2021\/05\/DSC_4940-scaled.jpg","width":2560,"height":1703},{"@type":"BreadcrumbList","@id":"https:\/\/sites.uef.fi\/photonics\/equipment\/#breadcrumb","itemListElement":[{"@type":"ListItem","position":1,"name":"Home","item":"https:\/\/sites.uef.fi\/photonics\/"},{"@type":"ListItem","position":2,"name":"Equipment"}]},{"@type":"WebSite","@id":"https:\/\/sites.uef.fi\/photonics\/#website","url":"https:\/\/sites.uef.fi\/photonics\/","name":"Center for Photonics Sciences","description":"","potentialAction":[{"@type":"SearchAction","target":{"@type":"EntryPoint","urlTemplate":"https:\/\/sites.uef.fi\/photonics\/?s={search_term_string}"},"query-input":{"@type":"PropertyValueSpecification","valueRequired":true,"valueName":"search_term_string"}}],"inLanguage":"en-US"}]}},"_links":{"self":[{"href":"https:\/\/sites.uef.fi\/photonics\/wp-json\/wp\/v2\/pages\/1794","targetHints":{"allow":["GET"]}}],"collection":[{"href":"https:\/\/sites.uef.fi\/photonics\/wp-json\/wp\/v2\/pages"}],"about":[{"href":"https:\/\/sites.uef.fi\/photonics\/wp-json\/wp\/v2\/types\/page"}],"author":[{"embeddable":true,"href":"https:\/\/sites.uef.fi\/photonics\/wp-json\/wp\/v2\/users\/243"}],"replies":[{"embeddable":true,"href":"https:\/\/sites.uef.fi\/photonics\/wp-json\/wp\/v2\/comments?post=1794"}],"version-history":[{"count":2,"href":"https:\/\/sites.uef.fi\/photonics\/wp-json\/wp\/v2\/pages\/1794\/revisions"}],"predecessor-version":[{"id":9079,"href":"https:\/\/sites.uef.fi\/photonics\/wp-json\/wp\/v2\/pages\/1794\/revisions\/9079"}],"wp:attachment":[{"href":"https:\/\/sites.uef.fi\/photonics\/wp-json\/wp\/v2\/media?parent=1794"}],"curies":[{"name":"wp","href":"https:\/\/api.w.org\/{rel}","templated":true}]}}