{"id":1977,"date":"2021-05-04T15:40:13","date_gmt":"2021-05-04T12:40:13","guid":{"rendered":"https:\/\/sites.uef.fi\/photonics\/?page_id=1977"},"modified":"2023-12-19T14:03:47","modified_gmt":"2023-12-19T12:03:47","slug":"eye-tracking-and-usability-studies","status":"publish","type":"page","link":"https:\/\/sites.uef.fi\/photonics\/eye-tracking-and-usability-studies\/?lang=fi","title":{"rendered":"Katseenseuranta- ja k\u00e4ytett\u00e4vyystutkimukset"},"content":{"rendered":"\n<p>Tarjoamme katseenseurantaan perustuvia k\u00e4ytett\u00e4vyystutkimuksia. Nopealla ja tarkalla silm\u00e4nliikkeiden monitoroimisella ja tallentamisella saadaan yksityiskohtaista tietoa henkil\u00f6n k\u00e4ytt\u00e4ytymisest\u00e4 (mihin k\u00e4ytt\u00e4j\u00e4 kohdistaa katseensa, milloin ja kuinka pitk\u00e4ksi aikaa). T\u00e4m\u00e4 antaa tietoa mm. k\u00e4ytt\u00e4j\u00e4n mielenkiinnon kohteista, mielentilasta, keskittymiskyvyst\u00e4, h\u00e4iri\u00f6tekij\u00f6ist\u00e4 ja tunnetiloista.<\/p>\n\n\n\n<p>Katseenseurantamittauksia voidaan hy\u00f6dynt\u00e4\u00e4 mm. ajoneuvojen, ty\u00f6koneiden ja laitteiden k\u00e4yt\u00f6n opetuksessa, sek\u00e4 erilaisten koneiden, ymp\u00e4rist\u00f6jen ja tuotteiden k\u00e4ytett\u00e4vyyden parantamisessa. Lis\u00e4ksi katseenseurantaa voidaan hy\u00f6dynt\u00e4\u00e4 kuluttajien ostosk\u00e4ytt\u00e4ytymiseen liittyviss\u00e4 selvityksiss\u00e4 ja opetusteknologiaan liittyviss\u00e4 tutkimuksissa, kuten esim. opetusymp\u00e4rist\u00f6jen arvioinneissa sek\u00e4 oppilaiden vuorovaikutuksen seuraamiseen luokissa ja digitaalisissa ymp\u00e4rist\u00f6iss\u00e4.<\/p>\n\n\n\n<p><b>Laitteistot<\/b><br>Laboratorioomme kuuluvat mm. seuraavat laitteet:<\/p>\n\n\n\n<ul class=\"wp-block-list\">\n<li>Tobii TX300 Eye Tracker \u2013katseenseurantalaitteisto<\/li>\n\n\n\n<li>Tobii T120 Eye Tracker \u2013katseenseurantalaitteisto<\/li>\n\n\n\n<li>SMI Eye Tracking Glasses \u2013katseenseurantalasit<\/li>\n\n\n\n<li>Pupil Labs Headset \u2013katseenseurantalasit<\/li>\n\n\n\n<li>Fove VR \u2013katseenseurantalasit<\/li>\n<\/ul>\n\n\n\n<p><b>Hinta<\/b><br>Noudatamme hinnoittelussa yliopiston vuosittain vahvistamaa hinnastoa.<\/p>\n\n\n\n<p><strong>Yhteyshenkil\u00f6<\/strong><\/p>\n\n\n\n<p>Roman Bednarik, yliopistotutkija<br>email: roman.bednarik@uef.fi<br>puh. 041 430 6116<br><a href=\"https:\/\/uefconnect.uef.fi\/henkilo\/roman.bednarik\/\">Roman Bednarik &#8211; UEF Connect<\/a><br>It\u00e4-Suomen yliopisto, Tietojenk\u00e4sittelytieteen laitos<br>Joensuun Tiedepuisto, L\u00e4nsikatu 15, 80110 Joensuu<\/p>\n","protected":false},"excerpt":{"rendered":"<p>Tarjoamme katseenseurantaan perustuvia k\u00e4ytett\u00e4vyystutkimuksia. Nopealla ja tarkalla silm\u00e4nliikkeiden monitoroimisella ja tallentamisella saadaan yksityiskohtaista tietoa henkil\u00f6n k\u00e4ytt\u00e4ytymisest\u00e4 (mihin k\u00e4ytt\u00e4j\u00e4 kohdistaa katseensa, milloin ja kuinka pitk\u00e4ksi aikaa). T\u00e4m\u00e4 antaa tietoa mm. k\u00e4ytt\u00e4j\u00e4n mielenkiinnon kohteista, mielentilasta, keskittymiskyvyst\u00e4, h\u00e4iri\u00f6tekij\u00f6ist\u00e4 ja tunnetiloista. Katseenseurantamittauksia voidaan hy\u00f6dynt\u00e4\u00e4 mm. ajoneuvojen, ty\u00f6koneiden ja laitteiden k\u00e4yt\u00f6n opetuksessa, sek\u00e4 erilaisten koneiden, ymp\u00e4rist\u00f6jen ja tuotteiden k\u00e4ytett\u00e4vyyden parantamisessa. [&hellip;]<\/p>\n","protected":false},"author":243,"featured_media":0,"parent":0,"menu_order":0,"comment_status":"closed","ping_status":"closed","template":"","meta":{"_acf_changed":false,"_monsterinsights_skip_tracking":false,"_monsterinsights_sitenote_active":false,"_monsterinsights_sitenote_note":"","_monsterinsights_sitenote_category":0,"footnotes":""},"class_list":["post-1977","page","type-page","status-publish","hentry"],"acf":[],"yoast_head":"<!-- This site is optimized with the Yoast SEO plugin v27.3 - https:\/\/yoast.com\/product\/yoast-seo-wordpress\/ -->\n<title>Katseenseuranta- ja k\u00e4ytett\u00e4vyystutkimukset - Center for Photonics Sciences<\/title>\n<meta name=\"robots\" content=\"index, follow, max-snippet:-1, max-image-preview:large, max-video-preview:-1\" \/>\n<link rel=\"canonical\" href=\"https:\/\/sites.uef.fi\/photonics\/eye-tracking-and-usability-studies\/?lang=fi\" \/>\n<meta property=\"og:locale\" content=\"en_US\" \/>\n<meta property=\"og:type\" content=\"article\" \/>\n<meta property=\"og:title\" content=\"Katseenseuranta- ja k\u00e4ytett\u00e4vyystutkimukset - Center for Photonics Sciences\" \/>\n<meta property=\"og:description\" content=\"Tarjoamme katseenseurantaan perustuvia k\u00e4ytett\u00e4vyystutkimuksia. Nopealla ja tarkalla silm\u00e4nliikkeiden monitoroimisella ja tallentamisella saadaan yksityiskohtaista tietoa henkil\u00f6n k\u00e4ytt\u00e4ytymisest\u00e4 (mihin k\u00e4ytt\u00e4j\u00e4 kohdistaa katseensa, milloin ja kuinka pitk\u00e4ksi aikaa). T\u00e4m\u00e4 antaa tietoa mm. k\u00e4ytt\u00e4j\u00e4n mielenkiinnon kohteista, mielentilasta, keskittymiskyvyst\u00e4, h\u00e4iri\u00f6tekij\u00f6ist\u00e4 ja tunnetiloista. Katseenseurantamittauksia voidaan hy\u00f6dynt\u00e4\u00e4 mm. ajoneuvojen, ty\u00f6koneiden ja laitteiden k\u00e4yt\u00f6n opetuksessa, sek\u00e4 erilaisten koneiden, ymp\u00e4rist\u00f6jen ja tuotteiden k\u00e4ytett\u00e4vyyden parantamisessa. [&hellip;]\" \/>\n<meta property=\"og:url\" content=\"https:\/\/sites.uef.fi\/photonics\/eye-tracking-and-usability-studies\/?lang=fi\" \/>\n<meta property=\"og:site_name\" content=\"Center for Photonics Sciences\" \/>\n<meta property=\"article:modified_time\" content=\"2023-12-19T12:03:47+00:00\" \/>\n<meta name=\"twitter:card\" content=\"summary_large_image\" \/>\n<meta name=\"twitter:label1\" content=\"Est. reading time\" \/>\n\t<meta name=\"twitter:data1\" content=\"1 minute\" \/>\n<script type=\"application\/ld+json\" class=\"yoast-schema-graph\">{\"@context\":\"https:\\\/\\\/schema.org\",\"@graph\":[{\"@type\":\"WebPage\",\"@id\":\"https:\\\/\\\/sites.uef.fi\\\/photonics\\\/eye-tracking-and-usability-studies\\\/?lang=fi\",\"url\":\"https:\\\/\\\/sites.uef.fi\\\/photonics\\\/eye-tracking-and-usability-studies\\\/?lang=fi\",\"name\":\"Katseenseuranta- ja k\u00e4ytett\u00e4vyystutkimukset - Center for Photonics Sciences\",\"isPartOf\":{\"@id\":\"https:\\\/\\\/sites.uef.fi\\\/photonics\\\/#website\"},\"datePublished\":\"2021-05-04T12:40:13+00:00\",\"dateModified\":\"2023-12-19T12:03:47+00:00\",\"breadcrumb\":{\"@id\":\"https:\\\/\\\/sites.uef.fi\\\/photonics\\\/eye-tracking-and-usability-studies\\\/?lang=fi#breadcrumb\"},\"inLanguage\":\"en-US\",\"potentialAction\":[{\"@type\":\"ReadAction\",\"target\":[\"https:\\\/\\\/sites.uef.fi\\\/photonics\\\/eye-tracking-and-usability-studies\\\/?lang=fi\"]}]},{\"@type\":\"BreadcrumbList\",\"@id\":\"https:\\\/\\\/sites.uef.fi\\\/photonics\\\/eye-tracking-and-usability-studies\\\/?lang=fi#breadcrumb\",\"itemListElement\":[{\"@type\":\"ListItem\",\"position\":1,\"name\":\"Home\",\"item\":\"https:\\\/\\\/sites.uef.fi\\\/photonics\\\/\"},{\"@type\":\"ListItem\",\"position\":2,\"name\":\"Katseenseuranta- ja k\u00e4ytett\u00e4vyystutkimukset\"}]},{\"@type\":\"WebSite\",\"@id\":\"https:\\\/\\\/sites.uef.fi\\\/photonics\\\/#website\",\"url\":\"https:\\\/\\\/sites.uef.fi\\\/photonics\\\/\",\"name\":\"Center for Photonics Sciences\",\"description\":\"\",\"potentialAction\":[{\"@type\":\"SearchAction\",\"target\":{\"@type\":\"EntryPoint\",\"urlTemplate\":\"https:\\\/\\\/sites.uef.fi\\\/photonics\\\/?s={search_term_string}\"},\"query-input\":{\"@type\":\"PropertyValueSpecification\",\"valueRequired\":true,\"valueName\":\"search_term_string\"}}],\"inLanguage\":\"en-US\"}]}<\/script>\n<!-- \/ Yoast SEO plugin. -->","yoast_head_json":{"title":"Katseenseuranta- ja k\u00e4ytett\u00e4vyystutkimukset - Center for Photonics Sciences","robots":{"index":"index","follow":"follow","max-snippet":"max-snippet:-1","max-image-preview":"max-image-preview:large","max-video-preview":"max-video-preview:-1"},"canonical":"https:\/\/sites.uef.fi\/photonics\/eye-tracking-and-usability-studies\/?lang=fi","og_locale":"en_US","og_type":"article","og_title":"Katseenseuranta- ja k\u00e4ytett\u00e4vyystutkimukset - Center for Photonics Sciences","og_description":"Tarjoamme katseenseurantaan perustuvia k\u00e4ytett\u00e4vyystutkimuksia. Nopealla ja tarkalla silm\u00e4nliikkeiden monitoroimisella ja tallentamisella saadaan yksityiskohtaista tietoa henkil\u00f6n k\u00e4ytt\u00e4ytymisest\u00e4 (mihin k\u00e4ytt\u00e4j\u00e4 kohdistaa katseensa, milloin ja kuinka pitk\u00e4ksi aikaa). T\u00e4m\u00e4 antaa tietoa mm. k\u00e4ytt\u00e4j\u00e4n mielenkiinnon kohteista, mielentilasta, keskittymiskyvyst\u00e4, h\u00e4iri\u00f6tekij\u00f6ist\u00e4 ja tunnetiloista. Katseenseurantamittauksia voidaan hy\u00f6dynt\u00e4\u00e4 mm. ajoneuvojen, ty\u00f6koneiden ja laitteiden k\u00e4yt\u00f6n opetuksessa, sek\u00e4 erilaisten koneiden, ymp\u00e4rist\u00f6jen ja tuotteiden k\u00e4ytett\u00e4vyyden parantamisessa. [&hellip;]","og_url":"https:\/\/sites.uef.fi\/photonics\/eye-tracking-and-usability-studies\/?lang=fi","og_site_name":"Center for Photonics Sciences","article_modified_time":"2023-12-19T12:03:47+00:00","twitter_card":"summary_large_image","twitter_misc":{"Est. reading time":"1 minute"},"schema":{"@context":"https:\/\/schema.org","@graph":[{"@type":"WebPage","@id":"https:\/\/sites.uef.fi\/photonics\/eye-tracking-and-usability-studies\/?lang=fi","url":"https:\/\/sites.uef.fi\/photonics\/eye-tracking-and-usability-studies\/?lang=fi","name":"Katseenseuranta- ja k\u00e4ytett\u00e4vyystutkimukset - Center for Photonics Sciences","isPartOf":{"@id":"https:\/\/sites.uef.fi\/photonics\/#website"},"datePublished":"2021-05-04T12:40:13+00:00","dateModified":"2023-12-19T12:03:47+00:00","breadcrumb":{"@id":"https:\/\/sites.uef.fi\/photonics\/eye-tracking-and-usability-studies\/?lang=fi#breadcrumb"},"inLanguage":"en-US","potentialAction":[{"@type":"ReadAction","target":["https:\/\/sites.uef.fi\/photonics\/eye-tracking-and-usability-studies\/?lang=fi"]}]},{"@type":"BreadcrumbList","@id":"https:\/\/sites.uef.fi\/photonics\/eye-tracking-and-usability-studies\/?lang=fi#breadcrumb","itemListElement":[{"@type":"ListItem","position":1,"name":"Home","item":"https:\/\/sites.uef.fi\/photonics\/"},{"@type":"ListItem","position":2,"name":"Katseenseuranta- ja k\u00e4ytett\u00e4vyystutkimukset"}]},{"@type":"WebSite","@id":"https:\/\/sites.uef.fi\/photonics\/#website","url":"https:\/\/sites.uef.fi\/photonics\/","name":"Center for Photonics Sciences","description":"","potentialAction":[{"@type":"SearchAction","target":{"@type":"EntryPoint","urlTemplate":"https:\/\/sites.uef.fi\/photonics\/?s={search_term_string}"},"query-input":{"@type":"PropertyValueSpecification","valueRequired":true,"valueName":"search_term_string"}}],"inLanguage":"en-US"}]}},"_links":{"self":[{"href":"https:\/\/sites.uef.fi\/photonics\/wp-json\/wp\/v2\/pages\/1977","targetHints":{"allow":["GET"]}}],"collection":[{"href":"https:\/\/sites.uef.fi\/photonics\/wp-json\/wp\/v2\/pages"}],"about":[{"href":"https:\/\/sites.uef.fi\/photonics\/wp-json\/wp\/v2\/types\/page"}],"author":[{"embeddable":true,"href":"https:\/\/sites.uef.fi\/photonics\/wp-json\/wp\/v2\/users\/243"}],"replies":[{"embeddable":true,"href":"https:\/\/sites.uef.fi\/photonics\/wp-json\/wp\/v2\/comments?post=1977"}],"version-history":[{"count":2,"href":"https:\/\/sites.uef.fi\/photonics\/wp-json\/wp\/v2\/pages\/1977\/revisions"}],"predecessor-version":[{"id":8743,"href":"https:\/\/sites.uef.fi\/photonics\/wp-json\/wp\/v2\/pages\/1977\/revisions\/8743"}],"wp:attachment":[{"href":"https:\/\/sites.uef.fi\/photonics\/wp-json\/wp\/v2\/media?parent=1977"}],"curies":[{"name":"wp","href":"https:\/\/api.w.org\/{rel}","templated":true}]}}