{"id":2657,"date":"2021-06-04T13:07:32","date_gmt":"2021-06-04T10:07:32","guid":{"rendered":"https:\/\/sites.uef.fi\/photonics\/?page_id=2657"},"modified":"2025-09-03T13:51:54","modified_gmt":"2025-09-03T10:51:54","slug":"designing-of-optics","status":"publish","type":"page","link":"https:\/\/sites.uef.fi\/photonics\/designing-of-optics\/?lang=fi","title":{"rendered":"Optiikan suunnittelu"},"content":{"rendered":"\n<p><strong>Optiikan suunnittelu<\/strong><\/p>\n\n\n\n<p>Tarjoamme optiseen suunnitteluun liittyvi\u00e4 palveluja ja koulutuksia yrityksille ja instituutioille. T\u00e4m\u00e4 sis\u00e4lt\u00e4\u00e4 kaupalliset optiikan suunnittelu- ja mallinnusohjelmistot kuten Zemax ja OpTaliX. Voimme tehd\u00e4 suunnittelua ja mallinnusta mm. optisiin kokoonpanoihin, mikro-optiikkaan ja nanofotoniikkaan liittyen. K\u00e4yt\u00e4mme optiseen mallinnukseen mm. seuraavia menetelmi\u00e4: s\u00e4teenj\u00e4ljitys (sequential\/non-sequential), FMM ja FTDT.<\/p>\n\n\n\n<p>Jokaisesta suunnitteluteht\u00e4v\u00e4st\u00e4 ja koulutuksesta sovitaan tapauskohtaisesti.<\/p>\n\n\n\n<p>Yhteyshenkil\u00f6:<br>Pertti P\u00e4\u00e4kk\u00f6nen, yli-insin\u00f6\u00f6ri<br>e-mail: <a href=\"mailto:pertti.paakkonen@uef.fi\">pertti.paakkonen@uef.fi<\/a><br>puh. 050 505 6376<br><a href=\"https:\/\/uefconnect.uef.fi\/henkilo\/pertti.paakkonen\/\">Pertti P\u00e4\u00e4kk\u00f6nen &#8211; UEF Connect<\/a><\/p>\n","protected":false},"excerpt":{"rendered":"<p>Optiikan suunnittelu Tarjoamme optiseen suunnitteluun liittyvi\u00e4 palveluja ja koulutuksia yrityksille ja instituutioille. T\u00e4m\u00e4 sis\u00e4lt\u00e4\u00e4 kaupalliset optiikan suunnittelu- ja mallinnusohjelmistot kuten Zemax ja OpTaliX. Voimme tehd\u00e4 suunnittelua ja mallinnusta mm. optisiin kokoonpanoihin, mikro-optiikkaan ja nanofotoniikkaan liittyen. K\u00e4yt\u00e4mme optiseen mallinnukseen mm. seuraavia menetelmi\u00e4: s\u00e4teenj\u00e4ljitys (sequential\/non-sequential), FMM ja FTDT. Jokaisesta suunnitteluteht\u00e4v\u00e4st\u00e4 ja koulutuksesta sovitaan tapauskohtaisesti. Yhteyshenkil\u00f6:Pertti P\u00e4\u00e4kk\u00f6nen, yli-insin\u00f6\u00f6rie-mail: [&hellip;]<\/p>\n","protected":false},"author":243,"featured_media":0,"parent":0,"menu_order":0,"comment_status":"closed","ping_status":"closed","template":"","meta":{"_acf_changed":false,"_monsterinsights_skip_tracking":false,"_monsterinsights_sitenote_active":false,"_monsterinsights_sitenote_note":"","_monsterinsights_sitenote_category":0,"footnotes":""},"class_list":["post-2657","page","type-page","status-publish","hentry"],"acf":[],"yoast_head":"<!-- This site is optimized with the Yoast SEO plugin v27.3 - https:\/\/yoast.com\/product\/yoast-seo-wordpress\/ -->\n<title>Optiikan suunnittelu - Center for Photonics Sciences<\/title>\n<meta name=\"robots\" content=\"index, follow, max-snippet:-1, max-image-preview:large, max-video-preview:-1\" \/>\n<link rel=\"canonical\" href=\"https:\/\/sites.uef.fi\/photonics\/designing-of-optics\/?lang=fi\" \/>\n<meta property=\"og:locale\" content=\"en_US\" \/>\n<meta property=\"og:type\" content=\"article\" \/>\n<meta property=\"og:title\" content=\"Optiikan suunnittelu - Center for Photonics Sciences\" \/>\n<meta property=\"og:description\" content=\"Optiikan suunnittelu Tarjoamme optiseen suunnitteluun liittyvi\u00e4 palveluja ja koulutuksia yrityksille ja instituutioille. T\u00e4m\u00e4 sis\u00e4lt\u00e4\u00e4 kaupalliset optiikan suunnittelu- ja mallinnusohjelmistot kuten Zemax ja OpTaliX. Voimme tehd\u00e4 suunnittelua ja mallinnusta mm. optisiin kokoonpanoihin, mikro-optiikkaan ja nanofotoniikkaan liittyen. K\u00e4yt\u00e4mme optiseen mallinnukseen mm. seuraavia menetelmi\u00e4: s\u00e4teenj\u00e4ljitys (sequential\/non-sequential), FMM ja FTDT. Jokaisesta suunnitteluteht\u00e4v\u00e4st\u00e4 ja koulutuksesta sovitaan tapauskohtaisesti. Yhteyshenkil\u00f6:Pertti P\u00e4\u00e4kk\u00f6nen, yli-insin\u00f6\u00f6rie-mail: [&hellip;]\" \/>\n<meta property=\"og:url\" content=\"https:\/\/sites.uef.fi\/photonics\/designing-of-optics\/?lang=fi\" \/>\n<meta property=\"og:site_name\" content=\"Center for Photonics Sciences\" \/>\n<meta property=\"article:modified_time\" content=\"2025-09-03T10:51:54+00:00\" \/>\n<meta name=\"twitter:card\" content=\"summary_large_image\" \/>\n<script type=\"application\/ld+json\" class=\"yoast-schema-graph\">{\"@context\":\"https:\\\/\\\/schema.org\",\"@graph\":[{\"@type\":\"WebPage\",\"@id\":\"https:\\\/\\\/sites.uef.fi\\\/photonics\\\/designing-of-optics\\\/?lang=fi\",\"url\":\"https:\\\/\\\/sites.uef.fi\\\/photonics\\\/designing-of-optics\\\/?lang=fi\",\"name\":\"Optiikan suunnittelu - Center for Photonics Sciences\",\"isPartOf\":{\"@id\":\"https:\\\/\\\/sites.uef.fi\\\/photonics\\\/#website\"},\"datePublished\":\"2021-06-04T10:07:32+00:00\",\"dateModified\":\"2025-09-03T10:51:54+00:00\",\"breadcrumb\":{\"@id\":\"https:\\\/\\\/sites.uef.fi\\\/photonics\\\/designing-of-optics\\\/?lang=fi#breadcrumb\"},\"inLanguage\":\"en-US\",\"potentialAction\":[{\"@type\":\"ReadAction\",\"target\":[\"https:\\\/\\\/sites.uef.fi\\\/photonics\\\/designing-of-optics\\\/?lang=fi\"]}]},{\"@type\":\"BreadcrumbList\",\"@id\":\"https:\\\/\\\/sites.uef.fi\\\/photonics\\\/designing-of-optics\\\/?lang=fi#breadcrumb\",\"itemListElement\":[{\"@type\":\"ListItem\",\"position\":1,\"name\":\"Home\",\"item\":\"https:\\\/\\\/sites.uef.fi\\\/photonics\\\/\"},{\"@type\":\"ListItem\",\"position\":2,\"name\":\"Optiikan suunnittelu\"}]},{\"@type\":\"WebSite\",\"@id\":\"https:\\\/\\\/sites.uef.fi\\\/photonics\\\/#website\",\"url\":\"https:\\\/\\\/sites.uef.fi\\\/photonics\\\/\",\"name\":\"Center for Photonics Sciences\",\"description\":\"\",\"potentialAction\":[{\"@type\":\"SearchAction\",\"target\":{\"@type\":\"EntryPoint\",\"urlTemplate\":\"https:\\\/\\\/sites.uef.fi\\\/photonics\\\/?s={search_term_string}\"},\"query-input\":{\"@type\":\"PropertyValueSpecification\",\"valueRequired\":true,\"valueName\":\"search_term_string\"}}],\"inLanguage\":\"en-US\"}]}<\/script>\n<!-- \/ Yoast SEO plugin. -->","yoast_head_json":{"title":"Optiikan suunnittelu - Center for Photonics Sciences","robots":{"index":"index","follow":"follow","max-snippet":"max-snippet:-1","max-image-preview":"max-image-preview:large","max-video-preview":"max-video-preview:-1"},"canonical":"https:\/\/sites.uef.fi\/photonics\/designing-of-optics\/?lang=fi","og_locale":"en_US","og_type":"article","og_title":"Optiikan suunnittelu - Center for Photonics Sciences","og_description":"Optiikan suunnittelu Tarjoamme optiseen suunnitteluun liittyvi\u00e4 palveluja ja koulutuksia yrityksille ja instituutioille. T\u00e4m\u00e4 sis\u00e4lt\u00e4\u00e4 kaupalliset optiikan suunnittelu- ja mallinnusohjelmistot kuten Zemax ja OpTaliX. Voimme tehd\u00e4 suunnittelua ja mallinnusta mm. optisiin kokoonpanoihin, mikro-optiikkaan ja nanofotoniikkaan liittyen. K\u00e4yt\u00e4mme optiseen mallinnukseen mm. seuraavia menetelmi\u00e4: s\u00e4teenj\u00e4ljitys (sequential\/non-sequential), FMM ja FTDT. Jokaisesta suunnitteluteht\u00e4v\u00e4st\u00e4 ja koulutuksesta sovitaan tapauskohtaisesti. Yhteyshenkil\u00f6:Pertti P\u00e4\u00e4kk\u00f6nen, yli-insin\u00f6\u00f6rie-mail: [&hellip;]","og_url":"https:\/\/sites.uef.fi\/photonics\/designing-of-optics\/?lang=fi","og_site_name":"Center for Photonics Sciences","article_modified_time":"2025-09-03T10:51:54+00:00","twitter_card":"summary_large_image","schema":{"@context":"https:\/\/schema.org","@graph":[{"@type":"WebPage","@id":"https:\/\/sites.uef.fi\/photonics\/designing-of-optics\/?lang=fi","url":"https:\/\/sites.uef.fi\/photonics\/designing-of-optics\/?lang=fi","name":"Optiikan suunnittelu - Center for Photonics Sciences","isPartOf":{"@id":"https:\/\/sites.uef.fi\/photonics\/#website"},"datePublished":"2021-06-04T10:07:32+00:00","dateModified":"2025-09-03T10:51:54+00:00","breadcrumb":{"@id":"https:\/\/sites.uef.fi\/photonics\/designing-of-optics\/?lang=fi#breadcrumb"},"inLanguage":"en-US","potentialAction":[{"@type":"ReadAction","target":["https:\/\/sites.uef.fi\/photonics\/designing-of-optics\/?lang=fi"]}]},{"@type":"BreadcrumbList","@id":"https:\/\/sites.uef.fi\/photonics\/designing-of-optics\/?lang=fi#breadcrumb","itemListElement":[{"@type":"ListItem","position":1,"name":"Home","item":"https:\/\/sites.uef.fi\/photonics\/"},{"@type":"ListItem","position":2,"name":"Optiikan suunnittelu"}]},{"@type":"WebSite","@id":"https:\/\/sites.uef.fi\/photonics\/#website","url":"https:\/\/sites.uef.fi\/photonics\/","name":"Center for Photonics Sciences","description":"","potentialAction":[{"@type":"SearchAction","target":{"@type":"EntryPoint","urlTemplate":"https:\/\/sites.uef.fi\/photonics\/?s={search_term_string}"},"query-input":{"@type":"PropertyValueSpecification","valueRequired":true,"valueName":"search_term_string"}}],"inLanguage":"en-US"}]}},"_links":{"self":[{"href":"https:\/\/sites.uef.fi\/photonics\/wp-json\/wp\/v2\/pages\/2657","targetHints":{"allow":["GET"]}}],"collection":[{"href":"https:\/\/sites.uef.fi\/photonics\/wp-json\/wp\/v2\/pages"}],"about":[{"href":"https:\/\/sites.uef.fi\/photonics\/wp-json\/wp\/v2\/types\/page"}],"author":[{"embeddable":true,"href":"https:\/\/sites.uef.fi\/photonics\/wp-json\/wp\/v2\/users\/243"}],"replies":[{"embeddable":true,"href":"https:\/\/sites.uef.fi\/photonics\/wp-json\/wp\/v2\/comments?post=2657"}],"version-history":[{"count":2,"href":"https:\/\/sites.uef.fi\/photonics\/wp-json\/wp\/v2\/pages\/2657\/revisions"}],"predecessor-version":[{"id":10448,"href":"https:\/\/sites.uef.fi\/photonics\/wp-json\/wp\/v2\/pages\/2657\/revisions\/10448"}],"wp:attachment":[{"href":"https:\/\/sites.uef.fi\/photonics\/wp-json\/wp\/v2\/media?parent=2657"}],"curies":[{"name":"wp","href":"https:\/\/api.w.org\/{rel}","templated":true}]}}