{"id":2813,"date":"2021-06-04T14:38:21","date_gmt":"2021-06-04T11:38:21","guid":{"rendered":"https:\/\/sites.uef.fi\/photonics\/?page_id=2813"},"modified":"2023-12-19T13:37:50","modified_gmt":"2023-12-19T11:37:50","slug":"equipment","status":"publish","type":"page","link":"https:\/\/sites.uef.fi\/photonics\/equipment\/?lang=fi","title":{"rendered":"Laitteet"},"content":{"rendered":"\n<p>Alta l\u00f6yd\u00e4tte listauksen Fotoniikan tutkimuskeskuksen laitekannasta, josta yritykset voivat vuokrata itselleen laiteaikaa. Hinnoittelussa noudatamme It\u00e4-Suomen yliopiston vuosittain vahvistamaa hinnastoa laiteajan vuokrauksesta.<\/p>\n\n\n\n<p>Osaan laitteista vaaditaan k\u00e4ytt\u00f6koulutus tai erityisvarustus, esimerkiksi puhdastiloissa ty\u00f6skentelyyn edellytet\u00e4\u00e4n perehdytys sek\u00e4 erityinen vaatetus tilan luonteen vuoksi.<\/p>\n\n\n\n<p>Lis\u00e4tietoa laitteista, niiden k\u00e4ytt\u00f6ajan vuokraamisesta ja vuokrausehdoista antaa yhteyshenkil\u00f6, joka on mainittu kunkin laiteryhm\u00e4n yhteydess\u00e4.<\/p>\n\n\n\n<p>T\u00e4m\u00e4n sivun englanninkielisess\u00e4 versiossa on <a href=\"https:\/\/sites.uef.fi\/photonics\/equipment\/\">ajantasainen laiteluettelo<\/a>.<\/p>\n","protected":false},"excerpt":{"rendered":"<p>Alta l\u00f6yd\u00e4tte listauksen Fotoniikan tutkimuskeskuksen laitekannasta, josta yritykset voivat vuokrata itselleen laiteaikaa. Hinnoittelussa noudatamme It\u00e4-Suomen yliopiston vuosittain vahvistamaa hinnastoa laiteajan vuokrauksesta. Osaan laitteista vaaditaan k\u00e4ytt\u00f6koulutus tai erityisvarustus, esimerkiksi puhdastiloissa ty\u00f6skentelyyn edellytet\u00e4\u00e4n perehdytys sek\u00e4 erityinen vaatetus tilan luonteen vuoksi. Lis\u00e4tietoa laitteista, niiden k\u00e4ytt\u00f6ajan vuokraamisesta ja vuokrausehdoista antaa yhteyshenkil\u00f6, joka on mainittu kunkin laiteryhm\u00e4n yhteydess\u00e4. T\u00e4m\u00e4n sivun [&hellip;]<\/p>\n","protected":false},"author":243,"featured_media":0,"parent":0,"menu_order":0,"comment_status":"closed","ping_status":"closed","template":"","meta":{"_acf_changed":false,"_monsterinsights_skip_tracking":false,"_monsterinsights_sitenote_active":false,"_monsterinsights_sitenote_note":"","_monsterinsights_sitenote_category":0,"footnotes":""},"class_list":["post-2813","page","type-page","status-publish","hentry"],"acf":[],"yoast_head":"<!-- This site is optimized with the Yoast SEO plugin v27.1.1 - https:\/\/yoast.com\/product\/yoast-seo-wordpress\/ -->\n<title>Laitteet - Center for Photonics Sciences<\/title>\n<meta name=\"robots\" content=\"index, follow, max-snippet:-1, max-image-preview:large, max-video-preview:-1\" \/>\n<link rel=\"canonical\" href=\"https:\/\/sites.uef.fi\/photonics\/equipment\/?lang=fi\" \/>\n<meta property=\"og:locale\" content=\"en_US\" \/>\n<meta property=\"og:type\" content=\"article\" \/>\n<meta property=\"og:title\" content=\"Laitteet - Center for Photonics Sciences\" \/>\n<meta property=\"og:description\" content=\"Alta l\u00f6yd\u00e4tte listauksen Fotoniikan tutkimuskeskuksen laitekannasta, josta yritykset voivat vuokrata itselleen laiteaikaa. Hinnoittelussa noudatamme It\u00e4-Suomen yliopiston vuosittain vahvistamaa hinnastoa laiteajan vuokrauksesta. Osaan laitteista vaaditaan k\u00e4ytt\u00f6koulutus tai erityisvarustus, esimerkiksi puhdastiloissa ty\u00f6skentelyyn edellytet\u00e4\u00e4n perehdytys sek\u00e4 erityinen vaatetus tilan luonteen vuoksi. Lis\u00e4tietoa laitteista, niiden k\u00e4ytt\u00f6ajan vuokraamisesta ja vuokrausehdoista antaa yhteyshenkil\u00f6, joka on mainittu kunkin laiteryhm\u00e4n yhteydess\u00e4. T\u00e4m\u00e4n sivun [&hellip;]\" \/>\n<meta property=\"og:url\" content=\"https:\/\/sites.uef.fi\/photonics\/equipment\/?lang=fi\" \/>\n<meta property=\"og:site_name\" content=\"Center for Photonics Sciences\" \/>\n<meta property=\"article:modified_time\" content=\"2023-12-19T11:37:50+00:00\" \/>\n<meta name=\"twitter:card\" content=\"summary_large_image\" \/>\n<script type=\"application\/ld+json\" class=\"yoast-schema-graph\">{\"@context\":\"https:\/\/schema.org\",\"@graph\":[{\"@type\":\"WebPage\",\"@id\":\"https:\/\/sites.uef.fi\/photonics\/equipment\/?lang=fi\",\"url\":\"https:\/\/sites.uef.fi\/photonics\/equipment\/?lang=fi\",\"name\":\"Laitteet - Center for Photonics Sciences\",\"isPartOf\":{\"@id\":\"https:\/\/sites.uef.fi\/photonics\/#website\"},\"datePublished\":\"2021-06-04T11:38:21+00:00\",\"dateModified\":\"2023-12-19T11:37:50+00:00\",\"breadcrumb\":{\"@id\":\"https:\/\/sites.uef.fi\/photonics\/equipment\/?lang=fi#breadcrumb\"},\"inLanguage\":\"en-US\",\"potentialAction\":[{\"@type\":\"ReadAction\",\"target\":[\"https:\/\/sites.uef.fi\/photonics\/equipment\/?lang=fi\"]}]},{\"@type\":\"BreadcrumbList\",\"@id\":\"https:\/\/sites.uef.fi\/photonics\/equipment\/?lang=fi#breadcrumb\",\"itemListElement\":[{\"@type\":\"ListItem\",\"position\":1,\"name\":\"Home\",\"item\":\"https:\/\/sites.uef.fi\/photonics\/\"},{\"@type\":\"ListItem\",\"position\":2,\"name\":\"Laitteet\"}]},{\"@type\":\"WebSite\",\"@id\":\"https:\/\/sites.uef.fi\/photonics\/#website\",\"url\":\"https:\/\/sites.uef.fi\/photonics\/\",\"name\":\"Center for Photonics Sciences\",\"description\":\"\",\"potentialAction\":[{\"@type\":\"SearchAction\",\"target\":{\"@type\":\"EntryPoint\",\"urlTemplate\":\"https:\/\/sites.uef.fi\/photonics\/?s={search_term_string}\"},\"query-input\":{\"@type\":\"PropertyValueSpecification\",\"valueRequired\":true,\"valueName\":\"search_term_string\"}}],\"inLanguage\":\"en-US\"}]}<\/script>\n<!-- \/ Yoast SEO plugin. -->","yoast_head_json":{"title":"Laitteet - Center for Photonics Sciences","robots":{"index":"index","follow":"follow","max-snippet":"max-snippet:-1","max-image-preview":"max-image-preview:large","max-video-preview":"max-video-preview:-1"},"canonical":"https:\/\/sites.uef.fi\/photonics\/equipment\/?lang=fi","og_locale":"en_US","og_type":"article","og_title":"Laitteet - Center for Photonics Sciences","og_description":"Alta l\u00f6yd\u00e4tte listauksen Fotoniikan tutkimuskeskuksen laitekannasta, josta yritykset voivat vuokrata itselleen laiteaikaa. Hinnoittelussa noudatamme It\u00e4-Suomen yliopiston vuosittain vahvistamaa hinnastoa laiteajan vuokrauksesta. Osaan laitteista vaaditaan k\u00e4ytt\u00f6koulutus tai erityisvarustus, esimerkiksi puhdastiloissa ty\u00f6skentelyyn edellytet\u00e4\u00e4n perehdytys sek\u00e4 erityinen vaatetus tilan luonteen vuoksi. Lis\u00e4tietoa laitteista, niiden k\u00e4ytt\u00f6ajan vuokraamisesta ja vuokrausehdoista antaa yhteyshenkil\u00f6, joka on mainittu kunkin laiteryhm\u00e4n yhteydess\u00e4. T\u00e4m\u00e4n sivun [&hellip;]","og_url":"https:\/\/sites.uef.fi\/photonics\/equipment\/?lang=fi","og_site_name":"Center for Photonics Sciences","article_modified_time":"2023-12-19T11:37:50+00:00","twitter_card":"summary_large_image","schema":{"@context":"https:\/\/schema.org","@graph":[{"@type":"WebPage","@id":"https:\/\/sites.uef.fi\/photonics\/equipment\/?lang=fi","url":"https:\/\/sites.uef.fi\/photonics\/equipment\/?lang=fi","name":"Laitteet - Center for Photonics Sciences","isPartOf":{"@id":"https:\/\/sites.uef.fi\/photonics\/#website"},"datePublished":"2021-06-04T11:38:21+00:00","dateModified":"2023-12-19T11:37:50+00:00","breadcrumb":{"@id":"https:\/\/sites.uef.fi\/photonics\/equipment\/?lang=fi#breadcrumb"},"inLanguage":"en-US","potentialAction":[{"@type":"ReadAction","target":["https:\/\/sites.uef.fi\/photonics\/equipment\/?lang=fi"]}]},{"@type":"BreadcrumbList","@id":"https:\/\/sites.uef.fi\/photonics\/equipment\/?lang=fi#breadcrumb","itemListElement":[{"@type":"ListItem","position":1,"name":"Home","item":"https:\/\/sites.uef.fi\/photonics\/"},{"@type":"ListItem","position":2,"name":"Laitteet"}]},{"@type":"WebSite","@id":"https:\/\/sites.uef.fi\/photonics\/#website","url":"https:\/\/sites.uef.fi\/photonics\/","name":"Center for Photonics Sciences","description":"","potentialAction":[{"@type":"SearchAction","target":{"@type":"EntryPoint","urlTemplate":"https:\/\/sites.uef.fi\/photonics\/?s={search_term_string}"},"query-input":{"@type":"PropertyValueSpecification","valueRequired":true,"valueName":"search_term_string"}}],"inLanguage":"en-US"}]}},"_links":{"self":[{"href":"https:\/\/sites.uef.fi\/photonics\/wp-json\/wp\/v2\/pages\/2813","targetHints":{"allow":["GET"]}}],"collection":[{"href":"https:\/\/sites.uef.fi\/photonics\/wp-json\/wp\/v2\/pages"}],"about":[{"href":"https:\/\/sites.uef.fi\/photonics\/wp-json\/wp\/v2\/types\/page"}],"author":[{"embeddable":true,"href":"https:\/\/sites.uef.fi\/photonics\/wp-json\/wp\/v2\/users\/243"}],"replies":[{"embeddable":true,"href":"https:\/\/sites.uef.fi\/photonics\/wp-json\/wp\/v2\/comments?post=2813"}],"version-history":[{"count":2,"href":"https:\/\/sites.uef.fi\/photonics\/wp-json\/wp\/v2\/pages\/2813\/revisions"}],"predecessor-version":[{"id":8719,"href":"https:\/\/sites.uef.fi\/photonics\/wp-json\/wp\/v2\/pages\/2813\/revisions\/8719"}],"wp:attachment":[{"href":"https:\/\/sites.uef.fi\/photonics\/wp-json\/wp\/v2\/media?parent=2813"}],"curies":[{"name":"wp","href":"https:\/\/api.w.org\/{rel}","templated":true}]}}