{"id":33,"date":"2020-08-24T09:53:18","date_gmt":"2020-08-24T09:53:18","guid":{"rendered":"https:\/\/sites.uef.fi\/photonics\/?page_id=33"},"modified":"2025-08-20T15:37:37","modified_gmt":"2025-08-20T12:37:37","slug":"front-page","status":"publish","type":"page","link":"https:\/\/sites.uef.fi\/photonics\/","title":{"rendered":"Front page"},"content":{"rendered":"\n<p><strong>Welcome to the Center for Photonics Sciences website!<\/strong><\/p>\n\n\n\n<figure class=\"wp-block-image alignright size-large is-resized\"><img loading=\"lazy\" decoding=\"async\" width=\"1024\" height=\"461\" src=\"https:\/\/sites.uef.fi\/photonics\/wp-content\/uploads\/sites\/150\/2025\/02\/UEF_Photonics_Sciences_Logot-02-1024x461.png\" alt=\"\" class=\"wp-image-10298\" style=\"width:353px;height:auto\" srcset=\"https:\/\/sites.uef.fi\/photonics\/wp-content\/uploads\/sites\/150\/2025\/02\/UEF_Photonics_Sciences_Logot-02-1024x461.png 1024w, https:\/\/sites.uef.fi\/photonics\/wp-content\/uploads\/sites\/150\/2025\/02\/UEF_Photonics_Sciences_Logot-02-300x135.png 300w, https:\/\/sites.uef.fi\/photonics\/wp-content\/uploads\/sites\/150\/2025\/02\/UEF_Photonics_Sciences_Logot-02-768x346.png 768w, https:\/\/sites.uef.fi\/photonics\/wp-content\/uploads\/sites\/150\/2025\/02\/UEF_Photonics_Sciences_Logot-02-1536x691.png 1536w, https:\/\/sites.uef.fi\/photonics\/wp-content\/uploads\/sites\/150\/2025\/02\/UEF_Photonics_Sciences_Logot-02-2048x922.png 2048w\" sizes=\"auto, (max-width: 1024px) 100vw, 1024px\" \/><\/figure>\n\n\n\n<p><strong>Center for Photonics Sciences combines all research and education in optics and photonics at the University of Eastern Finland. Our multidiscipline center is a unique collection of professionals in biology, chemistry, information technology, and physics, with the roots of photonics being the major research field in physics starting over 50 years ago, when the University of Joensuu was founded. &nbsp;Today Center for Photonics Sciences forms a world&#8217;s top-notch research environment.<\/strong><\/p>\n\n\n\n<p>Following university institutions are a part of Center for Photonics Sciences:<br><a href=\"https:\/\/www.uef.fi\/en\/unit\/department-of-physics-and-mathematics\">Department of Physics and Mathematics<\/a><br><a href=\"https:\/\/www.uef.fi\/en\/unit\/school-of-computing\">School of Computing<\/a><br><a href=\"https:\/\/www.uef.fi\/en\/unit\/department-of-chemistry\">Department of Chemistry<\/a><br><a href=\"https:\/\/www.uef.fi\/en\/unit\/department-of-environmental-and-biological-sciences\">Department of Environmental and Biological Sciences<\/a><br><br>Center for Photonics Sciences is core for <a href=\"https:\/\/www.uef.fi\/en\/research-community\/photonics\">Photonics Research Community (RC)<\/a> at UEF, which earned the highest scores in the International Evaluation of Research Activities at the University of Eastern Finland 2015-2018 and 2019-2022 which now belongs to the highest category of \u201cInternational top-level research\u201d in UEF Strategy 2030. Center for Photonics Sciences also belongs to the <a href=\"http:\/\/prein.fi\/\">Photonics Research and Innovation (PREIN) Flagship<\/a> and to the Finnish National Infrastructure for Light-Based Technologies (<a href=\"https:\/\/www.finnlight.fi\/\">FinnLight<\/a>).<\/p>\n\n\n\n<figure class=\"wp-block-image\"><a href=\"http:\/\/prein.fi\"><img loading=\"lazy\" decoding=\"async\" width=\"300\" height=\"199\" src=\"https:\/\/sites.uef.fi\/photonics\/wp-content\/uploads\/sites\/150\/2021\/07\/prein-300x199.jpg\" alt=\"\" class=\"wp-image-3263\" srcset=\"https:\/\/sites.uef.fi\/photonics\/wp-content\/uploads\/sites\/150\/2021\/07\/prein-300x199.jpg 300w, https:\/\/sites.uef.fi\/photonics\/wp-content\/uploads\/sites\/150\/2021\/07\/prein-1024x678.jpg 1024w, https:\/\/sites.uef.fi\/photonics\/wp-content\/uploads\/sites\/150\/2021\/07\/prein-768x509.jpg 768w, https:\/\/sites.uef.fi\/photonics\/wp-content\/uploads\/sites\/150\/2021\/07\/prein.jpg 1200w\" sizes=\"auto, (max-width: 300px) 100vw, 300px\" \/><\/a><\/figure>\n\n\n\n<p>UEF is also a partner organization in unique operating environment for photonics industry (R&amp;D&amp;I), <a href=\"https:\/\/photonicscenter.fi\">Photonics Center Ltd<\/a>.<\/p>\n\n\n\n<figure class=\"wp-block-image\"><a href=\"https:\/\/photonicscenter.fi\"><img loading=\"lazy\" decoding=\"async\" width=\"300\" height=\"144\" src=\"https:\/\/sites.uef.fi\/photonics\/wp-content\/uploads\/sites\/150\/2021\/08\/Photonics_Center_Logo_dark-300x144.png\" alt=\"\" class=\"wp-image-3498\" srcset=\"https:\/\/sites.uef.fi\/photonics\/wp-content\/uploads\/sites\/150\/2021\/08\/Photonics_Center_Logo_dark-300x144.png 300w, https:\/\/sites.uef.fi\/photonics\/wp-content\/uploads\/sites\/150\/2021\/08\/Photonics_Center_Logo_dark.png 591w\" sizes=\"auto, (max-width: 300px) 100vw, 300px\" \/><\/a><\/figure>\n\n\n\n<p>UEF is also a partner organization in <a href=\"https:\/\/businessjoensuu.fi\/en\/photonicsjoensuu\">Photonics Joensuu<\/a> consortium bringing together significant actors in the fields of research, development, education, business and innovation in the Joensuu region.<\/p>\n\n\n\n<figure class=\"wp-block-image size-large is-resized\"><img loading=\"lazy\" decoding=\"async\" width=\"1024\" height=\"246\" src=\"https:\/\/sites.uef.fi\/photonics\/wp-content\/uploads\/sites\/150\/2025\/02\/photonicsjoensuu25-1024x246.png\" alt=\"\" class=\"wp-image-10300\" style=\"width:394px;height:auto\" srcset=\"https:\/\/sites.uef.fi\/photonics\/wp-content\/uploads\/sites\/150\/2025\/02\/photonicsjoensuu25-1024x246.png 1024w, https:\/\/sites.uef.fi\/photonics\/wp-content\/uploads\/sites\/150\/2025\/02\/photonicsjoensuu25-300x72.png 300w, https:\/\/sites.uef.fi\/photonics\/wp-content\/uploads\/sites\/150\/2025\/02\/photonicsjoensuu25-768x184.png 768w, https:\/\/sites.uef.fi\/photonics\/wp-content\/uploads\/sites\/150\/2025\/02\/photonicsjoensuu25-1536x369.png 1536w, https:\/\/sites.uef.fi\/photonics\/wp-content\/uploads\/sites\/150\/2025\/02\/photonicsjoensuu25.png 2000w\" sizes=\"auto, (max-width: 1024px) 100vw, 1024px\" \/><\/figure>\n\n\n\n<p>On this web site you will find information on photonics research, teaching from master&#8217;s studies to tailored trainings for continuous learning, services for companies and forms of cooperation, as well as information about Center for Photonics Sciences.<\/p>\n\n\n\n<p><a href=\"https:\/\/twitter.com\/CPhotonSci\">Center for Photonics Science in X<\/a><br><a href=\"https:\/\/www.facebook.com\/institutephotonics\">Center for Photonics Sciences in Facebook<\/a><br><a href=\"https:\/\/www.linkedin.com\/company\/center-for-photonics-sciences\/\">Center for Photonics Sciences in LinkedIn<\/a><br><a href=\"https:\/\/www.uef.fi\/en\">UEF main website<\/a> contains also photonics related news.<\/p>\n\n\n\n<p><a href=\"https:\/\/www.uef.fi\/en\/article\/student-stories-masters-degree-programme-in-photonics\">Student stories: Master&#8217;s Degree Programme in Photonics<\/a><\/p>\n\n\n\n<p>Link to <a href=\"https:\/\/sites.uef.fi\/photonics\/contacts\/\">contacts<\/a><br><br><em>Photonics in Finland<\/em>\u00a0brochure offers a comprehensive overview of Finland\u2019s photonics landscape. It covers key research institutions, educational programs, industrial applications, and collaboration opportunities across the country. Whether you&#8217;re a researcher, student, or company representative, this brochure is a great starting point to understand the full scope of photonics activities in Finland. <a href=\"https:\/\/sites.uef.fi\/photonics\/wp-content\/uploads\/sites\/150\/2025\/08\/PhotonicsInFinlandBrochure-1.pdf\">Download the brochure from here (PDF)<\/a><\/p>\n\n\n\n<div class=\"links-block\">\n\n    \n    <ul class=\"link-list\">\n            <\/ul>\n<\/div>\n\n\n<div class=\"links-block\">\n\n    \n    <ul class=\"link-list\">\n            <\/ul>\n<\/div>\n\n\n<p><strong>About the Finnish texts in this site (in Finnish)<\/strong><br>Osa verkkosivuston sivuista, kuten t\u00e4m\u00e4 etusivu, l\u00f6ytyy my\u00f6s suomeksi. Tunnistat t\u00e4llaiset sivut navigointipalkin vieress\u00e4 olevasta kielivalintanapista, jossa on teksti &#8220;FI&#8221; (suomi) tai &#8220;EN&#8221; (englanti). Valitsemalla &#8220;FI&#8221; voit siirty\u00e4 suomenkieliselle sivulle.<\/p>\n\n\n\n<p>Kaikkia verkkosivuston sivuja ei olla toteutettu suomeksi, koska monien teknisten termien k\u00e4\u00e4nt\u00e4minen olisi hankalaa. Mik\u00e4li kielenvalinta ei ole mahdollista, kyseinen sivu on vain englanniksi.<\/p>\n","protected":false},"excerpt":{"rendered":"<p>Welcome to the Center for Photonics Sciences website! Center for Photonics Sciences combines all research and education in optics and photonics at the University of Eastern Finland. Our multidiscipline center is a unique collection of professionals in biology, chemistry, information technology, and physics, with the roots of photonics being the major research field in physics [&hellip;]<\/p>\n","protected":false},"author":2,"featured_media":0,"parent":0,"menu_order":0,"comment_status":"closed","ping_status":"closed","template":"","meta":{"_acf_changed":false,"_monsterinsights_skip_tracking":false,"_monsterinsights_sitenote_active":false,"_monsterinsights_sitenote_note":"","_monsterinsights_sitenote_category":0,"footnotes":""},"class_list":["post-33","page","type-page","status-publish","hentry"],"acf":[],"yoast_head":"<!-- This site is optimized with the Yoast SEO plugin v27.1.1 - https:\/\/yoast.com\/product\/yoast-seo-wordpress\/ -->\n<title>Front page - Center for Photonics Sciences<\/title>\n<meta name=\"robots\" content=\"index, follow, max-snippet:-1, max-image-preview:large, max-video-preview:-1\" \/>\n<link rel=\"canonical\" href=\"https:\/\/sites.uef.fi\/photonics\/\" \/>\n<meta property=\"og:locale\" content=\"en_US\" \/>\n<meta property=\"og:type\" content=\"article\" \/>\n<meta property=\"og:title\" content=\"Front page - Center for Photonics Sciences\" \/>\n<meta property=\"og:description\" content=\"Welcome to the Center for Photonics Sciences website! Center for Photonics Sciences combines all research and education in optics and photonics at the University of Eastern Finland. Our multidiscipline center is a unique collection of professionals in biology, chemistry, information technology, and physics, with the roots of photonics being the major research field in physics [&hellip;]\" \/>\n<meta property=\"og:url\" content=\"https:\/\/sites.uef.fi\/photonics\/\" \/>\n<meta property=\"og:site_name\" content=\"Center for Photonics Sciences\" \/>\n<meta property=\"article:modified_time\" content=\"2025-08-20T12:37:37+00:00\" \/>\n<meta property=\"og:image\" content=\"https:\/\/sites.uef.fi\/photonics\/wp-content\/uploads\/sites\/150\/2025\/02\/UEF_Photonics_Sciences_Logot-02-1024x461.png\" \/>\n<meta name=\"twitter:card\" content=\"summary_large_image\" \/>\n<meta name=\"twitter:label1\" content=\"Est. reading time\" \/>\n\t<meta name=\"twitter:data1\" content=\"3 minutes\" \/>\n<script type=\"application\/ld+json\" class=\"yoast-schema-graph\">{\"@context\":\"https:\/\/schema.org\",\"@graph\":[{\"@type\":\"WebPage\",\"@id\":\"https:\/\/sites.uef.fi\/photonics\/\",\"url\":\"https:\/\/sites.uef.fi\/photonics\/\",\"name\":\"Front page - Center for Photonics Sciences\",\"isPartOf\":{\"@id\":\"https:\/\/sites.uef.fi\/photonics\/#website\"},\"primaryImageOfPage\":{\"@id\":\"https:\/\/sites.uef.fi\/photonics\/#primaryimage\"},\"image\":{\"@id\":\"https:\/\/sites.uef.fi\/photonics\/#primaryimage\"},\"thumbnailUrl\":\"https:\/\/sites.uef.fi\/photonics\/wp-content\/uploads\/sites\/150\/2025\/02\/UEF_Photonics_Sciences_Logot-02-1024x461.png\",\"datePublished\":\"2020-08-24T09:53:18+00:00\",\"dateModified\":\"2025-08-20T12:37:37+00:00\",\"breadcrumb\":{\"@id\":\"https:\/\/sites.uef.fi\/photonics\/#breadcrumb\"},\"inLanguage\":\"en-US\",\"potentialAction\":[{\"@type\":\"ReadAction\",\"target\":[\"https:\/\/sites.uef.fi\/photonics\/\"]}]},{\"@type\":\"ImageObject\",\"inLanguage\":\"en-US\",\"@id\":\"https:\/\/sites.uef.fi\/photonics\/#primaryimage\",\"url\":\"https:\/\/sites.uef.fi\/photonics\/wp-content\/uploads\/sites\/150\/2025\/02\/UEF_Photonics_Sciences_Logot-02.png\",\"contentUrl\":\"https:\/\/sites.uef.fi\/photonics\/wp-content\/uploads\/sites\/150\/2025\/02\/UEF_Photonics_Sciences_Logot-02.png\",\"width\":4168,\"height\":1876},{\"@type\":\"BreadcrumbList\",\"@id\":\"https:\/\/sites.uef.fi\/photonics\/#breadcrumb\",\"itemListElement\":[{\"@type\":\"ListItem\",\"position\":1,\"name\":\"Home\",\"item\":\"https:\/\/sites.uef.fi\/photonics\/\"},{\"@type\":\"ListItem\",\"position\":2,\"name\":\"Front page\"}]},{\"@type\":\"WebSite\",\"@id\":\"https:\/\/sites.uef.fi\/photonics\/#website\",\"url\":\"https:\/\/sites.uef.fi\/photonics\/\",\"name\":\"Center for Photonics Sciences\",\"description\":\"\",\"potentialAction\":[{\"@type\":\"SearchAction\",\"target\":{\"@type\":\"EntryPoint\",\"urlTemplate\":\"https:\/\/sites.uef.fi\/photonics\/?s={search_term_string}\"},\"query-input\":{\"@type\":\"PropertyValueSpecification\",\"valueRequired\":true,\"valueName\":\"search_term_string\"}}],\"inLanguage\":\"en-US\"}]}<\/script>\n<!-- \/ Yoast SEO plugin. -->","yoast_head_json":{"title":"Front page - Center for Photonics Sciences","robots":{"index":"index","follow":"follow","max-snippet":"max-snippet:-1","max-image-preview":"max-image-preview:large","max-video-preview":"max-video-preview:-1"},"canonical":"https:\/\/sites.uef.fi\/photonics\/","og_locale":"en_US","og_type":"article","og_title":"Front page - Center for Photonics Sciences","og_description":"Welcome to the Center for Photonics Sciences website! Center for Photonics Sciences combines all research and education in optics and photonics at the University of Eastern Finland. Our multidiscipline center is a unique collection of professionals in biology, chemistry, information technology, and physics, with the roots of photonics being the major research field in physics [&hellip;]","og_url":"https:\/\/sites.uef.fi\/photonics\/","og_site_name":"Center for Photonics Sciences","article_modified_time":"2025-08-20T12:37:37+00:00","og_image":[{"url":"https:\/\/sites.uef.fi\/photonics\/wp-content\/uploads\/sites\/150\/2025\/02\/UEF_Photonics_Sciences_Logot-02-1024x461.png","type":"","width":"","height":""}],"twitter_card":"summary_large_image","twitter_misc":{"Est. reading time":"3 minutes"},"schema":{"@context":"https:\/\/schema.org","@graph":[{"@type":"WebPage","@id":"https:\/\/sites.uef.fi\/photonics\/","url":"https:\/\/sites.uef.fi\/photonics\/","name":"Front page - Center for Photonics Sciences","isPartOf":{"@id":"https:\/\/sites.uef.fi\/photonics\/#website"},"primaryImageOfPage":{"@id":"https:\/\/sites.uef.fi\/photonics\/#primaryimage"},"image":{"@id":"https:\/\/sites.uef.fi\/photonics\/#primaryimage"},"thumbnailUrl":"https:\/\/sites.uef.fi\/photonics\/wp-content\/uploads\/sites\/150\/2025\/02\/UEF_Photonics_Sciences_Logot-02-1024x461.png","datePublished":"2020-08-24T09:53:18+00:00","dateModified":"2025-08-20T12:37:37+00:00","breadcrumb":{"@id":"https:\/\/sites.uef.fi\/photonics\/#breadcrumb"},"inLanguage":"en-US","potentialAction":[{"@type":"ReadAction","target":["https:\/\/sites.uef.fi\/photonics\/"]}]},{"@type":"ImageObject","inLanguage":"en-US","@id":"https:\/\/sites.uef.fi\/photonics\/#primaryimage","url":"https:\/\/sites.uef.fi\/photonics\/wp-content\/uploads\/sites\/150\/2025\/02\/UEF_Photonics_Sciences_Logot-02.png","contentUrl":"https:\/\/sites.uef.fi\/photonics\/wp-content\/uploads\/sites\/150\/2025\/02\/UEF_Photonics_Sciences_Logot-02.png","width":4168,"height":1876},{"@type":"BreadcrumbList","@id":"https:\/\/sites.uef.fi\/photonics\/#breadcrumb","itemListElement":[{"@type":"ListItem","position":1,"name":"Home","item":"https:\/\/sites.uef.fi\/photonics\/"},{"@type":"ListItem","position":2,"name":"Front page"}]},{"@type":"WebSite","@id":"https:\/\/sites.uef.fi\/photonics\/#website","url":"https:\/\/sites.uef.fi\/photonics\/","name":"Center for Photonics Sciences","description":"","potentialAction":[{"@type":"SearchAction","target":{"@type":"EntryPoint","urlTemplate":"https:\/\/sites.uef.fi\/photonics\/?s={search_term_string}"},"query-input":{"@type":"PropertyValueSpecification","valueRequired":true,"valueName":"search_term_string"}}],"inLanguage":"en-US"}]}},"_links":{"self":[{"href":"https:\/\/sites.uef.fi\/photonics\/wp-json\/wp\/v2\/pages\/33","targetHints":{"allow":["GET"]}}],"collection":[{"href":"https:\/\/sites.uef.fi\/photonics\/wp-json\/wp\/v2\/pages"}],"about":[{"href":"https:\/\/sites.uef.fi\/photonics\/wp-json\/wp\/v2\/types\/page"}],"author":[{"embeddable":true,"href":"https:\/\/sites.uef.fi\/photonics\/wp-json\/wp\/v2\/users\/2"}],"replies":[{"embeddable":true,"href":"https:\/\/sites.uef.fi\/photonics\/wp-json\/wp\/v2\/comments?post=33"}],"version-history":[{"count":1,"href":"https:\/\/sites.uef.fi\/photonics\/wp-json\/wp\/v2\/pages\/33\/revisions"}],"predecessor-version":[{"id":10432,"href":"https:\/\/sites.uef.fi\/photonics\/wp-json\/wp\/v2\/pages\/33\/revisions\/10432"}],"wp:attachment":[{"href":"https:\/\/sites.uef.fi\/photonics\/wp-json\/wp\/v2\/media?parent=33"}],"curies":[{"name":"wp","href":"https:\/\/api.w.org\/{rel}","templated":true}]}}