{"id":39,"date":"2020-08-24T09:53:45","date_gmt":"2020-08-24T09:53:45","guid":{"rendered":"https:\/\/sites.uef.fi\/photonics\/?page_id=39"},"modified":"2023-12-22T13:47:16","modified_gmt":"2023-12-22T11:47:16","slug":"etusivu","status":"publish","type":"page","link":"https:\/\/sites.uef.fi\/photonics\/etusivu\/?lang=fi","title":{"rendered":"Etusivu"},"content":{"rendered":"\n<p><strong>Tervetuloa Fotoniikan tutkimuskeskuksen <\/strong>(aiemmin Fotoniikan Instituutti) <strong>verkkosivulle!<\/strong><\/p>\n\n\n\n<figure class=\"wp-block-image alignright\"><img loading=\"lazy\" decoding=\"async\" width=\"300\" height=\"140\" src=\"https:\/\/sites.uef.fi\/photonics\/wp-content\/uploads\/sites\/150\/2022\/11\/thumbnail_image001-300x140.png\" alt=\"\" class=\"wp-image-6450\" srcset=\"https:\/\/sites.uef.fi\/photonics\/wp-content\/uploads\/sites\/150\/2022\/11\/thumbnail_image001-300x140.png 300w, https:\/\/sites.uef.fi\/photonics\/wp-content\/uploads\/sites\/150\/2022\/11\/thumbnail_image001-1024x478.png 1024w, https:\/\/sites.uef.fi\/photonics\/wp-content\/uploads\/sites\/150\/2022\/11\/thumbnail_image001-768x359.png 768w, https:\/\/sites.uef.fi\/photonics\/wp-content\/uploads\/sites\/150\/2022\/11\/thumbnail_image001.png 1118w\" sizes=\"auto, (max-width: 300px) 100vw, 300px\" \/><\/figure>\n\n\n\n<p><strong>Fotoniikan tutkimuskeskus yhdist\u00e4\u00e4 kaikkea fotoniikan ja optiikan <\/strong><strong>tutkimusta ja koulutusta It\u00e4-Suomen yliopistossa. Monitieteinen tutkimuskeskuksemme on ainutlaatuinen kokoelma asiantuntijoita biologian, kemian, tietojenk\u00e4sittelyn, fysiikan ja sovelletun fysiikan aloilta. Tutkimuskeskus juontaa juurensa siit\u00e4, ett\u00e4 fotoniikka oli merkitt\u00e4v\u00e4 tutkimusaihe jo silloin, kun Joensuun yliopisto perustettiin yli 50 vuotta sitten. Nyky\u00e4\u00e4n Fotoniikan tutkimuskeskus on maailmanlaajuisesti huipputasolla oleva tutkimusymp\u00e4rist\u00f6.<\/strong><\/p>\n\n\n\n<p>Seuraavat yliopiston yksik\u00f6t ovat osa Fotoniikan tutkimuskeskusta:<br><a href=\"https:\/\/www.uef.fi\/fi\/yksikko\/fysiikan-ja-matematiikan-laitos\">Fysiikan ja matematiikan laitos<\/a><br><a href=\"https:\/\/www.uef.fi\/fi\/yksikko\/tietojenkasittelytieteen-laitos\">Tietojenk\u00e4sittelytieteen laitos<\/a><br><a href=\"https:\/\/www.uef.fi\/fi\/yksikko\/kemian-laitos\">Kemian laitos<\/a><br><a href=\"https:\/\/www.uef.fi\/fi\/yksikko\/ymparisto-ja-biotieteiden-laitos\">Ymp\u00e4rist\u00f6- ja biotieteiden laitos<\/a><br><a href=\"https:\/\/www.uef.fi\/fi\/yksikko\/teknillisen-fysiikan-laitos\">Teknillisen fysiikan laitos<\/a><br><a href=\"https:\/\/www.uef.fi\/fi\/yksikko\/sib-labs\">SIB Labs<\/a><\/p>\n\n\n\n<p>Fotoniikan tutkimuskeskus on <a href=\"https:\/\/www.uef.fi\/fi\/tutkimusyhteiso\/fotoniikka\">Fotoniikan tutkimusyhteis\u00f6n (PHOTONICS)<\/a> ydin It\u00e4-Suomen yliopistolla. Fotoniikan tutkimusyhteis\u00f6 (PHOTONICS) sai korkeimmat pisteet tutkimusaktiviteettien kansainv\u00e4lisess\u00e4 arviossa It\u00e4-Suomen yliopistolla 2015-2018 ja kuuluu k\u00e4rkihankkeisiin UEF Strategiassa 2030.&nbsp; Fotoniikan tutkimuskeskus on my\u00f6s osa <a href=\"https:\/\/prein.fi\/prein-lyhyesti\">Fotoniikan tutkimuksen ja innovaatioiden lippulaivaa (PREIN)<\/a>, ja Suomen Kansallista Valoon-Pohjautuvien Teknologioiden Infrastruktuuria (FinnLight) Kansallisessa Tutkimusinfrastruktuurin Tiekartassa (FIRI).<\/p>\n\n\n\n<figure class=\"wp-block-image\"><a href=\"https:\/\/prein.fi\/prein-lyhyesti\"><img loading=\"lazy\" decoding=\"async\" width=\"300\" height=\"199\" src=\"https:\/\/sites.uef.fi\/photonics\/wp-content\/uploads\/sites\/150\/2021\/07\/prein-300x199.jpg\" alt=\"\" class=\"wp-image-3263\" srcset=\"https:\/\/sites.uef.fi\/photonics\/wp-content\/uploads\/sites\/150\/2021\/07\/prein-300x199.jpg 300w, https:\/\/sites.uef.fi\/photonics\/wp-content\/uploads\/sites\/150\/2021\/07\/prein-1024x678.jpg 1024w, https:\/\/sites.uef.fi\/photonics\/wp-content\/uploads\/sites\/150\/2021\/07\/prein-768x509.jpg 768w, https:\/\/sites.uef.fi\/photonics\/wp-content\/uploads\/sites\/150\/2021\/07\/prein.jpg 1200w\" sizes=\"auto, (max-width: 300px) 100vw, 300px\" \/><\/a><\/figure>\n\n\n\n<p>UEF on my\u00f6s yhteisty\u00f6organisaatio ainutlaatuisessa fotoniikan teollisuuden <a href=\"https:\/\/photonicscenter.fi\">Photonics Center Ltd:ss\u00e4.<\/a><\/p>\n\n\n\n<figure class=\"wp-block-image\"><a href=\"https:\/\/photonicscenter.fi\"><img loading=\"lazy\" decoding=\"async\" width=\"300\" height=\"144\" src=\"https:\/\/sites.uef.fi\/photonics\/wp-content\/uploads\/sites\/150\/2021\/08\/Photonics_Center_Logo_dark-300x144.png\" alt=\"\" class=\"wp-image-3498\" srcset=\"https:\/\/sites.uef.fi\/photonics\/wp-content\/uploads\/sites\/150\/2021\/08\/Photonics_Center_Logo_dark-300x144.png 300w, https:\/\/sites.uef.fi\/photonics\/wp-content\/uploads\/sites\/150\/2021\/08\/Photonics_Center_Logo_dark.png 591w\" sizes=\"auto, (max-width: 300px) 100vw, 300px\" \/><\/a><\/figure>\n\n\n\n<p>T\u00e4lt\u00e4 verkkosivulta l\u00f6yd\u00e4t tietoa fotoniikan tutkimuksesta, koulutuksesta maisteriopinnoissa ja jatkuvassa oppimisessa, palveluista ja yhteisty\u00f6muodoista yritysten kanssa sek\u00e4 tietoa Fotoniikan tutkimuskeskuksesta.<\/p>\n\n\n\n<p>Osa verkkosivuston sis\u00e4ll\u00f6st\u00e4 on tarjolla vain englanniksi.<\/p>\n\n\n\n<p><a href=\"https:\/\/twitter.com\/CPhotonSci\">Fotoniikan tutkimuskeskus X:ss\u00e4<\/a><br><a href=\"https:\/\/www.facebook.com\/institutephotonics\">Fotoniikan tutkimuskeskus Facebookissa<\/a><br><a href=\"https:\/\/www.uef.fi\/fi\/\">UEF-p\u00e4\u00e4sivu <\/a>sis\u00e4lt\u00e4\u00e4 my\u00f6s fotoniikka-aiheisia uutisia<\/p>\n\n\n\n<p><a href=\"https:\/\/sites.uef.fi\/photonics\/contacts\/\">Yhteystiedot (englanniksi)<\/a><\/p>\n\n\n\n<p><strong>Sivuston suomenkielisist\u00e4 materiaaleista<\/strong><br>Verkkosivuston p\u00e4\u00e4kieli on englanti.<\/p>\n\n\n\n<p>Osa verkkosivuston sivuista, kuten t\u00e4m\u00e4 etusivu, l\u00f6ytyy my\u00f6s suomeksi. Tunnistat t\u00e4llaiset sivut navigointipalkin vieress\u00e4 olevasta kielivalintanapista, jossa on teksti &#8220;FI&#8221; (suomi) tai &#8220;EN&#8221; (englanti) . Valitsemalla &#8220;FI&#8221; voit siirty\u00e4 suomenkieliselle sivulle.<\/p>\n\n\n\n<p>Kaikkia verkkosivuston sivuja ei olla toteutettu suomeksi, koska monien teknisten termien k\u00e4\u00e4nt\u00e4minen olisi hankalaa. Mik\u00e4li kielenvalinta ei ole mahdollista, kyseinen sivu on vain englanniksi.<\/p>\n","protected":false},"excerpt":{"rendered":"<p>Tervetuloa Fotoniikan tutkimuskeskuksen (aiemmin Fotoniikan Instituutti) verkkosivulle! Fotoniikan tutkimuskeskus yhdist\u00e4\u00e4 kaikkea fotoniikan ja optiikan tutkimusta ja koulutusta It\u00e4-Suomen yliopistossa. Monitieteinen tutkimuskeskuksemme on ainutlaatuinen kokoelma asiantuntijoita biologian, kemian, tietojenk\u00e4sittelyn, fysiikan ja sovelletun fysiikan aloilta. Tutkimuskeskus juontaa juurensa siit\u00e4, ett\u00e4 fotoniikka oli merkitt\u00e4v\u00e4 tutkimusaihe jo silloin, kun Joensuun yliopisto perustettiin yli 50 vuotta sitten. Nyky\u00e4\u00e4n Fotoniikan tutkimuskeskus [&hellip;]<\/p>\n","protected":false},"author":2,"featured_media":0,"parent":0,"menu_order":0,"comment_status":"closed","ping_status":"closed","template":"","meta":{"_acf_changed":false,"_monsterinsights_skip_tracking":false,"_monsterinsights_sitenote_active":false,"_monsterinsights_sitenote_note":"","_monsterinsights_sitenote_category":0,"footnotes":""},"class_list":["post-39","page","type-page","status-publish","hentry"],"acf":[],"yoast_head":"<!-- This site is optimized with the Yoast SEO plugin v27.3 - https:\/\/yoast.com\/product\/yoast-seo-wordpress\/ -->\n<title>Etusivu - Center for Photonics Sciences<\/title>\n<meta name=\"robots\" content=\"index, follow, max-snippet:-1, max-image-preview:large, max-video-preview:-1\" \/>\n<link rel=\"canonical\" href=\"https:\/\/sites.uef.fi\/photonics\/?lang=fi\" \/>\n<meta property=\"og:locale\" content=\"en_US\" \/>\n<meta property=\"og:type\" content=\"article\" \/>\n<meta property=\"og:title\" content=\"Etusivu - Center for Photonics Sciences\" \/>\n<meta property=\"og:description\" content=\"Tervetuloa Fotoniikan tutkimuskeskuksen (aiemmin Fotoniikan Instituutti) verkkosivulle! Fotoniikan tutkimuskeskus yhdist\u00e4\u00e4 kaikkea fotoniikan ja optiikan tutkimusta ja koulutusta It\u00e4-Suomen yliopistossa. Monitieteinen tutkimuskeskuksemme on ainutlaatuinen kokoelma asiantuntijoita biologian, kemian, tietojenk\u00e4sittelyn, fysiikan ja sovelletun fysiikan aloilta. Tutkimuskeskus juontaa juurensa siit\u00e4, ett\u00e4 fotoniikka oli merkitt\u00e4v\u00e4 tutkimusaihe jo silloin, kun Joensuun yliopisto perustettiin yli 50 vuotta sitten. Nyky\u00e4\u00e4n Fotoniikan tutkimuskeskus [&hellip;]\" \/>\n<meta property=\"og:url\" content=\"https:\/\/sites.uef.fi\/photonics\/?lang=fi\" \/>\n<meta property=\"og:site_name\" content=\"Center for Photonics Sciences\" \/>\n<meta property=\"article:modified_time\" content=\"2023-12-22T11:47:16+00:00\" \/>\n<meta property=\"og:image\" content=\"https:\/\/sites.uef.fi\/photonics\/wp-content\/uploads\/sites\/150\/2022\/11\/thumbnail_image001-300x140.png\" \/>\n<meta name=\"twitter:card\" content=\"summary_large_image\" \/>\n<meta name=\"twitter:label1\" content=\"Est. reading time\" \/>\n\t<meta name=\"twitter:data1\" content=\"1 minute\" \/>\n<script type=\"application\/ld+json\" class=\"yoast-schema-graph\">{\"@context\":\"https:\\\/\\\/schema.org\",\"@graph\":[{\"@type\":\"WebPage\",\"@id\":\"https:\\\/\\\/sites.uef.fi\\\/photonics\\\/?lang=fi\",\"url\":\"https:\\\/\\\/sites.uef.fi\\\/photonics\\\/?lang=fi\",\"name\":\"Etusivu - Center for Photonics Sciences\",\"isPartOf\":{\"@id\":\"https:\\\/\\\/sites.uef.fi\\\/photonics\\\/#website\"},\"primaryImageOfPage\":{\"@id\":\"https:\\\/\\\/sites.uef.fi\\\/photonics\\\/?lang=fi#primaryimage\"},\"image\":{\"@id\":\"https:\\\/\\\/sites.uef.fi\\\/photonics\\\/?lang=fi#primaryimage\"},\"thumbnailUrl\":\"https:\\\/\\\/sites.uef.fi\\\/photonics\\\/wp-content\\\/uploads\\\/sites\\\/150\\\/2022\\\/11\\\/thumbnail_image001-300x140.png\",\"datePublished\":\"2020-08-24T09:53:45+00:00\",\"dateModified\":\"2023-12-22T11:47:16+00:00\",\"breadcrumb\":{\"@id\":\"https:\\\/\\\/sites.uef.fi\\\/photonics\\\/?lang=fi#breadcrumb\"},\"inLanguage\":\"en-US\",\"potentialAction\":[{\"@type\":\"ReadAction\",\"target\":[\"https:\\\/\\\/sites.uef.fi\\\/photonics\\\/?lang=fi\"]}]},{\"@type\":\"ImageObject\",\"inLanguage\":\"en-US\",\"@id\":\"https:\\\/\\\/sites.uef.fi\\\/photonics\\\/?lang=fi#primaryimage\",\"url\":\"https:\\\/\\\/sites.uef.fi\\\/photonics\\\/wp-content\\\/uploads\\\/sites\\\/150\\\/2022\\\/11\\\/thumbnail_image001.png\",\"contentUrl\":\"https:\\\/\\\/sites.uef.fi\\\/photonics\\\/wp-content\\\/uploads\\\/sites\\\/150\\\/2022\\\/11\\\/thumbnail_image001.png\",\"width\":1118,\"height\":522},{\"@type\":\"BreadcrumbList\",\"@id\":\"https:\\\/\\\/sites.uef.fi\\\/photonics\\\/?lang=fi#breadcrumb\",\"itemListElement\":[{\"@type\":\"ListItem\",\"position\":1,\"name\":\"Home\",\"item\":\"https:\\\/\\\/sites.uef.fi\\\/photonics\\\/\"},{\"@type\":\"ListItem\",\"position\":2,\"name\":\"Etusivu\"}]},{\"@type\":\"WebSite\",\"@id\":\"https:\\\/\\\/sites.uef.fi\\\/photonics\\\/#website\",\"url\":\"https:\\\/\\\/sites.uef.fi\\\/photonics\\\/\",\"name\":\"Center for Photonics Sciences\",\"description\":\"\",\"potentialAction\":[{\"@type\":\"SearchAction\",\"target\":{\"@type\":\"EntryPoint\",\"urlTemplate\":\"https:\\\/\\\/sites.uef.fi\\\/photonics\\\/?s={search_term_string}\"},\"query-input\":{\"@type\":\"PropertyValueSpecification\",\"valueRequired\":true,\"valueName\":\"search_term_string\"}}],\"inLanguage\":\"en-US\"}]}<\/script>\n<!-- \/ Yoast SEO plugin. -->","yoast_head_json":{"title":"Etusivu - Center for Photonics Sciences","robots":{"index":"index","follow":"follow","max-snippet":"max-snippet:-1","max-image-preview":"max-image-preview:large","max-video-preview":"max-video-preview:-1"},"canonical":"https:\/\/sites.uef.fi\/photonics\/?lang=fi","og_locale":"en_US","og_type":"article","og_title":"Etusivu - Center for Photonics Sciences","og_description":"Tervetuloa Fotoniikan tutkimuskeskuksen (aiemmin Fotoniikan Instituutti) verkkosivulle! Fotoniikan tutkimuskeskus yhdist\u00e4\u00e4 kaikkea fotoniikan ja optiikan tutkimusta ja koulutusta It\u00e4-Suomen yliopistossa. Monitieteinen tutkimuskeskuksemme on ainutlaatuinen kokoelma asiantuntijoita biologian, kemian, tietojenk\u00e4sittelyn, fysiikan ja sovelletun fysiikan aloilta. Tutkimuskeskus juontaa juurensa siit\u00e4, ett\u00e4 fotoniikka oli merkitt\u00e4v\u00e4 tutkimusaihe jo silloin, kun Joensuun yliopisto perustettiin yli 50 vuotta sitten. Nyky\u00e4\u00e4n Fotoniikan tutkimuskeskus [&hellip;]","og_url":"https:\/\/sites.uef.fi\/photonics\/?lang=fi","og_site_name":"Center for Photonics Sciences","article_modified_time":"2023-12-22T11:47:16+00:00","og_image":[{"url":"https:\/\/sites.uef.fi\/photonics\/wp-content\/uploads\/sites\/150\/2022\/11\/thumbnail_image001-300x140.png","type":"","width":"","height":""}],"twitter_card":"summary_large_image","twitter_misc":{"Est. reading time":"1 minute"},"schema":{"@context":"https:\/\/schema.org","@graph":[{"@type":"WebPage","@id":"https:\/\/sites.uef.fi\/photonics\/?lang=fi","url":"https:\/\/sites.uef.fi\/photonics\/?lang=fi","name":"Etusivu - Center for Photonics Sciences","isPartOf":{"@id":"https:\/\/sites.uef.fi\/photonics\/#website"},"primaryImageOfPage":{"@id":"https:\/\/sites.uef.fi\/photonics\/?lang=fi#primaryimage"},"image":{"@id":"https:\/\/sites.uef.fi\/photonics\/?lang=fi#primaryimage"},"thumbnailUrl":"https:\/\/sites.uef.fi\/photonics\/wp-content\/uploads\/sites\/150\/2022\/11\/thumbnail_image001-300x140.png","datePublished":"2020-08-24T09:53:45+00:00","dateModified":"2023-12-22T11:47:16+00:00","breadcrumb":{"@id":"https:\/\/sites.uef.fi\/photonics\/?lang=fi#breadcrumb"},"inLanguage":"en-US","potentialAction":[{"@type":"ReadAction","target":["https:\/\/sites.uef.fi\/photonics\/?lang=fi"]}]},{"@type":"ImageObject","inLanguage":"en-US","@id":"https:\/\/sites.uef.fi\/photonics\/?lang=fi#primaryimage","url":"https:\/\/sites.uef.fi\/photonics\/wp-content\/uploads\/sites\/150\/2022\/11\/thumbnail_image001.png","contentUrl":"https:\/\/sites.uef.fi\/photonics\/wp-content\/uploads\/sites\/150\/2022\/11\/thumbnail_image001.png","width":1118,"height":522},{"@type":"BreadcrumbList","@id":"https:\/\/sites.uef.fi\/photonics\/?lang=fi#breadcrumb","itemListElement":[{"@type":"ListItem","position":1,"name":"Home","item":"https:\/\/sites.uef.fi\/photonics\/"},{"@type":"ListItem","position":2,"name":"Etusivu"}]},{"@type":"WebSite","@id":"https:\/\/sites.uef.fi\/photonics\/#website","url":"https:\/\/sites.uef.fi\/photonics\/","name":"Center for Photonics Sciences","description":"","potentialAction":[{"@type":"SearchAction","target":{"@type":"EntryPoint","urlTemplate":"https:\/\/sites.uef.fi\/photonics\/?s={search_term_string}"},"query-input":{"@type":"PropertyValueSpecification","valueRequired":true,"valueName":"search_term_string"}}],"inLanguage":"en-US"}]}},"_links":{"self":[{"href":"https:\/\/sites.uef.fi\/photonics\/wp-json\/wp\/v2\/pages\/39","targetHints":{"allow":["GET"]}}],"collection":[{"href":"https:\/\/sites.uef.fi\/photonics\/wp-json\/wp\/v2\/pages"}],"about":[{"href":"https:\/\/sites.uef.fi\/photonics\/wp-json\/wp\/v2\/types\/page"}],"author":[{"embeddable":true,"href":"https:\/\/sites.uef.fi\/photonics\/wp-json\/wp\/v2\/users\/2"}],"replies":[{"embeddable":true,"href":"https:\/\/sites.uef.fi\/photonics\/wp-json\/wp\/v2\/comments?post=39"}],"version-history":[{"count":2,"href":"https:\/\/sites.uef.fi\/photonics\/wp-json\/wp\/v2\/pages\/39\/revisions"}],"predecessor-version":[{"id":8948,"href":"https:\/\/sites.uef.fi\/photonics\/wp-json\/wp\/v2\/pages\/39\/revisions\/8948"}],"wp:attachment":[{"href":"https:\/\/sites.uef.fi\/photonics\/wp-json\/wp\/v2\/media?parent=39"}],"curies":[{"name":"wp","href":"https:\/\/api.w.org\/{rel}","templated":true}]}}