{"id":3968,"date":"2021-08-31T10:35:56","date_gmt":"2021-08-31T07:35:56","guid":{"rendered":"https:\/\/sites.uef.fi\/photonics\/?page_id=3968"},"modified":"2023-12-19T13:30:53","modified_gmt":"2023-12-19T11:30:53","slug":"collaboration","status":"publish","type":"page","link":"https:\/\/sites.uef.fi\/photonics\/collaboration\/?lang=fi","title":{"rendered":"Yhteisty\u00f6"},"content":{"rendered":"\n<p><strong>Fotoniikka on mahdollistava teknologia. Se antaa uusia mahdollisuuksia lis\u00e4t\u00e4 ja kehitt\u00e4\u00e4 liiketoimintaa sek\u00e4 yhteiskunnan hyvinvointia. Sen avulla voimme ratkoa my\u00f6s globaaleja haasteita.<\/strong><\/p>\n\n\n\n<p>Me teemme tiivist\u00e4 yhteisty\u00f6t\u00e4 muiden yliopistojen ja tutkimuslaitosten kuten my\u00f6s elinkeinoel\u00e4m\u00e4n kanssa esimerkiksi tutkimuksen, hankkeiden ja yhteisty\u00f6projektien kautta. Yhteisty\u00f6 on yksi merkitt\u00e4v\u00e4 tapa edist\u00e4\u00e4 yliopiston yhteiskunnallista vaikuttamista.<\/p>\n\n\n\n<p>Korkeatasoisella tutkimuksella on merkitt\u00e4v\u00e4 rooli innovaatioiden syntymiselle ja yritysten tuotekehitykselle. Teemme soveltavaa tutkimusta, jonka vaikutukset ja merkitykset tulevat n\u00e4kyv\u00e4ksi yritysyhteisty\u00f6n kautta. Samalla saamme tietoa markkinoiden tarpeista ja yhteiskuntaan liittyvist\u00e4 muutoksista, joihin voimme tutkimuksen kautta vaikuttaa.<\/p>\n\n\n\n<figure class=\"wp-block-image\"><img loading=\"lazy\" decoding=\"async\" width=\"643\" height=\"279\" src=\"https:\/\/sites.uef.fi\/photonics\/wp-content\/uploads\/sites\/150\/2021\/08\/services-labra.png\" alt=\"\" class=\"wp-image-3525\" srcset=\"https:\/\/sites.uef.fi\/photonics\/wp-content\/uploads\/sites\/150\/2021\/08\/services-labra.png 643w, https:\/\/sites.uef.fi\/photonics\/wp-content\/uploads\/sites\/150\/2021\/08\/services-labra-300x130.png 300w\" sizes=\"auto, (max-width: 643px) 100vw, 643px\" \/><\/figure>\n\n\n\n<p>T\u00e4lt\u00e4 sivulta l\u00f6yd\u00e4t esimerkkej\u00e4 elinkeinoel\u00e4m\u00e4n kanssa teht\u00e4v\u00e4st\u00e4 yhteisty\u00f6st\u00e4mme, palveluistamme, laitekannastamme sek\u00e4 jatkuvan oppimisen koulutuksesta:<\/p>\n\n\n\n<p><a href=\"https:\/\/sites.uef.fi\/photonics\/how-we-collaborate\/?lang=fi\">Yhteisty\u00f6muodot<\/a><br><a href=\"https:\/\/sites.uef.fi\/photonics\/services\/?lang=fi\">Palvelut<\/a><br><a href=\"https:\/\/sites.uef.fi\/photonics\/equipment\/?lang=fi\">Laitteet<\/a><br><a href=\"https:\/\/sites.uef.fi\/photonics\/continuous-learning\/?lang=fi\">Jatkuva Oppiminen<\/a><\/p>\n\n\n\n<p>Tutustu Fotoniikan Instituutissa teht\u00e4v\u00e4\u00e4n tutkimukseen t\u00e4\u00e4ll\u00e4: <a href=\"https:\/\/sites.uef.fi\/photonics\/research-topics\/\">Research \u2013 Institute of Photonics (uef.fi)<\/a><\/p>\n\n\n\n<figure class=\"wp-block-image\"><img loading=\"lazy\" decoding=\"async\" width=\"300\" height=\"215\" src=\"https:\/\/sites.uef.fi\/photonics\/wp-content\/uploads\/sites\/150\/2021\/05\/Axicon1-300x215.jpg\" alt=\"\" class=\"wp-image-2573\" srcset=\"https:\/\/sites.uef.fi\/photonics\/wp-content\/uploads\/sites\/150\/2021\/05\/Axicon1-300x215.jpg 300w, https:\/\/sites.uef.fi\/photonics\/wp-content\/uploads\/sites\/150\/2021\/05\/Axicon1-1024x735.jpg 1024w, https:\/\/sites.uef.fi\/photonics\/wp-content\/uploads\/sites\/150\/2021\/05\/Axicon1-768x551.jpg 768w, https:\/\/sites.uef.fi\/photonics\/wp-content\/uploads\/sites\/150\/2021\/05\/Axicon1-1536x1102.jpg 1536w, https:\/\/sites.uef.fi\/photonics\/wp-content\/uploads\/sites\/150\/2021\/05\/Axicon1-2048x1470.jpg 2048w\" sizes=\"auto, (max-width: 300px) 100vw, 300px\" \/><\/figure>\n\n\n\n<p>Me olemme osa laajoja kansallisia ja kansainv\u00e4lisi\u00e4 verkostoja. Voit tutustua lis\u00e4\u00e4 t\u00e4\u00e4ll\u00e4: <a href=\"https:\/\/sites.uef.fi\/photonics\/partners\/\">https:\/\/sites.uef.fi\/photonics\/partners\/<\/a><\/p>\n\n\n\n<p>Lis\u00e4tietoa It\u00e4-Suomen yliopiston muusta yritysyhteisty\u00f6st\u00e4 l\u00f6yd\u00e4t sivulta: <a href=\"https:\/\/www.uef.fi\/fi\/yhteistyo\"><span data-contrast=\"auto\">https:\/\/www.uef.fi\/fi\/yhteistyo<\/span><\/a><\/p>\n","protected":false},"excerpt":{"rendered":"<p>Fotoniikka on mahdollistava teknologia. Se antaa uusia mahdollisuuksia lis\u00e4t\u00e4 ja kehitt\u00e4\u00e4 liiketoimintaa sek\u00e4 yhteiskunnan hyvinvointia. Sen avulla voimme ratkoa my\u00f6s globaaleja haasteita. Me teemme tiivist\u00e4 yhteisty\u00f6t\u00e4 muiden yliopistojen ja tutkimuslaitosten kuten my\u00f6s elinkeinoel\u00e4m\u00e4n kanssa esimerkiksi tutkimuksen, hankkeiden ja yhteisty\u00f6projektien kautta. Yhteisty\u00f6 on yksi merkitt\u00e4v\u00e4 tapa edist\u00e4\u00e4 yliopiston yhteiskunnallista vaikuttamista. Korkeatasoisella tutkimuksella on merkitt\u00e4v\u00e4 rooli innovaatioiden [&hellip;]<\/p>\n","protected":false},"author":243,"featured_media":0,"parent":0,"menu_order":0,"comment_status":"closed","ping_status":"closed","template":"","meta":{"_acf_changed":false,"_monsterinsights_skip_tracking":false,"_monsterinsights_sitenote_active":false,"_monsterinsights_sitenote_note":"","_monsterinsights_sitenote_category":0,"footnotes":""},"class_list":["post-3968","page","type-page","status-publish","hentry"],"acf":[],"yoast_head":"<!-- This site is optimized with the Yoast SEO plugin v27.1.1 - https:\/\/yoast.com\/product\/yoast-seo-wordpress\/ -->\n<title>Yhteisty\u00f6 - Center for Photonics Sciences<\/title>\n<meta name=\"robots\" content=\"index, follow, max-snippet:-1, max-image-preview:large, max-video-preview:-1\" \/>\n<link rel=\"canonical\" href=\"https:\/\/sites.uef.fi\/photonics\/collaboration\/?lang=fi\" \/>\n<meta property=\"og:locale\" content=\"en_US\" \/>\n<meta property=\"og:type\" content=\"article\" \/>\n<meta property=\"og:title\" content=\"Yhteisty\u00f6 - Center for Photonics Sciences\" \/>\n<meta property=\"og:description\" content=\"Fotoniikka on mahdollistava teknologia. Se antaa uusia mahdollisuuksia lis\u00e4t\u00e4 ja kehitt\u00e4\u00e4 liiketoimintaa sek\u00e4 yhteiskunnan hyvinvointia. Sen avulla voimme ratkoa my\u00f6s globaaleja haasteita. Me teemme tiivist\u00e4 yhteisty\u00f6t\u00e4 muiden yliopistojen ja tutkimuslaitosten kuten my\u00f6s elinkeinoel\u00e4m\u00e4n kanssa esimerkiksi tutkimuksen, hankkeiden ja yhteisty\u00f6projektien kautta. Yhteisty\u00f6 on yksi merkitt\u00e4v\u00e4 tapa edist\u00e4\u00e4 yliopiston yhteiskunnallista vaikuttamista. Korkeatasoisella tutkimuksella on merkitt\u00e4v\u00e4 rooli innovaatioiden [&hellip;]\" \/>\n<meta property=\"og:url\" content=\"https:\/\/sites.uef.fi\/photonics\/collaboration\/?lang=fi\" \/>\n<meta property=\"og:site_name\" content=\"Center for Photonics Sciences\" \/>\n<meta property=\"article:modified_time\" content=\"2023-12-19T11:30:53+00:00\" \/>\n<meta property=\"og:image\" content=\"https:\/\/sites.uef.fi\/photonics\/wp-content\/uploads\/sites\/150\/2021\/08\/services-labra.png\" \/>\n<meta name=\"twitter:card\" content=\"summary_large_image\" \/>\n<meta name=\"twitter:label1\" content=\"Est. reading time\" \/>\n\t<meta name=\"twitter:data1\" content=\"1 minute\" \/>\n<script type=\"application\/ld+json\" class=\"yoast-schema-graph\">{\"@context\":\"https:\/\/schema.org\",\"@graph\":[{\"@type\":\"WebPage\",\"@id\":\"https:\/\/sites.uef.fi\/photonics\/collaboration\/?lang=fi\",\"url\":\"https:\/\/sites.uef.fi\/photonics\/collaboration\/?lang=fi\",\"name\":\"Yhteisty\u00f6 - Center for Photonics Sciences\",\"isPartOf\":{\"@id\":\"https:\/\/sites.uef.fi\/photonics\/#website\"},\"primaryImageOfPage\":{\"@id\":\"https:\/\/sites.uef.fi\/photonics\/collaboration\/?lang=fi#primaryimage\"},\"image\":{\"@id\":\"https:\/\/sites.uef.fi\/photonics\/collaboration\/?lang=fi#primaryimage\"},\"thumbnailUrl\":\"https:\/\/sites.uef.fi\/photonics\/wp-content\/uploads\/sites\/150\/2021\/08\/services-labra.png\",\"datePublished\":\"2021-08-31T07:35:56+00:00\",\"dateModified\":\"2023-12-19T11:30:53+00:00\",\"breadcrumb\":{\"@id\":\"https:\/\/sites.uef.fi\/photonics\/collaboration\/?lang=fi#breadcrumb\"},\"inLanguage\":\"en-US\",\"potentialAction\":[{\"@type\":\"ReadAction\",\"target\":[\"https:\/\/sites.uef.fi\/photonics\/collaboration\/?lang=fi\"]}]},{\"@type\":\"ImageObject\",\"inLanguage\":\"en-US\",\"@id\":\"https:\/\/sites.uef.fi\/photonics\/collaboration\/?lang=fi#primaryimage\",\"url\":\"https:\/\/sites.uef.fi\/photonics\/wp-content\/uploads\/sites\/150\/2021\/08\/services-labra.png\",\"contentUrl\":\"https:\/\/sites.uef.fi\/photonics\/wp-content\/uploads\/sites\/150\/2021\/08\/services-labra.png\",\"width\":643,\"height\":279},{\"@type\":\"BreadcrumbList\",\"@id\":\"https:\/\/sites.uef.fi\/photonics\/collaboration\/?lang=fi#breadcrumb\",\"itemListElement\":[{\"@type\":\"ListItem\",\"position\":1,\"name\":\"Home\",\"item\":\"https:\/\/sites.uef.fi\/photonics\/\"},{\"@type\":\"ListItem\",\"position\":2,\"name\":\"Yhteisty\u00f6\"}]},{\"@type\":\"WebSite\",\"@id\":\"https:\/\/sites.uef.fi\/photonics\/#website\",\"url\":\"https:\/\/sites.uef.fi\/photonics\/\",\"name\":\"Center for Photonics Sciences\",\"description\":\"\",\"potentialAction\":[{\"@type\":\"SearchAction\",\"target\":{\"@type\":\"EntryPoint\",\"urlTemplate\":\"https:\/\/sites.uef.fi\/photonics\/?s={search_term_string}\"},\"query-input\":{\"@type\":\"PropertyValueSpecification\",\"valueRequired\":true,\"valueName\":\"search_term_string\"}}],\"inLanguage\":\"en-US\"}]}<\/script>\n<!-- \/ Yoast SEO plugin. -->","yoast_head_json":{"title":"Yhteisty\u00f6 - Center for Photonics Sciences","robots":{"index":"index","follow":"follow","max-snippet":"max-snippet:-1","max-image-preview":"max-image-preview:large","max-video-preview":"max-video-preview:-1"},"canonical":"https:\/\/sites.uef.fi\/photonics\/collaboration\/?lang=fi","og_locale":"en_US","og_type":"article","og_title":"Yhteisty\u00f6 - Center for Photonics Sciences","og_description":"Fotoniikka on mahdollistava teknologia. Se antaa uusia mahdollisuuksia lis\u00e4t\u00e4 ja kehitt\u00e4\u00e4 liiketoimintaa sek\u00e4 yhteiskunnan hyvinvointia. Sen avulla voimme ratkoa my\u00f6s globaaleja haasteita. Me teemme tiivist\u00e4 yhteisty\u00f6t\u00e4 muiden yliopistojen ja tutkimuslaitosten kuten my\u00f6s elinkeinoel\u00e4m\u00e4n kanssa esimerkiksi tutkimuksen, hankkeiden ja yhteisty\u00f6projektien kautta. Yhteisty\u00f6 on yksi merkitt\u00e4v\u00e4 tapa edist\u00e4\u00e4 yliopiston yhteiskunnallista vaikuttamista. Korkeatasoisella tutkimuksella on merkitt\u00e4v\u00e4 rooli innovaatioiden [&hellip;]","og_url":"https:\/\/sites.uef.fi\/photonics\/collaboration\/?lang=fi","og_site_name":"Center for Photonics Sciences","article_modified_time":"2023-12-19T11:30:53+00:00","og_image":[{"url":"https:\/\/sites.uef.fi\/photonics\/wp-content\/uploads\/sites\/150\/2021\/08\/services-labra.png","type":"","width":"","height":""}],"twitter_card":"summary_large_image","twitter_misc":{"Est. reading time":"1 minute"},"schema":{"@context":"https:\/\/schema.org","@graph":[{"@type":"WebPage","@id":"https:\/\/sites.uef.fi\/photonics\/collaboration\/?lang=fi","url":"https:\/\/sites.uef.fi\/photonics\/collaboration\/?lang=fi","name":"Yhteisty\u00f6 - Center for Photonics Sciences","isPartOf":{"@id":"https:\/\/sites.uef.fi\/photonics\/#website"},"primaryImageOfPage":{"@id":"https:\/\/sites.uef.fi\/photonics\/collaboration\/?lang=fi#primaryimage"},"image":{"@id":"https:\/\/sites.uef.fi\/photonics\/collaboration\/?lang=fi#primaryimage"},"thumbnailUrl":"https:\/\/sites.uef.fi\/photonics\/wp-content\/uploads\/sites\/150\/2021\/08\/services-labra.png","datePublished":"2021-08-31T07:35:56+00:00","dateModified":"2023-12-19T11:30:53+00:00","breadcrumb":{"@id":"https:\/\/sites.uef.fi\/photonics\/collaboration\/?lang=fi#breadcrumb"},"inLanguage":"en-US","potentialAction":[{"@type":"ReadAction","target":["https:\/\/sites.uef.fi\/photonics\/collaboration\/?lang=fi"]}]},{"@type":"ImageObject","inLanguage":"en-US","@id":"https:\/\/sites.uef.fi\/photonics\/collaboration\/?lang=fi#primaryimage","url":"https:\/\/sites.uef.fi\/photonics\/wp-content\/uploads\/sites\/150\/2021\/08\/services-labra.png","contentUrl":"https:\/\/sites.uef.fi\/photonics\/wp-content\/uploads\/sites\/150\/2021\/08\/services-labra.png","width":643,"height":279},{"@type":"BreadcrumbList","@id":"https:\/\/sites.uef.fi\/photonics\/collaboration\/?lang=fi#breadcrumb","itemListElement":[{"@type":"ListItem","position":1,"name":"Home","item":"https:\/\/sites.uef.fi\/photonics\/"},{"@type":"ListItem","position":2,"name":"Yhteisty\u00f6"}]},{"@type":"WebSite","@id":"https:\/\/sites.uef.fi\/photonics\/#website","url":"https:\/\/sites.uef.fi\/photonics\/","name":"Center for Photonics Sciences","description":"","potentialAction":[{"@type":"SearchAction","target":{"@type":"EntryPoint","urlTemplate":"https:\/\/sites.uef.fi\/photonics\/?s={search_term_string}"},"query-input":{"@type":"PropertyValueSpecification","valueRequired":true,"valueName":"search_term_string"}}],"inLanguage":"en-US"}]}},"_links":{"self":[{"href":"https:\/\/sites.uef.fi\/photonics\/wp-json\/wp\/v2\/pages\/3968","targetHints":{"allow":["GET"]}}],"collection":[{"href":"https:\/\/sites.uef.fi\/photonics\/wp-json\/wp\/v2\/pages"}],"about":[{"href":"https:\/\/sites.uef.fi\/photonics\/wp-json\/wp\/v2\/types\/page"}],"author":[{"embeddable":true,"href":"https:\/\/sites.uef.fi\/photonics\/wp-json\/wp\/v2\/users\/243"}],"replies":[{"embeddable":true,"href":"https:\/\/sites.uef.fi\/photonics\/wp-json\/wp\/v2\/comments?post=3968"}],"version-history":[{"count":2,"href":"https:\/\/sites.uef.fi\/photonics\/wp-json\/wp\/v2\/pages\/3968\/revisions"}],"predecessor-version":[{"id":8707,"href":"https:\/\/sites.uef.fi\/photonics\/wp-json\/wp\/v2\/pages\/3968\/revisions\/8707"}],"wp:attachment":[{"href":"https:\/\/sites.uef.fi\/photonics\/wp-json\/wp\/v2\/media?parent=3968"}],"curies":[{"name":"wp","href":"https:\/\/api.w.org\/{rel}","templated":true}]}}