{"id":3971,"date":"2021-08-31T10:34:54","date_gmt":"2021-08-31T07:34:54","guid":{"rendered":"https:\/\/sites.uef.fi\/photonics\/?page_id=3971"},"modified":"2023-12-19T13:31:48","modified_gmt":"2023-12-19T11:31:48","slug":"services","status":"publish","type":"page","link":"https:\/\/sites.uef.fi\/photonics\/services\/?lang=fi","title":{"rendered":"Palvelut"},"content":{"rendered":"\n<figure class=\"wp-block-image\"><img loading=\"lazy\" decoding=\"async\" width=\"642\" height=\"289\" src=\"https:\/\/sites.uef.fi\/photonics\/wp-content\/uploads\/sites\/150\/2021\/08\/pinsetit.jpg\" alt=\"\" class=\"wp-image-3588\" srcset=\"https:\/\/sites.uef.fi\/photonics\/wp-content\/uploads\/sites\/150\/2021\/08\/pinsetit.jpg 642w, https:\/\/sites.uef.fi\/photonics\/wp-content\/uploads\/sites\/150\/2021\/08\/pinsetit-300x135.jpg 300w\" sizes=\"auto, (max-width: 642px) 100vw, 642px\" \/><\/figure>\n\n\n\n<p>Fotoniikan tutkimuskeskus tarjoaa elinkeinoel\u00e4m\u00e4lle asiantuntijapalveluita seuraavista optiikan ja fotoniikan aiheista. Tutustu palveluihimme alla ja ota yhteytt\u00e4:<\/p>\n\n\n\n<p><a href=\"https:\/\/sites.uef.fi\/photonics\/measuring-and-imaging?lang=fi\">Mittaus ja kuvantaminen<\/a><br><a href=\"https:\/\/sites.uef.fi\/photonics\/manufacturing-of-optics?lang=fi\">Optiikan valmistus<\/a><br><a href=\"https:\/\/sites.uef.fi\/photonics\/designing-of-optics?lang=fi\">Optiikan suunnittelu<\/a><br><a href=\"https:\/\/sites.uef.fi\/photonics\/eye-tracking-and-usability-studies?lang=fi\">Katseenseuranta- ja k\u00e4ytett\u00e4vyystutkimus<\/a><br>XR Laboratorio: tulossa pian<\/p>\n\n\n\n<p>Lue lis\u00e4\u00e4 Fotoniikan tutkimuskeskuksen laitekannasta t\u00e4\u00e4lt\u00e4:<br><a href=\"https:\/\/sites.uef.fi\/photonics\/equipment\/?lang=fi\">Laitteet \u2013 Fotoniikan tutkimuskeskus (uef.fi)<\/a><\/p>\n","protected":false},"excerpt":{"rendered":"<p>Fotoniikan tutkimuskeskus tarjoaa elinkeinoel\u00e4m\u00e4lle asiantuntijapalveluita seuraavista optiikan ja fotoniikan aiheista. Tutustu palveluihimme alla ja ota yhteytt\u00e4: Mittaus ja kuvantaminenOptiikan valmistusOptiikan suunnitteluKatseenseuranta- ja k\u00e4ytett\u00e4vyystutkimusXR Laboratorio: tulossa pian Lue lis\u00e4\u00e4 Fotoniikan tutkimuskeskuksen laitekannasta t\u00e4\u00e4lt\u00e4:Laitteet \u2013 Fotoniikan tutkimuskeskus (uef.fi)<\/p>\n","protected":false},"author":243,"featured_media":0,"parent":0,"menu_order":0,"comment_status":"closed","ping_status":"closed","template":"","meta":{"_acf_changed":false,"_monsterinsights_skip_tracking":false,"_monsterinsights_sitenote_active":false,"_monsterinsights_sitenote_note":"","_monsterinsights_sitenote_category":0,"footnotes":""},"class_list":["post-3971","page","type-page","status-publish","hentry"],"acf":[],"yoast_head":"<!-- This site is optimized with the Yoast SEO plugin v27.3 - https:\/\/yoast.com\/product\/yoast-seo-wordpress\/ -->\n<title>Palvelut - Center for Photonics Sciences<\/title>\n<meta name=\"robots\" content=\"index, follow, max-snippet:-1, max-image-preview:large, max-video-preview:-1\" \/>\n<link rel=\"canonical\" href=\"https:\/\/sites.uef.fi\/photonics\/services\/?lang=fi\" \/>\n<meta property=\"og:locale\" content=\"en_US\" \/>\n<meta property=\"og:type\" content=\"article\" \/>\n<meta property=\"og:title\" content=\"Palvelut - Center for Photonics Sciences\" \/>\n<meta property=\"og:description\" content=\"Fotoniikan tutkimuskeskus tarjoaa elinkeinoel\u00e4m\u00e4lle asiantuntijapalveluita seuraavista optiikan ja fotoniikan aiheista. Tutustu palveluihimme alla ja ota yhteytt\u00e4: Mittaus ja kuvantaminenOptiikan valmistusOptiikan suunnitteluKatseenseuranta- ja k\u00e4ytett\u00e4vyystutkimusXR Laboratorio: tulossa pian Lue lis\u00e4\u00e4 Fotoniikan tutkimuskeskuksen laitekannasta t\u00e4\u00e4lt\u00e4:Laitteet \u2013 Fotoniikan tutkimuskeskus (uef.fi)\" \/>\n<meta property=\"og:url\" content=\"https:\/\/sites.uef.fi\/photonics\/services\/?lang=fi\" \/>\n<meta property=\"og:site_name\" content=\"Center for Photonics Sciences\" \/>\n<meta property=\"article:modified_time\" content=\"2023-12-19T11:31:48+00:00\" \/>\n<meta property=\"og:image\" content=\"https:\/\/sites.uef.fi\/photonics\/wp-content\/uploads\/sites\/150\/2021\/08\/pinsetit.jpg\" \/>\n<meta name=\"twitter:card\" content=\"summary_large_image\" \/>\n<script type=\"application\/ld+json\" class=\"yoast-schema-graph\">{\"@context\":\"https:\\\/\\\/schema.org\",\"@graph\":[{\"@type\":\"WebPage\",\"@id\":\"https:\\\/\\\/sites.uef.fi\\\/photonics\\\/services\\\/?lang=fi\",\"url\":\"https:\\\/\\\/sites.uef.fi\\\/photonics\\\/services\\\/?lang=fi\",\"name\":\"Palvelut - Center for Photonics Sciences\",\"isPartOf\":{\"@id\":\"https:\\\/\\\/sites.uef.fi\\\/photonics\\\/#website\"},\"primaryImageOfPage\":{\"@id\":\"https:\\\/\\\/sites.uef.fi\\\/photonics\\\/services\\\/?lang=fi#primaryimage\"},\"image\":{\"@id\":\"https:\\\/\\\/sites.uef.fi\\\/photonics\\\/services\\\/?lang=fi#primaryimage\"},\"thumbnailUrl\":\"https:\\\/\\\/sites.uef.fi\\\/photonics\\\/wp-content\\\/uploads\\\/sites\\\/150\\\/2021\\\/08\\\/pinsetit.jpg\",\"datePublished\":\"2021-08-31T07:34:54+00:00\",\"dateModified\":\"2023-12-19T11:31:48+00:00\",\"breadcrumb\":{\"@id\":\"https:\\\/\\\/sites.uef.fi\\\/photonics\\\/services\\\/?lang=fi#breadcrumb\"},\"inLanguage\":\"en-US\",\"potentialAction\":[{\"@type\":\"ReadAction\",\"target\":[\"https:\\\/\\\/sites.uef.fi\\\/photonics\\\/services\\\/?lang=fi\"]}]},{\"@type\":\"ImageObject\",\"inLanguage\":\"en-US\",\"@id\":\"https:\\\/\\\/sites.uef.fi\\\/photonics\\\/services\\\/?lang=fi#primaryimage\",\"url\":\"https:\\\/\\\/sites.uef.fi\\\/photonics\\\/wp-content\\\/uploads\\\/sites\\\/150\\\/2021\\\/08\\\/pinsetit.jpg\",\"contentUrl\":\"https:\\\/\\\/sites.uef.fi\\\/photonics\\\/wp-content\\\/uploads\\\/sites\\\/150\\\/2021\\\/08\\\/pinsetit.jpg\",\"width\":642,\"height\":289},{\"@type\":\"BreadcrumbList\",\"@id\":\"https:\\\/\\\/sites.uef.fi\\\/photonics\\\/services\\\/?lang=fi#breadcrumb\",\"itemListElement\":[{\"@type\":\"ListItem\",\"position\":1,\"name\":\"Home\",\"item\":\"https:\\\/\\\/sites.uef.fi\\\/photonics\\\/\"},{\"@type\":\"ListItem\",\"position\":2,\"name\":\"Palvelut\"}]},{\"@type\":\"WebSite\",\"@id\":\"https:\\\/\\\/sites.uef.fi\\\/photonics\\\/#website\",\"url\":\"https:\\\/\\\/sites.uef.fi\\\/photonics\\\/\",\"name\":\"Center for Photonics Sciences\",\"description\":\"\",\"potentialAction\":[{\"@type\":\"SearchAction\",\"target\":{\"@type\":\"EntryPoint\",\"urlTemplate\":\"https:\\\/\\\/sites.uef.fi\\\/photonics\\\/?s={search_term_string}\"},\"query-input\":{\"@type\":\"PropertyValueSpecification\",\"valueRequired\":true,\"valueName\":\"search_term_string\"}}],\"inLanguage\":\"en-US\"}]}<\/script>\n<!-- \/ Yoast SEO plugin. -->","yoast_head_json":{"title":"Palvelut - Center for Photonics Sciences","robots":{"index":"index","follow":"follow","max-snippet":"max-snippet:-1","max-image-preview":"max-image-preview:large","max-video-preview":"max-video-preview:-1"},"canonical":"https:\/\/sites.uef.fi\/photonics\/services\/?lang=fi","og_locale":"en_US","og_type":"article","og_title":"Palvelut - Center for Photonics Sciences","og_description":"Fotoniikan tutkimuskeskus tarjoaa elinkeinoel\u00e4m\u00e4lle asiantuntijapalveluita seuraavista optiikan ja fotoniikan aiheista. Tutustu palveluihimme alla ja ota yhteytt\u00e4: Mittaus ja kuvantaminenOptiikan valmistusOptiikan suunnitteluKatseenseuranta- ja k\u00e4ytett\u00e4vyystutkimusXR Laboratorio: tulossa pian Lue lis\u00e4\u00e4 Fotoniikan tutkimuskeskuksen laitekannasta t\u00e4\u00e4lt\u00e4:Laitteet \u2013 Fotoniikan tutkimuskeskus (uef.fi)","og_url":"https:\/\/sites.uef.fi\/photonics\/services\/?lang=fi","og_site_name":"Center for Photonics Sciences","article_modified_time":"2023-12-19T11:31:48+00:00","og_image":[{"url":"https:\/\/sites.uef.fi\/photonics\/wp-content\/uploads\/sites\/150\/2021\/08\/pinsetit.jpg","type":"","width":"","height":""}],"twitter_card":"summary_large_image","schema":{"@context":"https:\/\/schema.org","@graph":[{"@type":"WebPage","@id":"https:\/\/sites.uef.fi\/photonics\/services\/?lang=fi","url":"https:\/\/sites.uef.fi\/photonics\/services\/?lang=fi","name":"Palvelut - Center for Photonics Sciences","isPartOf":{"@id":"https:\/\/sites.uef.fi\/photonics\/#website"},"primaryImageOfPage":{"@id":"https:\/\/sites.uef.fi\/photonics\/services\/?lang=fi#primaryimage"},"image":{"@id":"https:\/\/sites.uef.fi\/photonics\/services\/?lang=fi#primaryimage"},"thumbnailUrl":"https:\/\/sites.uef.fi\/photonics\/wp-content\/uploads\/sites\/150\/2021\/08\/pinsetit.jpg","datePublished":"2021-08-31T07:34:54+00:00","dateModified":"2023-12-19T11:31:48+00:00","breadcrumb":{"@id":"https:\/\/sites.uef.fi\/photonics\/services\/?lang=fi#breadcrumb"},"inLanguage":"en-US","potentialAction":[{"@type":"ReadAction","target":["https:\/\/sites.uef.fi\/photonics\/services\/?lang=fi"]}]},{"@type":"ImageObject","inLanguage":"en-US","@id":"https:\/\/sites.uef.fi\/photonics\/services\/?lang=fi#primaryimage","url":"https:\/\/sites.uef.fi\/photonics\/wp-content\/uploads\/sites\/150\/2021\/08\/pinsetit.jpg","contentUrl":"https:\/\/sites.uef.fi\/photonics\/wp-content\/uploads\/sites\/150\/2021\/08\/pinsetit.jpg","width":642,"height":289},{"@type":"BreadcrumbList","@id":"https:\/\/sites.uef.fi\/photonics\/services\/?lang=fi#breadcrumb","itemListElement":[{"@type":"ListItem","position":1,"name":"Home","item":"https:\/\/sites.uef.fi\/photonics\/"},{"@type":"ListItem","position":2,"name":"Palvelut"}]},{"@type":"WebSite","@id":"https:\/\/sites.uef.fi\/photonics\/#website","url":"https:\/\/sites.uef.fi\/photonics\/","name":"Center for Photonics Sciences","description":"","potentialAction":[{"@type":"SearchAction","target":{"@type":"EntryPoint","urlTemplate":"https:\/\/sites.uef.fi\/photonics\/?s={search_term_string}"},"query-input":{"@type":"PropertyValueSpecification","valueRequired":true,"valueName":"search_term_string"}}],"inLanguage":"en-US"}]}},"_links":{"self":[{"href":"https:\/\/sites.uef.fi\/photonics\/wp-json\/wp\/v2\/pages\/3971","targetHints":{"allow":["GET"]}}],"collection":[{"href":"https:\/\/sites.uef.fi\/photonics\/wp-json\/wp\/v2\/pages"}],"about":[{"href":"https:\/\/sites.uef.fi\/photonics\/wp-json\/wp\/v2\/types\/page"}],"author":[{"embeddable":true,"href":"https:\/\/sites.uef.fi\/photonics\/wp-json\/wp\/v2\/users\/243"}],"replies":[{"embeddable":true,"href":"https:\/\/sites.uef.fi\/photonics\/wp-json\/wp\/v2\/comments?post=3971"}],"version-history":[{"count":2,"href":"https:\/\/sites.uef.fi\/photonics\/wp-json\/wp\/v2\/pages\/3971\/revisions"}],"predecessor-version":[{"id":8710,"href":"https:\/\/sites.uef.fi\/photonics\/wp-json\/wp\/v2\/pages\/3971\/revisions\/8710"}],"wp:attachment":[{"href":"https:\/\/sites.uef.fi\/photonics\/wp-json\/wp\/v2\/media?parent=3971"}],"curies":[{"name":"wp","href":"https:\/\/api.w.org\/{rel}","templated":true}]}}