{"id":4730,"date":"2022-02-28T13:43:37","date_gmt":"2022-02-28T11:43:37","guid":{"rendered":"https:\/\/sites.uef.fi\/photonics\/?page_id=4730"},"modified":"2026-03-05T13:48:05","modified_gmt":"2026-03-05T11:48:05","slug":"photonics-explorer-kit","status":"publish","type":"page","link":"https:\/\/sites.uef.fi\/photonics\/photonics-explorer-kit\/","title":{"rendered":"Photonics Explorer Kit"},"content":{"rendered":"\n<p>Fotoniikka on nopeasti kasvava tieteenala ja fotoniikkaan liittyv\u00e4ss\u00e4 teollisuudessa on pulaa osaavasta ty\u00f6voimasta. Haluamme kannustaa nuoria opiskelemaan ja ty\u00f6llistym\u00e4\u00e4n tekniikan alalle ja erityisesti fotoniikan pariin. Photonics Explorer Kit on kouluille tarjottava fotoniikan eli valo-opin kokeellinen opetuspaketti, jonka avulla voimme yhdess\u00e4 innostaa nuoria tekniikan ja fotoniikan opiskeluun.<\/p>\n\n\n\n<p>L\u00e4hde mukaan kampanjaan ja lahjoita Photonics Explorer Kit opetuspaketti koululle! Lahjoituksen voi tehd\u00e4 yritys tai yksityishenkil\u00f6.<\/p>\n\n\n\n<p><a href=\"https:\/\/forms.office.com\/Pages\/ResponsePage.aspx?id=Lp-HhwRz8ku68mPn-D88NC8BW4fMzQpDiexGIH7MnZ5UNVFMVDVLWVpYUUs4NVJZQjZGV0owRUlCSi4u\">Lahjoita!<\/a><\/p>\n\n\n\n<p>Katso <a href=\"https:\/\/www.youtube.com\/watch?v=oJO0ndfqgXs\">suomenkielinen esittelyvideo paketin sis\u00e4ll\u00f6st\u00e4.<\/a><\/p>\n\n\n\n<figure class=\"wp-block-image aligncenter size-full is-resized\"><img loading=\"lazy\" decoding=\"async\" width=\"768\" height=\"512\" src=\"https:\/\/sites.uef.fi\/photonics\/wp-content\/uploads\/sites\/150\/2023\/12\/photonics-explorer-kit-021220-JR-03-768x512-1.jpg\" alt=\"\" class=\"wp-image-8441\" style=\"width:532px;height:auto\" srcset=\"https:\/\/sites.uef.fi\/photonics\/wp-content\/uploads\/sites\/150\/2023\/12\/photonics-explorer-kit-021220-JR-03-768x512-1.jpg 768w, https:\/\/sites.uef.fi\/photonics\/wp-content\/uploads\/sites\/150\/2023\/12\/photonics-explorer-kit-021220-JR-03-768x512-1-300x200.jpg 300w\" sizes=\"auto, (max-width: 768px) 100vw, 768px\" \/><\/figure>\n\n\n\n<p><strong>Mik\u00e4 Photonics Explorer Kit on?<\/strong><\/p>\n\n\n\n<p>Photonics Explorer Kit (PEK) on fysiikan opetussuunnitelmaan kytketyv\u00e4 opetuspaketti, joka kannustaa oppilaita oppimaan kokeilemalla. Opetuspaketissa on jopa 110 kest\u00e4v\u00e4\u00e4 ja laadukasta osaa, kuten linssej\u00e4, LED valoja, lasereita, hiloja ja polarisaattoreita. Paketin v\u00e4lineill\u00e4 koko luokka voi toteuttaa kokeita yht\u00e4aikaa. Photonics Explorer Kit on yl\u00e4asteen ja lukion fysiikan opetukseen soveltuva, mutta sit\u00e4 voidaan hy\u00f6dynt\u00e4\u00e4 my\u00f6s ammatillisessa toisen asteen koulutuksessa. Opettajille toimitetaan paketin mukana valmiit tuntisuunnitelmat ja kirjalliset ohjeet kokeiden toteuttamiseksi. Lis\u00e4ksi tarjoamme opettajille tukea k\u00e4ytt\u00f6koulutusten ja ohjevideoiden avulla.<\/p>\n\n\n\n<figure class=\"wp-block-image aligncenter size-full is-resized\"><img loading=\"lazy\" decoding=\"async\" width=\"768\" height=\"432\" src=\"https:\/\/sites.uef.fi\/photonics\/wp-content\/uploads\/sites\/150\/2023\/12\/foto4-768x432-1.jpg\" alt=\"\" class=\"wp-image-8429\" style=\"width:544px;height:auto\" srcset=\"https:\/\/sites.uef.fi\/photonics\/wp-content\/uploads\/sites\/150\/2023\/12\/foto4-768x432-1.jpg 768w, https:\/\/sites.uef.fi\/photonics\/wp-content\/uploads\/sites\/150\/2023\/12\/foto4-768x432-1-300x169.jpg 300w\" sizes=\"auto, (max-width: 768px) 100vw, 768px\" \/><\/figure>\n\n\n\n<p><strong>Kutsumme yritykset ja yksityishenkil\u00f6t mukaan sponsoroimaan opetuspaketteja kouluille<\/strong><\/p>\n\n\n\n<p>Fotoniikan lippulaiva PREIN ja Photonics Finland ovat aloittaneet kev\u00e4\u00e4ll\u00e4 2020 sponsorointikampanjan, jossa haetaan alan yrityksi\u00e4 ja yksityishenkil\u00f6it\u00e4 sponsoroimaan paketteja esimerkiksi paikallisille kouluille tai entisiin opinahjoihin. Kampanja jatkuu edelleen viel\u00e4 nytkin vuonna 2026.<\/p>\n\n\n\n<p>Kampanjassa jokaista yrityksen tai yksityishenkil\u00f6n sponsoroimaa pakettia vastaan PREIN ja Photonics Finland lahjoittavat kukin yhden paketin. N\u00e4in yhden ulkopuolisen lahjoituksen avulla, kolme koulua voi saada oman Photonics Explorer Kit paketin.<\/p>\n\n\n\n<p>Yhden <strong>Photonics Explorer Kit paketin hinta on 251 euroa (ALV 25,5 %), 200 euroa (ALV 0 %) <\/strong>. Sponsoroija saa halutessaan itse valita kohteensa, sek\u00e4 saa esitteens\u00e4 ja logonsa lahjoittamaansa pakettiin. Voimme my\u00f6s etsi\u00e4 yrityksen lahjoitukselle sopivan koulun l\u00e4hialueelta. It\u00e4-Suomen yliopisto tilaa ja toimittaa paketit sponsorin toivomaan kohteeseen ja laskuttaa sponsoria j\u00e4lkik\u00e4teen.<\/p>\n\n\n\n<p><strong>Yhteisty\u00f6ss\u00e4 kehitetty ja kansainv\u00e4lisesti levinnyt<\/strong><\/p>\n\n\n\n<p>Photonics Explorer Kit on eurooppalaisena yhteisty\u00f6n\u00e4 matemaattisluonnontieteellisten aineiden opettajien kehitt\u00e4m\u00e4. Paketin jakelusta vastaa Bryselliss\u00e4 toimiva voittoa tavoittelematon koulutusj\u00e4rjest\u00f6 Eyest. Photonics Explorer Kit on saavuttanut suuren suosion maailmalla ja jopa 3500 eri maiden kouluihin lahjoitettua pakettia mahdollistaa satojentuhansien oppilaiden tutustumisen valo-oppiin.<\/p>\n\n\n\n<p>Kampanjamme ja lahjoittajien ansioista Photonics Explorer Kitin sai vuonna 2020 l\u00e4hes 50 koulua eri puolilla Suomea. Yhteens\u00e4 Photonics Explorer Kit opetuspaketteja on suomalaisissa kouluissa t\u00e4ll\u00e4 hetkell\u00e4 yli 200 kappaletta. Kampanjan avulla voimme yhdess\u00e4 saada Photonics Explorer Kitin yh\u00e4 useamman koulun k\u00e4ytt\u00f6\u00f6n!<\/p>\n\n\n\n<p><strong>Ilmoita koulusi PEK kokeellisen opetuspaketin vastaanottajaksi<\/strong>, t\u00e4ss\u00e4 <a href=\"https:\/\/forms.office.com\/r\/CCHLtFx2Ve\">linkki<\/a>. Lahjoittajat mahdollistavat, ett\u00e4 koulutuspaketti on <strong>ilmainen kouluille<\/strong>. Alla linkki, mitk\u00e4 koulut ovat jo saaneet opetuspaketin k\u00e4ytt\u00f6\u00f6ns\u00e4.<\/p>\n\n\n\n<p class=\"has-text-align-center\"><a href=\"https:\/\/www.google.com\/maps\/d\/edit?mid=1fuKKpikMDPl9nIqP4PdKRo8a74YzDiY&amp;usp=sharing\">Katso t\u00e4st\u00e4 lista kouluista, jotka ovat saaneet Photonics Explorer Kitin<\/a><\/p>\n\n\n\n<p class=\"has-text-align-center\">L\u00e4hde mukaan kampanjaan ja lahjoita!<br><a href=\"https:\/\/forms.office.com\/Pages\/ResponsePage.aspx?id=Lp-HhwRz8ku68mPn-D88NC8BW4fMzQpDiexGIH7MnZ5UNVFMVDVLWVpYUUs4NVJZQjZGV0owRUlCSi4u\">Lahjoita t\u00e4ytt\u00e4m\u00e4ll\u00e4 lomake<\/a><\/p>\n\n\n\n<p class=\"has-text-align-center\"><strong>Photonics Explorer Kit kampanjan lahjoittajat 2020-2026:<\/strong><br>Beneq Oy &#8211; 10 pakettia<br>Vexlum Oy &#8211; 5 pakettia<br>Noptel Oy \u2013 3 pakettia<br>Millog Oy &#8211; 2 pakettia<br>Senop Oy &#8211; 2 pakettia<br>Heidi Piili &#8211; 2 pakettia<br>Trioptics Scandinavia Oy &#8211; 2 pakettia<br>Kokem\u00e4en Lions club &#8211; 2 pakettia<br>Oplatek<br>Reflekron Oy (Mircea Guina)<br>From 1to1000 Oy (Jyrki Saarinen)<br>Hanna Holopainen<br>Rocsole Oy<br>NomiCam Oy<br>Maanmittauslaitos<br>Juha Purmonen<br>Jukka-Matti Turtiainen<br>Sensmet Oy<br>TecGyver Oy (Kimmo Jokinen)<br>Jussi Parkkinen<br>Tampere SPIE Student Chapter<br>Kata Safety Oy<br>J\u00e4rvinet Oy<br>Avaruuspuisto V\u00e4is\u00e4l\u00e4<br>Ab Kimmy Photonics Oy<br>Juho Leskinen<br>Juuso Uusim\u00e4ki<br>Suomen Imurikeskus Oy<\/p>\n\n\n\n<p class=\"has-text-align-center\"><strong>Kiitos lahjoittajille!<\/strong><\/p>\n\n\n\n<figure class=\"wp-block-image aligncenter size-full\"><img loading=\"lazy\" decoding=\"async\" width=\"600\" height=\"180\" src=\"https:\/\/sites.uef.fi\/photonics\/wp-content\/uploads\/sites\/150\/2023\/12\/photexp_kitlogos-1.png\" alt=\"\" class=\"wp-image-8423\" srcset=\"https:\/\/sites.uef.fi\/photonics\/wp-content\/uploads\/sites\/150\/2023\/12\/photexp_kitlogos-1.png 600w, https:\/\/sites.uef.fi\/photonics\/wp-content\/uploads\/sites\/150\/2023\/12\/photexp_kitlogos-1-300x90.png 300w\" sizes=\"auto, (max-width: 600px) 100vw, 600px\" \/><\/figure>\n","protected":false},"excerpt":{"rendered":"<p>Fotoniikka on nopeasti kasvava tieteenala ja fotoniikkaan liittyv\u00e4ss\u00e4 teollisuudessa on pulaa osaavasta ty\u00f6voimasta. Haluamme kannustaa nuoria opiskelemaan ja ty\u00f6llistym\u00e4\u00e4n tekniikan alalle ja erityisesti fotoniikan pariin. Photonics Explorer Kit on kouluille tarjottava fotoniikan eli valo-opin kokeellinen opetuspaketti, jonka avulla voimme yhdess\u00e4 innostaa nuoria tekniikan ja fotoniikan opiskeluun. L\u00e4hde mukaan kampanjaan ja lahjoita Photonics Explorer Kit opetuspaketti [&hellip;]<\/p>\n","protected":false},"author":243,"featured_media":0,"parent":0,"menu_order":0,"comment_status":"closed","ping_status":"closed","template":"","meta":{"_acf_changed":false,"_monsterinsights_skip_tracking":false,"_monsterinsights_sitenote_active":false,"_monsterinsights_sitenote_note":"","_monsterinsights_sitenote_category":0,"footnotes":""},"class_list":["post-4730","page","type-page","status-publish","hentry"],"acf":[],"yoast_head":"<!-- This site is optimized with the Yoast SEO plugin v27.1.1 - https:\/\/yoast.com\/product\/yoast-seo-wordpress\/ -->\n<title>Photonics Explorer Kit - Center for Photonics Sciences<\/title>\n<meta name=\"robots\" content=\"index, follow, max-snippet:-1, max-image-preview:large, max-video-preview:-1\" \/>\n<link rel=\"canonical\" href=\"https:\/\/sites.uef.fi\/photonics\/photonics-explorer-kit\/\" \/>\n<meta property=\"og:locale\" content=\"en_US\" \/>\n<meta property=\"og:type\" content=\"article\" \/>\n<meta property=\"og:title\" content=\"Photonics Explorer Kit - Center for Photonics Sciences\" \/>\n<meta property=\"og:description\" content=\"Fotoniikka on nopeasti kasvava tieteenala ja fotoniikkaan liittyv\u00e4ss\u00e4 teollisuudessa on pulaa osaavasta ty\u00f6voimasta. Haluamme kannustaa nuoria opiskelemaan ja ty\u00f6llistym\u00e4\u00e4n tekniikan alalle ja erityisesti fotoniikan pariin. Photonics Explorer Kit on kouluille tarjottava fotoniikan eli valo-opin kokeellinen opetuspaketti, jonka avulla voimme yhdess\u00e4 innostaa nuoria tekniikan ja fotoniikan opiskeluun. L\u00e4hde mukaan kampanjaan ja lahjoita Photonics Explorer Kit opetuspaketti [&hellip;]\" \/>\n<meta property=\"og:url\" content=\"https:\/\/sites.uef.fi\/photonics\/photonics-explorer-kit\/\" \/>\n<meta property=\"og:site_name\" content=\"Center for Photonics Sciences\" \/>\n<meta property=\"article:modified_time\" content=\"2026-03-05T11:48:05+00:00\" \/>\n<meta property=\"og:image\" content=\"https:\/\/sites.uef.fi\/photonics\/wp-content\/uploads\/sites\/150\/2023\/12\/photonics-explorer-kit-021220-JR-03-768x512-1.jpg\" \/>\n\t<meta property=\"og:image:width\" content=\"768\" \/>\n\t<meta property=\"og:image:height\" content=\"512\" \/>\n\t<meta property=\"og:image:type\" content=\"image\/jpeg\" \/>\n<meta name=\"twitter:card\" content=\"summary_large_image\" \/>\n<meta name=\"twitter:label1\" content=\"Est. reading time\" \/>\n\t<meta name=\"twitter:data1\" content=\"3 minutes\" \/>\n<script type=\"application\/ld+json\" class=\"yoast-schema-graph\">{\"@context\":\"https:\/\/schema.org\",\"@graph\":[{\"@type\":\"WebPage\",\"@id\":\"https:\/\/sites.uef.fi\/photonics\/photonics-explorer-kit\/\",\"url\":\"https:\/\/sites.uef.fi\/photonics\/photonics-explorer-kit\/\",\"name\":\"Photonics Explorer Kit - Center for Photonics Sciences\",\"isPartOf\":{\"@id\":\"https:\/\/sites.uef.fi\/photonics\/#website\"},\"primaryImageOfPage\":{\"@id\":\"https:\/\/sites.uef.fi\/photonics\/photonics-explorer-kit\/#primaryimage\"},\"image\":{\"@id\":\"https:\/\/sites.uef.fi\/photonics\/photonics-explorer-kit\/#primaryimage\"},\"thumbnailUrl\":\"https:\/\/sites.uef.fi\/photonics\/wp-content\/uploads\/sites\/150\/2023\/12\/photonics-explorer-kit-021220-JR-03-768x512-1.jpg\",\"datePublished\":\"2022-02-28T11:43:37+00:00\",\"dateModified\":\"2026-03-05T11:48:05+00:00\",\"breadcrumb\":{\"@id\":\"https:\/\/sites.uef.fi\/photonics\/photonics-explorer-kit\/#breadcrumb\"},\"inLanguage\":\"en-US\",\"potentialAction\":[{\"@type\":\"ReadAction\",\"target\":[\"https:\/\/sites.uef.fi\/photonics\/photonics-explorer-kit\/\"]}]},{\"@type\":\"ImageObject\",\"inLanguage\":\"en-US\",\"@id\":\"https:\/\/sites.uef.fi\/photonics\/photonics-explorer-kit\/#primaryimage\",\"url\":\"https:\/\/sites.uef.fi\/photonics\/wp-content\/uploads\/sites\/150\/2023\/12\/photonics-explorer-kit-021220-JR-03-768x512-1.jpg\",\"contentUrl\":\"https:\/\/sites.uef.fi\/photonics\/wp-content\/uploads\/sites\/150\/2023\/12\/photonics-explorer-kit-021220-JR-03-768x512-1.jpg\",\"width\":768,\"height\":512},{\"@type\":\"BreadcrumbList\",\"@id\":\"https:\/\/sites.uef.fi\/photonics\/photonics-explorer-kit\/#breadcrumb\",\"itemListElement\":[{\"@type\":\"ListItem\",\"position\":1,\"name\":\"Home\",\"item\":\"https:\/\/sites.uef.fi\/photonics\/\"},{\"@type\":\"ListItem\",\"position\":2,\"name\":\"Photonics Explorer Kit\"}]},{\"@type\":\"WebSite\",\"@id\":\"https:\/\/sites.uef.fi\/photonics\/#website\",\"url\":\"https:\/\/sites.uef.fi\/photonics\/\",\"name\":\"Center for Photonics Sciences\",\"description\":\"\",\"potentialAction\":[{\"@type\":\"SearchAction\",\"target\":{\"@type\":\"EntryPoint\",\"urlTemplate\":\"https:\/\/sites.uef.fi\/photonics\/?s={search_term_string}\"},\"query-input\":{\"@type\":\"PropertyValueSpecification\",\"valueRequired\":true,\"valueName\":\"search_term_string\"}}],\"inLanguage\":\"en-US\"}]}<\/script>\n<!-- \/ Yoast SEO plugin. -->","yoast_head_json":{"title":"Photonics Explorer Kit - Center for Photonics Sciences","robots":{"index":"index","follow":"follow","max-snippet":"max-snippet:-1","max-image-preview":"max-image-preview:large","max-video-preview":"max-video-preview:-1"},"canonical":"https:\/\/sites.uef.fi\/photonics\/photonics-explorer-kit\/","og_locale":"en_US","og_type":"article","og_title":"Photonics Explorer Kit - Center for Photonics Sciences","og_description":"Fotoniikka on nopeasti kasvava tieteenala ja fotoniikkaan liittyv\u00e4ss\u00e4 teollisuudessa on pulaa osaavasta ty\u00f6voimasta. Haluamme kannustaa nuoria opiskelemaan ja ty\u00f6llistym\u00e4\u00e4n tekniikan alalle ja erityisesti fotoniikan pariin. Photonics Explorer Kit on kouluille tarjottava fotoniikan eli valo-opin kokeellinen opetuspaketti, jonka avulla voimme yhdess\u00e4 innostaa nuoria tekniikan ja fotoniikan opiskeluun. L\u00e4hde mukaan kampanjaan ja lahjoita Photonics Explorer Kit opetuspaketti [&hellip;]","og_url":"https:\/\/sites.uef.fi\/photonics\/photonics-explorer-kit\/","og_site_name":"Center for Photonics Sciences","article_modified_time":"2026-03-05T11:48:05+00:00","og_image":[{"width":768,"height":512,"url":"https:\/\/sites.uef.fi\/photonics\/wp-content\/uploads\/sites\/150\/2023\/12\/photonics-explorer-kit-021220-JR-03-768x512-1.jpg","type":"image\/jpeg"}],"twitter_card":"summary_large_image","twitter_misc":{"Est. reading time":"3 minutes"},"schema":{"@context":"https:\/\/schema.org","@graph":[{"@type":"WebPage","@id":"https:\/\/sites.uef.fi\/photonics\/photonics-explorer-kit\/","url":"https:\/\/sites.uef.fi\/photonics\/photonics-explorer-kit\/","name":"Photonics Explorer Kit - Center for Photonics Sciences","isPartOf":{"@id":"https:\/\/sites.uef.fi\/photonics\/#website"},"primaryImageOfPage":{"@id":"https:\/\/sites.uef.fi\/photonics\/photonics-explorer-kit\/#primaryimage"},"image":{"@id":"https:\/\/sites.uef.fi\/photonics\/photonics-explorer-kit\/#primaryimage"},"thumbnailUrl":"https:\/\/sites.uef.fi\/photonics\/wp-content\/uploads\/sites\/150\/2023\/12\/photonics-explorer-kit-021220-JR-03-768x512-1.jpg","datePublished":"2022-02-28T11:43:37+00:00","dateModified":"2026-03-05T11:48:05+00:00","breadcrumb":{"@id":"https:\/\/sites.uef.fi\/photonics\/photonics-explorer-kit\/#breadcrumb"},"inLanguage":"en-US","potentialAction":[{"@type":"ReadAction","target":["https:\/\/sites.uef.fi\/photonics\/photonics-explorer-kit\/"]}]},{"@type":"ImageObject","inLanguage":"en-US","@id":"https:\/\/sites.uef.fi\/photonics\/photonics-explorer-kit\/#primaryimage","url":"https:\/\/sites.uef.fi\/photonics\/wp-content\/uploads\/sites\/150\/2023\/12\/photonics-explorer-kit-021220-JR-03-768x512-1.jpg","contentUrl":"https:\/\/sites.uef.fi\/photonics\/wp-content\/uploads\/sites\/150\/2023\/12\/photonics-explorer-kit-021220-JR-03-768x512-1.jpg","width":768,"height":512},{"@type":"BreadcrumbList","@id":"https:\/\/sites.uef.fi\/photonics\/photonics-explorer-kit\/#breadcrumb","itemListElement":[{"@type":"ListItem","position":1,"name":"Home","item":"https:\/\/sites.uef.fi\/photonics\/"},{"@type":"ListItem","position":2,"name":"Photonics Explorer Kit"}]},{"@type":"WebSite","@id":"https:\/\/sites.uef.fi\/photonics\/#website","url":"https:\/\/sites.uef.fi\/photonics\/","name":"Center for Photonics Sciences","description":"","potentialAction":[{"@type":"SearchAction","target":{"@type":"EntryPoint","urlTemplate":"https:\/\/sites.uef.fi\/photonics\/?s={search_term_string}"},"query-input":{"@type":"PropertyValueSpecification","valueRequired":true,"valueName":"search_term_string"}}],"inLanguage":"en-US"}]}},"_links":{"self":[{"href":"https:\/\/sites.uef.fi\/photonics\/wp-json\/wp\/v2\/pages\/4730","targetHints":{"allow":["GET"]}}],"collection":[{"href":"https:\/\/sites.uef.fi\/photonics\/wp-json\/wp\/v2\/pages"}],"about":[{"href":"https:\/\/sites.uef.fi\/photonics\/wp-json\/wp\/v2\/types\/page"}],"author":[{"embeddable":true,"href":"https:\/\/sites.uef.fi\/photonics\/wp-json\/wp\/v2\/users\/243"}],"replies":[{"embeddable":true,"href":"https:\/\/sites.uef.fi\/photonics\/wp-json\/wp\/v2\/comments?post=4730"}],"version-history":[{"count":1,"href":"https:\/\/sites.uef.fi\/photonics\/wp-json\/wp\/v2\/pages\/4730\/revisions"}],"predecessor-version":[{"id":10582,"href":"https:\/\/sites.uef.fi\/photonics\/wp-json\/wp\/v2\/pages\/4730\/revisions\/10582"}],"wp:attachment":[{"href":"https:\/\/sites.uef.fi\/photonics\/wp-json\/wp\/v2\/media?parent=4730"}],"curies":[{"name":"wp","href":"https:\/\/api.w.org\/{rel}","templated":true}]}}