{"id":6670,"date":"2023-08-25T15:42:10","date_gmt":"2023-08-25T12:42:10","guid":{"rendered":"https:\/\/sites.uef.fi\/photonics\/?page_id=6670"},"modified":"2026-03-19T11:38:58","modified_gmt":"2026-03-19T09:38:58","slug":"valoa-perheille-tapahtuma","status":"publish","type":"page","link":"https:\/\/sites.uef.fi\/photonics\/valoa-perheille-tapahtuma\/","title":{"rendered":"Valoa perheille -tapahtuma"},"content":{"rendered":"\n<figure class=\"wp-block-image size-full is-style-default\"><img loading=\"lazy\" decoding=\"async\" width=\"2560\" height=\"1707\" src=\"https:\/\/sites.uef.fi\/photonics\/wp-content\/uploads\/sites\/150\/2026\/03\/IMG_8835-scaled.jpg\" alt=\"\" class=\"wp-image-10584\" srcset=\"https:\/\/sites.uef.fi\/photonics\/wp-content\/uploads\/sites\/150\/2026\/03\/IMG_8835-scaled.jpg 2560w, https:\/\/sites.uef.fi\/photonics\/wp-content\/uploads\/sites\/150\/2026\/03\/IMG_8835-300x200.jpg 300w, https:\/\/sites.uef.fi\/photonics\/wp-content\/uploads\/sites\/150\/2026\/03\/IMG_8835-1024x683.jpg 1024w, https:\/\/sites.uef.fi\/photonics\/wp-content\/uploads\/sites\/150\/2026\/03\/IMG_8835-768x512.jpg 768w, https:\/\/sites.uef.fi\/photonics\/wp-content\/uploads\/sites\/150\/2026\/03\/IMG_8835-1536x1024.jpg 1536w, https:\/\/sites.uef.fi\/photonics\/wp-content\/uploads\/sites\/150\/2026\/03\/IMG_8835-2048x1365.jpg 2048w\" sizes=\"auto, (max-width: 2560px) 100vw, 2560px\" \/><figcaption class=\"wp-element-caption\">Kuva: Anne-Maria Kankaisto, Photonics Finland<\/figcaption><\/figure>\n\n\n\n<p>T\u00e4n\u00e4 kev\u00e4\u00e4n\u00e4 Valoa perheille sukeltaa v\u00e4rien maailmaan teemalla&nbsp;<strong>V\u00e4rien vallankumous<\/strong>!&nbsp;<\/p>\n\n\n\n<p><a href=\"https:\/\/www.uef.fi\/fi\/\" target=\"_blank\" rel=\"noreferrer noopener\">It\u00e4-Suomen yliopisto<\/a>,&nbsp;<a href=\"https:\/\/luma.uef.fi\/\" target=\"_blank\" rel=\"noreferrer noopener\">It\u00e4-Suomen yliopiston LUMA-keskus<\/a>&nbsp;ja&nbsp;<a href=\"https:\/\/prein.fi\/fi\/\" target=\"_blank\" rel=\"noreferrer noopener\">Fotoniikan lippulaiva PREIN<\/a>&nbsp;toivottavat sinut l\u00e4mpim\u00e4sti tervetulleeksi Valoa perheille -tapahtumaan lauantaina&nbsp;<strong>9. toukokuuta 2026 klo 10\u201314<\/strong>&nbsp;Joensuun Taidepuutarha&nbsp;Botanialle! Valoa perheille -tapahtuma j\u00e4rjestet\u00e4\u00e4n jo kuudetta kertaa, ja se on kerta kerralta kasvattanut suosiotaan sek\u00e4 tuonut fotoniikkaa \u2013 valon tutkimusta \u2013 l\u00e4hemm\u00e4ksi lapsia ja nuoria.&nbsp;<\/p>\n\n\n\n<p>T\u00e4n\u00e4 kev\u00e4\u00e4n\u00e4 sukellamme&nbsp;<strong>v\u00e4rien kiehtovaan maailmaan \u2013 valon avulla<\/strong>. Tapahtuman teemana ovat v\u00e4rit: mist\u00e4 ne syntyv\u00e4t, miksi n\u00e4emme ne niin kuin n\u00e4emme, ja millaisia yll\u00e4tyksi\u00e4 valo paljastaa ymp\u00e4rist\u00f6n v\u00e4reist\u00e4. Luvassa on hauskaa ja oivaltavaa tekemist\u00e4 koko perheelle!&nbsp;<\/p>\n\n\n\n<p>Lapsille (n. 3\u201312-vuotiaille) on luvassa j\u00e4nnitt\u00e4v\u00e4 v\u00e4riseikkailu, jossa selvitet\u00e4\u00e4n v\u00e4rien salaisuuksia valotieteen keinoin. Seikkailu sopii pienimmille yhdess\u00e4 aikuisen kanssa ja isommille itsen\u00e4isesti. P\u00e4iv\u00e4n aikana voi perinteisesti valmistaa \u00e4itienp\u00e4iv\u00e4lahjan \u2013 tietenkin\u00a0<strong>v\u00e4rien ja fotoniikan<\/strong>\u00a0avulla. Lis\u00e4ksi p\u00e4\u00e4set tutustumaan Taidepuutarha\u00a0Botanian\u00a0lumoavaan ymp\u00e4rist\u00f6\u00f6n, jossa v\u00e4rit loistavat ja inspiroivat kaikkialla.\u00a0<\/p>\n\n\n\n<p>Tapahtuma on maksuton ja avoin kaikille. Tule viett\u00e4m\u00e4\u00e4n valoisaa kev\u00e4tp\u00e4iv\u00e4\u00e4 perheen kanssa, oppimaan uutta ja juhlistamaan samalla \u00e4itienp\u00e4iv\u00e4\u00e4 v\u00e4rien ja valon merkeiss\u00e4!\u00a0<\/p>\n\n\n\n<p>Lis\u00e4tietoja saat ottamalla yhteytt\u00e4 Iiro Muhoseen s\u00e4hk\u00f6postitse&nbsp;<strong>iiro.muhonen@uef.fi<\/strong>&nbsp;tai puhelimitse&nbsp;<strong>050 324 2548<\/strong>.&nbsp;<\/p>\n\n\n\n<p><\/p>\n\n\n\n<h2 class=\"wp-block-heading\"><strong>In English<\/strong><\/h2>\n\n\n\n<p>This spring,\u00a0<em>\u201cLight for Families\u201d<\/em>\u00a0 dives into the world of colours with the theme\u00a0<strong>The Colour Revolution<\/strong>!<\/p>\n\n\n\n<p>University of Eastern Finland, <a href=\"https:\/\/luma.uef.fi\/\">University of Eastern Finland\u2019s LUMA Center<\/a>, and the Photonics Flagship <a href=\"https:\/\/prein.fi\/\">PREIN<\/a> warmly welcome you to the\u00a0<em>Valoa perheille<\/em>\u00a0event on\u00a0<strong>Saturday, 9 May 2026, from 10:00 to 14:00<\/strong>\u00a0at the\u00a0<strong>Joensuu Art Garden Botania<\/strong>. <em>Valoa perheille<\/em>\u00a0event is being organised for the sixth time, and its popularity has grown year by year, bringing photonics\u2014the science of light\u2014closer to children and young people.<\/p>\n\n\n\n<p>This spring, we will explore the fascinating world of colours through light. The theme of the event is colours: where they come from, why we see them the way we do, and what surprising things light reveals about the colours in our environment. The programme offers fun and insightful activities for the whole family.<\/p>\n\n\n\n<p>Children (approximately 3\u201312 years old) can take part in an exciting colour adventure, uncovering the secrets of colours through the science of light. The adventure is suitable for the youngest children together with an adult, and for older children independently. As is tradition, participants can also make a Mother\u2019s Day gift during the day\u2014naturally using colours and photonics. In addition, you will have the opportunity to explore the enchanting surroundings of the Joensuu Art Garden Botania, where colours shine and inspire everywhere.<\/p>\n\n\n\n<p>The event is free of charge and open to everyone. Come and enjoy a bright spring day with your family, learn something new, and celebrate Mother\u2019s Day in the spirit of colours and light.<\/p>\n\n\n\n<p>For more information, please contact Iiro Muhonen via email at iiro.muhonen@uef.fi or by phone at 050 324 2548.<\/p>\n\n\n\n<p><\/p>\n\n\n\n<figure class=\"wp-block-image size-large\"><img loading=\"lazy\" decoding=\"async\" width=\"1024\" height=\"683\" src=\"https:\/\/sites.uef.fi\/photonics\/wp-content\/uploads\/sites\/150\/2025\/10\/3E2A0967-1024x683.jpg\" alt=\"\" class=\"wp-image-10515\" srcset=\"https:\/\/sites.uef.fi\/photonics\/wp-content\/uploads\/sites\/150\/2025\/10\/3E2A0967-1024x683.jpg 1024w, https:\/\/sites.uef.fi\/photonics\/wp-content\/uploads\/sites\/150\/2025\/10\/3E2A0967-300x200.jpg 300w, https:\/\/sites.uef.fi\/photonics\/wp-content\/uploads\/sites\/150\/2025\/10\/3E2A0967-768x512.jpg 768w, https:\/\/sites.uef.fi\/photonics\/wp-content\/uploads\/sites\/150\/2025\/10\/3E2A0967-1536x1024.jpg 1536w, https:\/\/sites.uef.fi\/photonics\/wp-content\/uploads\/sites\/150\/2025\/10\/3E2A0967-2048x1365.jpg 2048w\" sizes=\"auto, (max-width: 1024px) 100vw, 1024px\" \/><figcaption class=\"wp-element-caption\">Kuva: Anne-Maria Kankaisto, Photonics Finland<\/figcaption><\/figure>\n","protected":false},"excerpt":{"rendered":"<p>T\u00e4n\u00e4 kev\u00e4\u00e4n\u00e4 Valoa perheille sukeltaa v\u00e4rien maailmaan teemalla&nbsp;V\u00e4rien vallankumous!&nbsp; It\u00e4-Suomen yliopisto,&nbsp;It\u00e4-Suomen yliopiston LUMA-keskus&nbsp;ja&nbsp;Fotoniikan lippulaiva PREIN&nbsp;toivottavat sinut l\u00e4mpim\u00e4sti tervetulleeksi Valoa perheille -tapahtumaan lauantaina&nbsp;9. toukokuuta 2026 klo 10\u201314&nbsp;Joensuun Taidepuutarha&nbsp;Botanialle! Valoa perheille -tapahtuma j\u00e4rjestet\u00e4\u00e4n jo kuudetta kertaa, ja se on kerta kerralta kasvattanut suosiotaan sek\u00e4 tuonut fotoniikkaa \u2013 valon tutkimusta \u2013 l\u00e4hemm\u00e4ksi lapsia ja nuoria.&nbsp; T\u00e4n\u00e4 kev\u00e4\u00e4n\u00e4 sukellamme&nbsp;v\u00e4rien [&hellip;]<\/p>\n","protected":false},"author":877,"featured_media":0,"parent":0,"menu_order":0,"comment_status":"closed","ping_status":"closed","template":"","meta":{"_acf_changed":false,"_monsterinsights_skip_tracking":false,"_monsterinsights_sitenote_active":false,"_monsterinsights_sitenote_note":"","_monsterinsights_sitenote_category":0,"footnotes":""},"class_list":["post-6670","page","type-page","status-publish","hentry"],"acf":[],"yoast_head":"<!-- This site is optimized with the Yoast SEO plugin v27.1.1 - https:\/\/yoast.com\/product\/yoast-seo-wordpress\/ -->\n<title>Valoa perheille -tapahtuma - Center for Photonics Sciences<\/title>\n<meta name=\"robots\" content=\"index, follow, max-snippet:-1, max-image-preview:large, max-video-preview:-1\" \/>\n<link rel=\"canonical\" href=\"https:\/\/sites.uef.fi\/photonics\/valoa-perheille-tapahtuma\/\" \/>\n<meta property=\"og:locale\" content=\"en_US\" \/>\n<meta property=\"og:type\" content=\"article\" \/>\n<meta property=\"og:title\" content=\"Valoa perheille -tapahtuma - Center for Photonics Sciences\" \/>\n<meta property=\"og:description\" content=\"T\u00e4n\u00e4 kev\u00e4\u00e4n\u00e4 Valoa perheille sukeltaa v\u00e4rien maailmaan teemalla&nbsp;V\u00e4rien vallankumous!&nbsp; It\u00e4-Suomen yliopisto,&nbsp;It\u00e4-Suomen yliopiston LUMA-keskus&nbsp;ja&nbsp;Fotoniikan lippulaiva PREIN&nbsp;toivottavat sinut l\u00e4mpim\u00e4sti tervetulleeksi Valoa perheille -tapahtumaan lauantaina&nbsp;9. toukokuuta 2026 klo 10\u201314&nbsp;Joensuun Taidepuutarha&nbsp;Botanialle! Valoa perheille -tapahtuma j\u00e4rjestet\u00e4\u00e4n jo kuudetta kertaa, ja se on kerta kerralta kasvattanut suosiotaan sek\u00e4 tuonut fotoniikkaa \u2013 valon tutkimusta \u2013 l\u00e4hemm\u00e4ksi lapsia ja nuoria.&nbsp; T\u00e4n\u00e4 kev\u00e4\u00e4n\u00e4 sukellamme&nbsp;v\u00e4rien [&hellip;]\" \/>\n<meta property=\"og:url\" content=\"https:\/\/sites.uef.fi\/photonics\/valoa-perheille-tapahtuma\/\" \/>\n<meta property=\"og:site_name\" content=\"Center for Photonics Sciences\" \/>\n<meta property=\"article:modified_time\" content=\"2026-03-19T09:38:58+00:00\" \/>\n<meta property=\"og:image\" content=\"https:\/\/sites.uef.fi\/photonics\/wp-content\/uploads\/sites\/150\/2026\/03\/IMG_8835-scaled.jpg\" \/>\n\t<meta property=\"og:image:width\" content=\"2560\" \/>\n\t<meta property=\"og:image:height\" content=\"1707\" \/>\n\t<meta property=\"og:image:type\" content=\"image\/jpeg\" \/>\n<meta name=\"twitter:card\" content=\"summary_large_image\" \/>\n<meta name=\"twitter:label1\" content=\"Est. reading time\" \/>\n\t<meta name=\"twitter:data1\" content=\"3 minutes\" \/>\n<script type=\"application\/ld+json\" class=\"yoast-schema-graph\">{\"@context\":\"https:\/\/schema.org\",\"@graph\":[{\"@type\":\"WebPage\",\"@id\":\"https:\/\/sites.uef.fi\/photonics\/valoa-perheille-tapahtuma\/\",\"url\":\"https:\/\/sites.uef.fi\/photonics\/valoa-perheille-tapahtuma\/\",\"name\":\"Valoa perheille -tapahtuma - Center for Photonics Sciences\",\"isPartOf\":{\"@id\":\"https:\/\/sites.uef.fi\/photonics\/#website\"},\"primaryImageOfPage\":{\"@id\":\"https:\/\/sites.uef.fi\/photonics\/valoa-perheille-tapahtuma\/#primaryimage\"},\"image\":{\"@id\":\"https:\/\/sites.uef.fi\/photonics\/valoa-perheille-tapahtuma\/#primaryimage\"},\"thumbnailUrl\":\"https:\/\/sites.uef.fi\/photonics\/wp-content\/uploads\/sites\/150\/2026\/03\/IMG_8835-scaled.jpg\",\"datePublished\":\"2023-08-25T12:42:10+00:00\",\"dateModified\":\"2026-03-19T09:38:58+00:00\",\"breadcrumb\":{\"@id\":\"https:\/\/sites.uef.fi\/photonics\/valoa-perheille-tapahtuma\/#breadcrumb\"},\"inLanguage\":\"en-US\",\"potentialAction\":[{\"@type\":\"ReadAction\",\"target\":[\"https:\/\/sites.uef.fi\/photonics\/valoa-perheille-tapahtuma\/\"]}]},{\"@type\":\"ImageObject\",\"inLanguage\":\"en-US\",\"@id\":\"https:\/\/sites.uef.fi\/photonics\/valoa-perheille-tapahtuma\/#primaryimage\",\"url\":\"https:\/\/sites.uef.fi\/photonics\/wp-content\/uploads\/sites\/150\/2026\/03\/IMG_8835-scaled.jpg\",\"contentUrl\":\"https:\/\/sites.uef.fi\/photonics\/wp-content\/uploads\/sites\/150\/2026\/03\/IMG_8835-scaled.jpg\",\"width\":2560,\"height\":1707},{\"@type\":\"BreadcrumbList\",\"@id\":\"https:\/\/sites.uef.fi\/photonics\/valoa-perheille-tapahtuma\/#breadcrumb\",\"itemListElement\":[{\"@type\":\"ListItem\",\"position\":1,\"name\":\"Home\",\"item\":\"https:\/\/sites.uef.fi\/photonics\/\"},{\"@type\":\"ListItem\",\"position\":2,\"name\":\"Valoa perheille -tapahtuma\"}]},{\"@type\":\"WebSite\",\"@id\":\"https:\/\/sites.uef.fi\/photonics\/#website\",\"url\":\"https:\/\/sites.uef.fi\/photonics\/\",\"name\":\"Center for Photonics Sciences\",\"description\":\"\",\"potentialAction\":[{\"@type\":\"SearchAction\",\"target\":{\"@type\":\"EntryPoint\",\"urlTemplate\":\"https:\/\/sites.uef.fi\/photonics\/?s={search_term_string}\"},\"query-input\":{\"@type\":\"PropertyValueSpecification\",\"valueRequired\":true,\"valueName\":\"search_term_string\"}}],\"inLanguage\":\"en-US\"}]}<\/script>\n<!-- \/ Yoast SEO plugin. -->","yoast_head_json":{"title":"Valoa perheille -tapahtuma - Center for Photonics Sciences","robots":{"index":"index","follow":"follow","max-snippet":"max-snippet:-1","max-image-preview":"max-image-preview:large","max-video-preview":"max-video-preview:-1"},"canonical":"https:\/\/sites.uef.fi\/photonics\/valoa-perheille-tapahtuma\/","og_locale":"en_US","og_type":"article","og_title":"Valoa perheille -tapahtuma - Center for Photonics Sciences","og_description":"T\u00e4n\u00e4 kev\u00e4\u00e4n\u00e4 Valoa perheille sukeltaa v\u00e4rien maailmaan teemalla&nbsp;V\u00e4rien vallankumous!&nbsp; It\u00e4-Suomen yliopisto,&nbsp;It\u00e4-Suomen yliopiston LUMA-keskus&nbsp;ja&nbsp;Fotoniikan lippulaiva PREIN&nbsp;toivottavat sinut l\u00e4mpim\u00e4sti tervetulleeksi Valoa perheille -tapahtumaan lauantaina&nbsp;9. toukokuuta 2026 klo 10\u201314&nbsp;Joensuun Taidepuutarha&nbsp;Botanialle! Valoa perheille -tapahtuma j\u00e4rjestet\u00e4\u00e4n jo kuudetta kertaa, ja se on kerta kerralta kasvattanut suosiotaan sek\u00e4 tuonut fotoniikkaa \u2013 valon tutkimusta \u2013 l\u00e4hemm\u00e4ksi lapsia ja nuoria.&nbsp; T\u00e4n\u00e4 kev\u00e4\u00e4n\u00e4 sukellamme&nbsp;v\u00e4rien [&hellip;]","og_url":"https:\/\/sites.uef.fi\/photonics\/valoa-perheille-tapahtuma\/","og_site_name":"Center for Photonics Sciences","article_modified_time":"2026-03-19T09:38:58+00:00","og_image":[{"width":2560,"height":1707,"url":"https:\/\/sites.uef.fi\/photonics\/wp-content\/uploads\/sites\/150\/2026\/03\/IMG_8835-scaled.jpg","type":"image\/jpeg"}],"twitter_card":"summary_large_image","twitter_misc":{"Est. reading time":"3 minutes"},"schema":{"@context":"https:\/\/schema.org","@graph":[{"@type":"WebPage","@id":"https:\/\/sites.uef.fi\/photonics\/valoa-perheille-tapahtuma\/","url":"https:\/\/sites.uef.fi\/photonics\/valoa-perheille-tapahtuma\/","name":"Valoa perheille -tapahtuma - Center for Photonics Sciences","isPartOf":{"@id":"https:\/\/sites.uef.fi\/photonics\/#website"},"primaryImageOfPage":{"@id":"https:\/\/sites.uef.fi\/photonics\/valoa-perheille-tapahtuma\/#primaryimage"},"image":{"@id":"https:\/\/sites.uef.fi\/photonics\/valoa-perheille-tapahtuma\/#primaryimage"},"thumbnailUrl":"https:\/\/sites.uef.fi\/photonics\/wp-content\/uploads\/sites\/150\/2026\/03\/IMG_8835-scaled.jpg","datePublished":"2023-08-25T12:42:10+00:00","dateModified":"2026-03-19T09:38:58+00:00","breadcrumb":{"@id":"https:\/\/sites.uef.fi\/photonics\/valoa-perheille-tapahtuma\/#breadcrumb"},"inLanguage":"en-US","potentialAction":[{"@type":"ReadAction","target":["https:\/\/sites.uef.fi\/photonics\/valoa-perheille-tapahtuma\/"]}]},{"@type":"ImageObject","inLanguage":"en-US","@id":"https:\/\/sites.uef.fi\/photonics\/valoa-perheille-tapahtuma\/#primaryimage","url":"https:\/\/sites.uef.fi\/photonics\/wp-content\/uploads\/sites\/150\/2026\/03\/IMG_8835-scaled.jpg","contentUrl":"https:\/\/sites.uef.fi\/photonics\/wp-content\/uploads\/sites\/150\/2026\/03\/IMG_8835-scaled.jpg","width":2560,"height":1707},{"@type":"BreadcrumbList","@id":"https:\/\/sites.uef.fi\/photonics\/valoa-perheille-tapahtuma\/#breadcrumb","itemListElement":[{"@type":"ListItem","position":1,"name":"Home","item":"https:\/\/sites.uef.fi\/photonics\/"},{"@type":"ListItem","position":2,"name":"Valoa perheille -tapahtuma"}]},{"@type":"WebSite","@id":"https:\/\/sites.uef.fi\/photonics\/#website","url":"https:\/\/sites.uef.fi\/photonics\/","name":"Center for Photonics Sciences","description":"","potentialAction":[{"@type":"SearchAction","target":{"@type":"EntryPoint","urlTemplate":"https:\/\/sites.uef.fi\/photonics\/?s={search_term_string}"},"query-input":{"@type":"PropertyValueSpecification","valueRequired":true,"valueName":"search_term_string"}}],"inLanguage":"en-US"}]}},"_links":{"self":[{"href":"https:\/\/sites.uef.fi\/photonics\/wp-json\/wp\/v2\/pages\/6670","targetHints":{"allow":["GET"]}}],"collection":[{"href":"https:\/\/sites.uef.fi\/photonics\/wp-json\/wp\/v2\/pages"}],"about":[{"href":"https:\/\/sites.uef.fi\/photonics\/wp-json\/wp\/v2\/types\/page"}],"author":[{"embeddable":true,"href":"https:\/\/sites.uef.fi\/photonics\/wp-json\/wp\/v2\/users\/877"}],"replies":[{"embeddable":true,"href":"https:\/\/sites.uef.fi\/photonics\/wp-json\/wp\/v2\/comments?post=6670"}],"version-history":[{"count":1,"href":"https:\/\/sites.uef.fi\/photonics\/wp-json\/wp\/v2\/pages\/6670\/revisions"}],"predecessor-version":[{"id":10587,"href":"https:\/\/sites.uef.fi\/photonics\/wp-json\/wp\/v2\/pages\/6670\/revisions\/10587"}],"wp:attachment":[{"href":"https:\/\/sites.uef.fi\/photonics\/wp-json\/wp\/v2\/media?parent=6670"}],"curies":[{"name":"wp","href":"https:\/\/api.w.org\/{rel}","templated":true}]}}