{"id":6821,"date":"2023-10-05T13:03:40","date_gmt":"2023-10-05T10:03:40","guid":{"rendered":"https:\/\/sites.uef.fi\/photonics\/?page_id=6821"},"modified":"2024-05-31T16:27:18","modified_gmt":"2024-05-31T13:27:18","slug":"coherence2024-information","status":"publish","type":"page","link":"https:\/\/sites.uef.fi\/photonics\/coherence2024-information\/","title":{"rendered":"Information"},"content":{"rendered":"\n<h2 class=\"wp-block-heading\"><img loading=\"lazy\" decoding=\"async\" class=\"wp-image-6980 aligncenter\" src=\"https:\/\/sites.uef.fi\/photonics\/wp-content\/uploads\/sites\/150\/2023\/10\/coherence_crop1-300x76.jpg\" alt=\"\" width=\"1109\" height=\"281\" srcset=\"https:\/\/sites.uef.fi\/photonics\/wp-content\/uploads\/sites\/150\/2023\/10\/coherence_crop1-300x76.jpg 300w, https:\/\/sites.uef.fi\/photonics\/wp-content\/uploads\/sites\/150\/2023\/10\/coherence_crop1-1024x260.jpg 1024w, https:\/\/sites.uef.fi\/photonics\/wp-content\/uploads\/sites\/150\/2023\/10\/coherence_crop1-768x195.jpg 768w, https:\/\/sites.uef.fi\/photonics\/wp-content\/uploads\/sites\/150\/2023\/10\/coherence_crop1-1536x390.jpg 1536w, https:\/\/sites.uef.fi\/photonics\/wp-content\/uploads\/sites\/150\/2023\/10\/coherence_crop1-2048x520.jpg 2048w\" sizes=\"auto, (max-width: 1109px) 100vw, 1109px\" \/><\/h2>\n\n\n\n<p class=\"has-text-align-center\"><a href=\"https:\/\/sites.uef.fi\/photonics\/coherence2024\/\">Home<\/a> &nbsp; <a href=\"https:\/\/sites.uef.fi\/photonics\/coherence2024-important-dates\/\">Important dates<\/a> &nbsp;&nbsp;<a href=\"https:\/\/sites.uef.fi\/photonics\/coherence2024-abstract-submission\/\">Abstract submission<\/a> &nbsp; <a href=\"https:\/\/sites.uef.fi\/photonics\/coherence2024-program\/\">Program<\/a> &nbsp; <a href=\"https:\/\/sites.uef.fi\/photonics\/coherence2024-information\/\">Information<\/a><\/p>\n\n\n\n<h2 class=\"wp-block-heading\"><a name=\"Registration\"><\/a><\/h2>\n\n\n\n<h2 class=\"wp-block-heading\"><a id=\"Registration\" name=\"Registration\"><\/a>Registration and fees<\/h2>\n\n\n\n<p>Register via this&nbsp;<span style=\"color: #ff0000\"><a href=\"https:\/\/eur03.safelinks.protection.outlook.com\/?url=https%3A%2F%2Fregistration.contio.fi%2Fuef%2FRegistration%2FLogin%3Fid%3D7447-T_7447-8658&amp;data=05%7C02%7C%7C3ca1e03b408f435137d008dc1b515fc7%7C87879f2e73044bf2baf263e7f83f3c34%7C0%7C0%7C638415283515889371%7CUnknown%7CTWFpbGZsb3d8eyJWIjoiMC4wLjAwMDAiLCJQIjoiV2luMzIiLCJBTiI6Ik1haWwiLCJXVCI6Mn0%3D%7C3000%7C%7C%7C&amp;sdata=obEetofKvLhd0WrfqJJRwtGyF3rkQ6sNB2z%2FKAMuHeI%3D&amp;reserved=0\">link<\/a><\/span>.<\/p>\n\n\n\n<p>The registration deadline is May 7. The fee (290 \u20ac) for participants includes:<br>\u2022 Lunches and coffee breaks at the conference site<br>\u2022 Welcome reception on Monday, June 10<br>\u2022 Conference dinner on Tuesday, June 11<br>\u2022 Barbeque party on Wednesday, June 12<br>\u2022 Excursion and Sauna on Thursday, June 13<\/p>\n\n\n\n<p>The fee for accompanying persons is 160 \u20ac. It includes:<br>\u2022 Welcome reception on Monday, June 10<br>\u2022 Conference dinner on Tuesday, June 11<br>\u2022 Barbeque party on Wednesday, June 12<br>\u2022 Excursion and Sauna on Thursday, June 13<\/p>\n\n\n\n<h2 class=\"wp-block-heading\"><a id=\"Travel\" name=\"Travel\"><\/a>Excursion<\/h2>\n\n\n\n<p>Excursion to Valamo Monastery on Thursday, June 13. A brief description is available <a href=\"https:\/\/sites.uef.fi\/photonics\/wp-content\/uploads\/sites\/150\/2024\/05\/ValamoExcursion.pdf\">here<\/a>.<\/p>\n\n\n\n<h2 class=\"wp-block-heading\">JEOS-RP Topical issue<\/h2>\n\n\n\n<p>JEOS-RP has opened a Topical issue where the authors may publish (with reduced prices) extended articles on the results presented at the conference. Submitted papers should add a significant value to the field and they will undergo the standard review process of JEOS-RP. Submission deadline for this Topical issue is Dec 2, 2024. Papers can be submitted immediately or at any time until this date. Submitted articles will be&nbsp;reviewed on an ongoing basis and published online as they are accepted. More information can be found <a href=\"https:\/\/eur03.safelinks.protection.outlook.com\/?url=https%3A%2F%2Fwww.europeanoptics.org%2Fpages%2Fjeosrp%2Fscientific-papers%2Fspecial-issues%2Fcoherence-and-random-polarization-2024.html&amp;data=05%7C02%7C%7C9b7670362b50471f018908dc4c9490a3%7C87879f2e73044bf2baf263e7f83f3c34%7C0%7C0%7C638469448164005043%7CUnknown%7CTWFpbGZsb3d8eyJWIjoiMC4wLjAwMDAiLCJQIjoiV2luMzIiLCJBTiI6Ik1haWwiLCJXVCI6Mn0%3D%7C0%7C%7C%7C&amp;sdata=KsHaz7tkyzYG116amyNaAI319tRwU2DYvQ2Ezp1wwgM%3D&amp;reserved=0\">here<\/a>.<\/p>\n\n\n\n<h2 class=\"wp-block-heading\"><a id=\"Travel\" name=\"Travel\"><\/a>Travel<\/h2>\n\n\n\n<p>Joensuu can conveniently be reached by plane, train, or car from Helsinki.<\/p>\n\n\n\n<p><em>Plane<\/em><br>There are daily connections between the Helsinki-Vantaa airport (the main hub in Finland) and Joensuu airport. The flight time to Joensuu is around one hour.&nbsp; Please consult your travel agency for up-to-date information. Helsinki-Joensuu flights operated by Finnair will be available in the summer 2024 but the flight schedule is not yet known. The flights are expected to be available for booking latest in the beginning of April.<\/p>\n\n\n\n<p><em>Train or car<\/em><br>The land connection between Helsinki and Joensuu takes around four or five hours. Please consult <a href=\"http:\/\/www.vr.fi\/en\/\">VR<\/a> for timetables and online tickets regarding train connections. Participants who arrive by plane to Helsinki, and who like to continue by train to Joensuu, may either go to Tikkurila train station or to Helsinki City train station (e.g. by <a href=\"https:\/\/www.hsl.fi\/en\">local trains<\/a> or taxi).<\/p>\n\n\n\n<h2 class=\"wp-block-heading\"><a id=\"Accommodation\" name=\"Accommodation\"><\/a>Accommodation<\/h2>\n\n\n\n<p>Several hotels are located within a walking distance to the conference site. The organizers have reserved a quota of rooms in Kimmel, Vaakuna, and Greenstar hotels and arranged special prices in Scandic hotel. Please, find the contact and booking information below. More accommodation options can be found <a href=\"https:\/\/www.visitjoensuu.fi\/en-FI\/topic\/6037c3b3d6f09f25ba65e940?mode=listings&amp;count=9\">here<\/a>.<\/p>\n\n\n\n<p><a href=\"https:\/\/www.sokoshotels.fi\/en\/hotels\/joensuu\/original-sokos-hotel-kimmel\">Original Sokos Hotel <strong>KIMMEL<\/strong><\/a>, It\u00e4ranta 1, 80100 Joensuu<br>Phone +358 20 123 4663<br>Quota until May 17 &#8211; after that according to availability<br>Booking code: <strong>BCOHER24<br><\/strong>127 \u20ac\/single room\/night<br>147 \u20ac\/double room\/night<br>147 \u20ac\/single superior room\/night<br>167 \u20ac\/double superior room\/night<br>Buffee breakfast, sauna in the evening from Sunday to Thursday<\/p>\n\n\n\n<p><a href=\"https:\/\/www.sokoshotels.fi\/en\/hotels\/joensuu\/original-sokos-hotel-vaakuna\">Original Sokos Hotel <strong>VAAKUNA<\/strong><\/a>, Torikatu 20, 80100 Joensuu<br>Phone +358 10 782 3100<br>Quota until May 17 &#8211; after that according to availability<br>Booking code: <strong>BCOHER24<br><\/strong>118 \u20ac\/single room\/night<br>138 \u20ac\/double room\/night<br>148 \u20ac\/single superior room\/night<br>168 \u20ac\/double superior room\/night<br>Buffee breakfast, sauna in the evening from Sunday to Thursday<\/p>\n\n\n\n<p><a href=\"https:\/\/www.greenstar.fi\/en\/hotels\/greenstar-hotel-joensuu\/\"><strong>GREENSTAR<\/strong> hotel Joensuu<\/a>, Torikatu 16, 80100 Joensuu<br>Phone +358 10 423 9390<br>Quota until May 27 &#8211; after that according to availability<br><strong>Bookings only by phone or email <a href=\"mailto:joensuu@greenstar.fi\">joensuu@greenstar.fi<\/a><\/strong><br>Booking code: <strong>COHERENCE24<br><\/strong>89 \u20ac\/single room\/night<br>99 \u20ac\/double room\/night<br>109 \u20ac\/double room + extra bed\/night<br>Breakfast included<\/p>\n\n\n\n<p><a href=\"https:\/\/www.scandichotels.com\/hotels\/finland\/joensuu\/scandic-joensuu?utm_campaign=gmb&amp;utm_source=google&amp;utm_medium=organic&amp;utm_content=joensuu&amp;_gl=1*wgfhag*_ga*MzE0NDEyMy4xNzAyMDE3NjYy*_ga_SYJ3HGVZKX*MTcwMjAxNzY2MS4xLjEuMTcwMjAxODI3Ny4wLjAuMA..*_fplc*TGw5NFMxbncwcm1ISTdMWWdIZXh1ZlpERzhaRkVxRmVYUHFvQnlkbW5RWWt5OFJjZHdMc1pTSWJRYSUyQmNiUzRVZXVVMW04UElkMEl2TkElMkJRM0JCaXJ2czFmRjkxQ05OWmQ1ZkRNM0F1NnhldU9XYkNITHdiSlJTYmRIJTJCdmh3JTNEJTNE*_ga_1MJCCJYC3Z*MTcwMjAxNzY2MS4xLjEuMTcwMjAxODI3Ny4wLjAuMA..\"><strong>SCANDIC<\/strong> hotel Joensuu<\/a>, Kirkkokatu 20, 80100 Joensuu<br>Phone +358 300 308 453<br>Special price using this <a href=\"https:\/\/www.scandichotels.com\/?bookingcode=FIARB&amp;_gl=1*186o7ah*_ga*MzE0NDEyMy4xNzAyMDE3NjYy*_ga_1MJCCJYC3Z*MTcwMjAxNzY2MS4xLjEuMTcwMjAxODE3Ni4wLjAuMA..*_fplc*TGw5NFMxbncwcm1ISTdMWWdIZXh1ZlpERzhaRkVxRmVYUHFvQnlkbW5RWWt5OFJjZHdMc1pTSWJRYSUyQmNiUzRVZXVVMW04UElkMEl2TkElMkJRM0JCaXJ2czFmRjkxQ05OWmQ1ZkRNM0F1NnhldU9XYkNITHdiSlJTYmRIJTJCdmh3JTNEJTNE*_ga_SYJ3HGVZKX*MTcwMjAxNzY2MS4xLjEuMTcwMjAxODE3Ni4wLjAuMA..\">link<\/a> (booking code FIARB)<br>Prices vary according to availability<br>Breakfast included, sauna available in the evening<\/p>\n\n\n\n<h2 class=\"wp-block-heading\"><a id=\"Contact\" name=\"Contact\"><\/a>Contact<\/h2>\n\n\n\n<p>Please send all correspondence to&nbsp;coherence2024@uef.fi.<\/p>\n\n\n\n<p>Street address of the conference site (Metria building at the campus): Yliopistokatu 7, 80100 Joensuu, Finland.<\/p>\n\n\n\n<h2 class=\"wp-block-heading\"><a id=\"Organizers\" name=\"Organizers\"><\/a>Organizing committee<\/h2>\n\n\n\n<p>Tero Set\u00e4l\u00e4 (Chair)<br>Andreas Norrman<br>Hannele Karppinen (Conference secretary)<br>Raili Term\u00e4l\u00e4 (Webmaster)<br>Matias Koivurova<br>Tommi Hakala<br>Polina Kuzhir<br>Kimmo Saastamoinen<br>Jyrki Laatikainen<br>Atri Halder<\/p>\n\n\n\n<h2 class=\"wp-block-heading\"><a id=\"Map\" name=\"Map\"><\/a>Maps<\/h2>\n\n\n\n<p><a href=\"https:\/\/sites.uef.fi\/photonics\/wp-content\/uploads\/sites\/150\/2024\/05\/Map_of_Important_places.pdf\">Important places<\/a><br><a href=\"https:\/\/sites.uef.fi\/photonics\/wp-content\/uploads\/sites\/150\/2024\/05\/map_of_campus.pdf\">Campus area<\/a><br><a href=\"https:\/\/www.google.fi\/maps\/search\/Joensuun+yliopisto\/@62.6046398,29.7418309,16z\">Joensuu on Google maps<\/a><\/p>\n\n\n\n<h2 class=\"wp-block-heading\"><a id=\"Weather\" name=\"Weather\"><\/a>Weather forecast<\/h2>\n\n\n\n<p><a href=\"https:\/\/www.foreca.com\/Finland\/Joensuu\">Weather in Joensuu<\/a><\/p>\n\n\n\n<h2 class=\"wp-block-heading\"><img loading=\"lazy\" decoding=\"async\" class=\"wp-image-7106 aligncenter\" src=\"https:\/\/sites.uef.fi\/photonics\/wp-content\/uploads\/sites\/150\/2023\/10\/KolmeKuvaa-300x60.png\" alt=\"\" width=\"890\" height=\"178\" srcset=\"https:\/\/sites.uef.fi\/photonics\/wp-content\/uploads\/sites\/150\/2023\/10\/KolmeKuvaa-300x60.png 300w, https:\/\/sites.uef.fi\/photonics\/wp-content\/uploads\/sites\/150\/2023\/10\/KolmeKuvaa-768x153.png 768w, https:\/\/sites.uef.fi\/photonics\/wp-content\/uploads\/sites\/150\/2023\/10\/KolmeKuvaa-1536x305.png 1536w, https:\/\/sites.uef.fi\/photonics\/wp-content\/uploads\/sites\/150\/2023\/10\/KolmeKuvaa-2048x407.png 2048w\" sizes=\"auto, (max-width: 890px) 100vw, 890px\" \/><\/h2>\n\n\n\n<figure class=\"wp-block-image aligncenter size-large is-resized\"><img loading=\"lazy\" decoding=\"async\" width=\"1024\" height=\"142\" src=\"https:\/\/sites.uef.fi\/photonics\/wp-content\/uploads\/sites\/150\/2024\/05\/sponslogos3-1024x142.png\" alt=\"\" class=\"wp-image-9805\" style=\"width:516px;height:auto\" srcset=\"https:\/\/sites.uef.fi\/photonics\/wp-content\/uploads\/sites\/150\/2024\/05\/sponslogos3-1024x142.png 1024w, https:\/\/sites.uef.fi\/photonics\/wp-content\/uploads\/sites\/150\/2024\/05\/sponslogos3-300x42.png 300w, https:\/\/sites.uef.fi\/photonics\/wp-content\/uploads\/sites\/150\/2024\/05\/sponslogos3-768x106.png 768w, https:\/\/sites.uef.fi\/photonics\/wp-content\/uploads\/sites\/150\/2024\/05\/sponslogos3-1536x212.png 1536w, https:\/\/sites.uef.fi\/photonics\/wp-content\/uploads\/sites\/150\/2024\/05\/sponslogos3-2048x283.png 2048w\" sizes=\"auto, (max-width: 1024px) 100vw, 1024px\" \/><\/figure>\n\n\n\n<figure class=\"wp-block-image aligncenter size-large is-resized\"><img loading=\"lazy\" decoding=\"async\" width=\"1024\" height=\"414\" src=\"https:\/\/sites.uef.fi\/photonics\/wp-content\/uploads\/sites\/150\/2024\/03\/Logot_3_2024-4-1024x414.png\" alt=\"\" class=\"wp-image-9416\" style=\"width:542px;height:auto\" srcset=\"https:\/\/sites.uef.fi\/photonics\/wp-content\/uploads\/sites\/150\/2024\/03\/Logot_3_2024-4-1024x414.png 1024w, https:\/\/sites.uef.fi\/photonics\/wp-content\/uploads\/sites\/150\/2024\/03\/Logot_3_2024-4-300x121.png 300w, https:\/\/sites.uef.fi\/photonics\/wp-content\/uploads\/sites\/150\/2024\/03\/Logot_3_2024-4-768x310.png 768w, https:\/\/sites.uef.fi\/photonics\/wp-content\/uploads\/sites\/150\/2024\/03\/Logot_3_2024-4-1536x621.png 1536w, https:\/\/sites.uef.fi\/photonics\/wp-content\/uploads\/sites\/150\/2024\/03\/Logot_3_2024-4-2048x828.png 2048w\" sizes=\"auto, (max-width: 1024px) 100vw, 1024px\" \/><\/figure>\n\n\n\n<figure class=\"wp-block-image aligncenter size-large is-resized\"><img loading=\"lazy\" decoding=\"async\" width=\"1024\" height=\"590\" src=\"https:\/\/sites.uef.fi\/photonics\/wp-content\/uploads\/sites\/150\/2024\/03\/EOS_logot-1-1024x590.png\" alt=\"\" class=\"wp-image-9492\" style=\"width:227px;height:auto\" srcset=\"https:\/\/sites.uef.fi\/photonics\/wp-content\/uploads\/sites\/150\/2024\/03\/EOS_logot-1-1024x590.png 1024w, https:\/\/sites.uef.fi\/photonics\/wp-content\/uploads\/sites\/150\/2024\/03\/EOS_logot-1-300x173.png 300w, https:\/\/sites.uef.fi\/photonics\/wp-content\/uploads\/sites\/150\/2024\/03\/EOS_logot-1-768x442.png 768w, https:\/\/sites.uef.fi\/photonics\/wp-content\/uploads\/sites\/150\/2024\/03\/EOS_logot-1-1536x884.png 1536w, https:\/\/sites.uef.fi\/photonics\/wp-content\/uploads\/sites\/150\/2024\/03\/EOS_logot-1.png 1846w\" sizes=\"auto, (max-width: 1024px) 100vw, 1024px\" \/><\/figure>\n","protected":false},"excerpt":{"rendered":"<p>Home &nbsp; Important dates &nbsp;&nbsp;Abstract submission &nbsp; Program &nbsp; Information Registration and fees Register via this&nbsp;link. The registration deadline is May 7. The fee (290 \u20ac) for participants includes:\u2022 Lunches and coffee breaks at the conference site\u2022 Welcome reception on Monday, June 10\u2022 Conference dinner on Tuesday, June 11\u2022 Barbeque party on Wednesday, June 12\u2022 [&hellip;]<\/p>\n","protected":false},"author":877,"featured_media":0,"parent":0,"menu_order":0,"comment_status":"closed","ping_status":"closed","template":"","meta":{"_acf_changed":false,"_monsterinsights_skip_tracking":false,"_monsterinsights_sitenote_active":false,"_monsterinsights_sitenote_note":"","_monsterinsights_sitenote_category":0,"footnotes":""},"class_list":["post-6821","page","type-page","status-publish","hentry"],"acf":[],"yoast_head":"<!-- This site is optimized with the Yoast SEO plugin v27.1.1 - https:\/\/yoast.com\/product\/yoast-seo-wordpress\/ -->\n<title>Information - Center for Photonics Sciences<\/title>\n<meta name=\"robots\" content=\"index, follow, max-snippet:-1, max-image-preview:large, max-video-preview:-1\" \/>\n<link rel=\"canonical\" href=\"https:\/\/sites.uef.fi\/photonics\/coherence2024-information\/\" \/>\n<meta property=\"og:locale\" content=\"en_US\" \/>\n<meta property=\"og:type\" content=\"article\" \/>\n<meta property=\"og:title\" content=\"Information - Center for Photonics Sciences\" \/>\n<meta property=\"og:description\" content=\"Home &nbsp; Important dates &nbsp;&nbsp;Abstract submission &nbsp; Program &nbsp; Information Registration and fees Register via this&nbsp;link. The registration deadline is May 7. The fee (290 \u20ac) for participants includes:\u2022 Lunches and coffee breaks at the conference site\u2022 Welcome reception on Monday, June 10\u2022 Conference dinner on Tuesday, June 11\u2022 Barbeque party on Wednesday, June 12\u2022 [&hellip;]\" \/>\n<meta property=\"og:url\" content=\"https:\/\/sites.uef.fi\/photonics\/coherence2024-information\/\" \/>\n<meta property=\"og:site_name\" content=\"Center for Photonics Sciences\" \/>\n<meta property=\"article:modified_time\" content=\"2024-05-31T13:27:18+00:00\" \/>\n<meta property=\"og:image\" content=\"https:\/\/sites.uef.fi\/photonics\/wp-content\/uploads\/sites\/150\/2023\/10\/coherence_crop1-300x76.jpg\" \/>\n<meta name=\"twitter:card\" content=\"summary_large_image\" \/>\n<meta name=\"twitter:label1\" content=\"Est. reading time\" \/>\n\t<meta name=\"twitter:data1\" content=\"4 minutes\" \/>\n<script type=\"application\/ld+json\" class=\"yoast-schema-graph\">{\"@context\":\"https:\/\/schema.org\",\"@graph\":[{\"@type\":\"WebPage\",\"@id\":\"https:\/\/sites.uef.fi\/photonics\/coherence2024-information\/\",\"url\":\"https:\/\/sites.uef.fi\/photonics\/coherence2024-information\/\",\"name\":\"Information - Center for Photonics Sciences\",\"isPartOf\":{\"@id\":\"https:\/\/sites.uef.fi\/photonics\/#website\"},\"primaryImageOfPage\":{\"@id\":\"https:\/\/sites.uef.fi\/photonics\/coherence2024-information\/#primaryimage\"},\"image\":{\"@id\":\"https:\/\/sites.uef.fi\/photonics\/coherence2024-information\/#primaryimage\"},\"thumbnailUrl\":\"https:\/\/sites.uef.fi\/photonics\/wp-content\/uploads\/sites\/150\/2023\/10\/coherence_crop1-300x76.jpg\",\"datePublished\":\"2023-10-05T10:03:40+00:00\",\"dateModified\":\"2024-05-31T13:27:18+00:00\",\"breadcrumb\":{\"@id\":\"https:\/\/sites.uef.fi\/photonics\/coherence2024-information\/#breadcrumb\"},\"inLanguage\":\"en-US\",\"potentialAction\":[{\"@type\":\"ReadAction\",\"target\":[\"https:\/\/sites.uef.fi\/photonics\/coherence2024-information\/\"]}]},{\"@type\":\"ImageObject\",\"inLanguage\":\"en-US\",\"@id\":\"https:\/\/sites.uef.fi\/photonics\/coherence2024-information\/#primaryimage\",\"url\":\"https:\/\/sites.uef.fi\/photonics\/wp-content\/uploads\/sites\/150\/2023\/10\/coherence_crop1-scaled.jpg\",\"contentUrl\":\"https:\/\/sites.uef.fi\/photonics\/wp-content\/uploads\/sites\/150\/2023\/10\/coherence_crop1-scaled.jpg\",\"width\":2560,\"height\":650},{\"@type\":\"BreadcrumbList\",\"@id\":\"https:\/\/sites.uef.fi\/photonics\/coherence2024-information\/#breadcrumb\",\"itemListElement\":[{\"@type\":\"ListItem\",\"position\":1,\"name\":\"Home\",\"item\":\"https:\/\/sites.uef.fi\/photonics\/\"},{\"@type\":\"ListItem\",\"position\":2,\"name\":\"Information\"}]},{\"@type\":\"WebSite\",\"@id\":\"https:\/\/sites.uef.fi\/photonics\/#website\",\"url\":\"https:\/\/sites.uef.fi\/photonics\/\",\"name\":\"Center for Photonics Sciences\",\"description\":\"\",\"potentialAction\":[{\"@type\":\"SearchAction\",\"target\":{\"@type\":\"EntryPoint\",\"urlTemplate\":\"https:\/\/sites.uef.fi\/photonics\/?s={search_term_string}\"},\"query-input\":{\"@type\":\"PropertyValueSpecification\",\"valueRequired\":true,\"valueName\":\"search_term_string\"}}],\"inLanguage\":\"en-US\"}]}<\/script>\n<!-- \/ Yoast SEO plugin. -->","yoast_head_json":{"title":"Information - Center for Photonics Sciences","robots":{"index":"index","follow":"follow","max-snippet":"max-snippet:-1","max-image-preview":"max-image-preview:large","max-video-preview":"max-video-preview:-1"},"canonical":"https:\/\/sites.uef.fi\/photonics\/coherence2024-information\/","og_locale":"en_US","og_type":"article","og_title":"Information - Center for Photonics Sciences","og_description":"Home &nbsp; Important dates &nbsp;&nbsp;Abstract submission &nbsp; Program &nbsp; Information Registration and fees Register via this&nbsp;link. The registration deadline is May 7. The fee (290 \u20ac) for participants includes:\u2022 Lunches and coffee breaks at the conference site\u2022 Welcome reception on Monday, June 10\u2022 Conference dinner on Tuesday, June 11\u2022 Barbeque party on Wednesday, June 12\u2022 [&hellip;]","og_url":"https:\/\/sites.uef.fi\/photonics\/coherence2024-information\/","og_site_name":"Center for Photonics Sciences","article_modified_time":"2024-05-31T13:27:18+00:00","og_image":[{"url":"https:\/\/sites.uef.fi\/photonics\/wp-content\/uploads\/sites\/150\/2023\/10\/coherence_crop1-300x76.jpg","type":"","width":"","height":""}],"twitter_card":"summary_large_image","twitter_misc":{"Est. reading time":"4 minutes"},"schema":{"@context":"https:\/\/schema.org","@graph":[{"@type":"WebPage","@id":"https:\/\/sites.uef.fi\/photonics\/coherence2024-information\/","url":"https:\/\/sites.uef.fi\/photonics\/coherence2024-information\/","name":"Information - Center for Photonics Sciences","isPartOf":{"@id":"https:\/\/sites.uef.fi\/photonics\/#website"},"primaryImageOfPage":{"@id":"https:\/\/sites.uef.fi\/photonics\/coherence2024-information\/#primaryimage"},"image":{"@id":"https:\/\/sites.uef.fi\/photonics\/coherence2024-information\/#primaryimage"},"thumbnailUrl":"https:\/\/sites.uef.fi\/photonics\/wp-content\/uploads\/sites\/150\/2023\/10\/coherence_crop1-300x76.jpg","datePublished":"2023-10-05T10:03:40+00:00","dateModified":"2024-05-31T13:27:18+00:00","breadcrumb":{"@id":"https:\/\/sites.uef.fi\/photonics\/coherence2024-information\/#breadcrumb"},"inLanguage":"en-US","potentialAction":[{"@type":"ReadAction","target":["https:\/\/sites.uef.fi\/photonics\/coherence2024-information\/"]}]},{"@type":"ImageObject","inLanguage":"en-US","@id":"https:\/\/sites.uef.fi\/photonics\/coherence2024-information\/#primaryimage","url":"https:\/\/sites.uef.fi\/photonics\/wp-content\/uploads\/sites\/150\/2023\/10\/coherence_crop1-scaled.jpg","contentUrl":"https:\/\/sites.uef.fi\/photonics\/wp-content\/uploads\/sites\/150\/2023\/10\/coherence_crop1-scaled.jpg","width":2560,"height":650},{"@type":"BreadcrumbList","@id":"https:\/\/sites.uef.fi\/photonics\/coherence2024-information\/#breadcrumb","itemListElement":[{"@type":"ListItem","position":1,"name":"Home","item":"https:\/\/sites.uef.fi\/photonics\/"},{"@type":"ListItem","position":2,"name":"Information"}]},{"@type":"WebSite","@id":"https:\/\/sites.uef.fi\/photonics\/#website","url":"https:\/\/sites.uef.fi\/photonics\/","name":"Center for Photonics Sciences","description":"","potentialAction":[{"@type":"SearchAction","target":{"@type":"EntryPoint","urlTemplate":"https:\/\/sites.uef.fi\/photonics\/?s={search_term_string}"},"query-input":{"@type":"PropertyValueSpecification","valueRequired":true,"valueName":"search_term_string"}}],"inLanguage":"en-US"}]}},"_links":{"self":[{"href":"https:\/\/sites.uef.fi\/photonics\/wp-json\/wp\/v2\/pages\/6821","targetHints":{"allow":["GET"]}}],"collection":[{"href":"https:\/\/sites.uef.fi\/photonics\/wp-json\/wp\/v2\/pages"}],"about":[{"href":"https:\/\/sites.uef.fi\/photonics\/wp-json\/wp\/v2\/types\/page"}],"author":[{"embeddable":true,"href":"https:\/\/sites.uef.fi\/photonics\/wp-json\/wp\/v2\/users\/877"}],"replies":[{"embeddable":true,"href":"https:\/\/sites.uef.fi\/photonics\/wp-json\/wp\/v2\/comments?post=6821"}],"version-history":[{"count":2,"href":"https:\/\/sites.uef.fi\/photonics\/wp-json\/wp\/v2\/pages\/6821\/revisions"}],"predecessor-version":[{"id":9888,"href":"https:\/\/sites.uef.fi\/photonics\/wp-json\/wp\/v2\/pages\/6821\/revisions\/9888"}],"wp:attachment":[{"href":"https:\/\/sites.uef.fi\/photonics\/wp-json\/wp\/v2\/media?parent=6821"}],"curies":[{"name":"wp","href":"https:\/\/api.w.org\/{rel}","templated":true}]}}