{"id":108,"date":"2022-05-31T11:32:26","date_gmt":"2022-05-31T11:32:26","guid":{"rendered":"https:\/\/sites.uef.fi\/rapukamu\/?page_id=108"},"modified":"2023-12-14T15:12:22","modified_gmt":"2023-12-14T15:12:22","slug":"taplarapu-ja-rapurutto","status":"publish","type":"page","link":"https:\/\/sites.uef.fi\/rapukamu\/taplarapu-ja-rapurutto\/","title":{"rendered":"Rapurutto t\u00e4pl\u00e4ravussa"},"content":{"rendered":"\n<p>Alkuper\u00e4inen oletus t\u00e4pl\u00e4ravun erinomaisesta rapuruton vastustuskyvyst\u00e4 on osoitettu v\u00e4\u00e4r\u00e4ksi. Luonnonkannoista tehdyt havainnot on laboratoriokokein vahvistettu ja t\u00e4pl\u00e4rapua pidet\u00e4\u00e4n nykyisin erityisesti Pohjolan oloissa herkk\u00e4n\u00e4 saamaan rapuruttotartunnan ja kuolemaan saamaansa tartuntaan.<\/p>\n\n\n\n<p>It\u00e4-Suomen yliopiston uusissa tutkimuksissa on vahvistunut, ett\u00e4 t\u00e4pl\u00e4rapu voi kuolla saatuaan runsaan annoksen Suomessa yleisesti esiintyvi\u00e4 rapuruton tyyppej\u00e4, PsI- ja As-tyyppi\u00e4. Laboratoriokokeessa osoitettiin kummankin edell\u00e4 mainitun rapuruttotyypin tappavan t\u00e4pl\u00e4rapuja samaan tapaan, tosin suurella annoksella taudinaiheuttajan iti\u00f6it\u00e4. Iti\u00f6annos on mahdollinen rapuruttoepidemian tehovaiheessa.<\/p>\n\n\n\n<p>T\u00e4pl\u00e4rapu ei ole rapurutolle immuuni ja voi kuolla rapuruttoon.<\/p>\n\n\n\n<p>Pohjoismaisissa t\u00e4pl\u00e4rapukannoissa on havaittu kannanvaihteluja ja kannan romahduksia, havaintoja on tehty sek\u00e4 Suomesta ett\u00e4 Ruotsista. H\u00e4meen alueella on todettu ainakin 30 t\u00e4pl\u00e4rapukannan heikentyneen tai romahtaneen kuluneen 10 vuoden aikana siten, ett\u00e4 saalism\u00e4\u00e4r\u00e4 on tippunut alle yhteen rapuun mertaa kohti yhden vuorokauden aikana. My\u00f6s Pyh\u00e4j\u00e4rvell\u00e4 (sek\u00e4 Tampereeen ett\u00e4 S\u00e4kyl\u00e4n) ja Saimaan alueella on todettu t\u00e4pl\u00e4rapukantojen romahtaneen tai k\u00e4rsiv\u00e4n merkitt\u00e4v\u00e4sti rapuruttotartunnan vuoksi. T\u00e4pl\u00e4rapukannat ovat romahtaneet sek\u00e4 pienill\u00e4 ett\u00e4 isoilla j\u00e4rvill\u00e4.<\/p>\n\n\n\n<p class=\"has-text-align-center\"><strong>\u00c4l\u00e4 siirr\u00e4 t\u00e4pl\u00e4rapuja uusiin vesiin: t\u00e4pl\u00e4ravun istutukset on kielletty vieraslajeja koskevassa suomalaisessa ja eurooppalaisessa s\u00e4\u00e4nn\u00f6st\u00f6ss\u00e4.<\/strong><\/p>\n\n\n\n<p>Tutkimusten mukaan on mahdollista, ett\u00e4 eri rapuruttokannat, siis eri vesien rapurutot, voivat p\u00e4\u00e4sty\u00e4\u00e4n tekemisiin toistensa kanssa muodostaa entist\u00e4 vaarallisempia rapuruttokantoja. T\u00e4m\u00e4 voi olla yhten\u00e4 syyn\u00e4 t\u00e4pl\u00e4rapujen herkistymiseen rapurutolle Pohjolan oloissa. My\u00f6s ilmasto-olot ja t\u00e4pl\u00e4rapukannan muuntuminen eurooppalaisissa oloissa on voinut herkist\u00e4\u00e4 t\u00e4pl\u00e4rapuja.<\/p>\n\n\n\n<p>T\u00e4m\u00e4 t\u00e4pl\u00e4ravun herkkyys rapurutolle sotkee merkitt\u00e4v\u00e4sti suomalaisen raputalouden tilannetta. T\u00e4pl\u00e4rapuja ei saa eik\u00e4 my\u00f6sk\u00e4\u00e4n ilmeisesti kannata istuttaa uusiin vesiin. T\u00e4pl\u00e4ravun menestyminen suomalaisissa vesiss\u00e4 ei ole itsest\u00e4\u00e4nselvyys.<\/p>\n","protected":false},"excerpt":{"rendered":"<p>Alkuper\u00e4inen oletus t\u00e4pl\u00e4ravun erinomaisesta rapuruton vastustuskyvyst\u00e4 on osoitettu v\u00e4\u00e4r\u00e4ksi. Luonnonkannoista tehdyt havainnot on laboratoriokokein vahvistettu ja t\u00e4pl\u00e4rapua pidet\u00e4\u00e4n nykyisin erityisesti Pohjolan oloissa herkk\u00e4n\u00e4 saamaan rapuruttotartunnan ja kuolemaan saamaansa tartuntaan. It\u00e4-Suomen yliopiston uusissa tutkimuksissa on vahvistunut, ett\u00e4 t\u00e4pl\u00e4rapu voi kuolla saatuaan runsaan annoksen Suomessa yleisesti esiintyvi\u00e4 rapuruton tyyppej\u00e4, PsI- ja As-tyyppi\u00e4. Laboratoriokokeessa osoitettiin kummankin edell\u00e4 mainitun [&hellip;]<\/p>\n","protected":false},"author":826,"featured_media":0,"parent":0,"menu_order":0,"comment_status":"closed","ping_status":"closed","template":"","meta":{"_acf_changed":false,"footnotes":""},"class_list":["post-108","page","type-page","status-publish","hentry"],"acf":[],"yoast_head":"<!-- This site is optimized with the Yoast SEO plugin v27.1.1 - https:\/\/yoast.com\/product\/yoast-seo-wordpress\/ -->\n<title>Rapurutto t\u00e4pl\u00e4ravussa - Rapukamu<\/title>\n<meta name=\"robots\" content=\"index, follow, max-snippet:-1, max-image-preview:large, max-video-preview:-1\" \/>\n<link rel=\"canonical\" href=\"https:\/\/sites.uef.fi\/rapukamu\/taplarapu-ja-rapurutto\/\" \/>\n<meta property=\"og:locale\" content=\"fi_FI\" \/>\n<meta property=\"og:type\" content=\"article\" \/>\n<meta property=\"og:title\" content=\"Rapurutto t\u00e4pl\u00e4ravussa - Rapukamu\" \/>\n<meta property=\"og:description\" content=\"Alkuper\u00e4inen oletus t\u00e4pl\u00e4ravun erinomaisesta rapuruton vastustuskyvyst\u00e4 on osoitettu v\u00e4\u00e4r\u00e4ksi. Luonnonkannoista tehdyt havainnot on laboratoriokokein vahvistettu ja t\u00e4pl\u00e4rapua pidet\u00e4\u00e4n nykyisin erityisesti Pohjolan oloissa herkk\u00e4n\u00e4 saamaan rapuruttotartunnan ja kuolemaan saamaansa tartuntaan. It\u00e4-Suomen yliopiston uusissa tutkimuksissa on vahvistunut, ett\u00e4 t\u00e4pl\u00e4rapu voi kuolla saatuaan runsaan annoksen Suomessa yleisesti esiintyvi\u00e4 rapuruton tyyppej\u00e4, PsI- ja As-tyyppi\u00e4. Laboratoriokokeessa osoitettiin kummankin edell\u00e4 mainitun [&hellip;]\" \/>\n<meta property=\"og:url\" content=\"https:\/\/sites.uef.fi\/rapukamu\/taplarapu-ja-rapurutto\/\" \/>\n<meta property=\"og:site_name\" content=\"Rapukamu\" \/>\n<meta property=\"article:modified_time\" content=\"2023-12-14T15:12:22+00:00\" \/>\n<meta name=\"twitter:card\" content=\"summary_large_image\" \/>\n<meta name=\"twitter:label1\" content=\"Arvioitu lukuaika\" \/>\n\t<meta name=\"twitter:data1\" content=\"2 minuuttia\" \/>\n<script type=\"application\/ld+json\" class=\"yoast-schema-graph\">{\"@context\":\"https:\/\/schema.org\",\"@graph\":[{\"@type\":\"WebPage\",\"@id\":\"https:\/\/sites.uef.fi\/rapukamu\/taplarapu-ja-rapurutto\/\",\"url\":\"https:\/\/sites.uef.fi\/rapukamu\/taplarapu-ja-rapurutto\/\",\"name\":\"Rapurutto t\u00e4pl\u00e4ravussa - Rapukamu\",\"isPartOf\":{\"@id\":\"https:\/\/sites.uef.fi\/rapukamu\/#website\"},\"datePublished\":\"2022-05-31T11:32:26+00:00\",\"dateModified\":\"2023-12-14T15:12:22+00:00\",\"breadcrumb\":{\"@id\":\"https:\/\/sites.uef.fi\/rapukamu\/taplarapu-ja-rapurutto\/#breadcrumb\"},\"inLanguage\":\"fi\",\"potentialAction\":[{\"@type\":\"ReadAction\",\"target\":[\"https:\/\/sites.uef.fi\/rapukamu\/taplarapu-ja-rapurutto\/\"]}]},{\"@type\":\"BreadcrumbList\",\"@id\":\"https:\/\/sites.uef.fi\/rapukamu\/taplarapu-ja-rapurutto\/#breadcrumb\",\"itemListElement\":[{\"@type\":\"ListItem\",\"position\":1,\"name\":\"Home\",\"item\":\"https:\/\/sites.uef.fi\/rapukamu\/\"},{\"@type\":\"ListItem\",\"position\":2,\"name\":\"Rapurutto t\u00e4pl\u00e4ravussa\"}]},{\"@type\":\"WebSite\",\"@id\":\"https:\/\/sites.uef.fi\/rapukamu\/#website\",\"url\":\"https:\/\/sites.uef.fi\/rapukamu\/\",\"name\":\"Rapukamu\",\"description\":\"\",\"potentialAction\":[{\"@type\":\"SearchAction\",\"target\":{\"@type\":\"EntryPoint\",\"urlTemplate\":\"https:\/\/sites.uef.fi\/rapukamu\/?s={search_term_string}\"},\"query-input\":{\"@type\":\"PropertyValueSpecification\",\"valueRequired\":true,\"valueName\":\"search_term_string\"}}],\"inLanguage\":\"fi\"}]}<\/script>\n<!-- \/ Yoast SEO plugin. -->","yoast_head_json":{"title":"Rapurutto t\u00e4pl\u00e4ravussa - Rapukamu","robots":{"index":"index","follow":"follow","max-snippet":"max-snippet:-1","max-image-preview":"max-image-preview:large","max-video-preview":"max-video-preview:-1"},"canonical":"https:\/\/sites.uef.fi\/rapukamu\/taplarapu-ja-rapurutto\/","og_locale":"fi_FI","og_type":"article","og_title":"Rapurutto t\u00e4pl\u00e4ravussa - Rapukamu","og_description":"Alkuper\u00e4inen oletus t\u00e4pl\u00e4ravun erinomaisesta rapuruton vastustuskyvyst\u00e4 on osoitettu v\u00e4\u00e4r\u00e4ksi. Luonnonkannoista tehdyt havainnot on laboratoriokokein vahvistettu ja t\u00e4pl\u00e4rapua pidet\u00e4\u00e4n nykyisin erityisesti Pohjolan oloissa herkk\u00e4n\u00e4 saamaan rapuruttotartunnan ja kuolemaan saamaansa tartuntaan. It\u00e4-Suomen yliopiston uusissa tutkimuksissa on vahvistunut, ett\u00e4 t\u00e4pl\u00e4rapu voi kuolla saatuaan runsaan annoksen Suomessa yleisesti esiintyvi\u00e4 rapuruton tyyppej\u00e4, PsI- ja As-tyyppi\u00e4. Laboratoriokokeessa osoitettiin kummankin edell\u00e4 mainitun [&hellip;]","og_url":"https:\/\/sites.uef.fi\/rapukamu\/taplarapu-ja-rapurutto\/","og_site_name":"Rapukamu","article_modified_time":"2023-12-14T15:12:22+00:00","twitter_card":"summary_large_image","twitter_misc":{"Arvioitu lukuaika":"2 minuuttia"},"schema":{"@context":"https:\/\/schema.org","@graph":[{"@type":"WebPage","@id":"https:\/\/sites.uef.fi\/rapukamu\/taplarapu-ja-rapurutto\/","url":"https:\/\/sites.uef.fi\/rapukamu\/taplarapu-ja-rapurutto\/","name":"Rapurutto t\u00e4pl\u00e4ravussa - Rapukamu","isPartOf":{"@id":"https:\/\/sites.uef.fi\/rapukamu\/#website"},"datePublished":"2022-05-31T11:32:26+00:00","dateModified":"2023-12-14T15:12:22+00:00","breadcrumb":{"@id":"https:\/\/sites.uef.fi\/rapukamu\/taplarapu-ja-rapurutto\/#breadcrumb"},"inLanguage":"fi","potentialAction":[{"@type":"ReadAction","target":["https:\/\/sites.uef.fi\/rapukamu\/taplarapu-ja-rapurutto\/"]}]},{"@type":"BreadcrumbList","@id":"https:\/\/sites.uef.fi\/rapukamu\/taplarapu-ja-rapurutto\/#breadcrumb","itemListElement":[{"@type":"ListItem","position":1,"name":"Home","item":"https:\/\/sites.uef.fi\/rapukamu\/"},{"@type":"ListItem","position":2,"name":"Rapurutto t\u00e4pl\u00e4ravussa"}]},{"@type":"WebSite","@id":"https:\/\/sites.uef.fi\/rapukamu\/#website","url":"https:\/\/sites.uef.fi\/rapukamu\/","name":"Rapukamu","description":"","potentialAction":[{"@type":"SearchAction","target":{"@type":"EntryPoint","urlTemplate":"https:\/\/sites.uef.fi\/rapukamu\/?s={search_term_string}"},"query-input":{"@type":"PropertyValueSpecification","valueRequired":true,"valueName":"search_term_string"}}],"inLanguage":"fi"}]}},"_links":{"self":[{"href":"https:\/\/sites.uef.fi\/rapukamu\/wp-json\/wp\/v2\/pages\/108","targetHints":{"allow":["GET"]}}],"collection":[{"href":"https:\/\/sites.uef.fi\/rapukamu\/wp-json\/wp\/v2\/pages"}],"about":[{"href":"https:\/\/sites.uef.fi\/rapukamu\/wp-json\/wp\/v2\/types\/page"}],"author":[{"embeddable":true,"href":"https:\/\/sites.uef.fi\/rapukamu\/wp-json\/wp\/v2\/users\/826"}],"replies":[{"embeddable":true,"href":"https:\/\/sites.uef.fi\/rapukamu\/wp-json\/wp\/v2\/comments?post=108"}],"version-history":[{"count":2,"href":"https:\/\/sites.uef.fi\/rapukamu\/wp-json\/wp\/v2\/pages\/108\/revisions"}],"predecessor-version":[{"id":941,"href":"https:\/\/sites.uef.fi\/rapukamu\/wp-json\/wp\/v2\/pages\/108\/revisions\/941"}],"wp:attachment":[{"href":"https:\/\/sites.uef.fi\/rapukamu\/wp-json\/wp\/v2\/media?parent=108"}],"curies":[{"name":"wp","href":"https:\/\/api.w.org\/{rel}","templated":true}]}}