{"id":123,"date":"2022-05-31T11:31:15","date_gmt":"2022-05-31T11:31:15","guid":{"rendered":"https:\/\/sites.uef.fi\/rapukamu\/?page_id=123"},"modified":"2023-12-14T16:19:42","modified_gmt":"2023-12-14T16:19:42","slug":"rapurutto","status":"publish","type":"page","link":"https:\/\/sites.uef.fi\/rapukamu\/rapurutto\/","title":{"rendered":"Rapurutto"},"content":{"rendered":"\n<p>Rapurutto teki ensimm\u00e4iset tuhonsa Suomessa Saimaan alueella <a href=\"https:\/\/sites.uef.fi\/rapukamu\/wp-content\/uploads\/sites\/377\/2022\/08\/rapuruton-leviaminen-euroopassa.jpg\" target=\"_blank\" rel=\"noreferrer noopener\">1893<\/a>, h\u00e4vitetty\u00e4\u00e4n sit\u00e4 ennen keskieurooppalaiset rapukannat matkallaan kohti Pohjolaa. Rapuruton levi\u00e4mist\u00e4 nopeutti vilkas eurooppalainen rapukauppa ja t\u00e4ydellinen ep\u00e4selvyys siit\u00e4, mik\u00e4 aiheutti rapujen massakuolemat. Kesti 1900-luvun puolen v\u00e4lin kieppeille ennenkuin raputuhojen aiheuttaja saatiin tunnistettua oomykeetiksi, sienen kaltaiseksi eli\u00f6ksi, joka levi\u00e4\u00e4 iti\u00f6in\u00e4.<\/p>\n\n\n\n<p>Sittemmin tuotiin alunperin vahingossa Eurooppaan rantautuneen As-tyypin rapuruton lis\u00e4ksi puolen tusinaa uutta rapuruttotyyppi\u00e4, joiden is\u00e4ntin\u00e4 ovat Pohjois-Amerikasta Eurooppaan kotiutetut ravut. N\u00e4m\u00e4 tuoreemmat rapurutot ovat tutkimusten ja k\u00e4yt\u00e4nn\u00f6n kokemusten mukaan As-tyyppi\u00e4 pahempia tappajia, joten niiden kotiuttaminen pohjoisamerikkalaisten is\u00e4nt\u00e4rapujen mukana oli eritt\u00e4in suuri virhe. T\u00e4pl\u00e4rapukin voi k\u00e4rsi\u00e4 ja kuolla rapuruton vuoksi (Aydin ja muut 2014).<\/p>\n\n\n\n<p>Rapuruton aiheuttamat vahingot suomalaiselle raputaloudelle ovat muutaman miljardin euron luokkaa, kun arvion pohjana k\u00e4ytet\u00e4\u00e4n 100 vuoden aikaa, jokiravun hintana 1,50 euroa ja jokirapusaaliin v\u00e4henem\u00e4n\u00e4 10 &#8211; 15,000,000 rapua vuosittain. T\u00e4m\u00e4 on ravustajien menett\u00e4m\u00e4 tulo. Raputalouden kokonaismenetys on jopa 50 miljardia euroa, kun otetaan huomioon kerrannaisvaikutukset.<\/p>\n\n\n\n<p>Rapurutto vaikuttaa my\u00f6s suomalaiseen vesiluontoon. Jokiravun h\u00e4vi\u00e4minen vesist\u00f6st\u00e4 muuttaa nopeasti pohjan laatua, kun rapumassa ei ole hy\u00f6dynt\u00e4m\u00e4ss\u00e4 pohjaan vajoavaa eloper\u00e4ist\u00e4 materiaalia. My\u00f6s vesiekosysteemin luonne muuttuu, kun isoin pohjael\u00e4inmassa poistuu ja ravinteiden kierto muuttuu, samoin ravinto- ja tilakilpailu. Jokiravun h\u00e4vi\u00e4minen v\u00e4hent\u00e4\u00e4 petokalojen ravintovalikoimaa.<\/p>\n\n\n\n<p>Rapurutto h\u00e4vitt\u00e4\u00e4 jokiravut, t\u00e4m\u00e4 on tilanne pelkistettyn\u00e4. On my\u00f6s sinusta ja minusta kiinni, miten ruusuinen on jokiravun tulevaisuus. Parempi olla huolellinen ja v\u00e4ltt\u00e4\u00e4 rapuruton levitt\u00e4mist\u00e4.<\/p>\n","protected":false},"excerpt":{"rendered":"<p>Rapurutto teki ensimm\u00e4iset tuhonsa Suomessa Saimaan alueella 1893, h\u00e4vitetty\u00e4\u00e4n sit\u00e4 ennen keskieurooppalaiset rapukannat matkallaan kohti Pohjolaa. Rapuruton levi\u00e4mist\u00e4 nopeutti vilkas eurooppalainen rapukauppa ja t\u00e4ydellinen ep\u00e4selvyys siit\u00e4, mik\u00e4 aiheutti rapujen massakuolemat. Kesti 1900-luvun puolen v\u00e4lin kieppeille ennenkuin raputuhojen aiheuttaja saatiin tunnistettua oomykeetiksi, sienen kaltaiseksi eli\u00f6ksi, joka levi\u00e4\u00e4 iti\u00f6in\u00e4. Sittemmin tuotiin alunperin vahingossa Eurooppaan rantautuneen As-tyypin rapuruton [&hellip;]<\/p>\n","protected":false},"author":826,"featured_media":0,"parent":0,"menu_order":0,"comment_status":"closed","ping_status":"closed","template":"","meta":{"_acf_changed":false,"footnotes":""},"class_list":["post-123","page","type-page","status-publish","hentry"],"acf":[],"yoast_head":"<!-- This site is optimized with the Yoast SEO plugin v27.1.1 - https:\/\/yoast.com\/product\/yoast-seo-wordpress\/ -->\n<title>Rapurutto - Rapukamu<\/title>\n<meta name=\"description\" content=\"Rapurutto tappaa jokirapuja ja voi tappaa my\u00f6s t\u00e4pl\u00e4rapuja. Euroopassa on useita rapuruttotyyppej\u00e4, jotka ovat jatkuva riesa rapukannoille.\" \/>\n<meta name=\"robots\" content=\"index, follow, max-snippet:-1, max-image-preview:large, max-video-preview:-1\" \/>\n<link rel=\"canonical\" href=\"https:\/\/sites.uef.fi\/rapukamu\/rapurutto\/\" \/>\n<meta property=\"og:locale\" content=\"fi_FI\" \/>\n<meta property=\"og:type\" content=\"article\" \/>\n<meta property=\"og:title\" content=\"Rapurutto - Rapukamu\" \/>\n<meta property=\"og:description\" content=\"Rapurutto tappaa jokirapuja ja voi tappaa my\u00f6s t\u00e4pl\u00e4rapuja. Euroopassa on useita rapuruttotyyppej\u00e4, jotka ovat jatkuva riesa rapukannoille.\" \/>\n<meta property=\"og:url\" content=\"https:\/\/sites.uef.fi\/rapukamu\/rapurutto\/\" \/>\n<meta property=\"og:site_name\" content=\"Rapukamu\" \/>\n<meta property=\"article:modified_time\" content=\"2023-12-14T16:19:42+00:00\" \/>\n<meta name=\"twitter:card\" content=\"summary_large_image\" \/>\n<meta name=\"twitter:label1\" content=\"Arvioitu lukuaika\" \/>\n\t<meta name=\"twitter:data1\" content=\"2 minuuttia\" \/>\n<script type=\"application\/ld+json\" class=\"yoast-schema-graph\">{\"@context\":\"https:\/\/schema.org\",\"@graph\":[{\"@type\":\"WebPage\",\"@id\":\"https:\/\/sites.uef.fi\/rapukamu\/rapurutto\/\",\"url\":\"https:\/\/sites.uef.fi\/rapukamu\/rapurutto\/\",\"name\":\"Rapurutto - Rapukamu\",\"isPartOf\":{\"@id\":\"https:\/\/sites.uef.fi\/rapukamu\/#website\"},\"datePublished\":\"2022-05-31T11:31:15+00:00\",\"dateModified\":\"2023-12-14T16:19:42+00:00\",\"description\":\"Rapurutto tappaa jokirapuja ja voi tappaa my\u00f6s t\u00e4pl\u00e4rapuja. Euroopassa on useita rapuruttotyyppej\u00e4, jotka ovat jatkuva riesa rapukannoille.\",\"breadcrumb\":{\"@id\":\"https:\/\/sites.uef.fi\/rapukamu\/rapurutto\/#breadcrumb\"},\"inLanguage\":\"fi\",\"potentialAction\":[{\"@type\":\"ReadAction\",\"target\":[\"https:\/\/sites.uef.fi\/rapukamu\/rapurutto\/\"]}]},{\"@type\":\"BreadcrumbList\",\"@id\":\"https:\/\/sites.uef.fi\/rapukamu\/rapurutto\/#breadcrumb\",\"itemListElement\":[{\"@type\":\"ListItem\",\"position\":1,\"name\":\"Home\",\"item\":\"https:\/\/sites.uef.fi\/rapukamu\/\"},{\"@type\":\"ListItem\",\"position\":2,\"name\":\"Rapurutto\"}]},{\"@type\":\"WebSite\",\"@id\":\"https:\/\/sites.uef.fi\/rapukamu\/#website\",\"url\":\"https:\/\/sites.uef.fi\/rapukamu\/\",\"name\":\"Rapukamu\",\"description\":\"\",\"potentialAction\":[{\"@type\":\"SearchAction\",\"target\":{\"@type\":\"EntryPoint\",\"urlTemplate\":\"https:\/\/sites.uef.fi\/rapukamu\/?s={search_term_string}\"},\"query-input\":{\"@type\":\"PropertyValueSpecification\",\"valueRequired\":true,\"valueName\":\"search_term_string\"}}],\"inLanguage\":\"fi\"}]}<\/script>\n<!-- \/ Yoast SEO plugin. -->","yoast_head_json":{"title":"Rapurutto - Rapukamu","description":"Rapurutto tappaa jokirapuja ja voi tappaa my\u00f6s t\u00e4pl\u00e4rapuja. Euroopassa on useita rapuruttotyyppej\u00e4, jotka ovat jatkuva riesa rapukannoille.","robots":{"index":"index","follow":"follow","max-snippet":"max-snippet:-1","max-image-preview":"max-image-preview:large","max-video-preview":"max-video-preview:-1"},"canonical":"https:\/\/sites.uef.fi\/rapukamu\/rapurutto\/","og_locale":"fi_FI","og_type":"article","og_title":"Rapurutto - Rapukamu","og_description":"Rapurutto tappaa jokirapuja ja voi tappaa my\u00f6s t\u00e4pl\u00e4rapuja. Euroopassa on useita rapuruttotyyppej\u00e4, jotka ovat jatkuva riesa rapukannoille.","og_url":"https:\/\/sites.uef.fi\/rapukamu\/rapurutto\/","og_site_name":"Rapukamu","article_modified_time":"2023-12-14T16:19:42+00:00","twitter_card":"summary_large_image","twitter_misc":{"Arvioitu lukuaika":"2 minuuttia"},"schema":{"@context":"https:\/\/schema.org","@graph":[{"@type":"WebPage","@id":"https:\/\/sites.uef.fi\/rapukamu\/rapurutto\/","url":"https:\/\/sites.uef.fi\/rapukamu\/rapurutto\/","name":"Rapurutto - Rapukamu","isPartOf":{"@id":"https:\/\/sites.uef.fi\/rapukamu\/#website"},"datePublished":"2022-05-31T11:31:15+00:00","dateModified":"2023-12-14T16:19:42+00:00","description":"Rapurutto tappaa jokirapuja ja voi tappaa my\u00f6s t\u00e4pl\u00e4rapuja. Euroopassa on useita rapuruttotyyppej\u00e4, jotka ovat jatkuva riesa rapukannoille.","breadcrumb":{"@id":"https:\/\/sites.uef.fi\/rapukamu\/rapurutto\/#breadcrumb"},"inLanguage":"fi","potentialAction":[{"@type":"ReadAction","target":["https:\/\/sites.uef.fi\/rapukamu\/rapurutto\/"]}]},{"@type":"BreadcrumbList","@id":"https:\/\/sites.uef.fi\/rapukamu\/rapurutto\/#breadcrumb","itemListElement":[{"@type":"ListItem","position":1,"name":"Home","item":"https:\/\/sites.uef.fi\/rapukamu\/"},{"@type":"ListItem","position":2,"name":"Rapurutto"}]},{"@type":"WebSite","@id":"https:\/\/sites.uef.fi\/rapukamu\/#website","url":"https:\/\/sites.uef.fi\/rapukamu\/","name":"Rapukamu","description":"","potentialAction":[{"@type":"SearchAction","target":{"@type":"EntryPoint","urlTemplate":"https:\/\/sites.uef.fi\/rapukamu\/?s={search_term_string}"},"query-input":{"@type":"PropertyValueSpecification","valueRequired":true,"valueName":"search_term_string"}}],"inLanguage":"fi"}]}},"_links":{"self":[{"href":"https:\/\/sites.uef.fi\/rapukamu\/wp-json\/wp\/v2\/pages\/123","targetHints":{"allow":["GET"]}}],"collection":[{"href":"https:\/\/sites.uef.fi\/rapukamu\/wp-json\/wp\/v2\/pages"}],"about":[{"href":"https:\/\/sites.uef.fi\/rapukamu\/wp-json\/wp\/v2\/types\/page"}],"author":[{"embeddable":true,"href":"https:\/\/sites.uef.fi\/rapukamu\/wp-json\/wp\/v2\/users\/826"}],"replies":[{"embeddable":true,"href":"https:\/\/sites.uef.fi\/rapukamu\/wp-json\/wp\/v2\/comments?post=123"}],"version-history":[{"count":2,"href":"https:\/\/sites.uef.fi\/rapukamu\/wp-json\/wp\/v2\/pages\/123\/revisions"}],"predecessor-version":[{"id":917,"href":"https:\/\/sites.uef.fi\/rapukamu\/wp-json\/wp\/v2\/pages\/123\/revisions\/917"}],"wp:attachment":[{"href":"https:\/\/sites.uef.fi\/rapukamu\/wp-json\/wp\/v2\/media?parent=123"}],"curies":[{"name":"wp","href":"https:\/\/api.w.org\/{rel}","templated":true}]}}