{"id":129,"date":"2022-05-31T11:28:54","date_gmt":"2022-05-31T11:28:54","guid":{"rendered":"https:\/\/sites.uef.fi\/rapukamu\/?page_id=129"},"modified":"2023-12-14T16:36:13","modified_gmt":"2023-12-14T16:36:13","slug":"desinfiointi","status":"publish","type":"page","link":"https:\/\/sites.uef.fi\/rapukamu\/desinfiointi\/","title":{"rendered":"Vehkeiden desinfiointi"},"content":{"rendered":"\n<p>Rapurutto levi\u00e4\u00e4 iti\u00f6in\u00e4 kosteassa materiaalissa, l\u00e4hes tulkoon miss\u00e4 tahansa materiaalissa. Rapuruton levi\u00e4misriskin pienent\u00e4miseksi on kaikki sellainen materiaali, joka siirret\u00e4\u00e4n vesist\u00f6st\u00e4 toiseen, desinfioitava. T\u00e4m\u00e4 on ehdoton juttu ja eritt\u00e4in t\u00e4rke\u00e4 keino jokiravun tulevaisuuden turvaamiseksi.<\/p>\n\n\n\n<p><strong>\u00c4L\u00c4 SIIRR\u00c4 MIT\u00c4\u00c4N MATERIAALIA VESIST\u00d6ST\u00c4 TOISEEN ILMAN DESINFIOINTIA.<\/strong><\/p>\n\n\n\n<p>Seuraavassa on esitelty muuutamia desinfiointimenetelmi\u00e4. Lista ei ole t\u00e4ydellinen, vain n\u00e4pp\u00e4rimm\u00e4t on esitelty. Lis\u00e4tietoja ja yksityiskohtaisempia ohjeita saa mm. Japo Jussilalta (k\u00e4nny 040-5428982 tai sposti japo.jussila@uef.fi) ja paikallisista kalatalouskeskuksista.<\/p>\n\n\n\n<p>1. Kuumentaminen ja kuivaaminen saunassa ainakin tunnin ajan. L\u00e4mp\u00f6 (v\u00e4hint\u00e4\u00e4n 80\u00b0C) ja kuivuminen tappaa rapuruttoiti\u00f6n.<\/p>\n\n\n\n<p>2. L\u00e4pikotainen kuivaaminen auringonpaisteessa. Kuivuminen ja UV-s\u00e4teily tappaa rapuruttoit\u00f6n.<\/p>\n\n\n\n<p>3. Keitt\u00e4minen vedess\u00e4 10 minuutin ajan. L\u00e4mp\u00f6 (100\u00b0C) tappaa rapuruttoiti\u00f6n.<\/p>\n\n\n\n<p>4. Pakastaminen -20\u00b0C kahden vuorokauden ajan. J\u00e4\u00e4tyminen tappaa rapuruttoiti\u00f6n.<\/p>\n\n\n\n<p>5. Peretikkahappo (PAA) k\u00e4sittely, 30 mg\/L 15 minuutin ajan. Hapettava kemikaali tappaa rapuruttoiti\u00f6n. HUOM! noudatettava huolellisuutta kemikaalin k\u00e4sittelyss\u00e4 ja h\u00e4vitt\u00e4misess\u00e4.<\/p>\n\n\n\n<p>6. VirkonS k\u00e4sittely, 10 g\/L 15 minuutin ajan. Desinfioiva kemikaali tappaa rapuruttoiti\u00f6n. HUOM! noudatettava huolellisuutta kemikaalin k\u00e4sittelyss\u00e4 ja h\u00e4vitt\u00e4misess\u00e4.<\/p>\n","protected":false},"excerpt":{"rendered":"<p>Rapurutto levi\u00e4\u00e4 iti\u00f6in\u00e4 kosteassa materiaalissa, l\u00e4hes tulkoon miss\u00e4 tahansa materiaalissa. Rapuruton levi\u00e4misriskin pienent\u00e4miseksi on kaikki sellainen materiaali, joka siirret\u00e4\u00e4n vesist\u00f6st\u00e4 toiseen, desinfioitava. T\u00e4m\u00e4 on ehdoton juttu ja eritt\u00e4in t\u00e4rke\u00e4 keino jokiravun tulevaisuuden turvaamiseksi. \u00c4L\u00c4 SIIRR\u00c4 MIT\u00c4\u00c4N MATERIAALIA VESIST\u00d6ST\u00c4 TOISEEN ILMAN DESINFIOINTIA. Seuraavassa on esitelty muuutamia desinfiointimenetelmi\u00e4. Lista ei ole t\u00e4ydellinen, vain n\u00e4pp\u00e4rimm\u00e4t on esitelty. Lis\u00e4tietoja [&hellip;]<\/p>\n","protected":false},"author":826,"featured_media":0,"parent":0,"menu_order":0,"comment_status":"closed","ping_status":"closed","template":"","meta":{"_acf_changed":false,"footnotes":""},"class_list":["post-129","page","type-page","status-publish","hentry"],"acf":[],"yoast_head":"<!-- This site is optimized with the Yoast SEO plugin v27.1.1 - https:\/\/yoast.com\/product\/yoast-seo-wordpress\/ -->\n<title>Vehkeiden desinfiointi - Rapukamu<\/title>\n<meta name=\"description\" content=\"Pyyntivehkeiden ja kaiken materiaalin desinfiointi on yksinkertaista ja keinoja on monia. Muista desinfioida ettei rapurutto levi\u00e4.\" \/>\n<meta name=\"robots\" content=\"index, follow, max-snippet:-1, max-image-preview:large, max-video-preview:-1\" \/>\n<link rel=\"canonical\" href=\"https:\/\/sites.uef.fi\/rapukamu\/desinfiointi\/\" \/>\n<meta property=\"og:locale\" content=\"fi_FI\" \/>\n<meta property=\"og:type\" content=\"article\" \/>\n<meta property=\"og:title\" content=\"Vehkeiden desinfiointi - Rapukamu\" \/>\n<meta property=\"og:description\" content=\"Pyyntivehkeiden ja kaiken materiaalin desinfiointi on yksinkertaista ja keinoja on monia. Muista desinfioida ettei rapurutto levi\u00e4.\" \/>\n<meta property=\"og:url\" content=\"https:\/\/sites.uef.fi\/rapukamu\/desinfiointi\/\" \/>\n<meta property=\"og:site_name\" content=\"Rapukamu\" \/>\n<meta property=\"article:modified_time\" content=\"2023-12-14T16:36:13+00:00\" \/>\n<meta name=\"twitter:card\" content=\"summary_large_image\" \/>\n<meta name=\"twitter:label1\" content=\"Arvioitu lukuaika\" \/>\n\t<meta name=\"twitter:data1\" content=\"1 minuutti\" \/>\n<script type=\"application\/ld+json\" class=\"yoast-schema-graph\">{\"@context\":\"https:\/\/schema.org\",\"@graph\":[{\"@type\":\"WebPage\",\"@id\":\"https:\/\/sites.uef.fi\/rapukamu\/desinfiointi\/\",\"url\":\"https:\/\/sites.uef.fi\/rapukamu\/desinfiointi\/\",\"name\":\"Vehkeiden desinfiointi - Rapukamu\",\"isPartOf\":{\"@id\":\"https:\/\/sites.uef.fi\/rapukamu\/#website\"},\"datePublished\":\"2022-05-31T11:28:54+00:00\",\"dateModified\":\"2023-12-14T16:36:13+00:00\",\"description\":\"Pyyntivehkeiden ja kaiken materiaalin desinfiointi on yksinkertaista ja keinoja on monia. Muista desinfioida ettei rapurutto levi\u00e4.\",\"breadcrumb\":{\"@id\":\"https:\/\/sites.uef.fi\/rapukamu\/desinfiointi\/#breadcrumb\"},\"inLanguage\":\"fi\",\"potentialAction\":[{\"@type\":\"ReadAction\",\"target\":[\"https:\/\/sites.uef.fi\/rapukamu\/desinfiointi\/\"]}]},{\"@type\":\"BreadcrumbList\",\"@id\":\"https:\/\/sites.uef.fi\/rapukamu\/desinfiointi\/#breadcrumb\",\"itemListElement\":[{\"@type\":\"ListItem\",\"position\":1,\"name\":\"Home\",\"item\":\"https:\/\/sites.uef.fi\/rapukamu\/\"},{\"@type\":\"ListItem\",\"position\":2,\"name\":\"Vehkeiden desinfiointi\"}]},{\"@type\":\"WebSite\",\"@id\":\"https:\/\/sites.uef.fi\/rapukamu\/#website\",\"url\":\"https:\/\/sites.uef.fi\/rapukamu\/\",\"name\":\"Rapukamu\",\"description\":\"\",\"potentialAction\":[{\"@type\":\"SearchAction\",\"target\":{\"@type\":\"EntryPoint\",\"urlTemplate\":\"https:\/\/sites.uef.fi\/rapukamu\/?s={search_term_string}\"},\"query-input\":{\"@type\":\"PropertyValueSpecification\",\"valueRequired\":true,\"valueName\":\"search_term_string\"}}],\"inLanguage\":\"fi\"}]}<\/script>\n<!-- \/ Yoast SEO plugin. -->","yoast_head_json":{"title":"Vehkeiden desinfiointi - Rapukamu","description":"Pyyntivehkeiden ja kaiken materiaalin desinfiointi on yksinkertaista ja keinoja on monia. Muista desinfioida ettei rapurutto levi\u00e4.","robots":{"index":"index","follow":"follow","max-snippet":"max-snippet:-1","max-image-preview":"max-image-preview:large","max-video-preview":"max-video-preview:-1"},"canonical":"https:\/\/sites.uef.fi\/rapukamu\/desinfiointi\/","og_locale":"fi_FI","og_type":"article","og_title":"Vehkeiden desinfiointi - Rapukamu","og_description":"Pyyntivehkeiden ja kaiken materiaalin desinfiointi on yksinkertaista ja keinoja on monia. Muista desinfioida ettei rapurutto levi\u00e4.","og_url":"https:\/\/sites.uef.fi\/rapukamu\/desinfiointi\/","og_site_name":"Rapukamu","article_modified_time":"2023-12-14T16:36:13+00:00","twitter_card":"summary_large_image","twitter_misc":{"Arvioitu lukuaika":"1 minuutti"},"schema":{"@context":"https:\/\/schema.org","@graph":[{"@type":"WebPage","@id":"https:\/\/sites.uef.fi\/rapukamu\/desinfiointi\/","url":"https:\/\/sites.uef.fi\/rapukamu\/desinfiointi\/","name":"Vehkeiden desinfiointi - Rapukamu","isPartOf":{"@id":"https:\/\/sites.uef.fi\/rapukamu\/#website"},"datePublished":"2022-05-31T11:28:54+00:00","dateModified":"2023-12-14T16:36:13+00:00","description":"Pyyntivehkeiden ja kaiken materiaalin desinfiointi on yksinkertaista ja keinoja on monia. Muista desinfioida ettei rapurutto levi\u00e4.","breadcrumb":{"@id":"https:\/\/sites.uef.fi\/rapukamu\/desinfiointi\/#breadcrumb"},"inLanguage":"fi","potentialAction":[{"@type":"ReadAction","target":["https:\/\/sites.uef.fi\/rapukamu\/desinfiointi\/"]}]},{"@type":"BreadcrumbList","@id":"https:\/\/sites.uef.fi\/rapukamu\/desinfiointi\/#breadcrumb","itemListElement":[{"@type":"ListItem","position":1,"name":"Home","item":"https:\/\/sites.uef.fi\/rapukamu\/"},{"@type":"ListItem","position":2,"name":"Vehkeiden desinfiointi"}]},{"@type":"WebSite","@id":"https:\/\/sites.uef.fi\/rapukamu\/#website","url":"https:\/\/sites.uef.fi\/rapukamu\/","name":"Rapukamu","description":"","potentialAction":[{"@type":"SearchAction","target":{"@type":"EntryPoint","urlTemplate":"https:\/\/sites.uef.fi\/rapukamu\/?s={search_term_string}"},"query-input":{"@type":"PropertyValueSpecification","valueRequired":true,"valueName":"search_term_string"}}],"inLanguage":"fi"}]}},"_links":{"self":[{"href":"https:\/\/sites.uef.fi\/rapukamu\/wp-json\/wp\/v2\/pages\/129","targetHints":{"allow":["GET"]}}],"collection":[{"href":"https:\/\/sites.uef.fi\/rapukamu\/wp-json\/wp\/v2\/pages"}],"about":[{"href":"https:\/\/sites.uef.fi\/rapukamu\/wp-json\/wp\/v2\/types\/page"}],"author":[{"embeddable":true,"href":"https:\/\/sites.uef.fi\/rapukamu\/wp-json\/wp\/v2\/users\/826"}],"replies":[{"embeddable":true,"href":"https:\/\/sites.uef.fi\/rapukamu\/wp-json\/wp\/v2\/comments?post=129"}],"version-history":[{"count":1,"href":"https:\/\/sites.uef.fi\/rapukamu\/wp-json\/wp\/v2\/pages\/129\/revisions"}],"predecessor-version":[{"id":887,"href":"https:\/\/sites.uef.fi\/rapukamu\/wp-json\/wp\/v2\/pages\/129\/revisions\/887"}],"wp:attachment":[{"href":"https:\/\/sites.uef.fi\/rapukamu\/wp-json\/wp\/v2\/media?parent=129"}],"curies":[{"name":"wp","href":"https:\/\/api.w.org\/{rel}","templated":true}]}}