{"id":135,"date":"2022-05-31T11:31:45","date_gmt":"2022-05-31T11:31:45","guid":{"rendered":"https:\/\/sites.uef.fi\/rapukamu\/?page_id=135"},"modified":"2023-12-14T16:25:02","modified_gmt":"2023-12-14T16:25:02","slug":"rapuruttoinfektio","status":"publish","type":"page","link":"https:\/\/sites.uef.fi\/rapukamu\/rapuruttoinfektio\/","title":{"rendered":"Rapuruttoinfektio, miten tauti etenee"},"content":{"rendered":"\n<p>Rapurutto levi\u00e4\u00e4 vesist\u00f6ss\u00e4 pienin\u00e4 iti\u00f6in\u00e4, jotka ovat kooltaan noin 10 um. Niill\u00e4 on siimat uimista varten, tosin veden liikkeet yleens\u00e4 voittavat iti\u00f6iden uimakyvyn. Ne kuitenkin suuntaavat parhaansa mukaan rapuja kohti, oletuksen mukaan hajun perusteella, mik\u00e4li voivat veden virtaukselta suunnistaa ja jaksavat uida. Yleens\u00e4 suunnistus onnistuu vain ravun l\u00e4hell\u00e4.<\/p>\n\n\n\n<p>Infektion aluksi iti\u00f6 kiinnittyy ravun kuoren pintaan ja alkaa kasvattaa rihmastoa kuoren l\u00e4pi. T\u00e4ss\u00e4 vaiheessa rapu voi yritt\u00e4\u00e4 torjua tunkeutujaa, yleens\u00e4 torppaamalla etenemisen kemiallisella reaktiolla, jota kutsutaan melanisaatioksi. Tuloksena on tummanruskea laikku ravun kuoressa. Jokiravulla t\u00e4m\u00e4 reaktio on toistaiseksi ollut p\u00e4\u00e4osin liian hidas rapuruton torjumiseen, t\u00e4pl\u00e4ravulla puolestaan torjunta toimii ainakin osittain. Joissakin poikkeustapauksissa my\u00f6s jokirapu onnistuu torjumaan tai hidastamaan rapuruton etenemist\u00e4 melanisoimalla. T\u00e4ll\u00f6in on nykyn\u00e4kemyksen mukaan yleens\u00e4 kyse rapurutosta, jonka kyky tarttua ja tappaa on heikentynyt.<\/p>\n\n\n\n<p>Rapuun tunkeuduttuaan rapurutto kasvattaa nopeasti rihmastoa ravun pehmytkudoksiin ja etenee l\u00e4hinn\u00e4 hermostoa my\u00f6ten eritt\u00e4en samalla myrkyllisi\u00e4 yhdisteit\u00e4. Rapuruton tarkoituksena on joko tappaa rapu (jokirapu, nykyisin my\u00f6s t\u00e4pl\u00e4rapu joissakin tapauksissa) tai heikent\u00e4\u00e4 rapua (t\u00e4pl\u00e4rapu, nykyisin my\u00f6s jokirapu), jotta se p\u00e4\u00e4sisi purskauttamaan iti\u00f6it\u00e4 ymp\u00e4r\u00f6iv\u00e4\u00e4n veteen kun rapu on riitt\u00e4v\u00e4sti heikentynyt, kuolee tai vaihtaa kuortaan.<\/p>\n\n\n\n<p>Jokiravun ollessa heikko tai sen kuoltua rapurutto kasvattaa nopeasti rihmastoaan ravusta ulos ja purskauttaa iti\u00f6t veteen. Yhdest\u00e4 jokiravusta voi l\u00e4hte\u00e4 yli 3 miljoonaa iti\u00f6t\u00e4 taudin loppuvaiheessa (Makkonen ja muut 2013). T\u00e4pl\u00e4rapu puolestaan l\u00e4hett\u00e4\u00e4 rapuruttoinfektion saatuaan jatkuvasti pieni\u00e4 m\u00e4\u00e4ri\u00e4 iti\u00f6it\u00e4 vaikka ei kuolisikaan. Kuorenvaihdon aikaan iti\u00f6it\u00e4 vapautuu hieman muuta aikaa enemm\u00e4n.<\/p>\n\n\n\n<p>Rapuruton iti\u00f6t levi\u00e4v\u00e4t vedest\u00e4 toiseen siirrett\u00e4vien, tautia kantavien rapujen ja muun materiaalin mukana. Taudin tarttumiseen uuteen rapukantaan tarvitaan vain yksi iti\u00f6, tosin yleens\u00e4 tartunnan l\u00e4hteen\u00e4 on sairas rapu tai sen osa, josta iti\u00f6it\u00e4 l\u00e4htee liikkeelle runsaasti. Huolimattomuuden tai vahingon seurauksena rapuruttoa on levitetty eritt\u00e4in tehokkaasti.<\/p>\n\n\n\n<p>Rapurutosta tietoa my\u00f6s Wikipedia <a href=\"https:\/\/fi.wikipedia.org\/wiki\/Rapurutto\">rapurutto-sivulla<\/a>.<\/p>\n","protected":false},"excerpt":{"rendered":"<p>Rapurutto levi\u00e4\u00e4 vesist\u00f6ss\u00e4 pienin\u00e4 iti\u00f6in\u00e4, jotka ovat kooltaan noin 10 um. Niill\u00e4 on siimat uimista varten, tosin veden liikkeet yleens\u00e4 voittavat iti\u00f6iden uimakyvyn. Ne kuitenkin suuntaavat parhaansa mukaan rapuja kohti, oletuksen mukaan hajun perusteella, mik\u00e4li voivat veden virtaukselta suunnistaa ja jaksavat uida. Yleens\u00e4 suunnistus onnistuu vain ravun l\u00e4hell\u00e4. Infektion aluksi iti\u00f6 kiinnittyy ravun kuoren pintaan [&hellip;]<\/p>\n","protected":false},"author":826,"featured_media":0,"parent":0,"menu_order":0,"comment_status":"closed","ping_status":"closed","template":"","meta":{"_acf_changed":false,"footnotes":""},"class_list":["post-135","page","type-page","status-publish","hentry"],"acf":[],"yoast_head":"<!-- This site is optimized with the Yoast SEO plugin v27.1.1 - https:\/\/yoast.com\/product\/yoast-seo-wordpress\/ -->\n<title>Rapuruttoinfektio, miten tauti etenee - Rapukamu<\/title>\n<meta name=\"description\" content=\"Rapurutto hakeutuu ravun kuorelle, tunkeutuu sen l\u00e4pi ja levi\u00e4\u00e4 ravun kudoksiin. Rapurutto levi\u00e4\u00e4 iti\u00f6in\u00e4 tartunnan saaneesta ravusta.\" \/>\n<meta name=\"robots\" content=\"index, follow, max-snippet:-1, max-image-preview:large, max-video-preview:-1\" \/>\n<link rel=\"canonical\" href=\"https:\/\/sites.uef.fi\/rapukamu\/rapuruttoinfektio\/\" \/>\n<meta property=\"og:locale\" content=\"fi_FI\" \/>\n<meta property=\"og:type\" content=\"article\" \/>\n<meta property=\"og:title\" content=\"Rapuruttoinfektio, miten tauti etenee - Rapukamu\" \/>\n<meta property=\"og:description\" content=\"Rapurutto hakeutuu ravun kuorelle, tunkeutuu sen l\u00e4pi ja levi\u00e4\u00e4 ravun kudoksiin. Rapurutto levi\u00e4\u00e4 iti\u00f6in\u00e4 tartunnan saaneesta ravusta.\" \/>\n<meta property=\"og:url\" content=\"https:\/\/sites.uef.fi\/rapukamu\/rapuruttoinfektio\/\" \/>\n<meta property=\"og:site_name\" content=\"Rapukamu\" \/>\n<meta property=\"article:modified_time\" content=\"2023-12-14T16:25:02+00:00\" \/>\n<meta name=\"twitter:card\" content=\"summary_large_image\" \/>\n<meta name=\"twitter:label1\" content=\"Arvioitu lukuaika\" \/>\n\t<meta name=\"twitter:data1\" content=\"2 minuuttia\" \/>\n<script type=\"application\/ld+json\" class=\"yoast-schema-graph\">{\"@context\":\"https:\/\/schema.org\",\"@graph\":[{\"@type\":\"WebPage\",\"@id\":\"https:\/\/sites.uef.fi\/rapukamu\/rapuruttoinfektio\/\",\"url\":\"https:\/\/sites.uef.fi\/rapukamu\/rapuruttoinfektio\/\",\"name\":\"Rapuruttoinfektio, miten tauti etenee - Rapukamu\",\"isPartOf\":{\"@id\":\"https:\/\/sites.uef.fi\/rapukamu\/#website\"},\"datePublished\":\"2022-05-31T11:31:45+00:00\",\"dateModified\":\"2023-12-14T16:25:02+00:00\",\"description\":\"Rapurutto hakeutuu ravun kuorelle, tunkeutuu sen l\u00e4pi ja levi\u00e4\u00e4 ravun kudoksiin. Rapurutto levi\u00e4\u00e4 iti\u00f6in\u00e4 tartunnan saaneesta ravusta.\",\"breadcrumb\":{\"@id\":\"https:\/\/sites.uef.fi\/rapukamu\/rapuruttoinfektio\/#breadcrumb\"},\"inLanguage\":\"fi\",\"potentialAction\":[{\"@type\":\"ReadAction\",\"target\":[\"https:\/\/sites.uef.fi\/rapukamu\/rapuruttoinfektio\/\"]}]},{\"@type\":\"BreadcrumbList\",\"@id\":\"https:\/\/sites.uef.fi\/rapukamu\/rapuruttoinfektio\/#breadcrumb\",\"itemListElement\":[{\"@type\":\"ListItem\",\"position\":1,\"name\":\"Home\",\"item\":\"https:\/\/sites.uef.fi\/rapukamu\/\"},{\"@type\":\"ListItem\",\"position\":2,\"name\":\"Rapuruttoinfektio, miten tauti etenee\"}]},{\"@type\":\"WebSite\",\"@id\":\"https:\/\/sites.uef.fi\/rapukamu\/#website\",\"url\":\"https:\/\/sites.uef.fi\/rapukamu\/\",\"name\":\"Rapukamu\",\"description\":\"\",\"potentialAction\":[{\"@type\":\"SearchAction\",\"target\":{\"@type\":\"EntryPoint\",\"urlTemplate\":\"https:\/\/sites.uef.fi\/rapukamu\/?s={search_term_string}\"},\"query-input\":{\"@type\":\"PropertyValueSpecification\",\"valueRequired\":true,\"valueName\":\"search_term_string\"}}],\"inLanguage\":\"fi\"}]}<\/script>\n<!-- \/ Yoast SEO plugin. -->","yoast_head_json":{"title":"Rapuruttoinfektio, miten tauti etenee - Rapukamu","description":"Rapurutto hakeutuu ravun kuorelle, tunkeutuu sen l\u00e4pi ja levi\u00e4\u00e4 ravun kudoksiin. Rapurutto levi\u00e4\u00e4 iti\u00f6in\u00e4 tartunnan saaneesta ravusta.","robots":{"index":"index","follow":"follow","max-snippet":"max-snippet:-1","max-image-preview":"max-image-preview:large","max-video-preview":"max-video-preview:-1"},"canonical":"https:\/\/sites.uef.fi\/rapukamu\/rapuruttoinfektio\/","og_locale":"fi_FI","og_type":"article","og_title":"Rapuruttoinfektio, miten tauti etenee - Rapukamu","og_description":"Rapurutto hakeutuu ravun kuorelle, tunkeutuu sen l\u00e4pi ja levi\u00e4\u00e4 ravun kudoksiin. Rapurutto levi\u00e4\u00e4 iti\u00f6in\u00e4 tartunnan saaneesta ravusta.","og_url":"https:\/\/sites.uef.fi\/rapukamu\/rapuruttoinfektio\/","og_site_name":"Rapukamu","article_modified_time":"2023-12-14T16:25:02+00:00","twitter_card":"summary_large_image","twitter_misc":{"Arvioitu lukuaika":"2 minuuttia"},"schema":{"@context":"https:\/\/schema.org","@graph":[{"@type":"WebPage","@id":"https:\/\/sites.uef.fi\/rapukamu\/rapuruttoinfektio\/","url":"https:\/\/sites.uef.fi\/rapukamu\/rapuruttoinfektio\/","name":"Rapuruttoinfektio, miten tauti etenee - Rapukamu","isPartOf":{"@id":"https:\/\/sites.uef.fi\/rapukamu\/#website"},"datePublished":"2022-05-31T11:31:45+00:00","dateModified":"2023-12-14T16:25:02+00:00","description":"Rapurutto hakeutuu ravun kuorelle, tunkeutuu sen l\u00e4pi ja levi\u00e4\u00e4 ravun kudoksiin. Rapurutto levi\u00e4\u00e4 iti\u00f6in\u00e4 tartunnan saaneesta ravusta.","breadcrumb":{"@id":"https:\/\/sites.uef.fi\/rapukamu\/rapuruttoinfektio\/#breadcrumb"},"inLanguage":"fi","potentialAction":[{"@type":"ReadAction","target":["https:\/\/sites.uef.fi\/rapukamu\/rapuruttoinfektio\/"]}]},{"@type":"BreadcrumbList","@id":"https:\/\/sites.uef.fi\/rapukamu\/rapuruttoinfektio\/#breadcrumb","itemListElement":[{"@type":"ListItem","position":1,"name":"Home","item":"https:\/\/sites.uef.fi\/rapukamu\/"},{"@type":"ListItem","position":2,"name":"Rapuruttoinfektio, miten tauti etenee"}]},{"@type":"WebSite","@id":"https:\/\/sites.uef.fi\/rapukamu\/#website","url":"https:\/\/sites.uef.fi\/rapukamu\/","name":"Rapukamu","description":"","potentialAction":[{"@type":"SearchAction","target":{"@type":"EntryPoint","urlTemplate":"https:\/\/sites.uef.fi\/rapukamu\/?s={search_term_string}"},"query-input":{"@type":"PropertyValueSpecification","valueRequired":true,"valueName":"search_term_string"}}],"inLanguage":"fi"}]}},"_links":{"self":[{"href":"https:\/\/sites.uef.fi\/rapukamu\/wp-json\/wp\/v2\/pages\/135","targetHints":{"allow":["GET"]}}],"collection":[{"href":"https:\/\/sites.uef.fi\/rapukamu\/wp-json\/wp\/v2\/pages"}],"about":[{"href":"https:\/\/sites.uef.fi\/rapukamu\/wp-json\/wp\/v2\/types\/page"}],"author":[{"embeddable":true,"href":"https:\/\/sites.uef.fi\/rapukamu\/wp-json\/wp\/v2\/users\/826"}],"replies":[{"embeddable":true,"href":"https:\/\/sites.uef.fi\/rapukamu\/wp-json\/wp\/v2\/comments?post=135"}],"version-history":[{"count":2,"href":"https:\/\/sites.uef.fi\/rapukamu\/wp-json\/wp\/v2\/pages\/135\/revisions"}],"predecessor-version":[{"id":926,"href":"https:\/\/sites.uef.fi\/rapukamu\/wp-json\/wp\/v2\/pages\/135\/revisions\/926"}],"wp:attachment":[{"href":"https:\/\/sites.uef.fi\/rapukamu\/wp-json\/wp\/v2\/media?parent=135"}],"curies":[{"name":"wp","href":"https:\/\/api.w.org\/{rel}","templated":true}]}}