{"id":141,"date":"2022-05-31T11:31:36","date_gmt":"2022-05-31T11:31:36","guid":{"rendered":"https:\/\/sites.uef.fi\/rapukamu\/?page_id=141"},"modified":"2023-12-14T16:21:04","modified_gmt":"2023-12-14T16:21:04","slug":"rapurutto-taplaravussa","status":"publish","type":"page","link":"https:\/\/sites.uef.fi\/rapukamu\/rapurutto-taplaravussa\/","title":{"rendered":"Rapurutto t\u00e4pl\u00e4ravussa"},"content":{"rendered":"\n<p>T\u00e4pl\u00e4ravun kest\u00e4vyys rapuruttoa vastaan on osoittautunut heikommaksi kuin mit\u00e4 oletettiin, kun t\u00e4pl\u00e4rapu p\u00e4\u00e4tettiin tuoda Pohjoismaihin 1950-luvulla. Ruotsalaiset ovat osoittaneet jo muutama vuosikymmen sitten, ett\u00e4 t\u00e4pl\u00e4rapu voi sairastua rapuruttoon vakavasti ja jopa kuolla. Asiasta on kirjoitettu Suomen kalastuslehteen jo 1990-luvun alussa (Jari Rantam\u00e4en artikkeli). It\u00e4-Suomen yliopiston tutkimuksissa on havaittu, ett\u00e4 t\u00e4pl\u00e4rapu kuolee saatuaan ankaran annoksen rapuruttoiti\u00f6it\u00e4 (<a href=\"https:\/\/www.researchgate.net\/publication\/263145948_Taplarapukin_kuolee_rapuruttoon\" target=\"_blank\" rel=\"noreferrer noopener\">Suomen kalastuslehti<\/a>) (Aydin ja muut 2014).<\/p>\n\n\n\n<p>Suomalaisissa t\u00e4pl\u00e4rapukannoissa on havaittu jo vuosien ajan kummallista kannanvaihtelua, jopa merkitt\u00e4vi\u00e4 t\u00e4pl\u00e4rapukannan romahduksia. Ensimm\u00e4inen iso epidemia oli Karjalohjan Puuj\u00e4rvell\u00e4 vuonna 1996, jolloin vankka t\u00e4pl\u00e4rapukanta sairastui akuuttiin rapuruttoon eik\u00e4 ole sen j\u00e4lkeen palannut entiselleen. Raputietokeskuksen seurannan mukaan n\u00e4it\u00e4 t\u00e4pl\u00e4rapukannan romahduksia on sattunut t\u00e4ll\u00e4 vuosisadalla puolen kymment\u00e4 vuosittain ja aivan viime vuosina jopa 10 vuodessa (vrt. Jussila ja muut 2014).<\/p>\n\n\n\n<p>S\u00e4kyl\u00e4n Pyh\u00e4j\u00e4rven t\u00e4pl\u00e4rapukanta on romahtanut ainakin kahdesti, vuosina 2003-4 ja 2009-10. Saalistiedot vaihtelevat hieman l\u00e4hteest\u00e4 riippuen, mutta saaliin v\u00e4henem\u00e4 on selke\u00e4 Raputietokeskuksen saamien seurantatietojen mukaan.<\/p>\n\n\n\n<p>T\u00e4pl\u00e4rapu voi kroonisen rapuruttoinfektion heikent\u00e4m\u00e4n\u00e4 sairastua my\u00f6s muiden taudinaiheuttajien vuoksi. Saimaan alueella on t\u00e4pl\u00e4ravuissa havaittu vuodesta 2012 pyrst\u00f6jalkatautia, joka sy\u00f6vytt\u00e4\u00e4 naaraiden pyrst\u00f6jalat ja est\u00e4\u00e4 siten niiden lis\u00e4\u00e4ntymisen (Edsman ja muut 2015). Tautia on havaittu my\u00f6s useissa muista suomalaisista vesist\u00e4, kuten Lepp\u00e4virran Unnukalta, Tampereen Pyh\u00e4j\u00e4rvelt\u00e4 ja P\u00e4ij\u00e4nteelt\u00e4. Ruotsalaisissa t\u00e4pl\u00e4rapukannoissa on tehty samanlaisia havaintoja.<\/p>\n\n\n\n<p>Onkin t\u00e4ysin mahdollista, ett\u00e4 t\u00e4pl\u00e4ravut ovat Pohjolan oloissa heikentyneet ja altistuvat herkemmin rapurutolle siin\u00e4 vaiheessa, kun luonnonkanta on saavuttanut suuren tiheyden ja jonkinlaisen tasaantumisvaiheen uudessa vesist\u00f6ss\u00e4 (on siis istutuksen j\u00e4lkeen asettunut vesist\u00f6\u00f6n). My\u00f6s ymp\u00e4rist\u00f6stressi, kuten omituiset s\u00e4\u00e4olot, voivat vaikuttaa t\u00e4pl\u00e4rapujen sairastumiseen. Oireet, t\u00e4pl\u00e4rapukannan romahdukset, tunnetaan jo ja tutkimukset syiden selvitt\u00e4miseksi jatkuvat.<\/p>\n","protected":false},"excerpt":{"rendered":"<p>T\u00e4pl\u00e4ravun kest\u00e4vyys rapuruttoa vastaan on osoittautunut heikommaksi kuin mit\u00e4 oletettiin, kun t\u00e4pl\u00e4rapu p\u00e4\u00e4tettiin tuoda Pohjoismaihin 1950-luvulla. Ruotsalaiset ovat osoittaneet jo muutama vuosikymmen sitten, ett\u00e4 t\u00e4pl\u00e4rapu voi sairastua rapuruttoon vakavasti ja jopa kuolla. Asiasta on kirjoitettu Suomen kalastuslehteen jo 1990-luvun alussa (Jari Rantam\u00e4en artikkeli). It\u00e4-Suomen yliopiston tutkimuksissa on havaittu, ett\u00e4 t\u00e4pl\u00e4rapu kuolee saatuaan ankaran annoksen rapuruttoiti\u00f6it\u00e4 [&hellip;]<\/p>\n","protected":false},"author":826,"featured_media":0,"parent":0,"menu_order":0,"comment_status":"closed","ping_status":"closed","template":"","meta":{"_acf_changed":false,"footnotes":""},"class_list":["post-141","page","type-page","status-publish","hentry"],"acf":[],"yoast_head":"<!-- This site is optimized with the Yoast SEO plugin v27.1.1 - https:\/\/yoast.com\/product\/yoast-seo-wordpress\/ -->\n<title>Rapurutto t\u00e4pl\u00e4ravussa - Rapukamu<\/title>\n<meta name=\"description\" content=\"T\u00e4pl\u00e4rapu on l\u00e4hes aina rapuruton kantaja ja se voi itsekin kuolla rapuruton vuoksi. T\u00e4pl\u00e4ravun kantama rapurutto on eritt\u00e4in tappava!\" \/>\n<meta name=\"robots\" content=\"index, follow, max-snippet:-1, max-image-preview:large, max-video-preview:-1\" \/>\n<link rel=\"canonical\" href=\"https:\/\/sites.uef.fi\/rapukamu\/rapurutto-taplaravussa\/\" \/>\n<meta property=\"og:locale\" content=\"fi_FI\" \/>\n<meta property=\"og:type\" content=\"article\" \/>\n<meta property=\"og:title\" content=\"Rapurutto t\u00e4pl\u00e4ravussa - Rapukamu\" \/>\n<meta property=\"og:description\" content=\"T\u00e4pl\u00e4rapu on l\u00e4hes aina rapuruton kantaja ja se voi itsekin kuolla rapuruton vuoksi. T\u00e4pl\u00e4ravun kantama rapurutto on eritt\u00e4in tappava!\" \/>\n<meta property=\"og:url\" content=\"https:\/\/sites.uef.fi\/rapukamu\/rapurutto-taplaravussa\/\" \/>\n<meta property=\"og:site_name\" content=\"Rapukamu\" \/>\n<meta property=\"article:modified_time\" content=\"2023-12-14T16:21:04+00:00\" \/>\n<meta name=\"twitter:card\" content=\"summary_large_image\" \/>\n<meta name=\"twitter:label1\" content=\"Arvioitu lukuaika\" \/>\n\t<meta name=\"twitter:data1\" content=\"2 minuuttia\" \/>\n<script type=\"application\/ld+json\" class=\"yoast-schema-graph\">{\"@context\":\"https:\/\/schema.org\",\"@graph\":[{\"@type\":\"WebPage\",\"@id\":\"https:\/\/sites.uef.fi\/rapukamu\/rapurutto-taplaravussa\/\",\"url\":\"https:\/\/sites.uef.fi\/rapukamu\/rapurutto-taplaravussa\/\",\"name\":\"Rapurutto t\u00e4pl\u00e4ravussa - Rapukamu\",\"isPartOf\":{\"@id\":\"https:\/\/sites.uef.fi\/rapukamu\/#website\"},\"datePublished\":\"2022-05-31T11:31:36+00:00\",\"dateModified\":\"2023-12-14T16:21:04+00:00\",\"description\":\"T\u00e4pl\u00e4rapu on l\u00e4hes aina rapuruton kantaja ja se voi itsekin kuolla rapuruton vuoksi. T\u00e4pl\u00e4ravun kantama rapurutto on eritt\u00e4in tappava!\",\"breadcrumb\":{\"@id\":\"https:\/\/sites.uef.fi\/rapukamu\/rapurutto-taplaravussa\/#breadcrumb\"},\"inLanguage\":\"fi\",\"potentialAction\":[{\"@type\":\"ReadAction\",\"target\":[\"https:\/\/sites.uef.fi\/rapukamu\/rapurutto-taplaravussa\/\"]}]},{\"@type\":\"BreadcrumbList\",\"@id\":\"https:\/\/sites.uef.fi\/rapukamu\/rapurutto-taplaravussa\/#breadcrumb\",\"itemListElement\":[{\"@type\":\"ListItem\",\"position\":1,\"name\":\"Home\",\"item\":\"https:\/\/sites.uef.fi\/rapukamu\/\"},{\"@type\":\"ListItem\",\"position\":2,\"name\":\"Rapurutto t\u00e4pl\u00e4ravussa\"}]},{\"@type\":\"WebSite\",\"@id\":\"https:\/\/sites.uef.fi\/rapukamu\/#website\",\"url\":\"https:\/\/sites.uef.fi\/rapukamu\/\",\"name\":\"Rapukamu\",\"description\":\"\",\"potentialAction\":[{\"@type\":\"SearchAction\",\"target\":{\"@type\":\"EntryPoint\",\"urlTemplate\":\"https:\/\/sites.uef.fi\/rapukamu\/?s={search_term_string}\"},\"query-input\":{\"@type\":\"PropertyValueSpecification\",\"valueRequired\":true,\"valueName\":\"search_term_string\"}}],\"inLanguage\":\"fi\"}]}<\/script>\n<!-- \/ Yoast SEO plugin. -->","yoast_head_json":{"title":"Rapurutto t\u00e4pl\u00e4ravussa - Rapukamu","description":"T\u00e4pl\u00e4rapu on l\u00e4hes aina rapuruton kantaja ja se voi itsekin kuolla rapuruton vuoksi. T\u00e4pl\u00e4ravun kantama rapurutto on eritt\u00e4in tappava!","robots":{"index":"index","follow":"follow","max-snippet":"max-snippet:-1","max-image-preview":"max-image-preview:large","max-video-preview":"max-video-preview:-1"},"canonical":"https:\/\/sites.uef.fi\/rapukamu\/rapurutto-taplaravussa\/","og_locale":"fi_FI","og_type":"article","og_title":"Rapurutto t\u00e4pl\u00e4ravussa - Rapukamu","og_description":"T\u00e4pl\u00e4rapu on l\u00e4hes aina rapuruton kantaja ja se voi itsekin kuolla rapuruton vuoksi. T\u00e4pl\u00e4ravun kantama rapurutto on eritt\u00e4in tappava!","og_url":"https:\/\/sites.uef.fi\/rapukamu\/rapurutto-taplaravussa\/","og_site_name":"Rapukamu","article_modified_time":"2023-12-14T16:21:04+00:00","twitter_card":"summary_large_image","twitter_misc":{"Arvioitu lukuaika":"2 minuuttia"},"schema":{"@context":"https:\/\/schema.org","@graph":[{"@type":"WebPage","@id":"https:\/\/sites.uef.fi\/rapukamu\/rapurutto-taplaravussa\/","url":"https:\/\/sites.uef.fi\/rapukamu\/rapurutto-taplaravussa\/","name":"Rapurutto t\u00e4pl\u00e4ravussa - Rapukamu","isPartOf":{"@id":"https:\/\/sites.uef.fi\/rapukamu\/#website"},"datePublished":"2022-05-31T11:31:36+00:00","dateModified":"2023-12-14T16:21:04+00:00","description":"T\u00e4pl\u00e4rapu on l\u00e4hes aina rapuruton kantaja ja se voi itsekin kuolla rapuruton vuoksi. T\u00e4pl\u00e4ravun kantama rapurutto on eritt\u00e4in tappava!","breadcrumb":{"@id":"https:\/\/sites.uef.fi\/rapukamu\/rapurutto-taplaravussa\/#breadcrumb"},"inLanguage":"fi","potentialAction":[{"@type":"ReadAction","target":["https:\/\/sites.uef.fi\/rapukamu\/rapurutto-taplaravussa\/"]}]},{"@type":"BreadcrumbList","@id":"https:\/\/sites.uef.fi\/rapukamu\/rapurutto-taplaravussa\/#breadcrumb","itemListElement":[{"@type":"ListItem","position":1,"name":"Home","item":"https:\/\/sites.uef.fi\/rapukamu\/"},{"@type":"ListItem","position":2,"name":"Rapurutto t\u00e4pl\u00e4ravussa"}]},{"@type":"WebSite","@id":"https:\/\/sites.uef.fi\/rapukamu\/#website","url":"https:\/\/sites.uef.fi\/rapukamu\/","name":"Rapukamu","description":"","potentialAction":[{"@type":"SearchAction","target":{"@type":"EntryPoint","urlTemplate":"https:\/\/sites.uef.fi\/rapukamu\/?s={search_term_string}"},"query-input":{"@type":"PropertyValueSpecification","valueRequired":true,"valueName":"search_term_string"}}],"inLanguage":"fi"}]}},"_links":{"self":[{"href":"https:\/\/sites.uef.fi\/rapukamu\/wp-json\/wp\/v2\/pages\/141","targetHints":{"allow":["GET"]}}],"collection":[{"href":"https:\/\/sites.uef.fi\/rapukamu\/wp-json\/wp\/v2\/pages"}],"about":[{"href":"https:\/\/sites.uef.fi\/rapukamu\/wp-json\/wp\/v2\/types\/page"}],"author":[{"embeddable":true,"href":"https:\/\/sites.uef.fi\/rapukamu\/wp-json\/wp\/v2\/users\/826"}],"replies":[{"embeddable":true,"href":"https:\/\/sites.uef.fi\/rapukamu\/wp-json\/wp\/v2\/comments?post=141"}],"version-history":[{"count":2,"href":"https:\/\/sites.uef.fi\/rapukamu\/wp-json\/wp\/v2\/pages\/141\/revisions"}],"predecessor-version":[{"id":923,"href":"https:\/\/sites.uef.fi\/rapukamu\/wp-json\/wp\/v2\/pages\/141\/revisions\/923"}],"wp:attachment":[{"href":"https:\/\/sites.uef.fi\/rapukamu\/wp-json\/wp\/v2\/media?parent=141"}],"curies":[{"name":"wp","href":"https:\/\/api.w.org\/{rel}","templated":true}]}}