{"id":147,"date":"2022-05-31T11:31:26","date_gmt":"2022-05-31T11:31:26","guid":{"rendered":"https:\/\/sites.uef.fi\/rapukamu\/?page_id=147"},"modified":"2023-12-14T16:17:28","modified_gmt":"2023-12-14T16:17:28","slug":"rapurutto-euroopassa","status":"publish","type":"page","link":"https:\/\/sites.uef.fi\/rapukamu\/rapurutto-euroopassa\/","title":{"rendered":"Rapuruton levi\u00e4minen Euroopassa"},"content":{"rendered":"\n<p>Rapuruton levi\u00e4minen Euroopassa on surullinen tarina tiet\u00e4m\u00e4tt\u00f6myytt\u00e4, v\u00e4linpit\u00e4m\u00e4tt\u00f6myytt\u00e4 ja huonoja ratkaisuja ep\u00e4onnistumisen paikkaamiseksi (Jussila ja muut 2021). Tarina on opettavainen, ehken, ja tarkempia yksityiskohtia voi lukea esimerkiksi Kari Kilpisen kirjasta Suomen rapu (my\u00f6s tutustumalla oheiseen karttaan).<\/p>\n\n\n\n<p>Rapurutto saapui Eurooppaan, ilmeisesti vahingossa, 1860-luvulla ja levisi nopeasti vilkkaan rapukaupan vuoksi Keski-Euroopan alueella ja saapui Suomeen 1890-luvulla. Rapuruton aiheuttamat tuhot her\u00e4ttiv\u00e4t suurta h\u00e4mminki\u00e4 ja syit\u00e4 raputuhoihin pohdittiin kiihke\u00e4sti. Ruotsalaiset ehtiv\u00e4t kielt\u00e4\u00e4 el\u00e4vien rapujen tuonnin juuri kun Suomesta saapui viimeinen el\u00e4vien jokirapujen er\u00e4, joka samalla toi tullessaan rapuruton Ruotsiin. Ik\u00e4v\u00e4, ep\u00e4onninen tapaus, joka osoittaa, ett\u00e4 ruotsalaiset olivat jo siin\u00e4 vaiheessa, 1900-luvun ensimm\u00e4isen vuosikymmenen aikoihin ymm\u00e4rt\u00e4neet rapuruton levi\u00e4v\u00e4n rapujen mukana.<\/p>\n\n\n\n<p>Alla olevassa kartassa on esitelty rapuruton levi\u00e4mist\u00e4 Euroopassa, levi\u00e4misen ensimm\u00e4ist\u00e4 aaltoa, ja samalla arvioitu rapuruton mahdollisia kulkureittej\u00e4 karkeasti. Ik\u00e4v\u00e4 totuus on, ett\u00e4 huolimattomuus ja v\u00e4linpit\u00e4m\u00e4tt\u00f6myys on auttaneet t\u00e4m\u00e4nkin tuhoisan taudin levi\u00e4mist\u00e4.<\/p>\n\n\n\n<p class=\"has-text-align-center\"><img loading=\"lazy\" decoding=\"async\" width=\"505\" height=\"351\" class=\"wp-image-479\" style=\"width: 500px\" src=\"https:\/\/sites.uef.fi\/rapukamu\/wp-content\/uploads\/sites\/377\/2022\/08\/rapuruton-leviaminen-euroopassa.jpg\" alt=\"\" srcset=\"https:\/\/sites.uef.fi\/rapukamu\/wp-content\/uploads\/sites\/377\/2022\/08\/rapuruton-leviaminen-euroopassa.jpg 505w, https:\/\/sites.uef.fi\/rapukamu\/wp-content\/uploads\/sites\/377\/2022\/08\/rapuruton-leviaminen-euroopassa-300x209.jpg 300w\" sizes=\"auto, (max-width: 505px) 100vw, 505px\" \/><\/p>\n\n\n\n<p>Norja, Brittein saaret ja Pyreneiden niemimaa olivat pitk\u00e4\u00e4n eurooppalaisten rapujen viimeisi\u00e4 turvapaikkoja, sill\u00e4 rapurutto levisi n\u00e4ille alueille selv\u00e4sti muuta Eurooppaa my\u00f6hemmin. Ilmiselvin\u00e4 syin\u00e4 ovat olleet ilmeiset levi\u00e4misesteet, syrj\u00e4inen sijainti ja tiukka politiikka rapuruttoa levitt\u00e4vien vieraslajien osalta. N\u00e4m\u00e4kin suoja-alueet ovat nykyisin sek\u00e4 rapuruton ett\u00e4 rapuruttoa levitt\u00e4vien vieraiden rapulajien valtaamia. Norjassa tilanne on toistaiseksi parhaiten hallinnassa ja norjalaisilla on k\u00e4yt\u00f6ss\u00e4 tehokeinot vieraiden rapulajien ja rapuruton torjunnassa, tosin edes t\u00e4m\u00e4n tehostetun taistelun lopputulosta on mahdoton ennustaa t\u00e4ss\u00e4 vaiheessa.<\/p>\n\n\n\n<p>Rapurutto on valitettavasti levinnyt Euroopassa&nbsp; jo viimeisen 170 vuoden ajan l\u00e4hinn\u00e4 huolimattomuuden ja v\u00e4linpit\u00e4m\u00e4tt\u00f6myyden vuoksi. Ja levi\u00e4\u00e4 yh\u00e4, sill\u00e4 koko Euroopan alueelta havaitaan tasaiseen tahtiin raputuhoja, joiden syyksi on voitu m\u00e4\u00e4ritt\u00e4\u00e4 rapurutto. Suomessakin tavataan vuosittain rapurutuhoja, joiden syyksi on joko m\u00e4\u00e4ritetty rapurutto tai sit\u00e4 voidaan pit\u00e4\u00e4 todenn\u00e4k\u00f6isen\u00e4 syyn\u00e4. Jokaisen vesill\u00e4 liikkujan, kalastajan ja ravustajan merkitys luonnontalouden hyvinvoinnin edist\u00e4j\u00e4n\u00e4 korostuu: \u00e4l\u00e4 levit\u00e4 rapuruttoa, kiitos!<\/p>\n","protected":false},"excerpt":{"rendered":"<p>Rapuruton levi\u00e4minen Euroopassa on surullinen tarina tiet\u00e4m\u00e4tt\u00f6myytt\u00e4, v\u00e4linpit\u00e4m\u00e4tt\u00f6myytt\u00e4 ja huonoja ratkaisuja ep\u00e4onnistumisen paikkaamiseksi (Jussila ja muut 2021). Tarina on opettavainen, ehken, ja tarkempia yksityiskohtia voi lukea esimerkiksi Kari Kilpisen kirjasta Suomen rapu (my\u00f6s tutustumalla oheiseen karttaan). Rapurutto saapui Eurooppaan, ilmeisesti vahingossa, 1860-luvulla ja levisi nopeasti vilkkaan rapukaupan vuoksi Keski-Euroopan alueella ja saapui Suomeen 1890-luvulla. Rapuruton [&hellip;]<\/p>\n","protected":false},"author":826,"featured_media":0,"parent":0,"menu_order":0,"comment_status":"closed","ping_status":"closed","template":"","meta":{"_acf_changed":false,"footnotes":""},"class_list":["post-147","page","type-page","status-publish","hentry"],"acf":[],"yoast_head":"<!-- This site is optimized with the Yoast SEO plugin v27.1.1 - https:\/\/yoast.com\/product\/yoast-seo-wordpress\/ -->\n<title>Rapuruton levi\u00e4minen Euroopassa - Rapukamu<\/title>\n<meta name=\"description\" content=\"Rapurutto saapui Eurooppaan vahingossa 1860-luvulla, Italiaan Po-joen laaksoon, leviten ymp\u00e4ri Eurooppaa. Paha juttu! Eritt\u00e4in paha!\" \/>\n<meta name=\"robots\" content=\"index, follow, max-snippet:-1, max-image-preview:large, max-video-preview:-1\" \/>\n<link rel=\"canonical\" href=\"https:\/\/sites.uef.fi\/rapukamu\/rapurutto-euroopassa\/\" \/>\n<meta property=\"og:locale\" content=\"fi_FI\" \/>\n<meta property=\"og:type\" content=\"article\" \/>\n<meta property=\"og:title\" content=\"Rapuruton levi\u00e4minen Euroopassa - Rapukamu\" \/>\n<meta property=\"og:description\" content=\"Rapurutto saapui Eurooppaan vahingossa 1860-luvulla, Italiaan Po-joen laaksoon, leviten ymp\u00e4ri Eurooppaa. Paha juttu! Eritt\u00e4in paha!\" \/>\n<meta property=\"og:url\" content=\"https:\/\/sites.uef.fi\/rapukamu\/rapurutto-euroopassa\/\" \/>\n<meta property=\"og:site_name\" content=\"Rapukamu\" \/>\n<meta property=\"article:modified_time\" content=\"2023-12-14T16:17:28+00:00\" \/>\n<meta property=\"og:image\" content=\"https:\/\/sites.uef.fi\/rapukamu\/wp-content\/uploads\/sites\/377\/2022\/08\/rapuruton-leviaminen-euroopassa.jpg\" \/>\n<meta name=\"twitter:card\" content=\"summary_large_image\" \/>\n<meta name=\"twitter:label1\" content=\"Arvioitu lukuaika\" \/>\n\t<meta name=\"twitter:data1\" content=\"2 minuuttia\" \/>\n<script type=\"application\/ld+json\" class=\"yoast-schema-graph\">{\"@context\":\"https:\/\/schema.org\",\"@graph\":[{\"@type\":\"WebPage\",\"@id\":\"https:\/\/sites.uef.fi\/rapukamu\/rapurutto-euroopassa\/\",\"url\":\"https:\/\/sites.uef.fi\/rapukamu\/rapurutto-euroopassa\/\",\"name\":\"Rapuruton levi\u00e4minen Euroopassa - Rapukamu\",\"isPartOf\":{\"@id\":\"https:\/\/sites.uef.fi\/rapukamu\/#website\"},\"primaryImageOfPage\":{\"@id\":\"https:\/\/sites.uef.fi\/rapukamu\/rapurutto-euroopassa\/#primaryimage\"},\"image\":{\"@id\":\"https:\/\/sites.uef.fi\/rapukamu\/rapurutto-euroopassa\/#primaryimage\"},\"thumbnailUrl\":\"https:\/\/sites.uef.fi\/rapukamu\/wp-content\/uploads\/sites\/377\/2022\/08\/rapuruton-leviaminen-euroopassa.jpg\",\"datePublished\":\"2022-05-31T11:31:26+00:00\",\"dateModified\":\"2023-12-14T16:17:28+00:00\",\"description\":\"Rapurutto saapui Eurooppaan vahingossa 1860-luvulla, Italiaan Po-joen laaksoon, leviten ymp\u00e4ri Eurooppaa. Paha juttu! Eritt\u00e4in paha!\",\"breadcrumb\":{\"@id\":\"https:\/\/sites.uef.fi\/rapukamu\/rapurutto-euroopassa\/#breadcrumb\"},\"inLanguage\":\"fi\",\"potentialAction\":[{\"@type\":\"ReadAction\",\"target\":[\"https:\/\/sites.uef.fi\/rapukamu\/rapurutto-euroopassa\/\"]}]},{\"@type\":\"ImageObject\",\"inLanguage\":\"fi\",\"@id\":\"https:\/\/sites.uef.fi\/rapukamu\/rapurutto-euroopassa\/#primaryimage\",\"url\":\"https:\/\/sites.uef.fi\/rapukamu\/wp-content\/uploads\/sites\/377\/2022\/08\/rapuruton-leviaminen-euroopassa.jpg\",\"contentUrl\":\"https:\/\/sites.uef.fi\/rapukamu\/wp-content\/uploads\/sites\/377\/2022\/08\/rapuruton-leviaminen-euroopassa.jpg\"},{\"@type\":\"BreadcrumbList\",\"@id\":\"https:\/\/sites.uef.fi\/rapukamu\/rapurutto-euroopassa\/#breadcrumb\",\"itemListElement\":[{\"@type\":\"ListItem\",\"position\":1,\"name\":\"Home\",\"item\":\"https:\/\/sites.uef.fi\/rapukamu\/\"},{\"@type\":\"ListItem\",\"position\":2,\"name\":\"Rapuruton levi\u00e4minen Euroopassa\"}]},{\"@type\":\"WebSite\",\"@id\":\"https:\/\/sites.uef.fi\/rapukamu\/#website\",\"url\":\"https:\/\/sites.uef.fi\/rapukamu\/\",\"name\":\"Rapukamu\",\"description\":\"\",\"potentialAction\":[{\"@type\":\"SearchAction\",\"target\":{\"@type\":\"EntryPoint\",\"urlTemplate\":\"https:\/\/sites.uef.fi\/rapukamu\/?s={search_term_string}\"},\"query-input\":{\"@type\":\"PropertyValueSpecification\",\"valueRequired\":true,\"valueName\":\"search_term_string\"}}],\"inLanguage\":\"fi\"}]}<\/script>\n<!-- \/ Yoast SEO plugin. -->","yoast_head_json":{"title":"Rapuruton levi\u00e4minen Euroopassa - Rapukamu","description":"Rapurutto saapui Eurooppaan vahingossa 1860-luvulla, Italiaan Po-joen laaksoon, leviten ymp\u00e4ri Eurooppaa. Paha juttu! Eritt\u00e4in paha!","robots":{"index":"index","follow":"follow","max-snippet":"max-snippet:-1","max-image-preview":"max-image-preview:large","max-video-preview":"max-video-preview:-1"},"canonical":"https:\/\/sites.uef.fi\/rapukamu\/rapurutto-euroopassa\/","og_locale":"fi_FI","og_type":"article","og_title":"Rapuruton levi\u00e4minen Euroopassa - Rapukamu","og_description":"Rapurutto saapui Eurooppaan vahingossa 1860-luvulla, Italiaan Po-joen laaksoon, leviten ymp\u00e4ri Eurooppaa. Paha juttu! Eritt\u00e4in paha!","og_url":"https:\/\/sites.uef.fi\/rapukamu\/rapurutto-euroopassa\/","og_site_name":"Rapukamu","article_modified_time":"2023-12-14T16:17:28+00:00","og_image":[{"url":"https:\/\/sites.uef.fi\/rapukamu\/wp-content\/uploads\/sites\/377\/2022\/08\/rapuruton-leviaminen-euroopassa.jpg","type":"","width":"","height":""}],"twitter_card":"summary_large_image","twitter_misc":{"Arvioitu lukuaika":"2 minuuttia"},"schema":{"@context":"https:\/\/schema.org","@graph":[{"@type":"WebPage","@id":"https:\/\/sites.uef.fi\/rapukamu\/rapurutto-euroopassa\/","url":"https:\/\/sites.uef.fi\/rapukamu\/rapurutto-euroopassa\/","name":"Rapuruton levi\u00e4minen Euroopassa - Rapukamu","isPartOf":{"@id":"https:\/\/sites.uef.fi\/rapukamu\/#website"},"primaryImageOfPage":{"@id":"https:\/\/sites.uef.fi\/rapukamu\/rapurutto-euroopassa\/#primaryimage"},"image":{"@id":"https:\/\/sites.uef.fi\/rapukamu\/rapurutto-euroopassa\/#primaryimage"},"thumbnailUrl":"https:\/\/sites.uef.fi\/rapukamu\/wp-content\/uploads\/sites\/377\/2022\/08\/rapuruton-leviaminen-euroopassa.jpg","datePublished":"2022-05-31T11:31:26+00:00","dateModified":"2023-12-14T16:17:28+00:00","description":"Rapurutto saapui Eurooppaan vahingossa 1860-luvulla, Italiaan Po-joen laaksoon, leviten ymp\u00e4ri Eurooppaa. Paha juttu! Eritt\u00e4in paha!","breadcrumb":{"@id":"https:\/\/sites.uef.fi\/rapukamu\/rapurutto-euroopassa\/#breadcrumb"},"inLanguage":"fi","potentialAction":[{"@type":"ReadAction","target":["https:\/\/sites.uef.fi\/rapukamu\/rapurutto-euroopassa\/"]}]},{"@type":"ImageObject","inLanguage":"fi","@id":"https:\/\/sites.uef.fi\/rapukamu\/rapurutto-euroopassa\/#primaryimage","url":"https:\/\/sites.uef.fi\/rapukamu\/wp-content\/uploads\/sites\/377\/2022\/08\/rapuruton-leviaminen-euroopassa.jpg","contentUrl":"https:\/\/sites.uef.fi\/rapukamu\/wp-content\/uploads\/sites\/377\/2022\/08\/rapuruton-leviaminen-euroopassa.jpg"},{"@type":"BreadcrumbList","@id":"https:\/\/sites.uef.fi\/rapukamu\/rapurutto-euroopassa\/#breadcrumb","itemListElement":[{"@type":"ListItem","position":1,"name":"Home","item":"https:\/\/sites.uef.fi\/rapukamu\/"},{"@type":"ListItem","position":2,"name":"Rapuruton levi\u00e4minen Euroopassa"}]},{"@type":"WebSite","@id":"https:\/\/sites.uef.fi\/rapukamu\/#website","url":"https:\/\/sites.uef.fi\/rapukamu\/","name":"Rapukamu","description":"","potentialAction":[{"@type":"SearchAction","target":{"@type":"EntryPoint","urlTemplate":"https:\/\/sites.uef.fi\/rapukamu\/?s={search_term_string}"},"query-input":{"@type":"PropertyValueSpecification","valueRequired":true,"valueName":"search_term_string"}}],"inLanguage":"fi"}]}},"_links":{"self":[{"href":"https:\/\/sites.uef.fi\/rapukamu\/wp-json\/wp\/v2\/pages\/147","targetHints":{"allow":["GET"]}}],"collection":[{"href":"https:\/\/sites.uef.fi\/rapukamu\/wp-json\/wp\/v2\/pages"}],"about":[{"href":"https:\/\/sites.uef.fi\/rapukamu\/wp-json\/wp\/v2\/types\/page"}],"author":[{"embeddable":true,"href":"https:\/\/sites.uef.fi\/rapukamu\/wp-json\/wp\/v2\/users\/826"}],"replies":[{"embeddable":true,"href":"https:\/\/sites.uef.fi\/rapukamu\/wp-json\/wp\/v2\/comments?post=147"}],"version-history":[{"count":2,"href":"https:\/\/sites.uef.fi\/rapukamu\/wp-json\/wp\/v2\/pages\/147\/revisions"}],"predecessor-version":[{"id":920,"href":"https:\/\/sites.uef.fi\/rapukamu\/wp-json\/wp\/v2\/pages\/147\/revisions\/920"}],"wp:attachment":[{"href":"https:\/\/sites.uef.fi\/rapukamu\/wp-json\/wp\/v2\/media?parent=147"}],"curies":[{"name":"wp","href":"https:\/\/api.w.org\/{rel}","templated":true}]}}