{"id":153,"date":"2022-05-31T11:30:17","date_gmt":"2022-05-31T11:30:17","guid":{"rendered":"https:\/\/sites.uef.fi\/rapukamu\/?page_id=153"},"modified":"2023-12-15T07:36:15","modified_gmt":"2023-12-15T07:36:15","slug":"lisatietoa","status":"publish","type":"page","link":"https:\/\/sites.uef.fi\/rapukamu\/lisatietoa\/","title":{"rendered":"Lis\u00e4tietoa"},"content":{"rendered":"\n<h2 class=\"wp-block-heading\">Tietoa ja valistusta<\/h2>\n\n\n\n<p>T\u00e4ll\u00e4 <a href=\"https:\/\/sites.uef.fi\/rapukamu\/wp-content\/uploads\/sites\/377\/2022\/08\/LIFE-jrapu-trapu-rrutto-posteri.pdf\" target=\"_blank\" rel=\"noreferrer noopener\">LIFE+ posterilla<\/a> voi n\u00e4pp\u00e4sti her\u00e4tt\u00e4\u00e4 huomiota ja jakaa tietoa. Se on laadittu A0 kokoiseksi, joten pienemp\u00e4n\u00e4 teksti voi olla vaikeaa lukea.<\/p>\n\n\n\n<p>Jokirapua ja t\u00e4pl\u00e4rapua voi joskus olla vaikea erottaa toisistaan, mutta t\u00e4m\u00e4 <a href=\"https:\/\/sites.uef.fi\/rapukamu\/wp-content\/uploads\/sites\/377\/2022\/05\/jokirapu-taplarapu-tunnistus.jpg\" target=\"_blank\" rel=\"noreferrer noopener\">periaate <\/a>ehk\u00e4 auttaa.<\/p>\n\n\n\n<p>Hankkeen yhteydess\u00e4 on julkaistu kokoelma rapuperinnett\u00e4, niinkuin sen ovat itse ravustajat ja ravustajien v\u00e4nk\u00e4rit n\u00e4hneet. Tarinakisan sato on ladattavissa <a rel=\"noreferrer noopener\" href=\"https:\/\/www.researchgate.net\/publication\/293581446_Jokirapu_on_Tarinakisan_sato\" target=\"_blank\">nettiversiona<\/a> tai saatavana kirjana Japo Jussilalta (sposti japo.jussila (add) uef.fi).<\/p>\n\n\n\n<p>Totta ja harhaa ravuista ja rapurutosta l\u00f6ytyy <a href=\"http:\/\/krafta.nu\/2017\/fi\/\" target=\"_blank\" rel=\"noreferrer noopener\">Rapumyytinmurtajien<\/a> visailusta. Kannattaa tarkistaa tietonsa!<\/p>\n\n\n\n<h2 class=\"wp-block-heading\">Tietoiskuja<\/h2>\n\n\n\n<p>Olemme valmistaneet muutamia tiedottavia iskuja, tietoiskuja, jotka ovat jo py\u00f6rineet TVss\u00e4 ja radiossa. Netiss\u00e4 sanailtiin <a href=\"https:\/\/www.youtube.com\/watch?v=M9dtA-ltlQQ\">n\u00e4in<\/a>. Ja TVss\u00e4 puolestaan <a href=\"https:\/\/www.youtube.com\/watch?v=AljhzmSBNis\">t\u00e4ll\u00e4 tavalla<\/a>.<\/p>\n\n\n\n<p>Pysy kanavalla, t\u00e4nne tulee lis\u00e4\u00e4 materiaalia kunhan sit\u00e4 saadaan pukattua ulos. Tarkista my\u00f6s meid\u00e4n aika harvoin p\u00e4ivitetyt Facebook sivut: Rapukamu -hanke.<\/p>\n\n\n\n<h2 class=\"wp-block-heading\">Viitteet<\/h2>\n\n\n\n<p>Aydin, H., Kokko, H., Makkonen, J., Kortet, R., Kukkonen, H., &amp; Jussila, J. (2014). The signal crayfish is vulnerable to both the As and the PsI-isolates of the crayfish plague. <em>Knowledge and Management of Aquatic Ecosystems<\/em>, (413), 03.<\/p>\n\n\n\n<p>Edsman, L., Nystr\u00f6m, P., Sandstr\u00f6m, A., Stenberg, M., Kokko, H., Tiitinen, V., &#8230; &amp; Jussila, J. (2015). Eroded swimmeret syndrome in female crayfish <em>Pacifastacus leniusculus<\/em> associated with <em>Aphanomyces astaci<\/em> and Fusarium spp. infections. <em>Diseases of Aquatic Organisms<\/em>, <em>112<\/em>(3), 219-228.<\/p>\n\n\n\n<p>Francesconi C, Makkonen J, Schrimpf A, Jussila J, Kokko H and Theissinger K (2021) Controlled infection experiment with <em>Aphanomyces astaci<\/em> provides additional evidence for latent infections and resistance in freshwater crayfish. Front. Ecol. Evol. 9:647037.<\/p>\n\n\n\n<p>Jussila, J., Vrezec, A., Makkonen, J., Kortet, R., &amp; Kokko, H. (2015). Invasive crayfish and their invasive diseases in Europe with the focus on the virulence evolution of the crayfish plague. <em>Biological invasions in changing ecosystems: vectors, ecological impacts, management and predictions. De Gruyter Open, Berlin<\/em>, 183-211.<\/p>\n\n\n\n<p>Jussila, J., Tiitinen, V., Edsman, L., Kokko, H., &amp; Fotedar, R. (2016). Signal crayfish in Lake Saimaa could be maladapted to the local conditions due to <em>Aphanomyces astaci<\/em> infection: A seven-year study. <em>Freshwater Crayfish<\/em>, 22(1), 53\u201360.<\/p>\n\n\n\n<p>Jussila, J., Francesconi, C., Theissinger, K., Kokko, H., &amp; Makkonen, J. (2021). Is <em>Aphanomyces astaci<\/em> losing its stamina: a latent crayfish plague disease agent from lake Venesj\u00e4rvi, Finland. <em>Freshwater Crayfish, <\/em>26(2), 139-144.<\/p>\n\n\n\n<p>Jussila, J., Edsman, L., Maguire, I., Di\u00e9guez-Uribeondo, J., &amp; Theissinger, K. (2021). Money kills native ecosystems: European crayfish as an example. <em>Frontiers in Ecology and Evolution<\/em>, 476.<\/p>\n\n\n\n<p>Makkonen, J., Jussila, J., Kortet, R., Vainikka, A., &amp; Kokko, H. (2012). Differing virulence of Aphanomyces astaci isolates and elevated resistance of noble crayfish Astacus astacus against crayfish plague. <em>Diseases of Aquatic Organisms<\/em>, <em>102<\/em>(2), 129-136.<\/p>\n\n\n\n<p>Makkonen, J., Strand, D. A., Kokko, H., Vr\u00e5lstad, T., &amp; Jussila, J. (2013). Timing and quantifying <em>Aphanomyces astaci<\/em> sporulation from the noble crayfish suffering from the crayfish plague. <em>Veterinary Microbiology<\/em>, 162(2-4), 750-755.<\/p>\n\n\n\n<p>Sandstr\u00f6m, A., Andersson, M., Asp, A., Bohman, P., Edsman, L., Engdahl, F., &#8230; &amp; Graneli, W. (2014). Population collapses in introduced non-indigenous crayfish. <em>Biological Invasions<\/em>, <em>16<\/em>(9), 1961-1977.<\/p>\n","protected":false},"excerpt":{"rendered":"<p>Tietoa ja valistusta T\u00e4ll\u00e4 LIFE+ posterilla voi n\u00e4pp\u00e4sti her\u00e4tt\u00e4\u00e4 huomiota ja jakaa tietoa. Se on laadittu A0 kokoiseksi, joten pienemp\u00e4n\u00e4 teksti voi olla vaikeaa lukea. Jokirapua ja t\u00e4pl\u00e4rapua voi joskus olla vaikea erottaa toisistaan, mutta t\u00e4m\u00e4 periaate ehk\u00e4 auttaa. Hankkeen yhteydess\u00e4 on julkaistu kokoelma rapuperinnett\u00e4, niinkuin sen ovat itse ravustajat ja ravustajien v\u00e4nk\u00e4rit n\u00e4hneet. Tarinakisan [&hellip;]<\/p>\n","protected":false},"author":826,"featured_media":0,"parent":0,"menu_order":0,"comment_status":"closed","ping_status":"closed","template":"","meta":{"_acf_changed":false,"footnotes":""},"class_list":["post-153","page","type-page","status-publish","hentry"],"acf":[],"yoast_head":"<!-- This site is optimized with the Yoast SEO plugin v27.1.1 - https:\/\/yoast.com\/product\/yoast-seo-wordpress\/ -->\n<title>Lis\u00e4tietoa - Rapukamu<\/title>\n<meta name=\"description\" content=\"Lis\u00e4tietoja RapuKamu-sivujen tiedon tueksi. Tied\u00e4 enemm\u00e4n ravuista ja rapukannoista, ymm\u00e4rr\u00e4t samalla enemm\u00e4n luonnon merkityksest\u00e4.\" \/>\n<meta name=\"robots\" content=\"index, follow, max-snippet:-1, max-image-preview:large, max-video-preview:-1\" \/>\n<link rel=\"canonical\" href=\"https:\/\/sites.uef.fi\/rapukamu\/lisatietoa\/\" \/>\n<meta property=\"og:locale\" content=\"fi_FI\" \/>\n<meta property=\"og:type\" content=\"article\" \/>\n<meta property=\"og:title\" content=\"Lis\u00e4tietoa - Rapukamu\" \/>\n<meta property=\"og:description\" content=\"Lis\u00e4tietoja RapuKamu-sivujen tiedon tueksi. Tied\u00e4 enemm\u00e4n ravuista ja rapukannoista, ymm\u00e4rr\u00e4t samalla enemm\u00e4n luonnon merkityksest\u00e4.\" \/>\n<meta property=\"og:url\" content=\"https:\/\/sites.uef.fi\/rapukamu\/lisatietoa\/\" \/>\n<meta property=\"og:site_name\" content=\"Rapukamu\" \/>\n<meta property=\"article:modified_time\" content=\"2023-12-15T07:36:15+00:00\" \/>\n<meta name=\"twitter:card\" content=\"summary_large_image\" \/>\n<meta name=\"twitter:label1\" content=\"Arvioitu lukuaika\" \/>\n\t<meta name=\"twitter:data1\" content=\"3 minuuttia\" \/>\n<script type=\"application\/ld+json\" class=\"yoast-schema-graph\">{\"@context\":\"https:\/\/schema.org\",\"@graph\":[{\"@type\":\"WebPage\",\"@id\":\"https:\/\/sites.uef.fi\/rapukamu\/lisatietoa\/\",\"url\":\"https:\/\/sites.uef.fi\/rapukamu\/lisatietoa\/\",\"name\":\"Lis\u00e4tietoa - Rapukamu\",\"isPartOf\":{\"@id\":\"https:\/\/sites.uef.fi\/rapukamu\/#website\"},\"datePublished\":\"2022-05-31T11:30:17+00:00\",\"dateModified\":\"2023-12-15T07:36:15+00:00\",\"description\":\"Lis\u00e4tietoja RapuKamu-sivujen tiedon tueksi. Tied\u00e4 enemm\u00e4n ravuista ja rapukannoista, ymm\u00e4rr\u00e4t samalla enemm\u00e4n luonnon merkityksest\u00e4.\",\"breadcrumb\":{\"@id\":\"https:\/\/sites.uef.fi\/rapukamu\/lisatietoa\/#breadcrumb\"},\"inLanguage\":\"fi\",\"potentialAction\":[{\"@type\":\"ReadAction\",\"target\":[\"https:\/\/sites.uef.fi\/rapukamu\/lisatietoa\/\"]}]},{\"@type\":\"BreadcrumbList\",\"@id\":\"https:\/\/sites.uef.fi\/rapukamu\/lisatietoa\/#breadcrumb\",\"itemListElement\":[{\"@type\":\"ListItem\",\"position\":1,\"name\":\"Home\",\"item\":\"https:\/\/sites.uef.fi\/rapukamu\/\"},{\"@type\":\"ListItem\",\"position\":2,\"name\":\"Lis\u00e4tietoa\"}]},{\"@type\":\"WebSite\",\"@id\":\"https:\/\/sites.uef.fi\/rapukamu\/#website\",\"url\":\"https:\/\/sites.uef.fi\/rapukamu\/\",\"name\":\"Rapukamu\",\"description\":\"\",\"potentialAction\":[{\"@type\":\"SearchAction\",\"target\":{\"@type\":\"EntryPoint\",\"urlTemplate\":\"https:\/\/sites.uef.fi\/rapukamu\/?s={search_term_string}\"},\"query-input\":{\"@type\":\"PropertyValueSpecification\",\"valueRequired\":true,\"valueName\":\"search_term_string\"}}],\"inLanguage\":\"fi\"}]}<\/script>\n<!-- \/ Yoast SEO plugin. -->","yoast_head_json":{"title":"Lis\u00e4tietoa - Rapukamu","description":"Lis\u00e4tietoja RapuKamu-sivujen tiedon tueksi. Tied\u00e4 enemm\u00e4n ravuista ja rapukannoista, ymm\u00e4rr\u00e4t samalla enemm\u00e4n luonnon merkityksest\u00e4.","robots":{"index":"index","follow":"follow","max-snippet":"max-snippet:-1","max-image-preview":"max-image-preview:large","max-video-preview":"max-video-preview:-1"},"canonical":"https:\/\/sites.uef.fi\/rapukamu\/lisatietoa\/","og_locale":"fi_FI","og_type":"article","og_title":"Lis\u00e4tietoa - Rapukamu","og_description":"Lis\u00e4tietoja RapuKamu-sivujen tiedon tueksi. Tied\u00e4 enemm\u00e4n ravuista ja rapukannoista, ymm\u00e4rr\u00e4t samalla enemm\u00e4n luonnon merkityksest\u00e4.","og_url":"https:\/\/sites.uef.fi\/rapukamu\/lisatietoa\/","og_site_name":"Rapukamu","article_modified_time":"2023-12-15T07:36:15+00:00","twitter_card":"summary_large_image","twitter_misc":{"Arvioitu lukuaika":"3 minuuttia"},"schema":{"@context":"https:\/\/schema.org","@graph":[{"@type":"WebPage","@id":"https:\/\/sites.uef.fi\/rapukamu\/lisatietoa\/","url":"https:\/\/sites.uef.fi\/rapukamu\/lisatietoa\/","name":"Lis\u00e4tietoa - Rapukamu","isPartOf":{"@id":"https:\/\/sites.uef.fi\/rapukamu\/#website"},"datePublished":"2022-05-31T11:30:17+00:00","dateModified":"2023-12-15T07:36:15+00:00","description":"Lis\u00e4tietoja RapuKamu-sivujen tiedon tueksi. Tied\u00e4 enemm\u00e4n ravuista ja rapukannoista, ymm\u00e4rr\u00e4t samalla enemm\u00e4n luonnon merkityksest\u00e4.","breadcrumb":{"@id":"https:\/\/sites.uef.fi\/rapukamu\/lisatietoa\/#breadcrumb"},"inLanguage":"fi","potentialAction":[{"@type":"ReadAction","target":["https:\/\/sites.uef.fi\/rapukamu\/lisatietoa\/"]}]},{"@type":"BreadcrumbList","@id":"https:\/\/sites.uef.fi\/rapukamu\/lisatietoa\/#breadcrumb","itemListElement":[{"@type":"ListItem","position":1,"name":"Home","item":"https:\/\/sites.uef.fi\/rapukamu\/"},{"@type":"ListItem","position":2,"name":"Lis\u00e4tietoa"}]},{"@type":"WebSite","@id":"https:\/\/sites.uef.fi\/rapukamu\/#website","url":"https:\/\/sites.uef.fi\/rapukamu\/","name":"Rapukamu","description":"","potentialAction":[{"@type":"SearchAction","target":{"@type":"EntryPoint","urlTemplate":"https:\/\/sites.uef.fi\/rapukamu\/?s={search_term_string}"},"query-input":{"@type":"PropertyValueSpecification","valueRequired":true,"valueName":"search_term_string"}}],"inLanguage":"fi"}]}},"_links":{"self":[{"href":"https:\/\/sites.uef.fi\/rapukamu\/wp-json\/wp\/v2\/pages\/153","targetHints":{"allow":["GET"]}}],"collection":[{"href":"https:\/\/sites.uef.fi\/rapukamu\/wp-json\/wp\/v2\/pages"}],"about":[{"href":"https:\/\/sites.uef.fi\/rapukamu\/wp-json\/wp\/v2\/types\/page"}],"author":[{"embeddable":true,"href":"https:\/\/sites.uef.fi\/rapukamu\/wp-json\/wp\/v2\/users\/826"}],"replies":[{"embeddable":true,"href":"https:\/\/sites.uef.fi\/rapukamu\/wp-json\/wp\/v2\/comments?post=153"}],"version-history":[{"count":2,"href":"https:\/\/sites.uef.fi\/rapukamu\/wp-json\/wp\/v2\/pages\/153\/revisions"}],"predecessor-version":[{"id":958,"href":"https:\/\/sites.uef.fi\/rapukamu\/wp-json\/wp\/v2\/pages\/153\/revisions\/958"}],"wp:attachment":[{"href":"https:\/\/sites.uef.fi\/rapukamu\/wp-json\/wp\/v2\/media?parent=153"}],"curies":[{"name":"wp","href":"https:\/\/api.w.org\/{rel}","templated":true}]}}