{"id":159,"date":"2022-05-31T11:31:06","date_gmt":"2022-05-31T11:31:06","guid":{"rendered":"https:\/\/sites.uef.fi\/rapukamu\/?page_id=159"},"modified":"2023-12-14T16:16:23","modified_gmt":"2023-12-14T16:16:23","slug":"rapulinkkeja","status":"publish","type":"page","link":"https:\/\/sites.uef.fi\/rapukamu\/rapulinkkeja\/","title":{"rendered":"Rapulinkkej\u00e4"},"content":{"rendered":"\n<p><a href=\"http:\/\/www.raputieto.net\" target=\"_blank\" rel=\"noreferrer noopener\">Raputietokeskus <\/a>ry. esittelee nettisivuillaan raputaloutta monipuolisesti.<\/p>\n\n\n\n<p>Rapurutosta l\u00f6ytyy tietoa my\u00f6s <a href=\"https:\/\/fi.wikipedia.org\/wiki\/Rapurutto\">n\u00e4ilt\u00e4 nettisivuilta<\/a>.<\/p>\n\n\n\n<p>Meill\u00e4, ja my\u00f6s ruotsinkielisill\u00e4 ja ruotsalaisilla, on eritt\u00e4in n\u00e4pp\u00e4r\u00e4t nettisivut t\u00e4rke\u00e4st\u00e4, mutta kepe\u00e4sti esitetyst\u00e4 rapuasiasta. Raputietovisa l\u00f6ytyy ja siis <a rel=\"noreferrer noopener\" href=\"http:\/\/www.krafta.nu\/\" target=\"_blank\">t\u00e4nne vaan rohkeasti!<\/a><\/p>\n\n\n\n<p>Useita valistavia ja muutenkin mukavia rapuvideoita l\u00f6ytyy <a href=\"https:\/\/www.youtube.com\/channel\/UCg0DiHlHM6Hk6PykYGNgm4Q\" data-type=\"URL\" data-id=\"https:\/\/www.youtube.com\/channel\/UCg0DiHlHM6Hk6PykYGNgm4Q\">Rapukamu juutuupista<\/a>. Tsekkaa erityisesti <a href=\"https:\/\/www.youtube.com\/watch?v=bJp9w0cEUNk\" data-type=\"URL\" data-id=\"https:\/\/www.youtube.com\/watch?v=bJp9w0cEUNk\">Raputaru<\/a>, sivuston uutuus.<\/p>\n\n\n\n<p>Jos ep\u00e4ilet rapuruton iskeneen, niin rapun\u00e4ytteet asian varmistamiseksi kannattaa l\u00e4hett\u00e4\u00e4 <a href=\"https:\/\/www.ruokavirasto.fi\/viljelijat\/elaintenpito\/elainten-terveys-ja-elaintaudit\/elaintaudit\/kalat-ja-ravut\/rapurutto\/\" data-type=\"URL\" data-id=\"https:\/\/www.ruokavirasto.fi\/viljelijat\/elaintenpito\/elainten-terveys-ja-elaintaudit\/elaintaudit\/kalat-ja-ravut\/rapurutto\/\">Ruokavirastoon<\/a>.<\/p>\n","protected":false},"excerpt":{"rendered":"<p>Raputietokeskus ry. esittelee nettisivuillaan raputaloutta monipuolisesti. Rapurutosta l\u00f6ytyy tietoa my\u00f6s n\u00e4ilt\u00e4 nettisivuilta. Meill\u00e4, ja my\u00f6s ruotsinkielisill\u00e4 ja ruotsalaisilla, on eritt\u00e4in n\u00e4pp\u00e4r\u00e4t nettisivut t\u00e4rke\u00e4st\u00e4, mutta kepe\u00e4sti esitetyst\u00e4 rapuasiasta. Raputietovisa l\u00f6ytyy ja siis t\u00e4nne vaan rohkeasti! Useita valistavia ja muutenkin mukavia rapuvideoita l\u00f6ytyy Rapukamu juutuupista. Tsekkaa erityisesti Raputaru, sivuston uutuus. Jos ep\u00e4ilet rapuruton iskeneen, niin rapun\u00e4ytteet asian [&hellip;]<\/p>\n","protected":false},"author":826,"featured_media":0,"parent":0,"menu_order":0,"comment_status":"closed","ping_status":"closed","template":"","meta":{"_acf_changed":false,"footnotes":""},"class_list":["post-159","page","type-page","status-publish","hentry"],"acf":[],"yoast_head":"<!-- This site is optimized with the Yoast SEO plugin v27.1.1 - https:\/\/yoast.com\/product\/yoast-seo-wordpress\/ -->\n<title>Rapulinkkej\u00e4 - Rapukamu<\/title>\n<meta name=\"description\" content=\"N\u00e4ill\u00e4 vinkeill\u00e4 lis\u00e4tietoa muistakin raputiedon l\u00e4hteist\u00e4. Tieto on valtaa! Tiedottomuus on vaarallista.\" \/>\n<meta name=\"robots\" content=\"index, follow, max-snippet:-1, max-image-preview:large, max-video-preview:-1\" \/>\n<link rel=\"canonical\" href=\"https:\/\/sites.uef.fi\/rapukamu\/rapulinkkeja\/\" \/>\n<meta property=\"og:locale\" content=\"fi_FI\" \/>\n<meta property=\"og:type\" content=\"article\" \/>\n<meta property=\"og:title\" content=\"Rapulinkkej\u00e4 - Rapukamu\" \/>\n<meta property=\"og:description\" content=\"N\u00e4ill\u00e4 vinkeill\u00e4 lis\u00e4tietoa muistakin raputiedon l\u00e4hteist\u00e4. Tieto on valtaa! Tiedottomuus on vaarallista.\" \/>\n<meta property=\"og:url\" content=\"https:\/\/sites.uef.fi\/rapukamu\/rapulinkkeja\/\" \/>\n<meta property=\"og:site_name\" content=\"Rapukamu\" \/>\n<meta property=\"article:modified_time\" content=\"2023-12-14T16:16:23+00:00\" \/>\n<meta name=\"twitter:card\" content=\"summary_large_image\" \/>\n<meta name=\"twitter:label1\" content=\"Arvioitu lukuaika\" \/>\n\t<meta name=\"twitter:data1\" content=\"1 minuutti\" \/>\n<script type=\"application\/ld+json\" class=\"yoast-schema-graph\">{\"@context\":\"https:\/\/schema.org\",\"@graph\":[{\"@type\":\"WebPage\",\"@id\":\"https:\/\/sites.uef.fi\/rapukamu\/rapulinkkeja\/\",\"url\":\"https:\/\/sites.uef.fi\/rapukamu\/rapulinkkeja\/\",\"name\":\"Rapulinkkej\u00e4 - Rapukamu\",\"isPartOf\":{\"@id\":\"https:\/\/sites.uef.fi\/rapukamu\/#website\"},\"datePublished\":\"2022-05-31T11:31:06+00:00\",\"dateModified\":\"2023-12-14T16:16:23+00:00\",\"description\":\"N\u00e4ill\u00e4 vinkeill\u00e4 lis\u00e4tietoa muistakin raputiedon l\u00e4hteist\u00e4. Tieto on valtaa! Tiedottomuus on vaarallista.\",\"breadcrumb\":{\"@id\":\"https:\/\/sites.uef.fi\/rapukamu\/rapulinkkeja\/#breadcrumb\"},\"inLanguage\":\"fi\",\"potentialAction\":[{\"@type\":\"ReadAction\",\"target\":[\"https:\/\/sites.uef.fi\/rapukamu\/rapulinkkeja\/\"]}]},{\"@type\":\"BreadcrumbList\",\"@id\":\"https:\/\/sites.uef.fi\/rapukamu\/rapulinkkeja\/#breadcrumb\",\"itemListElement\":[{\"@type\":\"ListItem\",\"position\":1,\"name\":\"Home\",\"item\":\"https:\/\/sites.uef.fi\/rapukamu\/\"},{\"@type\":\"ListItem\",\"position\":2,\"name\":\"Rapulinkkej\u00e4\"}]},{\"@type\":\"WebSite\",\"@id\":\"https:\/\/sites.uef.fi\/rapukamu\/#website\",\"url\":\"https:\/\/sites.uef.fi\/rapukamu\/\",\"name\":\"Rapukamu\",\"description\":\"\",\"potentialAction\":[{\"@type\":\"SearchAction\",\"target\":{\"@type\":\"EntryPoint\",\"urlTemplate\":\"https:\/\/sites.uef.fi\/rapukamu\/?s={search_term_string}\"},\"query-input\":{\"@type\":\"PropertyValueSpecification\",\"valueRequired\":true,\"valueName\":\"search_term_string\"}}],\"inLanguage\":\"fi\"}]}<\/script>\n<!-- \/ Yoast SEO plugin. -->","yoast_head_json":{"title":"Rapulinkkej\u00e4 - Rapukamu","description":"N\u00e4ill\u00e4 vinkeill\u00e4 lis\u00e4tietoa muistakin raputiedon l\u00e4hteist\u00e4. Tieto on valtaa! Tiedottomuus on vaarallista.","robots":{"index":"index","follow":"follow","max-snippet":"max-snippet:-1","max-image-preview":"max-image-preview:large","max-video-preview":"max-video-preview:-1"},"canonical":"https:\/\/sites.uef.fi\/rapukamu\/rapulinkkeja\/","og_locale":"fi_FI","og_type":"article","og_title":"Rapulinkkej\u00e4 - Rapukamu","og_description":"N\u00e4ill\u00e4 vinkeill\u00e4 lis\u00e4tietoa muistakin raputiedon l\u00e4hteist\u00e4. Tieto on valtaa! Tiedottomuus on vaarallista.","og_url":"https:\/\/sites.uef.fi\/rapukamu\/rapulinkkeja\/","og_site_name":"Rapukamu","article_modified_time":"2023-12-14T16:16:23+00:00","twitter_card":"summary_large_image","twitter_misc":{"Arvioitu lukuaika":"1 minuutti"},"schema":{"@context":"https:\/\/schema.org","@graph":[{"@type":"WebPage","@id":"https:\/\/sites.uef.fi\/rapukamu\/rapulinkkeja\/","url":"https:\/\/sites.uef.fi\/rapukamu\/rapulinkkeja\/","name":"Rapulinkkej\u00e4 - Rapukamu","isPartOf":{"@id":"https:\/\/sites.uef.fi\/rapukamu\/#website"},"datePublished":"2022-05-31T11:31:06+00:00","dateModified":"2023-12-14T16:16:23+00:00","description":"N\u00e4ill\u00e4 vinkeill\u00e4 lis\u00e4tietoa muistakin raputiedon l\u00e4hteist\u00e4. Tieto on valtaa! Tiedottomuus on vaarallista.","breadcrumb":{"@id":"https:\/\/sites.uef.fi\/rapukamu\/rapulinkkeja\/#breadcrumb"},"inLanguage":"fi","potentialAction":[{"@type":"ReadAction","target":["https:\/\/sites.uef.fi\/rapukamu\/rapulinkkeja\/"]}]},{"@type":"BreadcrumbList","@id":"https:\/\/sites.uef.fi\/rapukamu\/rapulinkkeja\/#breadcrumb","itemListElement":[{"@type":"ListItem","position":1,"name":"Home","item":"https:\/\/sites.uef.fi\/rapukamu\/"},{"@type":"ListItem","position":2,"name":"Rapulinkkej\u00e4"}]},{"@type":"WebSite","@id":"https:\/\/sites.uef.fi\/rapukamu\/#website","url":"https:\/\/sites.uef.fi\/rapukamu\/","name":"Rapukamu","description":"","potentialAction":[{"@type":"SearchAction","target":{"@type":"EntryPoint","urlTemplate":"https:\/\/sites.uef.fi\/rapukamu\/?s={search_term_string}"},"query-input":{"@type":"PropertyValueSpecification","valueRequired":true,"valueName":"search_term_string"}}],"inLanguage":"fi"}]}},"_links":{"self":[{"href":"https:\/\/sites.uef.fi\/rapukamu\/wp-json\/wp\/v2\/pages\/159","targetHints":{"allow":["GET"]}}],"collection":[{"href":"https:\/\/sites.uef.fi\/rapukamu\/wp-json\/wp\/v2\/pages"}],"about":[{"href":"https:\/\/sites.uef.fi\/rapukamu\/wp-json\/wp\/v2\/types\/page"}],"author":[{"embeddable":true,"href":"https:\/\/sites.uef.fi\/rapukamu\/wp-json\/wp\/v2\/users\/826"}],"replies":[{"embeddable":true,"href":"https:\/\/sites.uef.fi\/rapukamu\/wp-json\/wp\/v2\/comments?post=159"}],"version-history":[{"count":2,"href":"https:\/\/sites.uef.fi\/rapukamu\/wp-json\/wp\/v2\/pages\/159\/revisions"}],"predecessor-version":[{"id":914,"href":"https:\/\/sites.uef.fi\/rapukamu\/wp-json\/wp\/v2\/pages\/159\/revisions\/914"}],"wp:attachment":[{"href":"https:\/\/sites.uef.fi\/rapukamu\/wp-json\/wp\/v2\/media?parent=159"}],"curies":[{"name":"wp","href":"https:\/\/api.w.org\/{rel}","templated":true}]}}