{"id":268,"date":"2022-05-31T11:29:56","date_gmt":"2022-05-31T11:29:56","guid":{"rendered":"https:\/\/sites.uef.fi\/rapukamu\/?page_id=268"},"modified":"2023-12-14T16:06:15","modified_gmt":"2023-12-14T16:06:15","slug":"japo-jussila","status":"publish","type":"page","link":"https:\/\/sites.uef.fi\/rapukamu\/japo-jussila\/","title":{"rendered":"Japo Jussila, lyhyesti (ravusti)"},"content":{"rendered":"\n<p>Olen pitk\u00e4n linjan rapubiologi, ty\u00f6skennellyt rapujen parissa sitten 1980-luvun puoliv\u00e4lin. Olen tehnyt t\u00f6it\u00e4 sek\u00e4 Suomessa ett\u00e4 L\u00e4nsi-Australiassa ja ollut yhteisty\u00f6ss\u00e4 useiden eurooppalaisten rapututkijoiden ja tutkimuslaitosten kanssa.<\/p>\n\n\n\n<p>P\u00e4\u00e4osan t\u00f6ist\u00e4ni olen tehnyt Suomessa p\u00e4\u00e4m\u00e4\u00e4r\u00e4n\u00e4ni edist\u00e4\u00e4 jokiravun luonnonkantojen tilaa ja varmistaa jokiravun varaan perustuva raputalous. Olen tehnyt sek\u00e4 k\u00e4yt\u00e4nn\u00f6n t\u00f6it\u00e4 ett\u00e4 tutkimusta, viimeiset vuodet selvitellen jokiravun, t\u00e4pl\u00e4ravun ja rapuruton suhdetta.<\/p>\n\n\n\n<p>K\u00e4yt\u00e4nn\u00f6n ty\u00f6ni on keskittynyt ravunviljelyn edist\u00e4miseen sek\u00e4 luonnonkantojen ravustamisen edist\u00e4miseen ja saaliin k\u00e4sittelyn kehittelyyn. Olen tehnyt viimet vuodet t\u00f6it\u00e4 Saimaalla ravustavien parissa ja ollut innovoimassa rapusaaliin kuljettamiseen ja s\u00e4ilytykseen liittyvi\u00e4 sovelluksia.<\/p>\n\n\n\n<p>Jokaisen jokiravusta kiinnostuneen kannattaa katsoa t\u00e4m\u00e4 <a rel=\"noreferrer noopener\" href=\"https:\/\/www.youtube.com\/watch?v=bJp9w0cEUNk\" target=\"_blank\">Raputaru-animaatio<\/a>. Tarkempia tietoja tutkimuksistani ja julkaisuistani l\u00f6ytyy <a href=\"https:\/\/www.researchgate.net\/profile\/J-Jussila\">t\u00e4\u00e4lt\u00e4<\/a>. Jos rapuvisa kiinnostaa, niin <a rel=\"noreferrer noopener\" href=\"http:\/\/krafta.nu\/2017\/fi\/\" target=\"_blank\">Rapumyytinmurtajien<\/a> sivuille rohkeasti.<\/p>\n\n\n\n<p>H\u00e4t\u00e4huuto jokiravun puolesta l\u00f6ytyy <a href=\"https:\/\/sites.uef.fi\/rapukamu\/wp-content\/uploads\/sites\/377\/2022\/08\/HS-rapupolitiikka-JJ-RK-ppkuva-scaled.jpg\" target=\"_blank\" rel=\"noreferrer noopener\">Hesarin yleis\u00f6nosastosta<\/a>. Ty\u00f6 kotoper\u00e4isen luonnon ja el\u00e4imist\u00f6n puolesta ei lopu koskaan.<\/p>\n","protected":false},"excerpt":{"rendered":"<p>Olen pitk\u00e4n linjan rapubiologi, ty\u00f6skennellyt rapujen parissa sitten 1980-luvun puoliv\u00e4lin. Olen tehnyt t\u00f6it\u00e4 sek\u00e4 Suomessa ett\u00e4 L\u00e4nsi-Australiassa ja ollut yhteisty\u00f6ss\u00e4 useiden eurooppalaisten rapututkijoiden ja tutkimuslaitosten kanssa. P\u00e4\u00e4osan t\u00f6ist\u00e4ni olen tehnyt Suomessa p\u00e4\u00e4m\u00e4\u00e4r\u00e4n\u00e4ni edist\u00e4\u00e4 jokiravun luonnonkantojen tilaa ja varmistaa jokiravun varaan perustuva raputalous. Olen tehnyt sek\u00e4 k\u00e4yt\u00e4nn\u00f6n t\u00f6it\u00e4 ett\u00e4 tutkimusta, viimeiset vuodet selvitellen jokiravun, t\u00e4pl\u00e4ravun ja [&hellip;]<\/p>\n","protected":false},"author":826,"featured_media":0,"parent":0,"menu_order":0,"comment_status":"closed","ping_status":"closed","template":"","meta":{"_acf_changed":false,"footnotes":""},"class_list":["post-268","page","type-page","status-publish","hentry"],"acf":[],"yoast_head":"<!-- This site is optimized with the Yoast SEO plugin v27.1.1 - https:\/\/yoast.com\/product\/yoast-seo-wordpress\/ -->\n<title>Japo Jussila, lyhyesti (ravusti) - Rapukamu<\/title>\n<meta name=\"description\" content=\"Olen rapubiologi It\u00e4-Suomen yliopistosta. Tehnyt tutkimusta sitten 1980-luvun ja pukannut ulos yli 200 julkaisua.\" \/>\n<meta name=\"robots\" content=\"index, follow, max-snippet:-1, max-image-preview:large, max-video-preview:-1\" \/>\n<link rel=\"canonical\" href=\"https:\/\/sites.uef.fi\/rapukamu\/japo-jussila\/\" \/>\n<meta property=\"og:locale\" content=\"fi_FI\" \/>\n<meta property=\"og:type\" content=\"article\" \/>\n<meta property=\"og:title\" content=\"Japo Jussila, lyhyesti (ravusti) - Rapukamu\" \/>\n<meta property=\"og:description\" content=\"Olen rapubiologi It\u00e4-Suomen yliopistosta. Tehnyt tutkimusta sitten 1980-luvun ja pukannut ulos yli 200 julkaisua.\" \/>\n<meta property=\"og:url\" content=\"https:\/\/sites.uef.fi\/rapukamu\/japo-jussila\/\" \/>\n<meta property=\"og:site_name\" content=\"Rapukamu\" \/>\n<meta property=\"article:modified_time\" content=\"2023-12-14T16:06:15+00:00\" \/>\n<meta name=\"twitter:card\" content=\"summary_large_image\" \/>\n<meta name=\"twitter:label1\" content=\"Arvioitu lukuaika\" \/>\n\t<meta name=\"twitter:data1\" content=\"1 minuutti\" \/>\n<script type=\"application\/ld+json\" class=\"yoast-schema-graph\">{\"@context\":\"https:\/\/schema.org\",\"@graph\":[{\"@type\":\"WebPage\",\"@id\":\"https:\/\/sites.uef.fi\/rapukamu\/japo-jussila\/\",\"url\":\"https:\/\/sites.uef.fi\/rapukamu\/japo-jussila\/\",\"name\":\"Japo Jussila, lyhyesti (ravusti) - Rapukamu\",\"isPartOf\":{\"@id\":\"https:\/\/sites.uef.fi\/rapukamu\/#website\"},\"datePublished\":\"2022-05-31T11:29:56+00:00\",\"dateModified\":\"2023-12-14T16:06:15+00:00\",\"description\":\"Olen rapubiologi It\u00e4-Suomen yliopistosta. Tehnyt tutkimusta sitten 1980-luvun ja pukannut ulos yli 200 julkaisua.\",\"breadcrumb\":{\"@id\":\"https:\/\/sites.uef.fi\/rapukamu\/japo-jussila\/#breadcrumb\"},\"inLanguage\":\"fi\",\"potentialAction\":[{\"@type\":\"ReadAction\",\"target\":[\"https:\/\/sites.uef.fi\/rapukamu\/japo-jussila\/\"]}]},{\"@type\":\"BreadcrumbList\",\"@id\":\"https:\/\/sites.uef.fi\/rapukamu\/japo-jussila\/#breadcrumb\",\"itemListElement\":[{\"@type\":\"ListItem\",\"position\":1,\"name\":\"Home\",\"item\":\"https:\/\/sites.uef.fi\/rapukamu\/\"},{\"@type\":\"ListItem\",\"position\":2,\"name\":\"Japo Jussila, lyhyesti (ravusti)\"}]},{\"@type\":\"WebSite\",\"@id\":\"https:\/\/sites.uef.fi\/rapukamu\/#website\",\"url\":\"https:\/\/sites.uef.fi\/rapukamu\/\",\"name\":\"Rapukamu\",\"description\":\"\",\"potentialAction\":[{\"@type\":\"SearchAction\",\"target\":{\"@type\":\"EntryPoint\",\"urlTemplate\":\"https:\/\/sites.uef.fi\/rapukamu\/?s={search_term_string}\"},\"query-input\":{\"@type\":\"PropertyValueSpecification\",\"valueRequired\":true,\"valueName\":\"search_term_string\"}}],\"inLanguage\":\"fi\"}]}<\/script>\n<!-- \/ Yoast SEO plugin. -->","yoast_head_json":{"title":"Japo Jussila, lyhyesti (ravusti) - Rapukamu","description":"Olen rapubiologi It\u00e4-Suomen yliopistosta. Tehnyt tutkimusta sitten 1980-luvun ja pukannut ulos yli 200 julkaisua.","robots":{"index":"index","follow":"follow","max-snippet":"max-snippet:-1","max-image-preview":"max-image-preview:large","max-video-preview":"max-video-preview:-1"},"canonical":"https:\/\/sites.uef.fi\/rapukamu\/japo-jussila\/","og_locale":"fi_FI","og_type":"article","og_title":"Japo Jussila, lyhyesti (ravusti) - Rapukamu","og_description":"Olen rapubiologi It\u00e4-Suomen yliopistosta. Tehnyt tutkimusta sitten 1980-luvun ja pukannut ulos yli 200 julkaisua.","og_url":"https:\/\/sites.uef.fi\/rapukamu\/japo-jussila\/","og_site_name":"Rapukamu","article_modified_time":"2023-12-14T16:06:15+00:00","twitter_card":"summary_large_image","twitter_misc":{"Arvioitu lukuaika":"1 minuutti"},"schema":{"@context":"https:\/\/schema.org","@graph":[{"@type":"WebPage","@id":"https:\/\/sites.uef.fi\/rapukamu\/japo-jussila\/","url":"https:\/\/sites.uef.fi\/rapukamu\/japo-jussila\/","name":"Japo Jussila, lyhyesti (ravusti) - Rapukamu","isPartOf":{"@id":"https:\/\/sites.uef.fi\/rapukamu\/#website"},"datePublished":"2022-05-31T11:29:56+00:00","dateModified":"2023-12-14T16:06:15+00:00","description":"Olen rapubiologi It\u00e4-Suomen yliopistosta. Tehnyt tutkimusta sitten 1980-luvun ja pukannut ulos yli 200 julkaisua.","breadcrumb":{"@id":"https:\/\/sites.uef.fi\/rapukamu\/japo-jussila\/#breadcrumb"},"inLanguage":"fi","potentialAction":[{"@type":"ReadAction","target":["https:\/\/sites.uef.fi\/rapukamu\/japo-jussila\/"]}]},{"@type":"BreadcrumbList","@id":"https:\/\/sites.uef.fi\/rapukamu\/japo-jussila\/#breadcrumb","itemListElement":[{"@type":"ListItem","position":1,"name":"Home","item":"https:\/\/sites.uef.fi\/rapukamu\/"},{"@type":"ListItem","position":2,"name":"Japo Jussila, lyhyesti (ravusti)"}]},{"@type":"WebSite","@id":"https:\/\/sites.uef.fi\/rapukamu\/#website","url":"https:\/\/sites.uef.fi\/rapukamu\/","name":"Rapukamu","description":"","potentialAction":[{"@type":"SearchAction","target":{"@type":"EntryPoint","urlTemplate":"https:\/\/sites.uef.fi\/rapukamu\/?s={search_term_string}"},"query-input":{"@type":"PropertyValueSpecification","valueRequired":true,"valueName":"search_term_string"}}],"inLanguage":"fi"}]}},"_links":{"self":[{"href":"https:\/\/sites.uef.fi\/rapukamu\/wp-json\/wp\/v2\/pages\/268","targetHints":{"allow":["GET"]}}],"collection":[{"href":"https:\/\/sites.uef.fi\/rapukamu\/wp-json\/wp\/v2\/pages"}],"about":[{"href":"https:\/\/sites.uef.fi\/rapukamu\/wp-json\/wp\/v2\/types\/page"}],"author":[{"embeddable":true,"href":"https:\/\/sites.uef.fi\/rapukamu\/wp-json\/wp\/v2\/users\/826"}],"replies":[{"embeddable":true,"href":"https:\/\/sites.uef.fi\/rapukamu\/wp-json\/wp\/v2\/comments?post=268"}],"version-history":[{"count":2,"href":"https:\/\/sites.uef.fi\/rapukamu\/wp-json\/wp\/v2\/pages\/268\/revisions"}],"predecessor-version":[{"id":890,"href":"https:\/\/sites.uef.fi\/rapukamu\/wp-json\/wp\/v2\/pages\/268\/revisions\/890"}],"wp:attachment":[{"href":"https:\/\/sites.uef.fi\/rapukamu\/wp-json\/wp\/v2\/media?parent=268"}],"curies":[{"name":"wp","href":"https:\/\/api.w.org\/{rel}","templated":true}]}}