{"id":329,"date":"2022-05-31T12:18:48","date_gmt":"2022-05-31T12:18:48","guid":{"rendered":"https:\/\/sites.uef.fi\/rapukamu\/?page_id=329"},"modified":"2023-12-14T16:15:53","modified_gmt":"2023-12-14T16:15:53","slug":"rapukantojen-hoito","status":"publish","type":"page","link":"https:\/\/sites.uef.fi\/rapukamu\/rapukantojen-hoito\/","title":{"rendered":"Rapukantojen hoito"},"content":{"rendered":"\n<p>Suomessa on tuottoisia jokirapu-, t\u00e4pl\u00e4rapu- ja kapeasaksirapukantoja lukuisissa luonnonvesiss\u00e4. Rapukantojen hoidon periaatteet ovat yksinkertaiset: suojellaan ja tuetaan jokirapukantoja ja estet\u00e4\u00e4n t\u00e4pl\u00e4ravun ja rapuruton levi\u00e4minen.<\/p>\n\n\n\n<p>Jokirapukantojen suojelemiseksi, haitallisten tapl\u00e4rapukantojen levi\u00e4misen rajoittamiseksi ja ravustuksen turvaamiseksi luonnonkantoja hoidettava eri tavoin. Jokirapukannat vaativat suojelua ja tuki-istutuksia, t\u00e4pl\u00e4rapukannat tulisi rajoittaa nykyiselle levinneisyysalueelle samoin kuin kapeasaksirapukannatkin. T\u00e4pl\u00e4rapukannat tulisi mahdollisuuksien mukaan h\u00e4vitt\u00e4\u00e4, joka ei suomalaisissa oloissa ole ihan yksinkertainen homma (tarvitaan todenn\u00e4k\u00f6isesti uusi j\u00e4\u00e4kausi tai jokin muu vastaava luonnonmullistus). T\u00e4pl\u00e4rapu ja kapeasaksirapu ovat vieraslajeja. Rapuruton levi\u00e4minen pit\u00e4\u00e4 est\u00e4\u00e4.<\/p>\n","protected":false},"excerpt":{"rendered":"<p>Suomessa on tuottoisia jokirapu-, t\u00e4pl\u00e4rapu- ja kapeasaksirapukantoja lukuisissa luonnonvesiss\u00e4. Rapukantojen hoidon periaatteet ovat yksinkertaiset: suojellaan ja tuetaan jokirapukantoja ja estet\u00e4\u00e4n t\u00e4pl\u00e4ravun ja rapuruton levi\u00e4minen. Jokirapukantojen suojelemiseksi, haitallisten tapl\u00e4rapukantojen levi\u00e4misen rajoittamiseksi ja ravustuksen turvaamiseksi luonnonkantoja hoidettava eri tavoin. Jokirapukannat vaativat suojelua ja tuki-istutuksia, t\u00e4pl\u00e4rapukannat tulisi rajoittaa nykyiselle levinneisyysalueelle samoin kuin kapeasaksirapukannatkin. T\u00e4pl\u00e4rapukannat tulisi mahdollisuuksien mukaan h\u00e4vitt\u00e4\u00e4, [&hellip;]<\/p>\n","protected":false},"author":826,"featured_media":0,"parent":0,"menu_order":0,"comment_status":"closed","ping_status":"closed","template":"","meta":{"_acf_changed":false,"footnotes":""},"class_list":["post-329","page","type-page","status-publish","hentry"],"acf":[],"yoast_head":"<!-- This site is optimized with the Yoast SEO plugin v27.1.1 - https:\/\/yoast.com\/product\/yoast-seo-wordpress\/ -->\n<title>Rapukantojen hoito - Rapukamu<\/title>\n<meta name=\"description\" content=\"Rapukantojen hoidon periaatteet: tue ja suojele jokipukantoja; est\u00e4 t\u00e4pl\u00e4ravun ja kapeasaksiravun levi\u00e4minen ja est\u00e4 rapuruton levi\u00e4minen.\" \/>\n<meta name=\"robots\" content=\"index, follow, max-snippet:-1, max-image-preview:large, max-video-preview:-1\" \/>\n<link rel=\"canonical\" href=\"https:\/\/sites.uef.fi\/rapukamu\/rapukantojen-hoito\/\" \/>\n<meta property=\"og:locale\" content=\"fi_FI\" \/>\n<meta property=\"og:type\" content=\"article\" \/>\n<meta property=\"og:title\" content=\"Rapukantojen hoito - Rapukamu\" \/>\n<meta property=\"og:description\" content=\"Rapukantojen hoidon periaatteet: tue ja suojele jokipukantoja; est\u00e4 t\u00e4pl\u00e4ravun ja kapeasaksiravun levi\u00e4minen ja est\u00e4 rapuruton levi\u00e4minen.\" \/>\n<meta property=\"og:url\" content=\"https:\/\/sites.uef.fi\/rapukamu\/rapukantojen-hoito\/\" \/>\n<meta property=\"og:site_name\" content=\"Rapukamu\" \/>\n<meta property=\"article:modified_time\" content=\"2023-12-14T16:15:53+00:00\" \/>\n<meta name=\"twitter:card\" content=\"summary_large_image\" \/>\n<meta name=\"twitter:label1\" content=\"Arvioitu lukuaika\" \/>\n\t<meta name=\"twitter:data1\" content=\"1 minuutti\" \/>\n<script type=\"application\/ld+json\" class=\"yoast-schema-graph\">{\"@context\":\"https:\/\/schema.org\",\"@graph\":[{\"@type\":\"WebPage\",\"@id\":\"https:\/\/sites.uef.fi\/rapukamu\/rapukantojen-hoito\/\",\"url\":\"https:\/\/sites.uef.fi\/rapukamu\/rapukantojen-hoito\/\",\"name\":\"Rapukantojen hoito - Rapukamu\",\"isPartOf\":{\"@id\":\"https:\/\/sites.uef.fi\/rapukamu\/#website\"},\"datePublished\":\"2022-05-31T12:18:48+00:00\",\"dateModified\":\"2023-12-14T16:15:53+00:00\",\"description\":\"Rapukantojen hoidon periaatteet: tue ja suojele jokipukantoja; est\u00e4 t\u00e4pl\u00e4ravun ja kapeasaksiravun levi\u00e4minen ja est\u00e4 rapuruton levi\u00e4minen.\",\"breadcrumb\":{\"@id\":\"https:\/\/sites.uef.fi\/rapukamu\/rapukantojen-hoito\/#breadcrumb\"},\"inLanguage\":\"fi\",\"potentialAction\":[{\"@type\":\"ReadAction\",\"target\":[\"https:\/\/sites.uef.fi\/rapukamu\/rapukantojen-hoito\/\"]}]},{\"@type\":\"BreadcrumbList\",\"@id\":\"https:\/\/sites.uef.fi\/rapukamu\/rapukantojen-hoito\/#breadcrumb\",\"itemListElement\":[{\"@type\":\"ListItem\",\"position\":1,\"name\":\"Home\",\"item\":\"https:\/\/sites.uef.fi\/rapukamu\/\"},{\"@type\":\"ListItem\",\"position\":2,\"name\":\"Rapukantojen hoito\"}]},{\"@type\":\"WebSite\",\"@id\":\"https:\/\/sites.uef.fi\/rapukamu\/#website\",\"url\":\"https:\/\/sites.uef.fi\/rapukamu\/\",\"name\":\"Rapukamu\",\"description\":\"\",\"potentialAction\":[{\"@type\":\"SearchAction\",\"target\":{\"@type\":\"EntryPoint\",\"urlTemplate\":\"https:\/\/sites.uef.fi\/rapukamu\/?s={search_term_string}\"},\"query-input\":{\"@type\":\"PropertyValueSpecification\",\"valueRequired\":true,\"valueName\":\"search_term_string\"}}],\"inLanguage\":\"fi\"}]}<\/script>\n<!-- \/ Yoast SEO plugin. -->","yoast_head_json":{"title":"Rapukantojen hoito - Rapukamu","description":"Rapukantojen hoidon periaatteet: tue ja suojele jokipukantoja; est\u00e4 t\u00e4pl\u00e4ravun ja kapeasaksiravun levi\u00e4minen ja est\u00e4 rapuruton levi\u00e4minen.","robots":{"index":"index","follow":"follow","max-snippet":"max-snippet:-1","max-image-preview":"max-image-preview:large","max-video-preview":"max-video-preview:-1"},"canonical":"https:\/\/sites.uef.fi\/rapukamu\/rapukantojen-hoito\/","og_locale":"fi_FI","og_type":"article","og_title":"Rapukantojen hoito - Rapukamu","og_description":"Rapukantojen hoidon periaatteet: tue ja suojele jokipukantoja; est\u00e4 t\u00e4pl\u00e4ravun ja kapeasaksiravun levi\u00e4minen ja est\u00e4 rapuruton levi\u00e4minen.","og_url":"https:\/\/sites.uef.fi\/rapukamu\/rapukantojen-hoito\/","og_site_name":"Rapukamu","article_modified_time":"2023-12-14T16:15:53+00:00","twitter_card":"summary_large_image","twitter_misc":{"Arvioitu lukuaika":"1 minuutti"},"schema":{"@context":"https:\/\/schema.org","@graph":[{"@type":"WebPage","@id":"https:\/\/sites.uef.fi\/rapukamu\/rapukantojen-hoito\/","url":"https:\/\/sites.uef.fi\/rapukamu\/rapukantojen-hoito\/","name":"Rapukantojen hoito - Rapukamu","isPartOf":{"@id":"https:\/\/sites.uef.fi\/rapukamu\/#website"},"datePublished":"2022-05-31T12:18:48+00:00","dateModified":"2023-12-14T16:15:53+00:00","description":"Rapukantojen hoidon periaatteet: tue ja suojele jokipukantoja; est\u00e4 t\u00e4pl\u00e4ravun ja kapeasaksiravun levi\u00e4minen ja est\u00e4 rapuruton levi\u00e4minen.","breadcrumb":{"@id":"https:\/\/sites.uef.fi\/rapukamu\/rapukantojen-hoito\/#breadcrumb"},"inLanguage":"fi","potentialAction":[{"@type":"ReadAction","target":["https:\/\/sites.uef.fi\/rapukamu\/rapukantojen-hoito\/"]}]},{"@type":"BreadcrumbList","@id":"https:\/\/sites.uef.fi\/rapukamu\/rapukantojen-hoito\/#breadcrumb","itemListElement":[{"@type":"ListItem","position":1,"name":"Home","item":"https:\/\/sites.uef.fi\/rapukamu\/"},{"@type":"ListItem","position":2,"name":"Rapukantojen hoito"}]},{"@type":"WebSite","@id":"https:\/\/sites.uef.fi\/rapukamu\/#website","url":"https:\/\/sites.uef.fi\/rapukamu\/","name":"Rapukamu","description":"","potentialAction":[{"@type":"SearchAction","target":{"@type":"EntryPoint","urlTemplate":"https:\/\/sites.uef.fi\/rapukamu\/?s={search_term_string}"},"query-input":{"@type":"PropertyValueSpecification","valueRequired":true,"valueName":"search_term_string"}}],"inLanguage":"fi"}]}},"_links":{"self":[{"href":"https:\/\/sites.uef.fi\/rapukamu\/wp-json\/wp\/v2\/pages\/329","targetHints":{"allow":["GET"]}}],"collection":[{"href":"https:\/\/sites.uef.fi\/rapukamu\/wp-json\/wp\/v2\/pages"}],"about":[{"href":"https:\/\/sites.uef.fi\/rapukamu\/wp-json\/wp\/v2\/types\/page"}],"author":[{"embeddable":true,"href":"https:\/\/sites.uef.fi\/rapukamu\/wp-json\/wp\/v2\/users\/826"}],"replies":[{"embeddable":true,"href":"https:\/\/sites.uef.fi\/rapukamu\/wp-json\/wp\/v2\/comments?post=329"}],"version-history":[{"count":2,"href":"https:\/\/sites.uef.fi\/rapukamu\/wp-json\/wp\/v2\/pages\/329\/revisions"}],"predecessor-version":[{"id":911,"href":"https:\/\/sites.uef.fi\/rapukamu\/wp-json\/wp\/v2\/pages\/329\/revisions\/911"}],"wp:attachment":[{"href":"https:\/\/sites.uef.fi\/rapukamu\/wp-json\/wp\/v2\/media?parent=329"}],"curies":[{"name":"wp","href":"https:\/\/api.w.org\/{rel}","templated":true}]}}